{"id":290099,"date":"2025-10-09T20:29:01","date_gmt":"2025-10-09T20:29:01","guid":{"rendered":"https:\/\/fashiongold.lt\/papuosalas\/040-ct-dimants-krasa-d-dzidrums-fl-augstakas-kvalitates-investiciju-dimants\/"},"modified":"2025-10-09T20:29:01","modified_gmt":"2025-10-09T20:29:01","slug":"040-ct-dimants-krasa-d-dzidrums-fl-augstakas-kvalitates-investiciju-dimants","status":"publish","type":"product","link":"https:\/\/fashiongold.lt\/lv\/papuosalas\/040-ct-dimants-krasa-d-dzidrums-fl-augstakas-kvalitates-investiciju-dimants\/","title":{"rendered":"0,40 ct dimants \u2013 Kr\u0101sa D Dzidrums FL Augst\u0101k\u0101s kvalit\u0101tes invest\u012bciju dimants"},"content":{"rendered":"<p>Ieg\u0101d\u0101jieties ekskluz\u012bvu invest\u012bciju 0,40 ct dimantu (briljantu) ar augst\u0101ko kr\u0101su D un nevainojamu t\u012br\u012bbu FL. \u0160is dimants ir unik\u0101las kvalit\u0101tes piem\u0113rs, kas atspogu\u013co j\u016bsu ekskluz\u012bvo invest\u012bciju strat\u0113\u0123iju.\u00a0<\/p>\n<p>M\u016bsu augst\u0101k\u0101s kvalit\u0101tes dimants izce\u013cas ar perfektu sl\u012bp\u0113jumu, pul\u0113jumu un simetriju, kas nodro\u0161ina maksim\u0101lu mirdzumu un sp\u012bdumu. T\u0101 ir invest\u012bcija, kas patie\u0161\u0101m ir j\u016bsu uzman\u012bbas un laika v\u0113rta. Lieliski piem\u0113rots greznam aksesu\u0101ram vai luksusa d\u0101vanai.\u00a0<\/p>\n<p>Invest\u0113jiet lielisk\u0101 0,40 ct dimant\u0101 ar kr\u0101su D un t\u012br\u012bbu FL, lai palielin\u0101tu sava invest\u012bciju portfe\u013ca v\u0113rt\u012bbu. Uzticieties m\u016bsu ekspertu komandai un s\u0101ciet ilgtermi\u0146a ce\u013cu ar \u0161o ekskluz\u012bvo invest\u012bciju dimantu.<\/p>\n<h4 style=\"box-sizing: border-box; font-family: Nunito; line-height: 1.1; color: #333333; margin: 0px 0px 15px; font-size: 18px; text-transform: uppercase;\">INFORM\u0100CIJA PAR dimantu:<\/h4>\n<ul style=\"box-sizing: border-box; margin-top: 0px; margin-bottom: 10px; color: #333333; font-family: Nunito; font-size: 15px;\">\n<li style=\"box-sizing: border-box;\">Akmens: Dab\u012bgs dimants (briljants)<\/li>\n<li style=\"box-sizing: border-box;\">Akmens forma: Apa\u013c\u0161 (57 \u0161\u0137autnes)<\/li>\n<li style=\"box-sizing: border-box;\">Akmens svars: 0,40 ct\u00a0<\/li>\n<li style=\"box-sizing: border-box;\">Izm\u0113rs: 4.73-4.77*2.9<\/li>\n<li style=\"box-sizing: border-box;\">Akmens kr\u0101sa: D (bezkr\u0101sains)<\/li>\n<li style=\"box-sizing: border-box;\">Akmens t\u012br\u012bba: FL<\/li>\n<li style=\"box-sizing: border-box;\">Sertifik\u0101ts (laboratorija): GIA<\/li>\n<li style=\"box-sizing: border-box;\">Sl\u012bp\u0113jums \/ Simetrija \/ Pul\u0113jums: Ex-Ex-Ex<\/li>\n<li style=\"box-sizing: border-box;\">Fluorescence: NON<\/li>\n<li style=\"box-sizing: border-box;\">Bezmaksas iepakojums.<\/li>\n<\/ul>\n","protected":false},"excerpt":{"rendered":"<p>Augst\u0101k\u0101s kvalit\u0101tes 0,40 ct invest\u012bciju dimants &#8211; Kr\u0101sa D, Dzidrums FL, perfekta dimanta apstr\u0101de<\/p>\n","protected":false},"featured_media":67414,"template":"","meta":{"site-sidebar-layout":"","site-content-layout":"","ast-site-content-layout":"","site-content-style":"","site-sidebar-style":"","ast-global-header-display":"","ast-banner-title-visibility":"","ast-main-header-display":"","ast-hfb-above-header-display":"","ast-hfb-below-header-display":"","ast-hfb-mobile-header-display":"","site-post-title":"","ast-breadcrumbs-content":"","ast-featured-img":"","footer-sml-layout":"","ast-disable-related-posts":"","theme-transparent-header-meta":"","adv-header-id-meta":"","stick-header-meta":"","header-above-stick-meta":"","header-main-stick-meta":"","header-below-stick-meta":"","astra-migrate-meta-layouts":"default","ast-page-background-enabled":"default","ast-page-background-meta":{"desktop":{"background-color":"var(--ast-global-color-4)","background-image":"","background-repeat":"repeat","background-position":"center center","background-size":"auto","background-attachment":"scroll","background-type":"","background-media":"","overlay-type":"","overlay-color":"","overlay-opacity":"","overlay-gradient":""},"tablet":{"background-color":"","background-image":"","background-repeat":"repeat","background-position":"center center","background-size":"auto","background-attachment":"scroll","background-type":"","background-media":"","overlay-type":"","overlay-color":"","overlay-opacity":"","overlay-gradient":""},"mobile":{"background-color":"","background-image":"","background-repeat":"repeat","background-position":"center center","background-size":"auto","background-attachment":"scroll","background-type":"","background-media":"","overlay-type":"","overlay-color":"","overlay-opacity":"","overlay-gradient":""}},"ast-content-background-meta":{"desktop":{"background-color":"var(--ast-global-color-5)","background-image":"","background-repeat":"repeat","background-position":"center center","background-size":"auto","background-attachment":"scroll","background-type":"","background-media":"","overlay-type":"","overlay-color":"","overlay-opacity":"","overlay-gradient":""},"tablet":{"background-color":"var(--ast-global-color-5)","background-image":"","background-repeat":"repeat","background-position":"center center","background-size":"auto","background-attachment":"scroll","background-type":"","background-media":"","overlay-type":"","overlay-color":"","overlay-opacity":"","overlay-gradient":""},"mobile":{"background-color":"var(--ast-global-color-5)","background-image":"","background-repeat":"repeat","background-position":"center center","background-size":"auto","background-attachment":"scroll","background-type":"","background-media":"","overlay-type":"","overlay-color":"","overlay-opacity":"","overlay-gradient":""}}},"product_brand":[],"product_cat":[2915,2913,2921,2920,3403,2916,2914,2917,3648,4094,3401,2922,2936,2918],"product_tag":[],"class_list":{"0":"post-290099","1":"product","2":"type-product","3":"status-publish","4":"has-post-thumbnail","6":"product_cat-davanas-berna-piedzimsanai","7":"product_cat-davanas-dzimsanas-diena","8":"product_cat-davanas-ipasiem-gadijumiem","9":"product_cat-davanas-izlaidumam","10":"product_cat-davanas-kazam","11":"product_cat-davanas-kazu-gadadiena","12":"product_cat-davanas-sievietem","13":"product_cat-davanas-viriesiem","14":"product_cat-dimanti-un-briljanti","15":"product_cat-investiciju-dimanti-briljanti","16":"product_cat-kristibu-davanas","17":"product_cat-mates-dienas-davanas","18":"product_cat-valentindienas-davanas","19":"product_cat-ziemassvetku-davanas","20":"desktop-align-center","21":"tablet-align-left","22":"mobile-align-left","23":"ast-product-gallery-layout-horizontal-slider","24":"ast-product-gallery-with-no-image","25":"ast-product-tabs-layout-accordion","26":"ast-qv-on-image","28":"first","29":"instock","30":"taxable","31":"shipping-taxable","32":"purchasable","33":"product-type-simple"},"yoast_head":"<!-- This site is optimized with the Yoast SEO plugin v26.6 - https:\/\/yoast.com\/wordpress\/plugins\/seo\/ -->\n<title>0,40 ct dimants \u2013 Kr\u0101sa D Dzidrums FL Augst\u0101k\u0101s kvalit\u0101tes invest\u012bciju dimants - FashionGold.lt<\/title>\n<meta name=\"robots\" content=\"index, follow, max-snippet:-1, max-image-preview:large, max-video-preview:-1\" \/>\n<link rel=\"canonical\" href=\"https:\/\/fashiongold.lt\/lv\/papuosalas\/040-ct-dimants-krasa-d-dzidrums-fl-augstakas-kvalitates-investiciju-dimants\/\" \/>\n<meta property=\"og:locale\" content=\"lv_LV\" \/>\n<meta property=\"og:type\" content=\"article\" \/>\n<meta property=\"og:title\" content=\"0,40 ct dimants \u2013 Kr\u0101sa D Dzidrums FL Augst\u0101k\u0101s kvalit\u0101tes invest\u012bciju dimants - FashionGold.lt\" \/>\n<meta property=\"og:description\" content=\"Augst\u0101k\u0101s kvalit\u0101tes 0,40 ct invest\u012bciju dimants - Kr\u0101sa D, Dzidrums FL, perfekta dimanta apstr\u0101de\" \/>\n<meta property=\"og:url\" content=\"https:\/\/fashiongold.lt\/lv\/papuosalas\/040-ct-dimants-krasa-d-dzidrums-fl-augstakas-kvalitates-investiciju-dimants\/\" \/>\n<meta property=\"og:site_name\" content=\"FashionGold.lt\" \/>\n<meta property=\"og:image\" content=\"https:\/\/fashiongold.lt\/wp-content\/uploads\/2025\/10\/3356-cd9-030-ct-deimantas-Spalva-D-Svarumas-FL.webp\" \/>\n\t<meta property=\"og:image:width\" content=\"524\" \/>\n\t<meta property=\"og:image:height\" content=\"474\" \/>\n\t<meta property=\"og:image:type\" content=\"image\/png\" \/>\n<meta name=\"twitter:card\" content=\"summary_large_image\" \/>\n<meta name=\"twitter:label1\" content=\"Est. reading time\" \/>\n\t<meta name=\"twitter:data1\" content=\"1 minute\" \/>\n<script type=\"application\/ld+json\" class=\"yoast-schema-graph\">{\"@context\":\"https:\/\/schema.org\",\"@graph\":[{\"@type\":\"WebPage\",\"@id\":\"https:\/\/fashiongold.lt\/lv\/papuosalas\/040-ct-dimants-krasa-d-dzidrums-fl-augstakas-kvalitates-investiciju-dimants\/\",\"url\":\"https:\/\/fashiongold.lt\/lv\/papuosalas\/040-ct-dimants-krasa-d-dzidrums-fl-augstakas-kvalitates-investiciju-dimants\/\",\"name\":\"0,40 ct dimants \u2013 Kr\u0101sa D Dzidrums FL Augst\u0101k\u0101s kvalit\u0101tes invest\u012bciju dimants - FashionGold.lt\",\"isPartOf\":{\"@id\":\"https:\/\/fashiongold.lt\/lv\/#website\"},\"primaryImageOfPage\":{\"@id\":\"https:\/\/fashiongold.lt\/lv\/papuosalas\/040-ct-dimants-krasa-d-dzidrums-fl-augstakas-kvalitates-investiciju-dimants\/#primaryimage\"},\"image\":{\"@id\":\"https:\/\/fashiongold.lt\/lv\/papuosalas\/040-ct-dimants-krasa-d-dzidrums-fl-augstakas-kvalitates-investiciju-dimants\/#primaryimage\"},\"thumbnailUrl\":\"https:\/\/fashiongold.lt\/wp-content\/uploads\/2025\/10\/3356-cd9-030-ct-deimantas-Spalva-D-Svarumas-FL.png\",\"datePublished\":\"2025-10-09T20:29:01+00:00\",\"breadcrumb\":{\"@id\":\"https:\/\/fashiongold.lt\/lv\/papuosalas\/040-ct-dimants-krasa-d-dzidrums-fl-augstakas-kvalitates-investiciju-dimants\/#breadcrumb\"},\"inLanguage\":\"lv-LV\",\"potentialAction\":[{\"@type\":\"ReadAction\",\"target\":[\"https:\/\/fashiongold.lt\/lv\/papuosalas\/040-ct-dimants-krasa-d-dzidrums-fl-augstakas-kvalitates-investiciju-dimants\/\"]}]},{\"@type\":\"ImageObject\",\"inLanguage\":\"lv-LV\",\"@id\":\"https:\/\/fashiongold.lt\/lv\/papuosalas\/040-ct-dimants-krasa-d-dzidrums-fl-augstakas-kvalitates-investiciju-dimants\/#primaryimage\",\"url\":\"https:\/\/fashiongold.lt\/wp-content\/uploads\/2025\/10\/3356-cd9-030-ct-deimantas-Spalva-D-Svarumas-FL.png\",\"contentUrl\":\"https:\/\/fashiongold.lt\/wp-content\/uploads\/2025\/10\/3356-cd9-030-ct-deimantas-Spalva-D-Svarumas-FL.png\",\"width\":524,\"height\":474},{\"@type\":\"BreadcrumbList\",\"@id\":\"https:\/\/fashiongold.lt\/lv\/papuosalas\/040-ct-dimants-krasa-d-dzidrums-fl-augstakas-kvalitates-investiciju-dimants\/#breadcrumb\",\"itemListElement\":[{\"@type\":\"ListItem\",\"position\":1,\"name\":\"Home\",\"item\":\"https:\/\/fashiongold.lt\/lv\/\"},{\"@type\":\"ListItem\",\"position\":2,\"name\":\"Dimantu veikals Fashiongold.lt\",\"item\":\"https:\/\/fashiongold.lt\/shop-2\/\"},{\"@type\":\"ListItem\",\"position\":3,\"name\":\"0,40 ct dimants \u2013 Kr\u0101sa D Dzidrums FL Augst\u0101k\u0101s kvalit\u0101tes invest\u012bciju dimants\"}]},{\"@type\":\"WebSite\",\"@id\":\"https:\/\/fashiongold.lt\/lv\/#website\",\"url\":\"https:\/\/fashiongold.lt\/lv\/\",\"name\":\"Fashion Gold\",\"description\":\"Juvelyrikos namai\",\"publisher\":{\"@id\":\"https:\/\/fashiongold.lt\/lv\/#organization\"},\"potentialAction\":[{\"@type\":\"SearchAction\",\"target\":{\"@type\":\"EntryPoint\",\"urlTemplate\":\"https:\/\/fashiongold.lt\/lv\/?s={search_term_string}\"},\"query-input\":{\"@type\":\"PropertyValueSpecification\",\"valueRequired\":true,\"valueName\":\"search_term_string\"}}],\"inLanguage\":\"lv-LV\"},{\"@type\":\"Organization\",\"@id\":\"https:\/\/fashiongold.lt\/lv\/#organization\",\"name\":\"Topdiamonds Online\",\"url\":\"https:\/\/fashiongold.lt\/lv\/\",\"logo\":{\"@type\":\"ImageObject\",\"inLanguage\":\"lv-LV\",\"@id\":\"https:\/\/fashiongold.lt\/lv\/#\/schema\/logo\/image\/\",\"url\":\"https:\/\/fashiongold.lt\/wp-content\/uploads\/2025\/04\/cropped-fashion_gold_logotipas2-scaled-1.png\",\"contentUrl\":\"https:\/\/fashiongold.lt\/wp-content\/uploads\/2025\/04\/cropped-fashion_gold_logotipas2-scaled-1.png\",\"width\":2559,\"height\":421,\"caption\":\"Topdiamonds Online\"},\"image\":{\"@id\":\"https:\/\/fashiongold.lt\/lv\/#\/schema\/logo\/image\/\"}}]}<\/script>\n<!-- \/ Yoast SEO plugin. -->","yoast_head_json":{"title":"0,40 ct dimants \u2013 Kr\u0101sa D Dzidrums FL Augst\u0101k\u0101s kvalit\u0101tes invest\u012bciju dimants - FashionGold.lt","robots":{"index":"index","follow":"follow","max-snippet":"max-snippet:-1","max-image-preview":"max-image-preview:large","max-video-preview":"max-video-preview:-1"},"canonical":"https:\/\/fashiongold.lt\/lv\/papuosalas\/040-ct-dimants-krasa-d-dzidrums-fl-augstakas-kvalitates-investiciju-dimants\/","og_locale":"lv_LV","og_type":"article","og_title":"0,40 ct dimants \u2013 Kr\u0101sa D Dzidrums FL Augst\u0101k\u0101s kvalit\u0101tes invest\u012bciju dimants - FashionGold.lt","og_description":"Augst\u0101k\u0101s kvalit\u0101tes 0,40 ct invest\u012bciju dimants - Kr\u0101sa D, Dzidrums FL, perfekta dimanta apstr\u0101de","og_url":"https:\/\/fashiongold.lt\/lv\/papuosalas\/040-ct-dimants-krasa-d-dzidrums-fl-augstakas-kvalitates-investiciju-dimants\/","og_site_name":"FashionGold.lt","og_image":[{"width":524,"height":474,"url":"https:\/\/fashiongold.lt\/wp-content\/uploads\/2025\/10\/3356-cd9-030-ct-deimantas-Spalva-D-Svarumas-FL.webp","type":"image\/png"}],"twitter_card":"summary_large_image","twitter_misc":{"Est. reading time":"1 minute"},"schema":{"@context":"https:\/\/schema.org","@graph":[{"@type":"WebPage","@id":"https:\/\/fashiongold.lt\/lv\/papuosalas\/040-ct-dimants-krasa-d-dzidrums-fl-augstakas-kvalitates-investiciju-dimants\/","url":"https:\/\/fashiongold.lt\/lv\/papuosalas\/040-ct-dimants-krasa-d-dzidrums-fl-augstakas-kvalitates-investiciju-dimants\/","name":"0,40 ct dimants \u2013 Kr\u0101sa D Dzidrums FL Augst\u0101k\u0101s kvalit\u0101tes invest\u012bciju dimants - FashionGold.lt","isPartOf":{"@id":"https:\/\/fashiongold.lt\/lv\/#website"},"primaryImageOfPage":{"@id":"https:\/\/fashiongold.lt\/lv\/papuosalas\/040-ct-dimants-krasa-d-dzidrums-fl-augstakas-kvalitates-investiciju-dimants\/#primaryimage"},"image":{"@id":"https:\/\/fashiongold.lt\/lv\/papuosalas\/040-ct-dimants-krasa-d-dzidrums-fl-augstakas-kvalitates-investiciju-dimants\/#primaryimage"},"thumbnailUrl":"https:\/\/fashiongold.lt\/wp-content\/uploads\/2025\/10\/3356-cd9-030-ct-deimantas-Spalva-D-Svarumas-FL.png","datePublished":"2025-10-09T20:29:01+00:00","breadcrumb":{"@id":"https:\/\/fashiongold.lt\/lv\/papuosalas\/040-ct-dimants-krasa-d-dzidrums-fl-augstakas-kvalitates-investiciju-dimants\/#breadcrumb"},"inLanguage":"lv-LV","potentialAction":[{"@type":"ReadAction","target":["https:\/\/fashiongold.lt\/lv\/papuosalas\/040-ct-dimants-krasa-d-dzidrums-fl-augstakas-kvalitates-investiciju-dimants\/"]}]},{"@type":"ImageObject","inLanguage":"lv-LV","@id":"https:\/\/fashiongold.lt\/lv\/papuosalas\/040-ct-dimants-krasa-d-dzidrums-fl-augstakas-kvalitates-investiciju-dimants\/#primaryimage","url":"https:\/\/fashiongold.lt\/wp-content\/uploads\/2025\/10\/3356-cd9-030-ct-deimantas-Spalva-D-Svarumas-FL.png","contentUrl":"https:\/\/fashiongold.lt\/wp-content\/uploads\/2025\/10\/3356-cd9-030-ct-deimantas-Spalva-D-Svarumas-FL.png","width":524,"height":474},{"@type":"BreadcrumbList","@id":"https:\/\/fashiongold.lt\/lv\/papuosalas\/040-ct-dimants-krasa-d-dzidrums-fl-augstakas-kvalitates-investiciju-dimants\/#breadcrumb","itemListElement":[{"@type":"ListItem","position":1,"name":"Home","item":"https:\/\/fashiongold.lt\/lv\/"},{"@type":"ListItem","position":2,"name":"Dimantu veikals Fashiongold.lt","item":"https:\/\/fashiongold.lt\/shop-2\/"},{"@type":"ListItem","position":3,"name":"0,40 ct dimants \u2013 Kr\u0101sa D Dzidrums FL Augst\u0101k\u0101s kvalit\u0101tes invest\u012bciju dimants"}]},{"@type":"WebSite","@id":"https:\/\/fashiongold.lt\/lv\/#website","url":"https:\/\/fashiongold.lt\/lv\/","name":"Fashion Gold","description":"Juvelyrikos namai","publisher":{"@id":"https:\/\/fashiongold.lt\/lv\/#organization"},"potentialAction":[{"@type":"SearchAction","target":{"@type":"EntryPoint","urlTemplate":"https:\/\/fashiongold.lt\/lv\/?s={search_term_string}"},"query-input":{"@type":"PropertyValueSpecification","valueRequired":true,"valueName":"search_term_string"}}],"inLanguage":"lv-LV"},{"@type":"Organization","@id":"https:\/\/fashiongold.lt\/lv\/#organization","name":"Topdiamonds Online","url":"https:\/\/fashiongold.lt\/lv\/","logo":{"@type":"ImageObject","inLanguage":"lv-LV","@id":"https:\/\/fashiongold.lt\/lv\/#\/schema\/logo\/image\/","url":"https:\/\/fashiongold.lt\/wp-content\/uploads\/2025\/04\/cropped-fashion_gold_logotipas2-scaled-1.png","contentUrl":"https:\/\/fashiongold.lt\/wp-content\/uploads\/2025\/04\/cropped-fashion_gold_logotipas2-scaled-1.png","width":2559,"height":421,"caption":"Topdiamonds Online"},"image":{"@id":"https:\/\/fashiongold.lt\/lv\/#\/schema\/logo\/image\/"}}]}},"_links":{"self":[{"href":"https:\/\/fashiongold.lt\/lv\/wp-json\/wp\/v2\/product\/290099","targetHints":{"allow":["GET"]}}],"collection":[{"href":"https:\/\/fashiongold.lt\/lv\/wp-json\/wp\/v2\/product"}],"about":[{"href":"https:\/\/fashiongold.lt\/lv\/wp-json\/wp\/v2\/types\/product"}],"version-history":[{"count":0,"href":"https:\/\/fashiongold.lt\/lv\/wp-json\/wp\/v2\/product\/290099\/revisions"}],"wp:featuredmedia":[{"embeddable":true,"href":"https:\/\/fashiongold.lt\/lv\/wp-json\/wp\/v2\/media\/67414"}],"wp:attachment":[{"href":"https:\/\/fashiongold.lt\/lv\/wp-json\/wp\/v2\/media?parent=290099"}],"wp:term":[{"taxonomy":"product_brand","embeddable":true,"href":"https:\/\/fashiongold.lt\/lv\/wp-json\/wp\/v2\/product_brand?post=290099"},{"taxonomy":"product_cat","embeddable":true,"href":"https:\/\/fashiongold.lt\/lv\/wp-json\/wp\/v2\/product_cat?post=290099"},{"taxonomy":"product_tag","embeddable":true,"href":"https:\/\/fashiongold.lt\/lv\/wp-json\/wp\/v2\/product_tag?post=290099"}],"curies":[{"name":"wp","href":"https:\/\/api.w.org\/{rel}","templated":true}]}}