{"id":290124,"date":"2025-10-09T20:29:01","date_gmt":"2025-10-09T20:29:01","guid":{"rendered":"https:\/\/fashiongold.lt\/papuosalas\/030-ct-dimants-krasa-h-dzidrums-vvs2-nevainojams-mirdzums-un-elegance\/"},"modified":"2025-10-09T20:29:01","modified_gmt":"2025-10-09T20:29:01","slug":"030-ct-dimants-krasa-h-dzidrums-vvs2-nevainojams-mirdzums-un-elegance","status":"publish","type":"product","link":"https:\/\/fashiongold.lt\/lv\/papuosalas\/030-ct-dimants-krasa-h-dzidrums-vvs2-nevainojams-mirdzums-un-elegance\/","title":{"rendered":"0,30 ct dimants \u2013 Kr\u0101sa H Dzidrums VVS2 Nevainojams mirdzums un elegance"},"content":{"rendered":"<p>Pied\u0101v\u0101jam lielisku 0,30 ct dimantu, kura kr\u0101sa ir H (balta), dzidrums VVS2, kas apburs j\u016bsu sirdi ar savu eleganci un \u0161armu. \u0160is dimants, kam rakstur\u012bga augsta kr\u0101sas kvalit\u0101te, liks jums justies \u012bpa\u0161i. T\u0101 lielisk\u0101 apstr\u0101de nodro\u0161in\u0101s, ka \u0161is briljants mirdz\u0113s spo\u017ei un piesaist\u012bs ikvienu skatienu. T\u0101 ir lieliska invest\u012bcija, kas atspogu\u013co j\u016bsu stilu un unikalit\u0101ti. M\u016bsu pieredze un profesionalit\u0101te nodro\u0161in\u0101s, ka ieg\u0101d\u0101tais dimants atbild\u012bs j\u016bsu augstaj\u0101m gaid\u0101m. Uzticieties m\u016bsu komandai un s\u0101ciet luksusa mirk\u013cu ce\u013cojumu ar \u0161o neatk\u0101rtojamo 0,30 ct dimantu.\u00a0<\/p>\n<h4 style=\"box-sizing: border-box; font-family: Nunito; line-height: 1.1; color: #333333; margin: 0px 0px 15px; font-size: 18px; text-transform: uppercase;\">INFORM\u0100CIJA PAR dimantu:<\/h4>\n<ul style=\"box-sizing: border-box; margin-top: 0px; margin-bottom: 10px; color: #333333; font-family: Nunito; font-size: 15px;\">\n<li style=\"box-sizing: border-box;\">Akmens: Dab\u012bgs dimants (briljants)<\/li>\n<li style=\"box-sizing: border-box;\">Akmens forma: Apa\u013ca (57 \u0161\u0137autnes)<\/li>\n<li style=\"box-sizing: border-box;\">Akmens svars: 0,30 ct\u00a0<\/li>\n<li style=\"box-sizing: border-box;\">Izm\u0113rs: 4.41-4.43&#215;2.60<\/li>\n<li style=\"box-sizing: border-box;\">Akmens kr\u0101sa: H<\/li>\n<li style=\"box-sizing: border-box;\">Akmens dzidrums: VVS2<\/li>\n<li style=\"box-sizing: border-box;\">Sertifik\u0101ts (laboratorija): GIA<\/li>\n<li style=\"box-sizing: border-box;\">Apstr\u0101de \/ Simetrija \/ Pul\u0113\u0161ana: EX-VG-VG<\/li>\n<li style=\"box-sizing: border-box;\">Fluorescence: FNT<\/li>\n<li style=\"box-sizing: border-box;\">Bezmaksas iepakojums.<\/li>\n<\/ul>\n","protected":false},"excerpt":{"rendered":"<p>Br\u012bni\u0161\u0137\u012bgs apa\u013cas formas dimants: Iegrimstiet pasaul\u0113, kur\u0101 satiekas luksuss un mirdzums.<\/p>\n","protected":false},"featured_media":67367,"template":"","meta":{"site-sidebar-layout":"","site-content-layout":"","ast-site-content-layout":"","site-content-style":"","site-sidebar-style":"","ast-global-header-display":"","ast-banner-title-visibility":"","ast-main-header-display":"","ast-hfb-above-header-display":"","ast-hfb-below-header-display":"","ast-hfb-mobile-header-display":"","site-post-title":"","ast-breadcrumbs-content":"","ast-featured-img":"","footer-sml-layout":"","ast-disable-related-posts":"","theme-transparent-header-meta":"","adv-header-id-meta":"","stick-header-meta":"","header-above-stick-meta":"","header-main-stick-meta":"","header-below-stick-meta":"","astra-migrate-meta-layouts":"default","ast-page-background-enabled":"default","ast-page-background-meta":{"desktop":{"background-color":"var(--ast-global-color-4)","background-image":"","background-repeat":"repeat","background-position":"center center","background-size":"auto","background-attachment":"scroll","background-type":"","background-media":"","overlay-type":"","overlay-color":"","overlay-opacity":"","overlay-gradient":""},"tablet":{"background-color":"","background-image":"","background-repeat":"repeat","background-position":"center center","background-size":"auto","background-attachment":"scroll","background-type":"","background-media":"","overlay-type":"","overlay-color":"","overlay-opacity":"","overlay-gradient":""},"mobile":{"background-color":"","background-image":"","background-repeat":"repeat","background-position":"center center","background-size":"auto","background-attachment":"scroll","background-type":"","background-media":"","overlay-type":"","overlay-color":"","overlay-opacity":"","overlay-gradient":""}},"ast-content-background-meta":{"desktop":{"background-color":"var(--ast-global-color-5)","background-image":"","background-repeat":"repeat","background-position":"center center","background-size":"auto","background-attachment":"scroll","background-type":"","background-media":"","overlay-type":"","overlay-color":"","overlay-opacity":"","overlay-gradient":""},"tablet":{"background-color":"var(--ast-global-color-5)","background-image":"","background-repeat":"repeat","background-position":"center center","background-size":"auto","background-attachment":"scroll","background-type":"","background-media":"","overlay-type":"","overlay-color":"","overlay-opacity":"","overlay-gradient":""},"mobile":{"background-color":"var(--ast-global-color-5)","background-image":"","background-repeat":"repeat","background-position":"center center","background-size":"auto","background-attachment":"scroll","background-type":"","background-media":"","overlay-type":"","overlay-color":"","overlay-opacity":"","overlay-gradient":""}}},"product_brand":[],"product_cat":[2915,2913,2921,2920,3403,2916,2914,2917,3648,3401,2922,2936,2918],"product_tag":[],"class_list":{"0":"post-290124","1":"product","2":"type-product","3":"status-publish","4":"has-post-thumbnail","6":"product_cat-davanas-berna-piedzimsanai","7":"product_cat-davanas-dzimsanas-diena","8":"product_cat-davanas-ipasiem-gadijumiem","9":"product_cat-davanas-izlaidumam","10":"product_cat-davanas-kazam","11":"product_cat-davanas-kazu-gadadiena","12":"product_cat-davanas-sievietem","13":"product_cat-davanas-viriesiem","14":"product_cat-dimanti-un-briljanti","15":"product_cat-kristibu-davanas","16":"product_cat-mates-dienas-davanas","17":"product_cat-valentindienas-davanas","18":"product_cat-ziemassvetku-davanas","19":"desktop-align-center","20":"tablet-align-left","21":"mobile-align-left","22":"ast-product-gallery-layout-horizontal-slider","23":"ast-product-gallery-with-no-image","24":"ast-product-tabs-layout-accordion","25":"ast-qv-on-image","27":"first","28":"instock","29":"taxable","30":"shipping-taxable","31":"purchasable","32":"product-type-simple"},"yoast_head":"<!-- This site is optimized with the Yoast SEO plugin v26.6 - https:\/\/yoast.com\/wordpress\/plugins\/seo\/ -->\n<title>0,30 ct dimants \u2013 Kr\u0101sa H Dzidrums VVS2 Nevainojams mirdzums un elegance - FashionGold.lt<\/title>\n<meta name=\"robots\" content=\"index, follow, max-snippet:-1, max-image-preview:large, max-video-preview:-1\" \/>\n<link rel=\"canonical\" href=\"https:\/\/fashiongold.lt\/lv\/papuosalas\/030-ct-dimants-krasa-h-dzidrums-vvs2-nevainojams-mirdzums-un-elegance\/\" \/>\n<meta property=\"og:locale\" content=\"lv_LV\" \/>\n<meta property=\"og:type\" content=\"article\" \/>\n<meta property=\"og:title\" content=\"0,30 ct dimants \u2013 Kr\u0101sa H Dzidrums VVS2 Nevainojams mirdzums un elegance - FashionGold.lt\" \/>\n<meta property=\"og:description\" content=\"Br\u012bni\u0161\u0137\u012bgs apa\u013cas formas dimants: Iegrimstiet pasaul\u0113, kur\u0101 satiekas luksuss un mirdzums.\" \/>\n<meta property=\"og:url\" content=\"https:\/\/fashiongold.lt\/lv\/papuosalas\/030-ct-dimants-krasa-h-dzidrums-vvs2-nevainojams-mirdzums-un-elegance\/\" \/>\n<meta property=\"og:site_name\" content=\"FashionGold.lt\" \/>\n<meta property=\"og:image\" content=\"https:\/\/fashiongold.lt\/wp-content\/uploads\/2025\/10\/3346-9d6-030-ct-deimantas-Spalva-H-Svarumas-VVS2.webp\" \/>\n\t<meta property=\"og:image:width\" content=\"458\" \/>\n\t<meta property=\"og:image:height\" content=\"399\" \/>\n\t<meta property=\"og:image:type\" content=\"image\/png\" \/>\n<meta name=\"twitter:card\" content=\"summary_large_image\" \/>\n<meta name=\"twitter:label1\" content=\"Est. reading time\" \/>\n\t<meta name=\"twitter:data1\" content=\"1 minute\" \/>\n<script type=\"application\/ld+json\" class=\"yoast-schema-graph\">{\"@context\":\"https:\/\/schema.org\",\"@graph\":[{\"@type\":\"WebPage\",\"@id\":\"https:\/\/fashiongold.lt\/lv\/papuosalas\/030-ct-dimants-krasa-h-dzidrums-vvs2-nevainojams-mirdzums-un-elegance\/\",\"url\":\"https:\/\/fashiongold.lt\/lv\/papuosalas\/030-ct-dimants-krasa-h-dzidrums-vvs2-nevainojams-mirdzums-un-elegance\/\",\"name\":\"0,30 ct dimants \u2013 Kr\u0101sa H Dzidrums VVS2 Nevainojams mirdzums un elegance - FashionGold.lt\",\"isPartOf\":{\"@id\":\"https:\/\/fashiongold.lt\/lv\/#website\"},\"primaryImageOfPage\":{\"@id\":\"https:\/\/fashiongold.lt\/lv\/papuosalas\/030-ct-dimants-krasa-h-dzidrums-vvs2-nevainojams-mirdzums-un-elegance\/#primaryimage\"},\"image\":{\"@id\":\"https:\/\/fashiongold.lt\/lv\/papuosalas\/030-ct-dimants-krasa-h-dzidrums-vvs2-nevainojams-mirdzums-un-elegance\/#primaryimage\"},\"thumbnailUrl\":\"https:\/\/fashiongold.lt\/wp-content\/uploads\/2025\/10\/3346-9d6-030-ct-deimantas-Spalva-H-Svarumas-VVS2.png\",\"datePublished\":\"2025-10-09T20:29:01+00:00\",\"breadcrumb\":{\"@id\":\"https:\/\/fashiongold.lt\/lv\/papuosalas\/030-ct-dimants-krasa-h-dzidrums-vvs2-nevainojams-mirdzums-un-elegance\/#breadcrumb\"},\"inLanguage\":\"lv-LV\",\"potentialAction\":[{\"@type\":\"ReadAction\",\"target\":[\"https:\/\/fashiongold.lt\/lv\/papuosalas\/030-ct-dimants-krasa-h-dzidrums-vvs2-nevainojams-mirdzums-un-elegance\/\"]}]},{\"@type\":\"ImageObject\",\"inLanguage\":\"lv-LV\",\"@id\":\"https:\/\/fashiongold.lt\/lv\/papuosalas\/030-ct-dimants-krasa-h-dzidrums-vvs2-nevainojams-mirdzums-un-elegance\/#primaryimage\",\"url\":\"https:\/\/fashiongold.lt\/wp-content\/uploads\/2025\/10\/3346-9d6-030-ct-deimantas-Spalva-H-Svarumas-VVS2.png\",\"contentUrl\":\"https:\/\/fashiongold.lt\/wp-content\/uploads\/2025\/10\/3346-9d6-030-ct-deimantas-Spalva-H-Svarumas-VVS2.png\",\"width\":458,\"height\":399},{\"@type\":\"BreadcrumbList\",\"@id\":\"https:\/\/fashiongold.lt\/lv\/papuosalas\/030-ct-dimants-krasa-h-dzidrums-vvs2-nevainojams-mirdzums-un-elegance\/#breadcrumb\",\"itemListElement\":[{\"@type\":\"ListItem\",\"position\":1,\"name\":\"Home\",\"item\":\"https:\/\/fashiongold.lt\/lv\/\"},{\"@type\":\"ListItem\",\"position\":2,\"name\":\"Dimantu veikals Fashiongold.lt\",\"item\":\"https:\/\/fashiongold.lt\/shop-2\/\"},{\"@type\":\"ListItem\",\"position\":3,\"name\":\"0,30 ct dimants \u2013 Kr\u0101sa H Dzidrums VVS2 Nevainojams mirdzums un elegance\"}]},{\"@type\":\"WebSite\",\"@id\":\"https:\/\/fashiongold.lt\/lv\/#website\",\"url\":\"https:\/\/fashiongold.lt\/lv\/\",\"name\":\"Fashion Gold\",\"description\":\"Juvelyrikos namai\",\"publisher\":{\"@id\":\"https:\/\/fashiongold.lt\/lv\/#organization\"},\"potentialAction\":[{\"@type\":\"SearchAction\",\"target\":{\"@type\":\"EntryPoint\",\"urlTemplate\":\"https:\/\/fashiongold.lt\/lv\/?s={search_term_string}\"},\"query-input\":{\"@type\":\"PropertyValueSpecification\",\"valueRequired\":true,\"valueName\":\"search_term_string\"}}],\"inLanguage\":\"lv-LV\"},{\"@type\":\"Organization\",\"@id\":\"https:\/\/fashiongold.lt\/lv\/#organization\",\"name\":\"Topdiamonds Online\",\"url\":\"https:\/\/fashiongold.lt\/lv\/\",\"logo\":{\"@type\":\"ImageObject\",\"inLanguage\":\"lv-LV\",\"@id\":\"https:\/\/fashiongold.lt\/lv\/#\/schema\/logo\/image\/\",\"url\":\"https:\/\/fashiongold.lt\/wp-content\/uploads\/2025\/04\/cropped-fashion_gold_logotipas2-scaled-1.png\",\"contentUrl\":\"https:\/\/fashiongold.lt\/wp-content\/uploads\/2025\/04\/cropped-fashion_gold_logotipas2-scaled-1.png\",\"width\":2559,\"height\":421,\"caption\":\"Topdiamonds Online\"},\"image\":{\"@id\":\"https:\/\/fashiongold.lt\/lv\/#\/schema\/logo\/image\/\"}}]}<\/script>\n<!-- \/ Yoast SEO plugin. -->","yoast_head_json":{"title":"0,30 ct dimants \u2013 Kr\u0101sa H Dzidrums VVS2 Nevainojams mirdzums un elegance - FashionGold.lt","robots":{"index":"index","follow":"follow","max-snippet":"max-snippet:-1","max-image-preview":"max-image-preview:large","max-video-preview":"max-video-preview:-1"},"canonical":"https:\/\/fashiongold.lt\/lv\/papuosalas\/030-ct-dimants-krasa-h-dzidrums-vvs2-nevainojams-mirdzums-un-elegance\/","og_locale":"lv_LV","og_type":"article","og_title":"0,30 ct dimants \u2013 Kr\u0101sa H Dzidrums VVS2 Nevainojams mirdzums un elegance - FashionGold.lt","og_description":"Br\u012bni\u0161\u0137\u012bgs apa\u013cas formas dimants: Iegrimstiet pasaul\u0113, kur\u0101 satiekas luksuss un mirdzums.","og_url":"https:\/\/fashiongold.lt\/lv\/papuosalas\/030-ct-dimants-krasa-h-dzidrums-vvs2-nevainojams-mirdzums-un-elegance\/","og_site_name":"FashionGold.lt","og_image":[{"width":458,"height":399,"url":"https:\/\/fashiongold.lt\/wp-content\/uploads\/2025\/10\/3346-9d6-030-ct-deimantas-Spalva-H-Svarumas-VVS2.webp","type":"image\/png"}],"twitter_card":"summary_large_image","twitter_misc":{"Est. reading time":"1 minute"},"schema":{"@context":"https:\/\/schema.org","@graph":[{"@type":"WebPage","@id":"https:\/\/fashiongold.lt\/lv\/papuosalas\/030-ct-dimants-krasa-h-dzidrums-vvs2-nevainojams-mirdzums-un-elegance\/","url":"https:\/\/fashiongold.lt\/lv\/papuosalas\/030-ct-dimants-krasa-h-dzidrums-vvs2-nevainojams-mirdzums-un-elegance\/","name":"0,30 ct dimants \u2013 Kr\u0101sa H Dzidrums VVS2 Nevainojams mirdzums un elegance - FashionGold.lt","isPartOf":{"@id":"https:\/\/fashiongold.lt\/lv\/#website"},"primaryImageOfPage":{"@id":"https:\/\/fashiongold.lt\/lv\/papuosalas\/030-ct-dimants-krasa-h-dzidrums-vvs2-nevainojams-mirdzums-un-elegance\/#primaryimage"},"image":{"@id":"https:\/\/fashiongold.lt\/lv\/papuosalas\/030-ct-dimants-krasa-h-dzidrums-vvs2-nevainojams-mirdzums-un-elegance\/#primaryimage"},"thumbnailUrl":"https:\/\/fashiongold.lt\/wp-content\/uploads\/2025\/10\/3346-9d6-030-ct-deimantas-Spalva-H-Svarumas-VVS2.png","datePublished":"2025-10-09T20:29:01+00:00","breadcrumb":{"@id":"https:\/\/fashiongold.lt\/lv\/papuosalas\/030-ct-dimants-krasa-h-dzidrums-vvs2-nevainojams-mirdzums-un-elegance\/#breadcrumb"},"inLanguage":"lv-LV","potentialAction":[{"@type":"ReadAction","target":["https:\/\/fashiongold.lt\/lv\/papuosalas\/030-ct-dimants-krasa-h-dzidrums-vvs2-nevainojams-mirdzums-un-elegance\/"]}]},{"@type":"ImageObject","inLanguage":"lv-LV","@id":"https:\/\/fashiongold.lt\/lv\/papuosalas\/030-ct-dimants-krasa-h-dzidrums-vvs2-nevainojams-mirdzums-un-elegance\/#primaryimage","url":"https:\/\/fashiongold.lt\/wp-content\/uploads\/2025\/10\/3346-9d6-030-ct-deimantas-Spalva-H-Svarumas-VVS2.png","contentUrl":"https:\/\/fashiongold.lt\/wp-content\/uploads\/2025\/10\/3346-9d6-030-ct-deimantas-Spalva-H-Svarumas-VVS2.png","width":458,"height":399},{"@type":"BreadcrumbList","@id":"https:\/\/fashiongold.lt\/lv\/papuosalas\/030-ct-dimants-krasa-h-dzidrums-vvs2-nevainojams-mirdzums-un-elegance\/#breadcrumb","itemListElement":[{"@type":"ListItem","position":1,"name":"Home","item":"https:\/\/fashiongold.lt\/lv\/"},{"@type":"ListItem","position":2,"name":"Dimantu veikals Fashiongold.lt","item":"https:\/\/fashiongold.lt\/shop-2\/"},{"@type":"ListItem","position":3,"name":"0,30 ct dimants \u2013 Kr\u0101sa H Dzidrums VVS2 Nevainojams mirdzums un elegance"}]},{"@type":"WebSite","@id":"https:\/\/fashiongold.lt\/lv\/#website","url":"https:\/\/fashiongold.lt\/lv\/","name":"Fashion Gold","description":"Juvelyrikos namai","publisher":{"@id":"https:\/\/fashiongold.lt\/lv\/#organization"},"potentialAction":[{"@type":"SearchAction","target":{"@type":"EntryPoint","urlTemplate":"https:\/\/fashiongold.lt\/lv\/?s={search_term_string}"},"query-input":{"@type":"PropertyValueSpecification","valueRequired":true,"valueName":"search_term_string"}}],"inLanguage":"lv-LV"},{"@type":"Organization","@id":"https:\/\/fashiongold.lt\/lv\/#organization","name":"Topdiamonds Online","url":"https:\/\/fashiongold.lt\/lv\/","logo":{"@type":"ImageObject","inLanguage":"lv-LV","@id":"https:\/\/fashiongold.lt\/lv\/#\/schema\/logo\/image\/","url":"https:\/\/fashiongold.lt\/wp-content\/uploads\/2025\/04\/cropped-fashion_gold_logotipas2-scaled-1.png","contentUrl":"https:\/\/fashiongold.lt\/wp-content\/uploads\/2025\/04\/cropped-fashion_gold_logotipas2-scaled-1.png","width":2559,"height":421,"caption":"Topdiamonds Online"},"image":{"@id":"https:\/\/fashiongold.lt\/lv\/#\/schema\/logo\/image\/"}}]}},"_links":{"self":[{"href":"https:\/\/fashiongold.lt\/lv\/wp-json\/wp\/v2\/product\/290124","targetHints":{"allow":["GET"]}}],"collection":[{"href":"https:\/\/fashiongold.lt\/lv\/wp-json\/wp\/v2\/product"}],"about":[{"href":"https:\/\/fashiongold.lt\/lv\/wp-json\/wp\/v2\/types\/product"}],"version-history":[{"count":0,"href":"https:\/\/fashiongold.lt\/lv\/wp-json\/wp\/v2\/product\/290124\/revisions"}],"wp:featuredmedia":[{"embeddable":true,"href":"https:\/\/fashiongold.lt\/lv\/wp-json\/wp\/v2\/media\/67367"}],"wp:attachment":[{"href":"https:\/\/fashiongold.lt\/lv\/wp-json\/wp\/v2\/media?parent=290124"}],"wp:term":[{"taxonomy":"product_brand","embeddable":true,"href":"https:\/\/fashiongold.lt\/lv\/wp-json\/wp\/v2\/product_brand?post=290124"},{"taxonomy":"product_cat","embeddable":true,"href":"https:\/\/fashiongold.lt\/lv\/wp-json\/wp\/v2\/product_cat?post=290124"},{"taxonomy":"product_tag","embeddable":true,"href":"https:\/\/fashiongold.lt\/lv\/wp-json\/wp\/v2\/product_tag?post=290124"}],"curies":[{"name":"wp","href":"https:\/\/api.w.org\/{rel}","templated":true}]}}