{"id":290249,"date":"2025-10-09T20:22:11","date_gmt":"2025-10-09T20:22:11","guid":{"rendered":"https:\/\/fashiongold.lt\/papuosalas\/saderinasanas-gredzens-greznums-dzeltena-zelta-ar-smaragdu\/"},"modified":"2026-02-17T13:36:28","modified_gmt":"2026-02-17T13:36:28","slug":"saderinasanas-gredzens-greznums-dzeltena-zelta-ar-smaragdu","status":"publish","type":"product","link":"https:\/\/fashiongold.lt\/lv\/papuosalas\/saderinasanas-gredzens-greznums-dzeltena-zelta-ar-smaragdu\/","title":{"rendered":"Saderin\u0101\u0161an\u0101s gredzens \u201eGreznums\u201d (dzelten\u0101 zelta) ar smaragdu"},"content":{"rendered":"<p><span>\u201eFashion Gold\u201d juvelieru meistaru rad\u012btais saderin\u0101\u0161an\u0101s gredzens ir \u012bpa\u0161i augstas kvalit\u0101tes, ar Lietuvas Prove\u0161anas pal\u0101tas sertifik\u0101tu par \u013coti pievilc\u012bgu cenu. \u0160\u012b ir rotaslieta, ko var nodot no paaudzes paaudz\u0113 k\u0101 \u0123imenes relikviju, jo ne zelts, ne \u012bsti d\u0101rgakme\u0146i nekad nezaud\u0113 savu v\u0113rt\u012bbu. \u0160o zelta gredzenu var pas\u016bt\u012bt gan salon\u0101, gan internet\u0101.\u00a0<\/span><\/p>\n<p>Saderin\u0101\u0161an\u0101s gredzena svars &#8211; 2,20-2,60 g<\/p>\n<p>Zelta kr\u0101sa &#8211;\u00a0balta<\/p>\n<p><span>Smaragds &#8211; 0,40 ct<\/span><\/p>\n<p><span>Briljanti &#8211;\u00a0<span>0,08 ct kr\u0101sa H, dzidrums SI<\/span><\/span><\/p>\n<p><span>P\u0113c rotaslietas pas\u016bt\u012b\u0161anas m\u0113s to pieg\u0101d\u0101sim 7-14 darba dienu laik\u0101.\u00a0<\/span><\/p>\n<p><span>Iesp\u0113jama bezmaksas grav\u0113\u0161ana. Gredzens sa\u0146em Lietuvas Prove\u0161anas pal\u0101tas sertifik\u0101tu.<\/span><\/p>\n<p><span>Saderin\u0101\u0161an\u0101s gredzeni ir viena no \u201eFashion Gold&#8221; darb\u012bbas jom\u0101m. Salon\u0101 atrad\u012bsiet ar\u012b laul\u012bbu gredzenus, rotaslietas sieviet\u0113m, v\u012brie\u0161iem, b\u0113rniem da\u017e\u0101dos gad\u012bjumos, mon\u0113tas, zelta stie\u0146us.<\/span><\/p>\n<p><span>PIED\u0100V\u0100JAM SADERIN\u0100\u0160AN\u0100S GREDZENUS UN CITAS ROTASLIETAS P\u0112C PAS\u016aT\u012aJUMA UN J\u016aSU INDIVIDU\u0100LAJ\u0100M V\u0112LM\u0112M. SAZINIETIES info@fashiongold.lt<\/span><\/p><\/p>\n","protected":false},"excerpt":{"rendered":"<p><span>Dzelten\u0101 zelta (varam izgatavot no citas kr\u0101sas zelta) saderin\u0101\u0161an\u0101s gredzens ar \u012bstu smaragdu \u2013 bildiniet savu m\u012b\u013coto, un \u0161\u012b rota visu m\u016b\u017eu atg\u0101din\u0101s par \u0161o \u012bpa\u0161o br\u012bdi.<\/span><\/p>\n","protected":false},"featured_media":66804,"template":"","meta":{"site-sidebar-layout":"","site-content-layout":"","ast-site-content-layout":"","site-content-style":"","site-sidebar-style":"","ast-global-header-display":"","ast-banner-title-visibility":"","ast-main-header-display":"","ast-hfb-above-header-display":"","ast-hfb-below-header-display":"","ast-hfb-mobile-header-display":"","site-post-title":"","ast-breadcrumbs-content":"","ast-featured-img":"","footer-sml-layout":"","ast-disable-related-posts":"","theme-transparent-header-meta":"","adv-header-id-meta":"","stick-header-meta":"","header-above-stick-meta":"","header-main-stick-meta":"","header-below-stick-meta":"","astra-migrate-meta-layouts":"default","ast-page-background-enabled":"default","ast-page-background-meta":{"desktop":{"background-color":"var(--ast-global-color-4)","background-image":"","background-repeat":"repeat","background-position":"center center","background-size":"auto","background-attachment":"scroll","background-type":"","background-media":"","overlay-type":"","overlay-color":"","overlay-opacity":"","overlay-gradient":""},"tablet":{"background-color":"","background-image":"","background-repeat":"repeat","background-position":"center center","background-size":"auto","background-attachment":"scroll","background-type":"","background-media":"","overlay-type":"","overlay-color":"","overlay-opacity":"","overlay-gradient":""},"mobile":{"background-color":"","background-image":"","background-repeat":"repeat","background-position":"center center","background-size":"auto","background-attachment":"scroll","background-type":"","background-media":"","overlay-type":"","overlay-color":"","overlay-opacity":"","overlay-gradient":""}},"ast-content-background-meta":{"desktop":{"background-color":"var(--ast-global-color-5)","background-image":"","background-repeat":"repeat","background-position":"center center","background-size":"auto","background-attachment":"scroll","background-type":"","background-media":"","overlay-type":"","overlay-color":"","overlay-opacity":"","overlay-gradient":""},"tablet":{"background-color":"var(--ast-global-color-5)","background-image":"","background-repeat":"repeat","background-position":"center center","background-size":"auto","background-attachment":"scroll","background-type":"","background-media":"","overlay-type":"","overlay-color":"","overlay-opacity":"","overlay-gradient":""},"mobile":{"background-color":"var(--ast-global-color-5)","background-image":"","background-repeat":"repeat","background-position":"center center","background-size":"auto","background-attachment":"scroll","background-type":"","background-media":"","overlay-type":"","overlay-color":"","overlay-opacity":"","overlay-gradient":""}}},"product_brand":[],"product_cat":[3481],"product_tag":[],"class_list":{"0":"post-290249","1":"product","2":"type-product","3":"status-publish","4":"has-post-thumbnail","6":"product_cat-izpardosana","7":"desktop-align-center","8":"tablet-align-left","9":"mobile-align-left","10":"ast-product-gallery-layout-horizontal-slider","11":"ast-product-gallery-with-no-image","12":"ast-product-single-variable","13":"ast-product-tabs-layout-accordion","14":"ast-qv-on-image","16":"first","17":"instock","18":"taxable","19":"shipping-taxable","20":"purchasable","21":"product-type-variable"},"yoast_head":"<!-- This site is optimized with the Yoast SEO plugin v26.6 - https:\/\/yoast.com\/wordpress\/plugins\/seo\/ -->\n<title>Saderin\u0101\u0161an\u0101s gredzens \u201eLuksuss\u201c ar smaragdu<\/title>\n<meta name=\"robots\" content=\"index, follow, max-snippet:-1, max-image-preview:large, max-video-preview:-1\" \/>\n<link rel=\"canonical\" href=\"https:\/\/fashiongold.lt\/lv\/papuosalas\/saderinasanas-gredzens-greznums-dzeltena-zelta-ar-smaragdu\/\" \/>\n<meta property=\"og:locale\" content=\"lv_LV\" \/>\n<meta property=\"og:type\" content=\"article\" \/>\n<meta property=\"og:title\" content=\"Saderin\u0101\u0161an\u0101s gredzens \u201eLuksuss\u201c ar smaragdu\" \/>\n<meta property=\"og:description\" content=\"Dzelten\u0101 zelta (varam izgatavot no citas kr\u0101sas zelta) saderin\u0101\u0161an\u0101s gredzens ar \u012bstu smaragdu \u2013 bildiniet savu m\u012b\u013coto, un \u0161\u012b rota visu m\u016b\u017eu atg\u0101din\u0101s par \u0161o \u012bpa\u0161o br\u012bdi.\" \/>\n<meta property=\"og:url\" content=\"https:\/\/fashiongold.lt\/lv\/papuosalas\/saderinasanas-gredzens-greznums-dzeltena-zelta-ar-smaragdu\/\" \/>\n<meta property=\"og:site_name\" content=\"FashionGold.lt\" \/>\n<meta property=\"article:modified_time\" content=\"2026-02-17T13:36:28+00:00\" \/>\n<meta property=\"og:image\" content=\"https:\/\/fashiongold.lt\/wp-content\/uploads\/2025\/10\/3216-6e7-Suzadetuviu-ziedas-Prabanga-geltono-aukso-su-smaragdu.webp\" \/>\n\t<meta property=\"og:image:width\" content=\"800\" \/>\n\t<meta property=\"og:image:height\" content=\"800\" \/>\n\t<meta property=\"og:image:type\" content=\"image\/jpeg\" \/>\n<meta name=\"twitter:card\" content=\"summary_large_image\" \/>\n<meta name=\"twitter:label1\" content=\"Est. reading time\" \/>\n\t<meta name=\"twitter:data1\" content=\"1 minute\" \/>\n<script type=\"application\/ld+json\" class=\"yoast-schema-graph\">{\"@context\":\"https:\/\/schema.org\",\"@graph\":[{\"@type\":\"WebPage\",\"@id\":\"https:\/\/fashiongold.lt\/lv\/papuosalas\/saderinasanas-gredzens-greznums-dzeltena-zelta-ar-smaragdu\/\",\"url\":\"https:\/\/fashiongold.lt\/lv\/papuosalas\/saderinasanas-gredzens-greznums-dzeltena-zelta-ar-smaragdu\/\",\"name\":\"Saderin\u0101\u0161an\u0101s gredzens \u201eLuksuss\u201c ar smaragdu\",\"isPartOf\":{\"@id\":\"https:\/\/fashiongold.lt\/lv\/#website\"},\"primaryImageOfPage\":{\"@id\":\"https:\/\/fashiongold.lt\/lv\/papuosalas\/saderinasanas-gredzens-greznums-dzeltena-zelta-ar-smaragdu\/#primaryimage\"},\"image\":{\"@id\":\"https:\/\/fashiongold.lt\/lv\/papuosalas\/saderinasanas-gredzens-greznums-dzeltena-zelta-ar-smaragdu\/#primaryimage\"},\"thumbnailUrl\":\"https:\/\/fashiongold.lt\/wp-content\/uploads\/2025\/10\/3216-6e7-Suzadetuviu-ziedas-Prabanga-geltono-aukso-su-smaragdu.jpg\",\"datePublished\":\"2025-10-09T20:22:11+00:00\",\"dateModified\":\"2026-02-17T13:36:28+00:00\",\"breadcrumb\":{\"@id\":\"https:\/\/fashiongold.lt\/lv\/papuosalas\/saderinasanas-gredzens-greznums-dzeltena-zelta-ar-smaragdu\/#breadcrumb\"},\"inLanguage\":\"lv-LV\",\"potentialAction\":[{\"@type\":\"ReadAction\",\"target\":[\"https:\/\/fashiongold.lt\/lv\/papuosalas\/saderinasanas-gredzens-greznums-dzeltena-zelta-ar-smaragdu\/\"]}]},{\"@type\":\"ImageObject\",\"inLanguage\":\"lv-LV\",\"@id\":\"https:\/\/fashiongold.lt\/lv\/papuosalas\/saderinasanas-gredzens-greznums-dzeltena-zelta-ar-smaragdu\/#primaryimage\",\"url\":\"https:\/\/fashiongold.lt\/wp-content\/uploads\/2025\/10\/3216-6e7-Suzadetuviu-ziedas-Prabanga-geltono-aukso-su-smaragdu.jpg\",\"contentUrl\":\"https:\/\/fashiongold.lt\/wp-content\/uploads\/2025\/10\/3216-6e7-Suzadetuviu-ziedas-Prabanga-geltono-aukso-su-smaragdu.jpg\",\"width\":800,\"height\":800},{\"@type\":\"BreadcrumbList\",\"@id\":\"https:\/\/fashiongold.lt\/lv\/papuosalas\/saderinasanas-gredzens-greznums-dzeltena-zelta-ar-smaragdu\/#breadcrumb\",\"itemListElement\":[{\"@type\":\"ListItem\",\"position\":1,\"name\":\"Home\",\"item\":\"https:\/\/fashiongold.lt\/lv\/\"},{\"@type\":\"ListItem\",\"position\":2,\"name\":\"Dimantu veikals Fashiongold.lt\",\"item\":\"https:\/\/fashiongold.lt\/shop-2\/\"},{\"@type\":\"ListItem\",\"position\":3,\"name\":\"Saderin\u0101\u0161an\u0101s gredzens \u201eGreznums\u201d (dzelten\u0101 zelta) ar smaragdu\"}]},{\"@type\":\"WebSite\",\"@id\":\"https:\/\/fashiongold.lt\/lv\/#website\",\"url\":\"https:\/\/fashiongold.lt\/lv\/\",\"name\":\"Fashion Gold\",\"description\":\"Juvelyrikos namai\",\"publisher\":{\"@id\":\"https:\/\/fashiongold.lt\/lv\/#organization\"},\"potentialAction\":[{\"@type\":\"SearchAction\",\"target\":{\"@type\":\"EntryPoint\",\"urlTemplate\":\"https:\/\/fashiongold.lt\/lv\/?s={search_term_string}\"},\"query-input\":{\"@type\":\"PropertyValueSpecification\",\"valueRequired\":true,\"valueName\":\"search_term_string\"}}],\"inLanguage\":\"lv-LV\"},{\"@type\":\"Organization\",\"@id\":\"https:\/\/fashiongold.lt\/lv\/#organization\",\"name\":\"Topdiamonds Online\",\"url\":\"https:\/\/fashiongold.lt\/lv\/\",\"logo\":{\"@type\":\"ImageObject\",\"inLanguage\":\"lv-LV\",\"@id\":\"https:\/\/fashiongold.lt\/lv\/#\/schema\/logo\/image\/\",\"url\":\"https:\/\/fashiongold.lt\/wp-content\/uploads\/2025\/04\/cropped-fashion_gold_logotipas2-scaled-1.png\",\"contentUrl\":\"https:\/\/fashiongold.lt\/wp-content\/uploads\/2025\/04\/cropped-fashion_gold_logotipas2-scaled-1.png\",\"width\":2559,\"height\":421,\"caption\":\"Topdiamonds Online\"},\"image\":{\"@id\":\"https:\/\/fashiongold.lt\/lv\/#\/schema\/logo\/image\/\"}}]}<\/script>\n<!-- \/ Yoast SEO plugin. -->","yoast_head_json":{"title":"Saderin\u0101\u0161an\u0101s gredzens \u201eLuksuss\u201c ar smaragdu","robots":{"index":"index","follow":"follow","max-snippet":"max-snippet:-1","max-image-preview":"max-image-preview:large","max-video-preview":"max-video-preview:-1"},"canonical":"https:\/\/fashiongold.lt\/lv\/papuosalas\/saderinasanas-gredzens-greznums-dzeltena-zelta-ar-smaragdu\/","og_locale":"lv_LV","og_type":"article","og_title":"Saderin\u0101\u0161an\u0101s gredzens \u201eLuksuss\u201c ar smaragdu","og_description":"Dzelten\u0101 zelta (varam izgatavot no citas kr\u0101sas zelta) saderin\u0101\u0161an\u0101s gredzens ar \u012bstu smaragdu \u2013 bildiniet savu m\u012b\u013coto, un \u0161\u012b rota visu m\u016b\u017eu atg\u0101din\u0101s par \u0161o \u012bpa\u0161o br\u012bdi.","og_url":"https:\/\/fashiongold.lt\/lv\/papuosalas\/saderinasanas-gredzens-greznums-dzeltena-zelta-ar-smaragdu\/","og_site_name":"FashionGold.lt","article_modified_time":"2026-02-17T13:36:28+00:00","og_image":[{"width":800,"height":800,"url":"https:\/\/fashiongold.lt\/wp-content\/uploads\/2025\/10\/3216-6e7-Suzadetuviu-ziedas-Prabanga-geltono-aukso-su-smaragdu.webp","type":"image\/jpeg"}],"twitter_card":"summary_large_image","twitter_misc":{"Est. reading time":"1 minute"},"schema":{"@context":"https:\/\/schema.org","@graph":[{"@type":"WebPage","@id":"https:\/\/fashiongold.lt\/lv\/papuosalas\/saderinasanas-gredzens-greznums-dzeltena-zelta-ar-smaragdu\/","url":"https:\/\/fashiongold.lt\/lv\/papuosalas\/saderinasanas-gredzens-greznums-dzeltena-zelta-ar-smaragdu\/","name":"Saderin\u0101\u0161an\u0101s gredzens \u201eLuksuss\u201c ar smaragdu","isPartOf":{"@id":"https:\/\/fashiongold.lt\/lv\/#website"},"primaryImageOfPage":{"@id":"https:\/\/fashiongold.lt\/lv\/papuosalas\/saderinasanas-gredzens-greznums-dzeltena-zelta-ar-smaragdu\/#primaryimage"},"image":{"@id":"https:\/\/fashiongold.lt\/lv\/papuosalas\/saderinasanas-gredzens-greznums-dzeltena-zelta-ar-smaragdu\/#primaryimage"},"thumbnailUrl":"https:\/\/fashiongold.lt\/wp-content\/uploads\/2025\/10\/3216-6e7-Suzadetuviu-ziedas-Prabanga-geltono-aukso-su-smaragdu.jpg","datePublished":"2025-10-09T20:22:11+00:00","dateModified":"2026-02-17T13:36:28+00:00","breadcrumb":{"@id":"https:\/\/fashiongold.lt\/lv\/papuosalas\/saderinasanas-gredzens-greznums-dzeltena-zelta-ar-smaragdu\/#breadcrumb"},"inLanguage":"lv-LV","potentialAction":[{"@type":"ReadAction","target":["https:\/\/fashiongold.lt\/lv\/papuosalas\/saderinasanas-gredzens-greznums-dzeltena-zelta-ar-smaragdu\/"]}]},{"@type":"ImageObject","inLanguage":"lv-LV","@id":"https:\/\/fashiongold.lt\/lv\/papuosalas\/saderinasanas-gredzens-greznums-dzeltena-zelta-ar-smaragdu\/#primaryimage","url":"https:\/\/fashiongold.lt\/wp-content\/uploads\/2025\/10\/3216-6e7-Suzadetuviu-ziedas-Prabanga-geltono-aukso-su-smaragdu.jpg","contentUrl":"https:\/\/fashiongold.lt\/wp-content\/uploads\/2025\/10\/3216-6e7-Suzadetuviu-ziedas-Prabanga-geltono-aukso-su-smaragdu.jpg","width":800,"height":800},{"@type":"BreadcrumbList","@id":"https:\/\/fashiongold.lt\/lv\/papuosalas\/saderinasanas-gredzens-greznums-dzeltena-zelta-ar-smaragdu\/#breadcrumb","itemListElement":[{"@type":"ListItem","position":1,"name":"Home","item":"https:\/\/fashiongold.lt\/lv\/"},{"@type":"ListItem","position":2,"name":"Dimantu veikals Fashiongold.lt","item":"https:\/\/fashiongold.lt\/shop-2\/"},{"@type":"ListItem","position":3,"name":"Saderin\u0101\u0161an\u0101s gredzens \u201eGreznums\u201d (dzelten\u0101 zelta) ar smaragdu"}]},{"@type":"WebSite","@id":"https:\/\/fashiongold.lt\/lv\/#website","url":"https:\/\/fashiongold.lt\/lv\/","name":"Fashion Gold","description":"Juvelyrikos namai","publisher":{"@id":"https:\/\/fashiongold.lt\/lv\/#organization"},"potentialAction":[{"@type":"SearchAction","target":{"@type":"EntryPoint","urlTemplate":"https:\/\/fashiongold.lt\/lv\/?s={search_term_string}"},"query-input":{"@type":"PropertyValueSpecification","valueRequired":true,"valueName":"search_term_string"}}],"inLanguage":"lv-LV"},{"@type":"Organization","@id":"https:\/\/fashiongold.lt\/lv\/#organization","name":"Topdiamonds Online","url":"https:\/\/fashiongold.lt\/lv\/","logo":{"@type":"ImageObject","inLanguage":"lv-LV","@id":"https:\/\/fashiongold.lt\/lv\/#\/schema\/logo\/image\/","url":"https:\/\/fashiongold.lt\/wp-content\/uploads\/2025\/04\/cropped-fashion_gold_logotipas2-scaled-1.png","contentUrl":"https:\/\/fashiongold.lt\/wp-content\/uploads\/2025\/04\/cropped-fashion_gold_logotipas2-scaled-1.png","width":2559,"height":421,"caption":"Topdiamonds Online"},"image":{"@id":"https:\/\/fashiongold.lt\/lv\/#\/schema\/logo\/image\/"}}]}},"_links":{"self":[{"href":"https:\/\/fashiongold.lt\/lv\/wp-json\/wp\/v2\/product\/290249","targetHints":{"allow":["GET"]}}],"collection":[{"href":"https:\/\/fashiongold.lt\/lv\/wp-json\/wp\/v2\/product"}],"about":[{"href":"https:\/\/fashiongold.lt\/lv\/wp-json\/wp\/v2\/types\/product"}],"version-history":[{"count":0,"href":"https:\/\/fashiongold.lt\/lv\/wp-json\/wp\/v2\/product\/290249\/revisions"}],"wp:featuredmedia":[{"embeddable":true,"href":"https:\/\/fashiongold.lt\/lv\/wp-json\/wp\/v2\/media\/66804"}],"wp:attachment":[{"href":"https:\/\/fashiongold.lt\/lv\/wp-json\/wp\/v2\/media?parent=290249"}],"wp:term":[{"taxonomy":"product_brand","embeddable":true,"href":"https:\/\/fashiongold.lt\/lv\/wp-json\/wp\/v2\/product_brand?post=290249"},{"taxonomy":"product_cat","embeddable":true,"href":"https:\/\/fashiongold.lt\/lv\/wp-json\/wp\/v2\/product_cat?post=290249"},{"taxonomy":"product_tag","embeddable":true,"href":"https:\/\/fashiongold.lt\/lv\/wp-json\/wp\/v2\/product_tag?post=290249"}],"curies":[{"name":"wp","href":"https:\/\/api.w.org\/{rel}","templated":true}]}}