{"id":290419,"date":"2025-10-09T20:16:38","date_gmt":"2025-10-09T20:16:38","guid":{"rendered":"https:\/\/fashiongold.lt\/papuosalas\/sarkana-diega-aproce-sirsnina-ar-dimantu\/"},"modified":"2026-02-17T13:39:26","modified_gmt":"2026-02-17T13:39:26","slug":"sarkana-diega-aproce-sirsnina-ar-dimantu","status":"publish","type":"product","link":"https:\/\/fashiongold.lt\/lv\/rotaslieta\/sarkana-diega-aproce-sirsnina-ar-dimantu\/","title":{"rendered":"Sarkan\u0101 diega aproce \u201eSirsni\u0146a\u201c ar dimantu"},"content":{"rendered":"<p>Dzelten\u0101 zelta (585. prove) rokasspr\u0101dze, kuras garums ir regul\u0113jams, rot\u0101ta ar \u012bstu dimantu 0,005 ct, kr\u0101sa W(H), dzidrums Si.<\/p>\n<p><span>Rokasspr\u0101dze ir prov\u0113ta Lietuvas Prob\u0113\u0161anas pal\u0101t\u0101, dimantiem ir sertifik\u0101ts.<\/span><\/p>\n","protected":false},"excerpt":{"rendered":"<p>Sarkan\u0101 diega aproce ar sirds simbolu, kas rot\u0101ts ar \u012bstu dimantu.<\/p>\n","protected":false},"featured_media":66105,"template":"","meta":{"site-sidebar-layout":"","site-content-layout":"","ast-site-content-layout":"","site-content-style":"","site-sidebar-style":"","ast-global-header-display":"","ast-banner-title-visibility":"","ast-main-header-display":"","ast-hfb-above-header-display":"","ast-hfb-below-header-display":"","ast-hfb-mobile-header-display":"","site-post-title":"","ast-breadcrumbs-content":"","ast-featured-img":"","footer-sml-layout":"","ast-disable-related-posts":"","theme-transparent-header-meta":"","adv-header-id-meta":"","stick-header-meta":"","header-above-stick-meta":"","header-main-stick-meta":"","header-below-stick-meta":"","astra-migrate-meta-layouts":"default","ast-page-background-enabled":"default","ast-page-background-meta":{"desktop":{"background-color":"var(--ast-global-color-4)","background-image":"","background-repeat":"repeat","background-position":"center center","background-size":"auto","background-attachment":"scroll","background-type":"","background-media":"","overlay-type":"","overlay-color":"","overlay-opacity":"","overlay-gradient":""},"tablet":{"background-color":"","background-image":"","background-repeat":"repeat","background-position":"center center","background-size":"auto","background-attachment":"scroll","background-type":"","background-media":"","overlay-type":"","overlay-color":"","overlay-opacity":"","overlay-gradient":""},"mobile":{"background-color":"","background-image":"","background-repeat":"repeat","background-position":"center center","background-size":"auto","background-attachment":"scroll","background-type":"","background-media":"","overlay-type":"","overlay-color":"","overlay-opacity":"","overlay-gradient":""}},"ast-content-background-meta":{"desktop":{"background-color":"var(--ast-global-color-5)","background-image":"","background-repeat":"repeat","background-position":"center center","background-size":"auto","background-attachment":"scroll","background-type":"","background-media":"","overlay-type":"","overlay-color":"","overlay-opacity":"","overlay-gradient":""},"tablet":{"background-color":"var(--ast-global-color-5)","background-image":"","background-repeat":"repeat","background-position":"center center","background-size":"auto","background-attachment":"scroll","background-type":"","background-media":"","overlay-type":"","overlay-color":"","overlay-opacity":"","overlay-gradient":""},"mobile":{"background-color":"var(--ast-global-color-5)","background-image":"","background-repeat":"repeat","background-position":"center center","background-size":"auto","background-attachment":"scroll","background-type":"","background-media":"","overlay-type":"","overlay-color":"","overlay-opacity":"","overlay-gradient":""}}},"product_brand":[],"product_cat":[2921,3403,2916,2914,3042,2922,3557,2936],"product_tag":[],"class_list":{"0":"post-290419","1":"product","2":"type-product","3":"status-publish","4":"has-post-thumbnail","6":"product_cat-davanas-ipasiem-gadijumiem","7":"product_cat-davanas-kazam","8":"product_cat-davanas-kazu-gadadiena","9":"product_cat-davanas-sievietem","10":"product_cat-juvelierizstradajumi","11":"product_cat-mates-dienas-davanas","12":"product_cat-sarkana-diega-rokasspradzes","13":"product_cat-valentindienas-davanas","14":"desktop-align-center","15":"tablet-align-left","16":"mobile-align-left","17":"ast-product-gallery-layout-horizontal-slider","18":"ast-product-gallery-with-no-image","19":"ast-product-tabs-layout-accordion","20":"ast-qv-on-image","22":"first","23":"instock","24":"taxable","25":"shipping-taxable","26":"purchasable","27":"product-type-simple"},"yoast_head":"<!-- This site is optimized with the Yoast SEO plugin v26.6 - https:\/\/yoast.com\/wordpress\/plugins\/seo\/ -->\n<title>Sarkana diega rokasspr\u0101dze \u201eSirsni\u0146a\u201c ar dimantu<\/title>\n<meta name=\"description\" content=\"Dzelten\u0101 zelta (585. prove) rokasspr\u0101dze, kuras garums ir regul\u0113jams, rot\u0101ta ar \u012bstu dimantu 0,005 ct, kr\u0101sa W(H), dzidrums Si. Rokasspr\u0101dze ir prov\u0113ta Lietuvas Provju pal\u0101t\u0101, dimantiem ir sertifik\u0101ts.\" \/>\n<meta name=\"robots\" content=\"index, follow, max-snippet:-1, max-image-preview:large, max-video-preview:-1\" \/>\n<link rel=\"canonical\" href=\"https:\/\/fashiongold.lt\/lv\/rotaslieta\/sarkana-diega-aproce-sirsnina-ar-dimantu\/\" \/>\n<meta property=\"og:locale\" content=\"lv_LV\" \/>\n<meta property=\"og:type\" content=\"article\" \/>\n<meta property=\"og:title\" content=\"Sarkana diega rokasspr\u0101dze \u201eSirsni\u0146a\u201c ar dimantu\" \/>\n<meta property=\"og:description\" content=\"Dzelten\u0101 zelta (585. prove) rokasspr\u0101dze, kuras garums ir regul\u0113jams, rot\u0101ta ar \u012bstu dimantu 0,005 ct, kr\u0101sa W(H), dzidrums Si. Rokasspr\u0101dze ir prov\u0113ta Lietuvas Provju pal\u0101t\u0101, dimantiem ir sertifik\u0101ts.\" \/>\n<meta property=\"og:url\" content=\"https:\/\/fashiongold.lt\/lv\/rotaslieta\/sarkana-diega-aproce-sirsnina-ar-dimantu\/\" \/>\n<meta property=\"og:site_name\" content=\"FashionGold.lt\" \/>\n<meta property=\"article:modified_time\" content=\"2026-02-17T13:39:26+00:00\" \/>\n<meta property=\"og:image\" content=\"https:\/\/fashiongold.lt\/wp-content\/uploads\/2025\/10\/2756-42b-Raudono-siulo-apyranke-su-deimantu.jpg\" \/>\n\t<meta property=\"og:image:width\" content=\"1000\" \/>\n\t<meta property=\"og:image:height\" content=\"1000\" \/>\n\t<meta property=\"og:image:type\" content=\"image\/jpeg\" \/>\n<meta name=\"twitter:card\" content=\"summary_large_image\" \/>\n<script type=\"application\/ld+json\" class=\"yoast-schema-graph\">{\"@context\":\"https:\/\/schema.org\",\"@graph\":[{\"@type\":\"WebPage\",\"@id\":\"https:\/\/fashiongold.lt\/lv\/rotaslieta\/sarkana-diega-aproce-sirsnina-ar-dimantu\/\",\"url\":\"https:\/\/fashiongold.lt\/lv\/rotaslieta\/sarkana-diega-aproce-sirsnina-ar-dimantu\/\",\"name\":\"Sarkana diega rokasspr\u0101dze \u201eSirsni\u0146a\u201c ar dimantu\",\"isPartOf\":{\"@id\":\"https:\/\/fashiongold.lt\/lv\/#website\"},\"primaryImageOfPage\":{\"@id\":\"https:\/\/fashiongold.lt\/lv\/rotaslieta\/sarkana-diega-aproce-sirsnina-ar-dimantu\/#primaryimage\"},\"image\":{\"@id\":\"https:\/\/fashiongold.lt\/lv\/rotaslieta\/sarkana-diega-aproce-sirsnina-ar-dimantu\/#primaryimage\"},\"thumbnailUrl\":\"https:\/\/fashiongold.lt\/wp-content\/uploads\/2025\/10\/2756-42b-Raudono-siulo-apyranke-su-deimantu.jpg\",\"datePublished\":\"2025-10-09T20:16:38+00:00\",\"dateModified\":\"2026-02-17T13:39:26+00:00\",\"description\":\"Dzelten\u0101 zelta (585. prove) rokasspr\u0101dze, kuras garums ir regul\u0113jams, rot\u0101ta ar \u012bstu dimantu 0,005 ct, kr\u0101sa W(H), dzidrums Si. Rokasspr\u0101dze ir prov\u0113ta Lietuvas Provju pal\u0101t\u0101, dimantiem ir sertifik\u0101ts.\",\"breadcrumb\":{\"@id\":\"https:\/\/fashiongold.lt\/lv\/rotaslieta\/sarkana-diega-aproce-sirsnina-ar-dimantu\/#breadcrumb\"},\"inLanguage\":\"lv-LV\",\"potentialAction\":[{\"@type\":\"ReadAction\",\"target\":[\"https:\/\/fashiongold.lt\/lv\/rotaslieta\/sarkana-diega-aproce-sirsnina-ar-dimantu\/\"]}]},{\"@type\":\"ImageObject\",\"inLanguage\":\"lv-LV\",\"@id\":\"https:\/\/fashiongold.lt\/lv\/rotaslieta\/sarkana-diega-aproce-sirsnina-ar-dimantu\/#primaryimage\",\"url\":\"https:\/\/fashiongold.lt\/wp-content\/uploads\/2025\/10\/2756-42b-Raudono-siulo-apyranke-su-deimantu.jpg\",\"contentUrl\":\"https:\/\/fashiongold.lt\/wp-content\/uploads\/2025\/10\/2756-42b-Raudono-siulo-apyranke-su-deimantu.jpg\",\"width\":1000,\"height\":1000},{\"@type\":\"BreadcrumbList\",\"@id\":\"https:\/\/fashiongold.lt\/lv\/rotaslieta\/sarkana-diega-aproce-sirsnina-ar-dimantu\/#breadcrumb\",\"itemListElement\":[{\"@type\":\"ListItem\",\"position\":1,\"name\":\"Home\",\"item\":\"https:\/\/fashiongold.lt\/lv\/\"},{\"@type\":\"ListItem\",\"position\":2,\"name\":\"Dimantu veikals Fashiongold.lt\",\"item\":\"https:\/\/fashiongold.lt\/shop-2\/\"},{\"@type\":\"ListItem\",\"position\":3,\"name\":\"Sarkan\u0101 diega aproce \u201eSirsni\u0146a\u201c ar dimantu\"}]},{\"@type\":\"WebSite\",\"@id\":\"https:\/\/fashiongold.lt\/lv\/#website\",\"url\":\"https:\/\/fashiongold.lt\/lv\/\",\"name\":\"Fashion Gold\",\"description\":\"Juvelierizstr\u0101d\u0101jumu nams\",\"publisher\":{\"@id\":\"https:\/\/fashiongold.lt\/lv\/#organization\"},\"potentialAction\":[{\"@type\":\"SearchAction\",\"target\":{\"@type\":\"EntryPoint\",\"urlTemplate\":\"https:\/\/fashiongold.lt\/lv\/?s={search_term_string}\"},\"query-input\":{\"@type\":\"PropertyValueSpecification\",\"valueRequired\":true,\"valueName\":\"search_term_string\"}}],\"inLanguage\":\"lv-LV\"},{\"@type\":\"Organization\",\"@id\":\"https:\/\/fashiongold.lt\/lv\/#organization\",\"name\":\"Topdiamonds Online\",\"url\":\"https:\/\/fashiongold.lt\/lv\/\",\"logo\":{\"@type\":\"ImageObject\",\"inLanguage\":\"lv-LV\",\"@id\":\"https:\/\/fashiongold.lt\/lv\/#\/schema\/logo\/image\/\",\"url\":\"https:\/\/fashiongold.lt\/wp-content\/uploads\/2025\/04\/cropped-fashion_gold_logotipas2-scaled-1.png\",\"contentUrl\":\"https:\/\/fashiongold.lt\/wp-content\/uploads\/2025\/04\/cropped-fashion_gold_logotipas2-scaled-1.png\",\"width\":2559,\"height\":421,\"caption\":\"Topdiamonds Online\"},\"image\":{\"@id\":\"https:\/\/fashiongold.lt\/lv\/#\/schema\/logo\/image\/\"}}]}<\/script>\n<!-- \/ Yoast SEO plugin. -->","yoast_head_json":{"title":"Sarkana diega rokasspr\u0101dze \u201eSirsni\u0146a\u201c ar dimantu","description":"Dzelten\u0101 zelta (585. prove) rokasspr\u0101dze, kuras garums ir regul\u0113jams, rot\u0101ta ar \u012bstu dimantu 0,005 ct, kr\u0101sa W(H), dzidrums Si. Rokasspr\u0101dze ir prov\u0113ta Lietuvas Provju pal\u0101t\u0101, dimantiem ir sertifik\u0101ts.","robots":{"index":"index","follow":"follow","max-snippet":"max-snippet:-1","max-image-preview":"max-image-preview:large","max-video-preview":"max-video-preview:-1"},"canonical":"https:\/\/fashiongold.lt\/lv\/rotaslieta\/sarkana-diega-aproce-sirsnina-ar-dimantu\/","og_locale":"lv_LV","og_type":"article","og_title":"Sarkana diega rokasspr\u0101dze \u201eSirsni\u0146a\u201c ar dimantu","og_description":"Dzelten\u0101 zelta (585. prove) rokasspr\u0101dze, kuras garums ir regul\u0113jams, rot\u0101ta ar \u012bstu dimantu 0,005 ct, kr\u0101sa W(H), dzidrums Si. Rokasspr\u0101dze ir prov\u0113ta Lietuvas Provju pal\u0101t\u0101, dimantiem ir sertifik\u0101ts.","og_url":"https:\/\/fashiongold.lt\/lv\/rotaslieta\/sarkana-diega-aproce-sirsnina-ar-dimantu\/","og_site_name":"FashionGold.lt","article_modified_time":"2026-02-17T13:39:26+00:00","og_image":[{"width":1000,"height":1000,"url":"https:\/\/fashiongold.lt\/wp-content\/uploads\/2025\/10\/2756-42b-Raudono-siulo-apyranke-su-deimantu.jpg","type":"image\/jpeg"}],"twitter_card":"summary_large_image","schema":{"@context":"https:\/\/schema.org","@graph":[{"@type":"WebPage","@id":"https:\/\/fashiongold.lt\/lv\/rotaslieta\/sarkana-diega-aproce-sirsnina-ar-dimantu\/","url":"https:\/\/fashiongold.lt\/lv\/rotaslieta\/sarkana-diega-aproce-sirsnina-ar-dimantu\/","name":"Sarkana diega rokasspr\u0101dze \u201eSirsni\u0146a\u201c ar dimantu","isPartOf":{"@id":"https:\/\/fashiongold.lt\/lv\/#website"},"primaryImageOfPage":{"@id":"https:\/\/fashiongold.lt\/lv\/rotaslieta\/sarkana-diega-aproce-sirsnina-ar-dimantu\/#primaryimage"},"image":{"@id":"https:\/\/fashiongold.lt\/lv\/rotaslieta\/sarkana-diega-aproce-sirsnina-ar-dimantu\/#primaryimage"},"thumbnailUrl":"https:\/\/fashiongold.lt\/wp-content\/uploads\/2025\/10\/2756-42b-Raudono-siulo-apyranke-su-deimantu.jpg","datePublished":"2025-10-09T20:16:38+00:00","dateModified":"2026-02-17T13:39:26+00:00","description":"Dzelten\u0101 zelta (585. prove) rokasspr\u0101dze, kuras garums ir regul\u0113jams, rot\u0101ta ar \u012bstu dimantu 0,005 ct, kr\u0101sa W(H), dzidrums Si. Rokasspr\u0101dze ir prov\u0113ta Lietuvas Provju pal\u0101t\u0101, dimantiem ir sertifik\u0101ts.","breadcrumb":{"@id":"https:\/\/fashiongold.lt\/lv\/rotaslieta\/sarkana-diega-aproce-sirsnina-ar-dimantu\/#breadcrumb"},"inLanguage":"lv-LV","potentialAction":[{"@type":"ReadAction","target":["https:\/\/fashiongold.lt\/lv\/rotaslieta\/sarkana-diega-aproce-sirsnina-ar-dimantu\/"]}]},{"@type":"ImageObject","inLanguage":"lv-LV","@id":"https:\/\/fashiongold.lt\/lv\/rotaslieta\/sarkana-diega-aproce-sirsnina-ar-dimantu\/#primaryimage","url":"https:\/\/fashiongold.lt\/wp-content\/uploads\/2025\/10\/2756-42b-Raudono-siulo-apyranke-su-deimantu.jpg","contentUrl":"https:\/\/fashiongold.lt\/wp-content\/uploads\/2025\/10\/2756-42b-Raudono-siulo-apyranke-su-deimantu.jpg","width":1000,"height":1000},{"@type":"BreadcrumbList","@id":"https:\/\/fashiongold.lt\/lv\/rotaslieta\/sarkana-diega-aproce-sirsnina-ar-dimantu\/#breadcrumb","itemListElement":[{"@type":"ListItem","position":1,"name":"Home","item":"https:\/\/fashiongold.lt\/lv\/"},{"@type":"ListItem","position":2,"name":"Dimantu veikals Fashiongold.lt","item":"https:\/\/fashiongold.lt\/shop-2\/"},{"@type":"ListItem","position":3,"name":"Sarkan\u0101 diega aproce \u201eSirsni\u0146a\u201c ar dimantu"}]},{"@type":"WebSite","@id":"https:\/\/fashiongold.lt\/lv\/#website","url":"https:\/\/fashiongold.lt\/lv\/","name":"Fashion Gold","description":"Juvelierizstr\u0101d\u0101jumu nams","publisher":{"@id":"https:\/\/fashiongold.lt\/lv\/#organization"},"potentialAction":[{"@type":"SearchAction","target":{"@type":"EntryPoint","urlTemplate":"https:\/\/fashiongold.lt\/lv\/?s={search_term_string}"},"query-input":{"@type":"PropertyValueSpecification","valueRequired":true,"valueName":"search_term_string"}}],"inLanguage":"lv-LV"},{"@type":"Organization","@id":"https:\/\/fashiongold.lt\/lv\/#organization","name":"Topdiamonds Online","url":"https:\/\/fashiongold.lt\/lv\/","logo":{"@type":"ImageObject","inLanguage":"lv-LV","@id":"https:\/\/fashiongold.lt\/lv\/#\/schema\/logo\/image\/","url":"https:\/\/fashiongold.lt\/wp-content\/uploads\/2025\/04\/cropped-fashion_gold_logotipas2-scaled-1.png","contentUrl":"https:\/\/fashiongold.lt\/wp-content\/uploads\/2025\/04\/cropped-fashion_gold_logotipas2-scaled-1.png","width":2559,"height":421,"caption":"Topdiamonds Online"},"image":{"@id":"https:\/\/fashiongold.lt\/lv\/#\/schema\/logo\/image\/"}}]}},"_links":{"self":[{"href":"https:\/\/fashiongold.lt\/lv\/wp-json\/wp\/v2\/product\/290419","targetHints":{"allow":["GET"]}}],"collection":[{"href":"https:\/\/fashiongold.lt\/lv\/wp-json\/wp\/v2\/product"}],"about":[{"href":"https:\/\/fashiongold.lt\/lv\/wp-json\/wp\/v2\/types\/product"}],"version-history":[{"count":0,"href":"https:\/\/fashiongold.lt\/lv\/wp-json\/wp\/v2\/product\/290419\/revisions"}],"wp:featuredmedia":[{"embeddable":true,"href":"https:\/\/fashiongold.lt\/lv\/wp-json\/wp\/v2\/media\/66105"}],"wp:attachment":[{"href":"https:\/\/fashiongold.lt\/lv\/wp-json\/wp\/v2\/media?parent=290419"}],"wp:term":[{"taxonomy":"product_brand","embeddable":true,"href":"https:\/\/fashiongold.lt\/lv\/wp-json\/wp\/v2\/product_brand?post=290419"},{"taxonomy":"product_cat","embeddable":true,"href":"https:\/\/fashiongold.lt\/lv\/wp-json\/wp\/v2\/product_cat?post=290419"},{"taxonomy":"product_tag","embeddable":true,"href":"https:\/\/fashiongold.lt\/lv\/wp-json\/wp\/v2\/product_tag?post=290419"}],"curies":[{"name":"wp","href":"https:\/\/api.w.org\/{rel}","templated":true}]}}