{"id":290584,"date":"2025-10-09T20:16:08","date_gmt":"2025-10-09T20:16:08","guid":{"rendered":"https:\/\/fashiongold.lt\/papuosalas\/balta-zelta-rokasspradze-ar-dimantiem-107-ct\/"},"modified":"2025-10-09T20:16:08","modified_gmt":"2025-10-09T20:16:08","slug":"balta-zelta-rokasspradze-ar-dimantiem-107-ct","status":"publish","type":"product","link":"https:\/\/fashiongold.lt\/lv\/papuosalas\/balta-zelta-rokasspradze-ar-dimantiem-107-ct\/","title":{"rendered":"Balt\u0101 zelta rokasspr\u0101dze ar dimantiem (1,07 ct)"},"content":{"rendered":"<p><span>Aproce ar dimantiem<\/span><\/p>\n<p>Svars &#8211; 7,00-7,40 g<\/p>\n<p><span>Briljanta izm\u0113rs &#8211; 0,015 ct, kop\u0113jais svars 1,07 ct, 75 dimanti, kr\u0101sa W (H), dzidrums Si<\/span><\/p>\n<p><span>Zelta prove 585<\/span><\/p>\n<p><span>Garums &#8211; 17 cm<\/span><\/p>\n<p><span>Lietuvas Proves biroja sertifik\u0101ts<\/span><\/p>\n","protected":false},"excerpt":{"rendered":"<p>Balt\u0101 zelta rokasspr\u0101dze ar dimantiem<\/p>\n","protected":false},"featured_media":65922,"template":"","meta":{"site-sidebar-layout":"","site-content-layout":"","ast-site-content-layout":"","site-content-style":"","site-sidebar-style":"","ast-global-header-display":"","ast-banner-title-visibility":"","ast-main-header-display":"","ast-hfb-above-header-display":"","ast-hfb-below-header-display":"","ast-hfb-mobile-header-display":"","site-post-title":"","ast-breadcrumbs-content":"","ast-featured-img":"","footer-sml-layout":"","ast-disable-related-posts":"","theme-transparent-header-meta":"","adv-header-id-meta":"","stick-header-meta":"","header-above-stick-meta":"","header-main-stick-meta":"","header-below-stick-meta":"","astra-migrate-meta-layouts":"default","ast-page-background-enabled":"default","ast-page-background-meta":{"desktop":{"background-color":"var(--ast-global-color-4)","background-image":"","background-repeat":"repeat","background-position":"center center","background-size":"auto","background-attachment":"scroll","background-type":"","background-media":"","overlay-type":"","overlay-color":"","overlay-opacity":"","overlay-gradient":""},"tablet":{"background-color":"","background-image":"","background-repeat":"repeat","background-position":"center center","background-size":"auto","background-attachment":"scroll","background-type":"","background-media":"","overlay-type":"","overlay-color":"","overlay-opacity":"","overlay-gradient":""},"mobile":{"background-color":"","background-image":"","background-repeat":"repeat","background-position":"center center","background-size":"auto","background-attachment":"scroll","background-type":"","background-media":"","overlay-type":"","overlay-color":"","overlay-opacity":"","overlay-gradient":""}},"ast-content-background-meta":{"desktop":{"background-color":"var(--ast-global-color-5)","background-image":"","background-repeat":"repeat","background-position":"center center","background-size":"auto","background-attachment":"scroll","background-type":"","background-media":"","overlay-type":"","overlay-color":"","overlay-opacity":"","overlay-gradient":""},"tablet":{"background-color":"var(--ast-global-color-5)","background-image":"","background-repeat":"repeat","background-position":"center center","background-size":"auto","background-attachment":"scroll","background-type":"","background-media":"","overlay-type":"","overlay-color":"","overlay-opacity":"","overlay-gradient":""},"mobile":{"background-color":"var(--ast-global-color-5)","background-image":"","background-repeat":"repeat","background-position":"center center","background-size":"auto","background-attachment":"scroll","background-type":"","background-media":"","overlay-type":"","overlay-color":"","overlay-opacity":"","overlay-gradient":""}}},"product_brand":[],"product_cat":[3789,2919,2915,2913,2921,2920,3403,2916,2914,2917,3042,2922,4099,2936,2918],"product_tag":[],"class_list":{"0":"post-290584","1":"product","2":"type-product","3":"status-publish","4":"has-post-thumbnail","6":"product_cat-aproces-ar-dimantiem","7":"product_cat-baltzelta-rotaslietas","8":"product_cat-davanas-berna-piedzimsanai","9":"product_cat-davanas-dzimsanas-diena","10":"product_cat-davanas-ipasiem-gadijumiem","11":"product_cat-davanas-izlaidumam","12":"product_cat-davanas-kazam","13":"product_cat-davanas-kazu-gadadiena","14":"product_cat-davanas-sievietem","15":"product_cat-davanas-viriesiem","16":"product_cat-juvelierizstradajumi","17":"product_cat-mates-dienas-davanas","18":"product_cat-tenisa-aproce-aproce-ar-dimantiem","19":"product_cat-valentindienas-davanas","20":"product_cat-ziemassvetku-davanas","21":"desktop-align-center","22":"tablet-align-left","23":"mobile-align-left","24":"ast-product-gallery-layout-horizontal-slider","25":"ast-product-gallery-with-no-image","26":"ast-product-tabs-layout-accordion","27":"ast-qv-on-image","29":"first","30":"instock","31":"taxable","32":"shipping-taxable","33":"purchasable","34":"product-type-simple"},"yoast_head":"<!-- This site is optimized with the Yoast SEO plugin v26.6 - https:\/\/yoast.com\/wordpress\/plugins\/seo\/ -->\n<title>Balt\u0101 zelta rokasspr\u0101dze ar dimantiem (1,77 ct )<\/title>\n<meta name=\"description\" content=\"Balt\u0101 zelta aproce ar 75 dimantiem. Zelta prove 585, svars aptuveni 7,40 g ar dimantiem, kuru izm\u0113rs ir 0,015 ct, kop\u0113jais svars ir 1,07 ct, kr\u0101sa W (H), dzidrums Si. Garums - 17 cm. Lietuvas Prove\u0161anas pal\u0101tas sertifik\u0101ts.\" \/>\n<meta name=\"robots\" content=\"index, follow, max-snippet:-1, max-image-preview:large, max-video-preview:-1\" \/>\n<link rel=\"canonical\" href=\"https:\/\/fashiongold.lt\/lv\/papuosalas\/balta-zelta-rokasspradze-ar-dimantiem-107-ct\/\" \/>\n<meta property=\"og:locale\" content=\"lv_LV\" \/>\n<meta property=\"og:type\" content=\"article\" \/>\n<meta property=\"og:title\" content=\"Balt\u0101 zelta rokasspr\u0101dze ar dimantiem (1,77 ct )\" \/>\n<meta property=\"og:description\" content=\"Balt\u0101 zelta aproce ar 75 dimantiem. Zelta prove 585, svars aptuveni 7,40 g ar dimantiem, kuru izm\u0113rs ir 0,015 ct, kop\u0113jais svars ir 1,07 ct, kr\u0101sa W (H), dzidrums Si. Garums - 17 cm. Lietuvas Prove\u0161anas pal\u0101tas sertifik\u0101ts.\" \/>\n<meta property=\"og:url\" content=\"https:\/\/fashiongold.lt\/lv\/papuosalas\/balta-zelta-rokasspradze-ar-dimantiem-107-ct\/\" \/>\n<meta property=\"og:site_name\" content=\"FashionGold.lt\" \/>\n<meta property=\"og:image\" content=\"https:\/\/fashiongold.lt\/wp-content\/uploads\/2025\/10\/2711-8ad-Balto-aukso-apyranke-su-deimantais-107-ct.webp\" \/>\n\t<meta property=\"og:image:width\" content=\"1000\" \/>\n\t<meta property=\"og:image:height\" content=\"1000\" \/>\n\t<meta property=\"og:image:type\" content=\"image\/jpeg\" \/>\n<meta name=\"twitter:card\" content=\"summary_large_image\" \/>\n<script type=\"application\/ld+json\" class=\"yoast-schema-graph\">{\"@context\":\"https:\/\/schema.org\",\"@graph\":[{\"@type\":\"WebPage\",\"@id\":\"https:\/\/fashiongold.lt\/lv\/papuosalas\/balta-zelta-rokasspradze-ar-dimantiem-107-ct\/\",\"url\":\"https:\/\/fashiongold.lt\/lv\/papuosalas\/balta-zelta-rokasspradze-ar-dimantiem-107-ct\/\",\"name\":\"Balt\u0101 zelta rokasspr\u0101dze ar dimantiem (1,77 ct )\",\"isPartOf\":{\"@id\":\"https:\/\/fashiongold.lt\/lv\/#website\"},\"primaryImageOfPage\":{\"@id\":\"https:\/\/fashiongold.lt\/lv\/papuosalas\/balta-zelta-rokasspradze-ar-dimantiem-107-ct\/#primaryimage\"},\"image\":{\"@id\":\"https:\/\/fashiongold.lt\/lv\/papuosalas\/balta-zelta-rokasspradze-ar-dimantiem-107-ct\/#primaryimage\"},\"thumbnailUrl\":\"https:\/\/fashiongold.lt\/wp-content\/uploads\/2025\/10\/2711-8ad-Balto-aukso-apyranke-su-deimantais-107-ct.jpg\",\"datePublished\":\"2025-10-09T20:16:08+00:00\",\"description\":\"Balt\u0101 zelta aproce ar 75 dimantiem. Zelta prove 585, svars aptuveni 7,40 g ar dimantiem, kuru izm\u0113rs ir 0,015 ct, kop\u0113jais svars ir 1,07 ct, kr\u0101sa W (H), dzidrums Si. Garums - 17 cm. Lietuvas Prove\u0161anas pal\u0101tas sertifik\u0101ts.\",\"breadcrumb\":{\"@id\":\"https:\/\/fashiongold.lt\/lv\/papuosalas\/balta-zelta-rokasspradze-ar-dimantiem-107-ct\/#breadcrumb\"},\"inLanguage\":\"lv-LV\",\"potentialAction\":[{\"@type\":\"ReadAction\",\"target\":[\"https:\/\/fashiongold.lt\/lv\/papuosalas\/balta-zelta-rokasspradze-ar-dimantiem-107-ct\/\"]}]},{\"@type\":\"ImageObject\",\"inLanguage\":\"lv-LV\",\"@id\":\"https:\/\/fashiongold.lt\/lv\/papuosalas\/balta-zelta-rokasspradze-ar-dimantiem-107-ct\/#primaryimage\",\"url\":\"https:\/\/fashiongold.lt\/wp-content\/uploads\/2025\/10\/2711-8ad-Balto-aukso-apyranke-su-deimantais-107-ct.jpg\",\"contentUrl\":\"https:\/\/fashiongold.lt\/wp-content\/uploads\/2025\/10\/2711-8ad-Balto-aukso-apyranke-su-deimantais-107-ct.jpg\",\"width\":1000,\"height\":1000},{\"@type\":\"BreadcrumbList\",\"@id\":\"https:\/\/fashiongold.lt\/lv\/papuosalas\/balta-zelta-rokasspradze-ar-dimantiem-107-ct\/#breadcrumb\",\"itemListElement\":[{\"@type\":\"ListItem\",\"position\":1,\"name\":\"Home\",\"item\":\"https:\/\/fashiongold.lt\/lv\/\"},{\"@type\":\"ListItem\",\"position\":2,\"name\":\"Dimantu veikals Fashiongold.lt\",\"item\":\"https:\/\/fashiongold.lt\/shop-2\/\"},{\"@type\":\"ListItem\",\"position\":3,\"name\":\"Balt\u0101 zelta rokasspr\u0101dze ar dimantiem (1,07 ct)\"}]},{\"@type\":\"WebSite\",\"@id\":\"https:\/\/fashiongold.lt\/lv\/#website\",\"url\":\"https:\/\/fashiongold.lt\/lv\/\",\"name\":\"Fashion Gold\",\"description\":\"Juvelyrikos namai\",\"publisher\":{\"@id\":\"https:\/\/fashiongold.lt\/lv\/#organization\"},\"potentialAction\":[{\"@type\":\"SearchAction\",\"target\":{\"@type\":\"EntryPoint\",\"urlTemplate\":\"https:\/\/fashiongold.lt\/lv\/?s={search_term_string}\"},\"query-input\":{\"@type\":\"PropertyValueSpecification\",\"valueRequired\":true,\"valueName\":\"search_term_string\"}}],\"inLanguage\":\"lv-LV\"},{\"@type\":\"Organization\",\"@id\":\"https:\/\/fashiongold.lt\/lv\/#organization\",\"name\":\"Topdiamonds Online\",\"url\":\"https:\/\/fashiongold.lt\/lv\/\",\"logo\":{\"@type\":\"ImageObject\",\"inLanguage\":\"lv-LV\",\"@id\":\"https:\/\/fashiongold.lt\/lv\/#\/schema\/logo\/image\/\",\"url\":\"https:\/\/fashiongold.lt\/wp-content\/uploads\/2025\/04\/cropped-fashion_gold_logotipas2-scaled-1.png\",\"contentUrl\":\"https:\/\/fashiongold.lt\/wp-content\/uploads\/2025\/04\/cropped-fashion_gold_logotipas2-scaled-1.png\",\"width\":2559,\"height\":421,\"caption\":\"Topdiamonds Online\"},\"image\":{\"@id\":\"https:\/\/fashiongold.lt\/lv\/#\/schema\/logo\/image\/\"}}]}<\/script>\n<!-- \/ Yoast SEO plugin. -->","yoast_head_json":{"title":"Balt\u0101 zelta rokasspr\u0101dze ar dimantiem (1,77 ct )","description":"Balt\u0101 zelta aproce ar 75 dimantiem. Zelta prove 585, svars aptuveni 7,40 g ar dimantiem, kuru izm\u0113rs ir 0,015 ct, kop\u0113jais svars ir 1,07 ct, kr\u0101sa W (H), dzidrums Si. Garums - 17 cm. Lietuvas Prove\u0161anas pal\u0101tas sertifik\u0101ts.","robots":{"index":"index","follow":"follow","max-snippet":"max-snippet:-1","max-image-preview":"max-image-preview:large","max-video-preview":"max-video-preview:-1"},"canonical":"https:\/\/fashiongold.lt\/lv\/papuosalas\/balta-zelta-rokasspradze-ar-dimantiem-107-ct\/","og_locale":"lv_LV","og_type":"article","og_title":"Balt\u0101 zelta rokasspr\u0101dze ar dimantiem (1,77 ct )","og_description":"Balt\u0101 zelta aproce ar 75 dimantiem. Zelta prove 585, svars aptuveni 7,40 g ar dimantiem, kuru izm\u0113rs ir 0,015 ct, kop\u0113jais svars ir 1,07 ct, kr\u0101sa W (H), dzidrums Si. Garums - 17 cm. Lietuvas Prove\u0161anas pal\u0101tas sertifik\u0101ts.","og_url":"https:\/\/fashiongold.lt\/lv\/papuosalas\/balta-zelta-rokasspradze-ar-dimantiem-107-ct\/","og_site_name":"FashionGold.lt","og_image":[{"width":1000,"height":1000,"url":"https:\/\/fashiongold.lt\/wp-content\/uploads\/2025\/10\/2711-8ad-Balto-aukso-apyranke-su-deimantais-107-ct.webp","type":"image\/jpeg"}],"twitter_card":"summary_large_image","schema":{"@context":"https:\/\/schema.org","@graph":[{"@type":"WebPage","@id":"https:\/\/fashiongold.lt\/lv\/papuosalas\/balta-zelta-rokasspradze-ar-dimantiem-107-ct\/","url":"https:\/\/fashiongold.lt\/lv\/papuosalas\/balta-zelta-rokasspradze-ar-dimantiem-107-ct\/","name":"Balt\u0101 zelta rokasspr\u0101dze ar dimantiem (1,77 ct )","isPartOf":{"@id":"https:\/\/fashiongold.lt\/lv\/#website"},"primaryImageOfPage":{"@id":"https:\/\/fashiongold.lt\/lv\/papuosalas\/balta-zelta-rokasspradze-ar-dimantiem-107-ct\/#primaryimage"},"image":{"@id":"https:\/\/fashiongold.lt\/lv\/papuosalas\/balta-zelta-rokasspradze-ar-dimantiem-107-ct\/#primaryimage"},"thumbnailUrl":"https:\/\/fashiongold.lt\/wp-content\/uploads\/2025\/10\/2711-8ad-Balto-aukso-apyranke-su-deimantais-107-ct.jpg","datePublished":"2025-10-09T20:16:08+00:00","description":"Balt\u0101 zelta aproce ar 75 dimantiem. Zelta prove 585, svars aptuveni 7,40 g ar dimantiem, kuru izm\u0113rs ir 0,015 ct, kop\u0113jais svars ir 1,07 ct, kr\u0101sa W (H), dzidrums Si. Garums - 17 cm. Lietuvas Prove\u0161anas pal\u0101tas sertifik\u0101ts.","breadcrumb":{"@id":"https:\/\/fashiongold.lt\/lv\/papuosalas\/balta-zelta-rokasspradze-ar-dimantiem-107-ct\/#breadcrumb"},"inLanguage":"lv-LV","potentialAction":[{"@type":"ReadAction","target":["https:\/\/fashiongold.lt\/lv\/papuosalas\/balta-zelta-rokasspradze-ar-dimantiem-107-ct\/"]}]},{"@type":"ImageObject","inLanguage":"lv-LV","@id":"https:\/\/fashiongold.lt\/lv\/papuosalas\/balta-zelta-rokasspradze-ar-dimantiem-107-ct\/#primaryimage","url":"https:\/\/fashiongold.lt\/wp-content\/uploads\/2025\/10\/2711-8ad-Balto-aukso-apyranke-su-deimantais-107-ct.jpg","contentUrl":"https:\/\/fashiongold.lt\/wp-content\/uploads\/2025\/10\/2711-8ad-Balto-aukso-apyranke-su-deimantais-107-ct.jpg","width":1000,"height":1000},{"@type":"BreadcrumbList","@id":"https:\/\/fashiongold.lt\/lv\/papuosalas\/balta-zelta-rokasspradze-ar-dimantiem-107-ct\/#breadcrumb","itemListElement":[{"@type":"ListItem","position":1,"name":"Home","item":"https:\/\/fashiongold.lt\/lv\/"},{"@type":"ListItem","position":2,"name":"Dimantu veikals Fashiongold.lt","item":"https:\/\/fashiongold.lt\/shop-2\/"},{"@type":"ListItem","position":3,"name":"Balt\u0101 zelta rokasspr\u0101dze ar dimantiem (1,07 ct)"}]},{"@type":"WebSite","@id":"https:\/\/fashiongold.lt\/lv\/#website","url":"https:\/\/fashiongold.lt\/lv\/","name":"Fashion Gold","description":"Juvelyrikos namai","publisher":{"@id":"https:\/\/fashiongold.lt\/lv\/#organization"},"potentialAction":[{"@type":"SearchAction","target":{"@type":"EntryPoint","urlTemplate":"https:\/\/fashiongold.lt\/lv\/?s={search_term_string}"},"query-input":{"@type":"PropertyValueSpecification","valueRequired":true,"valueName":"search_term_string"}}],"inLanguage":"lv-LV"},{"@type":"Organization","@id":"https:\/\/fashiongold.lt\/lv\/#organization","name":"Topdiamonds Online","url":"https:\/\/fashiongold.lt\/lv\/","logo":{"@type":"ImageObject","inLanguage":"lv-LV","@id":"https:\/\/fashiongold.lt\/lv\/#\/schema\/logo\/image\/","url":"https:\/\/fashiongold.lt\/wp-content\/uploads\/2025\/04\/cropped-fashion_gold_logotipas2-scaled-1.png","contentUrl":"https:\/\/fashiongold.lt\/wp-content\/uploads\/2025\/04\/cropped-fashion_gold_logotipas2-scaled-1.png","width":2559,"height":421,"caption":"Topdiamonds Online"},"image":{"@id":"https:\/\/fashiongold.lt\/lv\/#\/schema\/logo\/image\/"}}]}},"_links":{"self":[{"href":"https:\/\/fashiongold.lt\/lv\/wp-json\/wp\/v2\/product\/290584","targetHints":{"allow":["GET"]}}],"collection":[{"href":"https:\/\/fashiongold.lt\/lv\/wp-json\/wp\/v2\/product"}],"about":[{"href":"https:\/\/fashiongold.lt\/lv\/wp-json\/wp\/v2\/types\/product"}],"version-history":[{"count":0,"href":"https:\/\/fashiongold.lt\/lv\/wp-json\/wp\/v2\/product\/290584\/revisions"}],"wp:featuredmedia":[{"embeddable":true,"href":"https:\/\/fashiongold.lt\/lv\/wp-json\/wp\/v2\/media\/65922"}],"wp:attachment":[{"href":"https:\/\/fashiongold.lt\/lv\/wp-json\/wp\/v2\/media?parent=290584"}],"wp:term":[{"taxonomy":"product_brand","embeddable":true,"href":"https:\/\/fashiongold.lt\/lv\/wp-json\/wp\/v2\/product_brand?post=290584"},{"taxonomy":"product_cat","embeddable":true,"href":"https:\/\/fashiongold.lt\/lv\/wp-json\/wp\/v2\/product_cat?post=290584"},{"taxonomy":"product_tag","embeddable":true,"href":"https:\/\/fashiongold.lt\/lv\/wp-json\/wp\/v2\/product_tag?post=290584"}],"curies":[{"name":"wp","href":"https:\/\/api.w.org\/{rel}","templated":true}]}}