{"id":290724,"date":"2025-10-09T20:05:46","date_gmt":"2025-10-09T20:05:46","guid":{"rendered":"https:\/\/fashiongold.lt\/papuosalas\/balta-zelta-gredzens-dimantu-linija-ar-dimantiem-180-ct\/"},"modified":"2026-02-17T13:54:05","modified_gmt":"2026-02-17T13:54:05","slug":"balta-zelta-gredzens-dimantu-linija-ar-dimantiem-180-ct","status":"publish","type":"product","link":"https:\/\/fashiongold.lt\/lv\/papuosalas\/balta-zelta-gredzens-dimantu-linija-ar-dimantiem-180-ct\/","title":{"rendered":"Balt\u0101 zelta gredzens \u201eDimantu l\u012bnija\u201c ar dimantiem (1,80 ct)"},"content":{"rendered":"<p>585. proves zelta gredzens, kur\u0101 izvietoti 25 dimanti 0,07 ct, kuru kop\u0113jais svars ir aptuveni 1,80 ct (kr\u0101sa -RW-W, dzidrums VS-SI). Pieejam\u0101s zelta kr\u0101sas &#8211; balta, dzeltena, sarkana, roz\u0101.<\/p>\n<p>\u0160\u012b cena ir nor\u0101d\u012bta: 16, 16,5 un 17 izm\u0113riem. Ja nepiecie\u0161ams cits izm\u0113rs, labpr\u0101t pie\u0146emsim pas\u016bt\u012bjumu izgatavo\u0161anai.<\/p>\n<p>Gredzena svars aptuveni 3-5 grami, atkar\u012bb\u0101 no izm\u0113ra.<\/p>\n<p>Varam izgatavot no J\u016bsu zelta &#8211; cenu nepiecie\u0161ams saska\u0146ot &#8211; info@fashiongold.lt<\/p>\n","protected":false},"excerpt":{"rendered":"<div class=\"product__reservation\" style=\"box-sizing: inherit; color: #777777; font-family: Roboto; font-size: 16px; font-style: normal; font-variant-ligatures: normal; font-variant-caps: normal; font-weight: 400; letter-spacing: normal; orphans: 2; text-align: start; text-indent: 0px; text-transform: none; widows: 2; word-spacing: 0px; -webkit-text-stroke-width: 0px; white-space: normal; background-color: #ffffff; text-decoration-thickness: initial; text-decoration-style: initial; text-decoration-color: initial;\"><\/div>\n<div id=\"product-description-short-270\" class=\"short-desc\" style=\"box-sizing: inherit; margin-bottom: 45px; color: #777777; font-size: 16px; line-height: 23px; font-family: Roboto; font-style: normal; font-variant-ligatures: normal; font-variant-caps: normal; font-weight: 400; letter-spacing: normal; orphans: 2; text-align: start; text-indent: 0px; text-transform: none; widows: 2; word-spacing: 0px; -webkit-text-stroke-width: 0px; white-space: normal; background-color: #ffffff; text-decoration-thickness: initial; text-decoration-style: initial; text-decoration-color: initial;\">\n<p style=\"box-sizing: inherit; margin: 0px;\">\u012apa\u0161i grezns, izcili mirdzo\u0161s gredzens ar \u012bstiem dimantiem<\/p>\n<\/p><\/div>\n","protected":false},"featured_media":65356,"template":"","meta":{"site-sidebar-layout":"","site-content-layout":"","ast-site-content-layout":"","site-content-style":"","site-sidebar-style":"","ast-global-header-display":"","ast-banner-title-visibility":"","ast-main-header-display":"","ast-hfb-above-header-display":"","ast-hfb-below-header-display":"","ast-hfb-mobile-header-display":"","site-post-title":"","ast-breadcrumbs-content":"","ast-featured-img":"","footer-sml-layout":"","ast-disable-related-posts":"","theme-transparent-header-meta":"","adv-header-id-meta":"","stick-header-meta":"","header-above-stick-meta":"","header-main-stick-meta":"","header-below-stick-meta":"","astra-migrate-meta-layouts":"default","ast-page-background-enabled":"default","ast-page-background-meta":{"desktop":{"background-color":"var(--ast-global-color-4)","background-image":"","background-repeat":"repeat","background-position":"center center","background-size":"auto","background-attachment":"scroll","background-type":"","background-media":"","overlay-type":"","overlay-color":"","overlay-opacity":"","overlay-gradient":""},"tablet":{"background-color":"","background-image":"","background-repeat":"repeat","background-position":"center center","background-size":"auto","background-attachment":"scroll","background-type":"","background-media":"","overlay-type":"","overlay-color":"","overlay-opacity":"","overlay-gradient":""},"mobile":{"background-color":"","background-image":"","background-repeat":"repeat","background-position":"center center","background-size":"auto","background-attachment":"scroll","background-type":"","background-media":"","overlay-type":"","overlay-color":"","overlay-opacity":"","overlay-gradient":""}},"ast-content-background-meta":{"desktop":{"background-color":"var(--ast-global-color-5)","background-image":"","background-repeat":"repeat","background-position":"center center","background-size":"auto","background-attachment":"scroll","background-type":"","background-media":"","overlay-type":"","overlay-color":"","overlay-opacity":"","overlay-gradient":""},"tablet":{"background-color":"var(--ast-global-color-5)","background-image":"","background-repeat":"repeat","background-position":"center center","background-size":"auto","background-attachment":"scroll","background-type":"","background-media":"","overlay-type":"","overlay-color":"","overlay-opacity":"","overlay-gradient":""},"mobile":{"background-color":"var(--ast-global-color-5)","background-image":"","background-repeat":"repeat","background-position":"center center","background-size":"auto","background-attachment":"scroll","background-type":"","background-media":"","overlay-type":"","overlay-color":"","overlay-opacity":"","overlay-gradient":""}}},"product_brand":[],"product_cat":[2924,3522,2919,2915,2913,2921,2920,3403,2916,2914,2917,2925,3721,3043,3453,3524,3809,3523,2922,3527,3616,2936,2918],"product_tag":[],"class_list":{"0":"post-290724","1":"product","2":"type-product","3":"status-publish","4":"has-post-thumbnail","6":"product_cat-balta-zelta-dimantu-stipinas","7":"product_cat-balta-zelta-laulibu-gredzeni","8":"product_cat-baltzelta-rotaslietas","9":"product_cat-davanas-berna-piedzimsanai","10":"product_cat-davanas-dzimsanas-diena","11":"product_cat-davanas-ipasiem-gadijumiem","12":"product_cat-davanas-izlaidumam","13":"product_cat-davanas-kazam","14":"product_cat-davanas-kazu-gadadiena","15":"product_cat-davanas-sievietem","16":"product_cat-davanas-viriesiem","17":"product_cat-dimanta-lentinas","18":"product_cat-dimanta-stipina-ar-briljantiem","19":"product_cat-dimantu-josla-apkart-visam-gredzenam","20":"product_cat-gredzeni-ar-dimantiem","21":"product_cat-kazu-gredzeni","22":"product_cat-kazu-gredzeni-ar-briljantiem","23":"product_cat-klasiskie-laulibu-gredzeni","24":"product_cat-mates-dienas-davanas","25":"product_cat-moderni-kazu-gredzeni","26":"product_cat-sieviesu-laulibu-gredzeni","27":"product_cat-valentindienas-davanas","28":"product_cat-ziemassvetku-davanas","29":"desktop-align-center","30":"tablet-align-left","31":"mobile-align-left","32":"ast-product-gallery-layout-horizontal-slider","33":"ast-product-gallery-with-no-image","34":"ast-product-single-variable","35":"ast-product-tabs-layout-accordion","36":"ast-qv-on-image","38":"first","39":"instock","40":"taxable","41":"shipping-taxable","42":"purchasable","43":"product-type-variable"},"yoast_head":"<!-- This site is optimized with the Yoast SEO plugin v26.6 - https:\/\/yoast.com\/wordpress\/plugins\/seo\/ -->\n<title>Ra\u017eota Lietuv\u0101 dimanta sloksne<\/title>\n<meta name=\"description\" content=\"Klientu pas\u016bt\u012bti un jau izgatavoti laul\u012bbu gredzeni ar dimantiem\" \/>\n<meta name=\"robots\" content=\"index, follow, max-snippet:-1, max-image-preview:large, max-video-preview:-1\" \/>\n<link rel=\"canonical\" href=\"https:\/\/fashiongold.lt\/lv\/papuosalas\/balta-zelta-gredzens-dimantu-linija-ar-dimantiem-180-ct\/\" \/>\n<meta property=\"og:locale\" content=\"lv_LV\" \/>\n<meta property=\"og:type\" content=\"article\" \/>\n<meta property=\"og:title\" content=\"Ra\u017eota Lietuv\u0101 dimanta sloksne\" \/>\n<meta property=\"og:description\" content=\"Klientu pas\u016bt\u012bti un jau izgatavoti laul\u012bbu gredzeni ar dimantiem\" \/>\n<meta property=\"og:url\" content=\"https:\/\/fashiongold.lt\/lv\/papuosalas\/balta-zelta-gredzens-dimantu-linija-ar-dimantiem-180-ct\/\" \/>\n<meta property=\"og:site_name\" content=\"FashionGold.lt\" \/>\n<meta property=\"article:modified_time\" content=\"2026-02-17T13:54:05+00:00\" \/>\n<meta property=\"og:image\" content=\"https:\/\/fashiongold.lt\/wp-content\/uploads\/2025\/10\/2648-88c-Balto-aukso-ziedas-Deimantine-linija-su-deimantais-180-ct.webp\" \/>\n\t<meta property=\"og:image:width\" content=\"359\" \/>\n\t<meta property=\"og:image:height\" content=\"318\" \/>\n\t<meta property=\"og:image:type\" content=\"image\/png\" \/>\n<meta name=\"twitter:card\" content=\"summary_large_image\" \/>\n<script type=\"application\/ld+json\" class=\"yoast-schema-graph\">{\"@context\":\"https:\/\/schema.org\",\"@graph\":[{\"@type\":\"WebPage\",\"@id\":\"https:\/\/fashiongold.lt\/lv\/papuosalas\/balta-zelta-gredzens-dimantu-linija-ar-dimantiem-180-ct\/\",\"url\":\"https:\/\/fashiongold.lt\/lv\/papuosalas\/balta-zelta-gredzens-dimantu-linija-ar-dimantiem-180-ct\/\",\"name\":\"Ra\u017eota Lietuv\u0101 dimanta sloksne\",\"isPartOf\":{\"@id\":\"https:\/\/fashiongold.lt\/lv\/#website\"},\"primaryImageOfPage\":{\"@id\":\"https:\/\/fashiongold.lt\/lv\/papuosalas\/balta-zelta-gredzens-dimantu-linija-ar-dimantiem-180-ct\/#primaryimage\"},\"image\":{\"@id\":\"https:\/\/fashiongold.lt\/lv\/papuosalas\/balta-zelta-gredzens-dimantu-linija-ar-dimantiem-180-ct\/#primaryimage\"},\"thumbnailUrl\":\"https:\/\/fashiongold.lt\/wp-content\/uploads\/2025\/10\/2648-88c-Balto-aukso-ziedas-Deimantine-linija-su-deimantais-180-ct.png\",\"datePublished\":\"2025-10-09T20:05:46+00:00\",\"dateModified\":\"2026-02-17T13:54:05+00:00\",\"description\":\"Klientu pas\u016bt\u012bti un jau izgatavoti laul\u012bbu gredzeni ar dimantiem\",\"breadcrumb\":{\"@id\":\"https:\/\/fashiongold.lt\/lv\/papuosalas\/balta-zelta-gredzens-dimantu-linija-ar-dimantiem-180-ct\/#breadcrumb\"},\"inLanguage\":\"lv-LV\",\"potentialAction\":[{\"@type\":\"ReadAction\",\"target\":[\"https:\/\/fashiongold.lt\/lv\/papuosalas\/balta-zelta-gredzens-dimantu-linija-ar-dimantiem-180-ct\/\"]}]},{\"@type\":\"ImageObject\",\"inLanguage\":\"lv-LV\",\"@id\":\"https:\/\/fashiongold.lt\/lv\/papuosalas\/balta-zelta-gredzens-dimantu-linija-ar-dimantiem-180-ct\/#primaryimage\",\"url\":\"https:\/\/fashiongold.lt\/wp-content\/uploads\/2025\/10\/2648-88c-Balto-aukso-ziedas-Deimantine-linija-su-deimantais-180-ct.png\",\"contentUrl\":\"https:\/\/fashiongold.lt\/wp-content\/uploads\/2025\/10\/2648-88c-Balto-aukso-ziedas-Deimantine-linija-su-deimantais-180-ct.png\",\"width\":359,\"height\":318},{\"@type\":\"BreadcrumbList\",\"@id\":\"https:\/\/fashiongold.lt\/lv\/papuosalas\/balta-zelta-gredzens-dimantu-linija-ar-dimantiem-180-ct\/#breadcrumb\",\"itemListElement\":[{\"@type\":\"ListItem\",\"position\":1,\"name\":\"Home\",\"item\":\"https:\/\/fashiongold.lt\/lv\/\"},{\"@type\":\"ListItem\",\"position\":2,\"name\":\"Dimantu veikals Fashiongold.lt\",\"item\":\"https:\/\/fashiongold.lt\/shop-2\/\"},{\"@type\":\"ListItem\",\"position\":3,\"name\":\"Balt\u0101 zelta gredzens \u201eDimantu l\u012bnija\u201c ar dimantiem (1,80 ct)\"}]},{\"@type\":\"WebSite\",\"@id\":\"https:\/\/fashiongold.lt\/lv\/#website\",\"url\":\"https:\/\/fashiongold.lt\/lv\/\",\"name\":\"Fashion Gold\",\"description\":\"Juvelyrikos namai\",\"publisher\":{\"@id\":\"https:\/\/fashiongold.lt\/lv\/#organization\"},\"potentialAction\":[{\"@type\":\"SearchAction\",\"target\":{\"@type\":\"EntryPoint\",\"urlTemplate\":\"https:\/\/fashiongold.lt\/lv\/?s={search_term_string}\"},\"query-input\":{\"@type\":\"PropertyValueSpecification\",\"valueRequired\":true,\"valueName\":\"search_term_string\"}}],\"inLanguage\":\"lv-LV\"},{\"@type\":\"Organization\",\"@id\":\"https:\/\/fashiongold.lt\/lv\/#organization\",\"name\":\"Topdiamonds Online\",\"url\":\"https:\/\/fashiongold.lt\/lv\/\",\"logo\":{\"@type\":\"ImageObject\",\"inLanguage\":\"lv-LV\",\"@id\":\"https:\/\/fashiongold.lt\/lv\/#\/schema\/logo\/image\/\",\"url\":\"https:\/\/fashiongold.lt\/wp-content\/uploads\/2025\/04\/cropped-fashion_gold_logotipas2-scaled-1.png\",\"contentUrl\":\"https:\/\/fashiongold.lt\/wp-content\/uploads\/2025\/04\/cropped-fashion_gold_logotipas2-scaled-1.png\",\"width\":2559,\"height\":421,\"caption\":\"Topdiamonds Online\"},\"image\":{\"@id\":\"https:\/\/fashiongold.lt\/lv\/#\/schema\/logo\/image\/\"}}]}<\/script>\n<!-- \/ Yoast SEO plugin. -->","yoast_head_json":{"title":"Ra\u017eota Lietuv\u0101 dimanta sloksne","description":"Klientu pas\u016bt\u012bti un jau izgatavoti laul\u012bbu gredzeni ar dimantiem","robots":{"index":"index","follow":"follow","max-snippet":"max-snippet:-1","max-image-preview":"max-image-preview:large","max-video-preview":"max-video-preview:-1"},"canonical":"https:\/\/fashiongold.lt\/lv\/papuosalas\/balta-zelta-gredzens-dimantu-linija-ar-dimantiem-180-ct\/","og_locale":"lv_LV","og_type":"article","og_title":"Ra\u017eota Lietuv\u0101 dimanta sloksne","og_description":"Klientu pas\u016bt\u012bti un jau izgatavoti laul\u012bbu gredzeni ar dimantiem","og_url":"https:\/\/fashiongold.lt\/lv\/papuosalas\/balta-zelta-gredzens-dimantu-linija-ar-dimantiem-180-ct\/","og_site_name":"FashionGold.lt","article_modified_time":"2026-02-17T13:54:05+00:00","og_image":[{"width":359,"height":318,"url":"https:\/\/fashiongold.lt\/wp-content\/uploads\/2025\/10\/2648-88c-Balto-aukso-ziedas-Deimantine-linija-su-deimantais-180-ct.webp","type":"image\/png"}],"twitter_card":"summary_large_image","schema":{"@context":"https:\/\/schema.org","@graph":[{"@type":"WebPage","@id":"https:\/\/fashiongold.lt\/lv\/papuosalas\/balta-zelta-gredzens-dimantu-linija-ar-dimantiem-180-ct\/","url":"https:\/\/fashiongold.lt\/lv\/papuosalas\/balta-zelta-gredzens-dimantu-linija-ar-dimantiem-180-ct\/","name":"Ra\u017eota Lietuv\u0101 dimanta sloksne","isPartOf":{"@id":"https:\/\/fashiongold.lt\/lv\/#website"},"primaryImageOfPage":{"@id":"https:\/\/fashiongold.lt\/lv\/papuosalas\/balta-zelta-gredzens-dimantu-linija-ar-dimantiem-180-ct\/#primaryimage"},"image":{"@id":"https:\/\/fashiongold.lt\/lv\/papuosalas\/balta-zelta-gredzens-dimantu-linija-ar-dimantiem-180-ct\/#primaryimage"},"thumbnailUrl":"https:\/\/fashiongold.lt\/wp-content\/uploads\/2025\/10\/2648-88c-Balto-aukso-ziedas-Deimantine-linija-su-deimantais-180-ct.png","datePublished":"2025-10-09T20:05:46+00:00","dateModified":"2026-02-17T13:54:05+00:00","description":"Klientu pas\u016bt\u012bti un jau izgatavoti laul\u012bbu gredzeni ar dimantiem","breadcrumb":{"@id":"https:\/\/fashiongold.lt\/lv\/papuosalas\/balta-zelta-gredzens-dimantu-linija-ar-dimantiem-180-ct\/#breadcrumb"},"inLanguage":"lv-LV","potentialAction":[{"@type":"ReadAction","target":["https:\/\/fashiongold.lt\/lv\/papuosalas\/balta-zelta-gredzens-dimantu-linija-ar-dimantiem-180-ct\/"]}]},{"@type":"ImageObject","inLanguage":"lv-LV","@id":"https:\/\/fashiongold.lt\/lv\/papuosalas\/balta-zelta-gredzens-dimantu-linija-ar-dimantiem-180-ct\/#primaryimage","url":"https:\/\/fashiongold.lt\/wp-content\/uploads\/2025\/10\/2648-88c-Balto-aukso-ziedas-Deimantine-linija-su-deimantais-180-ct.png","contentUrl":"https:\/\/fashiongold.lt\/wp-content\/uploads\/2025\/10\/2648-88c-Balto-aukso-ziedas-Deimantine-linija-su-deimantais-180-ct.png","width":359,"height":318},{"@type":"BreadcrumbList","@id":"https:\/\/fashiongold.lt\/lv\/papuosalas\/balta-zelta-gredzens-dimantu-linija-ar-dimantiem-180-ct\/#breadcrumb","itemListElement":[{"@type":"ListItem","position":1,"name":"Home","item":"https:\/\/fashiongold.lt\/lv\/"},{"@type":"ListItem","position":2,"name":"Dimantu veikals Fashiongold.lt","item":"https:\/\/fashiongold.lt\/shop-2\/"},{"@type":"ListItem","position":3,"name":"Balt\u0101 zelta gredzens \u201eDimantu l\u012bnija\u201c ar dimantiem (1,80 ct)"}]},{"@type":"WebSite","@id":"https:\/\/fashiongold.lt\/lv\/#website","url":"https:\/\/fashiongold.lt\/lv\/","name":"Fashion Gold","description":"Juvelyrikos namai","publisher":{"@id":"https:\/\/fashiongold.lt\/lv\/#organization"},"potentialAction":[{"@type":"SearchAction","target":{"@type":"EntryPoint","urlTemplate":"https:\/\/fashiongold.lt\/lv\/?s={search_term_string}"},"query-input":{"@type":"PropertyValueSpecification","valueRequired":true,"valueName":"search_term_string"}}],"inLanguage":"lv-LV"},{"@type":"Organization","@id":"https:\/\/fashiongold.lt\/lv\/#organization","name":"Topdiamonds Online","url":"https:\/\/fashiongold.lt\/lv\/","logo":{"@type":"ImageObject","inLanguage":"lv-LV","@id":"https:\/\/fashiongold.lt\/lv\/#\/schema\/logo\/image\/","url":"https:\/\/fashiongold.lt\/wp-content\/uploads\/2025\/04\/cropped-fashion_gold_logotipas2-scaled-1.png","contentUrl":"https:\/\/fashiongold.lt\/wp-content\/uploads\/2025\/04\/cropped-fashion_gold_logotipas2-scaled-1.png","width":2559,"height":421,"caption":"Topdiamonds Online"},"image":{"@id":"https:\/\/fashiongold.lt\/lv\/#\/schema\/logo\/image\/"}}]}},"_links":{"self":[{"href":"https:\/\/fashiongold.lt\/lv\/wp-json\/wp\/v2\/product\/290724","targetHints":{"allow":["GET"]}}],"collection":[{"href":"https:\/\/fashiongold.lt\/lv\/wp-json\/wp\/v2\/product"}],"about":[{"href":"https:\/\/fashiongold.lt\/lv\/wp-json\/wp\/v2\/types\/product"}],"version-history":[{"count":0,"href":"https:\/\/fashiongold.lt\/lv\/wp-json\/wp\/v2\/product\/290724\/revisions"}],"wp:featuredmedia":[{"embeddable":true,"href":"https:\/\/fashiongold.lt\/lv\/wp-json\/wp\/v2\/media\/65356"}],"wp:attachment":[{"href":"https:\/\/fashiongold.lt\/lv\/wp-json\/wp\/v2\/media?parent=290724"}],"wp:term":[{"taxonomy":"product_brand","embeddable":true,"href":"https:\/\/fashiongold.lt\/lv\/wp-json\/wp\/v2\/product_brand?post=290724"},{"taxonomy":"product_cat","embeddable":true,"href":"https:\/\/fashiongold.lt\/lv\/wp-json\/wp\/v2\/product_cat?post=290724"},{"taxonomy":"product_tag","embeddable":true,"href":"https:\/\/fashiongold.lt\/lv\/wp-json\/wp\/v2\/product_tag?post=290724"}],"curies":[{"name":"wp","href":"https:\/\/api.w.org\/{rel}","templated":true}]}}