{"id":290979,"date":"2025-10-09T19:46:21","date_gmt":"2025-10-09T19:46:21","guid":{"rendered":"https:\/\/fashiongold.lt\/papuosalas\/balta-zelta-gredzens-ar-dimantiem-dimantu-rinda-290-ct\/"},"modified":"2026-02-17T14:01:04","modified_gmt":"2026-02-17T14:01:04","slug":"balta-zelta-gredzens-ar-dimantiem-dimantu-rinda-290-ct","status":"publish","type":"product","link":"https:\/\/fashiongold.lt\/lv\/papuosalas\/balta-zelta-gredzens-ar-dimantiem-dimantu-rinda-290-ct\/","title":{"rendered":"Balt\u0101 zelta gredzens ar dimantiem \u2013 dimantu rinda (2,90 ct)"},"content":{"rendered":"<p>Ra\u017eots Lietuv\u0101. Gredzens var tikt izgatavots p\u0113c pas\u016bt\u012bjuma: no sarkan\u0101, dzelten\u0101 un balt\u0101 zelta. Kop\u0113jais dimantu svars\/skaits var main\u012bties atkar\u012bb\u0101 no gredzena izm\u0113ra.\u00a0 \u00a0 \u00a0 \u00a0<\/p>\n<p>\u2022 Dimanta tips: Dab\u012bgs dimants\u00a0 \u00a0 \u00a0 \u00a0 \u00a0<\/p>\n<p>\u2022 Dimanta forma: Apa\u013ca forma (Round cut)\u00a0 \u00a0 \u00a0 \u00a0 \u00a0<\/p>\n<p>\u2022 Dimanta raksturojums: kop\u0113jais svars 2,90 ct, viena dimanta izm\u0113rs &#8211; 19 x 0,15 ct, kr\u0101sa G-H (RW-W); dzidrums VS-SI\u00a0 \u00a0 \u00a0 \u00a0<\/p>\n<p>\u2022 Sertifik\u0101ts: Lietuvas Prove\u0161anas pal\u0101ta (LPR)\u00a0 \u00a0 \u00a0 \u00a0 \u00a0 \u00a0<\/p>\n<p>\u2022 Gredzena zelts: 14K (585 prove)\u00a0 \u00a0 \u00a0 \u00a0 \u00a0 \u00a0<\/p>\n<p>\u2022 Gredzena kr\u0101sa: baltais zelts\u00a0 \u00a0 \u00a0 \u00a0 \u00a0 \u00a0 \u00a0<\/p>\n<p>\u2022 Gredzena svars: atkar\u012bgs no izm\u0113ra, aptuveni 3,00 &#8211; 5,00 g\u00a0 \u00a0 \u00a0 \u00a0 \u00a0 \u00a0<\/p>\n<p>\u2022 Gredzena izm\u0113ri: st\u012bpi\u0146as platums &#8211; 3,80 mm\u00a0 \u00a0 \u00a0 \u00a0<\/p>\n<p>\u2022 Izgatavo\u0161anas un pieg\u0101des termi\u0146\u0161 no 14 darba dien\u0101m\u00a0 \u00a0 \u00a0 \u00a0 \u00a0<\/p>\n<p><strong>Jums ir savs zelts? Sazinieties ar mums, m\u0113s p\u0101rr\u0113\u0137in\u0101sim cenu &#8211; j\u016bs maks\u0101siet tikai par gredzenu izgatavo\u0161anu.<\/strong><\/p>\n","protected":false},"excerpt":{"rendered":"<p>Unik\u0101la dimantu josli\u0146a (2,90 ct) \u2013 gredzens ar dimantiem, kas atspogu\u013co \u012bpa\u0161u p\u0101ra m\u012blest\u012bbas st\u0101stu. Skatienus piesaista mirdzo\u0161u dimantu \u0161arms, kas simboliz\u0113 m\u016b\u017e\u012bbu, iztur\u012bbu un greznu saikni. Gredzens ar dimantiem ir ilgm\u016b\u017e\u012bga v\u0113rt\u012bba, kas tiek nodota no paaudzes paaudz\u0113. T\u0101 ir ne tikai grezna rota, bet ar\u012b simbols ar lielu emocion\u0101lo v\u0113rt\u012bbu, kas atspogu\u013co m\u012blest\u012bbas sp\u0113ku un ap\u0146em\u0161anos. Piem\u0113rots saderin\u0101\u0161an\u0101s br\u012bdim, k\u0101z\u0101m un citiem \u012bpa\u0161iem gad\u012bjumiem.<\/p>\n","protected":false},"featured_media":64344,"template":"","meta":{"site-sidebar-layout":"","site-content-layout":"","ast-site-content-layout":"","site-content-style":"","site-sidebar-style":"","ast-global-header-display":"","ast-banner-title-visibility":"","ast-main-header-display":"","ast-hfb-above-header-display":"","ast-hfb-below-header-display":"","ast-hfb-mobile-header-display":"","site-post-title":"","ast-breadcrumbs-content":"","ast-featured-img":"","footer-sml-layout":"","ast-disable-related-posts":"","theme-transparent-header-meta":"","adv-header-id-meta":"","stick-header-meta":"","header-above-stick-meta":"","header-main-stick-meta":"","header-below-stick-meta":"","astra-migrate-meta-layouts":"default","ast-page-background-enabled":"default","ast-page-background-meta":{"desktop":{"background-color":"var(--ast-global-color-4)","background-image":"","background-repeat":"repeat","background-position":"center center","background-size":"auto","background-attachment":"scroll","background-type":"","background-media":"","overlay-type":"","overlay-color":"","overlay-opacity":"","overlay-gradient":""},"tablet":{"background-color":"","background-image":"","background-repeat":"repeat","background-position":"center center","background-size":"auto","background-attachment":"scroll","background-type":"","background-media":"","overlay-type":"","overlay-color":"","overlay-opacity":"","overlay-gradient":""},"mobile":{"background-color":"","background-image":"","background-repeat":"repeat","background-position":"center center","background-size":"auto","background-attachment":"scroll","background-type":"","background-media":"","overlay-type":"","overlay-color":"","overlay-opacity":"","overlay-gradient":""}},"ast-content-background-meta":{"desktop":{"background-color":"var(--ast-global-color-5)","background-image":"","background-repeat":"repeat","background-position":"center center","background-size":"auto","background-attachment":"scroll","background-type":"","background-media":"","overlay-type":"","overlay-color":"","overlay-opacity":"","overlay-gradient":""},"tablet":{"background-color":"var(--ast-global-color-5)","background-image":"","background-repeat":"repeat","background-position":"center center","background-size":"auto","background-attachment":"scroll","background-type":"","background-media":"","overlay-type":"","overlay-color":"","overlay-opacity":"","overlay-gradient":""},"mobile":{"background-color":"var(--ast-global-color-5)","background-image":"","background-repeat":"repeat","background-position":"center center","background-size":"auto","background-attachment":"scroll","background-type":"","background-media":"","overlay-type":"","overlay-color":"","overlay-opacity":"","overlay-gradient":""}}},"product_brand":[],"product_cat":[3522,2919,2915,2913,2921,2920,3403,2916,2914,2925,3721,3043,3741,3453,3524,3523,2922,3527,3616,2936,2918],"product_tag":[],"class_list":{"0":"post-290979","1":"product","2":"type-product","3":"status-publish","4":"has-post-thumbnail","6":"product_cat-balta-zelta-laulibu-gredzeni","7":"product_cat-baltzelta-rotaslietas","8":"product_cat-davanas-berna-piedzimsanai","9":"product_cat-davanas-dzimsanas-diena","10":"product_cat-davanas-ipasiem-gadijumiem","11":"product_cat-davanas-izlaidumam","12":"product_cat-davanas-kazam","13":"product_cat-davanas-kazu-gadadiena","14":"product_cat-davanas-sievietem","15":"product_cat-dimanta-lentinas","16":"product_cat-dimanta-stipina-ar-briljantiem","17":"product_cat-dimantu-josla-apkart-visam-gredzenam","18":"product_cat-ekskluzivi-laulibas-gredzeni-dizaineru-raditi","19":"product_cat-gredzeni-ar-dimantiem","20":"product_cat-kazu-gredzeni","21":"product_cat-klasiskie-laulibu-gredzeni","22":"product_cat-mates-dienas-davanas","23":"product_cat-moderni-kazu-gredzeni","24":"product_cat-sieviesu-laulibu-gredzeni","25":"product_cat-valentindienas-davanas","26":"product_cat-ziemassvetku-davanas","27":"desktop-align-center","28":"tablet-align-left","29":"mobile-align-left","30":"ast-product-gallery-layout-horizontal-slider","31":"ast-product-gallery-with-no-image","32":"ast-product-single-variable","33":"ast-product-tabs-layout-accordion","34":"ast-qv-on-image","36":"first","37":"instock","38":"taxable","39":"shipping-taxable","40":"purchasable","41":"product-type-variable"},"yoast_head":"<!-- This site is optimized with the Yoast SEO plugin v26.6 - https:\/\/yoast.com\/wordpress\/plugins\/seo\/ -->\n<title>Balt\u0101 zelta gredzens ar dimantiem - dimantu josla (2,90 ct)<\/title>\n<meta name=\"description\" content=\"Unik\u0101la dimantu josli\u0146a (2,90 ct) - gredzens ar dimantiem, kas atspogu\u013co \u012bpa\u0161u p\u0101ra m\u012blest\u012bbas st\u0101stu. Piem\u0113rots saderin\u0101\u0161an\u0101s gad\u012bjumiem, k\u0101z\u0101m un \u012bpa\u0161iem notikumiem.\" \/>\n<meta name=\"robots\" content=\"index, follow, max-snippet:-1, max-image-preview:large, max-video-preview:-1\" \/>\n<link rel=\"canonical\" href=\"https:\/\/fashiongold.lt\/lv\/papuosalas\/balta-zelta-gredzens-ar-dimantiem-dimantu-rinda-290-ct\/\" \/>\n<meta property=\"og:locale\" content=\"lv_LV\" \/>\n<meta property=\"og:type\" content=\"article\" \/>\n<meta property=\"og:title\" content=\"Balt\u0101 zelta gredzens ar dimantiem - dimantu josla (2,90 ct)\" \/>\n<meta property=\"og:description\" content=\"Unik\u0101la dimantu josli\u0146a (2,90 ct) - gredzens ar dimantiem, kas atspogu\u013co \u012bpa\u0161u p\u0101ra m\u012blest\u012bbas st\u0101stu. Piem\u0113rots saderin\u0101\u0161an\u0101s gad\u012bjumiem, k\u0101z\u0101m un \u012bpa\u0161iem notikumiem.\" \/>\n<meta property=\"og:url\" content=\"https:\/\/fashiongold.lt\/lv\/papuosalas\/balta-zelta-gredzens-ar-dimantiem-dimantu-rinda-290-ct\/\" \/>\n<meta property=\"og:site_name\" content=\"FashionGold.lt\" \/>\n<meta property=\"article:modified_time\" content=\"2026-02-17T14:01:04+00:00\" \/>\n<meta property=\"og:image\" content=\"https:\/\/fashiongold.lt\/wp-content\/uploads\/2025\/10\/6480-ff2-Balto-aukso-ziedas-su-deimantais-deimantine-juostele-290-ct.webp\" \/>\n\t<meta property=\"og:image:width\" content=\"1000\" \/>\n\t<meta property=\"og:image:height\" content=\"1000\" \/>\n\t<meta property=\"og:image:type\" content=\"image\/png\" \/>\n<meta name=\"twitter:card\" content=\"summary_large_image\" \/>\n<meta name=\"twitter:label1\" content=\"Est. reading time\" \/>\n\t<meta name=\"twitter:data1\" content=\"1 minute\" \/>\n<script type=\"application\/ld+json\" class=\"yoast-schema-graph\">{\"@context\":\"https:\/\/schema.org\",\"@graph\":[{\"@type\":\"WebPage\",\"@id\":\"https:\/\/fashiongold.lt\/lv\/papuosalas\/balta-zelta-gredzens-ar-dimantiem-dimantu-rinda-290-ct\/\",\"url\":\"https:\/\/fashiongold.lt\/lv\/papuosalas\/balta-zelta-gredzens-ar-dimantiem-dimantu-rinda-290-ct\/\",\"name\":\"Balt\u0101 zelta gredzens ar dimantiem - dimantu josla (2,90 ct)\",\"isPartOf\":{\"@id\":\"https:\/\/fashiongold.lt\/lv\/#website\"},\"primaryImageOfPage\":{\"@id\":\"https:\/\/fashiongold.lt\/lv\/papuosalas\/balta-zelta-gredzens-ar-dimantiem-dimantu-rinda-290-ct\/#primaryimage\"},\"image\":{\"@id\":\"https:\/\/fashiongold.lt\/lv\/papuosalas\/balta-zelta-gredzens-ar-dimantiem-dimantu-rinda-290-ct\/#primaryimage\"},\"thumbnailUrl\":\"https:\/\/fashiongold.lt\/wp-content\/uploads\/2025\/10\/6480-ff2-Balto-aukso-ziedas-su-deimantais-deimantine-juostele-290-ct.png\",\"datePublished\":\"2025-10-09T19:46:21+00:00\",\"dateModified\":\"2026-02-17T14:01:04+00:00\",\"description\":\"Unik\u0101la dimantu josli\u0146a (2,90 ct) - gredzens ar dimantiem, kas atspogu\u013co \u012bpa\u0161u p\u0101ra m\u012blest\u012bbas st\u0101stu. Piem\u0113rots saderin\u0101\u0161an\u0101s gad\u012bjumiem, k\u0101z\u0101m un \u012bpa\u0161iem notikumiem.\",\"breadcrumb\":{\"@id\":\"https:\/\/fashiongold.lt\/lv\/papuosalas\/balta-zelta-gredzens-ar-dimantiem-dimantu-rinda-290-ct\/#breadcrumb\"},\"inLanguage\":\"lv-LV\",\"potentialAction\":[{\"@type\":\"ReadAction\",\"target\":[\"https:\/\/fashiongold.lt\/lv\/papuosalas\/balta-zelta-gredzens-ar-dimantiem-dimantu-rinda-290-ct\/\"]}]},{\"@type\":\"ImageObject\",\"inLanguage\":\"lv-LV\",\"@id\":\"https:\/\/fashiongold.lt\/lv\/papuosalas\/balta-zelta-gredzens-ar-dimantiem-dimantu-rinda-290-ct\/#primaryimage\",\"url\":\"https:\/\/fashiongold.lt\/wp-content\/uploads\/2025\/10\/6480-ff2-Balto-aukso-ziedas-su-deimantais-deimantine-juostele-290-ct.png\",\"contentUrl\":\"https:\/\/fashiongold.lt\/wp-content\/uploads\/2025\/10\/6480-ff2-Balto-aukso-ziedas-su-deimantais-deimantine-juostele-290-ct.png\",\"width\":1000,\"height\":1000},{\"@type\":\"BreadcrumbList\",\"@id\":\"https:\/\/fashiongold.lt\/lv\/papuosalas\/balta-zelta-gredzens-ar-dimantiem-dimantu-rinda-290-ct\/#breadcrumb\",\"itemListElement\":[{\"@type\":\"ListItem\",\"position\":1,\"name\":\"Home\",\"item\":\"https:\/\/fashiongold.lt\/lv\/\"},{\"@type\":\"ListItem\",\"position\":2,\"name\":\"Dimantu veikals Fashiongold.lt\",\"item\":\"https:\/\/fashiongold.lt\/shop-2\/\"},{\"@type\":\"ListItem\",\"position\":3,\"name\":\"Balt\u0101 zelta gredzens ar dimantiem \u2013 dimantu rinda (2,90 ct)\"}]},{\"@type\":\"WebSite\",\"@id\":\"https:\/\/fashiongold.lt\/lv\/#website\",\"url\":\"https:\/\/fashiongold.lt\/lv\/\",\"name\":\"Fashion Gold\",\"description\":\"Juvelyrikos namai\",\"publisher\":{\"@id\":\"https:\/\/fashiongold.lt\/lv\/#organization\"},\"potentialAction\":[{\"@type\":\"SearchAction\",\"target\":{\"@type\":\"EntryPoint\",\"urlTemplate\":\"https:\/\/fashiongold.lt\/lv\/?s={search_term_string}\"},\"query-input\":{\"@type\":\"PropertyValueSpecification\",\"valueRequired\":true,\"valueName\":\"search_term_string\"}}],\"inLanguage\":\"lv-LV\"},{\"@type\":\"Organization\",\"@id\":\"https:\/\/fashiongold.lt\/lv\/#organization\",\"name\":\"Topdiamonds Online\",\"url\":\"https:\/\/fashiongold.lt\/lv\/\",\"logo\":{\"@type\":\"ImageObject\",\"inLanguage\":\"lv-LV\",\"@id\":\"https:\/\/fashiongold.lt\/lv\/#\/schema\/logo\/image\/\",\"url\":\"https:\/\/fashiongold.lt\/wp-content\/uploads\/2025\/04\/cropped-fashion_gold_logotipas2-scaled-1.png\",\"contentUrl\":\"https:\/\/fashiongold.lt\/wp-content\/uploads\/2025\/04\/cropped-fashion_gold_logotipas2-scaled-1.png\",\"width\":2559,\"height\":421,\"caption\":\"Topdiamonds Online\"},\"image\":{\"@id\":\"https:\/\/fashiongold.lt\/lv\/#\/schema\/logo\/image\/\"}}]}<\/script>\n<!-- \/ Yoast SEO plugin. -->","yoast_head_json":{"title":"Balt\u0101 zelta gredzens ar dimantiem - dimantu josla (2,90 ct)","description":"Unik\u0101la dimantu josli\u0146a (2,90 ct) - gredzens ar dimantiem, kas atspogu\u013co \u012bpa\u0161u p\u0101ra m\u012blest\u012bbas st\u0101stu. Piem\u0113rots saderin\u0101\u0161an\u0101s gad\u012bjumiem, k\u0101z\u0101m un \u012bpa\u0161iem notikumiem.","robots":{"index":"index","follow":"follow","max-snippet":"max-snippet:-1","max-image-preview":"max-image-preview:large","max-video-preview":"max-video-preview:-1"},"canonical":"https:\/\/fashiongold.lt\/lv\/papuosalas\/balta-zelta-gredzens-ar-dimantiem-dimantu-rinda-290-ct\/","og_locale":"lv_LV","og_type":"article","og_title":"Balt\u0101 zelta gredzens ar dimantiem - dimantu josla (2,90 ct)","og_description":"Unik\u0101la dimantu josli\u0146a (2,90 ct) - gredzens ar dimantiem, kas atspogu\u013co \u012bpa\u0161u p\u0101ra m\u012blest\u012bbas st\u0101stu. Piem\u0113rots saderin\u0101\u0161an\u0101s gad\u012bjumiem, k\u0101z\u0101m un \u012bpa\u0161iem notikumiem.","og_url":"https:\/\/fashiongold.lt\/lv\/papuosalas\/balta-zelta-gredzens-ar-dimantiem-dimantu-rinda-290-ct\/","og_site_name":"FashionGold.lt","article_modified_time":"2026-02-17T14:01:04+00:00","og_image":[{"width":1000,"height":1000,"url":"https:\/\/fashiongold.lt\/wp-content\/uploads\/2025\/10\/6480-ff2-Balto-aukso-ziedas-su-deimantais-deimantine-juostele-290-ct.webp","type":"image\/png"}],"twitter_card":"summary_large_image","twitter_misc":{"Est. reading time":"1 minute"},"schema":{"@context":"https:\/\/schema.org","@graph":[{"@type":"WebPage","@id":"https:\/\/fashiongold.lt\/lv\/papuosalas\/balta-zelta-gredzens-ar-dimantiem-dimantu-rinda-290-ct\/","url":"https:\/\/fashiongold.lt\/lv\/papuosalas\/balta-zelta-gredzens-ar-dimantiem-dimantu-rinda-290-ct\/","name":"Balt\u0101 zelta gredzens ar dimantiem - dimantu josla (2,90 ct)","isPartOf":{"@id":"https:\/\/fashiongold.lt\/lv\/#website"},"primaryImageOfPage":{"@id":"https:\/\/fashiongold.lt\/lv\/papuosalas\/balta-zelta-gredzens-ar-dimantiem-dimantu-rinda-290-ct\/#primaryimage"},"image":{"@id":"https:\/\/fashiongold.lt\/lv\/papuosalas\/balta-zelta-gredzens-ar-dimantiem-dimantu-rinda-290-ct\/#primaryimage"},"thumbnailUrl":"https:\/\/fashiongold.lt\/wp-content\/uploads\/2025\/10\/6480-ff2-Balto-aukso-ziedas-su-deimantais-deimantine-juostele-290-ct.png","datePublished":"2025-10-09T19:46:21+00:00","dateModified":"2026-02-17T14:01:04+00:00","description":"Unik\u0101la dimantu josli\u0146a (2,90 ct) - gredzens ar dimantiem, kas atspogu\u013co \u012bpa\u0161u p\u0101ra m\u012blest\u012bbas st\u0101stu. Piem\u0113rots saderin\u0101\u0161an\u0101s gad\u012bjumiem, k\u0101z\u0101m un \u012bpa\u0161iem notikumiem.","breadcrumb":{"@id":"https:\/\/fashiongold.lt\/lv\/papuosalas\/balta-zelta-gredzens-ar-dimantiem-dimantu-rinda-290-ct\/#breadcrumb"},"inLanguage":"lv-LV","potentialAction":[{"@type":"ReadAction","target":["https:\/\/fashiongold.lt\/lv\/papuosalas\/balta-zelta-gredzens-ar-dimantiem-dimantu-rinda-290-ct\/"]}]},{"@type":"ImageObject","inLanguage":"lv-LV","@id":"https:\/\/fashiongold.lt\/lv\/papuosalas\/balta-zelta-gredzens-ar-dimantiem-dimantu-rinda-290-ct\/#primaryimage","url":"https:\/\/fashiongold.lt\/wp-content\/uploads\/2025\/10\/6480-ff2-Balto-aukso-ziedas-su-deimantais-deimantine-juostele-290-ct.png","contentUrl":"https:\/\/fashiongold.lt\/wp-content\/uploads\/2025\/10\/6480-ff2-Balto-aukso-ziedas-su-deimantais-deimantine-juostele-290-ct.png","width":1000,"height":1000},{"@type":"BreadcrumbList","@id":"https:\/\/fashiongold.lt\/lv\/papuosalas\/balta-zelta-gredzens-ar-dimantiem-dimantu-rinda-290-ct\/#breadcrumb","itemListElement":[{"@type":"ListItem","position":1,"name":"Home","item":"https:\/\/fashiongold.lt\/lv\/"},{"@type":"ListItem","position":2,"name":"Dimantu veikals Fashiongold.lt","item":"https:\/\/fashiongold.lt\/shop-2\/"},{"@type":"ListItem","position":3,"name":"Balt\u0101 zelta gredzens ar dimantiem \u2013 dimantu rinda (2,90 ct)"}]},{"@type":"WebSite","@id":"https:\/\/fashiongold.lt\/lv\/#website","url":"https:\/\/fashiongold.lt\/lv\/","name":"Fashion Gold","description":"Juvelyrikos namai","publisher":{"@id":"https:\/\/fashiongold.lt\/lv\/#organization"},"potentialAction":[{"@type":"SearchAction","target":{"@type":"EntryPoint","urlTemplate":"https:\/\/fashiongold.lt\/lv\/?s={search_term_string}"},"query-input":{"@type":"PropertyValueSpecification","valueRequired":true,"valueName":"search_term_string"}}],"inLanguage":"lv-LV"},{"@type":"Organization","@id":"https:\/\/fashiongold.lt\/lv\/#organization","name":"Topdiamonds Online","url":"https:\/\/fashiongold.lt\/lv\/","logo":{"@type":"ImageObject","inLanguage":"lv-LV","@id":"https:\/\/fashiongold.lt\/lv\/#\/schema\/logo\/image\/","url":"https:\/\/fashiongold.lt\/wp-content\/uploads\/2025\/04\/cropped-fashion_gold_logotipas2-scaled-1.png","contentUrl":"https:\/\/fashiongold.lt\/wp-content\/uploads\/2025\/04\/cropped-fashion_gold_logotipas2-scaled-1.png","width":2559,"height":421,"caption":"Topdiamonds Online"},"image":{"@id":"https:\/\/fashiongold.lt\/lv\/#\/schema\/logo\/image\/"}}]}},"_links":{"self":[{"href":"https:\/\/fashiongold.lt\/lv\/wp-json\/wp\/v2\/product\/290979","targetHints":{"allow":["GET"]}}],"collection":[{"href":"https:\/\/fashiongold.lt\/lv\/wp-json\/wp\/v2\/product"}],"about":[{"href":"https:\/\/fashiongold.lt\/lv\/wp-json\/wp\/v2\/types\/product"}],"version-history":[{"count":0,"href":"https:\/\/fashiongold.lt\/lv\/wp-json\/wp\/v2\/product\/290979\/revisions"}],"wp:featuredmedia":[{"embeddable":true,"href":"https:\/\/fashiongold.lt\/lv\/wp-json\/wp\/v2\/media\/64344"}],"wp:attachment":[{"href":"https:\/\/fashiongold.lt\/lv\/wp-json\/wp\/v2\/media?parent=290979"}],"wp:term":[{"taxonomy":"product_brand","embeddable":true,"href":"https:\/\/fashiongold.lt\/lv\/wp-json\/wp\/v2\/product_brand?post=290979"},{"taxonomy":"product_cat","embeddable":true,"href":"https:\/\/fashiongold.lt\/lv\/wp-json\/wp\/v2\/product_cat?post=290979"},{"taxonomy":"product_tag","embeddable":true,"href":"https:\/\/fashiongold.lt\/lv\/wp-json\/wp\/v2\/product_tag?post=290979"}],"curies":[{"name":"wp","href":"https:\/\/api.w.org\/{rel}","templated":true}]}}