{"id":291089,"date":"2025-10-09T19:41:17","date_gmt":"2025-10-09T19:41:17","guid":{"rendered":"https:\/\/fashiongold.lt\/papuosalas\/modestas-kazu-gredzens-340-ct\/"},"modified":"2026-02-17T14:08:45","modified_gmt":"2026-02-17T14:08:45","slug":"modestas-kazu-gredzens-340-ct","status":"publish","type":"product","link":"https:\/\/fashiongold.lt\/lv\/papuosalas\/modestas-kazu-gredzens-340-ct\/","title":{"rendered":"MODESTAS K\u0100ZU GREDZENS (3,40 ct)"},"content":{"rendered":"<p>585. proves zelta gredzens ar 19 dimantiem, kuru kop\u0113jais svars ir aptuveni 3,40 ct (kr\u0101sa -RW-W, dzidrums VS-SI).\u00a0<\/p>\n<p>Pieejam\u0101s zelta kr\u0101sas &#8211; balta, dzeltena, sarkana, s\u0101rta.<\/p>\n<p>\u0160\u012b cena nor\u0101d\u012bta 15, 15,5, 16, 16,5 un 17 izm\u0113riem. Ja nepiecie\u0161ams cits izm\u0113rs, labpr\u0101t pie\u0146emsim pas\u016bt\u012bjumu izgatavo\u0161anai.<\/p>\n<p>Gredzena svars ir aptuveni 3-5 grami, atkar\u012bb\u0101 no izm\u0113ra.<\/p>\n<p>Varam izgatavot no J\u016bsu zelta \u2013 par cenu j\u0101vienojas \u2013 info@fashiongold.lt<\/p>\n","protected":false},"excerpt":{"rendered":"<p>Ekskluz\u012bvi grezns k\u0101zu gredzens ar briljantiem. D\u0101rgakme\u0146i apvij visu gredzenu, t\u0101p\u0113c tas sniegs daudz laimes un liks justies k\u0101 \u012bstai karalienei.<\/p>\n","protected":false},"featured_media":63984,"template":"","meta":{"site-sidebar-layout":"","site-content-layout":"","ast-site-content-layout":"","site-content-style":"","site-sidebar-style":"","ast-global-header-display":"","ast-banner-title-visibility":"","ast-main-header-display":"","ast-hfb-above-header-display":"","ast-hfb-below-header-display":"","ast-hfb-mobile-header-display":"","site-post-title":"","ast-breadcrumbs-content":"","ast-featured-img":"","footer-sml-layout":"","ast-disable-related-posts":"","theme-transparent-header-meta":"","adv-header-id-meta":"","stick-header-meta":"","header-above-stick-meta":"","header-main-stick-meta":"","header-below-stick-meta":"","astra-migrate-meta-layouts":"default","ast-page-background-enabled":"default","ast-page-background-meta":{"desktop":{"background-color":"var(--ast-global-color-4)","background-image":"","background-repeat":"repeat","background-position":"center center","background-size":"auto","background-attachment":"scroll","background-type":"","background-media":"","overlay-type":"","overlay-color":"","overlay-opacity":"","overlay-gradient":""},"tablet":{"background-color":"","background-image":"","background-repeat":"repeat","background-position":"center center","background-size":"auto","background-attachment":"scroll","background-type":"","background-media":"","overlay-type":"","overlay-color":"","overlay-opacity":"","overlay-gradient":""},"mobile":{"background-color":"","background-image":"","background-repeat":"repeat","background-position":"center center","background-size":"auto","background-attachment":"scroll","background-type":"","background-media":"","overlay-type":"","overlay-color":"","overlay-opacity":"","overlay-gradient":""}},"ast-content-background-meta":{"desktop":{"background-color":"var(--ast-global-color-5)","background-image":"","background-repeat":"repeat","background-position":"center center","background-size":"auto","background-attachment":"scroll","background-type":"","background-media":"","overlay-type":"","overlay-color":"","overlay-opacity":"","overlay-gradient":""},"tablet":{"background-color":"var(--ast-global-color-5)","background-image":"","background-repeat":"repeat","background-position":"center center","background-size":"auto","background-attachment":"scroll","background-type":"","background-media":"","overlay-type":"","overlay-color":"","overlay-opacity":"","overlay-gradient":""},"mobile":{"background-color":"var(--ast-global-color-5)","background-image":"","background-repeat":"repeat","background-position":"center center","background-size":"auto","background-attachment":"scroll","background-type":"","background-media":"","overlay-type":"","overlay-color":"","overlay-opacity":"","overlay-gradient":""}}},"product_brand":[],"product_cat":[2925,3721,3524,3794,4058],"product_tag":[],"class_list":{"0":"post-291089","1":"product","2":"type-product","3":"status-publish","4":"has-post-thumbnail","6":"product_cat-dimanta-lentinas","7":"product_cat-dimanta-stipina-ar-briljantiem","8":"product_cat-kazu-gredzeni","9":"product_cat-kazu-gredzenu-izgatavosana","10":"product_cat-paveiktie-darbi-laulibu-gredzeni","11":"desktop-align-center","12":"tablet-align-left","13":"mobile-align-left","14":"ast-product-gallery-layout-horizontal-slider","15":"ast-product-gallery-with-no-image","16":"ast-product-single-variable","17":"ast-product-tabs-layout-accordion","18":"ast-qv-on-image","20":"first","21":"instock","22":"taxable","23":"shipping-taxable","24":"purchasable","25":"product-type-variable"},"yoast_head":"<!-- This site is optimized with the Yoast SEO plugin v26.6 - https:\/\/yoast.com\/wordpress\/plugins\/seo\/ -->\n<title>P\u0113c pas\u016bt\u012bjuma izgatavoti laul\u012bbas gredzeni<\/title>\n<meta name=\"description\" content=\"Klientu pas\u016bt\u012bti k\u0101zu zelta gredzeni. | Tiek pie\u0146emti pas\u016bt\u012bjumi individu\u0101lai izgatavo\u0161anai Jums. | Izgatavojam ar\u012b no J\u016bsu zelta. | Ra\u017eots Lietuv\u0101.\" \/>\n<meta name=\"robots\" content=\"index, follow, max-snippet:-1, max-image-preview:large, max-video-preview:-1\" \/>\n<link rel=\"canonical\" href=\"https:\/\/fashiongold.lt\/lv\/papuosalas\/modestas-kazu-gredzens-340-ct\/\" \/>\n<meta property=\"og:locale\" content=\"lv_LV\" \/>\n<meta property=\"og:type\" content=\"article\" \/>\n<meta property=\"og:title\" content=\"P\u0113c pas\u016bt\u012bjuma izgatavoti laul\u012bbas gredzeni\" \/>\n<meta property=\"og:description\" content=\"Klientu pas\u016bt\u012bti k\u0101zu zelta gredzeni. | Tiek pie\u0146emti pas\u016bt\u012bjumi individu\u0101lai izgatavo\u0161anai Jums. | Izgatavojam ar\u012b no J\u016bsu zelta. | Ra\u017eots Lietuv\u0101.\" \/>\n<meta property=\"og:url\" content=\"https:\/\/fashiongold.lt\/lv\/papuosalas\/modestas-kazu-gredzens-340-ct\/\" \/>\n<meta property=\"og:site_name\" content=\"FashionGold.lt\" \/>\n<meta property=\"article:modified_time\" content=\"2026-02-17T14:08:45+00:00\" \/>\n<meta property=\"og:image\" content=\"https:\/\/fashiongold.lt\/wp-content\/uploads\/2025\/10\/2988-5ad-Vestuviniai-ziedai.webp\" \/>\n\t<meta property=\"og:image:width\" content=\"1000\" \/>\n\t<meta property=\"og:image:height\" content=\"1300\" \/>\n\t<meta property=\"og:image:type\" content=\"image\/jpeg\" \/>\n<meta name=\"twitter:card\" content=\"summary_large_image\" \/>\n<script type=\"application\/ld+json\" class=\"yoast-schema-graph\">{\"@context\":\"https:\/\/schema.org\",\"@graph\":[{\"@type\":\"WebPage\",\"@id\":\"https:\/\/fashiongold.lt\/lv\/papuosalas\/modestas-kazu-gredzens-340-ct\/\",\"url\":\"https:\/\/fashiongold.lt\/lv\/papuosalas\/modestas-kazu-gredzens-340-ct\/\",\"name\":\"P\u0113c pas\u016bt\u012bjuma izgatavoti laul\u012bbas gredzeni\",\"isPartOf\":{\"@id\":\"https:\/\/fashiongold.lt\/lv\/#website\"},\"primaryImageOfPage\":{\"@id\":\"https:\/\/fashiongold.lt\/lv\/papuosalas\/modestas-kazu-gredzens-340-ct\/#primaryimage\"},\"image\":{\"@id\":\"https:\/\/fashiongold.lt\/lv\/papuosalas\/modestas-kazu-gredzens-340-ct\/#primaryimage\"},\"thumbnailUrl\":\"https:\/\/fashiongold.lt\/wp-content\/uploads\/2025\/10\/2988-5ad-Vestuviniai-ziedai.jpg\",\"datePublished\":\"2025-10-09T19:41:17+00:00\",\"dateModified\":\"2026-02-17T14:08:45+00:00\",\"description\":\"Klientu pas\u016bt\u012bti k\u0101zu zelta gredzeni. | Tiek pie\u0146emti pas\u016bt\u012bjumi individu\u0101lai izgatavo\u0161anai Jums. | Izgatavojam ar\u012b no J\u016bsu zelta. | Ra\u017eots Lietuv\u0101.\",\"breadcrumb\":{\"@id\":\"https:\/\/fashiongold.lt\/lv\/papuosalas\/modestas-kazu-gredzens-340-ct\/#breadcrumb\"},\"inLanguage\":\"lv-LV\",\"potentialAction\":[{\"@type\":\"ReadAction\",\"target\":[\"https:\/\/fashiongold.lt\/lv\/papuosalas\/modestas-kazu-gredzens-340-ct\/\"]}]},{\"@type\":\"ImageObject\",\"inLanguage\":\"lv-LV\",\"@id\":\"https:\/\/fashiongold.lt\/lv\/papuosalas\/modestas-kazu-gredzens-340-ct\/#primaryimage\",\"url\":\"https:\/\/fashiongold.lt\/wp-content\/uploads\/2025\/10\/2988-5ad-Vestuviniai-ziedai.jpg\",\"contentUrl\":\"https:\/\/fashiongold.lt\/wp-content\/uploads\/2025\/10\/2988-5ad-Vestuviniai-ziedai.jpg\",\"width\":1000,\"height\":1300},{\"@type\":\"BreadcrumbList\",\"@id\":\"https:\/\/fashiongold.lt\/lv\/papuosalas\/modestas-kazu-gredzens-340-ct\/#breadcrumb\",\"itemListElement\":[{\"@type\":\"ListItem\",\"position\":1,\"name\":\"Home\",\"item\":\"https:\/\/fashiongold.lt\/lv\/\"},{\"@type\":\"ListItem\",\"position\":2,\"name\":\"Dimantu veikals Fashiongold.lt\",\"item\":\"https:\/\/fashiongold.lt\/shop-2\/\"},{\"@type\":\"ListItem\",\"position\":3,\"name\":\"MODESTAS K\u0100ZU GREDZENS (3,40 ct)\"}]},{\"@type\":\"WebSite\",\"@id\":\"https:\/\/fashiongold.lt\/lv\/#website\",\"url\":\"https:\/\/fashiongold.lt\/lv\/\",\"name\":\"Fashion Gold\",\"description\":\"Juvelyrikos namai\",\"publisher\":{\"@id\":\"https:\/\/fashiongold.lt\/lv\/#organization\"},\"potentialAction\":[{\"@type\":\"SearchAction\",\"target\":{\"@type\":\"EntryPoint\",\"urlTemplate\":\"https:\/\/fashiongold.lt\/lv\/?s={search_term_string}\"},\"query-input\":{\"@type\":\"PropertyValueSpecification\",\"valueRequired\":true,\"valueName\":\"search_term_string\"}}],\"inLanguage\":\"lv-LV\"},{\"@type\":\"Organization\",\"@id\":\"https:\/\/fashiongold.lt\/lv\/#organization\",\"name\":\"Topdiamonds Online\",\"url\":\"https:\/\/fashiongold.lt\/lv\/\",\"logo\":{\"@type\":\"ImageObject\",\"inLanguage\":\"lv-LV\",\"@id\":\"https:\/\/fashiongold.lt\/lv\/#\/schema\/logo\/image\/\",\"url\":\"https:\/\/fashiongold.lt\/wp-content\/uploads\/2025\/04\/cropped-fashion_gold_logotipas2-scaled-1.png\",\"contentUrl\":\"https:\/\/fashiongold.lt\/wp-content\/uploads\/2025\/04\/cropped-fashion_gold_logotipas2-scaled-1.png\",\"width\":2559,\"height\":421,\"caption\":\"Topdiamonds Online\"},\"image\":{\"@id\":\"https:\/\/fashiongold.lt\/lv\/#\/schema\/logo\/image\/\"}}]}<\/script>\n<!-- \/ Yoast SEO plugin. -->","yoast_head_json":{"title":"P\u0113c pas\u016bt\u012bjuma izgatavoti laul\u012bbas gredzeni","description":"Klientu pas\u016bt\u012bti k\u0101zu zelta gredzeni. | Tiek pie\u0146emti pas\u016bt\u012bjumi individu\u0101lai izgatavo\u0161anai Jums. | Izgatavojam ar\u012b no J\u016bsu zelta. | Ra\u017eots Lietuv\u0101.","robots":{"index":"index","follow":"follow","max-snippet":"max-snippet:-1","max-image-preview":"max-image-preview:large","max-video-preview":"max-video-preview:-1"},"canonical":"https:\/\/fashiongold.lt\/lv\/papuosalas\/modestas-kazu-gredzens-340-ct\/","og_locale":"lv_LV","og_type":"article","og_title":"P\u0113c pas\u016bt\u012bjuma izgatavoti laul\u012bbas gredzeni","og_description":"Klientu pas\u016bt\u012bti k\u0101zu zelta gredzeni. | Tiek pie\u0146emti pas\u016bt\u012bjumi individu\u0101lai izgatavo\u0161anai Jums. | Izgatavojam ar\u012b no J\u016bsu zelta. | Ra\u017eots Lietuv\u0101.","og_url":"https:\/\/fashiongold.lt\/lv\/papuosalas\/modestas-kazu-gredzens-340-ct\/","og_site_name":"FashionGold.lt","article_modified_time":"2026-02-17T14:08:45+00:00","og_image":[{"width":1000,"height":1300,"url":"https:\/\/fashiongold.lt\/wp-content\/uploads\/2025\/10\/2988-5ad-Vestuviniai-ziedai.webp","type":"image\/jpeg"}],"twitter_card":"summary_large_image","schema":{"@context":"https:\/\/schema.org","@graph":[{"@type":"WebPage","@id":"https:\/\/fashiongold.lt\/lv\/papuosalas\/modestas-kazu-gredzens-340-ct\/","url":"https:\/\/fashiongold.lt\/lv\/papuosalas\/modestas-kazu-gredzens-340-ct\/","name":"P\u0113c pas\u016bt\u012bjuma izgatavoti laul\u012bbas gredzeni","isPartOf":{"@id":"https:\/\/fashiongold.lt\/lv\/#website"},"primaryImageOfPage":{"@id":"https:\/\/fashiongold.lt\/lv\/papuosalas\/modestas-kazu-gredzens-340-ct\/#primaryimage"},"image":{"@id":"https:\/\/fashiongold.lt\/lv\/papuosalas\/modestas-kazu-gredzens-340-ct\/#primaryimage"},"thumbnailUrl":"https:\/\/fashiongold.lt\/wp-content\/uploads\/2025\/10\/2988-5ad-Vestuviniai-ziedai.jpg","datePublished":"2025-10-09T19:41:17+00:00","dateModified":"2026-02-17T14:08:45+00:00","description":"Klientu pas\u016bt\u012bti k\u0101zu zelta gredzeni. | Tiek pie\u0146emti pas\u016bt\u012bjumi individu\u0101lai izgatavo\u0161anai Jums. | Izgatavojam ar\u012b no J\u016bsu zelta. | Ra\u017eots Lietuv\u0101.","breadcrumb":{"@id":"https:\/\/fashiongold.lt\/lv\/papuosalas\/modestas-kazu-gredzens-340-ct\/#breadcrumb"},"inLanguage":"lv-LV","potentialAction":[{"@type":"ReadAction","target":["https:\/\/fashiongold.lt\/lv\/papuosalas\/modestas-kazu-gredzens-340-ct\/"]}]},{"@type":"ImageObject","inLanguage":"lv-LV","@id":"https:\/\/fashiongold.lt\/lv\/papuosalas\/modestas-kazu-gredzens-340-ct\/#primaryimage","url":"https:\/\/fashiongold.lt\/wp-content\/uploads\/2025\/10\/2988-5ad-Vestuviniai-ziedai.jpg","contentUrl":"https:\/\/fashiongold.lt\/wp-content\/uploads\/2025\/10\/2988-5ad-Vestuviniai-ziedai.jpg","width":1000,"height":1300},{"@type":"BreadcrumbList","@id":"https:\/\/fashiongold.lt\/lv\/papuosalas\/modestas-kazu-gredzens-340-ct\/#breadcrumb","itemListElement":[{"@type":"ListItem","position":1,"name":"Home","item":"https:\/\/fashiongold.lt\/lv\/"},{"@type":"ListItem","position":2,"name":"Dimantu veikals Fashiongold.lt","item":"https:\/\/fashiongold.lt\/shop-2\/"},{"@type":"ListItem","position":3,"name":"MODESTAS K\u0100ZU GREDZENS (3,40 ct)"}]},{"@type":"WebSite","@id":"https:\/\/fashiongold.lt\/lv\/#website","url":"https:\/\/fashiongold.lt\/lv\/","name":"Fashion Gold","description":"Juvelyrikos namai","publisher":{"@id":"https:\/\/fashiongold.lt\/lv\/#organization"},"potentialAction":[{"@type":"SearchAction","target":{"@type":"EntryPoint","urlTemplate":"https:\/\/fashiongold.lt\/lv\/?s={search_term_string}"},"query-input":{"@type":"PropertyValueSpecification","valueRequired":true,"valueName":"search_term_string"}}],"inLanguage":"lv-LV"},{"@type":"Organization","@id":"https:\/\/fashiongold.lt\/lv\/#organization","name":"Topdiamonds Online","url":"https:\/\/fashiongold.lt\/lv\/","logo":{"@type":"ImageObject","inLanguage":"lv-LV","@id":"https:\/\/fashiongold.lt\/lv\/#\/schema\/logo\/image\/","url":"https:\/\/fashiongold.lt\/wp-content\/uploads\/2025\/04\/cropped-fashion_gold_logotipas2-scaled-1.png","contentUrl":"https:\/\/fashiongold.lt\/wp-content\/uploads\/2025\/04\/cropped-fashion_gold_logotipas2-scaled-1.png","width":2559,"height":421,"caption":"Topdiamonds Online"},"image":{"@id":"https:\/\/fashiongold.lt\/lv\/#\/schema\/logo\/image\/"}}]}},"_links":{"self":[{"href":"https:\/\/fashiongold.lt\/lv\/wp-json\/wp\/v2\/product\/291089","targetHints":{"allow":["GET"]}}],"collection":[{"href":"https:\/\/fashiongold.lt\/lv\/wp-json\/wp\/v2\/product"}],"about":[{"href":"https:\/\/fashiongold.lt\/lv\/wp-json\/wp\/v2\/types\/product"}],"version-history":[{"count":0,"href":"https:\/\/fashiongold.lt\/lv\/wp-json\/wp\/v2\/product\/291089\/revisions"}],"wp:featuredmedia":[{"embeddable":true,"href":"https:\/\/fashiongold.lt\/lv\/wp-json\/wp\/v2\/media\/63984"}],"wp:attachment":[{"href":"https:\/\/fashiongold.lt\/lv\/wp-json\/wp\/v2\/media?parent=291089"}],"wp:term":[{"taxonomy":"product_brand","embeddable":true,"href":"https:\/\/fashiongold.lt\/lv\/wp-json\/wp\/v2\/product_brand?post=291089"},{"taxonomy":"product_cat","embeddable":true,"href":"https:\/\/fashiongold.lt\/lv\/wp-json\/wp\/v2\/product_cat?post=291089"},{"taxonomy":"product_tag","embeddable":true,"href":"https:\/\/fashiongold.lt\/lv\/wp-json\/wp\/v2\/product_tag?post=291089"}],"curies":[{"name":"wp","href":"https:\/\/api.w.org\/{rel}","templated":true}]}}