{"id":291154,"date":"2025-10-09T19:34:45","date_gmt":"2025-10-09T19:34:45","guid":{"rendered":"https:\/\/fashiongold.lt\/papuosalas\/gredzens-ar-briljantu-daudz-zvaigznu-140-ct\/"},"modified":"2026-02-17T14:09:41","modified_gmt":"2026-02-17T14:09:41","slug":"gredzens-ar-briljantu-daudz-zvaigznu-140-ct","status":"publish","type":"product","link":"https:\/\/fashiongold.lt\/lv\/papuosalas\/gredzens-ar-briljantu-daudz-zvaigznu-140-ct\/","title":{"rendered":"Gredzens ar briljantu \u201eDaudz zvaig\u017e\u0146u\u201d (1,40 ct)"},"content":{"rendered":"<p>Arvien vair\u0101k sievie\u0161u izv\u0113las \u0161os gredzenus k\u0101 laul\u012bbas gredzenus vai k\u0101 papildin\u0101jumu laul\u012bbas gredzenam. T\u0101 ir ar\u012b lieliska d\u0101vana, kas vi\u0146u p\u0101rsteigs.<\/p>\n<\/p>\n<p>585. proves zelta gredzens, kur\u0101 iestr\u0101d\u0101ti 28 dimanti ar kop\u0113jo svaru aptuveni 1,40 ct (kr\u0101sa -RW-W, dzidrums VS-SI).\u00a0<\/p>\n<p>Pieejam\u0101s zelta kr\u0101sas \u2013 balta, dzeltena, sarkana, roz\u0101.<\/p>\n<p>\u0160\u012b cena ir nor\u0101d\u012bta 15., 15,5, 16., 16,5 un 17. izm\u0113ram. Ja nepiecie\u0161ams cits izm\u0113rs, labpr\u0101t pie\u0146emsim pas\u016bt\u012bjumu izgatavo\u0161anai.<\/p>\n<p>Gredzena svars ir aptuveni 3-5 grami atkar\u012bb\u0101 no izm\u0113ra.<\/p>\n<p>Varam izgatavot no J\u016bsu zelta \u2013 cena j\u0101saska\u0146o \u2013 info@fashiongold.lt<\/p>\n","protected":false},"excerpt":{"rendered":"<p><span style=\"color: #374151; font-family: S\u00f6hne, ui-sans-serif, system-ui, -apple-system, Segoe UI, Roboto, Ubuntu, Cantarell, Noto Sans, sans-serif, Helvetica Neue, Arial, Apple Color Emoji, Segoe UI Emoji, Segoe UI Symbol, Noto Color Emoji;\"><span style=\"font-size: 16px; white-space-collapse: preserve; background-color: #f7f7f8;\">Dimantu st\u012bpi\u0146as ir mirdzo\u0161u d\u0101rgakme\u0146u rota, kas pie\u0161\u0137ir eleganci un grezn\u012bbu j\u016bsu t\u0113lam. \u0160\u012bs smalk\u0101s un mirdzo\u0161\u0101s st\u012bpi\u0146as ir izgatavotas no augst\u0101k\u0101s kvalit\u0101tes dimantiem ar izsmalcin\u0101tu minim\u0101lisma dizainu, kas apbur visus. <\/span><\/span><\/p>\n","protected":false},"featured_media":63110,"template":"","meta":{"site-sidebar-layout":"","site-content-layout":"","ast-site-content-layout":"","site-content-style":"","site-sidebar-style":"","ast-global-header-display":"","ast-banner-title-visibility":"","ast-main-header-display":"","ast-hfb-above-header-display":"","ast-hfb-below-header-display":"","ast-hfb-mobile-header-display":"","site-post-title":"","ast-breadcrumbs-content":"","ast-featured-img":"","footer-sml-layout":"","ast-disable-related-posts":"","theme-transparent-header-meta":"","adv-header-id-meta":"","stick-header-meta":"","header-above-stick-meta":"","header-main-stick-meta":"","header-below-stick-meta":"","astra-migrate-meta-layouts":"default","ast-page-background-enabled":"default","ast-page-background-meta":{"desktop":{"background-color":"var(--ast-global-color-4)","background-image":"","background-repeat":"repeat","background-position":"center center","background-size":"auto","background-attachment":"scroll","background-type":"","background-media":"","overlay-type":"","overlay-color":"","overlay-opacity":"","overlay-gradient":""},"tablet":{"background-color":"","background-image":"","background-repeat":"repeat","background-position":"center center","background-size":"auto","background-attachment":"scroll","background-type":"","background-media":"","overlay-type":"","overlay-color":"","overlay-opacity":"","overlay-gradient":""},"mobile":{"background-color":"","background-image":"","background-repeat":"repeat","background-position":"center center","background-size":"auto","background-attachment":"scroll","background-type":"","background-media":"","overlay-type":"","overlay-color":"","overlay-opacity":"","overlay-gradient":""}},"ast-content-background-meta":{"desktop":{"background-color":"var(--ast-global-color-5)","background-image":"","background-repeat":"repeat","background-position":"center center","background-size":"auto","background-attachment":"scroll","background-type":"","background-media":"","overlay-type":"","overlay-color":"","overlay-opacity":"","overlay-gradient":""},"tablet":{"background-color":"var(--ast-global-color-5)","background-image":"","background-repeat":"repeat","background-position":"center center","background-size":"auto","background-attachment":"scroll","background-type":"","background-media":"","overlay-type":"","overlay-color":"","overlay-opacity":"","overlay-gradient":""},"mobile":{"background-color":"var(--ast-global-color-5)","background-image":"","background-repeat":"repeat","background-position":"center center","background-size":"auto","background-attachment":"scroll","background-type":"","background-media":"","overlay-type":"","overlay-color":"","overlay-opacity":"","overlay-gradient":""}}},"product_brand":[],"product_cat":[2924,3522,2921,2916,2914,2925,3721,3043,3453,3042,3524,3809,3523,2922,3439,3616,4104,2936],"product_tag":[],"class_list":{"0":"post-291154","1":"product","2":"type-product","3":"status-publish","4":"has-post-thumbnail","6":"product_cat-balta-zelta-dimantu-stipinas","7":"product_cat-balta-zelta-laulibu-gredzeni","8":"product_cat-davanas-ipasiem-gadijumiem","9":"product_cat-davanas-kazu-gadadiena","10":"product_cat-davanas-sievietem","11":"product_cat-dimanta-lentinas","12":"product_cat-dimanta-stipina-ar-briljantiem","13":"product_cat-dimantu-josla-apkart-visam-gredzenam","14":"product_cat-gredzeni-ar-dimantiem","15":"product_cat-juvelierizstradajumi","16":"product_cat-kazu-gredzeni","17":"product_cat-kazu-gredzeni-ar-briljantiem","18":"product_cat-klasiskie-laulibu-gredzeni","19":"product_cat-mates-dienas-davanas","20":"product_cat-saderinasanas-gredzeni","21":"product_cat-sieviesu-laulibu-gredzeni","22":"product_cat-top-laulibu-gredzeni","23":"product_cat-valentindienas-davanas","24":"desktop-align-center","25":"tablet-align-left","26":"mobile-align-left","27":"ast-product-gallery-layout-horizontal-slider","28":"ast-product-gallery-with-no-image","29":"ast-product-single-variable","30":"ast-product-tabs-layout-accordion","31":"ast-qv-on-image","33":"first","34":"instock","35":"taxable","36":"shipping-taxable","37":"purchasable","38":"product-type-variable"},"yoast_head":"<!-- This site is optimized with the Yoast SEO plugin v26.6 - https:\/\/yoast.com\/wordpress\/plugins\/seo\/ -->\n<title>Gredzens ar briljantu \u201eDaudz zvaig\u017e\u0146u\u201d<\/title>\n<meta name=\"description\" content=\"Gredzens ar briljantu \u201eDaudz zvaig\u017e\u0146u\u201d ir lieliska d\u0101vana sievietei saderin\u0101\u0161an\u0101s, dzim\u0161anas dienas, Ziemassv\u0113tku vai Valent\u012bna dienas gad\u012bjum\u0101, kura v\u0113las \u012bpa\u0161u rotaslietu ar melno dimantu.\" \/>\n<meta name=\"robots\" content=\"index, follow, max-snippet:-1, max-image-preview:large, max-video-preview:-1\" \/>\n<link rel=\"canonical\" href=\"https:\/\/fashiongold.lt\/lv\/papuosalas\/gredzens-ar-briljantu-daudz-zvaigznu-140-ct\/\" \/>\n<meta property=\"og:locale\" content=\"lv_LV\" \/>\n<meta property=\"og:type\" content=\"article\" \/>\n<meta property=\"og:title\" content=\"Gredzens ar briljantu \u201eDaudz zvaig\u017e\u0146u\u201d\" \/>\n<meta property=\"og:description\" content=\"Gredzens ar briljantu \u201eDaudz zvaig\u017e\u0146u\u201d ir lieliska d\u0101vana sievietei saderin\u0101\u0161an\u0101s, dzim\u0161anas dienas, Ziemassv\u0113tku vai Valent\u012bna dienas gad\u012bjum\u0101, kura v\u0113las \u012bpa\u0161u rotaslietu ar melno dimantu.\" \/>\n<meta property=\"og:url\" content=\"https:\/\/fashiongold.lt\/lv\/papuosalas\/gredzens-ar-briljantu-daudz-zvaigznu-140-ct\/\" \/>\n<meta property=\"og:site_name\" content=\"FashionGold.lt\" \/>\n<meta property=\"article:modified_time\" content=\"2026-02-17T14:09:41+00:00\" \/>\n<meta property=\"og:image\" content=\"https:\/\/fashiongold.lt\/wp-content\/uploads\/2025\/10\/2905-bde-Ziedas-su-briliantu-Daugybe-zvaigzdziu.webp\" \/>\n\t<meta property=\"og:image:width\" content=\"1000\" \/>\n\t<meta property=\"og:image:height\" content=\"1000\" \/>\n\t<meta property=\"og:image:type\" content=\"image\/png\" \/>\n<meta name=\"twitter:card\" content=\"summary_large_image\" \/>\n<meta name=\"twitter:label1\" content=\"Est. reading time\" \/>\n\t<meta name=\"twitter:data1\" content=\"1 minute\" \/>\n<script type=\"application\/ld+json\" class=\"yoast-schema-graph\">{\"@context\":\"https:\/\/schema.org\",\"@graph\":[{\"@type\":\"WebPage\",\"@id\":\"https:\/\/fashiongold.lt\/lv\/papuosalas\/gredzens-ar-briljantu-daudz-zvaigznu-140-ct\/\",\"url\":\"https:\/\/fashiongold.lt\/lv\/papuosalas\/gredzens-ar-briljantu-daudz-zvaigznu-140-ct\/\",\"name\":\"Gredzens ar briljantu \u201eDaudz zvaig\u017e\u0146u\u201d\",\"isPartOf\":{\"@id\":\"https:\/\/fashiongold.lt\/lv\/#website\"},\"primaryImageOfPage\":{\"@id\":\"https:\/\/fashiongold.lt\/lv\/papuosalas\/gredzens-ar-briljantu-daudz-zvaigznu-140-ct\/#primaryimage\"},\"image\":{\"@id\":\"https:\/\/fashiongold.lt\/lv\/papuosalas\/gredzens-ar-briljantu-daudz-zvaigznu-140-ct\/#primaryimage\"},\"thumbnailUrl\":\"https:\/\/fashiongold.lt\/wp-content\/uploads\/2025\/10\/2905-bde-Ziedas-su-briliantu-Daugybe-zvaigzdziu.png\",\"datePublished\":\"2025-10-09T19:34:45+00:00\",\"dateModified\":\"2026-02-17T14:09:41+00:00\",\"description\":\"Gredzens ar briljantu \u201eDaudz zvaig\u017e\u0146u\u201d ir lieliska d\u0101vana sievietei saderin\u0101\u0161an\u0101s, dzim\u0161anas dienas, Ziemassv\u0113tku vai Valent\u012bna dienas gad\u012bjum\u0101, kura v\u0113las \u012bpa\u0161u rotaslietu ar melno dimantu.\",\"breadcrumb\":{\"@id\":\"https:\/\/fashiongold.lt\/lv\/papuosalas\/gredzens-ar-briljantu-daudz-zvaigznu-140-ct\/#breadcrumb\"},\"inLanguage\":\"lv-LV\",\"potentialAction\":[{\"@type\":\"ReadAction\",\"target\":[\"https:\/\/fashiongold.lt\/lv\/papuosalas\/gredzens-ar-briljantu-daudz-zvaigznu-140-ct\/\"]}]},{\"@type\":\"ImageObject\",\"inLanguage\":\"lv-LV\",\"@id\":\"https:\/\/fashiongold.lt\/lv\/papuosalas\/gredzens-ar-briljantu-daudz-zvaigznu-140-ct\/#primaryimage\",\"url\":\"https:\/\/fashiongold.lt\/wp-content\/uploads\/2025\/10\/2905-bde-Ziedas-su-briliantu-Daugybe-zvaigzdziu.png\",\"contentUrl\":\"https:\/\/fashiongold.lt\/wp-content\/uploads\/2025\/10\/2905-bde-Ziedas-su-briliantu-Daugybe-zvaigzdziu.png\",\"width\":1000,\"height\":1000},{\"@type\":\"BreadcrumbList\",\"@id\":\"https:\/\/fashiongold.lt\/lv\/papuosalas\/gredzens-ar-briljantu-daudz-zvaigznu-140-ct\/#breadcrumb\",\"itemListElement\":[{\"@type\":\"ListItem\",\"position\":1,\"name\":\"Home\",\"item\":\"https:\/\/fashiongold.lt\/lv\/\"},{\"@type\":\"ListItem\",\"position\":2,\"name\":\"Dimantu veikals Fashiongold.lt\",\"item\":\"https:\/\/fashiongold.lt\/shop-2\/\"},{\"@type\":\"ListItem\",\"position\":3,\"name\":\"Gredzens ar briljantu \u201eDaudz zvaig\u017e\u0146u\u201d (1,40 ct)\"}]},{\"@type\":\"WebSite\",\"@id\":\"https:\/\/fashiongold.lt\/lv\/#website\",\"url\":\"https:\/\/fashiongold.lt\/lv\/\",\"name\":\"Fashion Gold\",\"description\":\"Juvelyrikos namai\",\"publisher\":{\"@id\":\"https:\/\/fashiongold.lt\/lv\/#organization\"},\"potentialAction\":[{\"@type\":\"SearchAction\",\"target\":{\"@type\":\"EntryPoint\",\"urlTemplate\":\"https:\/\/fashiongold.lt\/lv\/?s={search_term_string}\"},\"query-input\":{\"@type\":\"PropertyValueSpecification\",\"valueRequired\":true,\"valueName\":\"search_term_string\"}}],\"inLanguage\":\"lv-LV\"},{\"@type\":\"Organization\",\"@id\":\"https:\/\/fashiongold.lt\/lv\/#organization\",\"name\":\"Topdiamonds Online\",\"url\":\"https:\/\/fashiongold.lt\/lv\/\",\"logo\":{\"@type\":\"ImageObject\",\"inLanguage\":\"lv-LV\",\"@id\":\"https:\/\/fashiongold.lt\/lv\/#\/schema\/logo\/image\/\",\"url\":\"https:\/\/fashiongold.lt\/wp-content\/uploads\/2025\/04\/cropped-fashion_gold_logotipas2-scaled-1.png\",\"contentUrl\":\"https:\/\/fashiongold.lt\/wp-content\/uploads\/2025\/04\/cropped-fashion_gold_logotipas2-scaled-1.png\",\"width\":2559,\"height\":421,\"caption\":\"Topdiamonds Online\"},\"image\":{\"@id\":\"https:\/\/fashiongold.lt\/lv\/#\/schema\/logo\/image\/\"}}]}<\/script>\n<!-- \/ Yoast SEO plugin. -->","yoast_head_json":{"title":"Gredzens ar briljantu \u201eDaudz zvaig\u017e\u0146u\u201d","description":"Gredzens ar briljantu \u201eDaudz zvaig\u017e\u0146u\u201d ir lieliska d\u0101vana sievietei saderin\u0101\u0161an\u0101s, dzim\u0161anas dienas, Ziemassv\u0113tku vai Valent\u012bna dienas gad\u012bjum\u0101, kura v\u0113las \u012bpa\u0161u rotaslietu ar melno dimantu.","robots":{"index":"index","follow":"follow","max-snippet":"max-snippet:-1","max-image-preview":"max-image-preview:large","max-video-preview":"max-video-preview:-1"},"canonical":"https:\/\/fashiongold.lt\/lv\/papuosalas\/gredzens-ar-briljantu-daudz-zvaigznu-140-ct\/","og_locale":"lv_LV","og_type":"article","og_title":"Gredzens ar briljantu \u201eDaudz zvaig\u017e\u0146u\u201d","og_description":"Gredzens ar briljantu \u201eDaudz zvaig\u017e\u0146u\u201d ir lieliska d\u0101vana sievietei saderin\u0101\u0161an\u0101s, dzim\u0161anas dienas, Ziemassv\u0113tku vai Valent\u012bna dienas gad\u012bjum\u0101, kura v\u0113las \u012bpa\u0161u rotaslietu ar melno dimantu.","og_url":"https:\/\/fashiongold.lt\/lv\/papuosalas\/gredzens-ar-briljantu-daudz-zvaigznu-140-ct\/","og_site_name":"FashionGold.lt","article_modified_time":"2026-02-17T14:09:41+00:00","og_image":[{"width":1000,"height":1000,"url":"https:\/\/fashiongold.lt\/wp-content\/uploads\/2025\/10\/2905-bde-Ziedas-su-briliantu-Daugybe-zvaigzdziu.webp","type":"image\/png"}],"twitter_card":"summary_large_image","twitter_misc":{"Est. reading time":"1 minute"},"schema":{"@context":"https:\/\/schema.org","@graph":[{"@type":"WebPage","@id":"https:\/\/fashiongold.lt\/lv\/papuosalas\/gredzens-ar-briljantu-daudz-zvaigznu-140-ct\/","url":"https:\/\/fashiongold.lt\/lv\/papuosalas\/gredzens-ar-briljantu-daudz-zvaigznu-140-ct\/","name":"Gredzens ar briljantu \u201eDaudz zvaig\u017e\u0146u\u201d","isPartOf":{"@id":"https:\/\/fashiongold.lt\/lv\/#website"},"primaryImageOfPage":{"@id":"https:\/\/fashiongold.lt\/lv\/papuosalas\/gredzens-ar-briljantu-daudz-zvaigznu-140-ct\/#primaryimage"},"image":{"@id":"https:\/\/fashiongold.lt\/lv\/papuosalas\/gredzens-ar-briljantu-daudz-zvaigznu-140-ct\/#primaryimage"},"thumbnailUrl":"https:\/\/fashiongold.lt\/wp-content\/uploads\/2025\/10\/2905-bde-Ziedas-su-briliantu-Daugybe-zvaigzdziu.png","datePublished":"2025-10-09T19:34:45+00:00","dateModified":"2026-02-17T14:09:41+00:00","description":"Gredzens ar briljantu \u201eDaudz zvaig\u017e\u0146u\u201d ir lieliska d\u0101vana sievietei saderin\u0101\u0161an\u0101s, dzim\u0161anas dienas, Ziemassv\u0113tku vai Valent\u012bna dienas gad\u012bjum\u0101, kura v\u0113las \u012bpa\u0161u rotaslietu ar melno dimantu.","breadcrumb":{"@id":"https:\/\/fashiongold.lt\/lv\/papuosalas\/gredzens-ar-briljantu-daudz-zvaigznu-140-ct\/#breadcrumb"},"inLanguage":"lv-LV","potentialAction":[{"@type":"ReadAction","target":["https:\/\/fashiongold.lt\/lv\/papuosalas\/gredzens-ar-briljantu-daudz-zvaigznu-140-ct\/"]}]},{"@type":"ImageObject","inLanguage":"lv-LV","@id":"https:\/\/fashiongold.lt\/lv\/papuosalas\/gredzens-ar-briljantu-daudz-zvaigznu-140-ct\/#primaryimage","url":"https:\/\/fashiongold.lt\/wp-content\/uploads\/2025\/10\/2905-bde-Ziedas-su-briliantu-Daugybe-zvaigzdziu.png","contentUrl":"https:\/\/fashiongold.lt\/wp-content\/uploads\/2025\/10\/2905-bde-Ziedas-su-briliantu-Daugybe-zvaigzdziu.png","width":1000,"height":1000},{"@type":"BreadcrumbList","@id":"https:\/\/fashiongold.lt\/lv\/papuosalas\/gredzens-ar-briljantu-daudz-zvaigznu-140-ct\/#breadcrumb","itemListElement":[{"@type":"ListItem","position":1,"name":"Home","item":"https:\/\/fashiongold.lt\/lv\/"},{"@type":"ListItem","position":2,"name":"Dimantu veikals Fashiongold.lt","item":"https:\/\/fashiongold.lt\/shop-2\/"},{"@type":"ListItem","position":3,"name":"Gredzens ar briljantu \u201eDaudz zvaig\u017e\u0146u\u201d (1,40 ct)"}]},{"@type":"WebSite","@id":"https:\/\/fashiongold.lt\/lv\/#website","url":"https:\/\/fashiongold.lt\/lv\/","name":"Fashion Gold","description":"Juvelyrikos namai","publisher":{"@id":"https:\/\/fashiongold.lt\/lv\/#organization"},"potentialAction":[{"@type":"SearchAction","target":{"@type":"EntryPoint","urlTemplate":"https:\/\/fashiongold.lt\/lv\/?s={search_term_string}"},"query-input":{"@type":"PropertyValueSpecification","valueRequired":true,"valueName":"search_term_string"}}],"inLanguage":"lv-LV"},{"@type":"Organization","@id":"https:\/\/fashiongold.lt\/lv\/#organization","name":"Topdiamonds Online","url":"https:\/\/fashiongold.lt\/lv\/","logo":{"@type":"ImageObject","inLanguage":"lv-LV","@id":"https:\/\/fashiongold.lt\/lv\/#\/schema\/logo\/image\/","url":"https:\/\/fashiongold.lt\/wp-content\/uploads\/2025\/04\/cropped-fashion_gold_logotipas2-scaled-1.png","contentUrl":"https:\/\/fashiongold.lt\/wp-content\/uploads\/2025\/04\/cropped-fashion_gold_logotipas2-scaled-1.png","width":2559,"height":421,"caption":"Topdiamonds Online"},"image":{"@id":"https:\/\/fashiongold.lt\/lv\/#\/schema\/logo\/image\/"}}]}},"_links":{"self":[{"href":"https:\/\/fashiongold.lt\/lv\/wp-json\/wp\/v2\/product\/291154","targetHints":{"allow":["GET"]}}],"collection":[{"href":"https:\/\/fashiongold.lt\/lv\/wp-json\/wp\/v2\/product"}],"about":[{"href":"https:\/\/fashiongold.lt\/lv\/wp-json\/wp\/v2\/types\/product"}],"version-history":[{"count":0,"href":"https:\/\/fashiongold.lt\/lv\/wp-json\/wp\/v2\/product\/291154\/revisions"}],"wp:featuredmedia":[{"embeddable":true,"href":"https:\/\/fashiongold.lt\/lv\/wp-json\/wp\/v2\/media\/63110"}],"wp:attachment":[{"href":"https:\/\/fashiongold.lt\/lv\/wp-json\/wp\/v2\/media?parent=291154"}],"wp:term":[{"taxonomy":"product_brand","embeddable":true,"href":"https:\/\/fashiongold.lt\/lv\/wp-json\/wp\/v2\/product_brand?post=291154"},{"taxonomy":"product_cat","embeddable":true,"href":"https:\/\/fashiongold.lt\/lv\/wp-json\/wp\/v2\/product_cat?post=291154"},{"taxonomy":"product_tag","embeddable":true,"href":"https:\/\/fashiongold.lt\/lv\/wp-json\/wp\/v2\/product_tag?post=291154"}],"curies":[{"name":"wp","href":"https:\/\/api.w.org\/{rel}","templated":true}]}}