{"id":291164,"date":"2025-10-09T19:33:33","date_gmt":"2025-10-09T19:33:33","guid":{"rendered":"https:\/\/fashiongold.lt\/papuosalas\/seminars-krasainie-dimanti-no-ka-ir-atkariga-krasaino-dimantu-cena\/"},"modified":"2026-02-17T14:09:49","modified_gmt":"2026-02-17T14:09:49","slug":"seminars-krasainie-dimanti-no-ka-ir-atkariga-krasaino-dimantu-cena","status":"publish","type":"product","link":"https:\/\/fashiongold.lt\/lv\/papuosalas\/seminars-krasainie-dimanti-no-ka-ir-atkariga-krasaino-dimantu-cena\/","title":{"rendered":"Semin\u0101rs \u2013 Kr\u0101sainie dimanti. No k\u0101 ir atkar\u012bga kr\u0101saino dimantu cena?"},"content":{"rendered":"<h2>Semin\u0101rs \u2013 Kr\u0101sainie dimanti. No k\u0101 ir atkar\u012bga kr\u0101saino dimantu cena?<\/h2>\n<\/p>\n<ul style=\"list-style-type: square;\">\n<li>\n<p>Cien\u0101sim ar: kafiju, t\u0113ju, gl\u0101zi dzirksto\u0161\u0101 vai sarkan\u0101\/balt\u0101 v\u012bna.<\/p>\n<\/li>\n<li>35,00 Eur \/ personai.<\/li>\n<li>\n<p><span style=\"background-color: #ffffff; color: #1f1f1f; font-family: 'Google Sans', Roboto, sans-serif; font-size: 12px; white-space-collapse: preserve;\">Dal\u012bbnieku skaits: no 6 l\u012bdz 20 person\u0101m.<\/span><\/p>\n<\/li>\n<li>\n<p><span style=\"background-color: #ffffff; color: #1f1f1f; font-family: 'Google Sans', Roboto, sans-serif; font-size: 12px; white-space-collapse: preserve;\">Pas\u0101kuma ilgums: 1,5 st. &#8211; 3 st.<\/span><\/p>\n<\/li>\n<li>\n<p><span style=\"background-color: #ffffff; color: #1f1f1f; font-family: 'Google Sans', Roboto, sans-serif; font-size: 12px; white-space-collapse: preserve;\">Pas\u0101kuma vieta: <\/span><span style=\"color: #1f1f1f; font-family: Google Sans, Roboto, sans-serif;\"><span style=\"font-size: 12px; white-space-collapse: preserve;\">Fashion Gold veikals, Pam\u0113nkalnio g. 5, Vi\u013c\u0146a vai iesp\u0113jams saska\u0146ot individu\u0101li +37061008501 vai pa e-pastu info@fashiongold.lt.<\/span><\/span><\/p>\n<\/li>\n<li>\n<p><span style=\"color: #1f1f1f; font-family: Google Sans, Roboto, sans-serif;\"><span style=\"font-size: 12px; white-space-collapse: preserve;\">Pas\u0101kuma datums un laiks: <\/span><span style=\"font-size: 12px; white-space-collapse: preserve;\">saska\u0146ojam individu\u0101li +37061008501 vai pa e-pastu info@fashiongold.lt.<\/span><\/span><\/p>\n<\/li>\n<li><span style=\"color: #1f1f1f; font-family: Google Sans, Roboto, sans-serif;\"><span style=\"font-size: 12px; white-space-collapse: preserve;\">Lai ieg\u016btu s\u012bk\u0101ku inform\u0101ciju, varat sazin\u0101ties pa e-pastu info@fashiongold.lt vai +37061008501.<\/span><\/span><span style=\"color: #1f1f1f; font-family: Google Sans, Roboto, sans-serif;\"><span style=\"font-size: 12px; white-space-collapse: preserve;\"><\/span><\/span><span style=\"color: #1f1f1f; font-family: Google Sans, Roboto, sans-serif;\"><span style=\"font-size: 12px; white-space-collapse: preserve;\"><\/span><\/span><span style=\"color: #1f1f1f; font-family: Google Sans, Roboto, sans-serif;\"><span style=\"font-size: 12px; white-space-collapse: preserve;\"><\/span><\/span><span style=\"color: #1f1f1f; font-family: Google Sans, Roboto, sans-serif;\"><span style=\"font-size: 12px; white-space-collapse: preserve;\"><\/span><\/span><\/li>\n<\/ul>\n<p><span style=\"color: #1f1f1f; font-family: Google Sans, Roboto, sans-serif;\"><span style=\"font-size: 12px; white-space-collapse: preserve;\"><\/span><\/span><\/p>\n<p><span style=\"color: #1f1f1f; font-family: Google Sans, Roboto, sans-serif;\"><span style=\"font-size: 12px; white-space-collapse: preserve;\">\u0160is semin\u0101rs var tikt novad\u012bts J\u016bsu izv\u0113l\u0113t\u0101 viet\u0101 (p\u0113c J\u016bsu v\u0113l\u0113\u0161an\u0101s).<\/span><\/span><\/p>\n<ul style=\"list-style-type: square;\">\n<li>\n<p><span style=\"color: #1f1f1f; font-family: Google Sans, Roboto, sans-serif;\"><span style=\"font-size: 12px; white-space-collapse: preserve;\">Cena: 250,00 Eur.<\/span><\/span><span style=\"color: #1f1f1f; font-family: Google Sans, Roboto, sans-serif;\"><span style=\"font-size: 12px; white-space-collapse: preserve;\"><\/span><\/span><\/p>\n<\/li>\n<li>\n<p><span style=\"color: #1f1f1f; font-family: Google Sans, Roboto, sans-serif;\"><span style=\"font-size: 12px; white-space-collapse: preserve;\">Dal\u012bbnieku skaits: neierobe\u017eots.<\/span><\/span><\/p>\n<\/li>\n<li>\n<p><span style=\"background-color: #ffffff; color: #1f1f1f; font-family: 'Google Sans', Roboto, sans-serif; font-size: 12px; white-space-collapse: preserve;\">Pas\u0101kuma ilgums: 1,5 st. &#8211; 3 st.<\/span><\/p>\n<\/li>\n<li>\n<p><span style=\"color: #1f1f1f; font-family: Google Sans, Roboto, sans-serif;\"><span style=\"font-size: 12px; white-space-collapse: preserve;\">Pas\u0101kuma datums un laiks: <\/span><span style=\"font-size: 12px; white-space-collapse: preserve;\">saska\u0146ojam individu\u0101li +37061008501 vai pa e-pastu info@fashiongold.lt.<\/span><\/span><\/p>\n<\/li>\n<\/ul>\n<p><span style=\"color: #1f1f1f; font-family: Google Sans, Roboto, sans-serif;\"><span style=\"font-size: 12px; white-space-collapse: preserve;\"><\/span><\/span><\/p>\n<p><span style=\"background-color: #ffffff; color: #1f1f1f; font-family: 'Google Sans', Roboto, sans-serif; font-size: 12px; white-space-collapse: preserve;\"><\/span><\/p>\n","protected":false},"excerpt":{"rendered":"<p>Kr\u0101sainie dimanti ir grezn\u012bba un m\u016bsdienu pasaul\u0113 tie ir k\u0101 stila deta\u013ca. T\u0101p\u0113c arvien bie\u017e\u0101k cilv\u0113ki v\u0113las rot\u0101ties ar kaut ko neparastu, dabiska skaistuma apvelt\u012btu un t\u0101du, kas eleganti mirdz.<\/p>\n<p>Kr\u0101saino dimantu p\u0101rdo\u0161anas apjomi p\u0113d\u0113jo 10 gadu laik\u0101 ir pieaugu\u0161i l\u012bdz pat 10 reiz\u0113m. Semin\u0101ra laik\u0101 juvelierizstr\u0101d\u0101jumu un d\u0101rgakme\u0146u eksperte J\u016blija Gerliha iepaz\u012bstin\u0101s ar galvenaj\u0101m \u012bpa\u0161\u012bb\u0101m, past\u0101st\u012bs interesantus faktus un paskaidros, k\u0101p\u0113c d\u0101rgakme\u0146u cenas tik \u013coti at\u0161\u0137iras un kam piev\u0113rst uzman\u012bbu.<\/p>\n","protected":false},"featured_media":62575,"template":"","meta":{"site-sidebar-layout":"default","site-content-layout":"","ast-site-content-layout":"default","site-content-style":"default","site-sidebar-style":"default","ast-global-header-display":"","ast-banner-title-visibility":"","ast-main-header-display":"","ast-hfb-above-header-display":"","ast-hfb-below-header-display":"","ast-hfb-mobile-header-display":"","site-post-title":"","ast-breadcrumbs-content":"","ast-featured-img":"","footer-sml-layout":"","ast-disable-related-posts":"","theme-transparent-header-meta":"default","adv-header-id-meta":"","stick-header-meta":"","header-above-stick-meta":"","header-main-stick-meta":"","header-below-stick-meta":"","astra-migrate-meta-layouts":"default","ast-page-background-enabled":"default","ast-page-background-meta":{"desktop":{"background-color":"var(--ast-global-color-4)","background-image":"","background-repeat":"repeat","background-position":"center center","background-size":"auto","background-attachment":"scroll","background-type":"","background-media":"","overlay-type":"","overlay-color":"","overlay-opacity":"","overlay-gradient":""},"tablet":{"background-color":"","background-image":"","background-repeat":"repeat","background-position":"center center","background-size":"auto","background-attachment":"scroll","background-type":"","background-media":"","overlay-type":"","overlay-color":"","overlay-opacity":"","overlay-gradient":""},"mobile":{"background-color":"","background-image":"","background-repeat":"repeat","background-position":"center center","background-size":"auto","background-attachment":"scroll","background-type":"","background-media":"","overlay-type":"","overlay-color":"","overlay-opacity":"","overlay-gradient":""}},"ast-content-background-meta":{"desktop":{"background-color":"var(--ast-global-color-5)","background-image":"","background-repeat":"repeat","background-position":"center center","background-size":"auto","background-attachment":"scroll","background-type":"","background-media":"","overlay-type":"","overlay-color":"","overlay-opacity":"","overlay-gradient":""},"tablet":{"background-color":"var(--ast-global-color-5)","background-image":"","background-repeat":"repeat","background-position":"center center","background-size":"auto","background-attachment":"scroll","background-type":"","background-media":"","overlay-type":"","overlay-color":"","overlay-opacity":"","overlay-gradient":""},"mobile":{"background-color":"var(--ast-global-color-5)","background-image":"","background-repeat":"repeat","background-position":"center center","background-size":"auto","background-attachment":"scroll","background-type":"","background-media":"","overlay-type":"","overlay-color":"","overlay-opacity":"","overlay-gradient":""}}},"product_brand":[],"product_cat":[4109],"product_tag":[],"class_list":{"0":"post-291164","1":"product","2":"type-product","3":"status-publish","4":"has-post-thumbnail","6":"product_cat-dimantu-seminari","7":"desktop-align-center","8":"tablet-align-left","9":"mobile-align-left","10":"ast-product-gallery-layout-horizontal-slider","11":"ast-product-tabs-layout-accordion","12":"ast-qv-on-image","14":"first","15":"instock","16":"taxable","17":"shipping-taxable","18":"purchasable","19":"product-type-simple"},"yoast_head":"<!-- This site is optimized with the Yoast SEO plugin v26.6 - https:\/\/yoast.com\/wordpress\/plugins\/seo\/ -->\n<title>Semin\u0101rs \u2013 Kr\u0101sainie dimanti. No k\u0101 ir atkar\u012bga kr\u0101saino dimantu cena? - FashionGold.lt<\/title>\n<meta name=\"robots\" content=\"index, follow, max-snippet:-1, max-image-preview:large, max-video-preview:-1\" \/>\n<link rel=\"canonical\" href=\"https:\/\/fashiongold.lt\/lv\/papuosalas\/seminars-krasainie-dimanti-no-ka-ir-atkariga-krasaino-dimantu-cena\/\" \/>\n<meta property=\"og:locale\" content=\"lv_LV\" \/>\n<meta property=\"og:type\" content=\"article\" \/>\n<meta property=\"og:title\" content=\"Semin\u0101rs \u2013 Kr\u0101sainie dimanti. No k\u0101 ir atkar\u012bga kr\u0101saino dimantu cena? - FashionGold.lt\" \/>\n<meta property=\"og:description\" content=\"Kr\u0101sainie dimanti ir grezn\u012bba un m\u016bsdienu pasaul\u0113 tie ir k\u0101 stila deta\u013ca. T\u0101p\u0113c arvien bie\u017e\u0101k cilv\u0113ki v\u0113las rot\u0101ties ar kaut ko neparastu, dabiska skaistuma apvelt\u012btu un t\u0101du, kas eleganti mirdz. Kr\u0101saino dimantu p\u0101rdo\u0161anas apjomi p\u0113d\u0113jo 10 gadu laik\u0101 ir pieaugu\u0161i l\u012bdz pat 10 reiz\u0113m. Semin\u0101ra laik\u0101 juvelierizstr\u0101d\u0101jumu un d\u0101rgakme\u0146u eksperte J\u016blija Gerliha iepaz\u012bstin\u0101s ar galvenaj\u0101m \u012bpa\u0161\u012bb\u0101m, past\u0101st\u012bs interesantus faktus un paskaidros, k\u0101p\u0113c d\u0101rgakme\u0146u cenas tik \u013coti at\u0161\u0137iras un kam piev\u0113rst uzman\u012bbu.\" \/>\n<meta property=\"og:url\" content=\"https:\/\/fashiongold.lt\/lv\/papuosalas\/seminars-krasainie-dimanti-no-ka-ir-atkariga-krasaino-dimantu-cena\/\" \/>\n<meta property=\"og:site_name\" content=\"FashionGold.lt\" \/>\n<meta property=\"article:modified_time\" content=\"2026-02-17T14:09:49+00:00\" \/>\n<meta property=\"og:image\" content=\"https:\/\/fashiongold.lt\/wp-content\/uploads\/2025\/10\/2468-5fc-Seminaras-Spalvoti-deimantai.-Nuo-ko-priklauso-spalvotu-deimantu-kaina.webp\" \/>\n\t<meta property=\"og:image:width\" content=\"1000\" \/>\n\t<meta property=\"og:image:height\" content=\"1000\" \/>\n\t<meta property=\"og:image:type\" content=\"image\/png\" \/>\n<meta name=\"twitter:card\" content=\"summary_large_image\" \/>\n<meta name=\"twitter:label1\" content=\"Est. reading time\" \/>\n\t<meta name=\"twitter:data1\" content=\"1 minute\" \/>\n<script type=\"application\/ld+json\" class=\"yoast-schema-graph\">{\"@context\":\"https:\/\/schema.org\",\"@graph\":[{\"@type\":\"WebPage\",\"@id\":\"https:\/\/fashiongold.lt\/lv\/papuosalas\/seminars-krasainie-dimanti-no-ka-ir-atkariga-krasaino-dimantu-cena\/\",\"url\":\"https:\/\/fashiongold.lt\/lv\/papuosalas\/seminars-krasainie-dimanti-no-ka-ir-atkariga-krasaino-dimantu-cena\/\",\"name\":\"Semin\u0101rs \u2013 Kr\u0101sainie dimanti. No k\u0101 ir atkar\u012bga kr\u0101saino dimantu cena? - FashionGold.lt\",\"isPartOf\":{\"@id\":\"https:\/\/fashiongold.lt\/lv\/#website\"},\"primaryImageOfPage\":{\"@id\":\"https:\/\/fashiongold.lt\/lv\/papuosalas\/seminars-krasainie-dimanti-no-ka-ir-atkariga-krasaino-dimantu-cena\/#primaryimage\"},\"image\":{\"@id\":\"https:\/\/fashiongold.lt\/lv\/papuosalas\/seminars-krasainie-dimanti-no-ka-ir-atkariga-krasaino-dimantu-cena\/#primaryimage\"},\"thumbnailUrl\":\"https:\/\/fashiongold.lt\/wp-content\/uploads\/2025\/10\/2468-5fc-Seminaras-Spalvoti-deimantai.-Nuo-ko-priklauso-spalvotu-deimantu-kaina.png\",\"datePublished\":\"2025-10-09T19:33:33+00:00\",\"dateModified\":\"2026-02-17T14:09:49+00:00\",\"breadcrumb\":{\"@id\":\"https:\/\/fashiongold.lt\/lv\/papuosalas\/seminars-krasainie-dimanti-no-ka-ir-atkariga-krasaino-dimantu-cena\/#breadcrumb\"},\"inLanguage\":\"lv-LV\",\"potentialAction\":[{\"@type\":\"ReadAction\",\"target\":[\"https:\/\/fashiongold.lt\/lv\/papuosalas\/seminars-krasainie-dimanti-no-ka-ir-atkariga-krasaino-dimantu-cena\/\"]}]},{\"@type\":\"ImageObject\",\"inLanguage\":\"lv-LV\",\"@id\":\"https:\/\/fashiongold.lt\/lv\/papuosalas\/seminars-krasainie-dimanti-no-ka-ir-atkariga-krasaino-dimantu-cena\/#primaryimage\",\"url\":\"https:\/\/fashiongold.lt\/wp-content\/uploads\/2025\/10\/2468-5fc-Seminaras-Spalvoti-deimantai.-Nuo-ko-priklauso-spalvotu-deimantu-kaina.png\",\"contentUrl\":\"https:\/\/fashiongold.lt\/wp-content\/uploads\/2025\/10\/2468-5fc-Seminaras-Spalvoti-deimantai.-Nuo-ko-priklauso-spalvotu-deimantu-kaina.png\",\"width\":1000,\"height\":1000},{\"@type\":\"BreadcrumbList\",\"@id\":\"https:\/\/fashiongold.lt\/lv\/papuosalas\/seminars-krasainie-dimanti-no-ka-ir-atkariga-krasaino-dimantu-cena\/#breadcrumb\",\"itemListElement\":[{\"@type\":\"ListItem\",\"position\":1,\"name\":\"Home\",\"item\":\"https:\/\/fashiongold.lt\/lv\/\"},{\"@type\":\"ListItem\",\"position\":2,\"name\":\"Dimantu veikals Fashiongold.lt\",\"item\":\"https:\/\/fashiongold.lt\/shop-2\/\"},{\"@type\":\"ListItem\",\"position\":3,\"name\":\"Semin\u0101rs \u2013 Kr\u0101sainie dimanti. No k\u0101 ir atkar\u012bga kr\u0101saino dimantu cena?\"}]},{\"@type\":\"WebSite\",\"@id\":\"https:\/\/fashiongold.lt\/lv\/#website\",\"url\":\"https:\/\/fashiongold.lt\/lv\/\",\"name\":\"Fashion Gold\",\"description\":\"Juvelyrikos namai\",\"publisher\":{\"@id\":\"https:\/\/fashiongold.lt\/lv\/#organization\"},\"potentialAction\":[{\"@type\":\"SearchAction\",\"target\":{\"@type\":\"EntryPoint\",\"urlTemplate\":\"https:\/\/fashiongold.lt\/lv\/?s={search_term_string}\"},\"query-input\":{\"@type\":\"PropertyValueSpecification\",\"valueRequired\":true,\"valueName\":\"search_term_string\"}}],\"inLanguage\":\"lv-LV\"},{\"@type\":\"Organization\",\"@id\":\"https:\/\/fashiongold.lt\/lv\/#organization\",\"name\":\"Topdiamonds Online\",\"url\":\"https:\/\/fashiongold.lt\/lv\/\",\"logo\":{\"@type\":\"ImageObject\",\"inLanguage\":\"lv-LV\",\"@id\":\"https:\/\/fashiongold.lt\/lv\/#\/schema\/logo\/image\/\",\"url\":\"https:\/\/fashiongold.lt\/wp-content\/uploads\/2025\/04\/cropped-fashion_gold_logotipas2-scaled-1.png\",\"contentUrl\":\"https:\/\/fashiongold.lt\/wp-content\/uploads\/2025\/04\/cropped-fashion_gold_logotipas2-scaled-1.png\",\"width\":2559,\"height\":421,\"caption\":\"Topdiamonds Online\"},\"image\":{\"@id\":\"https:\/\/fashiongold.lt\/lv\/#\/schema\/logo\/image\/\"}}]}<\/script>\n<!-- \/ Yoast SEO plugin. -->","yoast_head_json":{"title":"Semin\u0101rs \u2013 Kr\u0101sainie dimanti. No k\u0101 ir atkar\u012bga kr\u0101saino dimantu cena? - FashionGold.lt","robots":{"index":"index","follow":"follow","max-snippet":"max-snippet:-1","max-image-preview":"max-image-preview:large","max-video-preview":"max-video-preview:-1"},"canonical":"https:\/\/fashiongold.lt\/lv\/papuosalas\/seminars-krasainie-dimanti-no-ka-ir-atkariga-krasaino-dimantu-cena\/","og_locale":"lv_LV","og_type":"article","og_title":"Semin\u0101rs \u2013 Kr\u0101sainie dimanti. No k\u0101 ir atkar\u012bga kr\u0101saino dimantu cena? - FashionGold.lt","og_description":"Kr\u0101sainie dimanti ir grezn\u012bba un m\u016bsdienu pasaul\u0113 tie ir k\u0101 stila deta\u013ca. T\u0101p\u0113c arvien bie\u017e\u0101k cilv\u0113ki v\u0113las rot\u0101ties ar kaut ko neparastu, dabiska skaistuma apvelt\u012btu un t\u0101du, kas eleganti mirdz. Kr\u0101saino dimantu p\u0101rdo\u0161anas apjomi p\u0113d\u0113jo 10 gadu laik\u0101 ir pieaugu\u0161i l\u012bdz pat 10 reiz\u0113m. Semin\u0101ra laik\u0101 juvelierizstr\u0101d\u0101jumu un d\u0101rgakme\u0146u eksperte J\u016blija Gerliha iepaz\u012bstin\u0101s ar galvenaj\u0101m \u012bpa\u0161\u012bb\u0101m, past\u0101st\u012bs interesantus faktus un paskaidros, k\u0101p\u0113c d\u0101rgakme\u0146u cenas tik \u013coti at\u0161\u0137iras un kam piev\u0113rst uzman\u012bbu.","og_url":"https:\/\/fashiongold.lt\/lv\/papuosalas\/seminars-krasainie-dimanti-no-ka-ir-atkariga-krasaino-dimantu-cena\/","og_site_name":"FashionGold.lt","article_modified_time":"2026-02-17T14:09:49+00:00","og_image":[{"width":1000,"height":1000,"url":"https:\/\/fashiongold.lt\/wp-content\/uploads\/2025\/10\/2468-5fc-Seminaras-Spalvoti-deimantai.-Nuo-ko-priklauso-spalvotu-deimantu-kaina.webp","type":"image\/png"}],"twitter_card":"summary_large_image","twitter_misc":{"Est. reading time":"1 minute"},"schema":{"@context":"https:\/\/schema.org","@graph":[{"@type":"WebPage","@id":"https:\/\/fashiongold.lt\/lv\/papuosalas\/seminars-krasainie-dimanti-no-ka-ir-atkariga-krasaino-dimantu-cena\/","url":"https:\/\/fashiongold.lt\/lv\/papuosalas\/seminars-krasainie-dimanti-no-ka-ir-atkariga-krasaino-dimantu-cena\/","name":"Semin\u0101rs \u2013 Kr\u0101sainie dimanti. No k\u0101 ir atkar\u012bga kr\u0101saino dimantu cena? - FashionGold.lt","isPartOf":{"@id":"https:\/\/fashiongold.lt\/lv\/#website"},"primaryImageOfPage":{"@id":"https:\/\/fashiongold.lt\/lv\/papuosalas\/seminars-krasainie-dimanti-no-ka-ir-atkariga-krasaino-dimantu-cena\/#primaryimage"},"image":{"@id":"https:\/\/fashiongold.lt\/lv\/papuosalas\/seminars-krasainie-dimanti-no-ka-ir-atkariga-krasaino-dimantu-cena\/#primaryimage"},"thumbnailUrl":"https:\/\/fashiongold.lt\/wp-content\/uploads\/2025\/10\/2468-5fc-Seminaras-Spalvoti-deimantai.-Nuo-ko-priklauso-spalvotu-deimantu-kaina.png","datePublished":"2025-10-09T19:33:33+00:00","dateModified":"2026-02-17T14:09:49+00:00","breadcrumb":{"@id":"https:\/\/fashiongold.lt\/lv\/papuosalas\/seminars-krasainie-dimanti-no-ka-ir-atkariga-krasaino-dimantu-cena\/#breadcrumb"},"inLanguage":"lv-LV","potentialAction":[{"@type":"ReadAction","target":["https:\/\/fashiongold.lt\/lv\/papuosalas\/seminars-krasainie-dimanti-no-ka-ir-atkariga-krasaino-dimantu-cena\/"]}]},{"@type":"ImageObject","inLanguage":"lv-LV","@id":"https:\/\/fashiongold.lt\/lv\/papuosalas\/seminars-krasainie-dimanti-no-ka-ir-atkariga-krasaino-dimantu-cena\/#primaryimage","url":"https:\/\/fashiongold.lt\/wp-content\/uploads\/2025\/10\/2468-5fc-Seminaras-Spalvoti-deimantai.-Nuo-ko-priklauso-spalvotu-deimantu-kaina.png","contentUrl":"https:\/\/fashiongold.lt\/wp-content\/uploads\/2025\/10\/2468-5fc-Seminaras-Spalvoti-deimantai.-Nuo-ko-priklauso-spalvotu-deimantu-kaina.png","width":1000,"height":1000},{"@type":"BreadcrumbList","@id":"https:\/\/fashiongold.lt\/lv\/papuosalas\/seminars-krasainie-dimanti-no-ka-ir-atkariga-krasaino-dimantu-cena\/#breadcrumb","itemListElement":[{"@type":"ListItem","position":1,"name":"Home","item":"https:\/\/fashiongold.lt\/lv\/"},{"@type":"ListItem","position":2,"name":"Dimantu veikals Fashiongold.lt","item":"https:\/\/fashiongold.lt\/shop-2\/"},{"@type":"ListItem","position":3,"name":"Semin\u0101rs \u2013 Kr\u0101sainie dimanti. No k\u0101 ir atkar\u012bga kr\u0101saino dimantu cena?"}]},{"@type":"WebSite","@id":"https:\/\/fashiongold.lt\/lv\/#website","url":"https:\/\/fashiongold.lt\/lv\/","name":"Fashion Gold","description":"Juvelyrikos namai","publisher":{"@id":"https:\/\/fashiongold.lt\/lv\/#organization"},"potentialAction":[{"@type":"SearchAction","target":{"@type":"EntryPoint","urlTemplate":"https:\/\/fashiongold.lt\/lv\/?s={search_term_string}"},"query-input":{"@type":"PropertyValueSpecification","valueRequired":true,"valueName":"search_term_string"}}],"inLanguage":"lv-LV"},{"@type":"Organization","@id":"https:\/\/fashiongold.lt\/lv\/#organization","name":"Topdiamonds Online","url":"https:\/\/fashiongold.lt\/lv\/","logo":{"@type":"ImageObject","inLanguage":"lv-LV","@id":"https:\/\/fashiongold.lt\/lv\/#\/schema\/logo\/image\/","url":"https:\/\/fashiongold.lt\/wp-content\/uploads\/2025\/04\/cropped-fashion_gold_logotipas2-scaled-1.png","contentUrl":"https:\/\/fashiongold.lt\/wp-content\/uploads\/2025\/04\/cropped-fashion_gold_logotipas2-scaled-1.png","width":2559,"height":421,"caption":"Topdiamonds Online"},"image":{"@id":"https:\/\/fashiongold.lt\/lv\/#\/schema\/logo\/image\/"}}]}},"_links":{"self":[{"href":"https:\/\/fashiongold.lt\/lv\/wp-json\/wp\/v2\/product\/291164","targetHints":{"allow":["GET"]}}],"collection":[{"href":"https:\/\/fashiongold.lt\/lv\/wp-json\/wp\/v2\/product"}],"about":[{"href":"https:\/\/fashiongold.lt\/lv\/wp-json\/wp\/v2\/types\/product"}],"version-history":[{"count":0,"href":"https:\/\/fashiongold.lt\/lv\/wp-json\/wp\/v2\/product\/291164\/revisions"}],"wp:featuredmedia":[{"embeddable":true,"href":"https:\/\/fashiongold.lt\/lv\/wp-json\/wp\/v2\/media\/62575"}],"wp:attachment":[{"href":"https:\/\/fashiongold.lt\/lv\/wp-json\/wp\/v2\/media?parent=291164"}],"wp:term":[{"taxonomy":"product_brand","embeddable":true,"href":"https:\/\/fashiongold.lt\/lv\/wp-json\/wp\/v2\/product_brand?post=291164"},{"taxonomy":"product_cat","embeddable":true,"href":"https:\/\/fashiongold.lt\/lv\/wp-json\/wp\/v2\/product_cat?post=291164"},{"taxonomy":"product_tag","embeddable":true,"href":"https:\/\/fashiongold.lt\/lv\/wp-json\/wp\/v2\/product_tag?post=291164"}],"curies":[{"name":"wp","href":"https:\/\/api.w.org\/{rel}","templated":true}]}}