{"id":291174,"date":"2025-10-09T19:33:33","date_gmt":"2025-10-09T19:33:33","guid":{"rendered":"https:\/\/fashiongold.lt\/papuosalas\/seminars-uznemumiem-par-dargakmeniem\/"},"modified":"2026-02-17T14:09:53","modified_gmt":"2026-02-17T14:09:53","slug":"seminars-uznemumiem-par-dargakmeniem","status":"publish","type":"product","link":"https:\/\/fashiongold.lt\/lv\/papuosalas\/seminars-uznemumiem-par-dargakmeniem\/","title":{"rendered":"Semin\u0101rs \u2013 Uz\u0146\u0113mumiem par d\u0101rgakme\u0146iem"},"content":{"rendered":"<h2>Semin\u0101rs &#8211; Uz\u0146\u0113mumiem par d\u0101rgakme\u0146iem<\/h2>\n<\/p>\n<ul style=\"list-style-type: square;\">\n<li>\n<pre>J\u016bs varat izv\u0113l\u0113ties v\u0113lamo semin\u0101ra t\u0113mu: <\/pre>\n<ol>\n<li>\n<pre>Dimanta v\u0113sture jeb no k\u0101 ir atkar\u012bga dimanta cena.\u00a0<\/pre>\n<\/li>\n<li>\n<pre>Dimanti un \u0161ampanietis.<\/pre>\n<\/li>\n<li>\n<pre>D\u0101rgakme\u0146i. Saf\u012brs. Rub\u012bns. Smaragds. No k\u0101 ir atkar\u012bga d\u0101rgakme\u0146a cena?<\/pre>\n<\/li>\n<li>\n<pre>P\u0113r\u013cu nosl\u0113pums. Tas nosl\u0113pumainais p\u0113r\u013cu mirdzums... Katrai sav\u0101d\u0101ks..<\/pre>\n<\/li>\n<\/ol>\n<\/li>\n<li>\n<pre><span style=\"background-color: #ffffff; color: #1f1f1f; font-family: 'Google Sans', Roboto, sans-serif; font-size: 12px; white-space-collapse: preserve;\">Dal\u012bbnieku skaits: neierobe\u017eots.<\/span><\/pre>\n<\/li>\n<li>\n<pre><span style=\"background-color: #ffffff; color: #1f1f1f; font-family: 'Google Sans', Roboto, sans-serif; font-size: 12px; white-space-collapse: preserve;\">Ilgums: 1,5 st. - 3 st.<\/span><\/pre>\n<\/li>\n<li>\n<pre><span style=\"background-color: #ffffff; color: #1f1f1f; font-family: 'Google Sans', Roboto, sans-serif; font-size: 12px; white-space-collapse: preserve;\">Vieta: v<\/span><span style=\"color: #1f1f1f; font-family: Google Sans, Roboto, sans-serif;\"><span style=\"font-size: 12px; white-space-collapse: preserve;\">ienojamies individu\u0101li +37061008501 vai pa e-pastu info@fashiongold.lt.<\/span><\/span><\/pre>\n<\/li>\n<li>\n<pre><span style=\"color: #1f1f1f; font-family: Google Sans, Roboto, sans-serif;\"><span style=\"font-size: 12px; white-space-collapse: preserve;\">Datums un laiks: v<\/span><span style=\"font-size: 12px; white-space-collapse: preserve;\">ienojamies individu\u0101li +37061008501 vai pa e-pastu info@fashiongold.lt.<\/span><\/span><\/pre>\n<\/li>\n<li>\n<pre><span style=\"color: #1f1f1f; font-family: Google Sans, Roboto, sans-serif;\"><span style=\"font-size: 12px; white-space-collapse: preserve;\">Lai ieg\u016btu s\u012bk\u0101ku inform\u0101ciju, varat sazin\u0101ties pa e-pastu info@fashiongold.lt vai +37061008501.<\/span><\/span><\/pre>\n<\/li>\n<\/ul>\n<p><span style=\"color: #1f1f1f; font-family: Google Sans, Roboto, sans-serif;\"><span style=\"font-size: 12px; white-space-collapse: preserve;\"><\/span><\/span><\/p>\n<p><span style=\"background-color: #ffffff; color: #1f1f1f; font-family: 'Google Sans', Roboto, sans-serif; font-size: 12px; white-space-collapse: preserve;\"><\/span><\/p>\n","protected":false},"excerpt":{"rendered":"<p>Dimanti? Saf\u012bri? P\u0113rles? Rotaslietas? \u0160\u0137iet skaidrs, ka tie ir &#8220;sievie\u0161u lab\u0101kie draugi&#8221;, ka tas dve\u0161 eleganci, skaistumu, ta\u010du k\u0101 atpaz\u012bt, vai tas ir \u012bsts? Vai viss, kas sp\u012bd, ir d\u0101rgakme\u0146i? Ar \u0161o jaut\u0101jumu dz\u012bv\u0113 saskaras gan v\u012brie\u0161i, gan sievietes.\u00a0<\/p>\n<p>T\u0101p\u0113c aicin\u0101m iepaz\u012bties ar to tuv\u0101k. Juvelierizstr\u0101d\u0101jumu un d\u0101rgakme\u0146u eksperte J\u016blija Gerliha past\u0101st\u012bs, k\u0101 rad\u0101s d\u0101rgakme\u0146i. T\u0101pat iepaz\u012bstin\u0101s ar galvenaj\u0101m \u012bpa\u0161\u012bb\u0101m, past\u0101st\u012bs interesantus faktus un paskaidros, k\u0101p\u0113c at\u0161\u0137iras d\u0101rgakme\u0146u cena un kam piev\u0113rst uzman\u012bbu.<\/p><\/p>\n","protected":false},"featured_media":62561,"template":"","meta":{"site-sidebar-layout":"default","site-content-layout":"","ast-site-content-layout":"default","site-content-style":"default","site-sidebar-style":"default","ast-global-header-display":"","ast-banner-title-visibility":"","ast-main-header-display":"","ast-hfb-above-header-display":"","ast-hfb-below-header-display":"","ast-hfb-mobile-header-display":"","site-post-title":"","ast-breadcrumbs-content":"","ast-featured-img":"","footer-sml-layout":"","ast-disable-related-posts":"","theme-transparent-header-meta":"default","adv-header-id-meta":"","stick-header-meta":"","header-above-stick-meta":"","header-main-stick-meta":"","header-below-stick-meta":"","astra-migrate-meta-layouts":"default","ast-page-background-enabled":"default","ast-page-background-meta":{"desktop":{"background-color":"var(--ast-global-color-4)","background-image":"","background-repeat":"repeat","background-position":"center center","background-size":"auto","background-attachment":"scroll","background-type":"","background-media":"","overlay-type":"","overlay-color":"","overlay-opacity":"","overlay-gradient":""},"tablet":{"background-color":"","background-image":"","background-repeat":"repeat","background-position":"center center","background-size":"auto","background-attachment":"scroll","background-type":"","background-media":"","overlay-type":"","overlay-color":"","overlay-opacity":"","overlay-gradient":""},"mobile":{"background-color":"","background-image":"","background-repeat":"repeat","background-position":"center center","background-size":"auto","background-attachment":"scroll","background-type":"","background-media":"","overlay-type":"","overlay-color":"","overlay-opacity":"","overlay-gradient":""}},"ast-content-background-meta":{"desktop":{"background-color":"var(--ast-global-color-5)","background-image":"","background-repeat":"repeat","background-position":"center center","background-size":"auto","background-attachment":"scroll","background-type":"","background-media":"","overlay-type":"","overlay-color":"","overlay-opacity":"","overlay-gradient":""},"tablet":{"background-color":"var(--ast-global-color-5)","background-image":"","background-repeat":"repeat","background-position":"center center","background-size":"auto","background-attachment":"scroll","background-type":"","background-media":"","overlay-type":"","overlay-color":"","overlay-opacity":"","overlay-gradient":""},"mobile":{"background-color":"var(--ast-global-color-5)","background-image":"","background-repeat":"repeat","background-position":"center center","background-size":"auto","background-attachment":"scroll","background-type":"","background-media":"","overlay-type":"","overlay-color":"","overlay-opacity":"","overlay-gradient":""}}},"product_brand":[],"product_cat":[4109,3060,2938,3562,2934,3564,3402],"product_tag":[],"class_list":{"0":"post-291174","1":"product","2":"type-product","3":"status-publish","4":"has-post-thumbnail","6":"product_cat-dimantu-seminari","7":"product_cat-juvelierizstradajumi-ar-sarkaniem-dargakmeniem","8":"product_cat-juvelierizstradajumi-ar-ziliem-dargakmeniem","9":"product_cat-rubins-rotaslietas-ar-rubiniem","10":"product_cat-safirs-juvelierizstradajumi-ar-safiriem","11":"product_cat-sarkans-dargakmens","12":"product_cat-zils-dargakmens","13":"desktop-align-center","14":"tablet-align-left","15":"mobile-align-left","16":"ast-product-gallery-layout-horizontal-slider","17":"ast-product-tabs-layout-accordion","18":"ast-qv-on-image","20":"first","21":"instock","22":"taxable","23":"shipping-taxable","24":"purchasable","25":"product-type-simple"},"yoast_head":"<!-- This site is optimized with the Yoast SEO plugin v26.6 - https:\/\/yoast.com\/wordpress\/plugins\/seo\/ -->\n<title>Semin\u0101rs \u2013 Uz\u0146\u0113mumiem par d\u0101rgakme\u0146iem - FashionGold.lt<\/title>\n<meta name=\"robots\" content=\"index, follow, max-snippet:-1, max-image-preview:large, max-video-preview:-1\" \/>\n<link rel=\"canonical\" href=\"https:\/\/fashiongold.lt\/lv\/papuosalas\/seminars-uznemumiem-par-dargakmeniem\/\" \/>\n<meta property=\"og:locale\" content=\"lv_LV\" \/>\n<meta property=\"og:type\" content=\"article\" \/>\n<meta property=\"og:title\" content=\"Semin\u0101rs \u2013 Uz\u0146\u0113mumiem par d\u0101rgakme\u0146iem - FashionGold.lt\" \/>\n<meta property=\"og:description\" content=\"Dimanti? Saf\u012bri? P\u0113rles? Rotaslietas? \u0160\u0137iet skaidrs, ka tie ir &quot;sievie\u0161u lab\u0101kie draugi&quot;, ka tas dve\u0161 eleganci, skaistumu, ta\u010du k\u0101 atpaz\u012bt, vai tas ir \u012bsts? Vai viss, kas sp\u012bd, ir d\u0101rgakme\u0146i? Ar \u0161o jaut\u0101jumu dz\u012bv\u0113 saskaras gan v\u012brie\u0161i, gan sievietes.\u00a0 T\u0101p\u0113c aicin\u0101m iepaz\u012bties ar to tuv\u0101k. Juvelierizstr\u0101d\u0101jumu un d\u0101rgakme\u0146u eksperte J\u016blija Gerliha past\u0101st\u012bs, k\u0101 rad\u0101s d\u0101rgakme\u0146i. T\u0101pat iepaz\u012bstin\u0101s ar galvenaj\u0101m \u012bpa\u0161\u012bb\u0101m, past\u0101st\u012bs interesantus faktus un paskaidros, k\u0101p\u0113c at\u0161\u0137iras d\u0101rgakme\u0146u cena un kam piev\u0113rst uzman\u012bbu.\" \/>\n<meta property=\"og:url\" content=\"https:\/\/fashiongold.lt\/lv\/papuosalas\/seminars-uznemumiem-par-dargakmeniem\/\" \/>\n<meta property=\"og:site_name\" content=\"FashionGold.lt\" \/>\n<meta property=\"article:modified_time\" content=\"2026-02-17T14:09:53+00:00\" \/>\n<meta property=\"og:image\" content=\"https:\/\/fashiongold.lt\/wp-content\/uploads\/2025\/10\/2470-2c9-Seminaras-Imonems-apie-brangakmenius.webp\" \/>\n\t<meta property=\"og:image:width\" content=\"1000\" \/>\n\t<meta property=\"og:image:height\" content=\"1000\" \/>\n\t<meta property=\"og:image:type\" content=\"image\/png\" \/>\n<meta name=\"twitter:card\" content=\"summary_large_image\" \/>\n<meta name=\"twitter:label1\" content=\"Est. reading time\" \/>\n\t<meta name=\"twitter:data1\" content=\"1 minute\" \/>\n<script type=\"application\/ld+json\" class=\"yoast-schema-graph\">{\"@context\":\"https:\/\/schema.org\",\"@graph\":[{\"@type\":\"WebPage\",\"@id\":\"https:\/\/fashiongold.lt\/lv\/papuosalas\/seminars-uznemumiem-par-dargakmeniem\/\",\"url\":\"https:\/\/fashiongold.lt\/lv\/papuosalas\/seminars-uznemumiem-par-dargakmeniem\/\",\"name\":\"Semin\u0101rs \u2013 Uz\u0146\u0113mumiem par d\u0101rgakme\u0146iem - FashionGold.lt\",\"isPartOf\":{\"@id\":\"https:\/\/fashiongold.lt\/lv\/#website\"},\"primaryImageOfPage\":{\"@id\":\"https:\/\/fashiongold.lt\/lv\/papuosalas\/seminars-uznemumiem-par-dargakmeniem\/#primaryimage\"},\"image\":{\"@id\":\"https:\/\/fashiongold.lt\/lv\/papuosalas\/seminars-uznemumiem-par-dargakmeniem\/#primaryimage\"},\"thumbnailUrl\":\"https:\/\/fashiongold.lt\/wp-content\/uploads\/2025\/10\/2470-2c9-Seminaras-Imonems-apie-brangakmenius.png\",\"datePublished\":\"2025-10-09T19:33:33+00:00\",\"dateModified\":\"2026-02-17T14:09:53+00:00\",\"breadcrumb\":{\"@id\":\"https:\/\/fashiongold.lt\/lv\/papuosalas\/seminars-uznemumiem-par-dargakmeniem\/#breadcrumb\"},\"inLanguage\":\"lv-LV\",\"potentialAction\":[{\"@type\":\"ReadAction\",\"target\":[\"https:\/\/fashiongold.lt\/lv\/papuosalas\/seminars-uznemumiem-par-dargakmeniem\/\"]}]},{\"@type\":\"ImageObject\",\"inLanguage\":\"lv-LV\",\"@id\":\"https:\/\/fashiongold.lt\/lv\/papuosalas\/seminars-uznemumiem-par-dargakmeniem\/#primaryimage\",\"url\":\"https:\/\/fashiongold.lt\/wp-content\/uploads\/2025\/10\/2470-2c9-Seminaras-Imonems-apie-brangakmenius.png\",\"contentUrl\":\"https:\/\/fashiongold.lt\/wp-content\/uploads\/2025\/10\/2470-2c9-Seminaras-Imonems-apie-brangakmenius.png\",\"width\":1000,\"height\":1000},{\"@type\":\"BreadcrumbList\",\"@id\":\"https:\/\/fashiongold.lt\/lv\/papuosalas\/seminars-uznemumiem-par-dargakmeniem\/#breadcrumb\",\"itemListElement\":[{\"@type\":\"ListItem\",\"position\":1,\"name\":\"Home\",\"item\":\"https:\/\/fashiongold.lt\/lv\/\"},{\"@type\":\"ListItem\",\"position\":2,\"name\":\"Dimantu veikals Fashiongold.lt\",\"item\":\"https:\/\/fashiongold.lt\/shop-2\/\"},{\"@type\":\"ListItem\",\"position\":3,\"name\":\"Semin\u0101rs \u2013 Uz\u0146\u0113mumiem par d\u0101rgakme\u0146iem\"}]},{\"@type\":\"WebSite\",\"@id\":\"https:\/\/fashiongold.lt\/lv\/#website\",\"url\":\"https:\/\/fashiongold.lt\/lv\/\",\"name\":\"Fashion Gold\",\"description\":\"Juvelyrikos namai\",\"publisher\":{\"@id\":\"https:\/\/fashiongold.lt\/lv\/#organization\"},\"potentialAction\":[{\"@type\":\"SearchAction\",\"target\":{\"@type\":\"EntryPoint\",\"urlTemplate\":\"https:\/\/fashiongold.lt\/lv\/?s={search_term_string}\"},\"query-input\":{\"@type\":\"PropertyValueSpecification\",\"valueRequired\":true,\"valueName\":\"search_term_string\"}}],\"inLanguage\":\"lv-LV\"},{\"@type\":\"Organization\",\"@id\":\"https:\/\/fashiongold.lt\/lv\/#organization\",\"name\":\"Topdiamonds Online\",\"url\":\"https:\/\/fashiongold.lt\/lv\/\",\"logo\":{\"@type\":\"ImageObject\",\"inLanguage\":\"lv-LV\",\"@id\":\"https:\/\/fashiongold.lt\/lv\/#\/schema\/logo\/image\/\",\"url\":\"https:\/\/fashiongold.lt\/wp-content\/uploads\/2025\/04\/cropped-fashion_gold_logotipas2-scaled-1.png\",\"contentUrl\":\"https:\/\/fashiongold.lt\/wp-content\/uploads\/2025\/04\/cropped-fashion_gold_logotipas2-scaled-1.png\",\"width\":2559,\"height\":421,\"caption\":\"Topdiamonds Online\"},\"image\":{\"@id\":\"https:\/\/fashiongold.lt\/lv\/#\/schema\/logo\/image\/\"}}]}<\/script>\n<!-- \/ Yoast SEO plugin. -->","yoast_head_json":{"title":"Semin\u0101rs \u2013 Uz\u0146\u0113mumiem par d\u0101rgakme\u0146iem - FashionGold.lt","robots":{"index":"index","follow":"follow","max-snippet":"max-snippet:-1","max-image-preview":"max-image-preview:large","max-video-preview":"max-video-preview:-1"},"canonical":"https:\/\/fashiongold.lt\/lv\/papuosalas\/seminars-uznemumiem-par-dargakmeniem\/","og_locale":"lv_LV","og_type":"article","og_title":"Semin\u0101rs \u2013 Uz\u0146\u0113mumiem par d\u0101rgakme\u0146iem - FashionGold.lt","og_description":"Dimanti? Saf\u012bri? P\u0113rles? Rotaslietas? \u0160\u0137iet skaidrs, ka tie ir \"sievie\u0161u lab\u0101kie draugi\", ka tas dve\u0161 eleganci, skaistumu, ta\u010du k\u0101 atpaz\u012bt, vai tas ir \u012bsts? Vai viss, kas sp\u012bd, ir d\u0101rgakme\u0146i? Ar \u0161o jaut\u0101jumu dz\u012bv\u0113 saskaras gan v\u012brie\u0161i, gan sievietes.\u00a0 T\u0101p\u0113c aicin\u0101m iepaz\u012bties ar to tuv\u0101k. Juvelierizstr\u0101d\u0101jumu un d\u0101rgakme\u0146u eksperte J\u016blija Gerliha past\u0101st\u012bs, k\u0101 rad\u0101s d\u0101rgakme\u0146i. T\u0101pat iepaz\u012bstin\u0101s ar galvenaj\u0101m \u012bpa\u0161\u012bb\u0101m, past\u0101st\u012bs interesantus faktus un paskaidros, k\u0101p\u0113c at\u0161\u0137iras d\u0101rgakme\u0146u cena un kam piev\u0113rst uzman\u012bbu.","og_url":"https:\/\/fashiongold.lt\/lv\/papuosalas\/seminars-uznemumiem-par-dargakmeniem\/","og_site_name":"FashionGold.lt","article_modified_time":"2026-02-17T14:09:53+00:00","og_image":[{"width":1000,"height":1000,"url":"https:\/\/fashiongold.lt\/wp-content\/uploads\/2025\/10\/2470-2c9-Seminaras-Imonems-apie-brangakmenius.webp","type":"image\/png"}],"twitter_card":"summary_large_image","twitter_misc":{"Est. reading time":"1 minute"},"schema":{"@context":"https:\/\/schema.org","@graph":[{"@type":"WebPage","@id":"https:\/\/fashiongold.lt\/lv\/papuosalas\/seminars-uznemumiem-par-dargakmeniem\/","url":"https:\/\/fashiongold.lt\/lv\/papuosalas\/seminars-uznemumiem-par-dargakmeniem\/","name":"Semin\u0101rs \u2013 Uz\u0146\u0113mumiem par d\u0101rgakme\u0146iem - FashionGold.lt","isPartOf":{"@id":"https:\/\/fashiongold.lt\/lv\/#website"},"primaryImageOfPage":{"@id":"https:\/\/fashiongold.lt\/lv\/papuosalas\/seminars-uznemumiem-par-dargakmeniem\/#primaryimage"},"image":{"@id":"https:\/\/fashiongold.lt\/lv\/papuosalas\/seminars-uznemumiem-par-dargakmeniem\/#primaryimage"},"thumbnailUrl":"https:\/\/fashiongold.lt\/wp-content\/uploads\/2025\/10\/2470-2c9-Seminaras-Imonems-apie-brangakmenius.png","datePublished":"2025-10-09T19:33:33+00:00","dateModified":"2026-02-17T14:09:53+00:00","breadcrumb":{"@id":"https:\/\/fashiongold.lt\/lv\/papuosalas\/seminars-uznemumiem-par-dargakmeniem\/#breadcrumb"},"inLanguage":"lv-LV","potentialAction":[{"@type":"ReadAction","target":["https:\/\/fashiongold.lt\/lv\/papuosalas\/seminars-uznemumiem-par-dargakmeniem\/"]}]},{"@type":"ImageObject","inLanguage":"lv-LV","@id":"https:\/\/fashiongold.lt\/lv\/papuosalas\/seminars-uznemumiem-par-dargakmeniem\/#primaryimage","url":"https:\/\/fashiongold.lt\/wp-content\/uploads\/2025\/10\/2470-2c9-Seminaras-Imonems-apie-brangakmenius.png","contentUrl":"https:\/\/fashiongold.lt\/wp-content\/uploads\/2025\/10\/2470-2c9-Seminaras-Imonems-apie-brangakmenius.png","width":1000,"height":1000},{"@type":"BreadcrumbList","@id":"https:\/\/fashiongold.lt\/lv\/papuosalas\/seminars-uznemumiem-par-dargakmeniem\/#breadcrumb","itemListElement":[{"@type":"ListItem","position":1,"name":"Home","item":"https:\/\/fashiongold.lt\/lv\/"},{"@type":"ListItem","position":2,"name":"Dimantu veikals Fashiongold.lt","item":"https:\/\/fashiongold.lt\/shop-2\/"},{"@type":"ListItem","position":3,"name":"Semin\u0101rs \u2013 Uz\u0146\u0113mumiem par d\u0101rgakme\u0146iem"}]},{"@type":"WebSite","@id":"https:\/\/fashiongold.lt\/lv\/#website","url":"https:\/\/fashiongold.lt\/lv\/","name":"Fashion Gold","description":"Juvelyrikos namai","publisher":{"@id":"https:\/\/fashiongold.lt\/lv\/#organization"},"potentialAction":[{"@type":"SearchAction","target":{"@type":"EntryPoint","urlTemplate":"https:\/\/fashiongold.lt\/lv\/?s={search_term_string}"},"query-input":{"@type":"PropertyValueSpecification","valueRequired":true,"valueName":"search_term_string"}}],"inLanguage":"lv-LV"},{"@type":"Organization","@id":"https:\/\/fashiongold.lt\/lv\/#organization","name":"Topdiamonds Online","url":"https:\/\/fashiongold.lt\/lv\/","logo":{"@type":"ImageObject","inLanguage":"lv-LV","@id":"https:\/\/fashiongold.lt\/lv\/#\/schema\/logo\/image\/","url":"https:\/\/fashiongold.lt\/wp-content\/uploads\/2025\/04\/cropped-fashion_gold_logotipas2-scaled-1.png","contentUrl":"https:\/\/fashiongold.lt\/wp-content\/uploads\/2025\/04\/cropped-fashion_gold_logotipas2-scaled-1.png","width":2559,"height":421,"caption":"Topdiamonds Online"},"image":{"@id":"https:\/\/fashiongold.lt\/lv\/#\/schema\/logo\/image\/"}}]}},"_links":{"self":[{"href":"https:\/\/fashiongold.lt\/lv\/wp-json\/wp\/v2\/product\/291174","targetHints":{"allow":["GET"]}}],"collection":[{"href":"https:\/\/fashiongold.lt\/lv\/wp-json\/wp\/v2\/product"}],"about":[{"href":"https:\/\/fashiongold.lt\/lv\/wp-json\/wp\/v2\/types\/product"}],"version-history":[{"count":0,"href":"https:\/\/fashiongold.lt\/lv\/wp-json\/wp\/v2\/product\/291174\/revisions"}],"wp:featuredmedia":[{"embeddable":true,"href":"https:\/\/fashiongold.lt\/lv\/wp-json\/wp\/v2\/media\/62561"}],"wp:attachment":[{"href":"https:\/\/fashiongold.lt\/lv\/wp-json\/wp\/v2\/media?parent=291174"}],"wp:term":[{"taxonomy":"product_brand","embeddable":true,"href":"https:\/\/fashiongold.lt\/lv\/wp-json\/wp\/v2\/product_brand?post=291174"},{"taxonomy":"product_cat","embeddable":true,"href":"https:\/\/fashiongold.lt\/lv\/wp-json\/wp\/v2\/product_cat?post=291174"},{"taxonomy":"product_tag","embeddable":true,"href":"https:\/\/fashiongold.lt\/lv\/wp-json\/wp\/v2\/product_tag?post=291174"}],"curies":[{"name":"wp","href":"https:\/\/api.w.org\/{rel}","templated":true}]}}