{"id":291279,"date":"2025-10-09T19:33:32","date_gmt":"2025-10-09T19:33:32","guid":{"rendered":"https:\/\/fashiongold.lt\/papuosalas\/seminars-perlu-noslepums-tas-noslepumainais-perlu-mirdzums-katram-tas-ir-citadaks\/"},"modified":"2026-02-17T14:10:25","modified_gmt":"2026-02-17T14:10:25","slug":"seminars-perlu-noslepums-tas-noslepumainais-perlu-mirdzums-katram-tas-ir-citadaks","status":"publish","type":"product","link":"https:\/\/fashiongold.lt\/lv\/papuosalas\/seminars-perlu-noslepums-tas-noslepumainais-perlu-mirdzums-katram-tas-ir-citadaks\/","title":{"rendered":"Semin\u0101rs \u2013 P\u0113r\u013cu nosl\u0113pums. Tas nosl\u0113pumainais p\u0113r\u013cu mirdzums\u2026 Katram tas ir cit\u0101d\u0101ks.."},"content":{"rendered":"<h2>Semin\u0101rs &#8211; P\u0113r\u013cu nosl\u0113pums. Tas nosl\u0113pumainais p\u0113r\u013cu mirdzums&#8230; Katram cit\u0101ds&#8230;<\/h2>\n<\/p>\n<ul style=\"list-style-type: square;\">\n<li>\n<p>Cien\u0101sim ar: kafiju, t\u0113ju, gl\u0101zi dzirksto\u0161\u0101 vai sarkan\u0101\/balt\u0101 v\u012bna.<\/p>\n<\/li>\n<li>35,00 Eur \/ personai.<\/li>\n<li>\n<p><span style=\"background-color: #ffffff; color: #1f1f1f; font-family: 'Google Sans', Roboto, sans-serif; font-size: 12px; white-space-collapse: preserve;\">Dal\u012bbnieku skaits: no 6 &#8211; 20 person\u0101m.<\/span><\/p>\n<\/li>\n<li>\n<p><span style=\"background-color: #ffffff; color: #1f1f1f; font-family: 'Google Sans', Roboto, sans-serif; font-size: 12px; white-space-collapse: preserve;\">Pas\u0101kuma ilgums: 1,5 st. &#8211; 3 st.<\/span><\/p>\n<\/li>\n<li>\n<p><span style=\"background-color: #ffffff; color: #1f1f1f; font-family: 'Google Sans', Roboto, sans-serif; font-size: 12px; white-space-collapse: preserve;\">Pas\u0101kuma vieta: <\/span><span style=\"color: #1f1f1f; font-family: Google Sans, Roboto, sans-serif;\"><span style=\"font-size: 12px; white-space-collapse: preserve;\">Fashion Gold juvelierizstr\u0101d\u0101jumu nams, Pam\u0117nkalnio g. 5, Vi\u013c\u0146a vai iesp\u0113jams saska\u0146ot individu\u0101li +37061008501 vai pa e-pastu info@fashiongold.lt.<\/span><\/span><\/p>\n<\/li>\n<li>\n<p><span style=\"color: #1f1f1f; font-family: Google Sans, Roboto, sans-serif;\"><span style=\"font-size: 12px; white-space-collapse: preserve;\">Pas\u0101kuma datums un laiks: <\/span><span style=\"font-size: 12px; white-space-collapse: preserve;\">saska\u0146ojam individu\u0101li +37061008501 vai pa e-pastu info@fashiongold.lt.<\/span><\/span><\/p>\n<\/li>\n<li><span style=\"color: #1f1f1f; font-family: Google Sans, Roboto, sans-serif;\"><span style=\"font-size: 12px; white-space-collapse: preserve;\">Lai ieg\u016btu s\u012bk\u0101ku inform\u0101ciju, varat sazin\u0101ties pa e-pastu info@fashiongold.lt vai +37061008501.<\/span><\/span><span style=\"color: #1f1f1f; font-family: Google Sans, Roboto, sans-serif;\"><span style=\"font-size: 12px; white-space-collapse: preserve;\"><\/span><\/span><span style=\"color: #1f1f1f; font-family: Google Sans, Roboto, sans-serif;\"><span style=\"font-size: 12px; white-space-collapse: preserve;\"><\/span><\/span><\/li>\n<\/ul>\n<p><span style=\"color: #1f1f1f; font-family: Google Sans, Roboto, sans-serif;\"><span style=\"font-size: 12px; white-space-collapse: preserve;\"><\/span><\/span><\/p>\n<p><span style=\"color: #1f1f1f; font-family: Google Sans, Roboto, sans-serif;\"><span style=\"font-size: 12px; white-space-collapse: preserve;\">\u0160is semin\u0101rs var tikt novad\u012bts J\u016bsu izv\u0113l\u0113taj\u0101 viet\u0101 (p\u0113c J\u016bsu v\u0113l\u0113\u0161an\u0101s).<\/span><\/span><\/p>\n<ul style=\"list-style-type: square;\">\n<li>\n<p><span style=\"color: #1f1f1f; font-family: Google Sans, Roboto, sans-serif;\"><span style=\"font-size: 12px; white-space-collapse: preserve;\">Cena: 250,00 Eur.<\/span><\/span><span style=\"color: #1f1f1f; font-family: Google Sans, Roboto, sans-serif;\"><span style=\"font-size: 12px; white-space-collapse: preserve;\"><\/span><\/span><\/p>\n<\/li>\n<li>\n<p><span style=\"color: #1f1f1f; font-family: Google Sans, Roboto, sans-serif;\"><span style=\"font-size: 12px; white-space-collapse: preserve;\">Dal\u012bbnieku skaits: neierobe\u017eots.<\/span><\/span><\/p>\n<\/li>\n<li>\n<p><span style=\"background-color: #ffffff; color: #1f1f1f; font-family: 'Google Sans', Roboto, sans-serif; font-size: 12px; white-space-collapse: preserve;\">Pas\u0101kuma ilgums: 1,5 st. &#8211; 3 st.<\/span><\/p>\n<\/li>\n<li>\n<p><span style=\"color: #1f1f1f; font-family: Google Sans, Roboto, sans-serif;\"><span style=\"font-size: 12px; white-space-collapse: preserve;\">Pas\u0101kuma datums un laiks: <\/span><span style=\"font-size: 12px; white-space-collapse: preserve;\">saska\u0146ojam individu\u0101li +37061008501 vai pa e-pastu info@fashiongold.lt.<\/span><\/span><\/p>\n<\/li>\n<\/ul>\n<p><span style=\"color: #1f1f1f; font-family: Google Sans, Roboto, sans-serif;\"><span style=\"font-size: 12px; white-space-collapse: preserve;\"><\/span><\/span><\/p>\n<p><span style=\"background-color: #ffffff; color: #1f1f1f; font-family: 'Google Sans', Roboto, sans-serif; font-size: 12px; white-space-collapse: preserve;\"><\/span><\/p>\n","protected":false},"excerpt":{"rendered":"<p>P\u0113rles \u2013 aristokr\u0101tu un elegances cien\u012bt\u0101ju, k\u0101 ar\u012b klasikas cien\u012bt\u0101ju simbols. K\u0101 tad \u012bsti \u0161\u012bs p\u0113rles veidojas un k\u0101di ir to veidi? K\u0101 at\u0161\u0137irt \u012bstu, kvalitat\u012bvu p\u0113rli no m\u0101ksl\u012bgi rad\u012btas. Semin\u0101ra laik\u0101 juvelierizstr\u0101d\u0101jumu un d\u0101rgakme\u0146u eksperte J\u016blija Gerliha (Julija Gerlich) past\u0101st\u012bs par p\u0113r\u013cu veido\u0161an\u0101s v\u0113sturi, iesp\u0113jamaj\u0101m p\u0113r\u013cu kr\u0101s\u0101m, form\u0101m, mirdzumu un cit\u0101m organiskas izcelsmes d\u0101rgakme\u0146u nians\u0113m.\u00a0<\/p><\/p>\n","protected":false},"featured_media":62554,"template":"","meta":{"site-sidebar-layout":"","site-content-layout":"","ast-site-content-layout":"","site-content-style":"","site-sidebar-style":"","ast-global-header-display":"","ast-banner-title-visibility":"","ast-main-header-display":"","ast-hfb-above-header-display":"","ast-hfb-below-header-display":"","ast-hfb-mobile-header-display":"","site-post-title":"","ast-breadcrumbs-content":"","ast-featured-img":"","footer-sml-layout":"","ast-disable-related-posts":"","theme-transparent-header-meta":"","adv-header-id-meta":"","stick-header-meta":"","header-above-stick-meta":"","header-main-stick-meta":"","header-below-stick-meta":"","astra-migrate-meta-layouts":"default","ast-page-background-enabled":"default","ast-page-background-meta":{"desktop":{"background-color":"var(--ast-global-color-4)","background-image":"","background-repeat":"repeat","background-position":"center center","background-size":"auto","background-attachment":"scroll","background-type":"","background-media":"","overlay-type":"","overlay-color":"","overlay-opacity":"","overlay-gradient":""},"tablet":{"background-color":"","background-image":"","background-repeat":"repeat","background-position":"center center","background-size":"auto","background-attachment":"scroll","background-type":"","background-media":"","overlay-type":"","overlay-color":"","overlay-opacity":"","overlay-gradient":""},"mobile":{"background-color":"","background-image":"","background-repeat":"repeat","background-position":"center center","background-size":"auto","background-attachment":"scroll","background-type":"","background-media":"","overlay-type":"","overlay-color":"","overlay-opacity":"","overlay-gradient":""}},"ast-content-background-meta":{"desktop":{"background-color":"var(--ast-global-color-5)","background-image":"","background-repeat":"repeat","background-position":"center center","background-size":"auto","background-attachment":"scroll","background-type":"","background-media":"","overlay-type":"","overlay-color":"","overlay-opacity":"","overlay-gradient":""},"tablet":{"background-color":"var(--ast-global-color-5)","background-image":"","background-repeat":"repeat","background-position":"center center","background-size":"auto","background-attachment":"scroll","background-type":"","background-media":"","overlay-type":"","overlay-color":"","overlay-opacity":"","overlay-gradient":""},"mobile":{"background-color":"var(--ast-global-color-5)","background-image":"","background-repeat":"repeat","background-position":"center center","background-size":"auto","background-attachment":"scroll","background-type":"","background-media":"","overlay-type":"","overlay-color":"","overlay-opacity":"","overlay-gradient":""}}},"product_brand":[],"product_cat":[4109],"product_tag":[],"class_list":{"0":"post-291279","1":"product","2":"type-product","3":"status-publish","4":"has-post-thumbnail","6":"product_cat-dimantu-seminari","7":"desktop-align-center","8":"tablet-align-left","9":"mobile-align-left","10":"ast-product-gallery-layout-horizontal-slider","11":"ast-product-gallery-with-no-image","12":"ast-product-tabs-layout-accordion","13":"ast-qv-on-image","15":"first","16":"instock","17":"taxable","18":"shipping-taxable","19":"purchasable","20":"product-type-simple"},"yoast_head":"<!-- This site is optimized with the Yoast SEO plugin v26.6 - https:\/\/yoast.com\/wordpress\/plugins\/seo\/ -->\n<title>Semin\u0101rs \u2013 P\u0113r\u013cu nosl\u0113pums. Tas nosl\u0113pumainais p\u0113r\u013cu mirdzums\u2026 Katram tas ir cit\u0101d\u0101ks.. - FashionGold.lt<\/title>\n<meta name=\"robots\" content=\"index, follow, max-snippet:-1, max-image-preview:large, max-video-preview:-1\" \/>\n<link rel=\"canonical\" href=\"https:\/\/fashiongold.lt\/lv\/papuosalas\/seminars-perlu-noslepums-tas-noslepumainais-perlu-mirdzums-katram-tas-ir-citadaks\/\" \/>\n<meta property=\"og:locale\" content=\"lv_LV\" \/>\n<meta property=\"og:type\" content=\"article\" \/>\n<meta property=\"og:title\" content=\"Semin\u0101rs \u2013 P\u0113r\u013cu nosl\u0113pums. Tas nosl\u0113pumainais p\u0113r\u013cu mirdzums\u2026 Katram tas ir cit\u0101d\u0101ks.. - FashionGold.lt\" \/>\n<meta property=\"og:description\" content=\"P\u0113rles \u2013 aristokr\u0101tu un elegances cien\u012bt\u0101ju, k\u0101 ar\u012b klasikas cien\u012bt\u0101ju simbols. K\u0101 tad \u012bsti \u0161\u012bs p\u0113rles veidojas un k\u0101di ir to veidi? K\u0101 at\u0161\u0137irt \u012bstu, kvalitat\u012bvu p\u0113rli no m\u0101ksl\u012bgi rad\u012btas. Semin\u0101ra laik\u0101 juvelierizstr\u0101d\u0101jumu un d\u0101rgakme\u0146u eksperte J\u016blija Gerliha (Julija Gerlich) past\u0101st\u012bs par p\u0113r\u013cu veido\u0161an\u0101s v\u0113sturi, iesp\u0113jamaj\u0101m p\u0113r\u013cu kr\u0101s\u0101m, form\u0101m, mirdzumu un cit\u0101m organiskas izcelsmes d\u0101rgakme\u0146u nians\u0113m.\u00a0\" \/>\n<meta property=\"og:url\" content=\"https:\/\/fashiongold.lt\/lv\/papuosalas\/seminars-perlu-noslepums-tas-noslepumainais-perlu-mirdzums-katram-tas-ir-citadaks\/\" \/>\n<meta property=\"og:site_name\" content=\"FashionGold.lt\" \/>\n<meta property=\"article:modified_time\" content=\"2026-02-17T14:10:25+00:00\" \/>\n<meta property=\"og:image\" content=\"https:\/\/fashiongold.lt\/wp-content\/uploads\/2025\/10\/2463-d0f-Seminaras-Perlu-paslaptis.-Tas-paslaptingas-perlu-spindesys.-Kiekvieno-vis-kitoks.webp\" \/>\n\t<meta property=\"og:image:width\" content=\"1000\" \/>\n\t<meta property=\"og:image:height\" content=\"1000\" \/>\n\t<meta property=\"og:image:type\" content=\"image\/png\" \/>\n<meta name=\"twitter:card\" content=\"summary_large_image\" \/>\n<meta name=\"twitter:label1\" content=\"Est. reading time\" \/>\n\t<meta name=\"twitter:data1\" content=\"1 minute\" \/>\n<script type=\"application\/ld+json\" class=\"yoast-schema-graph\">{\"@context\":\"https:\/\/schema.org\",\"@graph\":[{\"@type\":\"WebPage\",\"@id\":\"https:\/\/fashiongold.lt\/lv\/papuosalas\/seminars-perlu-noslepums-tas-noslepumainais-perlu-mirdzums-katram-tas-ir-citadaks\/\",\"url\":\"https:\/\/fashiongold.lt\/lv\/papuosalas\/seminars-perlu-noslepums-tas-noslepumainais-perlu-mirdzums-katram-tas-ir-citadaks\/\",\"name\":\"Semin\u0101rs \u2013 P\u0113r\u013cu nosl\u0113pums. Tas nosl\u0113pumainais p\u0113r\u013cu mirdzums\u2026 Katram tas ir cit\u0101d\u0101ks.. - FashionGold.lt\",\"isPartOf\":{\"@id\":\"https:\/\/fashiongold.lt\/lv\/#website\"},\"primaryImageOfPage\":{\"@id\":\"https:\/\/fashiongold.lt\/lv\/papuosalas\/seminars-perlu-noslepums-tas-noslepumainais-perlu-mirdzums-katram-tas-ir-citadaks\/#primaryimage\"},\"image\":{\"@id\":\"https:\/\/fashiongold.lt\/lv\/papuosalas\/seminars-perlu-noslepums-tas-noslepumainais-perlu-mirdzums-katram-tas-ir-citadaks\/#primaryimage\"},\"thumbnailUrl\":\"https:\/\/fashiongold.lt\/wp-content\/uploads\/2025\/10\/2463-d0f-Seminaras-Perlu-paslaptis.-Tas-paslaptingas-perlu-spindesys.-Kiekvieno-vis-kitoks.png\",\"datePublished\":\"2025-10-09T19:33:32+00:00\",\"dateModified\":\"2026-02-17T14:10:25+00:00\",\"breadcrumb\":{\"@id\":\"https:\/\/fashiongold.lt\/lv\/papuosalas\/seminars-perlu-noslepums-tas-noslepumainais-perlu-mirdzums-katram-tas-ir-citadaks\/#breadcrumb\"},\"inLanguage\":\"lv-LV\",\"potentialAction\":[{\"@type\":\"ReadAction\",\"target\":[\"https:\/\/fashiongold.lt\/lv\/papuosalas\/seminars-perlu-noslepums-tas-noslepumainais-perlu-mirdzums-katram-tas-ir-citadaks\/\"]}]},{\"@type\":\"ImageObject\",\"inLanguage\":\"lv-LV\",\"@id\":\"https:\/\/fashiongold.lt\/lv\/papuosalas\/seminars-perlu-noslepums-tas-noslepumainais-perlu-mirdzums-katram-tas-ir-citadaks\/#primaryimage\",\"url\":\"https:\/\/fashiongold.lt\/wp-content\/uploads\/2025\/10\/2463-d0f-Seminaras-Perlu-paslaptis.-Tas-paslaptingas-perlu-spindesys.-Kiekvieno-vis-kitoks.png\",\"contentUrl\":\"https:\/\/fashiongold.lt\/wp-content\/uploads\/2025\/10\/2463-d0f-Seminaras-Perlu-paslaptis.-Tas-paslaptingas-perlu-spindesys.-Kiekvieno-vis-kitoks.png\",\"width\":1000,\"height\":1000},{\"@type\":\"BreadcrumbList\",\"@id\":\"https:\/\/fashiongold.lt\/lv\/papuosalas\/seminars-perlu-noslepums-tas-noslepumainais-perlu-mirdzums-katram-tas-ir-citadaks\/#breadcrumb\",\"itemListElement\":[{\"@type\":\"ListItem\",\"position\":1,\"name\":\"Home\",\"item\":\"https:\/\/fashiongold.lt\/lv\/\"},{\"@type\":\"ListItem\",\"position\":2,\"name\":\"Dimantu veikals Fashiongold.lt\",\"item\":\"https:\/\/fashiongold.lt\/shop-2\/\"},{\"@type\":\"ListItem\",\"position\":3,\"name\":\"Semin\u0101rs \u2013 P\u0113r\u013cu nosl\u0113pums. Tas nosl\u0113pumainais p\u0113r\u013cu mirdzums\u2026 Katram tas ir cit\u0101d\u0101ks..\"}]},{\"@type\":\"WebSite\",\"@id\":\"https:\/\/fashiongold.lt\/lv\/#website\",\"url\":\"https:\/\/fashiongold.lt\/lv\/\",\"name\":\"Fashion Gold\",\"description\":\"Juvelyrikos namai\",\"publisher\":{\"@id\":\"https:\/\/fashiongold.lt\/lv\/#organization\"},\"potentialAction\":[{\"@type\":\"SearchAction\",\"target\":{\"@type\":\"EntryPoint\",\"urlTemplate\":\"https:\/\/fashiongold.lt\/lv\/?s={search_term_string}\"},\"query-input\":{\"@type\":\"PropertyValueSpecification\",\"valueRequired\":true,\"valueName\":\"search_term_string\"}}],\"inLanguage\":\"lv-LV\"},{\"@type\":\"Organization\",\"@id\":\"https:\/\/fashiongold.lt\/lv\/#organization\",\"name\":\"Topdiamonds Online\",\"url\":\"https:\/\/fashiongold.lt\/lv\/\",\"logo\":{\"@type\":\"ImageObject\",\"inLanguage\":\"lv-LV\",\"@id\":\"https:\/\/fashiongold.lt\/lv\/#\/schema\/logo\/image\/\",\"url\":\"https:\/\/fashiongold.lt\/wp-content\/uploads\/2025\/04\/cropped-fashion_gold_logotipas2-scaled-1.png\",\"contentUrl\":\"https:\/\/fashiongold.lt\/wp-content\/uploads\/2025\/04\/cropped-fashion_gold_logotipas2-scaled-1.png\",\"width\":2559,\"height\":421,\"caption\":\"Topdiamonds Online\"},\"image\":{\"@id\":\"https:\/\/fashiongold.lt\/lv\/#\/schema\/logo\/image\/\"}}]}<\/script>\n<!-- \/ Yoast SEO plugin. -->","yoast_head_json":{"title":"Semin\u0101rs \u2013 P\u0113r\u013cu nosl\u0113pums. Tas nosl\u0113pumainais p\u0113r\u013cu mirdzums\u2026 Katram tas ir cit\u0101d\u0101ks.. - FashionGold.lt","robots":{"index":"index","follow":"follow","max-snippet":"max-snippet:-1","max-image-preview":"max-image-preview:large","max-video-preview":"max-video-preview:-1"},"canonical":"https:\/\/fashiongold.lt\/lv\/papuosalas\/seminars-perlu-noslepums-tas-noslepumainais-perlu-mirdzums-katram-tas-ir-citadaks\/","og_locale":"lv_LV","og_type":"article","og_title":"Semin\u0101rs \u2013 P\u0113r\u013cu nosl\u0113pums. Tas nosl\u0113pumainais p\u0113r\u013cu mirdzums\u2026 Katram tas ir cit\u0101d\u0101ks.. - FashionGold.lt","og_description":"P\u0113rles \u2013 aristokr\u0101tu un elegances cien\u012bt\u0101ju, k\u0101 ar\u012b klasikas cien\u012bt\u0101ju simbols. K\u0101 tad \u012bsti \u0161\u012bs p\u0113rles veidojas un k\u0101di ir to veidi? K\u0101 at\u0161\u0137irt \u012bstu, kvalitat\u012bvu p\u0113rli no m\u0101ksl\u012bgi rad\u012btas. Semin\u0101ra laik\u0101 juvelierizstr\u0101d\u0101jumu un d\u0101rgakme\u0146u eksperte J\u016blija Gerliha (Julija Gerlich) past\u0101st\u012bs par p\u0113r\u013cu veido\u0161an\u0101s v\u0113sturi, iesp\u0113jamaj\u0101m p\u0113r\u013cu kr\u0101s\u0101m, form\u0101m, mirdzumu un cit\u0101m organiskas izcelsmes d\u0101rgakme\u0146u nians\u0113m.\u00a0","og_url":"https:\/\/fashiongold.lt\/lv\/papuosalas\/seminars-perlu-noslepums-tas-noslepumainais-perlu-mirdzums-katram-tas-ir-citadaks\/","og_site_name":"FashionGold.lt","article_modified_time":"2026-02-17T14:10:25+00:00","og_image":[{"width":1000,"height":1000,"url":"https:\/\/fashiongold.lt\/wp-content\/uploads\/2025\/10\/2463-d0f-Seminaras-Perlu-paslaptis.-Tas-paslaptingas-perlu-spindesys.-Kiekvieno-vis-kitoks.webp","type":"image\/png"}],"twitter_card":"summary_large_image","twitter_misc":{"Est. reading time":"1 minute"},"schema":{"@context":"https:\/\/schema.org","@graph":[{"@type":"WebPage","@id":"https:\/\/fashiongold.lt\/lv\/papuosalas\/seminars-perlu-noslepums-tas-noslepumainais-perlu-mirdzums-katram-tas-ir-citadaks\/","url":"https:\/\/fashiongold.lt\/lv\/papuosalas\/seminars-perlu-noslepums-tas-noslepumainais-perlu-mirdzums-katram-tas-ir-citadaks\/","name":"Semin\u0101rs \u2013 P\u0113r\u013cu nosl\u0113pums. Tas nosl\u0113pumainais p\u0113r\u013cu mirdzums\u2026 Katram tas ir cit\u0101d\u0101ks.. - FashionGold.lt","isPartOf":{"@id":"https:\/\/fashiongold.lt\/lv\/#website"},"primaryImageOfPage":{"@id":"https:\/\/fashiongold.lt\/lv\/papuosalas\/seminars-perlu-noslepums-tas-noslepumainais-perlu-mirdzums-katram-tas-ir-citadaks\/#primaryimage"},"image":{"@id":"https:\/\/fashiongold.lt\/lv\/papuosalas\/seminars-perlu-noslepums-tas-noslepumainais-perlu-mirdzums-katram-tas-ir-citadaks\/#primaryimage"},"thumbnailUrl":"https:\/\/fashiongold.lt\/wp-content\/uploads\/2025\/10\/2463-d0f-Seminaras-Perlu-paslaptis.-Tas-paslaptingas-perlu-spindesys.-Kiekvieno-vis-kitoks.png","datePublished":"2025-10-09T19:33:32+00:00","dateModified":"2026-02-17T14:10:25+00:00","breadcrumb":{"@id":"https:\/\/fashiongold.lt\/lv\/papuosalas\/seminars-perlu-noslepums-tas-noslepumainais-perlu-mirdzums-katram-tas-ir-citadaks\/#breadcrumb"},"inLanguage":"lv-LV","potentialAction":[{"@type":"ReadAction","target":["https:\/\/fashiongold.lt\/lv\/papuosalas\/seminars-perlu-noslepums-tas-noslepumainais-perlu-mirdzums-katram-tas-ir-citadaks\/"]}]},{"@type":"ImageObject","inLanguage":"lv-LV","@id":"https:\/\/fashiongold.lt\/lv\/papuosalas\/seminars-perlu-noslepums-tas-noslepumainais-perlu-mirdzums-katram-tas-ir-citadaks\/#primaryimage","url":"https:\/\/fashiongold.lt\/wp-content\/uploads\/2025\/10\/2463-d0f-Seminaras-Perlu-paslaptis.-Tas-paslaptingas-perlu-spindesys.-Kiekvieno-vis-kitoks.png","contentUrl":"https:\/\/fashiongold.lt\/wp-content\/uploads\/2025\/10\/2463-d0f-Seminaras-Perlu-paslaptis.-Tas-paslaptingas-perlu-spindesys.-Kiekvieno-vis-kitoks.png","width":1000,"height":1000},{"@type":"BreadcrumbList","@id":"https:\/\/fashiongold.lt\/lv\/papuosalas\/seminars-perlu-noslepums-tas-noslepumainais-perlu-mirdzums-katram-tas-ir-citadaks\/#breadcrumb","itemListElement":[{"@type":"ListItem","position":1,"name":"Home","item":"https:\/\/fashiongold.lt\/lv\/"},{"@type":"ListItem","position":2,"name":"Dimantu veikals Fashiongold.lt","item":"https:\/\/fashiongold.lt\/shop-2\/"},{"@type":"ListItem","position":3,"name":"Semin\u0101rs \u2013 P\u0113r\u013cu nosl\u0113pums. Tas nosl\u0113pumainais p\u0113r\u013cu mirdzums\u2026 Katram tas ir cit\u0101d\u0101ks.."}]},{"@type":"WebSite","@id":"https:\/\/fashiongold.lt\/lv\/#website","url":"https:\/\/fashiongold.lt\/lv\/","name":"Fashion Gold","description":"Juvelyrikos namai","publisher":{"@id":"https:\/\/fashiongold.lt\/lv\/#organization"},"potentialAction":[{"@type":"SearchAction","target":{"@type":"EntryPoint","urlTemplate":"https:\/\/fashiongold.lt\/lv\/?s={search_term_string}"},"query-input":{"@type":"PropertyValueSpecification","valueRequired":true,"valueName":"search_term_string"}}],"inLanguage":"lv-LV"},{"@type":"Organization","@id":"https:\/\/fashiongold.lt\/lv\/#organization","name":"Topdiamonds Online","url":"https:\/\/fashiongold.lt\/lv\/","logo":{"@type":"ImageObject","inLanguage":"lv-LV","@id":"https:\/\/fashiongold.lt\/lv\/#\/schema\/logo\/image\/","url":"https:\/\/fashiongold.lt\/wp-content\/uploads\/2025\/04\/cropped-fashion_gold_logotipas2-scaled-1.png","contentUrl":"https:\/\/fashiongold.lt\/wp-content\/uploads\/2025\/04\/cropped-fashion_gold_logotipas2-scaled-1.png","width":2559,"height":421,"caption":"Topdiamonds Online"},"image":{"@id":"https:\/\/fashiongold.lt\/lv\/#\/schema\/logo\/image\/"}}]}},"_links":{"self":[{"href":"https:\/\/fashiongold.lt\/lv\/wp-json\/wp\/v2\/product\/291279","targetHints":{"allow":["GET"]}}],"collection":[{"href":"https:\/\/fashiongold.lt\/lv\/wp-json\/wp\/v2\/product"}],"about":[{"href":"https:\/\/fashiongold.lt\/lv\/wp-json\/wp\/v2\/types\/product"}],"version-history":[{"count":0,"href":"https:\/\/fashiongold.lt\/lv\/wp-json\/wp\/v2\/product\/291279\/revisions"}],"wp:featuredmedia":[{"embeddable":true,"href":"https:\/\/fashiongold.lt\/lv\/wp-json\/wp\/v2\/media\/62554"}],"wp:attachment":[{"href":"https:\/\/fashiongold.lt\/lv\/wp-json\/wp\/v2\/media?parent=291279"}],"wp:term":[{"taxonomy":"product_brand","embeddable":true,"href":"https:\/\/fashiongold.lt\/lv\/wp-json\/wp\/v2\/product_brand?post=291279"},{"taxonomy":"product_cat","embeddable":true,"href":"https:\/\/fashiongold.lt\/lv\/wp-json\/wp\/v2\/product_cat?post=291279"},{"taxonomy":"product_tag","embeddable":true,"href":"https:\/\/fashiongold.lt\/lv\/wp-json\/wp\/v2\/product_tag?post=291279"}],"curies":[{"name":"wp","href":"https:\/\/api.w.org\/{rel}","templated":true}]}}