{"id":291289,"date":"2025-10-09T19:33:32","date_gmt":"2025-10-09T19:33:32","guid":{"rendered":"https:\/\/fashiongold.lt\/papuosalas\/seminars-dimanti-un-sampanietis\/"},"modified":"2026-02-17T14:10:31","modified_gmt":"2026-02-17T14:10:31","slug":"seminars-dimanti-un-sampanietis","status":"publish","type":"product","link":"https:\/\/fashiongold.lt\/lv\/rotaslieta\/seminars-dimanti-un-sampanietis\/","title":{"rendered":"Semin\u0101rs \u2013 Dimanti un \u0161ampanietis"},"content":{"rendered":"<h2>Semin\u0101rs &#8211; Dimanti un \u0161ampanietis<\/h2>\n<ul style=\"list-style-type: square;\">\n<li>\n<p>Cien\u0101sim: vair\u0101ku veidu \u0161ampanietis.<\/p>\n<\/li>\n<li>45,00 Eur \/ personai.<\/li>\n<li>\n<p><span style=\"background-color: #ffffff; color: #1f1f1f; font-family: 'Google Sans', Roboto, sans-serif; font-size: 12px; white-space-collapse: preserve;\">Dal\u012bbnieku skaits: no 6 &#8211; 20 person\u0101m.<\/span><\/p>\n<\/li>\n<li>\n<p><span style=\"background-color: #ffffff; color: #1f1f1f; font-family: 'Google Sans', Roboto, sans-serif; font-size: 12px; white-space-collapse: preserve;\">Pas\u0101kuma ilgums: 1,5 st. &#8211; 3 st.<\/span><\/p>\n<\/li>\n<li>\n<p><span style=\"background-color: #ffffff; color: #1f1f1f; font-family: 'Google Sans', Roboto, sans-serif; font-size: 12px; white-space-collapse: preserve;\">Pas\u0101kuma norises vieta: <\/span><span style=\"color: #1f1f1f; font-family: Google Sans, Roboto, sans-serif;\"><span style=\"font-size: 12px; white-space-collapse: preserve;\">Fashion Gold veikals, Pam\u0117nkalnio g. 5, Vi\u013c\u0146a vai var vienoties individu\u0101li +37061008501 vai e-past\u0101 info@fashiongold.lt.<\/span><\/span><\/p>\n<\/li>\n<li>\n<p><span style=\"color: #1f1f1f; font-family: Google Sans, Roboto, sans-serif;\"><span style=\"font-size: 12px; white-space-collapse: preserve;\">Pas\u0101kuma datums un laiks: <\/span><span style=\"font-size: 12px; white-space-collapse: preserve;\">vienojamies individu\u0101li +37061008501 vai e-past\u0101 info@fashiongold.lt.<\/span><\/span><\/p>\n<\/li>\n<li><span style=\"color: #1f1f1f; font-family: Google Sans, Roboto, sans-serif;\"><span style=\"font-size: 12px; white-space-collapse: preserve;\">Lai ieg\u016btu s\u012bk\u0101ku inform\u0101ciju, varat sazin\u0101ties e-past\u0101 info@fashiongold.lt vai +37061008501.<\/span><\/span><span style=\"color: #1f1f1f; font-family: Google Sans, Roboto, sans-serif;\"><span style=\"font-size: 12px; white-space-collapse: preserve;\"><\/span><\/span><span style=\"color: #1f1f1f; font-family: Google Sans, Roboto, sans-serif;\"><span style=\"font-size: 12px; white-space-collapse: preserve;\"><\/span><\/span><\/li>\n<\/ul>\n<p><span style=\"color: #1f1f1f; font-family: Google Sans, Roboto, sans-serif;\"><span style=\"font-size: 12px; white-space-collapse: preserve;\"><\/span><\/span><\/p>\n<p><span style=\"color: #1f1f1f; font-family: Google Sans, Roboto, sans-serif;\"><span style=\"font-size: 12px; white-space-collapse: preserve;\">\u0160is semin\u0101rs var tikt novad\u012bts J\u016bsu izv\u0113l\u0113taj\u0101 viet\u0101 (p\u0113c J\u016bsu v\u0113l\u0113\u0161an\u0101s).<\/span><\/span><\/p>\n<ul style=\"list-style-type: square;\">\n<li>\n<p><span style=\"color: #1f1f1f; font-family: Google Sans, Roboto, sans-serif;\"><span style=\"font-size: 12px; white-space-collapse: preserve;\">Cena: 250,00 Eur.<\/span><\/span><span style=\"color: #1f1f1f; font-family: Google Sans, Roboto, sans-serif;\"><span style=\"font-size: 12px; white-space-collapse: preserve;\"><\/span><\/span><\/p>\n<\/li>\n<li>\n<p><span style=\"color: #1f1f1f; font-family: Google Sans, Roboto, sans-serif;\"><span style=\"font-size: 12px; white-space-collapse: preserve;\">Dal\u012bbnieku skaits: neierobe\u017eots.<\/span><\/span><\/p>\n<\/li>\n<li>\n<p><span style=\"background-color: #ffffff; color: #1f1f1f; font-family: 'Google Sans', Roboto, sans-serif; font-size: 12px; white-space-collapse: preserve;\">Pas\u0101kuma ilgums: 1,5 st. &#8211; 3 st.<\/span><\/p>\n<\/li>\n<li>\n<p><span style=\"color: #1f1f1f; font-family: Google Sans, Roboto, sans-serif;\"><span style=\"font-size: 12px; white-space-collapse: preserve;\">Pas\u0101kuma datums un laiks: <\/span><span style=\"font-size: 12px; white-space-collapse: preserve;\">vienojamies individu\u0101li +37061008501 vai e-past\u0101 info@fashiongold.lt.<\/span><\/span><\/p>\n<\/li>\n<\/ul>\n<p><span style=\"color: #1f1f1f; font-family: Google Sans, Roboto, sans-serif;\"><span style=\"font-size: 12px; white-space-collapse: preserve;\"><\/span><\/span><\/p>\n<p><span style=\"background-color: #ffffff; color: #1f1f1f; font-family: 'Google Sans', Roboto, sans-serif; font-size: 12px; white-space-collapse: preserve;\"><\/span><\/p>\n","protected":false},"excerpt":{"rendered":"<p>\u0160ie divi v\u0101rdi \u2013 dimanti un \u0161ampanietis \u2013 skan k\u0101 greznas un lieliskas ball\u012btes s\u0101kums. \u0160\u012b semin\u0101ra laik\u0101 juvelierizstr\u0101d\u0101jumu un d\u0101rgakme\u0146u eksperte J\u016blija Gerliha iepaz\u012bstin\u0101s ar dimantu v\u0113sturi, to raksturojumu, past\u0101st\u012bs interesantus faktus un paskaidros, k\u0101p\u0113c viena un t\u0101 pa\u0161a izm\u0113ra dimanta cena at\u0161\u0137iras desmit reizes! Apce\u013cojusi ne mazums v\u012bna d\u0101rzu un apmekl\u0113jusi semin\u0101rus, J\u016blija past\u0101st\u012bs par \u0161ampanie\u0161a smalkumiem un to at\u0161\u0137ir\u012bb\u0101m.\u00a0<\/p>\n<p>T\u0101tad, k\u0101du \u0161ampanieti j\u016bs dzerat un cik maks\u0101 j\u016bsu dimanti \u2013 to visu uzzin\u0101siet semin\u0101ra laik\u0101.\u00a0<\/p>\n","protected":false},"featured_media":62540,"template":"","meta":{"site-sidebar-layout":"default","site-content-layout":"","ast-site-content-layout":"default","site-content-style":"default","site-sidebar-style":"default","ast-global-header-display":"","ast-banner-title-visibility":"","ast-main-header-display":"","ast-hfb-above-header-display":"","ast-hfb-below-header-display":"","ast-hfb-mobile-header-display":"","site-post-title":"","ast-breadcrumbs-content":"","ast-featured-img":"","footer-sml-layout":"","ast-disable-related-posts":"","theme-transparent-header-meta":"default","adv-header-id-meta":"","stick-header-meta":"","header-above-stick-meta":"","header-main-stick-meta":"","header-below-stick-meta":"","astra-migrate-meta-layouts":"default","ast-page-background-enabled":"default","ast-page-background-meta":{"desktop":{"background-color":"var(--ast-global-color-4)","background-image":"","background-repeat":"repeat","background-position":"center center","background-size":"auto","background-attachment":"scroll","background-type":"","background-media":"","overlay-type":"","overlay-color":"","overlay-opacity":"","overlay-gradient":""},"tablet":{"background-color":"","background-image":"","background-repeat":"repeat","background-position":"center center","background-size":"auto","background-attachment":"scroll","background-type":"","background-media":"","overlay-type":"","overlay-color":"","overlay-opacity":"","overlay-gradient":""},"mobile":{"background-color":"","background-image":"","background-repeat":"repeat","background-position":"center center","background-size":"auto","background-attachment":"scroll","background-type":"","background-media":"","overlay-type":"","overlay-color":"","overlay-opacity":"","overlay-gradient":""}},"ast-content-background-meta":{"desktop":{"background-color":"var(--ast-global-color-5)","background-image":"","background-repeat":"repeat","background-position":"center center","background-size":"auto","background-attachment":"scroll","background-type":"","background-media":"","overlay-type":"","overlay-color":"","overlay-opacity":"","overlay-gradient":""},"tablet":{"background-color":"var(--ast-global-color-5)","background-image":"","background-repeat":"repeat","background-position":"center center","background-size":"auto","background-attachment":"scroll","background-type":"","background-media":"","overlay-type":"","overlay-color":"","overlay-opacity":"","overlay-gradient":""},"mobile":{"background-color":"var(--ast-global-color-5)","background-image":"","background-repeat":"repeat","background-position":"center center","background-size":"auto","background-attachment":"scroll","background-type":"","background-media":"","overlay-type":"","overlay-color":"","overlay-opacity":"","overlay-gradient":""}}},"product_brand":[],"product_cat":[4109],"product_tag":[],"class_list":{"0":"post-291289","1":"product","2":"type-product","3":"status-publish","4":"has-post-thumbnail","6":"product_cat-dimantu-seminari","7":"desktop-align-center","8":"tablet-align-left","9":"mobile-align-left","10":"ast-product-gallery-layout-horizontal-slider","11":"ast-product-tabs-layout-accordion","12":"ast-qv-on-image","14":"first","15":"instock","16":"taxable","17":"shipping-taxable","18":"purchasable","19":"product-type-simple"},"yoast_head":"<!-- This site is optimized with the Yoast SEO plugin v26.6 - https:\/\/yoast.com\/wordpress\/plugins\/seo\/ -->\n<title>Semin\u0101rs \u2013 Dimanti un \u0161ampanietis - FashionGold.lt<\/title>\n<meta name=\"robots\" content=\"index, follow, max-snippet:-1, max-image-preview:large, max-video-preview:-1\" \/>\n<link rel=\"canonical\" href=\"https:\/\/fashiongold.lt\/lv\/rotaslieta\/seminars-dimanti-un-sampanietis\/\" \/>\n<meta property=\"og:locale\" content=\"lv_LV\" \/>\n<meta property=\"og:type\" content=\"article\" \/>\n<meta property=\"og:title\" content=\"Semin\u0101rs \u2013 Dimanti un \u0161ampanietis - FashionGold.lt\" \/>\n<meta property=\"og:description\" content=\"\u0160ie divi v\u0101rdi \u2013 dimanti un \u0161ampanietis \u2013 skan k\u0101 greznas un lieliskas ball\u012btes s\u0101kums. \u0160\u012b semin\u0101ra laik\u0101 juvelierizstr\u0101d\u0101jumu un d\u0101rgakme\u0146u eksperte J\u016blija Gerliha iepaz\u012bstin\u0101s ar dimantu v\u0113sturi, to raksturojumu, past\u0101st\u012bs interesantus faktus un paskaidros, k\u0101p\u0113c viena un t\u0101 pa\u0161a izm\u0113ra dimanta cena at\u0161\u0137iras desmit reizes! Apce\u013cojusi ne mazums v\u012bna d\u0101rzu un apmekl\u0113jusi semin\u0101rus, J\u016blija past\u0101st\u012bs par \u0161ampanie\u0161a smalkumiem un to at\u0161\u0137ir\u012bb\u0101m.\u00a0 T\u0101tad, k\u0101du \u0161ampanieti j\u016bs dzerat un cik maks\u0101 j\u016bsu dimanti \u2013 to visu uzzin\u0101siet semin\u0101ra laik\u0101.\u00a0\" \/>\n<meta property=\"og:url\" content=\"https:\/\/fashiongold.lt\/lv\/rotaslieta\/seminars-dimanti-un-sampanietis\/\" \/>\n<meta property=\"og:site_name\" content=\"FashionGold.lt\" \/>\n<meta property=\"article:modified_time\" content=\"2026-02-17T14:10:31+00:00\" \/>\n<meta property=\"og:image\" content=\"https:\/\/fashiongold.lt\/wp-content\/uploads\/2025\/10\/2461-aec-Seminaras-Deimantai-ir-sampanas.webp\" \/>\n\t<meta property=\"og:image:width\" content=\"1000\" \/>\n\t<meta property=\"og:image:height\" content=\"1000\" \/>\n\t<meta property=\"og:image:type\" content=\"image\/png\" \/>\n<meta name=\"twitter:card\" content=\"summary_large_image\" \/>\n<meta name=\"twitter:label1\" content=\"Est. reading time\" \/>\n\t<meta name=\"twitter:data1\" content=\"1 minute\" \/>\n<script type=\"application\/ld+json\" class=\"yoast-schema-graph\">{\"@context\":\"https:\/\/schema.org\",\"@graph\":[{\"@type\":\"WebPage\",\"@id\":\"https:\/\/fashiongold.lt\/lv\/rotaslieta\/seminars-dimanti-un-sampanietis\/\",\"url\":\"https:\/\/fashiongold.lt\/lv\/rotaslieta\/seminars-dimanti-un-sampanietis\/\",\"name\":\"Semin\u0101rs \u2013 Dimanti un \u0161ampanietis - FashionGold.lt\",\"isPartOf\":{\"@id\":\"https:\/\/fashiongold.lt\/lv\/#website\"},\"primaryImageOfPage\":{\"@id\":\"https:\/\/fashiongold.lt\/lv\/rotaslieta\/seminars-dimanti-un-sampanietis\/#primaryimage\"},\"image\":{\"@id\":\"https:\/\/fashiongold.lt\/lv\/rotaslieta\/seminars-dimanti-un-sampanietis\/#primaryimage\"},\"thumbnailUrl\":\"https:\/\/fashiongold.lt\/wp-content\/uploads\/2025\/10\/2461-aec-Seminaras-Deimantai-ir-sampanas.png\",\"datePublished\":\"2025-10-09T19:33:32+00:00\",\"dateModified\":\"2026-02-17T14:10:31+00:00\",\"breadcrumb\":{\"@id\":\"https:\/\/fashiongold.lt\/lv\/rotaslieta\/seminars-dimanti-un-sampanietis\/#breadcrumb\"},\"inLanguage\":\"lv-LV\",\"potentialAction\":[{\"@type\":\"ReadAction\",\"target\":[\"https:\/\/fashiongold.lt\/lv\/rotaslieta\/seminars-dimanti-un-sampanietis\/\"]}]},{\"@type\":\"ImageObject\",\"inLanguage\":\"lv-LV\",\"@id\":\"https:\/\/fashiongold.lt\/lv\/rotaslieta\/seminars-dimanti-un-sampanietis\/#primaryimage\",\"url\":\"https:\/\/fashiongold.lt\/wp-content\/uploads\/2025\/10\/2461-aec-Seminaras-Deimantai-ir-sampanas.png\",\"contentUrl\":\"https:\/\/fashiongold.lt\/wp-content\/uploads\/2025\/10\/2461-aec-Seminaras-Deimantai-ir-sampanas.png\",\"width\":1000,\"height\":1000},{\"@type\":\"BreadcrumbList\",\"@id\":\"https:\/\/fashiongold.lt\/lv\/rotaslieta\/seminars-dimanti-un-sampanietis\/#breadcrumb\",\"itemListElement\":[{\"@type\":\"ListItem\",\"position\":1,\"name\":\"Home\",\"item\":\"https:\/\/fashiongold.lt\/lv\/\"},{\"@type\":\"ListItem\",\"position\":2,\"name\":\"Dimantu veikals Fashiongold.lt\",\"item\":\"https:\/\/fashiongold.lt\/shop-2\/\"},{\"@type\":\"ListItem\",\"position\":3,\"name\":\"Semin\u0101rs \u2013 Dimanti un \u0161ampanietis\"}]},{\"@type\":\"WebSite\",\"@id\":\"https:\/\/fashiongold.lt\/lv\/#website\",\"url\":\"https:\/\/fashiongold.lt\/lv\/\",\"name\":\"Fashion Gold\",\"description\":\"Juvelierizstr\u0101d\u0101jumu nams\",\"publisher\":{\"@id\":\"https:\/\/fashiongold.lt\/lv\/#organization\"},\"potentialAction\":[{\"@type\":\"SearchAction\",\"target\":{\"@type\":\"EntryPoint\",\"urlTemplate\":\"https:\/\/fashiongold.lt\/lv\/?s={search_term_string}\"},\"query-input\":{\"@type\":\"PropertyValueSpecification\",\"valueRequired\":true,\"valueName\":\"search_term_string\"}}],\"inLanguage\":\"lv-LV\"},{\"@type\":\"Organization\",\"@id\":\"https:\/\/fashiongold.lt\/lv\/#organization\",\"name\":\"Topdiamonds Online\",\"url\":\"https:\/\/fashiongold.lt\/lv\/\",\"logo\":{\"@type\":\"ImageObject\",\"inLanguage\":\"lv-LV\",\"@id\":\"https:\/\/fashiongold.lt\/lv\/#\/schema\/logo\/image\/\",\"url\":\"https:\/\/fashiongold.lt\/wp-content\/uploads\/2025\/04\/cropped-fashion_gold_logotipas2-scaled-1.png\",\"contentUrl\":\"https:\/\/fashiongold.lt\/wp-content\/uploads\/2025\/04\/cropped-fashion_gold_logotipas2-scaled-1.png\",\"width\":2559,\"height\":421,\"caption\":\"Topdiamonds Online\"},\"image\":{\"@id\":\"https:\/\/fashiongold.lt\/lv\/#\/schema\/logo\/image\/\"}}]}<\/script>\n<!-- \/ Yoast SEO plugin. -->","yoast_head_json":{"title":"Semin\u0101rs \u2013 Dimanti un \u0161ampanietis - FashionGold.lt","robots":{"index":"index","follow":"follow","max-snippet":"max-snippet:-1","max-image-preview":"max-image-preview:large","max-video-preview":"max-video-preview:-1"},"canonical":"https:\/\/fashiongold.lt\/lv\/rotaslieta\/seminars-dimanti-un-sampanietis\/","og_locale":"lv_LV","og_type":"article","og_title":"Semin\u0101rs \u2013 Dimanti un \u0161ampanietis - FashionGold.lt","og_description":"\u0160ie divi v\u0101rdi \u2013 dimanti un \u0161ampanietis \u2013 skan k\u0101 greznas un lieliskas ball\u012btes s\u0101kums. \u0160\u012b semin\u0101ra laik\u0101 juvelierizstr\u0101d\u0101jumu un d\u0101rgakme\u0146u eksperte J\u016blija Gerliha iepaz\u012bstin\u0101s ar dimantu v\u0113sturi, to raksturojumu, past\u0101st\u012bs interesantus faktus un paskaidros, k\u0101p\u0113c viena un t\u0101 pa\u0161a izm\u0113ra dimanta cena at\u0161\u0137iras desmit reizes! Apce\u013cojusi ne mazums v\u012bna d\u0101rzu un apmekl\u0113jusi semin\u0101rus, J\u016blija past\u0101st\u012bs par \u0161ampanie\u0161a smalkumiem un to at\u0161\u0137ir\u012bb\u0101m.\u00a0 T\u0101tad, k\u0101du \u0161ampanieti j\u016bs dzerat un cik maks\u0101 j\u016bsu dimanti \u2013 to visu uzzin\u0101siet semin\u0101ra laik\u0101.\u00a0","og_url":"https:\/\/fashiongold.lt\/lv\/rotaslieta\/seminars-dimanti-un-sampanietis\/","og_site_name":"FashionGold.lt","article_modified_time":"2026-02-17T14:10:31+00:00","og_image":[{"width":1000,"height":1000,"url":"https:\/\/fashiongold.lt\/wp-content\/uploads\/2025\/10\/2461-aec-Seminaras-Deimantai-ir-sampanas.webp","type":"image\/png"}],"twitter_card":"summary_large_image","twitter_misc":{"Est. reading time":"1 minute"},"schema":{"@context":"https:\/\/schema.org","@graph":[{"@type":"WebPage","@id":"https:\/\/fashiongold.lt\/lv\/rotaslieta\/seminars-dimanti-un-sampanietis\/","url":"https:\/\/fashiongold.lt\/lv\/rotaslieta\/seminars-dimanti-un-sampanietis\/","name":"Semin\u0101rs \u2013 Dimanti un \u0161ampanietis - FashionGold.lt","isPartOf":{"@id":"https:\/\/fashiongold.lt\/lv\/#website"},"primaryImageOfPage":{"@id":"https:\/\/fashiongold.lt\/lv\/rotaslieta\/seminars-dimanti-un-sampanietis\/#primaryimage"},"image":{"@id":"https:\/\/fashiongold.lt\/lv\/rotaslieta\/seminars-dimanti-un-sampanietis\/#primaryimage"},"thumbnailUrl":"https:\/\/fashiongold.lt\/wp-content\/uploads\/2025\/10\/2461-aec-Seminaras-Deimantai-ir-sampanas.png","datePublished":"2025-10-09T19:33:32+00:00","dateModified":"2026-02-17T14:10:31+00:00","breadcrumb":{"@id":"https:\/\/fashiongold.lt\/lv\/rotaslieta\/seminars-dimanti-un-sampanietis\/#breadcrumb"},"inLanguage":"lv-LV","potentialAction":[{"@type":"ReadAction","target":["https:\/\/fashiongold.lt\/lv\/rotaslieta\/seminars-dimanti-un-sampanietis\/"]}]},{"@type":"ImageObject","inLanguage":"lv-LV","@id":"https:\/\/fashiongold.lt\/lv\/rotaslieta\/seminars-dimanti-un-sampanietis\/#primaryimage","url":"https:\/\/fashiongold.lt\/wp-content\/uploads\/2025\/10\/2461-aec-Seminaras-Deimantai-ir-sampanas.png","contentUrl":"https:\/\/fashiongold.lt\/wp-content\/uploads\/2025\/10\/2461-aec-Seminaras-Deimantai-ir-sampanas.png","width":1000,"height":1000},{"@type":"BreadcrumbList","@id":"https:\/\/fashiongold.lt\/lv\/rotaslieta\/seminars-dimanti-un-sampanietis\/#breadcrumb","itemListElement":[{"@type":"ListItem","position":1,"name":"Home","item":"https:\/\/fashiongold.lt\/lv\/"},{"@type":"ListItem","position":2,"name":"Dimantu veikals Fashiongold.lt","item":"https:\/\/fashiongold.lt\/shop-2\/"},{"@type":"ListItem","position":3,"name":"Semin\u0101rs \u2013 Dimanti un \u0161ampanietis"}]},{"@type":"WebSite","@id":"https:\/\/fashiongold.lt\/lv\/#website","url":"https:\/\/fashiongold.lt\/lv\/","name":"Fashion Gold","description":"Juvelierizstr\u0101d\u0101jumu nams","publisher":{"@id":"https:\/\/fashiongold.lt\/lv\/#organization"},"potentialAction":[{"@type":"SearchAction","target":{"@type":"EntryPoint","urlTemplate":"https:\/\/fashiongold.lt\/lv\/?s={search_term_string}"},"query-input":{"@type":"PropertyValueSpecification","valueRequired":true,"valueName":"search_term_string"}}],"inLanguage":"lv-LV"},{"@type":"Organization","@id":"https:\/\/fashiongold.lt\/lv\/#organization","name":"Topdiamonds Online","url":"https:\/\/fashiongold.lt\/lv\/","logo":{"@type":"ImageObject","inLanguage":"lv-LV","@id":"https:\/\/fashiongold.lt\/lv\/#\/schema\/logo\/image\/","url":"https:\/\/fashiongold.lt\/wp-content\/uploads\/2025\/04\/cropped-fashion_gold_logotipas2-scaled-1.png","contentUrl":"https:\/\/fashiongold.lt\/wp-content\/uploads\/2025\/04\/cropped-fashion_gold_logotipas2-scaled-1.png","width":2559,"height":421,"caption":"Topdiamonds Online"},"image":{"@id":"https:\/\/fashiongold.lt\/lv\/#\/schema\/logo\/image\/"}}]}},"_links":{"self":[{"href":"https:\/\/fashiongold.lt\/lv\/wp-json\/wp\/v2\/product\/291289","targetHints":{"allow":["GET"]}}],"collection":[{"href":"https:\/\/fashiongold.lt\/lv\/wp-json\/wp\/v2\/product"}],"about":[{"href":"https:\/\/fashiongold.lt\/lv\/wp-json\/wp\/v2\/types\/product"}],"version-history":[{"count":0,"href":"https:\/\/fashiongold.lt\/lv\/wp-json\/wp\/v2\/product\/291289\/revisions"}],"wp:featuredmedia":[{"embeddable":true,"href":"https:\/\/fashiongold.lt\/lv\/wp-json\/wp\/v2\/media\/62540"}],"wp:attachment":[{"href":"https:\/\/fashiongold.lt\/lv\/wp-json\/wp\/v2\/media?parent=291289"}],"wp:term":[{"taxonomy":"product_brand","embeddable":true,"href":"https:\/\/fashiongold.lt\/lv\/wp-json\/wp\/v2\/product_brand?post=291289"},{"taxonomy":"product_cat","embeddable":true,"href":"https:\/\/fashiongold.lt\/lv\/wp-json\/wp\/v2\/product_cat?post=291289"},{"taxonomy":"product_tag","embeddable":true,"href":"https:\/\/fashiongold.lt\/lv\/wp-json\/wp\/v2\/product_tag?post=291289"}],"curies":[{"name":"wp","href":"https:\/\/api.w.org\/{rel}","templated":true}]}}