{"id":291393,"date":"2025-10-09T19:32:42","date_gmt":"2025-10-09T19:32:42","guid":{"rendered":"https:\/\/fashiongold.lt\/papuosalas\/melnas-diega-aproce-ar-sarkana-zelta-detalu-un-dimantu\/"},"modified":"2026-02-17T14:11:02","modified_gmt":"2026-02-17T14:11:02","slug":"melnas-diega-aproce-ar-sarkana-zelta-detalu-un-dimantu","status":"publish","type":"product","link":"https:\/\/fashiongold.lt\/lv\/papuosalas\/melnas-diega-aproce-ar-sarkana-zelta-detalu-un-dimantu\/","title":{"rendered":"Melnas diega aproce ar sarkan\u0101 zelta deta\u013cu un dimantu"},"content":{"rendered":"<p class=\"MsoNormal\" style=\"margin: 0cm; font-size: 12pt; font-family: 'Times New Roman', serif;\"><span lang=\"EN-US\" style=\"background: #f7f7f8;\">Melna<\/span><span lang=\"EN-US\" style=\"background: #f7f7f8;\"> <\/span><span lang=\"LT\" style=\"background: #f7f7f8;\">d<\/span><span style=\"background: #f7f7f8;\">iega <\/span><span lang=\"LT\" style=\"background: #f7f7f8;\">a<\/span><span style=\"background: #f7f7f8;\">proce ar <\/span><span lang=\"LT\" style=\"background: #f7f7f8;\">sarkan\u0101 zelta<\/span><span lang=\"LT\" style=\"background: #f7f7f8;\"> <\/span><span lang=\"LT\" style=\"background: #f7f7f8;\">d<\/span><span style=\"background: #f7f7f8;\">etal<\/span><span lang=\"LT\" style=\"background: #f7f7f8;\">u<\/span><span style=\"background: #f7f7f8;\"> ir <\/span><span lang=\"LT\" style=\"background: #f7f7f8;\">d<\/span><span style=\"background: #f7f7f8;\">imantu &#8211; unik\u0101ls kr\u0101su un luksusa apvienojums. \u0160\u012b aproce ar melnu diegu, <\/span><span lang=\"LT\" style=\"background: #f7f7f8;\">sarkan\u0101<\/span><span lang=\"LT\" style=\"background: #f7f7f8;\"> <\/span><span lang=\"LT\" style=\"background: #f7f7f8;\">zelta <\/span><span style=\"background: #f7f7f8;\">deta\u013cu un dimantu pie\u0161\u0137irs jums \u012bpa\u0161u \u0161armu. Esiet ekskluz\u012bva un neatk\u0101rtojama, valk\u0101jot \u0161o aproci. <\/span><span lang=\"LT\" style=\"background: #f7f7f8;\">L<\/span><span style=\"background: #f7f7f8;\">aimes nes\u0113ja <\/span><span lang=\"LT\" style=\"background: #f7f7f8;\">ar sarkan\u0101 zelta deta\u013cu<\/span><span style=\"background: #f7f7f8;\">&#8211; tas ir \u012bsts luksusa un veiksmes nosl\u0113pums, kas rada \u0161armu un labas ener\u0123ijas pl\u016bsmu. \u013baujiet \u0161ai aprocei atnest jums laimi un kopt j\u016bsu iek\u0161\u0113jo mirdzumu<\/span><o:p><\/o:p><\/p>\n<p class=\"MsoNormal\" style=\"margin: 0cm; font-size: 12pt; font-family: 'Times New Roman', serif;\"><o:p>\u00a0<\/o:p><\/p>\n<p class=\"MsoNormal\" style=\"margin: 0cm; font-size: 12pt; font-family: 'Times New Roman', serif;\"><span lang=\"LT\" style=\"background: #f7f7f8;\">Melna diega aproce ir piem\u0113rota visiem<\/span><span style=\"background: #f7f7f8;\"> \u012bpa\u0161iem gad\u012bjumiem<\/span><span lang=\"LT\" style=\"background: #f7f7f8;\">, k\u0101 d\u0101vana <\/span><span style=\"background: #f7f7f8;\">&#8211; v\u012brie\u0161iem, sieviet\u0113m un b\u0113rniem. Dzim\u0161anas dien\u0101m, krist\u012bb\u0101m, M\u0101tes dienai, k\u0101z\u0101m, k\u0101zu gadadien<\/span><span lang=\"LT\" style=\"background: #f7f7f8;\">\u0101<\/span><span style=\"background: #f7f7f8;\">m un draudz\u012bbas stiprin\u0101\u0161anai. \u0160<\/span><span lang=\"LT\" style=\"background: #f7f7f8;\">\u012b<\/span><span lang=\"LT\" style=\"background: #f7f7f8;\"> <\/span><span style=\"background: #f7f7f8;\">d\u0101van<\/span><span lang=\"LT\" style=\"background: #f7f7f8;\">a<\/span><span style=\"background: #f7f7f8;\"> ar dimantiem pie\u0161\u0137ir \u012bpa\u0161u noz\u012bmi un atmi\u0146as visam m\u016b\u017eam. Dimanti, kas simboliz\u0113 stipru draudz\u012bbu, pie\u0161\u0137irs mirdzumu un luksusu j\u016bsu \u012bpa\u0161ajiem mirk\u013ciem. Izv\u0113lieties \u0161o univers\u0101l\u0101 skaistuma aksesu\u0101ru, kas vienm\u0113r nes\u012bs laimi un stiprin\u0101s draudz\u012bbas saites.<\/span><o:p><\/o:p><\/p>\n<p class=\"p1\" style=\"margin-right: 0cm; margin-left: 0cm; font-size: 12pt; font-family: 'Times New Roman', serif;\">Izm\u0113rs ir regul\u0113jams sasienot. Aproci rot\u0101 un t\u0101s ekskluz\u012bvais akcents ir 0,01 ct liels <span lang=\"LT\">dab\u012bgs<\/span><span lang=\"LT\"> <\/span>dimants (briljants), kas iestr\u0101d\u0101ts 585 proves\u00a0<span lang=\"LT\">sarkan\u0101<\/span><span lang=\"LT\"> <\/span>zelta ietvar\u0101.<o:p><\/o:p><\/p>\n<p class=\"p1\" style=\"margin-right: 0cm; margin-left: 0cm; font-size: 12pt; font-family: 'Times New Roman', serif;\"><span lang=\"LT\">Zelta deta\u013cas s<\/span>vars 0,<span lang=\"LT\">15<\/span> g.<o:p><\/o:p><\/p>\n<p class=\"p1\" style=\"margin-right: 0cm; margin-left: 0cm; font-size: 12pt; font-family: 'Times New Roman', serif;\">Zelta deta\u013cas izm\u0113rs <span lang=\"EN-US\">2<\/span> mm, briljanta izm\u0113rs 1,<span lang=\"EN-US\">35<\/span> mm.<span class=\"apple-converted-space\">\u00a0<\/span><o:p><\/o:p><\/p>\n<p class=\"p2\" style=\"margin-right: 0cm; margin-left: 0cm; font-size: 12pt; font-family: 'Times New Roman', serif;\">Sv\u0113tku iepakojums grezn\u0101 rotaslietu k\u0101rbi\u0146\u0101 un maisi\u0146\u0101 &#8211; BEZ MAKSAS.\u00a0<o:p><\/o:p><\/p>\n","protected":false},"excerpt":{"rendered":"<p class=\"MsoNormal\" style=\"margin: 0cm; font-size: 12pt; font-family: 'Times New Roman', serif;\"><span lang=\"LV\" style=\"background: #f7f7f8;\">Meln\u0101<\/span><span style=\"background: #f7f7f8;\"> dieg<\/span><span lang=\"LV\" style=\"background: #f7f7f8;\">a aproce ar<\/span><span style=\"background: #f7f7f8;\"> <\/span><span lang=\"LV\" style=\"background: #f7f7f8;\">sarkan\u0101<\/span><span style=\"background: #f7f7f8;\"> zelta deta\u013cu un dimantu pie\u0161\u0137irs \u012bpa\u0161u \u0161armu. Esiet unik\u0101la, n\u0113s\u0101jot \u0161o aproci. Laimes neseja ar <\/span><span lang=\"LV\" style=\"background: #f7f7f8;\">sarkan\u0101<\/span><span style=\"background: #f7f7f8;\"> zelta deta\u013c<\/span><span lang=\"LV\" style=\"background: #f7f7f8;\">u<\/span><span style=\"background: #f7f7f8;\"> &#8211; tas ir \u012bsts luksusa un veiksmes nosl\u0113pums, kas rada \u0161arma un labas ener\u0123ijas pl\u016bsmu<o:p><\/o:p><\/span><\/p>\n","protected":false},"featured_media":62179,"template":"","meta":{"site-sidebar-layout":"","site-content-layout":"","ast-site-content-layout":"","site-content-style":"","site-sidebar-style":"","ast-global-header-display":"","ast-banner-title-visibility":"","ast-main-header-display":"","ast-hfb-above-header-display":"","ast-hfb-below-header-display":"","ast-hfb-mobile-header-display":"","site-post-title":"","ast-breadcrumbs-content":"","ast-featured-img":"","footer-sml-layout":"","ast-disable-related-posts":"","theme-transparent-header-meta":"","adv-header-id-meta":"","stick-header-meta":"","header-above-stick-meta":"","header-main-stick-meta":"","header-below-stick-meta":"","astra-migrate-meta-layouts":"default","ast-page-background-enabled":"default","ast-page-background-meta":{"desktop":{"background-color":"var(--ast-global-color-4)","background-image":"","background-repeat":"repeat","background-position":"center center","background-size":"auto","background-attachment":"scroll","background-type":"","background-media":"","overlay-type":"","overlay-color":"","overlay-opacity":"","overlay-gradient":""},"tablet":{"background-color":"","background-image":"","background-repeat":"repeat","background-position":"center center","background-size":"auto","background-attachment":"scroll","background-type":"","background-media":"","overlay-type":"","overlay-color":"","overlay-opacity":"","overlay-gradient":""},"mobile":{"background-color":"","background-image":"","background-repeat":"repeat","background-position":"center center","background-size":"auto","background-attachment":"scroll","background-type":"","background-media":"","overlay-type":"","overlay-color":"","overlay-opacity":"","overlay-gradient":""}},"ast-content-background-meta":{"desktop":{"background-color":"var(--ast-global-color-5)","background-image":"","background-repeat":"repeat","background-position":"center center","background-size":"auto","background-attachment":"scroll","background-type":"","background-media":"","overlay-type":"","overlay-color":"","overlay-opacity":"","overlay-gradient":""},"tablet":{"background-color":"var(--ast-global-color-5)","background-image":"","background-repeat":"repeat","background-position":"center center","background-size":"auto","background-attachment":"scroll","background-type":"","background-media":"","overlay-type":"","overlay-color":"","overlay-opacity":"","overlay-gradient":""},"mobile":{"background-color":"var(--ast-global-color-5)","background-image":"","background-repeat":"repeat","background-position":"center center","background-size":"auto","background-attachment":"scroll","background-type":"","background-media":"","overlay-type":"","overlay-color":"","overlay-opacity":"","overlay-gradient":""}}},"product_brand":[],"product_cat":[3481],"product_tag":[],"class_list":{"0":"post-291393","1":"product","2":"type-product","3":"status-publish","4":"has-post-thumbnail","6":"product_cat-izpardosana","7":"desktop-align-center","8":"tablet-align-left","9":"mobile-align-left","10":"ast-product-gallery-layout-horizontal-slider","11":"ast-product-gallery-with-no-image","12":"ast-product-tabs-layout-accordion","13":"ast-qv-on-image","15":"first","16":"instock","17":"taxable","18":"shipping-taxable","19":"purchasable","20":"product-type-simple"},"yoast_head":"<!-- This site is optimized with the Yoast SEO plugin v26.6 - https:\/\/yoast.com\/wordpress\/plugins\/seo\/ -->\n<title>Melna diega aproce ar sarkan\u0101 zelta deta\u013cu un dimantu<\/title>\n<meta name=\"description\" content=\"Meln\u0101 diega aproce ar sarkan\u0101 zelta deta\u013cu un dimantu. Tas ir patiess luksusa un veiksmes nosl\u0113pums, kas rada \u0161arma un labas ener\u0123ijas pl\u016bsmu.\" \/>\n<meta name=\"robots\" content=\"index, follow, max-snippet:-1, max-image-preview:large, max-video-preview:-1\" \/>\n<link rel=\"canonical\" href=\"https:\/\/fashiongold.lt\/lv\/papuosalas\/melnas-diega-aproce-ar-sarkana-zelta-detalu-un-dimantu\/\" \/>\n<meta property=\"og:locale\" content=\"lv_LV\" \/>\n<meta property=\"og:type\" content=\"article\" \/>\n<meta property=\"og:title\" content=\"Melna diega aproce ar sarkan\u0101 zelta deta\u013cu un dimantu\" \/>\n<meta property=\"og:description\" content=\"Meln\u0101 diega aproce ar sarkan\u0101 zelta deta\u013cu un dimantu. Tas ir patiess luksusa un veiksmes nosl\u0113pums, kas rada \u0161arma un labas ener\u0123ijas pl\u016bsmu.\" \/>\n<meta property=\"og:url\" content=\"https:\/\/fashiongold.lt\/lv\/papuosalas\/melnas-diega-aproce-ar-sarkana-zelta-detalu-un-dimantu\/\" \/>\n<meta property=\"og:site_name\" content=\"FashionGold.lt\" \/>\n<meta property=\"article:modified_time\" content=\"2026-02-17T14:11:02+00:00\" \/>\n<meta property=\"og:image\" content=\"https:\/\/fashiongold.lt\/wp-content\/uploads\/2025\/10\/2406-c75-Laime-nesantis-juodas-siulas-apyranke-su-deimantu-raudonas-auksas.webp\" \/>\n\t<meta property=\"og:image:width\" content=\"1067\" \/>\n\t<meta property=\"og:image:height\" content=\"1128\" \/>\n\t<meta property=\"og:image:type\" content=\"image\/jpeg\" \/>\n<meta name=\"twitter:card\" content=\"summary_large_image\" \/>\n<meta name=\"twitter:label1\" content=\"Est. reading time\" \/>\n\t<meta name=\"twitter:data1\" content=\"1 minute\" \/>\n<script type=\"application\/ld+json\" class=\"yoast-schema-graph\">{\"@context\":\"https:\/\/schema.org\",\"@graph\":[{\"@type\":\"WebPage\",\"@id\":\"https:\/\/fashiongold.lt\/lv\/papuosalas\/melnas-diega-aproce-ar-sarkana-zelta-detalu-un-dimantu\/\",\"url\":\"https:\/\/fashiongold.lt\/lv\/papuosalas\/melnas-diega-aproce-ar-sarkana-zelta-detalu-un-dimantu\/\",\"name\":\"Melna diega aproce ar sarkan\u0101 zelta deta\u013cu un dimantu\",\"isPartOf\":{\"@id\":\"https:\/\/fashiongold.lt\/lv\/#website\"},\"primaryImageOfPage\":{\"@id\":\"https:\/\/fashiongold.lt\/lv\/papuosalas\/melnas-diega-aproce-ar-sarkana-zelta-detalu-un-dimantu\/#primaryimage\"},\"image\":{\"@id\":\"https:\/\/fashiongold.lt\/lv\/papuosalas\/melnas-diega-aproce-ar-sarkana-zelta-detalu-un-dimantu\/#primaryimage\"},\"thumbnailUrl\":\"https:\/\/fashiongold.lt\/wp-content\/uploads\/2025\/10\/2406-c75-Laime-nesantis-juodas-siulas-apyranke-su-deimantu-raudonas-auksas.jpg\",\"datePublished\":\"2025-10-09T19:32:42+00:00\",\"dateModified\":\"2026-02-17T14:11:02+00:00\",\"description\":\"Meln\u0101 diega aproce ar sarkan\u0101 zelta deta\u013cu un dimantu. Tas ir patiess luksusa un veiksmes nosl\u0113pums, kas rada \u0161arma un labas ener\u0123ijas pl\u016bsmu.\",\"breadcrumb\":{\"@id\":\"https:\/\/fashiongold.lt\/lv\/papuosalas\/melnas-diega-aproce-ar-sarkana-zelta-detalu-un-dimantu\/#breadcrumb\"},\"inLanguage\":\"lv-LV\",\"potentialAction\":[{\"@type\":\"ReadAction\",\"target\":[\"https:\/\/fashiongold.lt\/lv\/papuosalas\/melnas-diega-aproce-ar-sarkana-zelta-detalu-un-dimantu\/\"]}]},{\"@type\":\"ImageObject\",\"inLanguage\":\"lv-LV\",\"@id\":\"https:\/\/fashiongold.lt\/lv\/papuosalas\/melnas-diega-aproce-ar-sarkana-zelta-detalu-un-dimantu\/#primaryimage\",\"url\":\"https:\/\/fashiongold.lt\/wp-content\/uploads\/2025\/10\/2406-c75-Laime-nesantis-juodas-siulas-apyranke-su-deimantu-raudonas-auksas.jpg\",\"contentUrl\":\"https:\/\/fashiongold.lt\/wp-content\/uploads\/2025\/10\/2406-c75-Laime-nesantis-juodas-siulas-apyranke-su-deimantu-raudonas-auksas.jpg\",\"width\":1067,\"height\":1128},{\"@type\":\"BreadcrumbList\",\"@id\":\"https:\/\/fashiongold.lt\/lv\/papuosalas\/melnas-diega-aproce-ar-sarkana-zelta-detalu-un-dimantu\/#breadcrumb\",\"itemListElement\":[{\"@type\":\"ListItem\",\"position\":1,\"name\":\"Home\",\"item\":\"https:\/\/fashiongold.lt\/lv\/\"},{\"@type\":\"ListItem\",\"position\":2,\"name\":\"Dimantu veikals Fashiongold.lt\",\"item\":\"https:\/\/fashiongold.lt\/shop-2\/\"},{\"@type\":\"ListItem\",\"position\":3,\"name\":\"Melnas diega aproce ar sarkan\u0101 zelta deta\u013cu un dimantu\"}]},{\"@type\":\"WebSite\",\"@id\":\"https:\/\/fashiongold.lt\/lv\/#website\",\"url\":\"https:\/\/fashiongold.lt\/lv\/\",\"name\":\"Fashion Gold\",\"description\":\"Juvelyrikos namai\",\"publisher\":{\"@id\":\"https:\/\/fashiongold.lt\/lv\/#organization\"},\"potentialAction\":[{\"@type\":\"SearchAction\",\"target\":{\"@type\":\"EntryPoint\",\"urlTemplate\":\"https:\/\/fashiongold.lt\/lv\/?s={search_term_string}\"},\"query-input\":{\"@type\":\"PropertyValueSpecification\",\"valueRequired\":true,\"valueName\":\"search_term_string\"}}],\"inLanguage\":\"lv-LV\"},{\"@type\":\"Organization\",\"@id\":\"https:\/\/fashiongold.lt\/lv\/#organization\",\"name\":\"Topdiamonds Online\",\"url\":\"https:\/\/fashiongold.lt\/lv\/\",\"logo\":{\"@type\":\"ImageObject\",\"inLanguage\":\"lv-LV\",\"@id\":\"https:\/\/fashiongold.lt\/lv\/#\/schema\/logo\/image\/\",\"url\":\"https:\/\/fashiongold.lt\/wp-content\/uploads\/2025\/04\/cropped-fashion_gold_logotipas2-scaled-1.png\",\"contentUrl\":\"https:\/\/fashiongold.lt\/wp-content\/uploads\/2025\/04\/cropped-fashion_gold_logotipas2-scaled-1.png\",\"width\":2559,\"height\":421,\"caption\":\"Topdiamonds Online\"},\"image\":{\"@id\":\"https:\/\/fashiongold.lt\/lv\/#\/schema\/logo\/image\/\"}}]}<\/script>\n<!-- \/ Yoast SEO plugin. -->","yoast_head_json":{"title":"Melna diega aproce ar sarkan\u0101 zelta deta\u013cu un dimantu","description":"Meln\u0101 diega aproce ar sarkan\u0101 zelta deta\u013cu un dimantu. Tas ir patiess luksusa un veiksmes nosl\u0113pums, kas rada \u0161arma un labas ener\u0123ijas pl\u016bsmu.","robots":{"index":"index","follow":"follow","max-snippet":"max-snippet:-1","max-image-preview":"max-image-preview:large","max-video-preview":"max-video-preview:-1"},"canonical":"https:\/\/fashiongold.lt\/lv\/papuosalas\/melnas-diega-aproce-ar-sarkana-zelta-detalu-un-dimantu\/","og_locale":"lv_LV","og_type":"article","og_title":"Melna diega aproce ar sarkan\u0101 zelta deta\u013cu un dimantu","og_description":"Meln\u0101 diega aproce ar sarkan\u0101 zelta deta\u013cu un dimantu. Tas ir patiess luksusa un veiksmes nosl\u0113pums, kas rada \u0161arma un labas ener\u0123ijas pl\u016bsmu.","og_url":"https:\/\/fashiongold.lt\/lv\/papuosalas\/melnas-diega-aproce-ar-sarkana-zelta-detalu-un-dimantu\/","og_site_name":"FashionGold.lt","article_modified_time":"2026-02-17T14:11:02+00:00","og_image":[{"width":1067,"height":1128,"url":"https:\/\/fashiongold.lt\/wp-content\/uploads\/2025\/10\/2406-c75-Laime-nesantis-juodas-siulas-apyranke-su-deimantu-raudonas-auksas.webp","type":"image\/jpeg"}],"twitter_card":"summary_large_image","twitter_misc":{"Est. reading time":"1 minute"},"schema":{"@context":"https:\/\/schema.org","@graph":[{"@type":"WebPage","@id":"https:\/\/fashiongold.lt\/lv\/papuosalas\/melnas-diega-aproce-ar-sarkana-zelta-detalu-un-dimantu\/","url":"https:\/\/fashiongold.lt\/lv\/papuosalas\/melnas-diega-aproce-ar-sarkana-zelta-detalu-un-dimantu\/","name":"Melna diega aproce ar sarkan\u0101 zelta deta\u013cu un dimantu","isPartOf":{"@id":"https:\/\/fashiongold.lt\/lv\/#website"},"primaryImageOfPage":{"@id":"https:\/\/fashiongold.lt\/lv\/papuosalas\/melnas-diega-aproce-ar-sarkana-zelta-detalu-un-dimantu\/#primaryimage"},"image":{"@id":"https:\/\/fashiongold.lt\/lv\/papuosalas\/melnas-diega-aproce-ar-sarkana-zelta-detalu-un-dimantu\/#primaryimage"},"thumbnailUrl":"https:\/\/fashiongold.lt\/wp-content\/uploads\/2025\/10\/2406-c75-Laime-nesantis-juodas-siulas-apyranke-su-deimantu-raudonas-auksas.jpg","datePublished":"2025-10-09T19:32:42+00:00","dateModified":"2026-02-17T14:11:02+00:00","description":"Meln\u0101 diega aproce ar sarkan\u0101 zelta deta\u013cu un dimantu. Tas ir patiess luksusa un veiksmes nosl\u0113pums, kas rada \u0161arma un labas ener\u0123ijas pl\u016bsmu.","breadcrumb":{"@id":"https:\/\/fashiongold.lt\/lv\/papuosalas\/melnas-diega-aproce-ar-sarkana-zelta-detalu-un-dimantu\/#breadcrumb"},"inLanguage":"lv-LV","potentialAction":[{"@type":"ReadAction","target":["https:\/\/fashiongold.lt\/lv\/papuosalas\/melnas-diega-aproce-ar-sarkana-zelta-detalu-un-dimantu\/"]}]},{"@type":"ImageObject","inLanguage":"lv-LV","@id":"https:\/\/fashiongold.lt\/lv\/papuosalas\/melnas-diega-aproce-ar-sarkana-zelta-detalu-un-dimantu\/#primaryimage","url":"https:\/\/fashiongold.lt\/wp-content\/uploads\/2025\/10\/2406-c75-Laime-nesantis-juodas-siulas-apyranke-su-deimantu-raudonas-auksas.jpg","contentUrl":"https:\/\/fashiongold.lt\/wp-content\/uploads\/2025\/10\/2406-c75-Laime-nesantis-juodas-siulas-apyranke-su-deimantu-raudonas-auksas.jpg","width":1067,"height":1128},{"@type":"BreadcrumbList","@id":"https:\/\/fashiongold.lt\/lv\/papuosalas\/melnas-diega-aproce-ar-sarkana-zelta-detalu-un-dimantu\/#breadcrumb","itemListElement":[{"@type":"ListItem","position":1,"name":"Home","item":"https:\/\/fashiongold.lt\/lv\/"},{"@type":"ListItem","position":2,"name":"Dimantu veikals Fashiongold.lt","item":"https:\/\/fashiongold.lt\/shop-2\/"},{"@type":"ListItem","position":3,"name":"Melnas diega aproce ar sarkan\u0101 zelta deta\u013cu un dimantu"}]},{"@type":"WebSite","@id":"https:\/\/fashiongold.lt\/lv\/#website","url":"https:\/\/fashiongold.lt\/lv\/","name":"Fashion Gold","description":"Juvelyrikos namai","publisher":{"@id":"https:\/\/fashiongold.lt\/lv\/#organization"},"potentialAction":[{"@type":"SearchAction","target":{"@type":"EntryPoint","urlTemplate":"https:\/\/fashiongold.lt\/lv\/?s={search_term_string}"},"query-input":{"@type":"PropertyValueSpecification","valueRequired":true,"valueName":"search_term_string"}}],"inLanguage":"lv-LV"},{"@type":"Organization","@id":"https:\/\/fashiongold.lt\/lv\/#organization","name":"Topdiamonds Online","url":"https:\/\/fashiongold.lt\/lv\/","logo":{"@type":"ImageObject","inLanguage":"lv-LV","@id":"https:\/\/fashiongold.lt\/lv\/#\/schema\/logo\/image\/","url":"https:\/\/fashiongold.lt\/wp-content\/uploads\/2025\/04\/cropped-fashion_gold_logotipas2-scaled-1.png","contentUrl":"https:\/\/fashiongold.lt\/wp-content\/uploads\/2025\/04\/cropped-fashion_gold_logotipas2-scaled-1.png","width":2559,"height":421,"caption":"Topdiamonds Online"},"image":{"@id":"https:\/\/fashiongold.lt\/lv\/#\/schema\/logo\/image\/"}}]}},"_links":{"self":[{"href":"https:\/\/fashiongold.lt\/lv\/wp-json\/wp\/v2\/product\/291393","targetHints":{"allow":["GET"]}}],"collection":[{"href":"https:\/\/fashiongold.lt\/lv\/wp-json\/wp\/v2\/product"}],"about":[{"href":"https:\/\/fashiongold.lt\/lv\/wp-json\/wp\/v2\/types\/product"}],"version-history":[{"count":0,"href":"https:\/\/fashiongold.lt\/lv\/wp-json\/wp\/v2\/product\/291393\/revisions"}],"wp:featuredmedia":[{"embeddable":true,"href":"https:\/\/fashiongold.lt\/lv\/wp-json\/wp\/v2\/media\/62179"}],"wp:attachment":[{"href":"https:\/\/fashiongold.lt\/lv\/wp-json\/wp\/v2\/media?parent=291393"}],"wp:term":[{"taxonomy":"product_brand","embeddable":true,"href":"https:\/\/fashiongold.lt\/lv\/wp-json\/wp\/v2\/product_brand?post=291393"},{"taxonomy":"product_cat","embeddable":true,"href":"https:\/\/fashiongold.lt\/lv\/wp-json\/wp\/v2\/product_cat?post=291393"},{"taxonomy":"product_tag","embeddable":true,"href":"https:\/\/fashiongold.lt\/lv\/wp-json\/wp\/v2\/product_tag?post=291393"}],"curies":[{"name":"wp","href":"https:\/\/api.w.org\/{rel}","templated":true}]}}