{"id":291499,"date":"2025-10-09T19:32:41","date_gmt":"2025-10-09T19:32:41","guid":{"rendered":"https:\/\/fashiongold.lt\/papuosalas\/laimi-nesosa-sarkana-diega-aproce-ar-dimantu-sarkanais-zelts-minimalistiska\/"},"modified":"2025-10-09T19:32:41","modified_gmt":"2025-10-09T19:32:41","slug":"laimi-nesosa-sarkana-diega-aproce-ar-dimantu-sarkanais-zelts-minimalistiska","status":"publish","type":"product","link":"https:\/\/fashiongold.lt\/lv\/papuosalas\/laimi-nesosa-sarkana-diega-aproce-ar-dimantu-sarkanais-zelts-minimalistiska\/","title":{"rendered":"Laimi neso\u0161a sarkana diega aproce ar dimantu (sarkanais zelts, minim\u0101listiska)"},"content":{"rendered":"<p><span style=\"font-size: medium;\"><\/span><\/p>\n<p class=\"p1\"><span style=\"font-size: 12pt; font-family: 'Times New Roman', serif; background: #f7f7f8;\">\u0160\u012b ekskluz\u012bv\u0101 sarkan\u0101 diega<\/span><span lang=\"LV\" style=\"font-size: 12pt; font-family: 'Times New Roman', serif; background: #f7f7f8;\"> <\/span><span style=\"font-size: 12pt; font-family: 'Times New Roman', serif; background: #f7f7f8;\">aproc<\/span><span lang=\"LV\" style=\"font-size: 12pt; font-family: 'Times New Roman', serif; background: #f7f7f8;\">e<\/span><span style=\"font-size: 12pt; font-family: 'Times New Roman', serif; background: #f7f7f8;\">, minim\u0101listiska sarkan\u0101 zelta deta\u013ca un dabisks dimants izce\u013c j\u016bsu unikalit\u0101ti un jutekliskumu. T\u0101s elegantais dizains un luksusa mirdzums piesaista skatienus un pie\u0161\u0137ir \u012bpa\u0161u \u0161armu. N\u0113s\u0101<\/span><span lang=\"LV\" style=\"font-size: 12pt; font-family: 'Times New Roman', serif; background: #f7f7f8;\">jie<\/span><span style=\"font-size: 12pt; font-family: 'Times New Roman', serif; background: #f7f7f8;\">t \u0161o aproci ar p\u0101rliec\u012bbu<\/span><span lang=\"LV\" style=\"font-size: 12pt; font-family: 'Times New Roman', serif; background: #f7f7f8;\">. <\/span><span style=\"font-size: 12pt; font-family: 'Times New Roman', serif; background: #f7f7f8;\">Laimas nes\u0113js &#8211; tas ir \u012bsts grezn\u012bbas un veiksmes nosl\u0113pums, kas izcels j\u016bsu person\u012bbas mirdzumu.<\/span><\/p>\n<p class=\"MsoNormal\" style=\"margin: 0cm; font-size: 12pt; font-family: 'Times New Roman', serif;\"><span lang=\"LV\" style=\"background: #f7f7f8;\">Sarkan\u0101 diega aproce ir piem\u0113rota visi<\/span><span style=\"background: #f7f7f8;\">em \u012bpa\u0161ajiem gad\u012bjumiem<\/span><span lang=\"LV\" style=\"background: #f7f7f8;\">, k\u0101 d\u0101vana <\/span><span style=\"background: #f7f7f8;\">&#8211; v\u012brie\u0161iem, sieviet\u0113m un b\u0113rniem. Dzim\u0161anas dien\u0101m, krist\u012bb\u0101m, M\u0101tes dienai, k\u0101z\u0101m, k\u0101zu gadadien\u0101<\/span><span lang=\"LV\" style=\"background: #f7f7f8;\">m<\/span><span style=\"background: #f7f7f8;\"> un draudz\u012bbas stiprin\u0101\u0161anai. \u0160<\/span><span lang=\"LV\" style=\"background: #f7f7f8;\">\u012b<\/span><span lang=\"LV\" style=\"background: #f7f7f8;\"> <\/span><span style=\"background: #f7f7f8;\">d\u0101van<\/span><span lang=\"LV\" style=\"background: #f7f7f8;\">a<\/span><span style=\"background: #f7f7f8;\"> ar dimantiem sniedz \u012bpa\u0161u noz\u012bmi un atmi\u0146as visam m\u016b\u017eam. Dimanti, kas simboliz\u0113 stipru draudz\u012bbu, pie\u0161\u0137irs mirdzumu un grezn\u012bbu j\u016bsu \u012bpa\u0161ajiem mirk\u013ciem. Izv\u0113lieties \u0161o univers\u0101l\u0101 skaistuma aksesu\u0101ru, kas vienm\u0113r nes\u012bs laimi un stiprin\u0101s draudz\u012bbas saites.<\/span><o:p><\/o:p><\/p>\n<p class=\"p1\"><span style=\"font-family: 'Times New Roman', serif; font-size: 12pt;\">Izm\u0113rs ir regul\u0113jams aizsienot. Aproci rot\u0101 un par t\u0101s ekskluz\u012bvu akcentu kalpo 0,01 ct liels <\/span><span lang=\"LV\" style=\"font-family: 'Times New Roman', serif; font-size: 12pt;\">dabiskais<\/span><span style=\"font-family: 'Times New Roman', serif; font-size: 12pt;\"> briljants, kas iestiprin\u0101ts 585. proves sarkan\u0101 zelta ietvar\u0101.<\/span><\/p>\n<p class=\"p1\" style=\"margin-right: 0cm; margin-left: 0cm; font-size: 12pt; font-family: 'Times New Roman', serif;\"><o:p><\/o:p><\/p>\n<p class=\"p1\" style=\"margin-right: 0cm; margin-left: 0cm; font-size: 12pt; font-family: 'Times New Roman', serif;\"><span lang=\"LV\">Zelta deta\u013cas s<\/span>vars 0,15 g.<o:p><\/o:p><\/p>\n<p class=\"p1\" style=\"margin-right: 0cm; margin-left: 0cm; font-size: 12pt; font-family: 'Times New Roman', serif;\">Zelta deta\u013cas izm\u0113rs 2 mm, briljanta izm\u0113rs 1,35 mm.<span class=\"apple-converted-space\">\u00a0<\/span><o:p><\/o:p><\/p>\n<p class=\"p2\" style=\"margin-right: 0cm; margin-left: 0cm; font-size: 12pt; font-family: 'Times New Roman', serif;\">Sv\u0113tku iepakojums grezn\u0101 rotaslietu k\u0101rbi\u0146\u0101 un maisi\u0146\u0101 &#8211; BEZ MAKSAS.\u00a0<o:p><\/o:p><\/p>\n","protected":false},"excerpt":{"rendered":"<p><span style=\"font-size: 12pt; font-family: 'Times New Roman', serif; background: #f7f7f8;\">Laimes <\/span><span lang=\"LT\" style=\"font-size: 12pt; font-family: 'Times New Roman', serif; background: #f7f7f8;\">n<\/span><span style=\"font-size: 12pt; font-family: 'Times New Roman', serif; background: #f7f7f8;\">es\u0113js: <\/span><span lang=\"LT\" style=\"font-size: 12pt; font-family: 'Times New Roman', serif; background: #f7f7f8;\">s<\/span><span style=\"font-size: 12pt; font-family: 'Times New Roman', serif; background: #f7f7f8;\">arkana <\/span><span lang=\"LT\" style=\"font-size: 12pt; font-family: 'Times New Roman', serif; background: #f7f7f8;\">d<\/span><span style=\"font-size: 12pt; font-family: 'Times New Roman', serif; background: #f7f7f8;\">ieg<\/span><span lang=\"LT\" style=\"font-size: 12pt; font-family: 'Times New Roman', serif; background: #f7f7f8;\">a a<\/span><span style=\"font-size: 12pt; font-family: 'Times New Roman', serif; background: #f7f7f8;\">proce ar <\/span><span lang=\"LT\" style=\"font-size: 12pt; font-family: 'Times New Roman', serif; background: #f7f7f8;\">m<\/span><span style=\"font-size: 12pt; font-family: 'Times New Roman', serif; background: #f7f7f8;\">inim\u0101listisku <\/span><span lang=\"LT\" style=\"font-size: 12pt; font-family: 'Times New Roman', serif; background: #f7f7f8;\">s<\/span><span style=\"font-size: 12pt; font-family: 'Times New Roman', serif; background: #f7f7f8;\">arkan\u0101 <\/span><span lang=\"LT\" style=\"font-size: 12pt; font-family: 'Times New Roman', serif; background: #f7f7f8;\">z<\/span><span style=\"font-size: 12pt; font-family: 'Times New Roman', serif; background: #f7f7f8;\">elt<\/span><span lang=\"LT\" style=\"font-size: 12pt; font-family: 'Times New Roman', serif; background: #f7f7f8;\">a deta\u013cu<\/span><span style=\"font-size: 12pt; font-family: 'Times New Roman', serif; background: #f7f7f8;\"> un <\/span><span lang=\"LT\" style=\"font-size: 12pt; font-family: 'Times New Roman', serif; background: #f7f7f8;\">d<\/span><span style=\"font-size: 12pt; font-family: 'Times New Roman', serif; background: #f7f7f8;\">abisku <\/span><span lang=\"LT\" style=\"font-size: 12pt; font-family: 'Times New Roman', serif; background: #f7f7f8;\">d<\/span><span style=\"font-size: 12pt; font-family: 'Times New Roman', serif; background: #f7f7f8;\">imantu &#8211; stils, simboliz\u0113 veiksmi un laimes ener\u0123ijas iesk\u0101vumu<\/span><\/p>\n","protected":false},"featured_media":62022,"template":"","meta":{"site-sidebar-layout":"","site-content-layout":"","ast-site-content-layout":"","site-content-style":"","site-sidebar-style":"","ast-global-header-display":"","ast-banner-title-visibility":"","ast-main-header-display":"","ast-hfb-above-header-display":"","ast-hfb-below-header-display":"","ast-hfb-mobile-header-display":"","site-post-title":"","ast-breadcrumbs-content":"","ast-featured-img":"","footer-sml-layout":"","ast-disable-related-posts":"","theme-transparent-header-meta":"","adv-header-id-meta":"","stick-header-meta":"","header-above-stick-meta":"","header-main-stick-meta":"","header-below-stick-meta":"","astra-migrate-meta-layouts":"default","ast-page-background-enabled":"default","ast-page-background-meta":{"desktop":{"background-color":"var(--ast-global-color-4)","background-image":"","background-repeat":"repeat","background-position":"center center","background-size":"auto","background-attachment":"scroll","background-type":"","background-media":"","overlay-type":"","overlay-color":"","overlay-opacity":"","overlay-gradient":""},"tablet":{"background-color":"","background-image":"","background-repeat":"repeat","background-position":"center center","background-size":"auto","background-attachment":"scroll","background-type":"","background-media":"","overlay-type":"","overlay-color":"","overlay-opacity":"","overlay-gradient":""},"mobile":{"background-color":"","background-image":"","background-repeat":"repeat","background-position":"center center","background-size":"auto","background-attachment":"scroll","background-type":"","background-media":"","overlay-type":"","overlay-color":"","overlay-opacity":"","overlay-gradient":""}},"ast-content-background-meta":{"desktop":{"background-color":"var(--ast-global-color-5)","background-image":"","background-repeat":"repeat","background-position":"center center","background-size":"auto","background-attachment":"scroll","background-type":"","background-media":"","overlay-type":"","overlay-color":"","overlay-opacity":"","overlay-gradient":""},"tablet":{"background-color":"var(--ast-global-color-5)","background-image":"","background-repeat":"repeat","background-position":"center center","background-size":"auto","background-attachment":"scroll","background-type":"","background-media":"","overlay-type":"","overlay-color":"","overlay-opacity":"","overlay-gradient":""},"mobile":{"background-color":"var(--ast-global-color-5)","background-image":"","background-repeat":"repeat","background-position":"center center","background-size":"auto","background-attachment":"scroll","background-type":"","background-media":"","overlay-type":"","overlay-color":"","overlay-opacity":"","overlay-gradient":""}}},"product_brand":[],"product_cat":[3481],"product_tag":[],"class_list":{"0":"post-291499","1":"product","2":"type-product","3":"status-publish","4":"has-post-thumbnail","6":"product_cat-izpardosana","7":"desktop-align-center","8":"tablet-align-left","9":"mobile-align-left","10":"ast-product-gallery-layout-horizontal-slider","11":"ast-product-gallery-with-no-image","12":"ast-product-tabs-layout-accordion","13":"ast-qv-on-image","15":"first","16":"instock","17":"taxable","18":"shipping-taxable","19":"purchasable","20":"product-type-simple"},"yoast_head":"<!-- This site is optimized with the Yoast SEO plugin v26.6 - https:\/\/yoast.com\/wordpress\/plugins\/seo\/ -->\n<title>Laimi neso\u0161a sarkana diega aproce ar dimantu, minim\u0101listiska<\/title>\n<meta name=\"description\" content=\"Laimes nes\u0113js: sarkana diega aproce ar minim\u0101listisku sarkan\u0101 zelta deta\u013cu un dabisku dimantu - stils, simboliz\u0113 veiksmi un ieskautu laimes ener\u0123iju\" \/>\n<meta name=\"robots\" content=\"index, follow, max-snippet:-1, max-image-preview:large, max-video-preview:-1\" \/>\n<link rel=\"canonical\" href=\"https:\/\/fashiongold.lt\/lv\/papuosalas\/laimi-nesosa-sarkana-diega-aproce-ar-dimantu-sarkanais-zelts-minimalistiska\/\" \/>\n<meta property=\"og:locale\" content=\"lv_LV\" \/>\n<meta property=\"og:type\" content=\"article\" \/>\n<meta property=\"og:title\" content=\"Laimi neso\u0161a sarkana diega aproce ar dimantu, minim\u0101listiska\" \/>\n<meta property=\"og:description\" content=\"Laimes nes\u0113js: sarkana diega aproce ar minim\u0101listisku sarkan\u0101 zelta deta\u013cu un dabisku dimantu - stils, simboliz\u0113 veiksmi un ieskautu laimes ener\u0123iju\" \/>\n<meta property=\"og:url\" content=\"https:\/\/fashiongold.lt\/lv\/papuosalas\/laimi-nesosa-sarkana-diega-aproce-ar-dimantu-sarkanais-zelts-minimalistiska\/\" \/>\n<meta property=\"og:site_name\" content=\"FashionGold.lt\" \/>\n<meta property=\"og:image\" content=\"https:\/\/fashiongold.lt\/wp-content\/uploads\/2025\/10\/2379-7df-Laime-nesantis-raudonas-siulas-apyranke-su-deimantu-baltas-auksas-minimalistinis.webp\" \/>\n\t<meta property=\"og:image:width\" content=\"1200\" \/>\n\t<meta property=\"og:image:height\" content=\"1600\" \/>\n\t<meta property=\"og:image:type\" content=\"image\/jpeg\" \/>\n<meta name=\"twitter:card\" content=\"summary_large_image\" \/>\n<meta name=\"twitter:label1\" content=\"Est. reading time\" \/>\n\t<meta name=\"twitter:data1\" content=\"1 minute\" \/>\n<script type=\"application\/ld+json\" class=\"yoast-schema-graph\">{\"@context\":\"https:\/\/schema.org\",\"@graph\":[{\"@type\":\"WebPage\",\"@id\":\"https:\/\/fashiongold.lt\/lv\/papuosalas\/laimi-nesosa-sarkana-diega-aproce-ar-dimantu-sarkanais-zelts-minimalistiska\/\",\"url\":\"https:\/\/fashiongold.lt\/lv\/papuosalas\/laimi-nesosa-sarkana-diega-aproce-ar-dimantu-sarkanais-zelts-minimalistiska\/\",\"name\":\"Laimi neso\u0161a sarkana diega aproce ar dimantu, minim\u0101listiska\",\"isPartOf\":{\"@id\":\"https:\/\/fashiongold.lt\/lv\/#website\"},\"primaryImageOfPage\":{\"@id\":\"https:\/\/fashiongold.lt\/lv\/papuosalas\/laimi-nesosa-sarkana-diega-aproce-ar-dimantu-sarkanais-zelts-minimalistiska\/#primaryimage\"},\"image\":{\"@id\":\"https:\/\/fashiongold.lt\/lv\/papuosalas\/laimi-nesosa-sarkana-diega-aproce-ar-dimantu-sarkanais-zelts-minimalistiska\/#primaryimage\"},\"thumbnailUrl\":\"https:\/\/fashiongold.lt\/wp-content\/uploads\/2025\/10\/2379-7df-Laime-nesantis-raudonas-siulas-apyranke-su-deimantu-baltas-auksas-minimalistinis.jpg\",\"datePublished\":\"2025-10-09T19:32:41+00:00\",\"description\":\"Laimes nes\u0113js: sarkana diega aproce ar minim\u0101listisku sarkan\u0101 zelta deta\u013cu un dabisku dimantu - stils, simboliz\u0113 veiksmi un ieskautu laimes ener\u0123iju\",\"breadcrumb\":{\"@id\":\"https:\/\/fashiongold.lt\/lv\/papuosalas\/laimi-nesosa-sarkana-diega-aproce-ar-dimantu-sarkanais-zelts-minimalistiska\/#breadcrumb\"},\"inLanguage\":\"lv-LV\",\"potentialAction\":[{\"@type\":\"ReadAction\",\"target\":[\"https:\/\/fashiongold.lt\/lv\/papuosalas\/laimi-nesosa-sarkana-diega-aproce-ar-dimantu-sarkanais-zelts-minimalistiska\/\"]}]},{\"@type\":\"ImageObject\",\"inLanguage\":\"lv-LV\",\"@id\":\"https:\/\/fashiongold.lt\/lv\/papuosalas\/laimi-nesosa-sarkana-diega-aproce-ar-dimantu-sarkanais-zelts-minimalistiska\/#primaryimage\",\"url\":\"https:\/\/fashiongold.lt\/wp-content\/uploads\/2025\/10\/2379-7df-Laime-nesantis-raudonas-siulas-apyranke-su-deimantu-baltas-auksas-minimalistinis.jpg\",\"contentUrl\":\"https:\/\/fashiongold.lt\/wp-content\/uploads\/2025\/10\/2379-7df-Laime-nesantis-raudonas-siulas-apyranke-su-deimantu-baltas-auksas-minimalistinis.jpg\",\"width\":1200,\"height\":1600},{\"@type\":\"BreadcrumbList\",\"@id\":\"https:\/\/fashiongold.lt\/lv\/papuosalas\/laimi-nesosa-sarkana-diega-aproce-ar-dimantu-sarkanais-zelts-minimalistiska\/#breadcrumb\",\"itemListElement\":[{\"@type\":\"ListItem\",\"position\":1,\"name\":\"Home\",\"item\":\"https:\/\/fashiongold.lt\/lv\/\"},{\"@type\":\"ListItem\",\"position\":2,\"name\":\"Dimantu veikals Fashiongold.lt\",\"item\":\"https:\/\/fashiongold.lt\/shop-2\/\"},{\"@type\":\"ListItem\",\"position\":3,\"name\":\"Laimi neso\u0161a sarkana diega aproce ar dimantu (sarkanais zelts, minim\u0101listiska)\"}]},{\"@type\":\"WebSite\",\"@id\":\"https:\/\/fashiongold.lt\/lv\/#website\",\"url\":\"https:\/\/fashiongold.lt\/lv\/\",\"name\":\"Fashion Gold\",\"description\":\"Juvelyrikos namai\",\"publisher\":{\"@id\":\"https:\/\/fashiongold.lt\/lv\/#organization\"},\"potentialAction\":[{\"@type\":\"SearchAction\",\"target\":{\"@type\":\"EntryPoint\",\"urlTemplate\":\"https:\/\/fashiongold.lt\/lv\/?s={search_term_string}\"},\"query-input\":{\"@type\":\"PropertyValueSpecification\",\"valueRequired\":true,\"valueName\":\"search_term_string\"}}],\"inLanguage\":\"lv-LV\"},{\"@type\":\"Organization\",\"@id\":\"https:\/\/fashiongold.lt\/lv\/#organization\",\"name\":\"Topdiamonds Online\",\"url\":\"https:\/\/fashiongold.lt\/lv\/\",\"logo\":{\"@type\":\"ImageObject\",\"inLanguage\":\"lv-LV\",\"@id\":\"https:\/\/fashiongold.lt\/lv\/#\/schema\/logo\/image\/\",\"url\":\"https:\/\/fashiongold.lt\/wp-content\/uploads\/2025\/04\/cropped-fashion_gold_logotipas2-scaled-1.png\",\"contentUrl\":\"https:\/\/fashiongold.lt\/wp-content\/uploads\/2025\/04\/cropped-fashion_gold_logotipas2-scaled-1.png\",\"width\":2559,\"height\":421,\"caption\":\"Topdiamonds Online\"},\"image\":{\"@id\":\"https:\/\/fashiongold.lt\/lv\/#\/schema\/logo\/image\/\"}}]}<\/script>\n<!-- \/ Yoast SEO plugin. -->","yoast_head_json":{"title":"Laimi neso\u0161a sarkana diega aproce ar dimantu, minim\u0101listiska","description":"Laimes nes\u0113js: sarkana diega aproce ar minim\u0101listisku sarkan\u0101 zelta deta\u013cu un dabisku dimantu - stils, simboliz\u0113 veiksmi un ieskautu laimes ener\u0123iju","robots":{"index":"index","follow":"follow","max-snippet":"max-snippet:-1","max-image-preview":"max-image-preview:large","max-video-preview":"max-video-preview:-1"},"canonical":"https:\/\/fashiongold.lt\/lv\/papuosalas\/laimi-nesosa-sarkana-diega-aproce-ar-dimantu-sarkanais-zelts-minimalistiska\/","og_locale":"lv_LV","og_type":"article","og_title":"Laimi neso\u0161a sarkana diega aproce ar dimantu, minim\u0101listiska","og_description":"Laimes nes\u0113js: sarkana diega aproce ar minim\u0101listisku sarkan\u0101 zelta deta\u013cu un dabisku dimantu - stils, simboliz\u0113 veiksmi un ieskautu laimes ener\u0123iju","og_url":"https:\/\/fashiongold.lt\/lv\/papuosalas\/laimi-nesosa-sarkana-diega-aproce-ar-dimantu-sarkanais-zelts-minimalistiska\/","og_site_name":"FashionGold.lt","og_image":[{"width":1200,"height":1600,"url":"https:\/\/fashiongold.lt\/wp-content\/uploads\/2025\/10\/2379-7df-Laime-nesantis-raudonas-siulas-apyranke-su-deimantu-baltas-auksas-minimalistinis.webp","type":"image\/jpeg"}],"twitter_card":"summary_large_image","twitter_misc":{"Est. reading time":"1 minute"},"schema":{"@context":"https:\/\/schema.org","@graph":[{"@type":"WebPage","@id":"https:\/\/fashiongold.lt\/lv\/papuosalas\/laimi-nesosa-sarkana-diega-aproce-ar-dimantu-sarkanais-zelts-minimalistiska\/","url":"https:\/\/fashiongold.lt\/lv\/papuosalas\/laimi-nesosa-sarkana-diega-aproce-ar-dimantu-sarkanais-zelts-minimalistiska\/","name":"Laimi neso\u0161a sarkana diega aproce ar dimantu, minim\u0101listiska","isPartOf":{"@id":"https:\/\/fashiongold.lt\/lv\/#website"},"primaryImageOfPage":{"@id":"https:\/\/fashiongold.lt\/lv\/papuosalas\/laimi-nesosa-sarkana-diega-aproce-ar-dimantu-sarkanais-zelts-minimalistiska\/#primaryimage"},"image":{"@id":"https:\/\/fashiongold.lt\/lv\/papuosalas\/laimi-nesosa-sarkana-diega-aproce-ar-dimantu-sarkanais-zelts-minimalistiska\/#primaryimage"},"thumbnailUrl":"https:\/\/fashiongold.lt\/wp-content\/uploads\/2025\/10\/2379-7df-Laime-nesantis-raudonas-siulas-apyranke-su-deimantu-baltas-auksas-minimalistinis.jpg","datePublished":"2025-10-09T19:32:41+00:00","description":"Laimes nes\u0113js: sarkana diega aproce ar minim\u0101listisku sarkan\u0101 zelta deta\u013cu un dabisku dimantu - stils, simboliz\u0113 veiksmi un ieskautu laimes ener\u0123iju","breadcrumb":{"@id":"https:\/\/fashiongold.lt\/lv\/papuosalas\/laimi-nesosa-sarkana-diega-aproce-ar-dimantu-sarkanais-zelts-minimalistiska\/#breadcrumb"},"inLanguage":"lv-LV","potentialAction":[{"@type":"ReadAction","target":["https:\/\/fashiongold.lt\/lv\/papuosalas\/laimi-nesosa-sarkana-diega-aproce-ar-dimantu-sarkanais-zelts-minimalistiska\/"]}]},{"@type":"ImageObject","inLanguage":"lv-LV","@id":"https:\/\/fashiongold.lt\/lv\/papuosalas\/laimi-nesosa-sarkana-diega-aproce-ar-dimantu-sarkanais-zelts-minimalistiska\/#primaryimage","url":"https:\/\/fashiongold.lt\/wp-content\/uploads\/2025\/10\/2379-7df-Laime-nesantis-raudonas-siulas-apyranke-su-deimantu-baltas-auksas-minimalistinis.jpg","contentUrl":"https:\/\/fashiongold.lt\/wp-content\/uploads\/2025\/10\/2379-7df-Laime-nesantis-raudonas-siulas-apyranke-su-deimantu-baltas-auksas-minimalistinis.jpg","width":1200,"height":1600},{"@type":"BreadcrumbList","@id":"https:\/\/fashiongold.lt\/lv\/papuosalas\/laimi-nesosa-sarkana-diega-aproce-ar-dimantu-sarkanais-zelts-minimalistiska\/#breadcrumb","itemListElement":[{"@type":"ListItem","position":1,"name":"Home","item":"https:\/\/fashiongold.lt\/lv\/"},{"@type":"ListItem","position":2,"name":"Dimantu veikals Fashiongold.lt","item":"https:\/\/fashiongold.lt\/shop-2\/"},{"@type":"ListItem","position":3,"name":"Laimi neso\u0161a sarkana diega aproce ar dimantu (sarkanais zelts, minim\u0101listiska)"}]},{"@type":"WebSite","@id":"https:\/\/fashiongold.lt\/lv\/#website","url":"https:\/\/fashiongold.lt\/lv\/","name":"Fashion Gold","description":"Juvelyrikos namai","publisher":{"@id":"https:\/\/fashiongold.lt\/lv\/#organization"},"potentialAction":[{"@type":"SearchAction","target":{"@type":"EntryPoint","urlTemplate":"https:\/\/fashiongold.lt\/lv\/?s={search_term_string}"},"query-input":{"@type":"PropertyValueSpecification","valueRequired":true,"valueName":"search_term_string"}}],"inLanguage":"lv-LV"},{"@type":"Organization","@id":"https:\/\/fashiongold.lt\/lv\/#organization","name":"Topdiamonds Online","url":"https:\/\/fashiongold.lt\/lv\/","logo":{"@type":"ImageObject","inLanguage":"lv-LV","@id":"https:\/\/fashiongold.lt\/lv\/#\/schema\/logo\/image\/","url":"https:\/\/fashiongold.lt\/wp-content\/uploads\/2025\/04\/cropped-fashion_gold_logotipas2-scaled-1.png","contentUrl":"https:\/\/fashiongold.lt\/wp-content\/uploads\/2025\/04\/cropped-fashion_gold_logotipas2-scaled-1.png","width":2559,"height":421,"caption":"Topdiamonds Online"},"image":{"@id":"https:\/\/fashiongold.lt\/lv\/#\/schema\/logo\/image\/"}}]}},"_links":{"self":[{"href":"https:\/\/fashiongold.lt\/lv\/wp-json\/wp\/v2\/product\/291499","targetHints":{"allow":["GET"]}}],"collection":[{"href":"https:\/\/fashiongold.lt\/lv\/wp-json\/wp\/v2\/product"}],"about":[{"href":"https:\/\/fashiongold.lt\/lv\/wp-json\/wp\/v2\/types\/product"}],"version-history":[{"count":0,"href":"https:\/\/fashiongold.lt\/lv\/wp-json\/wp\/v2\/product\/291499\/revisions"}],"wp:featuredmedia":[{"embeddable":true,"href":"https:\/\/fashiongold.lt\/lv\/wp-json\/wp\/v2\/media\/62022"}],"wp:attachment":[{"href":"https:\/\/fashiongold.lt\/lv\/wp-json\/wp\/v2\/media?parent=291499"}],"wp:term":[{"taxonomy":"product_brand","embeddable":true,"href":"https:\/\/fashiongold.lt\/lv\/wp-json\/wp\/v2\/product_brand?post=291499"},{"taxonomy":"product_cat","embeddable":true,"href":"https:\/\/fashiongold.lt\/lv\/wp-json\/wp\/v2\/product_cat?post=291499"},{"taxonomy":"product_tag","embeddable":true,"href":"https:\/\/fashiongold.lt\/lv\/wp-json\/wp\/v2\/product_tag?post=291499"}],"curies":[{"name":"wp","href":"https:\/\/api.w.org\/{rel}","templated":true}]}}