{"id":291702,"date":"2025-10-10T04:04:54","date_gmt":"2025-10-10T04:04:54","guid":{"rendered":"https:\/\/fashiongold.lt\/papuosalas\/kazu-gredzeni-klasiskais-modernums-35-mm-paris\/"},"modified":"2025-10-10T04:04:54","modified_gmt":"2025-10-10T04:04:54","slug":"kazu-gredzeni-klasiskais-modernums-35-mm-paris","status":"publish","type":"product","link":"https:\/\/fashiongold.lt\/lv\/rotaslieta\/kazu-gredzeni-klasiskais-modernums-35-mm-paris\/","title":{"rendered":"K\u0101zu gredzeni \u2013 Klasiskais modernums (3,5 mm) (p\u0101ris)"},"content":{"rendered":"<p>Neatk\u0101rtojama skaistuma k\u0101zu gredzeni ar izsmalcin\u0101tu stilu, augstu kvalit\u0101ti un komforta zonu. Lieliska izv\u0113le, kas atspogu\u013co j\u016bsu m\u012blest\u012bbas st\u0101stu. To tehnolo\u0123ija ir unik\u0101la \u2013 k\u0101zu gredzeni tiek izgatavoti no r\u016bd\u012bta zelta, kas ir iztur\u012bgs pret mikroplais\u0101m, nesatur ni\u0137eli un maz\u0101k skr\u0101p\u0113jas. Gredzeni var tikt izgatavoti p\u0113c pas\u016bt\u012bjuma: no sarkan\u0101, dzelten\u0101 vai balt\u0101 zelta, par papildu samaksu \u2013 ar citas kr\u0101sas zelta mali\u0146\u0101m, da\u017e\u0101dos platumos vai ar dimantiem.<\/p>\n<p>\u2022 Gredzena zelts: 14 K (585 prove), varam izgatavot no 10K (375 prove), 18K (750 prove)<\/p>\n<p>\u2022 Gredzena kr\u0101sa: var izv\u0113l\u0113ties balto, dzelteno, sarkano zeltu vai ar citas kr\u0101sas mali\u0146\u0101m.<\/p>\n<p>\u2022 Gredzenu p\u0101ra svars (atkar\u012bgs no izm\u0113ra un proves): aptuveni 5,30 &#8211; 5,90 g<\/p>\n<p>\u2022 Gredzena izm\u0113ri: platums 3,5 mm (iesp\u0113jams main\u012bt)<\/p>\n<p>\u2022 Gredzena komforta zona: ir<\/p>\n<p>\u2022 Grav\u0113\u0161ana bez maksas<\/p>\n<p>\u2022 Vienreiz\u0113ja bezmaksas gredzena izm\u0113ra mai\u0146as garantija<\/p>\n<p>\u2022 Izgatavo\u0161anas un pieg\u0101des termi\u0146\u0161 no 14 darba dien\u0101m, steidzam\u012bbas k\u0101rt\u0101 \u2013 3 darba dienu laik\u0101.<\/p>\n<p><strong>Ir savs zelts? Sazinieties ar mums, m\u0113s p\u0101rr\u0113\u0137in\u0101sim cenu \u2013 j\u016bs maks\u0101siet tikai par gredzenu izgatavo\u0161anu.<\/strong><\/p>\n","protected":false},"excerpt":{"rendered":"<p>Roku darba laul\u012bbas gredzenu p\u0101ris (3,5 mm). Moderns dizains apvienojum\u0101 ar klasiku, augsta kvalit\u0101te ar komforta zonu. Ekskluz\u012bvi laul\u012bbas gredzeni, kas pavad\u012bs j\u016bs visu m\u016b\u017eu.<\/p>\n","protected":false},"featured_media":91646,"template":"","meta":{"site-sidebar-layout":"default","site-content-layout":"","ast-site-content-layout":"default","site-content-style":"default","site-sidebar-style":"default","ast-global-header-display":"","ast-banner-title-visibility":"","ast-main-header-display":"","ast-hfb-above-header-display":"","ast-hfb-below-header-display":"","ast-hfb-mobile-header-display":"","site-post-title":"","ast-breadcrumbs-content":"","ast-featured-img":"","footer-sml-layout":"","ast-disable-related-posts":"","theme-transparent-header-meta":"default","adv-header-id-meta":"","stick-header-meta":"","header-above-stick-meta":"","header-main-stick-meta":"","header-below-stick-meta":"","astra-migrate-meta-layouts":"default","ast-page-background-enabled":"default","ast-page-background-meta":{"desktop":{"background-color":"var(--ast-global-color-4)","background-image":"","background-repeat":"repeat","background-position":"center center","background-size":"auto","background-attachment":"scroll","background-type":"","background-media":"","overlay-type":"","overlay-color":"","overlay-opacity":"","overlay-gradient":""},"tablet":{"background-color":"","background-image":"","background-repeat":"repeat","background-position":"center center","background-size":"auto","background-attachment":"scroll","background-type":"","background-media":"","overlay-type":"","overlay-color":"","overlay-opacity":"","overlay-gradient":""},"mobile":{"background-color":"","background-image":"","background-repeat":"repeat","background-position":"center center","background-size":"auto","background-attachment":"scroll","background-type":"","background-media":"","overlay-type":"","overlay-color":"","overlay-opacity":"","overlay-gradient":""}},"ast-content-background-meta":{"desktop":{"background-color":"var(--ast-global-color-5)","background-image":"","background-repeat":"repeat","background-position":"center center","background-size":"auto","background-attachment":"scroll","background-type":"","background-media":"","overlay-type":"","overlay-color":"","overlay-opacity":"","overlay-gradient":""},"tablet":{"background-color":"var(--ast-global-color-5)","background-image":"","background-repeat":"repeat","background-position":"center center","background-size":"auto","background-attachment":"scroll","background-type":"","background-media":"","overlay-type":"","overlay-color":"","overlay-opacity":"","overlay-gradient":""},"mobile":{"background-color":"var(--ast-global-color-5)","background-image":"","background-repeat":"repeat","background-position":"center center","background-size":"auto","background-attachment":"scroll","background-type":"","background-media":"","overlay-type":"","overlay-color":"","overlay-opacity":"","overlay-gradient":""}}},"product_brand":[],"product_cat":[3522,3524,3523,3525,3527],"product_tag":[],"class_list":{"0":"post-291702","1":"product","2":"type-product","3":"status-publish","4":"has-post-thumbnail","6":"product_cat-balta-zelta-laulibu-gredzeni","7":"product_cat-kazu-gredzeni","8":"product_cat-klasiskie-laulibu-gredzeni","9":"product_cat-laulibas-gredzeni-pariem","10":"product_cat-moderni-kazu-gredzeni","11":"desktop-align-center","12":"tablet-align-left","13":"mobile-align-left","14":"ast-product-gallery-layout-horizontal-slider","15":"ast-product-single-variable","16":"ast-product-tabs-layout-accordion","17":"ast-qv-on-image","19":"first","20":"instock","21":"taxable","22":"shipping-taxable","23":"purchasable","24":"product-type-variable"},"yoast_head":"<!-- This site is optimized with the Yoast SEO plugin v26.6 - https:\/\/yoast.com\/wordpress\/plugins\/seo\/ -->\n<title>Laul\u012bbas gredzeni - Moderna klasika (3,5 mm) I FashionGold<\/title>\n<meta name=\"description\" content=\"Roku darba k\u0101zu gredzenu p\u0101ris. Klasisks dizains ar modernu, mirdzo\u0161u l\u0101zera virsmu. Ilgsto\u0161a pieredze. Augsta kvalit\u0101te. Komforta zona.\" \/>\n<meta name=\"robots\" content=\"index, follow, max-snippet:-1, max-image-preview:large, max-video-preview:-1\" \/>\n<link rel=\"canonical\" href=\"https:\/\/fashiongold.lt\/lv\/rotaslieta\/kazu-gredzeni-klasiskais-modernums-35-mm-paris\/\" \/>\n<meta property=\"og:locale\" content=\"lv_LV\" \/>\n<meta property=\"og:type\" content=\"article\" \/>\n<meta property=\"og:title\" content=\"Laul\u012bbas gredzeni - Moderna klasika (3,5 mm) I FashionGold\" \/>\n<meta property=\"og:description\" content=\"Roku darba k\u0101zu gredzenu p\u0101ris. Klasisks dizains ar modernu, mirdzo\u0161u l\u0101zera virsmu. Ilgsto\u0161a pieredze. Augsta kvalit\u0101te. Komforta zona.\" \/>\n<meta property=\"og:url\" content=\"https:\/\/fashiongold.lt\/lv\/rotaslieta\/kazu-gredzeni-klasiskais-modernums-35-mm-paris\/\" \/>\n<meta property=\"og:site_name\" content=\"FashionGold.lt\" \/>\n<meta property=\"og:image\" content=\"https:\/\/fashiongold.lt\/wp-content\/uploads\/2025\/10\/7411-f5e-Vestuviniai-ziedai-Klasikinis-Modernumas-35-mm.webp\" \/>\n\t<meta property=\"og:image:width\" content=\"1000\" \/>\n\t<meta property=\"og:image:height\" content=\"1000\" \/>\n\t<meta property=\"og:image:type\" content=\"image\/png\" \/>\n<meta name=\"twitter:card\" content=\"summary_large_image\" \/>\n<meta name=\"twitter:label1\" content=\"Est. reading time\" \/>\n\t<meta name=\"twitter:data1\" content=\"1 minute\" \/>\n<script type=\"application\/ld+json\" class=\"yoast-schema-graph\">{\"@context\":\"https:\/\/schema.org\",\"@graph\":[{\"@type\":\"WebPage\",\"@id\":\"https:\/\/fashiongold.lt\/lv\/rotaslieta\/kazu-gredzeni-klasiskais-modernums-35-mm-paris\/\",\"url\":\"https:\/\/fashiongold.lt\/lv\/rotaslieta\/kazu-gredzeni-klasiskais-modernums-35-mm-paris\/\",\"name\":\"Laul\u012bbas gredzeni - Moderna klasika (3,5 mm) I FashionGold\",\"isPartOf\":{\"@id\":\"https:\/\/fashiongold.lt\/lv\/#website\"},\"primaryImageOfPage\":{\"@id\":\"https:\/\/fashiongold.lt\/lv\/rotaslieta\/kazu-gredzeni-klasiskais-modernums-35-mm-paris\/#primaryimage\"},\"image\":{\"@id\":\"https:\/\/fashiongold.lt\/lv\/rotaslieta\/kazu-gredzeni-klasiskais-modernums-35-mm-paris\/#primaryimage\"},\"thumbnailUrl\":\"https:\/\/fashiongold.lt\/wp-content\/uploads\/2025\/10\/7411-f5e-Vestuviniai-ziedai-Klasikinis-Modernumas-35-mm.png\",\"datePublished\":\"2025-10-10T04:04:54+00:00\",\"description\":\"Roku darba k\u0101zu gredzenu p\u0101ris. Klasisks dizains ar modernu, mirdzo\u0161u l\u0101zera virsmu. Ilgsto\u0161a pieredze. Augsta kvalit\u0101te. Komforta zona.\",\"breadcrumb\":{\"@id\":\"https:\/\/fashiongold.lt\/lv\/rotaslieta\/kazu-gredzeni-klasiskais-modernums-35-mm-paris\/#breadcrumb\"},\"inLanguage\":\"lv-LV\",\"potentialAction\":[{\"@type\":\"ReadAction\",\"target\":[\"https:\/\/fashiongold.lt\/lv\/rotaslieta\/kazu-gredzeni-klasiskais-modernums-35-mm-paris\/\"]}]},{\"@type\":\"ImageObject\",\"inLanguage\":\"lv-LV\",\"@id\":\"https:\/\/fashiongold.lt\/lv\/rotaslieta\/kazu-gredzeni-klasiskais-modernums-35-mm-paris\/#primaryimage\",\"url\":\"https:\/\/fashiongold.lt\/wp-content\/uploads\/2025\/10\/7411-f5e-Vestuviniai-ziedai-Klasikinis-Modernumas-35-mm.png\",\"contentUrl\":\"https:\/\/fashiongold.lt\/wp-content\/uploads\/2025\/10\/7411-f5e-Vestuviniai-ziedai-Klasikinis-Modernumas-35-mm.png\",\"width\":1000,\"height\":1000},{\"@type\":\"BreadcrumbList\",\"@id\":\"https:\/\/fashiongold.lt\/lv\/rotaslieta\/kazu-gredzeni-klasiskais-modernums-35-mm-paris\/#breadcrumb\",\"itemListElement\":[{\"@type\":\"ListItem\",\"position\":1,\"name\":\"Home\",\"item\":\"https:\/\/fashiongold.lt\/lv\/\"},{\"@type\":\"ListItem\",\"position\":2,\"name\":\"Dimantu veikals Fashiongold.lt\",\"item\":\"https:\/\/fashiongold.lt\/shop-2\/\"},{\"@type\":\"ListItem\",\"position\":3,\"name\":\"K\u0101zu gredzeni \u2013 Klasiskais modernums (3,5 mm) (p\u0101ris)\"}]},{\"@type\":\"WebSite\",\"@id\":\"https:\/\/fashiongold.lt\/lv\/#website\",\"url\":\"https:\/\/fashiongold.lt\/lv\/\",\"name\":\"Fashion Gold\",\"description\":\"Juvelierizstr\u0101d\u0101jumu nams\",\"publisher\":{\"@id\":\"https:\/\/fashiongold.lt\/lv\/#organization\"},\"potentialAction\":[{\"@type\":\"SearchAction\",\"target\":{\"@type\":\"EntryPoint\",\"urlTemplate\":\"https:\/\/fashiongold.lt\/lv\/?s={search_term_string}\"},\"query-input\":{\"@type\":\"PropertyValueSpecification\",\"valueRequired\":true,\"valueName\":\"search_term_string\"}}],\"inLanguage\":\"lv-LV\"},{\"@type\":\"Organization\",\"@id\":\"https:\/\/fashiongold.lt\/lv\/#organization\",\"name\":\"Topdiamonds Online\",\"url\":\"https:\/\/fashiongold.lt\/lv\/\",\"logo\":{\"@type\":\"ImageObject\",\"inLanguage\":\"lv-LV\",\"@id\":\"https:\/\/fashiongold.lt\/lv\/#\/schema\/logo\/image\/\",\"url\":\"https:\/\/fashiongold.lt\/wp-content\/uploads\/2025\/04\/cropped-fashion_gold_logotipas2-scaled-1.png\",\"contentUrl\":\"https:\/\/fashiongold.lt\/wp-content\/uploads\/2025\/04\/cropped-fashion_gold_logotipas2-scaled-1.png\",\"width\":2559,\"height\":421,\"caption\":\"Topdiamonds Online\"},\"image\":{\"@id\":\"https:\/\/fashiongold.lt\/lv\/#\/schema\/logo\/image\/\"}}]}<\/script>\n<!-- \/ Yoast SEO plugin. -->","yoast_head_json":{"title":"Laul\u012bbas gredzeni - Moderna klasika (3,5 mm) I FashionGold","description":"Roku darba k\u0101zu gredzenu p\u0101ris. Klasisks dizains ar modernu, mirdzo\u0161u l\u0101zera virsmu. Ilgsto\u0161a pieredze. Augsta kvalit\u0101te. Komforta zona.","robots":{"index":"index","follow":"follow","max-snippet":"max-snippet:-1","max-image-preview":"max-image-preview:large","max-video-preview":"max-video-preview:-1"},"canonical":"https:\/\/fashiongold.lt\/lv\/rotaslieta\/kazu-gredzeni-klasiskais-modernums-35-mm-paris\/","og_locale":"lv_LV","og_type":"article","og_title":"Laul\u012bbas gredzeni - Moderna klasika (3,5 mm) I FashionGold","og_description":"Roku darba k\u0101zu gredzenu p\u0101ris. Klasisks dizains ar modernu, mirdzo\u0161u l\u0101zera virsmu. Ilgsto\u0161a pieredze. Augsta kvalit\u0101te. Komforta zona.","og_url":"https:\/\/fashiongold.lt\/lv\/rotaslieta\/kazu-gredzeni-klasiskais-modernums-35-mm-paris\/","og_site_name":"FashionGold.lt","og_image":[{"width":1000,"height":1000,"url":"https:\/\/fashiongold.lt\/wp-content\/uploads\/2025\/10\/7411-f5e-Vestuviniai-ziedai-Klasikinis-Modernumas-35-mm.webp","type":"image\/png"}],"twitter_card":"summary_large_image","twitter_misc":{"Est. reading time":"1 minute"},"schema":{"@context":"https:\/\/schema.org","@graph":[{"@type":"WebPage","@id":"https:\/\/fashiongold.lt\/lv\/rotaslieta\/kazu-gredzeni-klasiskais-modernums-35-mm-paris\/","url":"https:\/\/fashiongold.lt\/lv\/rotaslieta\/kazu-gredzeni-klasiskais-modernums-35-mm-paris\/","name":"Laul\u012bbas gredzeni - Moderna klasika (3,5 mm) I FashionGold","isPartOf":{"@id":"https:\/\/fashiongold.lt\/lv\/#website"},"primaryImageOfPage":{"@id":"https:\/\/fashiongold.lt\/lv\/rotaslieta\/kazu-gredzeni-klasiskais-modernums-35-mm-paris\/#primaryimage"},"image":{"@id":"https:\/\/fashiongold.lt\/lv\/rotaslieta\/kazu-gredzeni-klasiskais-modernums-35-mm-paris\/#primaryimage"},"thumbnailUrl":"https:\/\/fashiongold.lt\/wp-content\/uploads\/2025\/10\/7411-f5e-Vestuviniai-ziedai-Klasikinis-Modernumas-35-mm.png","datePublished":"2025-10-10T04:04:54+00:00","description":"Roku darba k\u0101zu gredzenu p\u0101ris. Klasisks dizains ar modernu, mirdzo\u0161u l\u0101zera virsmu. Ilgsto\u0161a pieredze. Augsta kvalit\u0101te. Komforta zona.","breadcrumb":{"@id":"https:\/\/fashiongold.lt\/lv\/rotaslieta\/kazu-gredzeni-klasiskais-modernums-35-mm-paris\/#breadcrumb"},"inLanguage":"lv-LV","potentialAction":[{"@type":"ReadAction","target":["https:\/\/fashiongold.lt\/lv\/rotaslieta\/kazu-gredzeni-klasiskais-modernums-35-mm-paris\/"]}]},{"@type":"ImageObject","inLanguage":"lv-LV","@id":"https:\/\/fashiongold.lt\/lv\/rotaslieta\/kazu-gredzeni-klasiskais-modernums-35-mm-paris\/#primaryimage","url":"https:\/\/fashiongold.lt\/wp-content\/uploads\/2025\/10\/7411-f5e-Vestuviniai-ziedai-Klasikinis-Modernumas-35-mm.png","contentUrl":"https:\/\/fashiongold.lt\/wp-content\/uploads\/2025\/10\/7411-f5e-Vestuviniai-ziedai-Klasikinis-Modernumas-35-mm.png","width":1000,"height":1000},{"@type":"BreadcrumbList","@id":"https:\/\/fashiongold.lt\/lv\/rotaslieta\/kazu-gredzeni-klasiskais-modernums-35-mm-paris\/#breadcrumb","itemListElement":[{"@type":"ListItem","position":1,"name":"Home","item":"https:\/\/fashiongold.lt\/lv\/"},{"@type":"ListItem","position":2,"name":"Dimantu veikals Fashiongold.lt","item":"https:\/\/fashiongold.lt\/shop-2\/"},{"@type":"ListItem","position":3,"name":"K\u0101zu gredzeni \u2013 Klasiskais modernums (3,5 mm) (p\u0101ris)"}]},{"@type":"WebSite","@id":"https:\/\/fashiongold.lt\/lv\/#website","url":"https:\/\/fashiongold.lt\/lv\/","name":"Fashion Gold","description":"Juvelierizstr\u0101d\u0101jumu nams","publisher":{"@id":"https:\/\/fashiongold.lt\/lv\/#organization"},"potentialAction":[{"@type":"SearchAction","target":{"@type":"EntryPoint","urlTemplate":"https:\/\/fashiongold.lt\/lv\/?s={search_term_string}"},"query-input":{"@type":"PropertyValueSpecification","valueRequired":true,"valueName":"search_term_string"}}],"inLanguage":"lv-LV"},{"@type":"Organization","@id":"https:\/\/fashiongold.lt\/lv\/#organization","name":"Topdiamonds Online","url":"https:\/\/fashiongold.lt\/lv\/","logo":{"@type":"ImageObject","inLanguage":"lv-LV","@id":"https:\/\/fashiongold.lt\/lv\/#\/schema\/logo\/image\/","url":"https:\/\/fashiongold.lt\/wp-content\/uploads\/2025\/04\/cropped-fashion_gold_logotipas2-scaled-1.png","contentUrl":"https:\/\/fashiongold.lt\/wp-content\/uploads\/2025\/04\/cropped-fashion_gold_logotipas2-scaled-1.png","width":2559,"height":421,"caption":"Topdiamonds Online"},"image":{"@id":"https:\/\/fashiongold.lt\/lv\/#\/schema\/logo\/image\/"}}]}},"_links":{"self":[{"href":"https:\/\/fashiongold.lt\/lv\/wp-json\/wp\/v2\/product\/291702","targetHints":{"allow":["GET"]}}],"collection":[{"href":"https:\/\/fashiongold.lt\/lv\/wp-json\/wp\/v2\/product"}],"about":[{"href":"https:\/\/fashiongold.lt\/lv\/wp-json\/wp\/v2\/types\/product"}],"version-history":[{"count":0,"href":"https:\/\/fashiongold.lt\/lv\/wp-json\/wp\/v2\/product\/291702\/revisions"}],"wp:featuredmedia":[{"embeddable":true,"href":"https:\/\/fashiongold.lt\/lv\/wp-json\/wp\/v2\/media\/91646"}],"wp:attachment":[{"href":"https:\/\/fashiongold.lt\/lv\/wp-json\/wp\/v2\/media?parent=291702"}],"wp:term":[{"taxonomy":"product_brand","embeddable":true,"href":"https:\/\/fashiongold.lt\/lv\/wp-json\/wp\/v2\/product_brand?post=291702"},{"taxonomy":"product_cat","embeddable":true,"href":"https:\/\/fashiongold.lt\/lv\/wp-json\/wp\/v2\/product_cat?post=291702"},{"taxonomy":"product_tag","embeddable":true,"href":"https:\/\/fashiongold.lt\/lv\/wp-json\/wp\/v2\/product_tag?post=291702"}],"curies":[{"name":"wp","href":"https:\/\/api.w.org\/{rel}","templated":true}]}}