{"id":291727,"date":"2025-10-10T02:29:27","date_gmt":"2025-10-10T02:29:27","guid":{"rendered":"https:\/\/fashiongold.lt\/papuosalas\/klasisks-dzeltena-zelta-gredzens-ar-dimantu-dimanta-sarms-100-ct-h-si\/"},"modified":"2025-10-10T02:29:27","modified_gmt":"2025-10-10T02:29:27","slug":"klasisks-dzeltena-zelta-gredzens-ar-dimantu-dimanta-sarms-100-ct-h-si","status":"publish","type":"product","link":"https:\/\/fashiongold.lt\/lv\/papuosalas\/klasisks-dzeltena-zelta-gredzens-ar-dimantu-dimanta-sarms-100-ct-h-si\/","title":{"rendered":"Klasisks dzelten\u0101 zelta gredzens ar dimantu \u2013 Dimanta \u0160arms (1,00 ct H\/SI)"},"content":{"rendered":"<p>Ra\u017eots Lietuv\u0101. Gredzens var tikt izgatavots p\u0113c pas\u016bt\u012bjuma: no sarkan\u0101, dzelten\u0101 un balt\u0101 zelta.<\/p>\n<p>\u2022 Dimanta tips: Dab\u012bgs dimants<\/p>\n<p>\u2022 Dimanta forma: Apa\u013ca forma\u00a0 (Round cut)<\/p>\n<p>\u2022 Dimanta raksturojums: 1,00 ct, kr\u0101sa H (W); dzidrums SI,<\/p>\n<p>\u2022 Sertifik\u0101ts: Lietuvas Prove\u0161anas pal\u0101ta (LPR) un papildus starptautiskais IGI<\/p>\n<p>\u2022 Gredzena zelts: 14K (585. prove)\u00a0<\/p>\n<p>\u2022 Gredzena kr\u0101sa: dzeltenais zelts\u00a0 \u00a0<\/p>\n<p>\u2022 Gredzena svars: aptuveni 2,50-3,10 g\u00a0<\/p>\n<p>\u2022 Gredzena izm\u0113ri: , kro\u0146a izm\u0113rs &#8211; mm, st\u012bpi\u0146as izm\u0113rs &#8211;\u00a0 mm<\/p>\n","protected":false},"excerpt":{"rendered":"<p style=\"font-size: 16px; border: 0px solid #d9d9e3; box-sizing: border-box; margin: 1.25em 0px; caret-color: #374151; color: #374151; font-family: S\u00f6hne, ui-sans-serif, system-ui, -apple-system, 'Segoe UI', Roboto, Ubuntu, Cantarell, 'Noto Sans', sans-serif, 'Helvetica Neue', Arial, 'Apple Color Emoji', 'Segoe UI Emoji', 'Segoe UI Symbol', 'Noto Color Emoji'; white-space: pre-wrap; -webkit-text-size-adjust: 100%;\"><span style=\"-webkit-text-size-adjust: none;\">Klasisks dzelten\u0101 zelta gredzens ar 1,00 ct dimantu. Gredzena dizains ir \u013coti \u0113rts n\u0113s\u0101\u0161anai, dimants ir iestr\u0101d\u0101ts \u0113rt\u0101, zem\u0101 \u010detru k\u0101ji\u0146u kron\u012bt\u012b. \u0160is klasiskais gredzena dizains ir ide\u0101li piem\u0113rots saderin\u0101\u0161anai un \u012bpa\u0161iem gad\u012bjumiem.<\/span><\/p>\n","protected":false},"featured_media":89339,"template":"","meta":{"site-sidebar-layout":"","site-content-layout":"","ast-site-content-layout":"","site-content-style":"","site-sidebar-style":"","ast-global-header-display":"","ast-banner-title-visibility":"","ast-main-header-display":"","ast-hfb-above-header-display":"","ast-hfb-below-header-display":"","ast-hfb-mobile-header-display":"","site-post-title":"","ast-breadcrumbs-content":"","ast-featured-img":"","footer-sml-layout":"","ast-disable-related-posts":"","theme-transparent-header-meta":"","adv-header-id-meta":"","stick-header-meta":"","header-above-stick-meta":"","header-main-stick-meta":"","header-below-stick-meta":"","astra-migrate-meta-layouts":"default","ast-page-background-enabled":"default","ast-page-background-meta":{"desktop":{"background-color":"var(--ast-global-color-4)","background-image":"","background-repeat":"repeat","background-position":"center center","background-size":"auto","background-attachment":"scroll","background-type":"","background-media":"","overlay-type":"","overlay-color":"","overlay-opacity":"","overlay-gradient":""},"tablet":{"background-color":"","background-image":"","background-repeat":"repeat","background-position":"center center","background-size":"auto","background-attachment":"scroll","background-type":"","background-media":"","overlay-type":"","overlay-color":"","overlay-opacity":"","overlay-gradient":""},"mobile":{"background-color":"","background-image":"","background-repeat":"repeat","background-position":"center center","background-size":"auto","background-attachment":"scroll","background-type":"","background-media":"","overlay-type":"","overlay-color":"","overlay-opacity":"","overlay-gradient":""}},"ast-content-background-meta":{"desktop":{"background-color":"var(--ast-global-color-5)","background-image":"","background-repeat":"repeat","background-position":"center center","background-size":"auto","background-attachment":"scroll","background-type":"","background-media":"","overlay-type":"","overlay-color":"","overlay-opacity":"","overlay-gradient":""},"tablet":{"background-color":"var(--ast-global-color-5)","background-image":"","background-repeat":"repeat","background-position":"center center","background-size":"auto","background-attachment":"scroll","background-type":"","background-media":"","overlay-type":"","overlay-color":"","overlay-opacity":"","overlay-gradient":""},"mobile":{"background-color":"var(--ast-global-color-5)","background-image":"","background-repeat":"repeat","background-position":"center center","background-size":"auto","background-attachment":"scroll","background-type":"","background-media":"","overlay-type":"","overlay-color":"","overlay-opacity":"","overlay-gradient":""}}},"product_brand":[],"product_cat":[2915,2913,2921,2920,3403,2916,2914,2923,3442,3453,3042,3446,2922,3439,3759,2936,2918],"product_tag":[],"class_list":{"0":"post-291727","1":"product","2":"type-product","3":"status-publish","4":"has-post-thumbnail","6":"product_cat-davanas-berna-piedzimsanai","7":"product_cat-davanas-dzimsanas-diena","8":"product_cat-davanas-ipasiem-gadijumiem","9":"product_cat-davanas-izlaidumam","10":"product_cat-davanas-kazam","11":"product_cat-davanas-kazu-gadadiena","12":"product_cat-davanas-sievietem","13":"product_cat-dzeltena-zelta-juvelierizstradajumi","14":"product_cat-dzeltena-zelta-saderinasanas-gredzeni","15":"product_cat-gredzeni-ar-dimantiem","16":"product_cat-juvelierizstradajumi","17":"product_cat-klasiskie-saderinasanas-gredzeni","18":"product_cat-mates-dienas-davanas","19":"product_cat-saderinasanas-gredzeni","20":"product_cat-saderinasanas-gredzeni-ar-1-karata-dimantu","21":"product_cat-valentindienas-davanas","22":"product_cat-ziemassvetku-davanas","23":"desktop-align-center","24":"tablet-align-left","25":"mobile-align-left","26":"ast-product-gallery-layout-horizontal-slider","27":"ast-product-gallery-with-no-image","28":"ast-product-single-variable","29":"ast-product-tabs-layout-accordion","30":"ast-qv-on-image","32":"first","33":"instock","34":"taxable","35":"shipping-taxable","36":"purchasable","37":"product-type-variable"},"yoast_head":"<!-- This site is optimized with the Yoast SEO plugin v26.6 - https:\/\/yoast.com\/wordpress\/plugins\/seo\/ -->\n<title>Saderin\u0101\u0161an\u0101s gredzens ar dimantu (1,00ct) - FashionGold.lt<\/title>\n<meta name=\"description\" content=\"Gredzena dizains ir \u0113rts n\u0113s\u0101\u0161anai, dimants ir iestiprin\u0101ts \u0113rt\u0101, zem\u0101 kron\u012bt\u012b. Piem\u0113rots saderin\u0101\u0161anai un \u012bpa\u0161iem gad\u012bjumiem. Ra\u017eots Lietuv\u0101.\" \/>\n<meta name=\"robots\" content=\"index, follow, max-snippet:-1, max-image-preview:large, max-video-preview:-1\" \/>\n<link rel=\"canonical\" href=\"https:\/\/fashiongold.lt\/lv\/papuosalas\/klasisks-dzeltena-zelta-gredzens-ar-dimantu-dimanta-sarms-100-ct-h-si\/\" \/>\n<meta property=\"og:locale\" content=\"lv_LV\" \/>\n<meta property=\"og:type\" content=\"article\" \/>\n<meta property=\"og:title\" content=\"Saderin\u0101\u0161an\u0101s gredzens ar dimantu (1,00ct) - FashionGold.lt\" \/>\n<meta property=\"og:description\" content=\"Gredzena dizains ir \u0113rts n\u0113s\u0101\u0161anai, dimants ir iestiprin\u0101ts \u0113rt\u0101, zem\u0101 kron\u012bt\u012b. Piem\u0113rots saderin\u0101\u0161anai un \u012bpa\u0161iem gad\u012bjumiem. Ra\u017eots Lietuv\u0101.\" \/>\n<meta property=\"og:url\" content=\"https:\/\/fashiongold.lt\/lv\/papuosalas\/klasisks-dzeltena-zelta-gredzens-ar-dimantu-dimanta-sarms-100-ct-h-si\/\" \/>\n<meta property=\"og:site_name\" content=\"FashionGold.lt\" \/>\n<meta property=\"og:image\" content=\"https:\/\/fashiongold.lt\/wp-content\/uploads\/2025\/10\/7386-bfd-Klasikinis-geltono-aukso-ziedas-su-deimantu.webp\" \/>\n\t<meta property=\"og:image:width\" content=\"1000\" \/>\n\t<meta property=\"og:image:height\" content=\"1000\" \/>\n\t<meta property=\"og:image:type\" content=\"image\/png\" \/>\n<meta name=\"twitter:card\" content=\"summary_large_image\" \/>\n<script type=\"application\/ld+json\" class=\"yoast-schema-graph\">{\"@context\":\"https:\/\/schema.org\",\"@graph\":[{\"@type\":\"WebPage\",\"@id\":\"https:\/\/fashiongold.lt\/lv\/papuosalas\/klasisks-dzeltena-zelta-gredzens-ar-dimantu-dimanta-sarms-100-ct-h-si\/\",\"url\":\"https:\/\/fashiongold.lt\/lv\/papuosalas\/klasisks-dzeltena-zelta-gredzens-ar-dimantu-dimanta-sarms-100-ct-h-si\/\",\"name\":\"Saderin\u0101\u0161an\u0101s gredzens ar dimantu (1,00ct) - FashionGold.lt\",\"isPartOf\":{\"@id\":\"https:\/\/fashiongold.lt\/lv\/#website\"},\"primaryImageOfPage\":{\"@id\":\"https:\/\/fashiongold.lt\/lv\/papuosalas\/klasisks-dzeltena-zelta-gredzens-ar-dimantu-dimanta-sarms-100-ct-h-si\/#primaryimage\"},\"image\":{\"@id\":\"https:\/\/fashiongold.lt\/lv\/papuosalas\/klasisks-dzeltena-zelta-gredzens-ar-dimantu-dimanta-sarms-100-ct-h-si\/#primaryimage\"},\"thumbnailUrl\":\"https:\/\/fashiongold.lt\/wp-content\/uploads\/2025\/10\/7386-bfd-Klasikinis-geltono-aukso-ziedas-su-deimantu.png\",\"datePublished\":\"2025-10-10T02:29:27+00:00\",\"description\":\"Gredzena dizains ir \u0113rts n\u0113s\u0101\u0161anai, dimants ir iestiprin\u0101ts \u0113rt\u0101, zem\u0101 kron\u012bt\u012b. Piem\u0113rots saderin\u0101\u0161anai un \u012bpa\u0161iem gad\u012bjumiem. Ra\u017eots Lietuv\u0101.\",\"breadcrumb\":{\"@id\":\"https:\/\/fashiongold.lt\/lv\/papuosalas\/klasisks-dzeltena-zelta-gredzens-ar-dimantu-dimanta-sarms-100-ct-h-si\/#breadcrumb\"},\"inLanguage\":\"lv-LV\",\"potentialAction\":[{\"@type\":\"ReadAction\",\"target\":[\"https:\/\/fashiongold.lt\/lv\/papuosalas\/klasisks-dzeltena-zelta-gredzens-ar-dimantu-dimanta-sarms-100-ct-h-si\/\"]}]},{\"@type\":\"ImageObject\",\"inLanguage\":\"lv-LV\",\"@id\":\"https:\/\/fashiongold.lt\/lv\/papuosalas\/klasisks-dzeltena-zelta-gredzens-ar-dimantu-dimanta-sarms-100-ct-h-si\/#primaryimage\",\"url\":\"https:\/\/fashiongold.lt\/wp-content\/uploads\/2025\/10\/7386-bfd-Klasikinis-geltono-aukso-ziedas-su-deimantu.png\",\"contentUrl\":\"https:\/\/fashiongold.lt\/wp-content\/uploads\/2025\/10\/7386-bfd-Klasikinis-geltono-aukso-ziedas-su-deimantu.png\",\"width\":1000,\"height\":1000},{\"@type\":\"BreadcrumbList\",\"@id\":\"https:\/\/fashiongold.lt\/lv\/papuosalas\/klasisks-dzeltena-zelta-gredzens-ar-dimantu-dimanta-sarms-100-ct-h-si\/#breadcrumb\",\"itemListElement\":[{\"@type\":\"ListItem\",\"position\":1,\"name\":\"Home\",\"item\":\"https:\/\/fashiongold.lt\/lv\/\"},{\"@type\":\"ListItem\",\"position\":2,\"name\":\"Dimantu veikals Fashiongold.lt\",\"item\":\"https:\/\/fashiongold.lt\/shop-2\/\"},{\"@type\":\"ListItem\",\"position\":3,\"name\":\"Klasisks dzelten\u0101 zelta gredzens ar dimantu \u2013 Dimanta \u0160arms (1,00 ct H\/SI)\"}]},{\"@type\":\"WebSite\",\"@id\":\"https:\/\/fashiongold.lt\/lv\/#website\",\"url\":\"https:\/\/fashiongold.lt\/lv\/\",\"name\":\"Fashion Gold\",\"description\":\"Juvelyrikos namai\",\"publisher\":{\"@id\":\"https:\/\/fashiongold.lt\/lv\/#organization\"},\"potentialAction\":[{\"@type\":\"SearchAction\",\"target\":{\"@type\":\"EntryPoint\",\"urlTemplate\":\"https:\/\/fashiongold.lt\/lv\/?s={search_term_string}\"},\"query-input\":{\"@type\":\"PropertyValueSpecification\",\"valueRequired\":true,\"valueName\":\"search_term_string\"}}],\"inLanguage\":\"lv-LV\"},{\"@type\":\"Organization\",\"@id\":\"https:\/\/fashiongold.lt\/lv\/#organization\",\"name\":\"Topdiamonds Online\",\"url\":\"https:\/\/fashiongold.lt\/lv\/\",\"logo\":{\"@type\":\"ImageObject\",\"inLanguage\":\"lv-LV\",\"@id\":\"https:\/\/fashiongold.lt\/lv\/#\/schema\/logo\/image\/\",\"url\":\"https:\/\/fashiongold.lt\/wp-content\/uploads\/2025\/04\/cropped-fashion_gold_logotipas2-scaled-1.png\",\"contentUrl\":\"https:\/\/fashiongold.lt\/wp-content\/uploads\/2025\/04\/cropped-fashion_gold_logotipas2-scaled-1.png\",\"width\":2559,\"height\":421,\"caption\":\"Topdiamonds Online\"},\"image\":{\"@id\":\"https:\/\/fashiongold.lt\/lv\/#\/schema\/logo\/image\/\"}}]}<\/script>\n<!-- \/ Yoast SEO plugin. -->","yoast_head_json":{"title":"Saderin\u0101\u0161an\u0101s gredzens ar dimantu (1,00ct) - FashionGold.lt","description":"Gredzena dizains ir \u0113rts n\u0113s\u0101\u0161anai, dimants ir iestiprin\u0101ts \u0113rt\u0101, zem\u0101 kron\u012bt\u012b. Piem\u0113rots saderin\u0101\u0161anai un \u012bpa\u0161iem gad\u012bjumiem. Ra\u017eots Lietuv\u0101.","robots":{"index":"index","follow":"follow","max-snippet":"max-snippet:-1","max-image-preview":"max-image-preview:large","max-video-preview":"max-video-preview:-1"},"canonical":"https:\/\/fashiongold.lt\/lv\/papuosalas\/klasisks-dzeltena-zelta-gredzens-ar-dimantu-dimanta-sarms-100-ct-h-si\/","og_locale":"lv_LV","og_type":"article","og_title":"Saderin\u0101\u0161an\u0101s gredzens ar dimantu (1,00ct) - FashionGold.lt","og_description":"Gredzena dizains ir \u0113rts n\u0113s\u0101\u0161anai, dimants ir iestiprin\u0101ts \u0113rt\u0101, zem\u0101 kron\u012bt\u012b. Piem\u0113rots saderin\u0101\u0161anai un \u012bpa\u0161iem gad\u012bjumiem. Ra\u017eots Lietuv\u0101.","og_url":"https:\/\/fashiongold.lt\/lv\/papuosalas\/klasisks-dzeltena-zelta-gredzens-ar-dimantu-dimanta-sarms-100-ct-h-si\/","og_site_name":"FashionGold.lt","og_image":[{"width":1000,"height":1000,"url":"https:\/\/fashiongold.lt\/wp-content\/uploads\/2025\/10\/7386-bfd-Klasikinis-geltono-aukso-ziedas-su-deimantu.webp","type":"image\/png"}],"twitter_card":"summary_large_image","schema":{"@context":"https:\/\/schema.org","@graph":[{"@type":"WebPage","@id":"https:\/\/fashiongold.lt\/lv\/papuosalas\/klasisks-dzeltena-zelta-gredzens-ar-dimantu-dimanta-sarms-100-ct-h-si\/","url":"https:\/\/fashiongold.lt\/lv\/papuosalas\/klasisks-dzeltena-zelta-gredzens-ar-dimantu-dimanta-sarms-100-ct-h-si\/","name":"Saderin\u0101\u0161an\u0101s gredzens ar dimantu (1,00ct) - FashionGold.lt","isPartOf":{"@id":"https:\/\/fashiongold.lt\/lv\/#website"},"primaryImageOfPage":{"@id":"https:\/\/fashiongold.lt\/lv\/papuosalas\/klasisks-dzeltena-zelta-gredzens-ar-dimantu-dimanta-sarms-100-ct-h-si\/#primaryimage"},"image":{"@id":"https:\/\/fashiongold.lt\/lv\/papuosalas\/klasisks-dzeltena-zelta-gredzens-ar-dimantu-dimanta-sarms-100-ct-h-si\/#primaryimage"},"thumbnailUrl":"https:\/\/fashiongold.lt\/wp-content\/uploads\/2025\/10\/7386-bfd-Klasikinis-geltono-aukso-ziedas-su-deimantu.png","datePublished":"2025-10-10T02:29:27+00:00","description":"Gredzena dizains ir \u0113rts n\u0113s\u0101\u0161anai, dimants ir iestiprin\u0101ts \u0113rt\u0101, zem\u0101 kron\u012bt\u012b. Piem\u0113rots saderin\u0101\u0161anai un \u012bpa\u0161iem gad\u012bjumiem. Ra\u017eots Lietuv\u0101.","breadcrumb":{"@id":"https:\/\/fashiongold.lt\/lv\/papuosalas\/klasisks-dzeltena-zelta-gredzens-ar-dimantu-dimanta-sarms-100-ct-h-si\/#breadcrumb"},"inLanguage":"lv-LV","potentialAction":[{"@type":"ReadAction","target":["https:\/\/fashiongold.lt\/lv\/papuosalas\/klasisks-dzeltena-zelta-gredzens-ar-dimantu-dimanta-sarms-100-ct-h-si\/"]}]},{"@type":"ImageObject","inLanguage":"lv-LV","@id":"https:\/\/fashiongold.lt\/lv\/papuosalas\/klasisks-dzeltena-zelta-gredzens-ar-dimantu-dimanta-sarms-100-ct-h-si\/#primaryimage","url":"https:\/\/fashiongold.lt\/wp-content\/uploads\/2025\/10\/7386-bfd-Klasikinis-geltono-aukso-ziedas-su-deimantu.png","contentUrl":"https:\/\/fashiongold.lt\/wp-content\/uploads\/2025\/10\/7386-bfd-Klasikinis-geltono-aukso-ziedas-su-deimantu.png","width":1000,"height":1000},{"@type":"BreadcrumbList","@id":"https:\/\/fashiongold.lt\/lv\/papuosalas\/klasisks-dzeltena-zelta-gredzens-ar-dimantu-dimanta-sarms-100-ct-h-si\/#breadcrumb","itemListElement":[{"@type":"ListItem","position":1,"name":"Home","item":"https:\/\/fashiongold.lt\/lv\/"},{"@type":"ListItem","position":2,"name":"Dimantu veikals Fashiongold.lt","item":"https:\/\/fashiongold.lt\/shop-2\/"},{"@type":"ListItem","position":3,"name":"Klasisks dzelten\u0101 zelta gredzens ar dimantu \u2013 Dimanta \u0160arms (1,00 ct H\/SI)"}]},{"@type":"WebSite","@id":"https:\/\/fashiongold.lt\/lv\/#website","url":"https:\/\/fashiongold.lt\/lv\/","name":"Fashion Gold","description":"Juvelyrikos namai","publisher":{"@id":"https:\/\/fashiongold.lt\/lv\/#organization"},"potentialAction":[{"@type":"SearchAction","target":{"@type":"EntryPoint","urlTemplate":"https:\/\/fashiongold.lt\/lv\/?s={search_term_string}"},"query-input":{"@type":"PropertyValueSpecification","valueRequired":true,"valueName":"search_term_string"}}],"inLanguage":"lv-LV"},{"@type":"Organization","@id":"https:\/\/fashiongold.lt\/lv\/#organization","name":"Topdiamonds Online","url":"https:\/\/fashiongold.lt\/lv\/","logo":{"@type":"ImageObject","inLanguage":"lv-LV","@id":"https:\/\/fashiongold.lt\/lv\/#\/schema\/logo\/image\/","url":"https:\/\/fashiongold.lt\/wp-content\/uploads\/2025\/04\/cropped-fashion_gold_logotipas2-scaled-1.png","contentUrl":"https:\/\/fashiongold.lt\/wp-content\/uploads\/2025\/04\/cropped-fashion_gold_logotipas2-scaled-1.png","width":2559,"height":421,"caption":"Topdiamonds Online"},"image":{"@id":"https:\/\/fashiongold.lt\/lv\/#\/schema\/logo\/image\/"}}]}},"_links":{"self":[{"href":"https:\/\/fashiongold.lt\/lv\/wp-json\/wp\/v2\/product\/291727","targetHints":{"allow":["GET"]}}],"collection":[{"href":"https:\/\/fashiongold.lt\/lv\/wp-json\/wp\/v2\/product"}],"about":[{"href":"https:\/\/fashiongold.lt\/lv\/wp-json\/wp\/v2\/types\/product"}],"version-history":[{"count":0,"href":"https:\/\/fashiongold.lt\/lv\/wp-json\/wp\/v2\/product\/291727\/revisions"}],"wp:featuredmedia":[{"embeddable":true,"href":"https:\/\/fashiongold.lt\/lv\/wp-json\/wp\/v2\/media\/89339"}],"wp:attachment":[{"href":"https:\/\/fashiongold.lt\/lv\/wp-json\/wp\/v2\/media?parent=291727"}],"wp:term":[{"taxonomy":"product_brand","embeddable":true,"href":"https:\/\/fashiongold.lt\/lv\/wp-json\/wp\/v2\/product_brand?post=291727"},{"taxonomy":"product_cat","embeddable":true,"href":"https:\/\/fashiongold.lt\/lv\/wp-json\/wp\/v2\/product_cat?post=291727"},{"taxonomy":"product_tag","embeddable":true,"href":"https:\/\/fashiongold.lt\/lv\/wp-json\/wp\/v2\/product_tag?post=291727"}],"curies":[{"name":"wp","href":"https:\/\/api.w.org\/{rel}","templated":true}]}}