{"id":291782,"date":"2025-10-10T02:08:06","date_gmt":"2025-10-10T02:08:06","guid":{"rendered":"https:\/\/fashiongold.lt\/papuosalas\/klasisks-sarkana-zelta-gredzens-ar-dimantu-klasisks-milestibas-simbols-070-ct-h-si2\/"},"modified":"2025-10-10T02:08:06","modified_gmt":"2025-10-10T02:08:06","slug":"klasisks-sarkana-zelta-gredzens-ar-dimantu-klasisks-milestibas-simbols-070-ct-h-si2","status":"publish","type":"product","link":"https:\/\/fashiongold.lt\/lv\/papuosalas\/klasisks-sarkana-zelta-gredzens-ar-dimantu-klasisks-milestibas-simbols-070-ct-h-si2\/","title":{"rendered":"Klasisks sarkan\u0101 zelta gredzens ar dimantu \u2013 klasisks m\u012blest\u012bbas simbols (0,70 ct H\/SI2)"},"content":{"rendered":"<p>Ra\u017eots Lietuv\u0101. Gredzenu var izgatavot p\u0113c pas\u016bt\u012bjuma: no sarkan\u0101, dzelten\u0101 un balt\u0101 zelta.<\/p>\n<p>\u2022 Dimanta veids: Dab\u012bgs dimants<\/p>\n<p>\u2022 Dimanta forma: Apa\u013ca forma (Round cut)<\/p>\n<p>\u2022 Dimanta raksturojums: 0,70 ct, kr\u0101sa H (W); dzidrums SI2,<\/p>\n<p>\u2022 Sertifik\u0101ts: Lietuvas Prove\u0161anas pal\u0101ta (LPR) un papildus IGI<\/p>\n<p>\u2022 Gredzena zelts: 14K (585 prove)<\/p>\n<p>\u2022 Gredzena kr\u0101sa: sarkanais zelts <\/p>\n<p>\u2022 Gredzena svars: aptuveni 3,60-4,20 g <\/p>\n<p>\u2022 Gredzena izm\u0113ri: , kro\u0146a izm\u0113rs &#8211; mm, st\u012bpi\u0146as izm\u0113rs &#8211; mm<\/p>\n","protected":false},"excerpt":{"rendered":"<p>Klasisks sarkan\u0101 zelta gredzens ar vienu dimantu 0,70 ct. Gredzena dizains ir \u013coti \u0113rts n\u0113s\u0101\u0161anai, dimants ir iestr\u0101d\u0101ts \u0113rt\u0101, zem\u0101 \u010detru k\u0101ji\u0146u kron\u012bt\u012b. \u0160is klasiskais gredzena dizains ir ide\u0101li piem\u0113rots saderin\u0101\u0161anai un \u012bpa\u0161iem gad\u012bjumiem.<\/p>\n","protected":false},"featured_media":88558,"template":"","meta":{"site-sidebar-layout":"","site-content-layout":"","ast-site-content-layout":"","site-content-style":"","site-sidebar-style":"","ast-global-header-display":"","ast-banner-title-visibility":"","ast-main-header-display":"","ast-hfb-above-header-display":"","ast-hfb-below-header-display":"","ast-hfb-mobile-header-display":"","site-post-title":"","ast-breadcrumbs-content":"","ast-featured-img":"","footer-sml-layout":"","ast-disable-related-posts":"","theme-transparent-header-meta":"","adv-header-id-meta":"","stick-header-meta":"","header-above-stick-meta":"","header-main-stick-meta":"","header-below-stick-meta":"","astra-migrate-meta-layouts":"default","ast-page-background-enabled":"default","ast-page-background-meta":{"desktop":{"background-color":"var(--ast-global-color-4)","background-image":"","background-repeat":"repeat","background-position":"center center","background-size":"auto","background-attachment":"scroll","background-type":"","background-media":"","overlay-type":"","overlay-color":"","overlay-opacity":"","overlay-gradient":""},"tablet":{"background-color":"","background-image":"","background-repeat":"repeat","background-position":"center center","background-size":"auto","background-attachment":"scroll","background-type":"","background-media":"","overlay-type":"","overlay-color":"","overlay-opacity":"","overlay-gradient":""},"mobile":{"background-color":"","background-image":"","background-repeat":"repeat","background-position":"center center","background-size":"auto","background-attachment":"scroll","background-type":"","background-media":"","overlay-type":"","overlay-color":"","overlay-opacity":"","overlay-gradient":""}},"ast-content-background-meta":{"desktop":{"background-color":"var(--ast-global-color-5)","background-image":"","background-repeat":"repeat","background-position":"center center","background-size":"auto","background-attachment":"scroll","background-type":"","background-media":"","overlay-type":"","overlay-color":"","overlay-opacity":"","overlay-gradient":""},"tablet":{"background-color":"var(--ast-global-color-5)","background-image":"","background-repeat":"repeat","background-position":"center center","background-size":"auto","background-attachment":"scroll","background-type":"","background-media":"","overlay-type":"","overlay-color":"","overlay-opacity":"","overlay-gradient":""},"mobile":{"background-color":"var(--ast-global-color-5)","background-image":"","background-repeat":"repeat","background-position":"center center","background-size":"auto","background-attachment":"scroll","background-type":"","background-media":"","overlay-type":"","overlay-color":"","overlay-opacity":"","overlay-gradient":""}}},"product_brand":[],"product_cat":[2915,2913,2921,2920,3403,2916,2914,3453,3042,3446,2922,3439,2979,3443,3447,2936,2918],"product_tag":[],"class_list":{"0":"post-291782","1":"product","2":"type-product","3":"status-publish","4":"has-post-thumbnail","6":"product_cat-davanas-berna-piedzimsanai","7":"product_cat-davanas-dzimsanas-diena","8":"product_cat-davanas-ipasiem-gadijumiem","9":"product_cat-davanas-izlaidumam","10":"product_cat-davanas-kazam","11":"product_cat-davanas-kazu-gadadiena","12":"product_cat-davanas-sievietem","13":"product_cat-gredzeni-ar-dimantiem","14":"product_cat-juvelierizstradajumi","15":"product_cat-klasiskie-saderinasanas-gredzeni","16":"product_cat-mates-dienas-davanas","17":"product_cat-saderinasanas-gredzeni","18":"product_cat-sarkana-zelta-juvelierizstradajumi","19":"product_cat-sarkana-zelta-saderinasanas-gredzeni","20":"product_cat-top-saderinasanas-gredzeni","21":"product_cat-valentindienas-davanas","22":"product_cat-ziemassvetku-davanas","23":"desktop-align-center","24":"tablet-align-left","25":"mobile-align-left","26":"ast-product-gallery-layout-horizontal-slider","27":"ast-product-gallery-with-no-image","28":"ast-product-single-variable","29":"ast-product-tabs-layout-accordion","30":"ast-qv-on-image","32":"first","33":"instock","34":"taxable","35":"shipping-taxable","36":"purchasable","37":"product-type-variable"},"yoast_head":"<!-- This site is optimized with the Yoast SEO plugin v26.6 - https:\/\/yoast.com\/wordpress\/plugins\/seo\/ -->\n<title>Saderin\u0101\u0161an\u0101s gredzens ar dimantu 0,70 ct - Klasisks m\u012blest\u012bbas simbols<\/title>\n<meta name=\"description\" content=\"Gredzena dizains ir \u0113rts n\u0113s\u0101\u0161anai, dimants ir iestiprin\u0101ts \u0113rt\u0101, zem\u0101 \u010detru k\u0101ji\u0146u kron\u012bt\u012b. Piem\u0113rots saderin\u0101\u0161anai un \u012bpa\u0161iem gad\u012bjumiem. FashionGold\" \/>\n<meta name=\"robots\" content=\"index, follow, max-snippet:-1, max-image-preview:large, max-video-preview:-1\" \/>\n<link rel=\"canonical\" href=\"https:\/\/fashiongold.lt\/lv\/papuosalas\/klasisks-sarkana-zelta-gredzens-ar-dimantu-klasisks-milestibas-simbols-070-ct-h-si2\/\" \/>\n<meta property=\"og:locale\" content=\"lv_LV\" \/>\n<meta property=\"og:type\" content=\"article\" \/>\n<meta property=\"og:title\" content=\"Saderin\u0101\u0161an\u0101s gredzens ar dimantu 0,70 ct - Klasisks m\u012blest\u012bbas simbols\" \/>\n<meta property=\"og:description\" content=\"Gredzena dizains ir \u0113rts n\u0113s\u0101\u0161anai, dimants ir iestiprin\u0101ts \u0113rt\u0101, zem\u0101 \u010detru k\u0101ji\u0146u kron\u012bt\u012b. Piem\u0113rots saderin\u0101\u0161anai un \u012bpa\u0161iem gad\u012bjumiem. FashionGold\" \/>\n<meta property=\"og:url\" content=\"https:\/\/fashiongold.lt\/lv\/papuosalas\/klasisks-sarkana-zelta-gredzens-ar-dimantu-klasisks-milestibas-simbols-070-ct-h-si2\/\" \/>\n<meta property=\"og:site_name\" content=\"FashionGold.lt\" \/>\n<meta property=\"og:image\" content=\"https:\/\/fashiongold.lt\/wp-content\/uploads\/2025\/10\/7264-29a-Klasikinis-raudono-aukso-ziedas-su-deimantu-Klasikinis-Meiles-Simbolis-070-ct.webp\" \/>\n\t<meta property=\"og:image:width\" content=\"1000\" \/>\n\t<meta property=\"og:image:height\" content=\"1000\" \/>\n\t<meta property=\"og:image:type\" content=\"image\/png\" \/>\n<meta name=\"twitter:card\" content=\"summary_large_image\" \/>\n<script type=\"application\/ld+json\" class=\"yoast-schema-graph\">{\"@context\":\"https:\/\/schema.org\",\"@graph\":[{\"@type\":\"WebPage\",\"@id\":\"https:\/\/fashiongold.lt\/lv\/papuosalas\/klasisks-sarkana-zelta-gredzens-ar-dimantu-klasisks-milestibas-simbols-070-ct-h-si2\/\",\"url\":\"https:\/\/fashiongold.lt\/lv\/papuosalas\/klasisks-sarkana-zelta-gredzens-ar-dimantu-klasisks-milestibas-simbols-070-ct-h-si2\/\",\"name\":\"Saderin\u0101\u0161an\u0101s gredzens ar dimantu 0,70 ct - Klasisks m\u012blest\u012bbas simbols\",\"isPartOf\":{\"@id\":\"https:\/\/fashiongold.lt\/lv\/#website\"},\"primaryImageOfPage\":{\"@id\":\"https:\/\/fashiongold.lt\/lv\/papuosalas\/klasisks-sarkana-zelta-gredzens-ar-dimantu-klasisks-milestibas-simbols-070-ct-h-si2\/#primaryimage\"},\"image\":{\"@id\":\"https:\/\/fashiongold.lt\/lv\/papuosalas\/klasisks-sarkana-zelta-gredzens-ar-dimantu-klasisks-milestibas-simbols-070-ct-h-si2\/#primaryimage\"},\"thumbnailUrl\":\"https:\/\/fashiongold.lt\/wp-content\/uploads\/2025\/10\/7264-29a-Klasikinis-raudono-aukso-ziedas-su-deimantu-Klasikinis-Meiles-Simbolis-070-ct.png\",\"datePublished\":\"2025-10-10T02:08:06+00:00\",\"description\":\"Gredzena dizains ir \u0113rts n\u0113s\u0101\u0161anai, dimants ir iestiprin\u0101ts \u0113rt\u0101, zem\u0101 \u010detru k\u0101ji\u0146u kron\u012bt\u012b. Piem\u0113rots saderin\u0101\u0161anai un \u012bpa\u0161iem gad\u012bjumiem. FashionGold\",\"breadcrumb\":{\"@id\":\"https:\/\/fashiongold.lt\/lv\/papuosalas\/klasisks-sarkana-zelta-gredzens-ar-dimantu-klasisks-milestibas-simbols-070-ct-h-si2\/#breadcrumb\"},\"inLanguage\":\"lv-LV\",\"potentialAction\":[{\"@type\":\"ReadAction\",\"target\":[\"https:\/\/fashiongold.lt\/lv\/papuosalas\/klasisks-sarkana-zelta-gredzens-ar-dimantu-klasisks-milestibas-simbols-070-ct-h-si2\/\"]}]},{\"@type\":\"ImageObject\",\"inLanguage\":\"lv-LV\",\"@id\":\"https:\/\/fashiongold.lt\/lv\/papuosalas\/klasisks-sarkana-zelta-gredzens-ar-dimantu-klasisks-milestibas-simbols-070-ct-h-si2\/#primaryimage\",\"url\":\"https:\/\/fashiongold.lt\/wp-content\/uploads\/2025\/10\/7264-29a-Klasikinis-raudono-aukso-ziedas-su-deimantu-Klasikinis-Meiles-Simbolis-070-ct.png\",\"contentUrl\":\"https:\/\/fashiongold.lt\/wp-content\/uploads\/2025\/10\/7264-29a-Klasikinis-raudono-aukso-ziedas-su-deimantu-Klasikinis-Meiles-Simbolis-070-ct.png\",\"width\":1000,\"height\":1000},{\"@type\":\"BreadcrumbList\",\"@id\":\"https:\/\/fashiongold.lt\/lv\/papuosalas\/klasisks-sarkana-zelta-gredzens-ar-dimantu-klasisks-milestibas-simbols-070-ct-h-si2\/#breadcrumb\",\"itemListElement\":[{\"@type\":\"ListItem\",\"position\":1,\"name\":\"Home\",\"item\":\"https:\/\/fashiongold.lt\/lv\/\"},{\"@type\":\"ListItem\",\"position\":2,\"name\":\"Dimantu veikals Fashiongold.lt\",\"item\":\"https:\/\/fashiongold.lt\/shop-2\/\"},{\"@type\":\"ListItem\",\"position\":3,\"name\":\"Klasisks sarkan\u0101 zelta gredzens ar dimantu \u2013 klasisks m\u012blest\u012bbas simbols (0,70 ct H\/SI2)\"}]},{\"@type\":\"WebSite\",\"@id\":\"https:\/\/fashiongold.lt\/lv\/#website\",\"url\":\"https:\/\/fashiongold.lt\/lv\/\",\"name\":\"Fashion Gold\",\"description\":\"Juvelyrikos namai\",\"publisher\":{\"@id\":\"https:\/\/fashiongold.lt\/lv\/#organization\"},\"potentialAction\":[{\"@type\":\"SearchAction\",\"target\":{\"@type\":\"EntryPoint\",\"urlTemplate\":\"https:\/\/fashiongold.lt\/lv\/?s={search_term_string}\"},\"query-input\":{\"@type\":\"PropertyValueSpecification\",\"valueRequired\":true,\"valueName\":\"search_term_string\"}}],\"inLanguage\":\"lv-LV\"},{\"@type\":\"Organization\",\"@id\":\"https:\/\/fashiongold.lt\/lv\/#organization\",\"name\":\"Topdiamonds Online\",\"url\":\"https:\/\/fashiongold.lt\/lv\/\",\"logo\":{\"@type\":\"ImageObject\",\"inLanguage\":\"lv-LV\",\"@id\":\"https:\/\/fashiongold.lt\/lv\/#\/schema\/logo\/image\/\",\"url\":\"https:\/\/fashiongold.lt\/wp-content\/uploads\/2025\/04\/cropped-fashion_gold_logotipas2-scaled-1.png\",\"contentUrl\":\"https:\/\/fashiongold.lt\/wp-content\/uploads\/2025\/04\/cropped-fashion_gold_logotipas2-scaled-1.png\",\"width\":2559,\"height\":421,\"caption\":\"Topdiamonds Online\"},\"image\":{\"@id\":\"https:\/\/fashiongold.lt\/lv\/#\/schema\/logo\/image\/\"}}]}<\/script>\n<!-- \/ Yoast SEO plugin. -->","yoast_head_json":{"title":"Saderin\u0101\u0161an\u0101s gredzens ar dimantu 0,70 ct - Klasisks m\u012blest\u012bbas simbols","description":"Gredzena dizains ir \u0113rts n\u0113s\u0101\u0161anai, dimants ir iestiprin\u0101ts \u0113rt\u0101, zem\u0101 \u010detru k\u0101ji\u0146u kron\u012bt\u012b. Piem\u0113rots saderin\u0101\u0161anai un \u012bpa\u0161iem gad\u012bjumiem. FashionGold","robots":{"index":"index","follow":"follow","max-snippet":"max-snippet:-1","max-image-preview":"max-image-preview:large","max-video-preview":"max-video-preview:-1"},"canonical":"https:\/\/fashiongold.lt\/lv\/papuosalas\/klasisks-sarkana-zelta-gredzens-ar-dimantu-klasisks-milestibas-simbols-070-ct-h-si2\/","og_locale":"lv_LV","og_type":"article","og_title":"Saderin\u0101\u0161an\u0101s gredzens ar dimantu 0,70 ct - Klasisks m\u012blest\u012bbas simbols","og_description":"Gredzena dizains ir \u0113rts n\u0113s\u0101\u0161anai, dimants ir iestiprin\u0101ts \u0113rt\u0101, zem\u0101 \u010detru k\u0101ji\u0146u kron\u012bt\u012b. Piem\u0113rots saderin\u0101\u0161anai un \u012bpa\u0161iem gad\u012bjumiem. FashionGold","og_url":"https:\/\/fashiongold.lt\/lv\/papuosalas\/klasisks-sarkana-zelta-gredzens-ar-dimantu-klasisks-milestibas-simbols-070-ct-h-si2\/","og_site_name":"FashionGold.lt","og_image":[{"width":1000,"height":1000,"url":"https:\/\/fashiongold.lt\/wp-content\/uploads\/2025\/10\/7264-29a-Klasikinis-raudono-aukso-ziedas-su-deimantu-Klasikinis-Meiles-Simbolis-070-ct.webp","type":"image\/png"}],"twitter_card":"summary_large_image","schema":{"@context":"https:\/\/schema.org","@graph":[{"@type":"WebPage","@id":"https:\/\/fashiongold.lt\/lv\/papuosalas\/klasisks-sarkana-zelta-gredzens-ar-dimantu-klasisks-milestibas-simbols-070-ct-h-si2\/","url":"https:\/\/fashiongold.lt\/lv\/papuosalas\/klasisks-sarkana-zelta-gredzens-ar-dimantu-klasisks-milestibas-simbols-070-ct-h-si2\/","name":"Saderin\u0101\u0161an\u0101s gredzens ar dimantu 0,70 ct - Klasisks m\u012blest\u012bbas simbols","isPartOf":{"@id":"https:\/\/fashiongold.lt\/lv\/#website"},"primaryImageOfPage":{"@id":"https:\/\/fashiongold.lt\/lv\/papuosalas\/klasisks-sarkana-zelta-gredzens-ar-dimantu-klasisks-milestibas-simbols-070-ct-h-si2\/#primaryimage"},"image":{"@id":"https:\/\/fashiongold.lt\/lv\/papuosalas\/klasisks-sarkana-zelta-gredzens-ar-dimantu-klasisks-milestibas-simbols-070-ct-h-si2\/#primaryimage"},"thumbnailUrl":"https:\/\/fashiongold.lt\/wp-content\/uploads\/2025\/10\/7264-29a-Klasikinis-raudono-aukso-ziedas-su-deimantu-Klasikinis-Meiles-Simbolis-070-ct.png","datePublished":"2025-10-10T02:08:06+00:00","description":"Gredzena dizains ir \u0113rts n\u0113s\u0101\u0161anai, dimants ir iestiprin\u0101ts \u0113rt\u0101, zem\u0101 \u010detru k\u0101ji\u0146u kron\u012bt\u012b. Piem\u0113rots saderin\u0101\u0161anai un \u012bpa\u0161iem gad\u012bjumiem. FashionGold","breadcrumb":{"@id":"https:\/\/fashiongold.lt\/lv\/papuosalas\/klasisks-sarkana-zelta-gredzens-ar-dimantu-klasisks-milestibas-simbols-070-ct-h-si2\/#breadcrumb"},"inLanguage":"lv-LV","potentialAction":[{"@type":"ReadAction","target":["https:\/\/fashiongold.lt\/lv\/papuosalas\/klasisks-sarkana-zelta-gredzens-ar-dimantu-klasisks-milestibas-simbols-070-ct-h-si2\/"]}]},{"@type":"ImageObject","inLanguage":"lv-LV","@id":"https:\/\/fashiongold.lt\/lv\/papuosalas\/klasisks-sarkana-zelta-gredzens-ar-dimantu-klasisks-milestibas-simbols-070-ct-h-si2\/#primaryimage","url":"https:\/\/fashiongold.lt\/wp-content\/uploads\/2025\/10\/7264-29a-Klasikinis-raudono-aukso-ziedas-su-deimantu-Klasikinis-Meiles-Simbolis-070-ct.png","contentUrl":"https:\/\/fashiongold.lt\/wp-content\/uploads\/2025\/10\/7264-29a-Klasikinis-raudono-aukso-ziedas-su-deimantu-Klasikinis-Meiles-Simbolis-070-ct.png","width":1000,"height":1000},{"@type":"BreadcrumbList","@id":"https:\/\/fashiongold.lt\/lv\/papuosalas\/klasisks-sarkana-zelta-gredzens-ar-dimantu-klasisks-milestibas-simbols-070-ct-h-si2\/#breadcrumb","itemListElement":[{"@type":"ListItem","position":1,"name":"Home","item":"https:\/\/fashiongold.lt\/lv\/"},{"@type":"ListItem","position":2,"name":"Dimantu veikals Fashiongold.lt","item":"https:\/\/fashiongold.lt\/shop-2\/"},{"@type":"ListItem","position":3,"name":"Klasisks sarkan\u0101 zelta gredzens ar dimantu \u2013 klasisks m\u012blest\u012bbas simbols (0,70 ct H\/SI2)"}]},{"@type":"WebSite","@id":"https:\/\/fashiongold.lt\/lv\/#website","url":"https:\/\/fashiongold.lt\/lv\/","name":"Fashion Gold","description":"Juvelyrikos namai","publisher":{"@id":"https:\/\/fashiongold.lt\/lv\/#organization"},"potentialAction":[{"@type":"SearchAction","target":{"@type":"EntryPoint","urlTemplate":"https:\/\/fashiongold.lt\/lv\/?s={search_term_string}"},"query-input":{"@type":"PropertyValueSpecification","valueRequired":true,"valueName":"search_term_string"}}],"inLanguage":"lv-LV"},{"@type":"Organization","@id":"https:\/\/fashiongold.lt\/lv\/#organization","name":"Topdiamonds Online","url":"https:\/\/fashiongold.lt\/lv\/","logo":{"@type":"ImageObject","inLanguage":"lv-LV","@id":"https:\/\/fashiongold.lt\/lv\/#\/schema\/logo\/image\/","url":"https:\/\/fashiongold.lt\/wp-content\/uploads\/2025\/04\/cropped-fashion_gold_logotipas2-scaled-1.png","contentUrl":"https:\/\/fashiongold.lt\/wp-content\/uploads\/2025\/04\/cropped-fashion_gold_logotipas2-scaled-1.png","width":2559,"height":421,"caption":"Topdiamonds Online"},"image":{"@id":"https:\/\/fashiongold.lt\/lv\/#\/schema\/logo\/image\/"}}]}},"_links":{"self":[{"href":"https:\/\/fashiongold.lt\/lv\/wp-json\/wp\/v2\/product\/291782","targetHints":{"allow":["GET"]}}],"collection":[{"href":"https:\/\/fashiongold.lt\/lv\/wp-json\/wp\/v2\/product"}],"about":[{"href":"https:\/\/fashiongold.lt\/lv\/wp-json\/wp\/v2\/types\/product"}],"version-history":[{"count":0,"href":"https:\/\/fashiongold.lt\/lv\/wp-json\/wp\/v2\/product\/291782\/revisions"}],"wp:featuredmedia":[{"embeddable":true,"href":"https:\/\/fashiongold.lt\/lv\/wp-json\/wp\/v2\/media\/88558"}],"wp:attachment":[{"href":"https:\/\/fashiongold.lt\/lv\/wp-json\/wp\/v2\/media?parent=291782"}],"wp:term":[{"taxonomy":"product_brand","embeddable":true,"href":"https:\/\/fashiongold.lt\/lv\/wp-json\/wp\/v2\/product_brand?post=291782"},{"taxonomy":"product_cat","embeddable":true,"href":"https:\/\/fashiongold.lt\/lv\/wp-json\/wp\/v2\/product_cat?post=291782"},{"taxonomy":"product_tag","embeddable":true,"href":"https:\/\/fashiongold.lt\/lv\/wp-json\/wp\/v2\/product_tag?post=291782"}],"curies":[{"name":"wp","href":"https:\/\/api.w.org\/{rel}","templated":true}]}}