{"id":291842,"date":"2025-10-10T01:45:17","date_gmt":"2025-10-10T01:45:17","guid":{"rendered":"https:\/\/fashiongold.lt\/papuosalas\/balta-zelta-gredzens-ar-dimantiem-dimanta-mirdzums-052-ct-f-si2\/"},"modified":"2026-02-19T07:21:19","modified_gmt":"2026-02-19T07:21:19","slug":"balta-zelta-gredzens-ar-dimantiem-dimanta-mirdzums-052-ct-f-si2","status":"publish","type":"product","link":"https:\/\/fashiongold.lt\/lv\/papuosalas\/balta-zelta-gredzens-ar-dimantiem-dimanta-mirdzums-052-ct-f-si2\/","title":{"rendered":"Balta zelta gredzens ar dimantiem \u2013 Dimanta mirdzums (0,52 ct F\/SI2)"},"content":{"rendered":"<p>Ra\u017eots Lietuv\u0101. Gredzens var tikt izgatavots p\u0113c pas\u016bt\u012bjuma: no sarkan\u0101, dzelten\u0101 un balt\u0101 zelta.<\/p>\n<p>\u2022 Dimanta tips: Dabisks dimants<\/p>\n<p>\u2022 Dimanta forma: Apa\u013ca forma (Round cut)<\/p>\n<p>\u2022 Dimanta raksturojums: 0,64 ct (1&#215;0,40 ct, kr\u0101sa F (RW+); dzidrums SI2, apstr\u0101de VG-EX-G) un 14 x 0,009ct, kr\u0101sa H(W); dzidrums SI)<\/p>\n<p>\u2022 Sertifik\u0101ts: Lietuvas Proves pal\u0101ta (LPR) un papildu IGI starptautiskais sertifik\u0101ts<\/p>\n<p>\u2022 Gredzena zelts: 14K (585. prove)\u00a0<\/p>\n<p>\u2022 Gredzena kr\u0101sa: baltais zelts\u00a0 \u00a0<\/p>\n<p>\u2022 Gredzena svars: aptuveni 2,40-3,00 g\u00a0<\/p>\n<p>\u2022 Gredzena izm\u0113ri: kro\u0146a izm\u0113rs &#8211; 4,95 mm, st\u012bpi\u0146as platums &#8211; 2,75 mm<\/p>\n","protected":false},"excerpt":{"rendered":"<p>Balt\u0101 zelta halo dizaina gredzens ar dimantiem rot\u0101tu kron\u012bti. Galvenais dimants ir 0,40 ct, ap to ir s\u012bki dimanti, kas vizu\u0101li izce\u013c galveno dimantu. \u0160is gredzens ir ne tikai lieliski piem\u0113rots saderin\u0101\u0161anai un \u012bpa\u0161iem gad\u012bjumiem, bet ar\u012b atspogu\u013co j\u016bsu neatk\u0101rtojamo gaumi un stilu<\/p>\n","protected":false},"featured_media":87706,"template":"","meta":{"site-sidebar-layout":"","site-content-layout":"","ast-site-content-layout":"","site-content-style":"","site-sidebar-style":"","ast-global-header-display":"","ast-banner-title-visibility":"","ast-main-header-display":"","ast-hfb-above-header-display":"","ast-hfb-below-header-display":"","ast-hfb-mobile-header-display":"","site-post-title":"","ast-breadcrumbs-content":"","ast-featured-img":"","footer-sml-layout":"","ast-disable-related-posts":"","theme-transparent-header-meta":"","adv-header-id-meta":"","stick-header-meta":"","header-above-stick-meta":"","header-main-stick-meta":"","header-below-stick-meta":"","astra-migrate-meta-layouts":"default","ast-page-background-enabled":"default","ast-page-background-meta":{"desktop":{"background-color":"var(--ast-global-color-4)","background-image":"","background-repeat":"repeat","background-position":"center center","background-size":"auto","background-attachment":"scroll","background-type":"","background-media":"","overlay-type":"","overlay-color":"","overlay-opacity":"","overlay-gradient":""},"tablet":{"background-color":"","background-image":"","background-repeat":"repeat","background-position":"center center","background-size":"auto","background-attachment":"scroll","background-type":"","background-media":"","overlay-type":"","overlay-color":"","overlay-opacity":"","overlay-gradient":""},"mobile":{"background-color":"","background-image":"","background-repeat":"repeat","background-position":"center center","background-size":"auto","background-attachment":"scroll","background-type":"","background-media":"","overlay-type":"","overlay-color":"","overlay-opacity":"","overlay-gradient":""}},"ast-content-background-meta":{"desktop":{"background-color":"var(--ast-global-color-5)","background-image":"","background-repeat":"repeat","background-position":"center center","background-size":"auto","background-attachment":"scroll","background-type":"","background-media":"","overlay-type":"","overlay-color":"","overlay-opacity":"","overlay-gradient":""},"tablet":{"background-color":"var(--ast-global-color-5)","background-image":"","background-repeat":"repeat","background-position":"center center","background-size":"auto","background-attachment":"scroll","background-type":"","background-media":"","overlay-type":"","overlay-color":"","overlay-opacity":"","overlay-gradient":""},"mobile":{"background-color":"var(--ast-global-color-5)","background-image":"","background-repeat":"repeat","background-position":"center center","background-size":"auto","background-attachment":"scroll","background-type":"","background-media":"","overlay-type":"","overlay-color":"","overlay-opacity":"","overlay-gradient":""}}},"product_brand":[],"product_cat":[3441,2919,2915,2913,2921,2920,3403,2916,2914,3453,2997,3042,2922,3439,3447,2936,2918],"product_tag":[],"class_list":{"0":"post-291842","1":"product","2":"type-product","3":"status-publish","4":"has-post-thumbnail","6":"product_cat-balta-zelta-saderinasanas-gredzeni","7":"product_cat-baltzelta-rotaslietas","8":"product_cat-davanas-berna-piedzimsanai","9":"product_cat-davanas-dzimsanas-diena","10":"product_cat-davanas-ipasiem-gadijumiem","11":"product_cat-davanas-izlaidumam","12":"product_cat-davanas-kazam","13":"product_cat-davanas-kazu-gadadiena","14":"product_cat-davanas-sievietem","15":"product_cat-gredzeni-ar-dimantiem","16":"product_cat-halo-formas-saderinasanas-gredzeni","17":"product_cat-juvelierizstradajumi","18":"product_cat-mates-dienas-davanas","19":"product_cat-saderinasanas-gredzeni","20":"product_cat-top-saderinasanas-gredzeni","21":"product_cat-valentindienas-davanas","22":"product_cat-ziemassvetku-davanas","23":"desktop-align-center","24":"tablet-align-left","25":"mobile-align-left","26":"ast-product-gallery-layout-horizontal-slider","27":"ast-product-gallery-with-no-image","28":"ast-product-single-variable","29":"ast-product-tabs-layout-accordion","30":"ast-qv-on-image","32":"first","33":"instock","34":"taxable","35":"shipping-taxable","36":"purchasable","37":"product-type-variable"},"yoast_head":"<!-- This site is optimized with the Yoast SEO plugin v26.6 - https:\/\/yoast.com\/wordpress\/plugins\/seo\/ -->\n<title>Balt\u0101 zelta gredzens ar dimantiem - Dimanta mirdzums (0,52 ct)<\/title>\n<meta name=\"description\" content=\"Kron\u012btim galvenais dimants 0,40 ct, tam apk\u0101rt mazi dimanti, kas vizu\u0101li izce\u013c galveno dimantu. Piem\u0113rots saderin\u0101\u0161an\u0101s un \u012bpa\u0161iem gad\u012bjumiem.\" \/>\n<meta name=\"robots\" content=\"index, follow, max-snippet:-1, max-image-preview:large, max-video-preview:-1\" \/>\n<link rel=\"canonical\" href=\"https:\/\/fashiongold.lt\/lv\/papuosalas\/balta-zelta-gredzens-ar-dimantiem-dimanta-mirdzums-052-ct-f-si2\/\" \/>\n<meta property=\"og:locale\" content=\"lv_LV\" \/>\n<meta property=\"og:type\" content=\"article\" \/>\n<meta property=\"og:title\" content=\"Balt\u0101 zelta gredzens ar dimantiem - Dimanta mirdzums (0,52 ct)\" \/>\n<meta property=\"og:description\" content=\"Kron\u012btim galvenais dimants 0,40 ct, tam apk\u0101rt mazi dimanti, kas vizu\u0101li izce\u013c galveno dimantu. Piem\u0113rots saderin\u0101\u0161an\u0101s un \u012bpa\u0161iem gad\u012bjumiem.\" \/>\n<meta property=\"og:url\" content=\"https:\/\/fashiongold.lt\/lv\/papuosalas\/balta-zelta-gredzens-ar-dimantiem-dimanta-mirdzums-052-ct-f-si2\/\" \/>\n<meta property=\"og:site_name\" content=\"FashionGold.lt\" \/>\n<meta property=\"article:modified_time\" content=\"2026-02-19T07:21:19+00:00\" \/>\n<meta property=\"og:image\" content=\"https:\/\/fashiongold.lt\/wp-content\/uploads\/2025\/10\/7162-e67-Balto-aukso-ziedas-su-deimantais-Diamantinis-svytejimas-052-ct.webp\" \/>\n\t<meta property=\"og:image:width\" content=\"1000\" \/>\n\t<meta property=\"og:image:height\" content=\"1000\" \/>\n\t<meta property=\"og:image:type\" content=\"image\/png\" \/>\n<meta name=\"twitter:card\" content=\"summary_large_image\" \/>\n<script type=\"application\/ld+json\" class=\"yoast-schema-graph\">{\"@context\":\"https:\/\/schema.org\",\"@graph\":[{\"@type\":\"WebPage\",\"@id\":\"https:\/\/fashiongold.lt\/lv\/papuosalas\/balta-zelta-gredzens-ar-dimantiem-dimanta-mirdzums-052-ct-f-si2\/\",\"url\":\"https:\/\/fashiongold.lt\/lv\/papuosalas\/balta-zelta-gredzens-ar-dimantiem-dimanta-mirdzums-052-ct-f-si2\/\",\"name\":\"Balt\u0101 zelta gredzens ar dimantiem - Dimanta mirdzums (0,52 ct)\",\"isPartOf\":{\"@id\":\"https:\/\/fashiongold.lt\/lv\/#website\"},\"primaryImageOfPage\":{\"@id\":\"https:\/\/fashiongold.lt\/lv\/papuosalas\/balta-zelta-gredzens-ar-dimantiem-dimanta-mirdzums-052-ct-f-si2\/#primaryimage\"},\"image\":{\"@id\":\"https:\/\/fashiongold.lt\/lv\/papuosalas\/balta-zelta-gredzens-ar-dimantiem-dimanta-mirdzums-052-ct-f-si2\/#primaryimage\"},\"thumbnailUrl\":\"https:\/\/fashiongold.lt\/wp-content\/uploads\/2025\/10\/7162-e67-Balto-aukso-ziedas-su-deimantais-Diamantinis-svytejimas-052-ct.png\",\"datePublished\":\"2025-10-10T01:45:17+00:00\",\"dateModified\":\"2026-02-19T07:21:19+00:00\",\"description\":\"Kron\u012btim galvenais dimants 0,40 ct, tam apk\u0101rt mazi dimanti, kas vizu\u0101li izce\u013c galveno dimantu. Piem\u0113rots saderin\u0101\u0161an\u0101s un \u012bpa\u0161iem gad\u012bjumiem.\",\"breadcrumb\":{\"@id\":\"https:\/\/fashiongold.lt\/lv\/papuosalas\/balta-zelta-gredzens-ar-dimantiem-dimanta-mirdzums-052-ct-f-si2\/#breadcrumb\"},\"inLanguage\":\"lv-LV\",\"potentialAction\":[{\"@type\":\"ReadAction\",\"target\":[\"https:\/\/fashiongold.lt\/lv\/papuosalas\/balta-zelta-gredzens-ar-dimantiem-dimanta-mirdzums-052-ct-f-si2\/\"]}]},{\"@type\":\"ImageObject\",\"inLanguage\":\"lv-LV\",\"@id\":\"https:\/\/fashiongold.lt\/lv\/papuosalas\/balta-zelta-gredzens-ar-dimantiem-dimanta-mirdzums-052-ct-f-si2\/#primaryimage\",\"url\":\"https:\/\/fashiongold.lt\/wp-content\/uploads\/2025\/10\/7162-e67-Balto-aukso-ziedas-su-deimantais-Diamantinis-svytejimas-052-ct.png\",\"contentUrl\":\"https:\/\/fashiongold.lt\/wp-content\/uploads\/2025\/10\/7162-e67-Balto-aukso-ziedas-su-deimantais-Diamantinis-svytejimas-052-ct.png\",\"width\":1000,\"height\":1000},{\"@type\":\"BreadcrumbList\",\"@id\":\"https:\/\/fashiongold.lt\/lv\/papuosalas\/balta-zelta-gredzens-ar-dimantiem-dimanta-mirdzums-052-ct-f-si2\/#breadcrumb\",\"itemListElement\":[{\"@type\":\"ListItem\",\"position\":1,\"name\":\"Home\",\"item\":\"https:\/\/fashiongold.lt\/lv\/\"},{\"@type\":\"ListItem\",\"position\":2,\"name\":\"Dimantu veikals Fashiongold.lt\",\"item\":\"https:\/\/fashiongold.lt\/shop-2\/\"},{\"@type\":\"ListItem\",\"position\":3,\"name\":\"Balta zelta gredzens ar dimantiem \u2013 Dimanta mirdzums (0,52 ct F\/SI2)\"}]},{\"@type\":\"WebSite\",\"@id\":\"https:\/\/fashiongold.lt\/lv\/#website\",\"url\":\"https:\/\/fashiongold.lt\/lv\/\",\"name\":\"Fashion Gold\",\"description\":\"Juvelyrikos namai\",\"publisher\":{\"@id\":\"https:\/\/fashiongold.lt\/lv\/#organization\"},\"potentialAction\":[{\"@type\":\"SearchAction\",\"target\":{\"@type\":\"EntryPoint\",\"urlTemplate\":\"https:\/\/fashiongold.lt\/lv\/?s={search_term_string}\"},\"query-input\":{\"@type\":\"PropertyValueSpecification\",\"valueRequired\":true,\"valueName\":\"search_term_string\"}}],\"inLanguage\":\"lv-LV\"},{\"@type\":\"Organization\",\"@id\":\"https:\/\/fashiongold.lt\/lv\/#organization\",\"name\":\"Topdiamonds Online\",\"url\":\"https:\/\/fashiongold.lt\/lv\/\",\"logo\":{\"@type\":\"ImageObject\",\"inLanguage\":\"lv-LV\",\"@id\":\"https:\/\/fashiongold.lt\/lv\/#\/schema\/logo\/image\/\",\"url\":\"https:\/\/fashiongold.lt\/wp-content\/uploads\/2025\/04\/cropped-fashion_gold_logotipas2-scaled-1.png\",\"contentUrl\":\"https:\/\/fashiongold.lt\/wp-content\/uploads\/2025\/04\/cropped-fashion_gold_logotipas2-scaled-1.png\",\"width\":2559,\"height\":421,\"caption\":\"Topdiamonds Online\"},\"image\":{\"@id\":\"https:\/\/fashiongold.lt\/lv\/#\/schema\/logo\/image\/\"}}]}<\/script>\n<!-- \/ Yoast SEO plugin. -->","yoast_head_json":{"title":"Balt\u0101 zelta gredzens ar dimantiem - Dimanta mirdzums (0,52 ct)","description":"Kron\u012btim galvenais dimants 0,40 ct, tam apk\u0101rt mazi dimanti, kas vizu\u0101li izce\u013c galveno dimantu. Piem\u0113rots saderin\u0101\u0161an\u0101s un \u012bpa\u0161iem gad\u012bjumiem.","robots":{"index":"index","follow":"follow","max-snippet":"max-snippet:-1","max-image-preview":"max-image-preview:large","max-video-preview":"max-video-preview:-1"},"canonical":"https:\/\/fashiongold.lt\/lv\/papuosalas\/balta-zelta-gredzens-ar-dimantiem-dimanta-mirdzums-052-ct-f-si2\/","og_locale":"lv_LV","og_type":"article","og_title":"Balt\u0101 zelta gredzens ar dimantiem - Dimanta mirdzums (0,52 ct)","og_description":"Kron\u012btim galvenais dimants 0,40 ct, tam apk\u0101rt mazi dimanti, kas vizu\u0101li izce\u013c galveno dimantu. Piem\u0113rots saderin\u0101\u0161an\u0101s un \u012bpa\u0161iem gad\u012bjumiem.","og_url":"https:\/\/fashiongold.lt\/lv\/papuosalas\/balta-zelta-gredzens-ar-dimantiem-dimanta-mirdzums-052-ct-f-si2\/","og_site_name":"FashionGold.lt","article_modified_time":"2026-02-19T07:21:19+00:00","og_image":[{"width":1000,"height":1000,"url":"https:\/\/fashiongold.lt\/wp-content\/uploads\/2025\/10\/7162-e67-Balto-aukso-ziedas-su-deimantais-Diamantinis-svytejimas-052-ct.webp","type":"image\/png"}],"twitter_card":"summary_large_image","schema":{"@context":"https:\/\/schema.org","@graph":[{"@type":"WebPage","@id":"https:\/\/fashiongold.lt\/lv\/papuosalas\/balta-zelta-gredzens-ar-dimantiem-dimanta-mirdzums-052-ct-f-si2\/","url":"https:\/\/fashiongold.lt\/lv\/papuosalas\/balta-zelta-gredzens-ar-dimantiem-dimanta-mirdzums-052-ct-f-si2\/","name":"Balt\u0101 zelta gredzens ar dimantiem - Dimanta mirdzums (0,52 ct)","isPartOf":{"@id":"https:\/\/fashiongold.lt\/lv\/#website"},"primaryImageOfPage":{"@id":"https:\/\/fashiongold.lt\/lv\/papuosalas\/balta-zelta-gredzens-ar-dimantiem-dimanta-mirdzums-052-ct-f-si2\/#primaryimage"},"image":{"@id":"https:\/\/fashiongold.lt\/lv\/papuosalas\/balta-zelta-gredzens-ar-dimantiem-dimanta-mirdzums-052-ct-f-si2\/#primaryimage"},"thumbnailUrl":"https:\/\/fashiongold.lt\/wp-content\/uploads\/2025\/10\/7162-e67-Balto-aukso-ziedas-su-deimantais-Diamantinis-svytejimas-052-ct.png","datePublished":"2025-10-10T01:45:17+00:00","dateModified":"2026-02-19T07:21:19+00:00","description":"Kron\u012btim galvenais dimants 0,40 ct, tam apk\u0101rt mazi dimanti, kas vizu\u0101li izce\u013c galveno dimantu. Piem\u0113rots saderin\u0101\u0161an\u0101s un \u012bpa\u0161iem gad\u012bjumiem.","breadcrumb":{"@id":"https:\/\/fashiongold.lt\/lv\/papuosalas\/balta-zelta-gredzens-ar-dimantiem-dimanta-mirdzums-052-ct-f-si2\/#breadcrumb"},"inLanguage":"lv-LV","potentialAction":[{"@type":"ReadAction","target":["https:\/\/fashiongold.lt\/lv\/papuosalas\/balta-zelta-gredzens-ar-dimantiem-dimanta-mirdzums-052-ct-f-si2\/"]}]},{"@type":"ImageObject","inLanguage":"lv-LV","@id":"https:\/\/fashiongold.lt\/lv\/papuosalas\/balta-zelta-gredzens-ar-dimantiem-dimanta-mirdzums-052-ct-f-si2\/#primaryimage","url":"https:\/\/fashiongold.lt\/wp-content\/uploads\/2025\/10\/7162-e67-Balto-aukso-ziedas-su-deimantais-Diamantinis-svytejimas-052-ct.png","contentUrl":"https:\/\/fashiongold.lt\/wp-content\/uploads\/2025\/10\/7162-e67-Balto-aukso-ziedas-su-deimantais-Diamantinis-svytejimas-052-ct.png","width":1000,"height":1000},{"@type":"BreadcrumbList","@id":"https:\/\/fashiongold.lt\/lv\/papuosalas\/balta-zelta-gredzens-ar-dimantiem-dimanta-mirdzums-052-ct-f-si2\/#breadcrumb","itemListElement":[{"@type":"ListItem","position":1,"name":"Home","item":"https:\/\/fashiongold.lt\/lv\/"},{"@type":"ListItem","position":2,"name":"Dimantu veikals Fashiongold.lt","item":"https:\/\/fashiongold.lt\/shop-2\/"},{"@type":"ListItem","position":3,"name":"Balta zelta gredzens ar dimantiem \u2013 Dimanta mirdzums (0,52 ct F\/SI2)"}]},{"@type":"WebSite","@id":"https:\/\/fashiongold.lt\/lv\/#website","url":"https:\/\/fashiongold.lt\/lv\/","name":"Fashion Gold","description":"Juvelyrikos namai","publisher":{"@id":"https:\/\/fashiongold.lt\/lv\/#organization"},"potentialAction":[{"@type":"SearchAction","target":{"@type":"EntryPoint","urlTemplate":"https:\/\/fashiongold.lt\/lv\/?s={search_term_string}"},"query-input":{"@type":"PropertyValueSpecification","valueRequired":true,"valueName":"search_term_string"}}],"inLanguage":"lv-LV"},{"@type":"Organization","@id":"https:\/\/fashiongold.lt\/lv\/#organization","name":"Topdiamonds Online","url":"https:\/\/fashiongold.lt\/lv\/","logo":{"@type":"ImageObject","inLanguage":"lv-LV","@id":"https:\/\/fashiongold.lt\/lv\/#\/schema\/logo\/image\/","url":"https:\/\/fashiongold.lt\/wp-content\/uploads\/2025\/04\/cropped-fashion_gold_logotipas2-scaled-1.png","contentUrl":"https:\/\/fashiongold.lt\/wp-content\/uploads\/2025\/04\/cropped-fashion_gold_logotipas2-scaled-1.png","width":2559,"height":421,"caption":"Topdiamonds Online"},"image":{"@id":"https:\/\/fashiongold.lt\/lv\/#\/schema\/logo\/image\/"}}]}},"_links":{"self":[{"href":"https:\/\/fashiongold.lt\/lv\/wp-json\/wp\/v2\/product\/291842","targetHints":{"allow":["GET"]}}],"collection":[{"href":"https:\/\/fashiongold.lt\/lv\/wp-json\/wp\/v2\/product"}],"about":[{"href":"https:\/\/fashiongold.lt\/lv\/wp-json\/wp\/v2\/types\/product"}],"version-history":[{"count":0,"href":"https:\/\/fashiongold.lt\/lv\/wp-json\/wp\/v2\/product\/291842\/revisions"}],"wp:featuredmedia":[{"embeddable":true,"href":"https:\/\/fashiongold.lt\/lv\/wp-json\/wp\/v2\/media\/87706"}],"wp:attachment":[{"href":"https:\/\/fashiongold.lt\/lv\/wp-json\/wp\/v2\/media?parent=291842"}],"wp:term":[{"taxonomy":"product_brand","embeddable":true,"href":"https:\/\/fashiongold.lt\/lv\/wp-json\/wp\/v2\/product_brand?post=291842"},{"taxonomy":"product_cat","embeddable":true,"href":"https:\/\/fashiongold.lt\/lv\/wp-json\/wp\/v2\/product_cat?post=291842"},{"taxonomy":"product_tag","embeddable":true,"href":"https:\/\/fashiongold.lt\/lv\/wp-json\/wp\/v2\/product_tag?post=291842"}],"curies":[{"name":"wp","href":"https:\/\/api.w.org\/{rel}","templated":true}]}}