{"id":291958,"date":"2025-10-10T01:25:18","date_gmt":"2025-10-10T01:25:18","guid":{"rendered":"https:\/\/fashiongold.lt\/papuosalas\/klasisks-balta-zelta-gredzens-ar-dimantu-dimanta-elegance-070-ct-e-si2\/"},"modified":"2025-10-10T01:25:18","modified_gmt":"2025-10-10T01:25:18","slug":"klasisks-balta-zelta-gredzens-ar-dimantu-dimanta-elegance-070-ct-e-si2","status":"publish","type":"product","link":"https:\/\/fashiongold.lt\/lv\/rotaslieta\/klasisks-balta-zelta-gredzens-ar-dimantu-dimanta-elegance-070-ct-e-si2\/","title":{"rendered":"Klasisks balt\u0101 zelta gredzens ar dimantu \u2013 Dimanta elegance (0,70 ct E\/SI2)"},"content":{"rendered":"<p>Ra\u017eots Lietuv\u0101. Gredzens var tikt izgatavots p\u0113c pas\u016bt\u012bjuma: no sarkan\u0101, dzelten\u0101 un balt\u0101 zelta.<\/p>\n<p>\u2022 Dimanta tips: Dab\u012bgs dimants<\/p>\n<p>\u2022 Dimanta forma: Apa\u013ca forma (Round cut)<\/p>\n<p>\u2022 Dimanta raksturojums: 0,70 ct, kr\u0101sa E (EW); dzidrums SI2, apstr\u0101de Ex-Vg-VG<\/p>\n<p>\u2022 Sertifik\u0101ts: Lietuvas Prove\u0161anas pal\u0101ta (LPR) un papildus IGI<\/p>\n<p>\u2022 Gredzena zelts: 14K (585. raudze)<\/p>\n<p>\u2022 Gredzena kr\u0101sa: baltais zelts<\/p>\n<p>\u2022 Gredzena svars: aptuveni 3,30-3,80 g<\/p>\n<p>\u2022 Gredzena izm\u0113ri: st\u012bpi\u0146as izm\u0113rs &#8211; mm, kro\u0146a izm\u0113rs &#8211; mm.<\/p>\n","protected":false},"excerpt":{"rendered":"<p>Balt\u0101 zelta gredzens ar vienu 0,70 ct dimantu. Dimanta mirdzums iemieso izsmalcin\u0101tu eleganci. Se\u0161u kapi\u0146u kron\u012btis, kur\u0101 iestiprin\u0101ts dimants, padara to \u012bpa\u0161u. \u0160is klasiskais gredzena dizains ir ide\u0101li piem\u0113rots saderin\u0101\u0161anai un \u012bpa\u0161iem gad\u012bjumiem.<\/p>\n","protected":false},"featured_media":0,"template":"","meta":{"site-sidebar-layout":"","site-content-layout":"","ast-site-content-layout":"","site-content-style":"","site-sidebar-style":"","ast-global-header-display":"","ast-banner-title-visibility":"","ast-main-header-display":"","ast-hfb-above-header-display":"","ast-hfb-below-header-display":"","ast-hfb-mobile-header-display":"","site-post-title":"","ast-breadcrumbs-content":"","ast-featured-img":"","footer-sml-layout":"","ast-disable-related-posts":"","theme-transparent-header-meta":"","adv-header-id-meta":"","stick-header-meta":"","header-above-stick-meta":"","header-main-stick-meta":"","header-below-stick-meta":"","astra-migrate-meta-layouts":"default","ast-page-background-enabled":"default","ast-page-background-meta":{"desktop":{"background-color":"var(--ast-global-color-4)","background-image":"","background-repeat":"repeat","background-position":"center center","background-size":"auto","background-attachment":"scroll","background-type":"","background-media":"","overlay-type":"","overlay-color":"","overlay-opacity":"","overlay-gradient":""},"tablet":{"background-color":"","background-image":"","background-repeat":"repeat","background-position":"center center","background-size":"auto","background-attachment":"scroll","background-type":"","background-media":"","overlay-type":"","overlay-color":"","overlay-opacity":"","overlay-gradient":""},"mobile":{"background-color":"","background-image":"","background-repeat":"repeat","background-position":"center center","background-size":"auto","background-attachment":"scroll","background-type":"","background-media":"","overlay-type":"","overlay-color":"","overlay-opacity":"","overlay-gradient":""}},"ast-content-background-meta":{"desktop":{"background-color":"var(--ast-global-color-5)","background-image":"","background-repeat":"repeat","background-position":"center center","background-size":"auto","background-attachment":"scroll","background-type":"","background-media":"","overlay-type":"","overlay-color":"","overlay-opacity":"","overlay-gradient":""},"tablet":{"background-color":"var(--ast-global-color-5)","background-image":"","background-repeat":"repeat","background-position":"center center","background-size":"auto","background-attachment":"scroll","background-type":"","background-media":"","overlay-type":"","overlay-color":"","overlay-opacity":"","overlay-gradient":""},"mobile":{"background-color":"var(--ast-global-color-5)","background-image":"","background-repeat":"repeat","background-position":"center center","background-size":"auto","background-attachment":"scroll","background-type":"","background-media":"","overlay-type":"","overlay-color":"","overlay-opacity":"","overlay-gradient":""}}},"product_brand":[],"product_cat":[3441,2919,2915,2913,2921,2920,3403,2916,2914,3453,3042,3446,2922,3439,3447,2936,2918],"product_tag":[],"class_list":{"0":"post-291958","1":"product","2":"type-product","3":"status-publish","5":"product_cat-balta-zelta-saderinasanas-gredzeni","6":"product_cat-baltzelta-rotaslietas","7":"product_cat-davanas-berna-piedzimsanai","8":"product_cat-davanas-dzimsanas-diena","9":"product_cat-davanas-ipasiem-gadijumiem","10":"product_cat-davanas-izlaidumam","11":"product_cat-davanas-kazam","12":"product_cat-davanas-kazu-gadadiena","13":"product_cat-davanas-sievietem","14":"product_cat-gredzeni-ar-dimantiem","15":"product_cat-juvelierizstradajumi","16":"product_cat-klasiskie-saderinasanas-gredzeni","17":"product_cat-mates-dienas-davanas","18":"product_cat-saderinasanas-gredzeni","19":"product_cat-top-saderinasanas-gredzeni","20":"product_cat-valentindienas-davanas","21":"product_cat-ziemassvetku-davanas","22":"desktop-align-center","23":"tablet-align-left","24":"mobile-align-left","25":"ast-product-gallery-layout-horizontal-slider","26":"ast-product-gallery-with-no-image","27":"ast-product-single-variable","28":"ast-product-tabs-layout-accordion","29":"ast-qv-on-image","31":"first","32":"instock","33":"taxable","34":"shipping-taxable","35":"purchasable","36":"product-type-variable"},"yoast_head":"<!-- This site is optimized with the Yoast SEO plugin v26.6 - https:\/\/yoast.com\/wordpress\/plugins\/seo\/ -->\n<title>Dimanta elegance - balt\u0101 zelta gredzens ar 0,70 ct dimantu<\/title>\n<meta name=\"description\" content=\"Se\u0161u krapi\u0146u kron\u012btis, kur\u0101 iestiprin\u0101ts 0,70 ct dimants, padara to \u012bpa\u0161u. Klasiskais gredzena dizains ir ide\u0101li piem\u0113rots saderin\u0101\u0161anai un \u012bpa\u0161iem gad\u012bjumiem.\" \/>\n<meta name=\"robots\" content=\"index, follow, max-snippet:-1, max-image-preview:large, max-video-preview:-1\" \/>\n<link rel=\"canonical\" href=\"https:\/\/fashiongold.lt\/lv\/rotaslieta\/klasisks-balta-zelta-gredzens-ar-dimantu-dimanta-elegance-070-ct-e-si2\/\" \/>\n<meta property=\"og:locale\" content=\"lv_LV\" \/>\n<meta property=\"og:type\" content=\"article\" \/>\n<meta property=\"og:title\" content=\"Dimanta elegance - balt\u0101 zelta gredzens ar 0,70 ct dimantu\" \/>\n<meta property=\"og:description\" content=\"Se\u0161u krapi\u0146u kron\u012btis, kur\u0101 iestiprin\u0101ts 0,70 ct dimants, padara to \u012bpa\u0161u. Klasiskais gredzena dizains ir ide\u0101li piem\u0113rots saderin\u0101\u0161anai un \u012bpa\u0161iem gad\u012bjumiem.\" \/>\n<meta property=\"og:url\" content=\"https:\/\/fashiongold.lt\/lv\/rotaslieta\/klasisks-balta-zelta-gredzens-ar-dimantu-dimanta-elegance-070-ct-e-si2\/\" \/>\n<meta property=\"og:site_name\" content=\"FashionGold.lt\" \/>\n<meta name=\"twitter:card\" content=\"summary_large_image\" \/>\n<script type=\"application\/ld+json\" class=\"yoast-schema-graph\">{\"@context\":\"https:\/\/schema.org\",\"@graph\":[{\"@type\":\"WebPage\",\"@id\":\"https:\/\/fashiongold.lt\/lv\/rotaslieta\/klasisks-balta-zelta-gredzens-ar-dimantu-dimanta-elegance-070-ct-e-si2\/\",\"url\":\"https:\/\/fashiongold.lt\/lv\/rotaslieta\/klasisks-balta-zelta-gredzens-ar-dimantu-dimanta-elegance-070-ct-e-si2\/\",\"name\":\"Dimanta elegance - balt\u0101 zelta gredzens ar 0,70 ct dimantu\",\"isPartOf\":{\"@id\":\"https:\/\/fashiongold.lt\/lv\/#website\"},\"datePublished\":\"2025-10-10T01:25:18+00:00\",\"description\":\"Se\u0161u krapi\u0146u kron\u012btis, kur\u0101 iestiprin\u0101ts 0,70 ct dimants, padara to \u012bpa\u0161u. Klasiskais gredzena dizains ir ide\u0101li piem\u0113rots saderin\u0101\u0161anai un \u012bpa\u0161iem gad\u012bjumiem.\",\"breadcrumb\":{\"@id\":\"https:\/\/fashiongold.lt\/lv\/rotaslieta\/klasisks-balta-zelta-gredzens-ar-dimantu-dimanta-elegance-070-ct-e-si2\/#breadcrumb\"},\"inLanguage\":\"lv-LV\",\"potentialAction\":[{\"@type\":\"ReadAction\",\"target\":[\"https:\/\/fashiongold.lt\/lv\/rotaslieta\/klasisks-balta-zelta-gredzens-ar-dimantu-dimanta-elegance-070-ct-e-si2\/\"]}]},{\"@type\":\"BreadcrumbList\",\"@id\":\"https:\/\/fashiongold.lt\/lv\/rotaslieta\/klasisks-balta-zelta-gredzens-ar-dimantu-dimanta-elegance-070-ct-e-si2\/#breadcrumb\",\"itemListElement\":[{\"@type\":\"ListItem\",\"position\":1,\"name\":\"Home\",\"item\":\"https:\/\/fashiongold.lt\/lv\/\"},{\"@type\":\"ListItem\",\"position\":2,\"name\":\"Dimantu veikals Fashiongold.lt\",\"item\":\"https:\/\/fashiongold.lt\/shop-2\/\"},{\"@type\":\"ListItem\",\"position\":3,\"name\":\"Klasisks balt\u0101 zelta gredzens ar dimantu \u2013 Dimanta elegance (0,70 ct E\/SI2)\"}]},{\"@type\":\"WebSite\",\"@id\":\"https:\/\/fashiongold.lt\/lv\/#website\",\"url\":\"https:\/\/fashiongold.lt\/lv\/\",\"name\":\"Fashion Gold\",\"description\":\"Juvelierizstr\u0101d\u0101jumu nams\",\"publisher\":{\"@id\":\"https:\/\/fashiongold.lt\/lv\/#organization\"},\"potentialAction\":[{\"@type\":\"SearchAction\",\"target\":{\"@type\":\"EntryPoint\",\"urlTemplate\":\"https:\/\/fashiongold.lt\/lv\/?s={search_term_string}\"},\"query-input\":{\"@type\":\"PropertyValueSpecification\",\"valueRequired\":true,\"valueName\":\"search_term_string\"}}],\"inLanguage\":\"lv-LV\"},{\"@type\":\"Organization\",\"@id\":\"https:\/\/fashiongold.lt\/lv\/#organization\",\"name\":\"Topdiamonds Online\",\"url\":\"https:\/\/fashiongold.lt\/lv\/\",\"logo\":{\"@type\":\"ImageObject\",\"inLanguage\":\"lv-LV\",\"@id\":\"https:\/\/fashiongold.lt\/lv\/#\/schema\/logo\/image\/\",\"url\":\"https:\/\/fashiongold.lt\/wp-content\/uploads\/2025\/04\/cropped-fashion_gold_logotipas2-scaled-1.png\",\"contentUrl\":\"https:\/\/fashiongold.lt\/wp-content\/uploads\/2025\/04\/cropped-fashion_gold_logotipas2-scaled-1.png\",\"width\":2559,\"height\":421,\"caption\":\"Topdiamonds Online\"},\"image\":{\"@id\":\"https:\/\/fashiongold.lt\/lv\/#\/schema\/logo\/image\/\"}}]}<\/script>\n<!-- \/ Yoast SEO plugin. -->","yoast_head_json":{"title":"Dimanta elegance - balt\u0101 zelta gredzens ar 0,70 ct dimantu","description":"Se\u0161u krapi\u0146u kron\u012btis, kur\u0101 iestiprin\u0101ts 0,70 ct dimants, padara to \u012bpa\u0161u. Klasiskais gredzena dizains ir ide\u0101li piem\u0113rots saderin\u0101\u0161anai un \u012bpa\u0161iem gad\u012bjumiem.","robots":{"index":"index","follow":"follow","max-snippet":"max-snippet:-1","max-image-preview":"max-image-preview:large","max-video-preview":"max-video-preview:-1"},"canonical":"https:\/\/fashiongold.lt\/lv\/rotaslieta\/klasisks-balta-zelta-gredzens-ar-dimantu-dimanta-elegance-070-ct-e-si2\/","og_locale":"lv_LV","og_type":"article","og_title":"Dimanta elegance - balt\u0101 zelta gredzens ar 0,70 ct dimantu","og_description":"Se\u0161u krapi\u0146u kron\u012btis, kur\u0101 iestiprin\u0101ts 0,70 ct dimants, padara to \u012bpa\u0161u. Klasiskais gredzena dizains ir ide\u0101li piem\u0113rots saderin\u0101\u0161anai un \u012bpa\u0161iem gad\u012bjumiem.","og_url":"https:\/\/fashiongold.lt\/lv\/rotaslieta\/klasisks-balta-zelta-gredzens-ar-dimantu-dimanta-elegance-070-ct-e-si2\/","og_site_name":"FashionGold.lt","twitter_card":"summary_large_image","schema":{"@context":"https:\/\/schema.org","@graph":[{"@type":"WebPage","@id":"https:\/\/fashiongold.lt\/lv\/rotaslieta\/klasisks-balta-zelta-gredzens-ar-dimantu-dimanta-elegance-070-ct-e-si2\/","url":"https:\/\/fashiongold.lt\/lv\/rotaslieta\/klasisks-balta-zelta-gredzens-ar-dimantu-dimanta-elegance-070-ct-e-si2\/","name":"Dimanta elegance - balt\u0101 zelta gredzens ar 0,70 ct dimantu","isPartOf":{"@id":"https:\/\/fashiongold.lt\/lv\/#website"},"datePublished":"2025-10-10T01:25:18+00:00","description":"Se\u0161u krapi\u0146u kron\u012btis, kur\u0101 iestiprin\u0101ts 0,70 ct dimants, padara to \u012bpa\u0161u. Klasiskais gredzena dizains ir ide\u0101li piem\u0113rots saderin\u0101\u0161anai un \u012bpa\u0161iem gad\u012bjumiem.","breadcrumb":{"@id":"https:\/\/fashiongold.lt\/lv\/rotaslieta\/klasisks-balta-zelta-gredzens-ar-dimantu-dimanta-elegance-070-ct-e-si2\/#breadcrumb"},"inLanguage":"lv-LV","potentialAction":[{"@type":"ReadAction","target":["https:\/\/fashiongold.lt\/lv\/rotaslieta\/klasisks-balta-zelta-gredzens-ar-dimantu-dimanta-elegance-070-ct-e-si2\/"]}]},{"@type":"BreadcrumbList","@id":"https:\/\/fashiongold.lt\/lv\/rotaslieta\/klasisks-balta-zelta-gredzens-ar-dimantu-dimanta-elegance-070-ct-e-si2\/#breadcrumb","itemListElement":[{"@type":"ListItem","position":1,"name":"Home","item":"https:\/\/fashiongold.lt\/lv\/"},{"@type":"ListItem","position":2,"name":"Dimantu veikals Fashiongold.lt","item":"https:\/\/fashiongold.lt\/shop-2\/"},{"@type":"ListItem","position":3,"name":"Klasisks balt\u0101 zelta gredzens ar dimantu \u2013 Dimanta elegance (0,70 ct E\/SI2)"}]},{"@type":"WebSite","@id":"https:\/\/fashiongold.lt\/lv\/#website","url":"https:\/\/fashiongold.lt\/lv\/","name":"Fashion Gold","description":"Juvelierizstr\u0101d\u0101jumu nams","publisher":{"@id":"https:\/\/fashiongold.lt\/lv\/#organization"},"potentialAction":[{"@type":"SearchAction","target":{"@type":"EntryPoint","urlTemplate":"https:\/\/fashiongold.lt\/lv\/?s={search_term_string}"},"query-input":{"@type":"PropertyValueSpecification","valueRequired":true,"valueName":"search_term_string"}}],"inLanguage":"lv-LV"},{"@type":"Organization","@id":"https:\/\/fashiongold.lt\/lv\/#organization","name":"Topdiamonds Online","url":"https:\/\/fashiongold.lt\/lv\/","logo":{"@type":"ImageObject","inLanguage":"lv-LV","@id":"https:\/\/fashiongold.lt\/lv\/#\/schema\/logo\/image\/","url":"https:\/\/fashiongold.lt\/wp-content\/uploads\/2025\/04\/cropped-fashion_gold_logotipas2-scaled-1.png","contentUrl":"https:\/\/fashiongold.lt\/wp-content\/uploads\/2025\/04\/cropped-fashion_gold_logotipas2-scaled-1.png","width":2559,"height":421,"caption":"Topdiamonds Online"},"image":{"@id":"https:\/\/fashiongold.lt\/lv\/#\/schema\/logo\/image\/"}}]}},"_links":{"self":[{"href":"https:\/\/fashiongold.lt\/lv\/wp-json\/wp\/v2\/product\/291958","targetHints":{"allow":["GET"]}}],"collection":[{"href":"https:\/\/fashiongold.lt\/lv\/wp-json\/wp\/v2\/product"}],"about":[{"href":"https:\/\/fashiongold.lt\/lv\/wp-json\/wp\/v2\/types\/product"}],"version-history":[{"count":0,"href":"https:\/\/fashiongold.lt\/lv\/wp-json\/wp\/v2\/product\/291958\/revisions"}],"wp:attachment":[{"href":"https:\/\/fashiongold.lt\/lv\/wp-json\/wp\/v2\/media?parent=291958"}],"wp:term":[{"taxonomy":"product_brand","embeddable":true,"href":"https:\/\/fashiongold.lt\/lv\/wp-json\/wp\/v2\/product_brand?post=291958"},{"taxonomy":"product_cat","embeddable":true,"href":"https:\/\/fashiongold.lt\/lv\/wp-json\/wp\/v2\/product_cat?post=291958"},{"taxonomy":"product_tag","embeddable":true,"href":"https:\/\/fashiongold.lt\/lv\/wp-json\/wp\/v2\/product_tag?post=291958"}],"curies":[{"name":"wp","href":"https:\/\/api.w.org\/{rel}","templated":true}]}}