{"id":291963,"date":"2025-10-10T01:23:30","date_gmt":"2025-10-10T01:23:30","guid":{"rendered":"https:\/\/fashiongold.lt\/papuosalas\/dzeltena-zelta-dimantu-gredzens-dimantu-cels-168-ct\/"},"modified":"2025-10-10T01:23:30","modified_gmt":"2025-10-10T01:23:30","slug":"dzeltena-zelta-dimantu-gredzens-dimantu-cels-168-ct","status":"publish","type":"product","link":"https:\/\/fashiongold.lt\/lv\/papuosalas\/dzeltena-zelta-dimantu-gredzens-dimantu-cels-168-ct\/","title":{"rendered":"Dzelten\u0101 zelta dimantu gredzens \u2013 Dimantu ce\u013c\u0161 (1,68 ct)"},"content":{"rendered":"<p>Ra\u017eots Lietuv\u0101. Gredzens var tikt izgatavots p\u0113c pas\u016bt\u012bjuma: no sarkan\u0101, dzelten\u0101 un balt\u0101 zelta.<\/p>\n<p>\u2022 Dimanta tips: Dab\u012bgs dimants<\/p>\n<p>\u2022 Dimanta forma: Apa\u013ca forma (Round cut)<\/p>\n<p>\u2022 Dimanta raksturojums: 1,68 ct, kr\u0101sa H-I(W-STW); dzidrums SI<\/p>\n<p>\u2022 Sertifik\u0101ts: Lietuvas Prove\u0161anas pal\u0101ta (LPR)\u00a0<\/p>\n<p>\u2022 Gredzena zelts: 14K (585. prove)\u00a0<\/p>\n<p>\u2022 Gredzena kr\u0101sa: dzeltenais zelts\u00a0 \u00a0<\/p>\n<p>\u2022 Gredzena svars: aptuveni 3,25-3,65 g\u00a0<\/p>\n<p>\u2022 Gredzena izm\u0113ri: platums 2,70 mm\u00a0<\/p>\n","protected":false},"excerpt":{"rendered":"<p>Dzelten\u0101 zelta dimantu josli\u0146a, kas izrot\u0101ta ar grezniem dimantiem, veidojot mirdzo\u0161u un zaigojo\u0161u l\u012bniju uz j\u016bsu pirksta. \u0160is dimantu gredzens ir lieliska izv\u0113le valk\u0101\u0161anai kop\u0101 ar citiem gredzeniem, vai t\u0101s b\u016btu saderin\u0101\u0161an\u0101s, k\u0101zas vai citi \u012bpa\u0161i mirk\u013ci. T\u0101 elegantais dizains \u013cauj to n\u0113s\u0101t ikdien\u0101, un tas ir ide\u0101ls papildin\u0101jums \u012bpa\u0161iem gad\u012bjumiem.<\/p>\n","protected":false},"featured_media":0,"template":"","meta":{"site-sidebar-layout":"","site-content-layout":"","ast-site-content-layout":"","site-content-style":"","site-sidebar-style":"","ast-global-header-display":"","ast-banner-title-visibility":"","ast-main-header-display":"","ast-hfb-above-header-display":"","ast-hfb-below-header-display":"","ast-hfb-mobile-header-display":"","site-post-title":"","ast-breadcrumbs-content":"","ast-featured-img":"","footer-sml-layout":"","ast-disable-related-posts":"","theme-transparent-header-meta":"","adv-header-id-meta":"","stick-header-meta":"","header-above-stick-meta":"","header-main-stick-meta":"","header-below-stick-meta":"","astra-migrate-meta-layouts":"default","ast-page-background-enabled":"default","ast-page-background-meta":{"desktop":{"background-color":"var(--ast-global-color-4)","background-image":"","background-repeat":"repeat","background-position":"center center","background-size":"auto","background-attachment":"scroll","background-type":"","background-media":"","overlay-type":"","overlay-color":"","overlay-opacity":"","overlay-gradient":""},"tablet":{"background-color":"","background-image":"","background-repeat":"repeat","background-position":"center center","background-size":"auto","background-attachment":"scroll","background-type":"","background-media":"","overlay-type":"","overlay-color":"","overlay-opacity":"","overlay-gradient":""},"mobile":{"background-color":"","background-image":"","background-repeat":"repeat","background-position":"center center","background-size":"auto","background-attachment":"scroll","background-type":"","background-media":"","overlay-type":"","overlay-color":"","overlay-opacity":"","overlay-gradient":""}},"ast-content-background-meta":{"desktop":{"background-color":"var(--ast-global-color-5)","background-image":"","background-repeat":"repeat","background-position":"center center","background-size":"auto","background-attachment":"scroll","background-type":"","background-media":"","overlay-type":"","overlay-color":"","overlay-opacity":"","overlay-gradient":""},"tablet":{"background-color":"var(--ast-global-color-5)","background-image":"","background-repeat":"repeat","background-position":"center center","background-size":"auto","background-attachment":"scroll","background-type":"","background-media":"","overlay-type":"","overlay-color":"","overlay-opacity":"","overlay-gradient":""},"mobile":{"background-color":"var(--ast-global-color-5)","background-image":"","background-repeat":"repeat","background-position":"center center","background-size":"auto","background-attachment":"scroll","background-type":"","background-media":"","overlay-type":"","overlay-color":"","overlay-opacity":"","overlay-gradient":""}}},"product_brand":[],"product_cat":[2915,2913,2921,2920,3403,2916,2914,2917,2925,3721,2926,2928,2923,3839,3453,3042,3524,3523,3526,2922,3616,2936,2918],"product_tag":[],"class_list":{"0":"post-291963","1":"product","2":"type-product","3":"status-publish","5":"product_cat-davanas-berna-piedzimsanai","6":"product_cat-davanas-dzimsanas-diena","7":"product_cat-davanas-ipasiem-gadijumiem","8":"product_cat-davanas-izlaidumam","9":"product_cat-davanas-kazam","10":"product_cat-davanas-kazu-gadadiena","11":"product_cat-davanas-sievietem","12":"product_cat-davanas-viriesiem","13":"product_cat-dimanta-lentinas","14":"product_cat-dimanta-stipina-ar-briljantiem","15":"product_cat-dimanta-stipinas-lidz-pusei","16":"product_cat-dzeltena-zelta-dimantu-joslinas","17":"product_cat-dzeltena-zelta-juvelierizstradajumi","18":"product_cat-dzeltena-zelta-laulibu-gredzeni","19":"product_cat-gredzeni-ar-dimantiem","20":"product_cat-juvelierizstradajumi","21":"product_cat-kazu-gredzeni","22":"product_cat-klasiskie-laulibu-gredzeni","23":"product_cat-laulibu-gredzeni-ar-dimantiem","24":"product_cat-mates-dienas-davanas","25":"product_cat-sieviesu-laulibu-gredzeni","26":"product_cat-valentindienas-davanas","27":"product_cat-ziemassvetku-davanas","28":"desktop-align-center","29":"tablet-align-left","30":"mobile-align-left","31":"ast-product-gallery-layout-horizontal-slider","32":"ast-product-gallery-with-no-image","33":"ast-product-single-variable","34":"ast-product-tabs-layout-accordion","35":"ast-qv-on-image","37":"first","38":"instock","39":"taxable","40":"shipping-taxable","41":"purchasable","42":"product-type-variable"},"yoast_head":"<!-- This site is optimized with the Yoast SEO plugin v26.6 - https:\/\/yoast.com\/wordpress\/plugins\/seo\/ -->\n<title>Dzelten\u0101 zelta dimantu st\u012bpi\u0146a ar dimantiem 1,68 ct<\/title>\n<meta name=\"description\" content=\"\u0160is dimanta gredzens ir lieliska izv\u0113le n\u0113s\u0101\u0161anai kop\u0101 ar citiem gredzeniem, vai t\u0101s b\u016btu saderin\u0101\u0161an\u0101s, k\u0101zas vai citi \u012bpa\u0161i mirk\u013ci. Fashion Gold\" \/>\n<meta name=\"robots\" content=\"index, follow, max-snippet:-1, max-image-preview:large, max-video-preview:-1\" \/>\n<link rel=\"canonical\" href=\"https:\/\/fashiongold.lt\/lv\/papuosalas\/dzeltena-zelta-dimantu-gredzens-dimantu-cels-168-ct\/\" \/>\n<meta property=\"og:locale\" content=\"lv_LV\" \/>\n<meta property=\"og:type\" content=\"article\" \/>\n<meta property=\"og:title\" content=\"Dzelten\u0101 zelta dimantu st\u012bpi\u0146a ar dimantiem 1,68 ct\" \/>\n<meta property=\"og:description\" content=\"\u0160is dimanta gredzens ir lieliska izv\u0113le n\u0113s\u0101\u0161anai kop\u0101 ar citiem gredzeniem, vai t\u0101s b\u016btu saderin\u0101\u0161an\u0101s, k\u0101zas vai citi \u012bpa\u0161i mirk\u013ci. Fashion Gold\" \/>\n<meta property=\"og:url\" content=\"https:\/\/fashiongold.lt\/lv\/papuosalas\/dzeltena-zelta-dimantu-gredzens-dimantu-cels-168-ct\/\" \/>\n<meta property=\"og:site_name\" content=\"FashionGold.lt\" \/>\n<meta name=\"twitter:card\" content=\"summary_large_image\" \/>\n<script type=\"application\/ld+json\" class=\"yoast-schema-graph\">{\"@context\":\"https:\/\/schema.org\",\"@graph\":[{\"@type\":\"WebPage\",\"@id\":\"https:\/\/fashiongold.lt\/lv\/papuosalas\/dzeltena-zelta-dimantu-gredzens-dimantu-cels-168-ct\/\",\"url\":\"https:\/\/fashiongold.lt\/lv\/papuosalas\/dzeltena-zelta-dimantu-gredzens-dimantu-cels-168-ct\/\",\"name\":\"Dzelten\u0101 zelta dimantu st\u012bpi\u0146a ar dimantiem 1,68 ct\",\"isPartOf\":{\"@id\":\"https:\/\/fashiongold.lt\/lv\/#website\"},\"datePublished\":\"2025-10-10T01:23:30+00:00\",\"description\":\"\u0160is dimanta gredzens ir lieliska izv\u0113le n\u0113s\u0101\u0161anai kop\u0101 ar citiem gredzeniem, vai t\u0101s b\u016btu saderin\u0101\u0161an\u0101s, k\u0101zas vai citi \u012bpa\u0161i mirk\u013ci. Fashion Gold\",\"breadcrumb\":{\"@id\":\"https:\/\/fashiongold.lt\/lv\/papuosalas\/dzeltena-zelta-dimantu-gredzens-dimantu-cels-168-ct\/#breadcrumb\"},\"inLanguage\":\"lv-LV\",\"potentialAction\":[{\"@type\":\"ReadAction\",\"target\":[\"https:\/\/fashiongold.lt\/lv\/papuosalas\/dzeltena-zelta-dimantu-gredzens-dimantu-cels-168-ct\/\"]}]},{\"@type\":\"BreadcrumbList\",\"@id\":\"https:\/\/fashiongold.lt\/lv\/papuosalas\/dzeltena-zelta-dimantu-gredzens-dimantu-cels-168-ct\/#breadcrumb\",\"itemListElement\":[{\"@type\":\"ListItem\",\"position\":1,\"name\":\"Home\",\"item\":\"https:\/\/fashiongold.lt\/lv\/\"},{\"@type\":\"ListItem\",\"position\":2,\"name\":\"Dimantu veikals Fashiongold.lt\",\"item\":\"https:\/\/fashiongold.lt\/shop-2\/\"},{\"@type\":\"ListItem\",\"position\":3,\"name\":\"Dzelten\u0101 zelta dimantu gredzens \u2013 Dimantu ce\u013c\u0161 (1,68 ct)\"}]},{\"@type\":\"WebSite\",\"@id\":\"https:\/\/fashiongold.lt\/lv\/#website\",\"url\":\"https:\/\/fashiongold.lt\/lv\/\",\"name\":\"Fashion Gold\",\"description\":\"Juvelyrikos namai\",\"publisher\":{\"@id\":\"https:\/\/fashiongold.lt\/lv\/#organization\"},\"potentialAction\":[{\"@type\":\"SearchAction\",\"target\":{\"@type\":\"EntryPoint\",\"urlTemplate\":\"https:\/\/fashiongold.lt\/lv\/?s={search_term_string}\"},\"query-input\":{\"@type\":\"PropertyValueSpecification\",\"valueRequired\":true,\"valueName\":\"search_term_string\"}}],\"inLanguage\":\"lv-LV\"},{\"@type\":\"Organization\",\"@id\":\"https:\/\/fashiongold.lt\/lv\/#organization\",\"name\":\"Topdiamonds Online\",\"url\":\"https:\/\/fashiongold.lt\/lv\/\",\"logo\":{\"@type\":\"ImageObject\",\"inLanguage\":\"lv-LV\",\"@id\":\"https:\/\/fashiongold.lt\/lv\/#\/schema\/logo\/image\/\",\"url\":\"https:\/\/fashiongold.lt\/wp-content\/uploads\/2025\/04\/cropped-fashion_gold_logotipas2-scaled-1.png\",\"contentUrl\":\"https:\/\/fashiongold.lt\/wp-content\/uploads\/2025\/04\/cropped-fashion_gold_logotipas2-scaled-1.png\",\"width\":2559,\"height\":421,\"caption\":\"Topdiamonds Online\"},\"image\":{\"@id\":\"https:\/\/fashiongold.lt\/lv\/#\/schema\/logo\/image\/\"}}]}<\/script>\n<!-- \/ Yoast SEO plugin. -->","yoast_head_json":{"title":"Dzelten\u0101 zelta dimantu st\u012bpi\u0146a ar dimantiem 1,68 ct","description":"\u0160is dimanta gredzens ir lieliska izv\u0113le n\u0113s\u0101\u0161anai kop\u0101 ar citiem gredzeniem, vai t\u0101s b\u016btu saderin\u0101\u0161an\u0101s, k\u0101zas vai citi \u012bpa\u0161i mirk\u013ci. Fashion Gold","robots":{"index":"index","follow":"follow","max-snippet":"max-snippet:-1","max-image-preview":"max-image-preview:large","max-video-preview":"max-video-preview:-1"},"canonical":"https:\/\/fashiongold.lt\/lv\/papuosalas\/dzeltena-zelta-dimantu-gredzens-dimantu-cels-168-ct\/","og_locale":"lv_LV","og_type":"article","og_title":"Dzelten\u0101 zelta dimantu st\u012bpi\u0146a ar dimantiem 1,68 ct","og_description":"\u0160is dimanta gredzens ir lieliska izv\u0113le n\u0113s\u0101\u0161anai kop\u0101 ar citiem gredzeniem, vai t\u0101s b\u016btu saderin\u0101\u0161an\u0101s, k\u0101zas vai citi \u012bpa\u0161i mirk\u013ci. Fashion Gold","og_url":"https:\/\/fashiongold.lt\/lv\/papuosalas\/dzeltena-zelta-dimantu-gredzens-dimantu-cels-168-ct\/","og_site_name":"FashionGold.lt","twitter_card":"summary_large_image","schema":{"@context":"https:\/\/schema.org","@graph":[{"@type":"WebPage","@id":"https:\/\/fashiongold.lt\/lv\/papuosalas\/dzeltena-zelta-dimantu-gredzens-dimantu-cels-168-ct\/","url":"https:\/\/fashiongold.lt\/lv\/papuosalas\/dzeltena-zelta-dimantu-gredzens-dimantu-cels-168-ct\/","name":"Dzelten\u0101 zelta dimantu st\u012bpi\u0146a ar dimantiem 1,68 ct","isPartOf":{"@id":"https:\/\/fashiongold.lt\/lv\/#website"},"datePublished":"2025-10-10T01:23:30+00:00","description":"\u0160is dimanta gredzens ir lieliska izv\u0113le n\u0113s\u0101\u0161anai kop\u0101 ar citiem gredzeniem, vai t\u0101s b\u016btu saderin\u0101\u0161an\u0101s, k\u0101zas vai citi \u012bpa\u0161i mirk\u013ci. Fashion Gold","breadcrumb":{"@id":"https:\/\/fashiongold.lt\/lv\/papuosalas\/dzeltena-zelta-dimantu-gredzens-dimantu-cels-168-ct\/#breadcrumb"},"inLanguage":"lv-LV","potentialAction":[{"@type":"ReadAction","target":["https:\/\/fashiongold.lt\/lv\/papuosalas\/dzeltena-zelta-dimantu-gredzens-dimantu-cels-168-ct\/"]}]},{"@type":"BreadcrumbList","@id":"https:\/\/fashiongold.lt\/lv\/papuosalas\/dzeltena-zelta-dimantu-gredzens-dimantu-cels-168-ct\/#breadcrumb","itemListElement":[{"@type":"ListItem","position":1,"name":"Home","item":"https:\/\/fashiongold.lt\/lv\/"},{"@type":"ListItem","position":2,"name":"Dimantu veikals Fashiongold.lt","item":"https:\/\/fashiongold.lt\/shop-2\/"},{"@type":"ListItem","position":3,"name":"Dzelten\u0101 zelta dimantu gredzens \u2013 Dimantu ce\u013c\u0161 (1,68 ct)"}]},{"@type":"WebSite","@id":"https:\/\/fashiongold.lt\/lv\/#website","url":"https:\/\/fashiongold.lt\/lv\/","name":"Fashion Gold","description":"Juvelyrikos namai","publisher":{"@id":"https:\/\/fashiongold.lt\/lv\/#organization"},"potentialAction":[{"@type":"SearchAction","target":{"@type":"EntryPoint","urlTemplate":"https:\/\/fashiongold.lt\/lv\/?s={search_term_string}"},"query-input":{"@type":"PropertyValueSpecification","valueRequired":true,"valueName":"search_term_string"}}],"inLanguage":"lv-LV"},{"@type":"Organization","@id":"https:\/\/fashiongold.lt\/lv\/#organization","name":"Topdiamonds Online","url":"https:\/\/fashiongold.lt\/lv\/","logo":{"@type":"ImageObject","inLanguage":"lv-LV","@id":"https:\/\/fashiongold.lt\/lv\/#\/schema\/logo\/image\/","url":"https:\/\/fashiongold.lt\/wp-content\/uploads\/2025\/04\/cropped-fashion_gold_logotipas2-scaled-1.png","contentUrl":"https:\/\/fashiongold.lt\/wp-content\/uploads\/2025\/04\/cropped-fashion_gold_logotipas2-scaled-1.png","width":2559,"height":421,"caption":"Topdiamonds Online"},"image":{"@id":"https:\/\/fashiongold.lt\/lv\/#\/schema\/logo\/image\/"}}]}},"_links":{"self":[{"href":"https:\/\/fashiongold.lt\/lv\/wp-json\/wp\/v2\/product\/291963","targetHints":{"allow":["GET"]}}],"collection":[{"href":"https:\/\/fashiongold.lt\/lv\/wp-json\/wp\/v2\/product"}],"about":[{"href":"https:\/\/fashiongold.lt\/lv\/wp-json\/wp\/v2\/types\/product"}],"version-history":[{"count":0,"href":"https:\/\/fashiongold.lt\/lv\/wp-json\/wp\/v2\/product\/291963\/revisions"}],"wp:attachment":[{"href":"https:\/\/fashiongold.lt\/lv\/wp-json\/wp\/v2\/media?parent=291963"}],"wp:term":[{"taxonomy":"product_brand","embeddable":true,"href":"https:\/\/fashiongold.lt\/lv\/wp-json\/wp\/v2\/product_brand?post=291963"},{"taxonomy":"product_cat","embeddable":true,"href":"https:\/\/fashiongold.lt\/lv\/wp-json\/wp\/v2\/product_cat?post=291963"},{"taxonomy":"product_tag","embeddable":true,"href":"https:\/\/fashiongold.lt\/lv\/wp-json\/wp\/v2\/product_tag?post=291963"}],"curies":[{"name":"wp","href":"https:\/\/api.w.org\/{rel}","templated":true}]}}