{"id":292008,"date":"2025-10-10T01:07:13","date_gmt":"2025-10-10T01:07:13","guid":{"rendered":"https:\/\/fashiongold.lt\/papuosalas\/klasisks-sarkana-zelta-gredzens-ar-dimantiem-noslepuma-glabataja-040-ct-h-si\/"},"modified":"2026-02-19T07:28:35","modified_gmt":"2026-02-19T07:28:35","slug":"klasisks-sarkana-zelta-gredzens-ar-dimantiem-noslepuma-glabataja-040-ct-h-si","status":"publish","type":"product","link":"https:\/\/fashiongold.lt\/lv\/papuosalas\/klasisks-sarkana-zelta-gredzens-ar-dimantiem-noslepuma-glabataja-040-ct-h-si\/","title":{"rendered":"Klasisks sarkan\u0101 zelta gredzens ar dimantiem \u2013 Nosl\u0113puma glab\u0101t\u0101ja (0,40 ct H\/SI)"},"content":{"rendered":"<p>Ra\u017eots Lietuv\u0101. Gredzens var tikt izgatavots p\u0113c pas\u016bt\u012bjuma: no sarkan\u0101, dzelten\u0101 un balt\u0101 zelta.<\/p>\n<p>\u2022 Dimanta tips: Dabisks dimants<\/p>\n<p>\u2022 Dimanta forma: Apa\u013ca forma\u00a0 (Round cut)<\/p>\n<p>\u2022 Dimanta raksturojums: 0,40 ct, kr\u0101sa H (W); dzidrums SI2<\/p>\n<p>\u2022 Sertifik\u0101ts: Lietuvas Proves birojs (LPR) un starptautiskais sertifik\u0101ts IGI<\/p>\n<p>\u2022 Gredzena zelts: 14K (585. prove)\u00a0<\/p>\n<p>\u2022 Gredzena kr\u0101sa: sarkanais zelts\u00a0 \u00a0<\/p>\n<p>\u2022 Gredzena svars: aptuveni 1,80 &#8211; 2,40 g\u00a0<\/p>\n<p>\u2022 Gredzena izm\u0113ri: st\u012bpi\u0146as izm\u0113rs &#8211;\u00a0 mm, kro\u0146a izm\u0113rs &#8211;\u00a0 mm.<\/p>\n","protected":false},"excerpt":{"rendered":"<p>Sarkan\u0101 zelta gredzens ar 0,40 ct dimantu un \u012bpa\u0161u se\u0161u k\u0101ji\u0146u kron\u012bti, kura k\u0101ji\u0146as it k\u0101 savijas un dro\u0161i notur dimantu. \u0160is gredzens ir \u013coti \u0113rts t\u0101 zem\u0101 kron\u012b\u0161a d\u0113\u013c, t\u0101p\u0113c tas ir lieliski piem\u0113rots ikdienas n\u0113s\u0101\u0161anai. Tas ir ekskluz\u012bvs dizains, kas ide\u0101li piem\u0113rots gan saderin\u0101\u0161an\u0101s br\u012bdim, gan \u012bpa\u0161iem gad\u012bjumiem.<\/p>\n","protected":false},"featured_media":86193,"template":"","meta":{"site-sidebar-layout":"","site-content-layout":"","ast-site-content-layout":"","site-content-style":"","site-sidebar-style":"","ast-global-header-display":"","ast-banner-title-visibility":"","ast-main-header-display":"","ast-hfb-above-header-display":"","ast-hfb-below-header-display":"","ast-hfb-mobile-header-display":"","site-post-title":"","ast-breadcrumbs-content":"","ast-featured-img":"","footer-sml-layout":"","ast-disable-related-posts":"","theme-transparent-header-meta":"","adv-header-id-meta":"","stick-header-meta":"","header-above-stick-meta":"","header-main-stick-meta":"","header-below-stick-meta":"","astra-migrate-meta-layouts":"default","ast-page-background-enabled":"default","ast-page-background-meta":{"desktop":{"background-color":"var(--ast-global-color-4)","background-image":"","background-repeat":"repeat","background-position":"center center","background-size":"auto","background-attachment":"scroll","background-type":"","background-media":"","overlay-type":"","overlay-color":"","overlay-opacity":"","overlay-gradient":""},"tablet":{"background-color":"","background-image":"","background-repeat":"repeat","background-position":"center center","background-size":"auto","background-attachment":"scroll","background-type":"","background-media":"","overlay-type":"","overlay-color":"","overlay-opacity":"","overlay-gradient":""},"mobile":{"background-color":"","background-image":"","background-repeat":"repeat","background-position":"center center","background-size":"auto","background-attachment":"scroll","background-type":"","background-media":"","overlay-type":"","overlay-color":"","overlay-opacity":"","overlay-gradient":""}},"ast-content-background-meta":{"desktop":{"background-color":"var(--ast-global-color-5)","background-image":"","background-repeat":"repeat","background-position":"center center","background-size":"auto","background-attachment":"scroll","background-type":"","background-media":"","overlay-type":"","overlay-color":"","overlay-opacity":"","overlay-gradient":""},"tablet":{"background-color":"var(--ast-global-color-5)","background-image":"","background-repeat":"repeat","background-position":"center center","background-size":"auto","background-attachment":"scroll","background-type":"","background-media":"","overlay-type":"","overlay-color":"","overlay-opacity":"","overlay-gradient":""},"mobile":{"background-color":"var(--ast-global-color-5)","background-image":"","background-repeat":"repeat","background-position":"center center","background-size":"auto","background-attachment":"scroll","background-type":"","background-media":"","overlay-type":"","overlay-color":"","overlay-opacity":"","overlay-gradient":""}}},"product_brand":[],"product_cat":[2915,2913,2921,2920,3403,2916,2914,3453,3042,3446,2922,3439,2979,3443,2936,2918],"product_tag":[],"class_list":{"0":"post-292008","1":"product","2":"type-product","3":"status-publish","4":"has-post-thumbnail","6":"product_cat-davanas-berna-piedzimsanai","7":"product_cat-davanas-dzimsanas-diena","8":"product_cat-davanas-ipasiem-gadijumiem","9":"product_cat-davanas-izlaidumam","10":"product_cat-davanas-kazam","11":"product_cat-davanas-kazu-gadadiena","12":"product_cat-davanas-sievietem","13":"product_cat-gredzeni-ar-dimantiem","14":"product_cat-juvelierizstradajumi","15":"product_cat-klasiskie-saderinasanas-gredzeni","16":"product_cat-mates-dienas-davanas","17":"product_cat-saderinasanas-gredzeni","18":"product_cat-sarkana-zelta-juvelierizstradajumi","19":"product_cat-sarkana-zelta-saderinasanas-gredzeni","20":"product_cat-valentindienas-davanas","21":"product_cat-ziemassvetku-davanas","22":"desktop-align-center","23":"tablet-align-left","24":"mobile-align-left","25":"ast-product-gallery-layout-horizontal-slider","26":"ast-product-gallery-with-no-image","27":"ast-product-single-variable","28":"ast-product-tabs-layout-accordion","29":"ast-qv-on-image","31":"first","32":"instock","33":"taxable","34":"shipping-taxable","35":"purchasable","36":"product-type-variable"},"yoast_head":"<!-- This site is optimized with the Yoast SEO plugin v26.6 - https:\/\/yoast.com\/wordpress\/plugins\/seo\/ -->\n<title>Nosl\u0113puma glab\u0101t\u0101ja - sarkan\u0101 zelta gredzens ar dimantiem (0,40 ct)<\/title>\n<meta name=\"description\" content=\"\u012apa\u0161s kron\u012btis, kura k\u0101ji\u0146as it k\u0101 savijas un notur dimantu. Piem\u0113rots ikdienas n\u0113s\u0101\u0161anai. Piem\u0113rots gan saderin\u0101\u0161an\u0101s gad\u012bjumam, gan \u012bpa\u0161iem mirk\u013ciem.\" \/>\n<meta name=\"robots\" content=\"index, follow, max-snippet:-1, max-image-preview:large, max-video-preview:-1\" \/>\n<link rel=\"canonical\" href=\"https:\/\/fashiongold.lt\/lv\/papuosalas\/klasisks-sarkana-zelta-gredzens-ar-dimantiem-noslepuma-glabataja-040-ct-h-si\/\" \/>\n<meta property=\"og:locale\" content=\"lv_LV\" \/>\n<meta property=\"og:type\" content=\"article\" \/>\n<meta property=\"og:title\" content=\"Nosl\u0113puma glab\u0101t\u0101ja - sarkan\u0101 zelta gredzens ar dimantiem (0,40 ct)\" \/>\n<meta property=\"og:description\" content=\"\u012apa\u0161s kron\u012btis, kura k\u0101ji\u0146as it k\u0101 savijas un notur dimantu. Piem\u0113rots ikdienas n\u0113s\u0101\u0161anai. Piem\u0113rots gan saderin\u0101\u0161an\u0101s gad\u012bjumam, gan \u012bpa\u0161iem mirk\u013ciem.\" \/>\n<meta property=\"og:url\" content=\"https:\/\/fashiongold.lt\/lv\/papuosalas\/klasisks-sarkana-zelta-gredzens-ar-dimantiem-noslepuma-glabataja-040-ct-h-si\/\" \/>\n<meta property=\"og:site_name\" content=\"FashionGold.lt\" \/>\n<meta property=\"article:modified_time\" content=\"2026-02-19T07:28:35+00:00\" \/>\n<meta property=\"og:image\" content=\"https:\/\/fashiongold.lt\/wp-content\/uploads\/2025\/10\/6977-fa3-Klasikinis-raudono-aukso-ziedas-su-deimantais-Paslapties-Laikytoja-040-ct.webp\" \/>\n\t<meta property=\"og:image:width\" content=\"1000\" \/>\n\t<meta property=\"og:image:height\" content=\"1000\" \/>\n\t<meta property=\"og:image:type\" content=\"image\/png\" \/>\n<meta name=\"twitter:card\" content=\"summary_large_image\" \/>\n<script type=\"application\/ld+json\" class=\"yoast-schema-graph\">{\"@context\":\"https:\/\/schema.org\",\"@graph\":[{\"@type\":\"WebPage\",\"@id\":\"https:\/\/fashiongold.lt\/lv\/papuosalas\/klasisks-sarkana-zelta-gredzens-ar-dimantiem-noslepuma-glabataja-040-ct-h-si\/\",\"url\":\"https:\/\/fashiongold.lt\/lv\/papuosalas\/klasisks-sarkana-zelta-gredzens-ar-dimantiem-noslepuma-glabataja-040-ct-h-si\/\",\"name\":\"Nosl\u0113puma glab\u0101t\u0101ja - sarkan\u0101 zelta gredzens ar dimantiem (0,40 ct)\",\"isPartOf\":{\"@id\":\"https:\/\/fashiongold.lt\/lv\/#website\"},\"primaryImageOfPage\":{\"@id\":\"https:\/\/fashiongold.lt\/lv\/papuosalas\/klasisks-sarkana-zelta-gredzens-ar-dimantiem-noslepuma-glabataja-040-ct-h-si\/#primaryimage\"},\"image\":{\"@id\":\"https:\/\/fashiongold.lt\/lv\/papuosalas\/klasisks-sarkana-zelta-gredzens-ar-dimantiem-noslepuma-glabataja-040-ct-h-si\/#primaryimage\"},\"thumbnailUrl\":\"https:\/\/fashiongold.lt\/wp-content\/uploads\/2025\/10\/6977-fa3-Klasikinis-raudono-aukso-ziedas-su-deimantais-Paslapties-Laikytoja-040-ct.png\",\"datePublished\":\"2025-10-10T01:07:13+00:00\",\"dateModified\":\"2026-02-19T07:28:35+00:00\",\"description\":\"\u012apa\u0161s kron\u012btis, kura k\u0101ji\u0146as it k\u0101 savijas un notur dimantu. Piem\u0113rots ikdienas n\u0113s\u0101\u0161anai. Piem\u0113rots gan saderin\u0101\u0161an\u0101s gad\u012bjumam, gan \u012bpa\u0161iem mirk\u013ciem.\",\"breadcrumb\":{\"@id\":\"https:\/\/fashiongold.lt\/lv\/papuosalas\/klasisks-sarkana-zelta-gredzens-ar-dimantiem-noslepuma-glabataja-040-ct-h-si\/#breadcrumb\"},\"inLanguage\":\"lv-LV\",\"potentialAction\":[{\"@type\":\"ReadAction\",\"target\":[\"https:\/\/fashiongold.lt\/lv\/papuosalas\/klasisks-sarkana-zelta-gredzens-ar-dimantiem-noslepuma-glabataja-040-ct-h-si\/\"]}]},{\"@type\":\"ImageObject\",\"inLanguage\":\"lv-LV\",\"@id\":\"https:\/\/fashiongold.lt\/lv\/papuosalas\/klasisks-sarkana-zelta-gredzens-ar-dimantiem-noslepuma-glabataja-040-ct-h-si\/#primaryimage\",\"url\":\"https:\/\/fashiongold.lt\/wp-content\/uploads\/2025\/10\/6977-fa3-Klasikinis-raudono-aukso-ziedas-su-deimantais-Paslapties-Laikytoja-040-ct.png\",\"contentUrl\":\"https:\/\/fashiongold.lt\/wp-content\/uploads\/2025\/10\/6977-fa3-Klasikinis-raudono-aukso-ziedas-su-deimantais-Paslapties-Laikytoja-040-ct.png\",\"width\":1000,\"height\":1000},{\"@type\":\"BreadcrumbList\",\"@id\":\"https:\/\/fashiongold.lt\/lv\/papuosalas\/klasisks-sarkana-zelta-gredzens-ar-dimantiem-noslepuma-glabataja-040-ct-h-si\/#breadcrumb\",\"itemListElement\":[{\"@type\":\"ListItem\",\"position\":1,\"name\":\"Home\",\"item\":\"https:\/\/fashiongold.lt\/lv\/\"},{\"@type\":\"ListItem\",\"position\":2,\"name\":\"Dimantu veikals Fashiongold.lt\",\"item\":\"https:\/\/fashiongold.lt\/shop-2\/\"},{\"@type\":\"ListItem\",\"position\":3,\"name\":\"Klasisks sarkan\u0101 zelta gredzens ar dimantiem \u2013 Nosl\u0113puma glab\u0101t\u0101ja (0,40 ct H\/SI)\"}]},{\"@type\":\"WebSite\",\"@id\":\"https:\/\/fashiongold.lt\/lv\/#website\",\"url\":\"https:\/\/fashiongold.lt\/lv\/\",\"name\":\"Fashion Gold\",\"description\":\"Juvelyrikos namai\",\"publisher\":{\"@id\":\"https:\/\/fashiongold.lt\/lv\/#organization\"},\"potentialAction\":[{\"@type\":\"SearchAction\",\"target\":{\"@type\":\"EntryPoint\",\"urlTemplate\":\"https:\/\/fashiongold.lt\/lv\/?s={search_term_string}\"},\"query-input\":{\"@type\":\"PropertyValueSpecification\",\"valueRequired\":true,\"valueName\":\"search_term_string\"}}],\"inLanguage\":\"lv-LV\"},{\"@type\":\"Organization\",\"@id\":\"https:\/\/fashiongold.lt\/lv\/#organization\",\"name\":\"Topdiamonds Online\",\"url\":\"https:\/\/fashiongold.lt\/lv\/\",\"logo\":{\"@type\":\"ImageObject\",\"inLanguage\":\"lv-LV\",\"@id\":\"https:\/\/fashiongold.lt\/lv\/#\/schema\/logo\/image\/\",\"url\":\"https:\/\/fashiongold.lt\/wp-content\/uploads\/2025\/04\/cropped-fashion_gold_logotipas2-scaled-1.png\",\"contentUrl\":\"https:\/\/fashiongold.lt\/wp-content\/uploads\/2025\/04\/cropped-fashion_gold_logotipas2-scaled-1.png\",\"width\":2559,\"height\":421,\"caption\":\"Topdiamonds Online\"},\"image\":{\"@id\":\"https:\/\/fashiongold.lt\/lv\/#\/schema\/logo\/image\/\"}}]}<\/script>\n<!-- \/ Yoast SEO plugin. -->","yoast_head_json":{"title":"Nosl\u0113puma glab\u0101t\u0101ja - sarkan\u0101 zelta gredzens ar dimantiem (0,40 ct)","description":"\u012apa\u0161s kron\u012btis, kura k\u0101ji\u0146as it k\u0101 savijas un notur dimantu. Piem\u0113rots ikdienas n\u0113s\u0101\u0161anai. Piem\u0113rots gan saderin\u0101\u0161an\u0101s gad\u012bjumam, gan \u012bpa\u0161iem mirk\u013ciem.","robots":{"index":"index","follow":"follow","max-snippet":"max-snippet:-1","max-image-preview":"max-image-preview:large","max-video-preview":"max-video-preview:-1"},"canonical":"https:\/\/fashiongold.lt\/lv\/papuosalas\/klasisks-sarkana-zelta-gredzens-ar-dimantiem-noslepuma-glabataja-040-ct-h-si\/","og_locale":"lv_LV","og_type":"article","og_title":"Nosl\u0113puma glab\u0101t\u0101ja - sarkan\u0101 zelta gredzens ar dimantiem (0,40 ct)","og_description":"\u012apa\u0161s kron\u012btis, kura k\u0101ji\u0146as it k\u0101 savijas un notur dimantu. Piem\u0113rots ikdienas n\u0113s\u0101\u0161anai. Piem\u0113rots gan saderin\u0101\u0161an\u0101s gad\u012bjumam, gan \u012bpa\u0161iem mirk\u013ciem.","og_url":"https:\/\/fashiongold.lt\/lv\/papuosalas\/klasisks-sarkana-zelta-gredzens-ar-dimantiem-noslepuma-glabataja-040-ct-h-si\/","og_site_name":"FashionGold.lt","article_modified_time":"2026-02-19T07:28:35+00:00","og_image":[{"width":1000,"height":1000,"url":"https:\/\/fashiongold.lt\/wp-content\/uploads\/2025\/10\/6977-fa3-Klasikinis-raudono-aukso-ziedas-su-deimantais-Paslapties-Laikytoja-040-ct.webp","type":"image\/png"}],"twitter_card":"summary_large_image","schema":{"@context":"https:\/\/schema.org","@graph":[{"@type":"WebPage","@id":"https:\/\/fashiongold.lt\/lv\/papuosalas\/klasisks-sarkana-zelta-gredzens-ar-dimantiem-noslepuma-glabataja-040-ct-h-si\/","url":"https:\/\/fashiongold.lt\/lv\/papuosalas\/klasisks-sarkana-zelta-gredzens-ar-dimantiem-noslepuma-glabataja-040-ct-h-si\/","name":"Nosl\u0113puma glab\u0101t\u0101ja - sarkan\u0101 zelta gredzens ar dimantiem (0,40 ct)","isPartOf":{"@id":"https:\/\/fashiongold.lt\/lv\/#website"},"primaryImageOfPage":{"@id":"https:\/\/fashiongold.lt\/lv\/papuosalas\/klasisks-sarkana-zelta-gredzens-ar-dimantiem-noslepuma-glabataja-040-ct-h-si\/#primaryimage"},"image":{"@id":"https:\/\/fashiongold.lt\/lv\/papuosalas\/klasisks-sarkana-zelta-gredzens-ar-dimantiem-noslepuma-glabataja-040-ct-h-si\/#primaryimage"},"thumbnailUrl":"https:\/\/fashiongold.lt\/wp-content\/uploads\/2025\/10\/6977-fa3-Klasikinis-raudono-aukso-ziedas-su-deimantais-Paslapties-Laikytoja-040-ct.png","datePublished":"2025-10-10T01:07:13+00:00","dateModified":"2026-02-19T07:28:35+00:00","description":"\u012apa\u0161s kron\u012btis, kura k\u0101ji\u0146as it k\u0101 savijas un notur dimantu. Piem\u0113rots ikdienas n\u0113s\u0101\u0161anai. Piem\u0113rots gan saderin\u0101\u0161an\u0101s gad\u012bjumam, gan \u012bpa\u0161iem mirk\u013ciem.","breadcrumb":{"@id":"https:\/\/fashiongold.lt\/lv\/papuosalas\/klasisks-sarkana-zelta-gredzens-ar-dimantiem-noslepuma-glabataja-040-ct-h-si\/#breadcrumb"},"inLanguage":"lv-LV","potentialAction":[{"@type":"ReadAction","target":["https:\/\/fashiongold.lt\/lv\/papuosalas\/klasisks-sarkana-zelta-gredzens-ar-dimantiem-noslepuma-glabataja-040-ct-h-si\/"]}]},{"@type":"ImageObject","inLanguage":"lv-LV","@id":"https:\/\/fashiongold.lt\/lv\/papuosalas\/klasisks-sarkana-zelta-gredzens-ar-dimantiem-noslepuma-glabataja-040-ct-h-si\/#primaryimage","url":"https:\/\/fashiongold.lt\/wp-content\/uploads\/2025\/10\/6977-fa3-Klasikinis-raudono-aukso-ziedas-su-deimantais-Paslapties-Laikytoja-040-ct.png","contentUrl":"https:\/\/fashiongold.lt\/wp-content\/uploads\/2025\/10\/6977-fa3-Klasikinis-raudono-aukso-ziedas-su-deimantais-Paslapties-Laikytoja-040-ct.png","width":1000,"height":1000},{"@type":"BreadcrumbList","@id":"https:\/\/fashiongold.lt\/lv\/papuosalas\/klasisks-sarkana-zelta-gredzens-ar-dimantiem-noslepuma-glabataja-040-ct-h-si\/#breadcrumb","itemListElement":[{"@type":"ListItem","position":1,"name":"Home","item":"https:\/\/fashiongold.lt\/lv\/"},{"@type":"ListItem","position":2,"name":"Dimantu veikals Fashiongold.lt","item":"https:\/\/fashiongold.lt\/shop-2\/"},{"@type":"ListItem","position":3,"name":"Klasisks sarkan\u0101 zelta gredzens ar dimantiem \u2013 Nosl\u0113puma glab\u0101t\u0101ja (0,40 ct H\/SI)"}]},{"@type":"WebSite","@id":"https:\/\/fashiongold.lt\/lv\/#website","url":"https:\/\/fashiongold.lt\/lv\/","name":"Fashion Gold","description":"Juvelyrikos namai","publisher":{"@id":"https:\/\/fashiongold.lt\/lv\/#organization"},"potentialAction":[{"@type":"SearchAction","target":{"@type":"EntryPoint","urlTemplate":"https:\/\/fashiongold.lt\/lv\/?s={search_term_string}"},"query-input":{"@type":"PropertyValueSpecification","valueRequired":true,"valueName":"search_term_string"}}],"inLanguage":"lv-LV"},{"@type":"Organization","@id":"https:\/\/fashiongold.lt\/lv\/#organization","name":"Topdiamonds Online","url":"https:\/\/fashiongold.lt\/lv\/","logo":{"@type":"ImageObject","inLanguage":"lv-LV","@id":"https:\/\/fashiongold.lt\/lv\/#\/schema\/logo\/image\/","url":"https:\/\/fashiongold.lt\/wp-content\/uploads\/2025\/04\/cropped-fashion_gold_logotipas2-scaled-1.png","contentUrl":"https:\/\/fashiongold.lt\/wp-content\/uploads\/2025\/04\/cropped-fashion_gold_logotipas2-scaled-1.png","width":2559,"height":421,"caption":"Topdiamonds Online"},"image":{"@id":"https:\/\/fashiongold.lt\/lv\/#\/schema\/logo\/image\/"}}]}},"_links":{"self":[{"href":"https:\/\/fashiongold.lt\/lv\/wp-json\/wp\/v2\/product\/292008","targetHints":{"allow":["GET"]}}],"collection":[{"href":"https:\/\/fashiongold.lt\/lv\/wp-json\/wp\/v2\/product"}],"about":[{"href":"https:\/\/fashiongold.lt\/lv\/wp-json\/wp\/v2\/types\/product"}],"version-history":[{"count":0,"href":"https:\/\/fashiongold.lt\/lv\/wp-json\/wp\/v2\/product\/292008\/revisions"}],"wp:featuredmedia":[{"embeddable":true,"href":"https:\/\/fashiongold.lt\/lv\/wp-json\/wp\/v2\/media\/86193"}],"wp:attachment":[{"href":"https:\/\/fashiongold.lt\/lv\/wp-json\/wp\/v2\/media?parent=292008"}],"wp:term":[{"taxonomy":"product_brand","embeddable":true,"href":"https:\/\/fashiongold.lt\/lv\/wp-json\/wp\/v2\/product_brand?post=292008"},{"taxonomy":"product_cat","embeddable":true,"href":"https:\/\/fashiongold.lt\/lv\/wp-json\/wp\/v2\/product_cat?post=292008"},{"taxonomy":"product_tag","embeddable":true,"href":"https:\/\/fashiongold.lt\/lv\/wp-json\/wp\/v2\/product_tag?post=292008"}],"curies":[{"name":"wp","href":"https:\/\/api.w.org\/{rel}","templated":true}]}}