{"id":292053,"date":"2025-10-10T00:51:01","date_gmt":"2025-10-10T00:51:01","guid":{"rendered":"https:\/\/fashiongold.lt\/papuosalas\/dzeltena-zelta-gredzens-ar-mirdzosu-apalas-formas-dimantu-un-dimantiem-dimanta-sapnis-094-ct-h-si2\/"},"modified":"2026-02-19T07:29:23","modified_gmt":"2026-02-19T07:29:23","slug":"dzeltena-zelta-gredzens-ar-mirdzosu-apalas-formas-dimantu-un-dimantiem-dimanta-sapnis-094-ct-h-si2","status":"publish","type":"product","link":"https:\/\/fashiongold.lt\/lv\/papuosalas\/dzeltena-zelta-gredzens-ar-mirdzosu-apalas-formas-dimantu-un-dimantiem-dimanta-sapnis-094-ct-h-si2\/","title":{"rendered":"Dzelten\u0101 zelta gredzens ar mirdzo\u0161u apa\u013cas formas dimantu un dimantiem \u2013 Dimanta sapnis (0,94 ct H\/SI2)"},"content":{"rendered":"<p>Ra\u017eots Lietuv\u0101. Gredzens var tikt izgatavots p\u0113c pas\u016bt\u012bjuma: no sarkan\u0101, dzelten\u0101 un balt\u0101 zelta.<\/p>\n<p>\u2022 Dimanta tips: Dab\u012bgi dimanti<\/p>\n<p>\u2022 Dimanta forma: Apa\u013ca forma (Round cut)<\/p>\n<p>\u2022 Dimanta raksturojums: 0,94 ct (1x 0,70 ct Apa\u013cas formas un apa\u013ci dimanti 0,24 ct), kr\u0101sa H(W); dzidrums SI<\/p>\n<p>\u2022 Sertifik\u0101ts: Lietuvas Prove\u0161anas pal\u0101ta (LPR) un papildus IGI <\/p>\n<p>\u2022 Gredzena zelts: 14K (585 proves) <\/p>\n<p>\u2022 Gredzena kr\u0101sa: dzeltenais zelts <\/p>\n<p>\u2022 Gredzena svars: aptuveni 3,40-4,00 g <\/p>\n<p>\u2022 Gredzena izm\u0113ri: st\u012bpi\u0146as izm\u0113rs &#8211; 2,75 mm, kro\u0146a izm\u0113rs &#8211; 4,95 mm.<\/p>\n","protected":false},"excerpt":{"rendered":"<p>Dzelten\u0101 zelta gredzens ar 0,70 ct mirdzo\u0161u apa\u013cas formas dimantu un mirdzo\u0161u dimantu josli\u0146u (kop\u0113jais dimantu svars (0,24 ct). M\u016bsdien\u012bgs dizains, lieliski piem\u0113rots saderin\u0101\u0161an\u0101s un \u012bpa\u0161iem gad\u012bjumiem. Izcelieties ar eleganci!<\/p>\n","protected":false},"featured_media":85538,"template":"","meta":{"site-sidebar-layout":"","site-content-layout":"","ast-site-content-layout":"","site-content-style":"","site-sidebar-style":"","ast-global-header-display":"","ast-banner-title-visibility":"","ast-main-header-display":"","ast-hfb-above-header-display":"","ast-hfb-below-header-display":"","ast-hfb-mobile-header-display":"","site-post-title":"","ast-breadcrumbs-content":"","ast-featured-img":"","footer-sml-layout":"","ast-disable-related-posts":"","theme-transparent-header-meta":"","adv-header-id-meta":"","stick-header-meta":"","header-above-stick-meta":"","header-main-stick-meta":"","header-below-stick-meta":"","astra-migrate-meta-layouts":"default","ast-page-background-enabled":"default","ast-page-background-meta":{"desktop":{"background-color":"var(--ast-global-color-4)","background-image":"","background-repeat":"repeat","background-position":"center center","background-size":"auto","background-attachment":"scroll","background-type":"","background-media":"","overlay-type":"","overlay-color":"","overlay-opacity":"","overlay-gradient":""},"tablet":{"background-color":"","background-image":"","background-repeat":"repeat","background-position":"center center","background-size":"auto","background-attachment":"scroll","background-type":"","background-media":"","overlay-type":"","overlay-color":"","overlay-opacity":"","overlay-gradient":""},"mobile":{"background-color":"","background-image":"","background-repeat":"repeat","background-position":"center center","background-size":"auto","background-attachment":"scroll","background-type":"","background-media":"","overlay-type":"","overlay-color":"","overlay-opacity":"","overlay-gradient":""}},"ast-content-background-meta":{"desktop":{"background-color":"var(--ast-global-color-5)","background-image":"","background-repeat":"repeat","background-position":"center center","background-size":"auto","background-attachment":"scroll","background-type":"","background-media":"","overlay-type":"","overlay-color":"","overlay-opacity":"","overlay-gradient":""},"tablet":{"background-color":"var(--ast-global-color-5)","background-image":"","background-repeat":"repeat","background-position":"center center","background-size":"auto","background-attachment":"scroll","background-type":"","background-media":"","overlay-type":"","overlay-color":"","overlay-opacity":"","overlay-gradient":""},"mobile":{"background-color":"var(--ast-global-color-5)","background-image":"","background-repeat":"repeat","background-position":"center center","background-size":"auto","background-attachment":"scroll","background-type":"","background-media":"","overlay-type":"","overlay-color":"","overlay-opacity":"","overlay-gradient":""}}},"product_brand":[],"product_cat":[2915,2913,2921,2920,3403,2916,2914,2923,3442,3961,3453,3042,2922,3465,3439,2936,2918],"product_tag":[],"class_list":{"0":"post-292053","1":"product","2":"type-product","3":"status-publish","4":"has-post-thumbnail","6":"product_cat-davanas-berna-piedzimsanai","7":"product_cat-davanas-dzimsanas-diena","8":"product_cat-davanas-ipasiem-gadijumiem","9":"product_cat-davanas-izlaidumam","10":"product_cat-davanas-kazam","11":"product_cat-davanas-kazu-gadadiena","12":"product_cat-davanas-sievietem","13":"product_cat-dzeltena-zelta-juvelierizstradajumi","14":"product_cat-dzeltena-zelta-saderinasanas-gredzeni","15":"product_cat-ekskluzivi-saderinasanas-gredzeni","16":"product_cat-gredzeni-ar-dimantiem","17":"product_cat-juvelierizstradajumi","18":"product_cat-mates-dienas-davanas","19":"product_cat-moderni-saderinasanas-gredzeni","20":"product_cat-saderinasanas-gredzeni","21":"product_cat-valentindienas-davanas","22":"product_cat-ziemassvetku-davanas","23":"desktop-align-center","24":"tablet-align-left","25":"mobile-align-left","26":"ast-product-gallery-layout-horizontal-slider","27":"ast-product-gallery-with-no-image","28":"ast-product-single-variable","29":"ast-product-tabs-layout-accordion","30":"ast-qv-on-image","32":"first","33":"instock","34":"taxable","35":"shipping-taxable","36":"purchasable","37":"product-type-variable"},"yoast_head":"<!-- This site is optimized with the Yoast SEO plugin v26.6 - https:\/\/yoast.com\/wordpress\/plugins\/seo\/ -->\n<title>Dzelten\u0101 zelta gredzens ar 0,94 ct apa\u013cas formas dimantiem<\/title>\n<meta name=\"description\" content=\"Moderna dizaina gredzens ar dimantiem un mirdzo\u0161u dimantu st\u012bpi\u0146u. M\u016bsdien\u012bgs dizains, lieliski piem\u0113rots saderin\u0101\u0161anai un \u012bpa\u0161iem gad\u012bjumiem.\" \/>\n<meta name=\"robots\" content=\"index, follow, max-snippet:-1, max-image-preview:large, max-video-preview:-1\" \/>\n<link rel=\"canonical\" href=\"https:\/\/fashiongold.lt\/lv\/papuosalas\/dzeltena-zelta-gredzens-ar-mirdzosu-apalas-formas-dimantu-un-dimantiem-dimanta-sapnis-094-ct-h-si2\/\" \/>\n<meta property=\"og:locale\" content=\"lv_LV\" \/>\n<meta property=\"og:type\" content=\"article\" \/>\n<meta property=\"og:title\" content=\"Dzelten\u0101 zelta gredzens ar 0,94 ct apa\u013cas formas dimantiem\" \/>\n<meta property=\"og:description\" content=\"Moderna dizaina gredzens ar dimantiem un mirdzo\u0161u dimantu st\u012bpi\u0146u. M\u016bsdien\u012bgs dizains, lieliski piem\u0113rots saderin\u0101\u0161anai un \u012bpa\u0161iem gad\u012bjumiem.\" \/>\n<meta property=\"og:url\" content=\"https:\/\/fashiongold.lt\/lv\/papuosalas\/dzeltena-zelta-gredzens-ar-mirdzosu-apalas-formas-dimantu-un-dimantiem-dimanta-sapnis-094-ct-h-si2\/\" \/>\n<meta property=\"og:site_name\" content=\"FashionGold.lt\" \/>\n<meta property=\"article:modified_time\" content=\"2026-02-19T07:29:23+00:00\" \/>\n<meta property=\"og:image\" content=\"https:\/\/fashiongold.lt\/wp-content\/uploads\/2025\/10\/6877-c14-Geltono-aukso-ziedas-su-spindinciu-Apvalios-formos-deimantu-ir-deimantais-Deimantine-svajone-094-ct.webp\" \/>\n\t<meta property=\"og:image:width\" content=\"1000\" \/>\n\t<meta property=\"og:image:height\" content=\"1000\" \/>\n\t<meta property=\"og:image:type\" content=\"image\/png\" \/>\n<meta name=\"twitter:card\" content=\"summary_large_image\" \/>\n<script type=\"application\/ld+json\" class=\"yoast-schema-graph\">{\"@context\":\"https:\/\/schema.org\",\"@graph\":[{\"@type\":\"WebPage\",\"@id\":\"https:\/\/fashiongold.lt\/lv\/papuosalas\/dzeltena-zelta-gredzens-ar-mirdzosu-apalas-formas-dimantu-un-dimantiem-dimanta-sapnis-094-ct-h-si2\/\",\"url\":\"https:\/\/fashiongold.lt\/lv\/papuosalas\/dzeltena-zelta-gredzens-ar-mirdzosu-apalas-formas-dimantu-un-dimantiem-dimanta-sapnis-094-ct-h-si2\/\",\"name\":\"Dzelten\u0101 zelta gredzens ar 0,94 ct apa\u013cas formas dimantiem\",\"isPartOf\":{\"@id\":\"https:\/\/fashiongold.lt\/lv\/#website\"},\"primaryImageOfPage\":{\"@id\":\"https:\/\/fashiongold.lt\/lv\/papuosalas\/dzeltena-zelta-gredzens-ar-mirdzosu-apalas-formas-dimantu-un-dimantiem-dimanta-sapnis-094-ct-h-si2\/#primaryimage\"},\"image\":{\"@id\":\"https:\/\/fashiongold.lt\/lv\/papuosalas\/dzeltena-zelta-gredzens-ar-mirdzosu-apalas-formas-dimantu-un-dimantiem-dimanta-sapnis-094-ct-h-si2\/#primaryimage\"},\"thumbnailUrl\":\"https:\/\/fashiongold.lt\/wp-content\/uploads\/2025\/10\/6877-c14-Geltono-aukso-ziedas-su-spindinciu-Apvalios-formos-deimantu-ir-deimantais-Deimantine-svajone-094-ct.png\",\"datePublished\":\"2025-10-10T00:51:01+00:00\",\"dateModified\":\"2026-02-19T07:29:23+00:00\",\"description\":\"Moderna dizaina gredzens ar dimantiem un mirdzo\u0161u dimantu st\u012bpi\u0146u. M\u016bsdien\u012bgs dizains, lieliski piem\u0113rots saderin\u0101\u0161anai un \u012bpa\u0161iem gad\u012bjumiem.\",\"breadcrumb\":{\"@id\":\"https:\/\/fashiongold.lt\/lv\/papuosalas\/dzeltena-zelta-gredzens-ar-mirdzosu-apalas-formas-dimantu-un-dimantiem-dimanta-sapnis-094-ct-h-si2\/#breadcrumb\"},\"inLanguage\":\"lv-LV\",\"potentialAction\":[{\"@type\":\"ReadAction\",\"target\":[\"https:\/\/fashiongold.lt\/lv\/papuosalas\/dzeltena-zelta-gredzens-ar-mirdzosu-apalas-formas-dimantu-un-dimantiem-dimanta-sapnis-094-ct-h-si2\/\"]}]},{\"@type\":\"ImageObject\",\"inLanguage\":\"lv-LV\",\"@id\":\"https:\/\/fashiongold.lt\/lv\/papuosalas\/dzeltena-zelta-gredzens-ar-mirdzosu-apalas-formas-dimantu-un-dimantiem-dimanta-sapnis-094-ct-h-si2\/#primaryimage\",\"url\":\"https:\/\/fashiongold.lt\/wp-content\/uploads\/2025\/10\/6877-c14-Geltono-aukso-ziedas-su-spindinciu-Apvalios-formos-deimantu-ir-deimantais-Deimantine-svajone-094-ct.png\",\"contentUrl\":\"https:\/\/fashiongold.lt\/wp-content\/uploads\/2025\/10\/6877-c14-Geltono-aukso-ziedas-su-spindinciu-Apvalios-formos-deimantu-ir-deimantais-Deimantine-svajone-094-ct.png\",\"width\":1000,\"height\":1000},{\"@type\":\"BreadcrumbList\",\"@id\":\"https:\/\/fashiongold.lt\/lv\/papuosalas\/dzeltena-zelta-gredzens-ar-mirdzosu-apalas-formas-dimantu-un-dimantiem-dimanta-sapnis-094-ct-h-si2\/#breadcrumb\",\"itemListElement\":[{\"@type\":\"ListItem\",\"position\":1,\"name\":\"Home\",\"item\":\"https:\/\/fashiongold.lt\/lv\/\"},{\"@type\":\"ListItem\",\"position\":2,\"name\":\"Dimantu veikals Fashiongold.lt\",\"item\":\"https:\/\/fashiongold.lt\/shop-2\/\"},{\"@type\":\"ListItem\",\"position\":3,\"name\":\"Dzelten\u0101 zelta gredzens ar mirdzo\u0161u apa\u013cas formas dimantu un dimantiem \u2013 Dimanta sapnis (0,94 ct H\/SI2)\"}]},{\"@type\":\"WebSite\",\"@id\":\"https:\/\/fashiongold.lt\/lv\/#website\",\"url\":\"https:\/\/fashiongold.lt\/lv\/\",\"name\":\"Fashion Gold\",\"description\":\"Juvelyrikos namai\",\"publisher\":{\"@id\":\"https:\/\/fashiongold.lt\/lv\/#organization\"},\"potentialAction\":[{\"@type\":\"SearchAction\",\"target\":{\"@type\":\"EntryPoint\",\"urlTemplate\":\"https:\/\/fashiongold.lt\/lv\/?s={search_term_string}\"},\"query-input\":{\"@type\":\"PropertyValueSpecification\",\"valueRequired\":true,\"valueName\":\"search_term_string\"}}],\"inLanguage\":\"lv-LV\"},{\"@type\":\"Organization\",\"@id\":\"https:\/\/fashiongold.lt\/lv\/#organization\",\"name\":\"Topdiamonds Online\",\"url\":\"https:\/\/fashiongold.lt\/lv\/\",\"logo\":{\"@type\":\"ImageObject\",\"inLanguage\":\"lv-LV\",\"@id\":\"https:\/\/fashiongold.lt\/lv\/#\/schema\/logo\/image\/\",\"url\":\"https:\/\/fashiongold.lt\/wp-content\/uploads\/2025\/04\/cropped-fashion_gold_logotipas2-scaled-1.png\",\"contentUrl\":\"https:\/\/fashiongold.lt\/wp-content\/uploads\/2025\/04\/cropped-fashion_gold_logotipas2-scaled-1.png\",\"width\":2559,\"height\":421,\"caption\":\"Topdiamonds Online\"},\"image\":{\"@id\":\"https:\/\/fashiongold.lt\/lv\/#\/schema\/logo\/image\/\"}}]}<\/script>\n<!-- \/ Yoast SEO plugin. -->","yoast_head_json":{"title":"Dzelten\u0101 zelta gredzens ar 0,94 ct apa\u013cas formas dimantiem","description":"Moderna dizaina gredzens ar dimantiem un mirdzo\u0161u dimantu st\u012bpi\u0146u. M\u016bsdien\u012bgs dizains, lieliski piem\u0113rots saderin\u0101\u0161anai un \u012bpa\u0161iem gad\u012bjumiem.","robots":{"index":"index","follow":"follow","max-snippet":"max-snippet:-1","max-image-preview":"max-image-preview:large","max-video-preview":"max-video-preview:-1"},"canonical":"https:\/\/fashiongold.lt\/lv\/papuosalas\/dzeltena-zelta-gredzens-ar-mirdzosu-apalas-formas-dimantu-un-dimantiem-dimanta-sapnis-094-ct-h-si2\/","og_locale":"lv_LV","og_type":"article","og_title":"Dzelten\u0101 zelta gredzens ar 0,94 ct apa\u013cas formas dimantiem","og_description":"Moderna dizaina gredzens ar dimantiem un mirdzo\u0161u dimantu st\u012bpi\u0146u. M\u016bsdien\u012bgs dizains, lieliski piem\u0113rots saderin\u0101\u0161anai un \u012bpa\u0161iem gad\u012bjumiem.","og_url":"https:\/\/fashiongold.lt\/lv\/papuosalas\/dzeltena-zelta-gredzens-ar-mirdzosu-apalas-formas-dimantu-un-dimantiem-dimanta-sapnis-094-ct-h-si2\/","og_site_name":"FashionGold.lt","article_modified_time":"2026-02-19T07:29:23+00:00","og_image":[{"width":1000,"height":1000,"url":"https:\/\/fashiongold.lt\/wp-content\/uploads\/2025\/10\/6877-c14-Geltono-aukso-ziedas-su-spindinciu-Apvalios-formos-deimantu-ir-deimantais-Deimantine-svajone-094-ct.webp","type":"image\/png"}],"twitter_card":"summary_large_image","schema":{"@context":"https:\/\/schema.org","@graph":[{"@type":"WebPage","@id":"https:\/\/fashiongold.lt\/lv\/papuosalas\/dzeltena-zelta-gredzens-ar-mirdzosu-apalas-formas-dimantu-un-dimantiem-dimanta-sapnis-094-ct-h-si2\/","url":"https:\/\/fashiongold.lt\/lv\/papuosalas\/dzeltena-zelta-gredzens-ar-mirdzosu-apalas-formas-dimantu-un-dimantiem-dimanta-sapnis-094-ct-h-si2\/","name":"Dzelten\u0101 zelta gredzens ar 0,94 ct apa\u013cas formas dimantiem","isPartOf":{"@id":"https:\/\/fashiongold.lt\/lv\/#website"},"primaryImageOfPage":{"@id":"https:\/\/fashiongold.lt\/lv\/papuosalas\/dzeltena-zelta-gredzens-ar-mirdzosu-apalas-formas-dimantu-un-dimantiem-dimanta-sapnis-094-ct-h-si2\/#primaryimage"},"image":{"@id":"https:\/\/fashiongold.lt\/lv\/papuosalas\/dzeltena-zelta-gredzens-ar-mirdzosu-apalas-formas-dimantu-un-dimantiem-dimanta-sapnis-094-ct-h-si2\/#primaryimage"},"thumbnailUrl":"https:\/\/fashiongold.lt\/wp-content\/uploads\/2025\/10\/6877-c14-Geltono-aukso-ziedas-su-spindinciu-Apvalios-formos-deimantu-ir-deimantais-Deimantine-svajone-094-ct.png","datePublished":"2025-10-10T00:51:01+00:00","dateModified":"2026-02-19T07:29:23+00:00","description":"Moderna dizaina gredzens ar dimantiem un mirdzo\u0161u dimantu st\u012bpi\u0146u. M\u016bsdien\u012bgs dizains, lieliski piem\u0113rots saderin\u0101\u0161anai un \u012bpa\u0161iem gad\u012bjumiem.","breadcrumb":{"@id":"https:\/\/fashiongold.lt\/lv\/papuosalas\/dzeltena-zelta-gredzens-ar-mirdzosu-apalas-formas-dimantu-un-dimantiem-dimanta-sapnis-094-ct-h-si2\/#breadcrumb"},"inLanguage":"lv-LV","potentialAction":[{"@type":"ReadAction","target":["https:\/\/fashiongold.lt\/lv\/papuosalas\/dzeltena-zelta-gredzens-ar-mirdzosu-apalas-formas-dimantu-un-dimantiem-dimanta-sapnis-094-ct-h-si2\/"]}]},{"@type":"ImageObject","inLanguage":"lv-LV","@id":"https:\/\/fashiongold.lt\/lv\/papuosalas\/dzeltena-zelta-gredzens-ar-mirdzosu-apalas-formas-dimantu-un-dimantiem-dimanta-sapnis-094-ct-h-si2\/#primaryimage","url":"https:\/\/fashiongold.lt\/wp-content\/uploads\/2025\/10\/6877-c14-Geltono-aukso-ziedas-su-spindinciu-Apvalios-formos-deimantu-ir-deimantais-Deimantine-svajone-094-ct.png","contentUrl":"https:\/\/fashiongold.lt\/wp-content\/uploads\/2025\/10\/6877-c14-Geltono-aukso-ziedas-su-spindinciu-Apvalios-formos-deimantu-ir-deimantais-Deimantine-svajone-094-ct.png","width":1000,"height":1000},{"@type":"BreadcrumbList","@id":"https:\/\/fashiongold.lt\/lv\/papuosalas\/dzeltena-zelta-gredzens-ar-mirdzosu-apalas-formas-dimantu-un-dimantiem-dimanta-sapnis-094-ct-h-si2\/#breadcrumb","itemListElement":[{"@type":"ListItem","position":1,"name":"Home","item":"https:\/\/fashiongold.lt\/lv\/"},{"@type":"ListItem","position":2,"name":"Dimantu veikals Fashiongold.lt","item":"https:\/\/fashiongold.lt\/shop-2\/"},{"@type":"ListItem","position":3,"name":"Dzelten\u0101 zelta gredzens ar mirdzo\u0161u apa\u013cas formas dimantu un dimantiem \u2013 Dimanta sapnis (0,94 ct H\/SI2)"}]},{"@type":"WebSite","@id":"https:\/\/fashiongold.lt\/lv\/#website","url":"https:\/\/fashiongold.lt\/lv\/","name":"Fashion Gold","description":"Juvelyrikos namai","publisher":{"@id":"https:\/\/fashiongold.lt\/lv\/#organization"},"potentialAction":[{"@type":"SearchAction","target":{"@type":"EntryPoint","urlTemplate":"https:\/\/fashiongold.lt\/lv\/?s={search_term_string}"},"query-input":{"@type":"PropertyValueSpecification","valueRequired":true,"valueName":"search_term_string"}}],"inLanguage":"lv-LV"},{"@type":"Organization","@id":"https:\/\/fashiongold.lt\/lv\/#organization","name":"Topdiamonds Online","url":"https:\/\/fashiongold.lt\/lv\/","logo":{"@type":"ImageObject","inLanguage":"lv-LV","@id":"https:\/\/fashiongold.lt\/lv\/#\/schema\/logo\/image\/","url":"https:\/\/fashiongold.lt\/wp-content\/uploads\/2025\/04\/cropped-fashion_gold_logotipas2-scaled-1.png","contentUrl":"https:\/\/fashiongold.lt\/wp-content\/uploads\/2025\/04\/cropped-fashion_gold_logotipas2-scaled-1.png","width":2559,"height":421,"caption":"Topdiamonds Online"},"image":{"@id":"https:\/\/fashiongold.lt\/lv\/#\/schema\/logo\/image\/"}}]}},"_links":{"self":[{"href":"https:\/\/fashiongold.lt\/lv\/wp-json\/wp\/v2\/product\/292053","targetHints":{"allow":["GET"]}}],"collection":[{"href":"https:\/\/fashiongold.lt\/lv\/wp-json\/wp\/v2\/product"}],"about":[{"href":"https:\/\/fashiongold.lt\/lv\/wp-json\/wp\/v2\/types\/product"}],"version-history":[{"count":0,"href":"https:\/\/fashiongold.lt\/lv\/wp-json\/wp\/v2\/product\/292053\/revisions"}],"wp:featuredmedia":[{"embeddable":true,"href":"https:\/\/fashiongold.lt\/lv\/wp-json\/wp\/v2\/media\/85538"}],"wp:attachment":[{"href":"https:\/\/fashiongold.lt\/lv\/wp-json\/wp\/v2\/media?parent=292053"}],"wp:term":[{"taxonomy":"product_brand","embeddable":true,"href":"https:\/\/fashiongold.lt\/lv\/wp-json\/wp\/v2\/product_brand?post=292053"},{"taxonomy":"product_cat","embeddable":true,"href":"https:\/\/fashiongold.lt\/lv\/wp-json\/wp\/v2\/product_cat?post=292053"},{"taxonomy":"product_tag","embeddable":true,"href":"https:\/\/fashiongold.lt\/lv\/wp-json\/wp\/v2\/product_tag?post=292053"}],"curies":[{"name":"wp","href":"https:\/\/api.w.org\/{rel}","templated":true}]}}