{"id":292323,"date":"2025-10-10T00:08:14","date_gmt":"2025-10-10T00:08:14","guid":{"rendered":"https:\/\/fashiongold.lt\/papuosalas\/balta-zelta-auskari-ar-dzelteniem-safiriem-safira-rinkisi-020-ct\/"},"modified":"2025-10-10T00:08:14","modified_gmt":"2025-10-10T00:08:14","slug":"balta-zelta-auskari-ar-dzelteniem-safiriem-safira-rinkisi-020-ct","status":"publish","type":"product","link":"https:\/\/fashiongold.lt\/lv\/papuosalas\/balta-zelta-auskari-ar-dzelteniem-safiriem-safira-rinkisi-020-ct\/","title":{"rendered":"Balt\u0101 zelta auskari ar dzelteniem saf\u012briem \u2013 Saf\u012bra ri\u0146\u0137\u012b\u0161i (0,20 ct)"},"content":{"rendered":"<p>\u201eFashion Gold\u201c juvelieru rad\u012bti eleganti zelta auskari, no kuriem katru rot\u0101 desmit dimanti. Auskaru aizdare ir \u013coti kvalitat\u012bva, t\u0101p\u0113c tos nepazaud\u0113siet. Izgatavots Lietuv\u0101. Auskarus var izgatavot p\u0113c pas\u016bt\u012bjuma: no sarkan\u0101, dzelten\u0101 un balt\u0101 zelta.   <\/p>\n<p>Dzeltens saf\u012brs ir ret\u0101ks nek\u0101 zilais. Saska\u0146\u0101 ar astrolo\u0123iju tas \u012bpa\u0161i piem\u0113rots cilv\u0113kiem, kuri dzimu\u0161i Lauvas, Str\u0113lnieka un Zivju z\u012bm\u0113s. Lauv\u0101m tas nes veiksmi un sp\u0113ku, pal\u012bdzot izpaust l\u012bdera dot\u012bbas. \u0160is talismans ir \u013coti piem\u0113rots medi\u0137iem, k\u0101 ar\u012b tiem, kam daudz j\u0101run\u0101 un j\u0101raksta. <\/p>\n<p>\u2022 D\u0101rgakmens veids: Dab\u012bgs dzeltens saf\u012brs <\/p>\n<p>\u2022 D\u0101rgakmens forma: Apa\u013ca forma (Round cut)     <\/p>\n<p>\u2022 D\u0101rgakmens raksturojums: 0,10 ct <\/p>\n<p>\u2022 Sertifik\u0101ts: Lietuvas Provju pal\u0101ta (LPR)       <\/p>\n<p>\u2022 Auskaru zelts: 14K (585. prove)       <\/p>\n<p>\u2022 Auskaru kr\u0101sa: baltais zelts         <\/p>\n<p>\u2022 Auskaru svars: aptuveni 1,00-1,20 g       <\/p>\n<p>\u2022 Auskaru izm\u0113ri:  <\/p>\n","protected":false},"excerpt":{"rendered":"<p>Roku darba balt\u0101 zelta auskari \u2013 ri\u0146\u0137\u012b\u0161i ar dzeltenajiem saf\u012briem. Modernais auskaru transformatoru dizains \u013cauj n\u0113s\u0101t tikai auskarus vai piek\u0101rt \u012bpa\u0161i izgatavotus piekari\u0146us ar d\u0101rgakme\u0146iem. Piem\u0113roti ikdienas n\u0113s\u0101\u0161anai vai \u012bpa\u0161iem gad\u012bjumiem.<\/p>\n","protected":false},"featured_media":83494,"template":"","meta":{"site-sidebar-layout":"","site-content-layout":"","ast-site-content-layout":"","site-content-style":"","site-sidebar-style":"","ast-global-header-display":"","ast-banner-title-visibility":"","ast-main-header-display":"","ast-hfb-above-header-display":"","ast-hfb-below-header-display":"","ast-hfb-mobile-header-display":"","site-post-title":"","ast-breadcrumbs-content":"","ast-featured-img":"","footer-sml-layout":"","ast-disable-related-posts":"","theme-transparent-header-meta":"","adv-header-id-meta":"","stick-header-meta":"","header-above-stick-meta":"","header-main-stick-meta":"","header-below-stick-meta":"","astra-migrate-meta-layouts":"default","ast-page-background-enabled":"default","ast-page-background-meta":{"desktop":{"background-color":"var(--ast-global-color-4)","background-image":"","background-repeat":"repeat","background-position":"center center","background-size":"auto","background-attachment":"scroll","background-type":"","background-media":"","overlay-type":"","overlay-color":"","overlay-opacity":"","overlay-gradient":""},"tablet":{"background-color":"","background-image":"","background-repeat":"repeat","background-position":"center center","background-size":"auto","background-attachment":"scroll","background-type":"","background-media":"","overlay-type":"","overlay-color":"","overlay-opacity":"","overlay-gradient":""},"mobile":{"background-color":"","background-image":"","background-repeat":"repeat","background-position":"center center","background-size":"auto","background-attachment":"scroll","background-type":"","background-media":"","overlay-type":"","overlay-color":"","overlay-opacity":"","overlay-gradient":""}},"ast-content-background-meta":{"desktop":{"background-color":"var(--ast-global-color-5)","background-image":"","background-repeat":"repeat","background-position":"center center","background-size":"auto","background-attachment":"scroll","background-type":"","background-media":"","overlay-type":"","overlay-color":"","overlay-opacity":"","overlay-gradient":""},"tablet":{"background-color":"var(--ast-global-color-5)","background-image":"","background-repeat":"repeat","background-position":"center center","background-size":"auto","background-attachment":"scroll","background-type":"","background-media":"","overlay-type":"","overlay-color":"","overlay-opacity":"","overlay-gradient":""},"mobile":{"background-color":"var(--ast-global-color-5)","background-image":"","background-repeat":"repeat","background-position":"center center","background-size":"auto","background-attachment":"scroll","background-type":"","background-media":"","overlay-type":"","overlay-color":"","overlay-opacity":"","overlay-gradient":""}}},"product_brand":[],"product_cat":[2980,2978,3405,3538,2919,3406,2915,2913,2921,2920,3403,2916,2914,3042,3401,2922,2934,2936,2918],"product_tag":[],"class_list":{"0":"post-292323","1":"product","2":"type-product","3":"status-publish","4":"has-post-thumbnail","6":"product_cat-auskari-ar-dargakmeniem","7":"product_cat-auskari-ar-dimantiem","8":"product_cat-auskari-meitenem-bernu-auskari","9":"product_cat-auskari-rinkisi","10":"product_cat-baltzelta-rotaslietas","11":"product_cat-davana-pirmaja-komunija","12":"product_cat-davanas-berna-piedzimsanai","13":"product_cat-davanas-dzimsanas-diena","14":"product_cat-davanas-ipasiem-gadijumiem","15":"product_cat-davanas-izlaidumam","16":"product_cat-davanas-kazam","17":"product_cat-davanas-kazu-gadadiena","18":"product_cat-davanas-sievietem","19":"product_cat-juvelierizstradajumi","20":"product_cat-kristibu-davanas","21":"product_cat-mates-dienas-davanas","22":"product_cat-safirs-juvelierizstradajumi-ar-safiriem","23":"product_cat-valentindienas-davanas","24":"product_cat-ziemassvetku-davanas","25":"desktop-align-center","26":"tablet-align-left","27":"mobile-align-left","28":"ast-product-gallery-layout-horizontal-slider","29":"ast-product-gallery-with-no-image","30":"ast-product-tabs-layout-accordion","31":"ast-qv-on-image","33":"first","34":"instock","35":"taxable","36":"shipping-taxable","37":"purchasable","38":"product-type-simple"},"yoast_head":"<!-- This site is optimized with the Yoast SEO plugin v26.6 - https:\/\/yoast.com\/wordpress\/plugins\/seo\/ -->\n<title>Balt\u0101 zelta auskari ar dzelteniem saf\u012briem - Saf\u012bra ri\u0146\u0137\u012b\u0161i<\/title>\n<meta name=\"description\" content=\"Ar rok\u0101m darin\u0101ti balt\u0101 zelta auskari - ri\u0146\u0137\u012b\u0161i ar dzelteniem saf\u012briem. Uz tiem var uzkarin\u0101t piekari\u0146us ar d\u0101rgakme\u0146iem. Piem\u0113roti ikdienai vai \u012bpa\u0161iem gad\u012bjumiem.\" \/>\n<meta name=\"robots\" content=\"index, follow, max-snippet:-1, max-image-preview:large, max-video-preview:-1\" \/>\n<link rel=\"canonical\" href=\"https:\/\/fashiongold.lt\/lv\/papuosalas\/balta-zelta-auskari-ar-dzelteniem-safiriem-safira-rinkisi-020-ct\/\" \/>\n<meta property=\"og:locale\" content=\"lv_LV\" \/>\n<meta property=\"og:type\" content=\"article\" \/>\n<meta property=\"og:title\" content=\"Balt\u0101 zelta auskari ar dzelteniem saf\u012briem - Saf\u012bra ri\u0146\u0137\u012b\u0161i\" \/>\n<meta property=\"og:description\" content=\"Ar rok\u0101m darin\u0101ti balt\u0101 zelta auskari - ri\u0146\u0137\u012b\u0161i ar dzelteniem saf\u012briem. Uz tiem var uzkarin\u0101t piekari\u0146us ar d\u0101rgakme\u0146iem. Piem\u0113roti ikdienai vai \u012bpa\u0161iem gad\u012bjumiem.\" \/>\n<meta property=\"og:url\" content=\"https:\/\/fashiongold.lt\/lv\/papuosalas\/balta-zelta-auskari-ar-dzelteniem-safiriem-safira-rinkisi-020-ct\/\" \/>\n<meta property=\"og:site_name\" content=\"FashionGold.lt\" \/>\n<meta property=\"og:image\" content=\"https:\/\/fashiongold.lt\/wp-content\/uploads\/2025\/10\/6552-985-Balto-aukso-auskarai-su-geltonais-safyrais-Safyrines-rinkutes-020-ct.webp\" \/>\n\t<meta property=\"og:image:width\" content=\"1000\" \/>\n\t<meta property=\"og:image:height\" content=\"1000\" \/>\n\t<meta property=\"og:image:type\" content=\"image\/png\" \/>\n<meta name=\"twitter:card\" content=\"summary_large_image\" \/>\n<meta name=\"twitter:label1\" content=\"Est. reading time\" \/>\n\t<meta name=\"twitter:data1\" content=\"1 minute\" \/>\n<script type=\"application\/ld+json\" class=\"yoast-schema-graph\">{\"@context\":\"https:\/\/schema.org\",\"@graph\":[{\"@type\":\"WebPage\",\"@id\":\"https:\/\/fashiongold.lt\/lv\/papuosalas\/balta-zelta-auskari-ar-dzelteniem-safiriem-safira-rinkisi-020-ct\/\",\"url\":\"https:\/\/fashiongold.lt\/lv\/papuosalas\/balta-zelta-auskari-ar-dzelteniem-safiriem-safira-rinkisi-020-ct\/\",\"name\":\"Balt\u0101 zelta auskari ar dzelteniem saf\u012briem - Saf\u012bra ri\u0146\u0137\u012b\u0161i\",\"isPartOf\":{\"@id\":\"https:\/\/fashiongold.lt\/lv\/#website\"},\"primaryImageOfPage\":{\"@id\":\"https:\/\/fashiongold.lt\/lv\/papuosalas\/balta-zelta-auskari-ar-dzelteniem-safiriem-safira-rinkisi-020-ct\/#primaryimage\"},\"image\":{\"@id\":\"https:\/\/fashiongold.lt\/lv\/papuosalas\/balta-zelta-auskari-ar-dzelteniem-safiriem-safira-rinkisi-020-ct\/#primaryimage\"},\"thumbnailUrl\":\"https:\/\/fashiongold.lt\/wp-content\/uploads\/2025\/10\/6552-985-Balto-aukso-auskarai-su-geltonais-safyrais-Safyrines-rinkutes-020-ct.png\",\"datePublished\":\"2025-10-10T00:08:14+00:00\",\"description\":\"Ar rok\u0101m darin\u0101ti balt\u0101 zelta auskari - ri\u0146\u0137\u012b\u0161i ar dzelteniem saf\u012briem. Uz tiem var uzkarin\u0101t piekari\u0146us ar d\u0101rgakme\u0146iem. Piem\u0113roti ikdienai vai \u012bpa\u0161iem gad\u012bjumiem.\",\"breadcrumb\":{\"@id\":\"https:\/\/fashiongold.lt\/lv\/papuosalas\/balta-zelta-auskari-ar-dzelteniem-safiriem-safira-rinkisi-020-ct\/#breadcrumb\"},\"inLanguage\":\"lv-LV\",\"potentialAction\":[{\"@type\":\"ReadAction\",\"target\":[\"https:\/\/fashiongold.lt\/lv\/papuosalas\/balta-zelta-auskari-ar-dzelteniem-safiriem-safira-rinkisi-020-ct\/\"]}]},{\"@type\":\"ImageObject\",\"inLanguage\":\"lv-LV\",\"@id\":\"https:\/\/fashiongold.lt\/lv\/papuosalas\/balta-zelta-auskari-ar-dzelteniem-safiriem-safira-rinkisi-020-ct\/#primaryimage\",\"url\":\"https:\/\/fashiongold.lt\/wp-content\/uploads\/2025\/10\/6552-985-Balto-aukso-auskarai-su-geltonais-safyrais-Safyrines-rinkutes-020-ct.png\",\"contentUrl\":\"https:\/\/fashiongold.lt\/wp-content\/uploads\/2025\/10\/6552-985-Balto-aukso-auskarai-su-geltonais-safyrais-Safyrines-rinkutes-020-ct.png\",\"width\":1000,\"height\":1000},{\"@type\":\"BreadcrumbList\",\"@id\":\"https:\/\/fashiongold.lt\/lv\/papuosalas\/balta-zelta-auskari-ar-dzelteniem-safiriem-safira-rinkisi-020-ct\/#breadcrumb\",\"itemListElement\":[{\"@type\":\"ListItem\",\"position\":1,\"name\":\"Home\",\"item\":\"https:\/\/fashiongold.lt\/lv\/\"},{\"@type\":\"ListItem\",\"position\":2,\"name\":\"Dimantu veikals Fashiongold.lt\",\"item\":\"https:\/\/fashiongold.lt\/shop-2\/\"},{\"@type\":\"ListItem\",\"position\":3,\"name\":\"Balt\u0101 zelta auskari ar dzelteniem saf\u012briem \u2013 Saf\u012bra ri\u0146\u0137\u012b\u0161i (0,20 ct)\"}]},{\"@type\":\"WebSite\",\"@id\":\"https:\/\/fashiongold.lt\/lv\/#website\",\"url\":\"https:\/\/fashiongold.lt\/lv\/\",\"name\":\"Fashion Gold\",\"description\":\"Juvelyrikos namai\",\"publisher\":{\"@id\":\"https:\/\/fashiongold.lt\/lv\/#organization\"},\"potentialAction\":[{\"@type\":\"SearchAction\",\"target\":{\"@type\":\"EntryPoint\",\"urlTemplate\":\"https:\/\/fashiongold.lt\/lv\/?s={search_term_string}\"},\"query-input\":{\"@type\":\"PropertyValueSpecification\",\"valueRequired\":true,\"valueName\":\"search_term_string\"}}],\"inLanguage\":\"lv-LV\"},{\"@type\":\"Organization\",\"@id\":\"https:\/\/fashiongold.lt\/lv\/#organization\",\"name\":\"Topdiamonds Online\",\"url\":\"https:\/\/fashiongold.lt\/lv\/\",\"logo\":{\"@type\":\"ImageObject\",\"inLanguage\":\"lv-LV\",\"@id\":\"https:\/\/fashiongold.lt\/lv\/#\/schema\/logo\/image\/\",\"url\":\"https:\/\/fashiongold.lt\/wp-content\/uploads\/2025\/04\/cropped-fashion_gold_logotipas2-scaled-1.png\",\"contentUrl\":\"https:\/\/fashiongold.lt\/wp-content\/uploads\/2025\/04\/cropped-fashion_gold_logotipas2-scaled-1.png\",\"width\":2559,\"height\":421,\"caption\":\"Topdiamonds Online\"},\"image\":{\"@id\":\"https:\/\/fashiongold.lt\/lv\/#\/schema\/logo\/image\/\"}}]}<\/script>\n<!-- \/ Yoast SEO plugin. -->","yoast_head_json":{"title":"Balt\u0101 zelta auskari ar dzelteniem saf\u012briem - Saf\u012bra ri\u0146\u0137\u012b\u0161i","description":"Ar rok\u0101m darin\u0101ti balt\u0101 zelta auskari - ri\u0146\u0137\u012b\u0161i ar dzelteniem saf\u012briem. Uz tiem var uzkarin\u0101t piekari\u0146us ar d\u0101rgakme\u0146iem. Piem\u0113roti ikdienai vai \u012bpa\u0161iem gad\u012bjumiem.","robots":{"index":"index","follow":"follow","max-snippet":"max-snippet:-1","max-image-preview":"max-image-preview:large","max-video-preview":"max-video-preview:-1"},"canonical":"https:\/\/fashiongold.lt\/lv\/papuosalas\/balta-zelta-auskari-ar-dzelteniem-safiriem-safira-rinkisi-020-ct\/","og_locale":"lv_LV","og_type":"article","og_title":"Balt\u0101 zelta auskari ar dzelteniem saf\u012briem - Saf\u012bra ri\u0146\u0137\u012b\u0161i","og_description":"Ar rok\u0101m darin\u0101ti balt\u0101 zelta auskari - ri\u0146\u0137\u012b\u0161i ar dzelteniem saf\u012briem. Uz tiem var uzkarin\u0101t piekari\u0146us ar d\u0101rgakme\u0146iem. Piem\u0113roti ikdienai vai \u012bpa\u0161iem gad\u012bjumiem.","og_url":"https:\/\/fashiongold.lt\/lv\/papuosalas\/balta-zelta-auskari-ar-dzelteniem-safiriem-safira-rinkisi-020-ct\/","og_site_name":"FashionGold.lt","og_image":[{"width":1000,"height":1000,"url":"https:\/\/fashiongold.lt\/wp-content\/uploads\/2025\/10\/6552-985-Balto-aukso-auskarai-su-geltonais-safyrais-Safyrines-rinkutes-020-ct.webp","type":"image\/png"}],"twitter_card":"summary_large_image","twitter_misc":{"Est. reading time":"1 minute"},"schema":{"@context":"https:\/\/schema.org","@graph":[{"@type":"WebPage","@id":"https:\/\/fashiongold.lt\/lv\/papuosalas\/balta-zelta-auskari-ar-dzelteniem-safiriem-safira-rinkisi-020-ct\/","url":"https:\/\/fashiongold.lt\/lv\/papuosalas\/balta-zelta-auskari-ar-dzelteniem-safiriem-safira-rinkisi-020-ct\/","name":"Balt\u0101 zelta auskari ar dzelteniem saf\u012briem - Saf\u012bra ri\u0146\u0137\u012b\u0161i","isPartOf":{"@id":"https:\/\/fashiongold.lt\/lv\/#website"},"primaryImageOfPage":{"@id":"https:\/\/fashiongold.lt\/lv\/papuosalas\/balta-zelta-auskari-ar-dzelteniem-safiriem-safira-rinkisi-020-ct\/#primaryimage"},"image":{"@id":"https:\/\/fashiongold.lt\/lv\/papuosalas\/balta-zelta-auskari-ar-dzelteniem-safiriem-safira-rinkisi-020-ct\/#primaryimage"},"thumbnailUrl":"https:\/\/fashiongold.lt\/wp-content\/uploads\/2025\/10\/6552-985-Balto-aukso-auskarai-su-geltonais-safyrais-Safyrines-rinkutes-020-ct.png","datePublished":"2025-10-10T00:08:14+00:00","description":"Ar rok\u0101m darin\u0101ti balt\u0101 zelta auskari - ri\u0146\u0137\u012b\u0161i ar dzelteniem saf\u012briem. Uz tiem var uzkarin\u0101t piekari\u0146us ar d\u0101rgakme\u0146iem. Piem\u0113roti ikdienai vai \u012bpa\u0161iem gad\u012bjumiem.","breadcrumb":{"@id":"https:\/\/fashiongold.lt\/lv\/papuosalas\/balta-zelta-auskari-ar-dzelteniem-safiriem-safira-rinkisi-020-ct\/#breadcrumb"},"inLanguage":"lv-LV","potentialAction":[{"@type":"ReadAction","target":["https:\/\/fashiongold.lt\/lv\/papuosalas\/balta-zelta-auskari-ar-dzelteniem-safiriem-safira-rinkisi-020-ct\/"]}]},{"@type":"ImageObject","inLanguage":"lv-LV","@id":"https:\/\/fashiongold.lt\/lv\/papuosalas\/balta-zelta-auskari-ar-dzelteniem-safiriem-safira-rinkisi-020-ct\/#primaryimage","url":"https:\/\/fashiongold.lt\/wp-content\/uploads\/2025\/10\/6552-985-Balto-aukso-auskarai-su-geltonais-safyrais-Safyrines-rinkutes-020-ct.png","contentUrl":"https:\/\/fashiongold.lt\/wp-content\/uploads\/2025\/10\/6552-985-Balto-aukso-auskarai-su-geltonais-safyrais-Safyrines-rinkutes-020-ct.png","width":1000,"height":1000},{"@type":"BreadcrumbList","@id":"https:\/\/fashiongold.lt\/lv\/papuosalas\/balta-zelta-auskari-ar-dzelteniem-safiriem-safira-rinkisi-020-ct\/#breadcrumb","itemListElement":[{"@type":"ListItem","position":1,"name":"Home","item":"https:\/\/fashiongold.lt\/lv\/"},{"@type":"ListItem","position":2,"name":"Dimantu veikals Fashiongold.lt","item":"https:\/\/fashiongold.lt\/shop-2\/"},{"@type":"ListItem","position":3,"name":"Balt\u0101 zelta auskari ar dzelteniem saf\u012briem \u2013 Saf\u012bra ri\u0146\u0137\u012b\u0161i (0,20 ct)"}]},{"@type":"WebSite","@id":"https:\/\/fashiongold.lt\/lv\/#website","url":"https:\/\/fashiongold.lt\/lv\/","name":"Fashion Gold","description":"Juvelyrikos namai","publisher":{"@id":"https:\/\/fashiongold.lt\/lv\/#organization"},"potentialAction":[{"@type":"SearchAction","target":{"@type":"EntryPoint","urlTemplate":"https:\/\/fashiongold.lt\/lv\/?s={search_term_string}"},"query-input":{"@type":"PropertyValueSpecification","valueRequired":true,"valueName":"search_term_string"}}],"inLanguage":"lv-LV"},{"@type":"Organization","@id":"https:\/\/fashiongold.lt\/lv\/#organization","name":"Topdiamonds Online","url":"https:\/\/fashiongold.lt\/lv\/","logo":{"@type":"ImageObject","inLanguage":"lv-LV","@id":"https:\/\/fashiongold.lt\/lv\/#\/schema\/logo\/image\/","url":"https:\/\/fashiongold.lt\/wp-content\/uploads\/2025\/04\/cropped-fashion_gold_logotipas2-scaled-1.png","contentUrl":"https:\/\/fashiongold.lt\/wp-content\/uploads\/2025\/04\/cropped-fashion_gold_logotipas2-scaled-1.png","width":2559,"height":421,"caption":"Topdiamonds Online"},"image":{"@id":"https:\/\/fashiongold.lt\/lv\/#\/schema\/logo\/image\/"}}]}},"_links":{"self":[{"href":"https:\/\/fashiongold.lt\/lv\/wp-json\/wp\/v2\/product\/292323","targetHints":{"allow":["GET"]}}],"collection":[{"href":"https:\/\/fashiongold.lt\/lv\/wp-json\/wp\/v2\/product"}],"about":[{"href":"https:\/\/fashiongold.lt\/lv\/wp-json\/wp\/v2\/types\/product"}],"version-history":[{"count":0,"href":"https:\/\/fashiongold.lt\/lv\/wp-json\/wp\/v2\/product\/292323\/revisions"}],"wp:featuredmedia":[{"embeddable":true,"href":"https:\/\/fashiongold.lt\/lv\/wp-json\/wp\/v2\/media\/83494"}],"wp:attachment":[{"href":"https:\/\/fashiongold.lt\/lv\/wp-json\/wp\/v2\/media?parent=292323"}],"wp:term":[{"taxonomy":"product_brand","embeddable":true,"href":"https:\/\/fashiongold.lt\/lv\/wp-json\/wp\/v2\/product_brand?post=292323"},{"taxonomy":"product_cat","embeddable":true,"href":"https:\/\/fashiongold.lt\/lv\/wp-json\/wp\/v2\/product_cat?post=292323"},{"taxonomy":"product_tag","embeddable":true,"href":"https:\/\/fashiongold.lt\/lv\/wp-json\/wp\/v2\/product_tag?post=292323"}],"curies":[{"name":"wp","href":"https:\/\/api.w.org\/{rel}","templated":true}]}}