{"id":292403,"date":"2025-10-10T00:07:18","date_gmt":"2025-10-10T00:07:18","guid":{"rendered":"https:\/\/fashiongold.lt\/papuosalas\/balta-zelta-auskari-ar-juras-perlem-akoya-10-mm\/"},"modified":"2025-10-10T00:07:18","modified_gmt":"2025-10-10T00:07:18","slug":"balta-zelta-auskari-ar-juras-perlem-akoya-10-mm","status":"publish","type":"product","link":"https:\/\/fashiongold.lt\/lv\/papuosalas\/balta-zelta-auskari-ar-juras-perlem-akoya-10-mm\/","title":{"rendered":"Balt\u0101 zelta auskari ar j\u016bras p\u0113rl\u0113m (Akoya, 10 mm)"},"content":{"rendered":"<p>Juvelierizstr\u0101d\u0101jumu nama \u201eFashion Gold&#8221; juvelieru rad\u012bti ekskluz\u012bvi auskari ar p\u0113rl\u0113m. P\u0113rle izstaro harmoniju un mieru sird\u012b. Jau kop\u0161 seniem laikiem p\u0113rles reprezent\u0113ja skaistumu, nevain\u012bbu un jutekliskumu, bet daudzi tic\u0113ja, ka t\u0101s var piesaist\u012bt veiksmi un finansi\u0101lo labkl\u0101j\u012bbu \u012bpa\u0161niekam. Auskari var tikt izgatavoti p\u0113c pas\u016bt\u012bjuma: no sarkan\u0101, dzelten\u0101 un balt\u0101 zelta.   <\/p>\n<p>\u2022 P\u0113rles tips: j\u016bras Akoya p\u0113rles      <\/p>\n<p>\u2022 P\u0113rles forma: Apa\u013ca forma (Round cut)       <\/p>\n<p>\u2022 P\u0113rles raksturojums: 10 mm, AA (augsta kvalit\u0101te)   <\/p>\n<p>\u2022 Sertifik\u0101ts: Lietuvas Prove\u0161anas pal\u0101ta (LPR)         <\/p>\n<p>\u2022 Izstr\u0101d\u0101juma zelts: 14K (585 prove)         <\/p>\n<p>\u2022 Izstr\u0101d\u0101juma kr\u0101sa: dzeltenais zelts         <\/p>\n<p>\u2022 Izstr\u0101d\u0101juma svars: 2,30 g       <\/p>\n<p>\u2022 Izstr\u0101d\u0101juma izm\u0113ri: 10 mm<\/p>\n","protected":false},"excerpt":{"rendered":"<p>Balt\u0101 zelta auskari ar j\u016bras Akoya p\u0113rl\u0113m (10 mm). \u0112rti nagli\u0146auskari. Lieliska d\u0101vana ikdienai un \u012bpa\u0161iem gad\u012bjumiem.<\/p>\n","protected":false},"featured_media":83264,"template":"","meta":{"site-sidebar-layout":"","site-content-layout":"","ast-site-content-layout":"","site-content-style":"","site-sidebar-style":"","ast-global-header-display":"","ast-banner-title-visibility":"","ast-main-header-display":"","ast-hfb-above-header-display":"","ast-hfb-below-header-display":"","ast-hfb-mobile-header-display":"","site-post-title":"","ast-breadcrumbs-content":"","ast-featured-img":"","footer-sml-layout":"","ast-disable-related-posts":"","theme-transparent-header-meta":"","adv-header-id-meta":"","stick-header-meta":"","header-above-stick-meta":"","header-main-stick-meta":"","header-below-stick-meta":"","astra-migrate-meta-layouts":"default","ast-page-background-enabled":"default","ast-page-background-meta":{"desktop":{"background-color":"var(--ast-global-color-4)","background-image":"","background-repeat":"repeat","background-position":"center center","background-size":"auto","background-attachment":"scroll","background-type":"","background-media":"","overlay-type":"","overlay-color":"","overlay-opacity":"","overlay-gradient":""},"tablet":{"background-color":"","background-image":"","background-repeat":"repeat","background-position":"center center","background-size":"auto","background-attachment":"scroll","background-type":"","background-media":"","overlay-type":"","overlay-color":"","overlay-opacity":"","overlay-gradient":""},"mobile":{"background-color":"","background-image":"","background-repeat":"repeat","background-position":"center center","background-size":"auto","background-attachment":"scroll","background-type":"","background-media":"","overlay-type":"","overlay-color":"","overlay-opacity":"","overlay-gradient":""}},"ast-content-background-meta":{"desktop":{"background-color":"var(--ast-global-color-5)","background-image":"","background-repeat":"repeat","background-position":"center center","background-size":"auto","background-attachment":"scroll","background-type":"","background-media":"","overlay-type":"","overlay-color":"","overlay-opacity":"","overlay-gradient":""},"tablet":{"background-color":"var(--ast-global-color-5)","background-image":"","background-repeat":"repeat","background-position":"center center","background-size":"auto","background-attachment":"scroll","background-type":"","background-media":"","overlay-type":"","overlay-color":"","overlay-opacity":"","overlay-gradient":""},"mobile":{"background-color":"var(--ast-global-color-5)","background-image":"","background-repeat":"repeat","background-position":"center center","background-size":"auto","background-attachment":"scroll","background-type":"","background-media":"","overlay-type":"","overlay-color":"","overlay-opacity":"","overlay-gradient":""}}},"product_brand":[],"product_cat":[2978,2983,3405,2981,2919,2915,2913,2921,2920,3403,2916,2914,3042,2922,2982,3404,2936,2918],"product_tag":[],"class_list":{"0":"post-292403","1":"product","2":"type-product","3":"status-publish","4":"has-post-thumbnail","6":"product_cat-auskari-ar-dimantiem","7":"product_cat-auskari-ar-perlem","8":"product_cat-auskari-meitenem-bernu-auskari","9":"product_cat-auskari-naglinas","10":"product_cat-baltzelta-rotaslietas","11":"product_cat-davanas-berna-piedzimsanai","12":"product_cat-davanas-dzimsanas-diena","13":"product_cat-davanas-ipasiem-gadijumiem","14":"product_cat-davanas-izlaidumam","15":"product_cat-davanas-kazam","16":"product_cat-davanas-kazu-gadadiena","17":"product_cat-davanas-sievietem","18":"product_cat-juvelierizstradajumi","19":"product_cat-mates-dienas-davanas","20":"product_cat-perles-juvelierizstradajumi-ar-perlem","21":"product_cat-svinigi-auskari","22":"product_cat-valentindienas-davanas","23":"product_cat-ziemassvetku-davanas","24":"desktop-align-center","25":"tablet-align-left","26":"mobile-align-left","27":"ast-product-gallery-layout-horizontal-slider","28":"ast-product-gallery-with-no-image","29":"ast-product-tabs-layout-accordion","30":"ast-qv-on-image","32":"first","33":"instock","34":"taxable","35":"shipping-taxable","36":"purchasable","37":"product-type-simple"},"yoast_head":"<!-- This site is optimized with the Yoast SEO plugin v26.6 - https:\/\/yoast.com\/wordpress\/plugins\/seo\/ -->\n<title>Balt\u0101 zelta auskari ar j\u016bras p\u0113rl\u0113m (Akoya, 10 mm)<\/title>\n<meta name=\"description\" content=\"Balt\u0101 zelta auskari ar j\u016bras Akoya p\u0113rl\u0113m. Auskari-nagli\u0146as. Lieliska d\u0101vana ikdienai un \u012bpa\u0161iem gad\u012bjumiem. Bezmaksas pieg\u0101de vis\u0101 Lietuv\u0101.\" \/>\n<meta name=\"robots\" content=\"index, follow, max-snippet:-1, max-image-preview:large, max-video-preview:-1\" \/>\n<link rel=\"canonical\" href=\"https:\/\/fashiongold.lt\/lv\/papuosalas\/balta-zelta-auskari-ar-juras-perlem-akoya-10-mm\/\" \/>\n<meta property=\"og:locale\" content=\"lv_LV\" \/>\n<meta property=\"og:type\" content=\"article\" \/>\n<meta property=\"og:title\" content=\"Balt\u0101 zelta auskari ar j\u016bras p\u0113rl\u0113m (Akoya, 10 mm)\" \/>\n<meta property=\"og:description\" content=\"Balt\u0101 zelta auskari ar j\u016bras Akoya p\u0113rl\u0113m. Auskari-nagli\u0146as. Lieliska d\u0101vana ikdienai un \u012bpa\u0161iem gad\u012bjumiem. Bezmaksas pieg\u0101de vis\u0101 Lietuv\u0101.\" \/>\n<meta property=\"og:url\" content=\"https:\/\/fashiongold.lt\/lv\/papuosalas\/balta-zelta-auskari-ar-juras-perlem-akoya-10-mm\/\" \/>\n<meta property=\"og:site_name\" content=\"FashionGold.lt\" \/>\n<meta property=\"og:image\" content=\"https:\/\/fashiongold.lt\/wp-content\/uploads\/2025\/10\/6454-217-Balto-aukso-auskarai-su-juriniais-perlais-Akoya-10-mm.webp\" \/>\n\t<meta property=\"og:image:width\" content=\"1000\" \/>\n\t<meta property=\"og:image:height\" content=\"1000\" \/>\n\t<meta property=\"og:image:type\" content=\"image\/jpeg\" \/>\n<meta name=\"twitter:card\" content=\"summary_large_image\" \/>\n<meta name=\"twitter:label1\" content=\"Est. reading time\" \/>\n\t<meta name=\"twitter:data1\" content=\"1 minute\" \/>\n<script type=\"application\/ld+json\" class=\"yoast-schema-graph\">{\"@context\":\"https:\/\/schema.org\",\"@graph\":[{\"@type\":\"WebPage\",\"@id\":\"https:\/\/fashiongold.lt\/lv\/papuosalas\/balta-zelta-auskari-ar-juras-perlem-akoya-10-mm\/\",\"url\":\"https:\/\/fashiongold.lt\/lv\/papuosalas\/balta-zelta-auskari-ar-juras-perlem-akoya-10-mm\/\",\"name\":\"Balt\u0101 zelta auskari ar j\u016bras p\u0113rl\u0113m (Akoya, 10 mm)\",\"isPartOf\":{\"@id\":\"https:\/\/fashiongold.lt\/lv\/#website\"},\"primaryImageOfPage\":{\"@id\":\"https:\/\/fashiongold.lt\/lv\/papuosalas\/balta-zelta-auskari-ar-juras-perlem-akoya-10-mm\/#primaryimage\"},\"image\":{\"@id\":\"https:\/\/fashiongold.lt\/lv\/papuosalas\/balta-zelta-auskari-ar-juras-perlem-akoya-10-mm\/#primaryimage\"},\"thumbnailUrl\":\"https:\/\/fashiongold.lt\/wp-content\/uploads\/2025\/10\/6454-217-Balto-aukso-auskarai-su-juriniais-perlais-Akoya-10-mm.jpg\",\"datePublished\":\"2025-10-10T00:07:18+00:00\",\"description\":\"Balt\u0101 zelta auskari ar j\u016bras Akoya p\u0113rl\u0113m. Auskari-nagli\u0146as. Lieliska d\u0101vana ikdienai un \u012bpa\u0161iem gad\u012bjumiem. Bezmaksas pieg\u0101de vis\u0101 Lietuv\u0101.\",\"breadcrumb\":{\"@id\":\"https:\/\/fashiongold.lt\/lv\/papuosalas\/balta-zelta-auskari-ar-juras-perlem-akoya-10-mm\/#breadcrumb\"},\"inLanguage\":\"lv-LV\",\"potentialAction\":[{\"@type\":\"ReadAction\",\"target\":[\"https:\/\/fashiongold.lt\/lv\/papuosalas\/balta-zelta-auskari-ar-juras-perlem-akoya-10-mm\/\"]}]},{\"@type\":\"ImageObject\",\"inLanguage\":\"lv-LV\",\"@id\":\"https:\/\/fashiongold.lt\/lv\/papuosalas\/balta-zelta-auskari-ar-juras-perlem-akoya-10-mm\/#primaryimage\",\"url\":\"https:\/\/fashiongold.lt\/wp-content\/uploads\/2025\/10\/6454-217-Balto-aukso-auskarai-su-juriniais-perlais-Akoya-10-mm.jpg\",\"contentUrl\":\"https:\/\/fashiongold.lt\/wp-content\/uploads\/2025\/10\/6454-217-Balto-aukso-auskarai-su-juriniais-perlais-Akoya-10-mm.jpg\",\"width\":1000,\"height\":1000},{\"@type\":\"BreadcrumbList\",\"@id\":\"https:\/\/fashiongold.lt\/lv\/papuosalas\/balta-zelta-auskari-ar-juras-perlem-akoya-10-mm\/#breadcrumb\",\"itemListElement\":[{\"@type\":\"ListItem\",\"position\":1,\"name\":\"Home\",\"item\":\"https:\/\/fashiongold.lt\/lv\/\"},{\"@type\":\"ListItem\",\"position\":2,\"name\":\"Dimantu veikals Fashiongold.lt\",\"item\":\"https:\/\/fashiongold.lt\/shop-2\/\"},{\"@type\":\"ListItem\",\"position\":3,\"name\":\"Balt\u0101 zelta auskari ar j\u016bras p\u0113rl\u0113m (Akoya, 10 mm)\"}]},{\"@type\":\"WebSite\",\"@id\":\"https:\/\/fashiongold.lt\/lv\/#website\",\"url\":\"https:\/\/fashiongold.lt\/lv\/\",\"name\":\"Fashion Gold\",\"description\":\"Juvelyrikos namai\",\"publisher\":{\"@id\":\"https:\/\/fashiongold.lt\/lv\/#organization\"},\"potentialAction\":[{\"@type\":\"SearchAction\",\"target\":{\"@type\":\"EntryPoint\",\"urlTemplate\":\"https:\/\/fashiongold.lt\/lv\/?s={search_term_string}\"},\"query-input\":{\"@type\":\"PropertyValueSpecification\",\"valueRequired\":true,\"valueName\":\"search_term_string\"}}],\"inLanguage\":\"lv-LV\"},{\"@type\":\"Organization\",\"@id\":\"https:\/\/fashiongold.lt\/lv\/#organization\",\"name\":\"Topdiamonds Online\",\"url\":\"https:\/\/fashiongold.lt\/lv\/\",\"logo\":{\"@type\":\"ImageObject\",\"inLanguage\":\"lv-LV\",\"@id\":\"https:\/\/fashiongold.lt\/lv\/#\/schema\/logo\/image\/\",\"url\":\"https:\/\/fashiongold.lt\/wp-content\/uploads\/2025\/04\/cropped-fashion_gold_logotipas2-scaled-1.png\",\"contentUrl\":\"https:\/\/fashiongold.lt\/wp-content\/uploads\/2025\/04\/cropped-fashion_gold_logotipas2-scaled-1.png\",\"width\":2559,\"height\":421,\"caption\":\"Topdiamonds Online\"},\"image\":{\"@id\":\"https:\/\/fashiongold.lt\/lv\/#\/schema\/logo\/image\/\"}}]}<\/script>\n<!-- \/ Yoast SEO plugin. -->","yoast_head_json":{"title":"Balt\u0101 zelta auskari ar j\u016bras p\u0113rl\u0113m (Akoya, 10 mm)","description":"Balt\u0101 zelta auskari ar j\u016bras Akoya p\u0113rl\u0113m. Auskari-nagli\u0146as. Lieliska d\u0101vana ikdienai un \u012bpa\u0161iem gad\u012bjumiem. Bezmaksas pieg\u0101de vis\u0101 Lietuv\u0101.","robots":{"index":"index","follow":"follow","max-snippet":"max-snippet:-1","max-image-preview":"max-image-preview:large","max-video-preview":"max-video-preview:-1"},"canonical":"https:\/\/fashiongold.lt\/lv\/papuosalas\/balta-zelta-auskari-ar-juras-perlem-akoya-10-mm\/","og_locale":"lv_LV","og_type":"article","og_title":"Balt\u0101 zelta auskari ar j\u016bras p\u0113rl\u0113m (Akoya, 10 mm)","og_description":"Balt\u0101 zelta auskari ar j\u016bras Akoya p\u0113rl\u0113m. Auskari-nagli\u0146as. Lieliska d\u0101vana ikdienai un \u012bpa\u0161iem gad\u012bjumiem. Bezmaksas pieg\u0101de vis\u0101 Lietuv\u0101.","og_url":"https:\/\/fashiongold.lt\/lv\/papuosalas\/balta-zelta-auskari-ar-juras-perlem-akoya-10-mm\/","og_site_name":"FashionGold.lt","og_image":[{"width":1000,"height":1000,"url":"https:\/\/fashiongold.lt\/wp-content\/uploads\/2025\/10\/6454-217-Balto-aukso-auskarai-su-juriniais-perlais-Akoya-10-mm.webp","type":"image\/jpeg"}],"twitter_card":"summary_large_image","twitter_misc":{"Est. reading time":"1 minute"},"schema":{"@context":"https:\/\/schema.org","@graph":[{"@type":"WebPage","@id":"https:\/\/fashiongold.lt\/lv\/papuosalas\/balta-zelta-auskari-ar-juras-perlem-akoya-10-mm\/","url":"https:\/\/fashiongold.lt\/lv\/papuosalas\/balta-zelta-auskari-ar-juras-perlem-akoya-10-mm\/","name":"Balt\u0101 zelta auskari ar j\u016bras p\u0113rl\u0113m (Akoya, 10 mm)","isPartOf":{"@id":"https:\/\/fashiongold.lt\/lv\/#website"},"primaryImageOfPage":{"@id":"https:\/\/fashiongold.lt\/lv\/papuosalas\/balta-zelta-auskari-ar-juras-perlem-akoya-10-mm\/#primaryimage"},"image":{"@id":"https:\/\/fashiongold.lt\/lv\/papuosalas\/balta-zelta-auskari-ar-juras-perlem-akoya-10-mm\/#primaryimage"},"thumbnailUrl":"https:\/\/fashiongold.lt\/wp-content\/uploads\/2025\/10\/6454-217-Balto-aukso-auskarai-su-juriniais-perlais-Akoya-10-mm.jpg","datePublished":"2025-10-10T00:07:18+00:00","description":"Balt\u0101 zelta auskari ar j\u016bras Akoya p\u0113rl\u0113m. Auskari-nagli\u0146as. Lieliska d\u0101vana ikdienai un \u012bpa\u0161iem gad\u012bjumiem. Bezmaksas pieg\u0101de vis\u0101 Lietuv\u0101.","breadcrumb":{"@id":"https:\/\/fashiongold.lt\/lv\/papuosalas\/balta-zelta-auskari-ar-juras-perlem-akoya-10-mm\/#breadcrumb"},"inLanguage":"lv-LV","potentialAction":[{"@type":"ReadAction","target":["https:\/\/fashiongold.lt\/lv\/papuosalas\/balta-zelta-auskari-ar-juras-perlem-akoya-10-mm\/"]}]},{"@type":"ImageObject","inLanguage":"lv-LV","@id":"https:\/\/fashiongold.lt\/lv\/papuosalas\/balta-zelta-auskari-ar-juras-perlem-akoya-10-mm\/#primaryimage","url":"https:\/\/fashiongold.lt\/wp-content\/uploads\/2025\/10\/6454-217-Balto-aukso-auskarai-su-juriniais-perlais-Akoya-10-mm.jpg","contentUrl":"https:\/\/fashiongold.lt\/wp-content\/uploads\/2025\/10\/6454-217-Balto-aukso-auskarai-su-juriniais-perlais-Akoya-10-mm.jpg","width":1000,"height":1000},{"@type":"BreadcrumbList","@id":"https:\/\/fashiongold.lt\/lv\/papuosalas\/balta-zelta-auskari-ar-juras-perlem-akoya-10-mm\/#breadcrumb","itemListElement":[{"@type":"ListItem","position":1,"name":"Home","item":"https:\/\/fashiongold.lt\/lv\/"},{"@type":"ListItem","position":2,"name":"Dimantu veikals Fashiongold.lt","item":"https:\/\/fashiongold.lt\/shop-2\/"},{"@type":"ListItem","position":3,"name":"Balt\u0101 zelta auskari ar j\u016bras p\u0113rl\u0113m (Akoya, 10 mm)"}]},{"@type":"WebSite","@id":"https:\/\/fashiongold.lt\/lv\/#website","url":"https:\/\/fashiongold.lt\/lv\/","name":"Fashion Gold","description":"Juvelyrikos namai","publisher":{"@id":"https:\/\/fashiongold.lt\/lv\/#organization"},"potentialAction":[{"@type":"SearchAction","target":{"@type":"EntryPoint","urlTemplate":"https:\/\/fashiongold.lt\/lv\/?s={search_term_string}"},"query-input":{"@type":"PropertyValueSpecification","valueRequired":true,"valueName":"search_term_string"}}],"inLanguage":"lv-LV"},{"@type":"Organization","@id":"https:\/\/fashiongold.lt\/lv\/#organization","name":"Topdiamonds Online","url":"https:\/\/fashiongold.lt\/lv\/","logo":{"@type":"ImageObject","inLanguage":"lv-LV","@id":"https:\/\/fashiongold.lt\/lv\/#\/schema\/logo\/image\/","url":"https:\/\/fashiongold.lt\/wp-content\/uploads\/2025\/04\/cropped-fashion_gold_logotipas2-scaled-1.png","contentUrl":"https:\/\/fashiongold.lt\/wp-content\/uploads\/2025\/04\/cropped-fashion_gold_logotipas2-scaled-1.png","width":2559,"height":421,"caption":"Topdiamonds Online"},"image":{"@id":"https:\/\/fashiongold.lt\/lv\/#\/schema\/logo\/image\/"}}]}},"_links":{"self":[{"href":"https:\/\/fashiongold.lt\/lv\/wp-json\/wp\/v2\/product\/292403","targetHints":{"allow":["GET"]}}],"collection":[{"href":"https:\/\/fashiongold.lt\/lv\/wp-json\/wp\/v2\/product"}],"about":[{"href":"https:\/\/fashiongold.lt\/lv\/wp-json\/wp\/v2\/types\/product"}],"version-history":[{"count":0,"href":"https:\/\/fashiongold.lt\/lv\/wp-json\/wp\/v2\/product\/292403\/revisions"}],"wp:featuredmedia":[{"embeddable":true,"href":"https:\/\/fashiongold.lt\/lv\/wp-json\/wp\/v2\/media\/83264"}],"wp:attachment":[{"href":"https:\/\/fashiongold.lt\/lv\/wp-json\/wp\/v2\/media?parent=292403"}],"wp:term":[{"taxonomy":"product_brand","embeddable":true,"href":"https:\/\/fashiongold.lt\/lv\/wp-json\/wp\/v2\/product_brand?post=292403"},{"taxonomy":"product_cat","embeddable":true,"href":"https:\/\/fashiongold.lt\/lv\/wp-json\/wp\/v2\/product_cat?post=292403"},{"taxonomy":"product_tag","embeddable":true,"href":"https:\/\/fashiongold.lt\/lv\/wp-json\/wp\/v2\/product_tag?post=292403"}],"curies":[{"name":"wp","href":"https:\/\/api.w.org\/{rel}","templated":true}]}}