{"id":292493,"date":"2025-10-10T00:04:03","date_gmt":"2025-10-10T00:04:03","guid":{"rendered":"https:\/\/fashiongold.lt\/papuosalas\/taiti-perle-balta-zelta-kedite-un-kulons-ar-juras-perli-taiti-8mm\/"},"modified":"2025-10-10T00:04:03","modified_gmt":"2025-10-10T00:04:03","slug":"taiti-perle-balta-zelta-kedite-un-kulons-ar-juras-perli-taiti-8mm","status":"publish","type":"product","link":"https:\/\/fashiongold.lt\/lv\/papuosalas\/taiti-perle-balta-zelta-kedite-un-kulons-ar-juras-perli-taiti-8mm\/","title":{"rendered":"Taiti p\u0113rle \u2013 balt\u0101 zelta \u0137\u0113d\u012bte un kulons ar j\u016bras p\u0113rli (Taiti, 8mm)"},"content":{"rendered":"<p>Ra\u017eots Lietuv\u0101. Meln\u0101 p\u0113rle ir gudr\u012bbas simbols, tai tiek pied\u0113v\u0113tas ma\u0123iskas \u012bpa\u0161\u012bbas aizsarg\u0101t pret \u013caunu aci, l\u0101stiem un \u013caunajiem gariem. Tas ir \u012bpa\u0161s amulets stipr\u0101m, p\u0101rliecin\u0101t\u0101m sieviet\u0113m. \u0136\u0113d\u012bte ar kulonu var tikt izgatavota p\u0113c pas\u016bt\u012bjuma: no sarkan\u0101, dzelten\u0101 vai balt\u0101 zelta.   <\/p>\n<p>\u2022 P\u0113rles veids: Taiti j\u016bras meln\u0101 p\u0113rle   <\/p>\n<p>\u2022 P\u0113rles forma: Apa\u013ca forma (Round cut)   <\/p>\n<p>\u2022 P\u0113rles raksturojums: 8 mm, AA+ (\u013coti augsta kvalit\u0101te)<\/p>\n<p>\u2022 Sertifik\u0101ts: Lietuvas Prove\u0161anas pal\u0101ta (LPR)     <\/p>\n<p>\u2022 Izstr\u0101d\u0101juma zelts: 14K (585. prove)     <\/p>\n<p>\u2022 Izstr\u0101d\u0101juma kr\u0101sa: baltais zelts     <\/p>\n<p>\u2022 Izstr\u0101d\u0101juma svars: 1,94 g   <\/p>\n<p>\u2022 Izstr\u0101d\u0101juma izm\u0113ri: \u0137\u0113d\u012bte &#8211; 42 cm, <\/p>\n","protected":false},"excerpt":{"rendered":"<p>Balt\u0101 zelta \u0137\u0113d\u012bte ar meln\u0101s p\u0113rles kulonu. \u0112rts n\u0113s\u0101\u0161anai \u2013 8 mm j\u016bras Taiti meln\u0101 p\u0113rle piestiprin\u0101ta pie smalkas un iztur\u012bgas \u0137\u0113d\u012btes. Unik\u0101ls talismans, lieliska d\u0101vana stipr\u0101m, p\u0101rliecin\u0101t\u0101m sieviet\u0113m. Iem\u016b\u017einiet mirkli ar \u0161o izsmalcin\u0101to kulonu.<\/p>\n","protected":false},"featured_media":82977,"template":"","meta":{"site-sidebar-layout":"","site-content-layout":"","ast-site-content-layout":"","site-content-style":"","site-sidebar-style":"","ast-global-header-display":"","ast-banner-title-visibility":"","ast-main-header-display":"","ast-hfb-above-header-display":"","ast-hfb-below-header-display":"","ast-hfb-mobile-header-display":"","site-post-title":"","ast-breadcrumbs-content":"","ast-featured-img":"","footer-sml-layout":"","ast-disable-related-posts":"","theme-transparent-header-meta":"","adv-header-id-meta":"","stick-header-meta":"","header-above-stick-meta":"","header-main-stick-meta":"","header-below-stick-meta":"","astra-migrate-meta-layouts":"default","ast-page-background-enabled":"default","ast-page-background-meta":{"desktop":{"background-color":"var(--ast-global-color-4)","background-image":"","background-repeat":"repeat","background-position":"center center","background-size":"auto","background-attachment":"scroll","background-type":"","background-media":"","overlay-type":"","overlay-color":"","overlay-opacity":"","overlay-gradient":""},"tablet":{"background-color":"","background-image":"","background-repeat":"repeat","background-position":"center center","background-size":"auto","background-attachment":"scroll","background-type":"","background-media":"","overlay-type":"","overlay-color":"","overlay-opacity":"","overlay-gradient":""},"mobile":{"background-color":"","background-image":"","background-repeat":"repeat","background-position":"center center","background-size":"auto","background-attachment":"scroll","background-type":"","background-media":"","overlay-type":"","overlay-color":"","overlay-opacity":"","overlay-gradient":""}},"ast-content-background-meta":{"desktop":{"background-color":"var(--ast-global-color-5)","background-image":"","background-repeat":"repeat","background-position":"center center","background-size":"auto","background-attachment":"scroll","background-type":"","background-media":"","overlay-type":"","overlay-color":"","overlay-opacity":"","overlay-gradient":""},"tablet":{"background-color":"var(--ast-global-color-5)","background-image":"","background-repeat":"repeat","background-position":"center center","background-size":"auto","background-attachment":"scroll","background-type":"","background-media":"","overlay-type":"","overlay-color":"","overlay-opacity":"","overlay-gradient":""},"mobile":{"background-color":"var(--ast-global-color-5)","background-image":"","background-repeat":"repeat","background-position":"center center","background-size":"auto","background-attachment":"scroll","background-type":"","background-media":"","overlay-type":"","overlay-color":"","overlay-opacity":"","overlay-gradient":""}}},"product_brand":[],"product_cat":[2919,2915,2913,2921,2920,3403,2916,2914,3042,3490,3401,3028,2922,2982,2936,3575,2918],"product_tag":[],"class_list":{"0":"post-292493","1":"product","2":"type-product","3":"status-publish","4":"has-post-thumbnail","6":"product_cat-baltzelta-rotaslietas","7":"product_cat-davanas-berna-piedzimsanai","8":"product_cat-davanas-dzimsanas-diena","9":"product_cat-davanas-ipasiem-gadijumiem","10":"product_cat-davanas-izlaidumam","11":"product_cat-davanas-kazam","12":"product_cat-davanas-kazu-gadadiena","13":"product_cat-davanas-sievietem","14":"product_cat-juvelierizstradajumi","15":"product_cat-kedites-ar-dimantiem","16":"product_cat-kristibu-davanas","17":"product_cat-kuloni-ar-dimantiem","18":"product_cat-mates-dienas-davanas","19":"product_cat-perles-juvelierizstradajumi-ar-perlem","20":"product_cat-valentindienas-davanas","21":"product_cat-zelta-kedite-ar-kulonu-ar-perlem","22":"product_cat-ziemassvetku-davanas","23":"desktop-align-center","24":"tablet-align-left","25":"mobile-align-left","26":"ast-product-gallery-layout-horizontal-slider","27":"ast-product-gallery-with-no-image","28":"ast-product-tabs-layout-accordion","29":"ast-qv-on-image","31":"first","32":"instock","33":"taxable","34":"shipping-taxable","35":"purchasable","36":"product-type-simple"},"yoast_head":"<!-- This site is optimized with the Yoast SEO plugin v26.6 - https:\/\/yoast.com\/wordpress\/plugins\/seo\/ -->\n<title>Taiti p\u0113rle - balt\u0101 zelta \u0137\u0113d\u012bte un piekari\u0146\u0161 ar j\u016bras p\u0113rli<\/title>\n<meta name=\"description\" content=\"Balt\u0101 zelta \u0137\u0113d\u012bte ar meln\u0101s 8 mm Taiti p\u0113rles kulonu. Unik\u0101ls talismans, lieliska d\u0101vana stipr\u0101m, p\u0101rliecin\u0101t\u0101m sieviet\u0113m.\" \/>\n<meta name=\"robots\" content=\"index, follow, max-snippet:-1, max-image-preview:large, max-video-preview:-1\" \/>\n<link rel=\"canonical\" href=\"https:\/\/fashiongold.lt\/lv\/papuosalas\/taiti-perle-balta-zelta-kedite-un-kulons-ar-juras-perli-taiti-8mm\/\" \/>\n<meta property=\"og:locale\" content=\"lv_LV\" \/>\n<meta property=\"og:type\" content=\"article\" \/>\n<meta property=\"og:title\" content=\"Taiti p\u0113rle - balt\u0101 zelta \u0137\u0113d\u012bte un piekari\u0146\u0161 ar j\u016bras p\u0113rli\" \/>\n<meta property=\"og:description\" content=\"Balt\u0101 zelta \u0137\u0113d\u012bte ar meln\u0101s 8 mm Taiti p\u0113rles kulonu. Unik\u0101ls talismans, lieliska d\u0101vana stipr\u0101m, p\u0101rliecin\u0101t\u0101m sieviet\u0113m.\" \/>\n<meta property=\"og:url\" content=\"https:\/\/fashiongold.lt\/lv\/papuosalas\/taiti-perle-balta-zelta-kedite-un-kulons-ar-juras-perli-taiti-8mm\/\" \/>\n<meta property=\"og:site_name\" content=\"FashionGold.lt\" \/>\n<meta property=\"og:image\" content=\"https:\/\/fashiongold.lt\/wp-content\/uploads\/2025\/10\/6365-a2b-Taicio-perlas-balto-aukso-pakabukas-su-juriniu-perlu.webp\" \/>\n\t<meta property=\"og:image:width\" content=\"1000\" \/>\n\t<meta property=\"og:image:height\" content=\"1000\" \/>\n\t<meta property=\"og:image:type\" content=\"image\/png\" \/>\n<meta name=\"twitter:card\" content=\"summary_large_image\" \/>\n<meta name=\"twitter:label1\" content=\"Est. reading time\" \/>\n\t<meta name=\"twitter:data1\" content=\"1 minute\" \/>\n<script type=\"application\/ld+json\" class=\"yoast-schema-graph\">{\"@context\":\"https:\/\/schema.org\",\"@graph\":[{\"@type\":\"WebPage\",\"@id\":\"https:\/\/fashiongold.lt\/lv\/papuosalas\/taiti-perle-balta-zelta-kedite-un-kulons-ar-juras-perli-taiti-8mm\/\",\"url\":\"https:\/\/fashiongold.lt\/lv\/papuosalas\/taiti-perle-balta-zelta-kedite-un-kulons-ar-juras-perli-taiti-8mm\/\",\"name\":\"Taiti p\u0113rle - balt\u0101 zelta \u0137\u0113d\u012bte un piekari\u0146\u0161 ar j\u016bras p\u0113rli\",\"isPartOf\":{\"@id\":\"https:\/\/fashiongold.lt\/lv\/#website\"},\"primaryImageOfPage\":{\"@id\":\"https:\/\/fashiongold.lt\/lv\/papuosalas\/taiti-perle-balta-zelta-kedite-un-kulons-ar-juras-perli-taiti-8mm\/#primaryimage\"},\"image\":{\"@id\":\"https:\/\/fashiongold.lt\/lv\/papuosalas\/taiti-perle-balta-zelta-kedite-un-kulons-ar-juras-perli-taiti-8mm\/#primaryimage\"},\"thumbnailUrl\":\"https:\/\/fashiongold.lt\/wp-content\/uploads\/2025\/10\/6365-a2b-Taicio-perlas-balto-aukso-pakabukas-su-juriniu-perlu.png\",\"datePublished\":\"2025-10-10T00:04:03+00:00\",\"description\":\"Balt\u0101 zelta \u0137\u0113d\u012bte ar meln\u0101s 8 mm Taiti p\u0113rles kulonu. Unik\u0101ls talismans, lieliska d\u0101vana stipr\u0101m, p\u0101rliecin\u0101t\u0101m sieviet\u0113m.\",\"breadcrumb\":{\"@id\":\"https:\/\/fashiongold.lt\/lv\/papuosalas\/taiti-perle-balta-zelta-kedite-un-kulons-ar-juras-perli-taiti-8mm\/#breadcrumb\"},\"inLanguage\":\"lv-LV\",\"potentialAction\":[{\"@type\":\"ReadAction\",\"target\":[\"https:\/\/fashiongold.lt\/lv\/papuosalas\/taiti-perle-balta-zelta-kedite-un-kulons-ar-juras-perli-taiti-8mm\/\"]}]},{\"@type\":\"ImageObject\",\"inLanguage\":\"lv-LV\",\"@id\":\"https:\/\/fashiongold.lt\/lv\/papuosalas\/taiti-perle-balta-zelta-kedite-un-kulons-ar-juras-perli-taiti-8mm\/#primaryimage\",\"url\":\"https:\/\/fashiongold.lt\/wp-content\/uploads\/2025\/10\/6365-a2b-Taicio-perlas-balto-aukso-pakabukas-su-juriniu-perlu.png\",\"contentUrl\":\"https:\/\/fashiongold.lt\/wp-content\/uploads\/2025\/10\/6365-a2b-Taicio-perlas-balto-aukso-pakabukas-su-juriniu-perlu.png\",\"width\":1000,\"height\":1000},{\"@type\":\"BreadcrumbList\",\"@id\":\"https:\/\/fashiongold.lt\/lv\/papuosalas\/taiti-perle-balta-zelta-kedite-un-kulons-ar-juras-perli-taiti-8mm\/#breadcrumb\",\"itemListElement\":[{\"@type\":\"ListItem\",\"position\":1,\"name\":\"Home\",\"item\":\"https:\/\/fashiongold.lt\/lv\/\"},{\"@type\":\"ListItem\",\"position\":2,\"name\":\"Dimantu veikals Fashiongold.lt\",\"item\":\"https:\/\/fashiongold.lt\/shop-2\/\"},{\"@type\":\"ListItem\",\"position\":3,\"name\":\"Taiti p\u0113rle \u2013 balt\u0101 zelta \u0137\u0113d\u012bte un kulons ar j\u016bras p\u0113rli (Taiti, 8mm)\"}]},{\"@type\":\"WebSite\",\"@id\":\"https:\/\/fashiongold.lt\/lv\/#website\",\"url\":\"https:\/\/fashiongold.lt\/lv\/\",\"name\":\"Fashion Gold\",\"description\":\"Juvelyrikos namai\",\"publisher\":{\"@id\":\"https:\/\/fashiongold.lt\/lv\/#organization\"},\"potentialAction\":[{\"@type\":\"SearchAction\",\"target\":{\"@type\":\"EntryPoint\",\"urlTemplate\":\"https:\/\/fashiongold.lt\/lv\/?s={search_term_string}\"},\"query-input\":{\"@type\":\"PropertyValueSpecification\",\"valueRequired\":true,\"valueName\":\"search_term_string\"}}],\"inLanguage\":\"lv-LV\"},{\"@type\":\"Organization\",\"@id\":\"https:\/\/fashiongold.lt\/lv\/#organization\",\"name\":\"Topdiamonds Online\",\"url\":\"https:\/\/fashiongold.lt\/lv\/\",\"logo\":{\"@type\":\"ImageObject\",\"inLanguage\":\"lv-LV\",\"@id\":\"https:\/\/fashiongold.lt\/lv\/#\/schema\/logo\/image\/\",\"url\":\"https:\/\/fashiongold.lt\/wp-content\/uploads\/2025\/04\/cropped-fashion_gold_logotipas2-scaled-1.png\",\"contentUrl\":\"https:\/\/fashiongold.lt\/wp-content\/uploads\/2025\/04\/cropped-fashion_gold_logotipas2-scaled-1.png\",\"width\":2559,\"height\":421,\"caption\":\"Topdiamonds Online\"},\"image\":{\"@id\":\"https:\/\/fashiongold.lt\/lv\/#\/schema\/logo\/image\/\"}}]}<\/script>\n<!-- \/ Yoast SEO plugin. -->","yoast_head_json":{"title":"Taiti p\u0113rle - balt\u0101 zelta \u0137\u0113d\u012bte un piekari\u0146\u0161 ar j\u016bras p\u0113rli","description":"Balt\u0101 zelta \u0137\u0113d\u012bte ar meln\u0101s 8 mm Taiti p\u0113rles kulonu. Unik\u0101ls talismans, lieliska d\u0101vana stipr\u0101m, p\u0101rliecin\u0101t\u0101m sieviet\u0113m.","robots":{"index":"index","follow":"follow","max-snippet":"max-snippet:-1","max-image-preview":"max-image-preview:large","max-video-preview":"max-video-preview:-1"},"canonical":"https:\/\/fashiongold.lt\/lv\/papuosalas\/taiti-perle-balta-zelta-kedite-un-kulons-ar-juras-perli-taiti-8mm\/","og_locale":"lv_LV","og_type":"article","og_title":"Taiti p\u0113rle - balt\u0101 zelta \u0137\u0113d\u012bte un piekari\u0146\u0161 ar j\u016bras p\u0113rli","og_description":"Balt\u0101 zelta \u0137\u0113d\u012bte ar meln\u0101s 8 mm Taiti p\u0113rles kulonu. Unik\u0101ls talismans, lieliska d\u0101vana stipr\u0101m, p\u0101rliecin\u0101t\u0101m sieviet\u0113m.","og_url":"https:\/\/fashiongold.lt\/lv\/papuosalas\/taiti-perle-balta-zelta-kedite-un-kulons-ar-juras-perli-taiti-8mm\/","og_site_name":"FashionGold.lt","og_image":[{"width":1000,"height":1000,"url":"https:\/\/fashiongold.lt\/wp-content\/uploads\/2025\/10\/6365-a2b-Taicio-perlas-balto-aukso-pakabukas-su-juriniu-perlu.webp","type":"image\/png"}],"twitter_card":"summary_large_image","twitter_misc":{"Est. reading time":"1 minute"},"schema":{"@context":"https:\/\/schema.org","@graph":[{"@type":"WebPage","@id":"https:\/\/fashiongold.lt\/lv\/papuosalas\/taiti-perle-balta-zelta-kedite-un-kulons-ar-juras-perli-taiti-8mm\/","url":"https:\/\/fashiongold.lt\/lv\/papuosalas\/taiti-perle-balta-zelta-kedite-un-kulons-ar-juras-perli-taiti-8mm\/","name":"Taiti p\u0113rle - balt\u0101 zelta \u0137\u0113d\u012bte un piekari\u0146\u0161 ar j\u016bras p\u0113rli","isPartOf":{"@id":"https:\/\/fashiongold.lt\/lv\/#website"},"primaryImageOfPage":{"@id":"https:\/\/fashiongold.lt\/lv\/papuosalas\/taiti-perle-balta-zelta-kedite-un-kulons-ar-juras-perli-taiti-8mm\/#primaryimage"},"image":{"@id":"https:\/\/fashiongold.lt\/lv\/papuosalas\/taiti-perle-balta-zelta-kedite-un-kulons-ar-juras-perli-taiti-8mm\/#primaryimage"},"thumbnailUrl":"https:\/\/fashiongold.lt\/wp-content\/uploads\/2025\/10\/6365-a2b-Taicio-perlas-balto-aukso-pakabukas-su-juriniu-perlu.png","datePublished":"2025-10-10T00:04:03+00:00","description":"Balt\u0101 zelta \u0137\u0113d\u012bte ar meln\u0101s 8 mm Taiti p\u0113rles kulonu. Unik\u0101ls talismans, lieliska d\u0101vana stipr\u0101m, p\u0101rliecin\u0101t\u0101m sieviet\u0113m.","breadcrumb":{"@id":"https:\/\/fashiongold.lt\/lv\/papuosalas\/taiti-perle-balta-zelta-kedite-un-kulons-ar-juras-perli-taiti-8mm\/#breadcrumb"},"inLanguage":"lv-LV","potentialAction":[{"@type":"ReadAction","target":["https:\/\/fashiongold.lt\/lv\/papuosalas\/taiti-perle-balta-zelta-kedite-un-kulons-ar-juras-perli-taiti-8mm\/"]}]},{"@type":"ImageObject","inLanguage":"lv-LV","@id":"https:\/\/fashiongold.lt\/lv\/papuosalas\/taiti-perle-balta-zelta-kedite-un-kulons-ar-juras-perli-taiti-8mm\/#primaryimage","url":"https:\/\/fashiongold.lt\/wp-content\/uploads\/2025\/10\/6365-a2b-Taicio-perlas-balto-aukso-pakabukas-su-juriniu-perlu.png","contentUrl":"https:\/\/fashiongold.lt\/wp-content\/uploads\/2025\/10\/6365-a2b-Taicio-perlas-balto-aukso-pakabukas-su-juriniu-perlu.png","width":1000,"height":1000},{"@type":"BreadcrumbList","@id":"https:\/\/fashiongold.lt\/lv\/papuosalas\/taiti-perle-balta-zelta-kedite-un-kulons-ar-juras-perli-taiti-8mm\/#breadcrumb","itemListElement":[{"@type":"ListItem","position":1,"name":"Home","item":"https:\/\/fashiongold.lt\/lv\/"},{"@type":"ListItem","position":2,"name":"Dimantu veikals Fashiongold.lt","item":"https:\/\/fashiongold.lt\/shop-2\/"},{"@type":"ListItem","position":3,"name":"Taiti p\u0113rle \u2013 balt\u0101 zelta \u0137\u0113d\u012bte un kulons ar j\u016bras p\u0113rli (Taiti, 8mm)"}]},{"@type":"WebSite","@id":"https:\/\/fashiongold.lt\/lv\/#website","url":"https:\/\/fashiongold.lt\/lv\/","name":"Fashion Gold","description":"Juvelyrikos namai","publisher":{"@id":"https:\/\/fashiongold.lt\/lv\/#organization"},"potentialAction":[{"@type":"SearchAction","target":{"@type":"EntryPoint","urlTemplate":"https:\/\/fashiongold.lt\/lv\/?s={search_term_string}"},"query-input":{"@type":"PropertyValueSpecification","valueRequired":true,"valueName":"search_term_string"}}],"inLanguage":"lv-LV"},{"@type":"Organization","@id":"https:\/\/fashiongold.lt\/lv\/#organization","name":"Topdiamonds Online","url":"https:\/\/fashiongold.lt\/lv\/","logo":{"@type":"ImageObject","inLanguage":"lv-LV","@id":"https:\/\/fashiongold.lt\/lv\/#\/schema\/logo\/image\/","url":"https:\/\/fashiongold.lt\/wp-content\/uploads\/2025\/04\/cropped-fashion_gold_logotipas2-scaled-1.png","contentUrl":"https:\/\/fashiongold.lt\/wp-content\/uploads\/2025\/04\/cropped-fashion_gold_logotipas2-scaled-1.png","width":2559,"height":421,"caption":"Topdiamonds Online"},"image":{"@id":"https:\/\/fashiongold.lt\/lv\/#\/schema\/logo\/image\/"}}]}},"_links":{"self":[{"href":"https:\/\/fashiongold.lt\/lv\/wp-json\/wp\/v2\/product\/292493","targetHints":{"allow":["GET"]}}],"collection":[{"href":"https:\/\/fashiongold.lt\/lv\/wp-json\/wp\/v2\/product"}],"about":[{"href":"https:\/\/fashiongold.lt\/lv\/wp-json\/wp\/v2\/types\/product"}],"version-history":[{"count":0,"href":"https:\/\/fashiongold.lt\/lv\/wp-json\/wp\/v2\/product\/292493\/revisions"}],"wp:featuredmedia":[{"embeddable":true,"href":"https:\/\/fashiongold.lt\/lv\/wp-json\/wp\/v2\/media\/82977"}],"wp:attachment":[{"href":"https:\/\/fashiongold.lt\/lv\/wp-json\/wp\/v2\/media?parent=292493"}],"wp:term":[{"taxonomy":"product_brand","embeddable":true,"href":"https:\/\/fashiongold.lt\/lv\/wp-json\/wp\/v2\/product_brand?post=292493"},{"taxonomy":"product_cat","embeddable":true,"href":"https:\/\/fashiongold.lt\/lv\/wp-json\/wp\/v2\/product_cat?post=292493"},{"taxonomy":"product_tag","embeddable":true,"href":"https:\/\/fashiongold.lt\/lv\/wp-json\/wp\/v2\/product_tag?post=292493"}],"curies":[{"name":"wp","href":"https:\/\/api.w.org\/{rel}","templated":true}]}}