{"id":292523,"date":"2025-10-09T23:56:12","date_gmt":"2025-10-09T23:56:12","guid":{"rendered":"https:\/\/fashiongold.lt\/papuosalas\/granata-modernums-dzeltena-zelta-gredzens-ar-granatu-un-dimantiem-133-ct\/"},"modified":"2025-10-09T23:56:12","modified_gmt":"2025-10-09T23:56:12","slug":"granata-modernums-dzeltena-zelta-gredzens-ar-granatu-un-dimantiem-133-ct","status":"publish","type":"product","link":"https:\/\/fashiongold.lt\/lv\/papuosalas\/granata-modernums-dzeltena-zelta-gredzens-ar-granatu-un-dimantiem-133-ct\/","title":{"rendered":"Gran\u0101ta modernums \u2013 dzelten\u0101 zelta gredzens ar gran\u0101tu un dimantiem (1,33 ct)"},"content":{"rendered":"<p style=\"box-sizing: inherit; margin: 0px; background-color: #fbfbfb;\"><span style=\"color: #777777; font-family: Roboto;\"><span style=\"font-size: 16px;\">Ra\u017eots Lietuv\u0101. Gredzens var tikt izgatavots p\u0113c pas\u016bt\u012bjuma: no sarkan\u0101, dzelten\u0101 un balt\u0101 zelta. <\/span><\/span><span style=\"background-color: #fafbfc; font-size: 16px;\"><span style=\"color: #777777; font-family: Roboto;\">Gran\u0101ts &#8211; kaisles un ener\u0123ijas simbols, saukts par dz\u012bv\u012bbas akmeni. Sp\u0113cino\u0161s sp\u0113kus un ener\u0123iju. \u012apa\u0161i nov\u0113rt\u0113ts k\u0101 m\u012blest\u012bbas talismans, pal\u012bdz att\u012bst\u012bt l\u012bder\u012bbu un k\u0101pt pa karjeras k\u0101pn\u0113m.<\/span><\/span><\/p>\n<p style=\"box-sizing: inherit; margin: 0px; background-color: #fbfbfb;\"><span style=\"font-size: 16px; color: #777777; font-family: Roboto;\">\u2022 Dimanta tips: Dab\u012bgs dimants <\/span><\/p>\n<p style=\"box-sizing: inherit; margin: 0px; background-color: #fbfbfb;\"><span style=\"color: #777777; font-family: Roboto;\"><span style=\"font-size: 16px;\">\u2022 Dimanta forma: Apa\u013ca forma (Round cut) <\/span><\/span><\/p>\n<p style=\"box-sizing: inherit; margin: 0px; background-color: #fbfbfb;\"><span style=\"color: #777777; font-family: Roboto;\"><span style=\"font-size: 16px;\">\u2022 Dimanta raksturojums: 0,03 ct, kr\u0101sa H-I(W-STW); dzidrums SI <\/span><\/span><\/p>\n<p style=\"box-sizing: inherit; margin: 0px; background-color: #fbfbfb;\"><span style=\"color: #777777; font-family: Roboto;\"><span style=\"font-size: 16px;\">\u2022 Centr\u0101lais akmens: Taisnst\u016bra formas gran\u0101ts 1,30 ct <\/span><\/span><\/p>\n<p style=\"box-sizing: inherit; margin: 0px; background-color: #fbfbfb;\"><span style=\"color: #777777; font-family: Roboto;\"><span style=\"font-size: 16px;\">\u2022 Sertifik\u0101ts: Lietuvas Prove\u0161anas pal\u0101ta (LPR) <\/span><\/span><\/p>\n<p style=\"box-sizing: inherit; margin: 0px; background-color: #fbfbfb;\"><span style=\"color: #777777; font-family: Roboto;\"><span style=\"font-size: 16px;\">\u2022 Gredzena zelts: 14K (585 prove) <\/span><\/span><\/p>\n<p style=\"box-sizing: inherit; margin: 0px; background-color: #fbfbfb;\"><span style=\"color: #777777; font-family: Roboto;\"><span style=\"font-size: 16px;\">\u2022 Gredzena kr\u0101sa: dzeltenais zelts <\/span><\/span><\/p>\n<p style=\"box-sizing: inherit; margin: 0px; background-color: #fbfbfb;\"><span style=\"color: #777777; font-family: Roboto;\"><span style=\"font-size: 16px;\">\u2022 Gredzena svars: aptuveni 1,90 &#8211; 2,30 g <\/span><\/span><\/p>\n<p style=\"box-sizing: inherit; margin: 0px; background-color: #fbfbfb;\"><span style=\"color: #777777; font-family: Roboto;\"><span style=\"font-size: 16px;\">\u2022 Gredzena izm\u0113ri: kro\u0146a da\u013ca aptuveni 7,20 mm, st\u012bpi\u0146a &#8211; 2,00 mm<\/span><\/span><\/p>\n","protected":false},"excerpt":{"rendered":"<p>Dzelten\u0101 zelta gredzens ar taisnst\u016bra formas gran\u0101tu un dimantiem. Gran\u0101ts centr\u0101, dimanti izvietoti ab\u0101s pus\u0113s. Lieliski piem\u0113rots saderin\u0101\u0161anai un ikdienai, pie\u0161\u0137irot greznuma akcentu j\u016bsu stilam.<\/p>\n","protected":false},"featured_media":82639,"template":"","meta":{"site-sidebar-layout":"","site-content-layout":"","ast-site-content-layout":"","site-content-style":"","site-sidebar-style":"","ast-global-header-display":"","ast-banner-title-visibility":"","ast-main-header-display":"","ast-hfb-above-header-display":"","ast-hfb-below-header-display":"","ast-hfb-mobile-header-display":"","site-post-title":"","ast-breadcrumbs-content":"","ast-featured-img":"","footer-sml-layout":"","ast-disable-related-posts":"","theme-transparent-header-meta":"","adv-header-id-meta":"","stick-header-meta":"","header-above-stick-meta":"","header-main-stick-meta":"","header-below-stick-meta":"","astra-migrate-meta-layouts":"default","ast-page-background-enabled":"default","ast-page-background-meta":{"desktop":{"background-color":"var(--ast-global-color-4)","background-image":"","background-repeat":"repeat","background-position":"center center","background-size":"auto","background-attachment":"scroll","background-type":"","background-media":"","overlay-type":"","overlay-color":"","overlay-opacity":"","overlay-gradient":""},"tablet":{"background-color":"","background-image":"","background-repeat":"repeat","background-position":"center center","background-size":"auto","background-attachment":"scroll","background-type":"","background-media":"","overlay-type":"","overlay-color":"","overlay-opacity":"","overlay-gradient":""},"mobile":{"background-color":"","background-image":"","background-repeat":"repeat","background-position":"center center","background-size":"auto","background-attachment":"scroll","background-type":"","background-media":"","overlay-type":"","overlay-color":"","overlay-opacity":"","overlay-gradient":""}},"ast-content-background-meta":{"desktop":{"background-color":"var(--ast-global-color-5)","background-image":"","background-repeat":"repeat","background-position":"center center","background-size":"auto","background-attachment":"scroll","background-type":"","background-media":"","overlay-type":"","overlay-color":"","overlay-opacity":"","overlay-gradient":""},"tablet":{"background-color":"var(--ast-global-color-5)","background-image":"","background-repeat":"repeat","background-position":"center center","background-size":"auto","background-attachment":"scroll","background-type":"","background-media":"","overlay-type":"","overlay-color":"","overlay-opacity":"","overlay-gradient":""},"mobile":{"background-color":"var(--ast-global-color-5)","background-image":"","background-repeat":"repeat","background-position":"center center","background-size":"auto","background-attachment":"scroll","background-type":"","background-media":"","overlay-type":"","overlay-color":"","overlay-opacity":"","overlay-gradient":""}}},"product_brand":[],"product_cat":[2915,2913,2920,3403,2916,2914,2923,3042,2922,2937,2936,2918],"product_tag":[],"class_list":{"0":"post-292523","1":"product","2":"type-product","3":"status-publish","4":"has-post-thumbnail","6":"product_cat-davanas-berna-piedzimsanai","7":"product_cat-davanas-dzimsanas-diena","8":"product_cat-davanas-izlaidumam","9":"product_cat-davanas-kazam","10":"product_cat-davanas-kazu-gadadiena","11":"product_cat-davanas-sievietem","12":"product_cat-dzeltena-zelta-juvelierizstradajumi","13":"product_cat-juvelierizstradajumi","14":"product_cat-mates-dienas-davanas","15":"product_cat-rotaslietas-ar-pusdargakmeniem","16":"product_cat-valentindienas-davanas","17":"product_cat-ziemassvetku-davanas","18":"desktop-align-center","19":"tablet-align-left","20":"mobile-align-left","21":"ast-product-gallery-layout-horizontal-slider","22":"ast-product-gallery-with-no-image","23":"ast-product-single-variable","24":"ast-product-tabs-layout-accordion","25":"ast-qv-on-image","27":"first","28":"instock","29":"taxable","30":"shipping-taxable","31":"purchasable","32":"product-type-variable"},"yoast_head":"<!-- This site is optimized with the Yoast SEO plugin v26.6 - https:\/\/yoast.com\/wordpress\/plugins\/seo\/ -->\n<title>Gran\u0101ta m\u016bsdien\u012bgums - dzelten\u0101 zelta gredzens ar gran\u0101tu un dimantiem<\/title>\n<meta name=\"description\" content=\"Dzelten\u0101 zelta gredzens ar taisnst\u016bra formas gran\u0101tu un dimantiem. Gran\u0101ts centr\u0101, dimanti izvietoti ab\u0101s pus\u0113s. Lieliski piem\u0113rots saderin\u0101\u0161anai un ikdienai.\" \/>\n<meta name=\"robots\" content=\"index, follow, max-snippet:-1, max-image-preview:large, max-video-preview:-1\" \/>\n<link rel=\"canonical\" href=\"https:\/\/fashiongold.lt\/lv\/papuosalas\/granata-modernums-dzeltena-zelta-gredzens-ar-granatu-un-dimantiem-133-ct\/\" \/>\n<meta property=\"og:locale\" content=\"lv_LV\" \/>\n<meta property=\"og:type\" content=\"article\" \/>\n<meta property=\"og:title\" content=\"Gran\u0101ta m\u016bsdien\u012bgums - dzelten\u0101 zelta gredzens ar gran\u0101tu un dimantiem\" \/>\n<meta property=\"og:description\" content=\"Dzelten\u0101 zelta gredzens ar taisnst\u016bra formas gran\u0101tu un dimantiem. Gran\u0101ts centr\u0101, dimanti izvietoti ab\u0101s pus\u0113s. Lieliski piem\u0113rots saderin\u0101\u0161anai un ikdienai.\" \/>\n<meta property=\"og:url\" content=\"https:\/\/fashiongold.lt\/lv\/papuosalas\/granata-modernums-dzeltena-zelta-gredzens-ar-granatu-un-dimantiem-133-ct\/\" \/>\n<meta property=\"og:site_name\" content=\"FashionGold.lt\" \/>\n<meta property=\"og:image\" content=\"https:\/\/fashiongold.lt\/wp-content\/uploads\/2025\/10\/6317-b51-Granato-modernumas-geltono-aukso-ziedas-su-granatu-ir-deimantais.webp\" \/>\n\t<meta property=\"og:image:width\" content=\"1000\" \/>\n\t<meta property=\"og:image:height\" content=\"1000\" \/>\n\t<meta property=\"og:image:type\" content=\"image\/jpeg\" \/>\n<meta name=\"twitter:card\" content=\"summary_large_image\" \/>\n<meta name=\"twitter:label1\" content=\"Est. reading time\" \/>\n\t<meta name=\"twitter:data1\" content=\"1 minute\" \/>\n<script type=\"application\/ld+json\" class=\"yoast-schema-graph\">{\"@context\":\"https:\/\/schema.org\",\"@graph\":[{\"@type\":\"WebPage\",\"@id\":\"https:\/\/fashiongold.lt\/lv\/papuosalas\/granata-modernums-dzeltena-zelta-gredzens-ar-granatu-un-dimantiem-133-ct\/\",\"url\":\"https:\/\/fashiongold.lt\/lv\/papuosalas\/granata-modernums-dzeltena-zelta-gredzens-ar-granatu-un-dimantiem-133-ct\/\",\"name\":\"Gran\u0101ta m\u016bsdien\u012bgums - dzelten\u0101 zelta gredzens ar gran\u0101tu un dimantiem\",\"isPartOf\":{\"@id\":\"https:\/\/fashiongold.lt\/lv\/#website\"},\"primaryImageOfPage\":{\"@id\":\"https:\/\/fashiongold.lt\/lv\/papuosalas\/granata-modernums-dzeltena-zelta-gredzens-ar-granatu-un-dimantiem-133-ct\/#primaryimage\"},\"image\":{\"@id\":\"https:\/\/fashiongold.lt\/lv\/papuosalas\/granata-modernums-dzeltena-zelta-gredzens-ar-granatu-un-dimantiem-133-ct\/#primaryimage\"},\"thumbnailUrl\":\"https:\/\/fashiongold.lt\/wp-content\/uploads\/2025\/10\/6317-b51-Granato-modernumas-geltono-aukso-ziedas-su-granatu-ir-deimantais.jpg\",\"datePublished\":\"2025-10-09T23:56:12+00:00\",\"description\":\"Dzelten\u0101 zelta gredzens ar taisnst\u016bra formas gran\u0101tu un dimantiem. Gran\u0101ts centr\u0101, dimanti izvietoti ab\u0101s pus\u0113s. Lieliski piem\u0113rots saderin\u0101\u0161anai un ikdienai.\",\"breadcrumb\":{\"@id\":\"https:\/\/fashiongold.lt\/lv\/papuosalas\/granata-modernums-dzeltena-zelta-gredzens-ar-granatu-un-dimantiem-133-ct\/#breadcrumb\"},\"inLanguage\":\"lv-LV\",\"potentialAction\":[{\"@type\":\"ReadAction\",\"target\":[\"https:\/\/fashiongold.lt\/lv\/papuosalas\/granata-modernums-dzeltena-zelta-gredzens-ar-granatu-un-dimantiem-133-ct\/\"]}]},{\"@type\":\"ImageObject\",\"inLanguage\":\"lv-LV\",\"@id\":\"https:\/\/fashiongold.lt\/lv\/papuosalas\/granata-modernums-dzeltena-zelta-gredzens-ar-granatu-un-dimantiem-133-ct\/#primaryimage\",\"url\":\"https:\/\/fashiongold.lt\/wp-content\/uploads\/2025\/10\/6317-b51-Granato-modernumas-geltono-aukso-ziedas-su-granatu-ir-deimantais.jpg\",\"contentUrl\":\"https:\/\/fashiongold.lt\/wp-content\/uploads\/2025\/10\/6317-b51-Granato-modernumas-geltono-aukso-ziedas-su-granatu-ir-deimantais.jpg\",\"width\":1000,\"height\":1000},{\"@type\":\"BreadcrumbList\",\"@id\":\"https:\/\/fashiongold.lt\/lv\/papuosalas\/granata-modernums-dzeltena-zelta-gredzens-ar-granatu-un-dimantiem-133-ct\/#breadcrumb\",\"itemListElement\":[{\"@type\":\"ListItem\",\"position\":1,\"name\":\"Home\",\"item\":\"https:\/\/fashiongold.lt\/lv\/\"},{\"@type\":\"ListItem\",\"position\":2,\"name\":\"Dimantu veikals Fashiongold.lt\",\"item\":\"https:\/\/fashiongold.lt\/shop-2\/\"},{\"@type\":\"ListItem\",\"position\":3,\"name\":\"Gran\u0101ta modernums \u2013 dzelten\u0101 zelta gredzens ar gran\u0101tu un dimantiem (1,33 ct)\"}]},{\"@type\":\"WebSite\",\"@id\":\"https:\/\/fashiongold.lt\/lv\/#website\",\"url\":\"https:\/\/fashiongold.lt\/lv\/\",\"name\":\"Fashion Gold\",\"description\":\"Juvelyrikos namai\",\"publisher\":{\"@id\":\"https:\/\/fashiongold.lt\/lv\/#organization\"},\"potentialAction\":[{\"@type\":\"SearchAction\",\"target\":{\"@type\":\"EntryPoint\",\"urlTemplate\":\"https:\/\/fashiongold.lt\/lv\/?s={search_term_string}\"},\"query-input\":{\"@type\":\"PropertyValueSpecification\",\"valueRequired\":true,\"valueName\":\"search_term_string\"}}],\"inLanguage\":\"lv-LV\"},{\"@type\":\"Organization\",\"@id\":\"https:\/\/fashiongold.lt\/lv\/#organization\",\"name\":\"Topdiamonds Online\",\"url\":\"https:\/\/fashiongold.lt\/lv\/\",\"logo\":{\"@type\":\"ImageObject\",\"inLanguage\":\"lv-LV\",\"@id\":\"https:\/\/fashiongold.lt\/lv\/#\/schema\/logo\/image\/\",\"url\":\"https:\/\/fashiongold.lt\/wp-content\/uploads\/2025\/04\/cropped-fashion_gold_logotipas2-scaled-1.png\",\"contentUrl\":\"https:\/\/fashiongold.lt\/wp-content\/uploads\/2025\/04\/cropped-fashion_gold_logotipas2-scaled-1.png\",\"width\":2559,\"height\":421,\"caption\":\"Topdiamonds Online\"},\"image\":{\"@id\":\"https:\/\/fashiongold.lt\/lv\/#\/schema\/logo\/image\/\"}}]}<\/script>\n<!-- \/ Yoast SEO plugin. -->","yoast_head_json":{"title":"Gran\u0101ta m\u016bsdien\u012bgums - dzelten\u0101 zelta gredzens ar gran\u0101tu un dimantiem","description":"Dzelten\u0101 zelta gredzens ar taisnst\u016bra formas gran\u0101tu un dimantiem. Gran\u0101ts centr\u0101, dimanti izvietoti ab\u0101s pus\u0113s. Lieliski piem\u0113rots saderin\u0101\u0161anai un ikdienai.","robots":{"index":"index","follow":"follow","max-snippet":"max-snippet:-1","max-image-preview":"max-image-preview:large","max-video-preview":"max-video-preview:-1"},"canonical":"https:\/\/fashiongold.lt\/lv\/papuosalas\/granata-modernums-dzeltena-zelta-gredzens-ar-granatu-un-dimantiem-133-ct\/","og_locale":"lv_LV","og_type":"article","og_title":"Gran\u0101ta m\u016bsdien\u012bgums - dzelten\u0101 zelta gredzens ar gran\u0101tu un dimantiem","og_description":"Dzelten\u0101 zelta gredzens ar taisnst\u016bra formas gran\u0101tu un dimantiem. Gran\u0101ts centr\u0101, dimanti izvietoti ab\u0101s pus\u0113s. Lieliski piem\u0113rots saderin\u0101\u0161anai un ikdienai.","og_url":"https:\/\/fashiongold.lt\/lv\/papuosalas\/granata-modernums-dzeltena-zelta-gredzens-ar-granatu-un-dimantiem-133-ct\/","og_site_name":"FashionGold.lt","og_image":[{"width":1000,"height":1000,"url":"https:\/\/fashiongold.lt\/wp-content\/uploads\/2025\/10\/6317-b51-Granato-modernumas-geltono-aukso-ziedas-su-granatu-ir-deimantais.webp","type":"image\/jpeg"}],"twitter_card":"summary_large_image","twitter_misc":{"Est. reading time":"1 minute"},"schema":{"@context":"https:\/\/schema.org","@graph":[{"@type":"WebPage","@id":"https:\/\/fashiongold.lt\/lv\/papuosalas\/granata-modernums-dzeltena-zelta-gredzens-ar-granatu-un-dimantiem-133-ct\/","url":"https:\/\/fashiongold.lt\/lv\/papuosalas\/granata-modernums-dzeltena-zelta-gredzens-ar-granatu-un-dimantiem-133-ct\/","name":"Gran\u0101ta m\u016bsdien\u012bgums - dzelten\u0101 zelta gredzens ar gran\u0101tu un dimantiem","isPartOf":{"@id":"https:\/\/fashiongold.lt\/lv\/#website"},"primaryImageOfPage":{"@id":"https:\/\/fashiongold.lt\/lv\/papuosalas\/granata-modernums-dzeltena-zelta-gredzens-ar-granatu-un-dimantiem-133-ct\/#primaryimage"},"image":{"@id":"https:\/\/fashiongold.lt\/lv\/papuosalas\/granata-modernums-dzeltena-zelta-gredzens-ar-granatu-un-dimantiem-133-ct\/#primaryimage"},"thumbnailUrl":"https:\/\/fashiongold.lt\/wp-content\/uploads\/2025\/10\/6317-b51-Granato-modernumas-geltono-aukso-ziedas-su-granatu-ir-deimantais.jpg","datePublished":"2025-10-09T23:56:12+00:00","description":"Dzelten\u0101 zelta gredzens ar taisnst\u016bra formas gran\u0101tu un dimantiem. Gran\u0101ts centr\u0101, dimanti izvietoti ab\u0101s pus\u0113s. Lieliski piem\u0113rots saderin\u0101\u0161anai un ikdienai.","breadcrumb":{"@id":"https:\/\/fashiongold.lt\/lv\/papuosalas\/granata-modernums-dzeltena-zelta-gredzens-ar-granatu-un-dimantiem-133-ct\/#breadcrumb"},"inLanguage":"lv-LV","potentialAction":[{"@type":"ReadAction","target":["https:\/\/fashiongold.lt\/lv\/papuosalas\/granata-modernums-dzeltena-zelta-gredzens-ar-granatu-un-dimantiem-133-ct\/"]}]},{"@type":"ImageObject","inLanguage":"lv-LV","@id":"https:\/\/fashiongold.lt\/lv\/papuosalas\/granata-modernums-dzeltena-zelta-gredzens-ar-granatu-un-dimantiem-133-ct\/#primaryimage","url":"https:\/\/fashiongold.lt\/wp-content\/uploads\/2025\/10\/6317-b51-Granato-modernumas-geltono-aukso-ziedas-su-granatu-ir-deimantais.jpg","contentUrl":"https:\/\/fashiongold.lt\/wp-content\/uploads\/2025\/10\/6317-b51-Granato-modernumas-geltono-aukso-ziedas-su-granatu-ir-deimantais.jpg","width":1000,"height":1000},{"@type":"BreadcrumbList","@id":"https:\/\/fashiongold.lt\/lv\/papuosalas\/granata-modernums-dzeltena-zelta-gredzens-ar-granatu-un-dimantiem-133-ct\/#breadcrumb","itemListElement":[{"@type":"ListItem","position":1,"name":"Home","item":"https:\/\/fashiongold.lt\/lv\/"},{"@type":"ListItem","position":2,"name":"Dimantu veikals Fashiongold.lt","item":"https:\/\/fashiongold.lt\/shop-2\/"},{"@type":"ListItem","position":3,"name":"Gran\u0101ta modernums \u2013 dzelten\u0101 zelta gredzens ar gran\u0101tu un dimantiem (1,33 ct)"}]},{"@type":"WebSite","@id":"https:\/\/fashiongold.lt\/lv\/#website","url":"https:\/\/fashiongold.lt\/lv\/","name":"Fashion Gold","description":"Juvelyrikos namai","publisher":{"@id":"https:\/\/fashiongold.lt\/lv\/#organization"},"potentialAction":[{"@type":"SearchAction","target":{"@type":"EntryPoint","urlTemplate":"https:\/\/fashiongold.lt\/lv\/?s={search_term_string}"},"query-input":{"@type":"PropertyValueSpecification","valueRequired":true,"valueName":"search_term_string"}}],"inLanguage":"lv-LV"},{"@type":"Organization","@id":"https:\/\/fashiongold.lt\/lv\/#organization","name":"Topdiamonds Online","url":"https:\/\/fashiongold.lt\/lv\/","logo":{"@type":"ImageObject","inLanguage":"lv-LV","@id":"https:\/\/fashiongold.lt\/lv\/#\/schema\/logo\/image\/","url":"https:\/\/fashiongold.lt\/wp-content\/uploads\/2025\/04\/cropped-fashion_gold_logotipas2-scaled-1.png","contentUrl":"https:\/\/fashiongold.lt\/wp-content\/uploads\/2025\/04\/cropped-fashion_gold_logotipas2-scaled-1.png","width":2559,"height":421,"caption":"Topdiamonds Online"},"image":{"@id":"https:\/\/fashiongold.lt\/lv\/#\/schema\/logo\/image\/"}}]}},"_links":{"self":[{"href":"https:\/\/fashiongold.lt\/lv\/wp-json\/wp\/v2\/product\/292523","targetHints":{"allow":["GET"]}}],"collection":[{"href":"https:\/\/fashiongold.lt\/lv\/wp-json\/wp\/v2\/product"}],"about":[{"href":"https:\/\/fashiongold.lt\/lv\/wp-json\/wp\/v2\/types\/product"}],"version-history":[{"count":0,"href":"https:\/\/fashiongold.lt\/lv\/wp-json\/wp\/v2\/product\/292523\/revisions"}],"wp:featuredmedia":[{"embeddable":true,"href":"https:\/\/fashiongold.lt\/lv\/wp-json\/wp\/v2\/media\/82639"}],"wp:attachment":[{"href":"https:\/\/fashiongold.lt\/lv\/wp-json\/wp\/v2\/media?parent=292523"}],"wp:term":[{"taxonomy":"product_brand","embeddable":true,"href":"https:\/\/fashiongold.lt\/lv\/wp-json\/wp\/v2\/product_brand?post=292523"},{"taxonomy":"product_cat","embeddable":true,"href":"https:\/\/fashiongold.lt\/lv\/wp-json\/wp\/v2\/product_cat?post=292523"},{"taxonomy":"product_tag","embeddable":true,"href":"https:\/\/fashiongold.lt\/lv\/wp-json\/wp\/v2\/product_tag?post=292523"}],"curies":[{"name":"wp","href":"https:\/\/api.w.org\/{rel}","templated":true}]}}