{"id":292583,"date":"2025-10-09T23:35:11","date_gmt":"2025-10-09T23:35:11","guid":{"rendered":"https:\/\/fashiongold.lt\/papuosalas\/ametista-geometrija-balta-zelta-gredzens-ar-ametistu-un-dimantiem-053-ct\/"},"modified":"2025-10-09T23:35:11","modified_gmt":"2025-10-09T23:35:11","slug":"ametista-geometrija-balta-zelta-gredzens-ar-ametistu-un-dimantiem-053-ct","status":"publish","type":"product","link":"https:\/\/fashiongold.lt\/lv\/papuosalas\/ametista-geometrija-balta-zelta-gredzens-ar-ametistu-un-dimantiem-053-ct\/","title":{"rendered":"Ametista \u0123eometrija \u2013 balt\u0101 zelta gredzens ar ametistu un dimantiem (0,53 ct)"},"content":{"rendered":"<p>Ra\u017eots Lietuv\u0101. Gredzens var tikt izgatavots p\u0113c pas\u016bt\u012bjuma: no sarkan\u0101, dzelten\u0101 un balt\u0101 zelta. Br\u012bni\u0161\u0137\u012bgs ametists &#8211; akmens harmonijai un atp\u016btai. Atjauno l\u012bdzsvaru, mazina stresu, sniedz mieru.<\/p>\n<p>\u2022 Dimanta tips: Dab\u012bgs dimants<\/p>\n<p>\u2022 Dimanta forma: Apa\u013ca forma\u00a0 (Round cut)<\/p>\n<p>\u2022 Dimanta raksturojums: 0,03 ct, kr\u0101sa H-I(W-STW); dzidrums SI<\/p>\n<p>\u2022 Centr\u0101lais akmens: Emerald (taisnst\u016bra) formas ametists 0,50 ct\u00a0<\/p>\n<p>\u2022 Sertifik\u0101ts: Lietuvas Prob\u0113\u0161anas pal\u0101ta (LPR)\u00a0<\/p>\n<p>\u2022 Gredzena zelts: 14K (585. prove)\u00a0<\/p>\n<p>\u2022 Gredzena kr\u0101sa: baltais zelts\u00a0 \u00a0<\/p>\n<p>\u2022 Gredzena svars: aptuveni 2,50-2,90 g\u00a0<\/p>\n<p>\u2022 Gredzena izm\u0113ri: kro\u0146a da\u013ca aptuveni 6,70 mm, st\u012bpi\u0146a &#8211; 2,70-1,00 mm<\/p>\n","protected":false},"excerpt":{"rendered":"<p>Balt\u0101 zelta gredzens ar Emerald formas ametistu un dimantiem. Moderns dizains, kur taisnst\u016bra ametists savienojas ar dimantiem, kas izk\u0101rtoti trijst\u016bra form\u0101. Lieliska izv\u0113le saderin\u0101\u0161anai un \u012bpa\u0161iem gad\u012bjumiem.<\/p>\n","protected":false},"featured_media":81667,"template":"","meta":{"site-sidebar-layout":"","site-content-layout":"","ast-site-content-layout":"","site-content-style":"","site-sidebar-style":"","ast-global-header-display":"","ast-banner-title-visibility":"","ast-main-header-display":"","ast-hfb-above-header-display":"","ast-hfb-below-header-display":"","ast-hfb-mobile-header-display":"","site-post-title":"","ast-breadcrumbs-content":"","ast-featured-img":"","footer-sml-layout":"","ast-disable-related-posts":"","theme-transparent-header-meta":"","adv-header-id-meta":"","stick-header-meta":"","header-above-stick-meta":"","header-main-stick-meta":"","header-below-stick-meta":"","astra-migrate-meta-layouts":"default","ast-page-background-enabled":"default","ast-page-background-meta":{"desktop":{"background-color":"var(--ast-global-color-4)","background-image":"","background-repeat":"repeat","background-position":"center center","background-size":"auto","background-attachment":"scroll","background-type":"","background-media":"","overlay-type":"","overlay-color":"","overlay-opacity":"","overlay-gradient":""},"tablet":{"background-color":"","background-image":"","background-repeat":"repeat","background-position":"center center","background-size":"auto","background-attachment":"scroll","background-type":"","background-media":"","overlay-type":"","overlay-color":"","overlay-opacity":"","overlay-gradient":""},"mobile":{"background-color":"","background-image":"","background-repeat":"repeat","background-position":"center center","background-size":"auto","background-attachment":"scroll","background-type":"","background-media":"","overlay-type":"","overlay-color":"","overlay-opacity":"","overlay-gradient":""}},"ast-content-background-meta":{"desktop":{"background-color":"var(--ast-global-color-5)","background-image":"","background-repeat":"repeat","background-position":"center center","background-size":"auto","background-attachment":"scroll","background-type":"","background-media":"","overlay-type":"","overlay-color":"","overlay-opacity":"","overlay-gradient":""},"tablet":{"background-color":"var(--ast-global-color-5)","background-image":"","background-repeat":"repeat","background-position":"center center","background-size":"auto","background-attachment":"scroll","background-type":"","background-media":"","overlay-type":"","overlay-color":"","overlay-opacity":"","overlay-gradient":""},"mobile":{"background-color":"var(--ast-global-color-5)","background-image":"","background-repeat":"repeat","background-position":"center center","background-size":"auto","background-attachment":"scroll","background-type":"","background-media":"","overlay-type":"","overlay-color":"","overlay-opacity":"","overlay-gradient":""}}},"product_brand":[],"product_cat":[3481,3032],"product_tag":[],"class_list":{"0":"post-292583","1":"product","2":"type-product","3":"status-publish","4":"has-post-thumbnail","6":"product_cat-izpardosana","7":"product_cat-rotaslietas-ar-violetiem-dargakmeniem","8":"desktop-align-center","9":"tablet-align-left","10":"mobile-align-left","11":"ast-product-gallery-layout-horizontal-slider","12":"ast-product-gallery-with-no-image","13":"ast-product-single-variable","14":"ast-product-tabs-layout-accordion","15":"ast-qv-on-image","17":"first","18":"instock","19":"taxable","20":"shipping-taxable","21":"purchasable","22":"product-type-variable"},"yoast_head":"<!-- This site is optimized with the Yoast SEO plugin v26.6 - https:\/\/yoast.com\/wordpress\/plugins\/seo\/ -->\n<title>Ametista \u0123eometrija - balt\u0101 zelta gredzens ar ametistu un dimantiem<\/title>\n<meta name=\"description\" content=\"Moderns dizains, kur\u0101 taisnst\u016bra ametists savienojas ar dimantiem, kas izk\u0101rtoti trijst\u016bra form\u0101. Lieliski piem\u0113rots saderin\u0101\u0161anai un \u012bpa\u0161iem mirk\u013ciem.\" \/>\n<meta name=\"robots\" content=\"index, follow, max-snippet:-1, max-image-preview:large, max-video-preview:-1\" \/>\n<link rel=\"canonical\" href=\"https:\/\/fashiongold.lt\/lv\/papuosalas\/ametista-geometrija-balta-zelta-gredzens-ar-ametistu-un-dimantiem-053-ct\/\" \/>\n<meta property=\"og:locale\" content=\"lv_LV\" \/>\n<meta property=\"og:type\" content=\"article\" \/>\n<meta property=\"og:title\" content=\"Ametista \u0123eometrija - balt\u0101 zelta gredzens ar ametistu un dimantiem\" \/>\n<meta property=\"og:description\" content=\"Moderns dizains, kur\u0101 taisnst\u016bra ametists savienojas ar dimantiem, kas izk\u0101rtoti trijst\u016bra form\u0101. Lieliski piem\u0113rots saderin\u0101\u0161anai un \u012bpa\u0161iem mirk\u013ciem.\" \/>\n<meta property=\"og:url\" content=\"https:\/\/fashiongold.lt\/lv\/papuosalas\/ametista-geometrija-balta-zelta-gredzens-ar-ametistu-un-dimantiem-053-ct\/\" \/>\n<meta property=\"og:site_name\" content=\"FashionGold.lt\" \/>\n<meta property=\"og:image\" content=\"https:\/\/fashiongold.lt\/wp-content\/uploads\/2025\/10\/6196-fb1-Ametisto-geometrija-balto-aukso-ziedas-su-ametistu-ir-deimantais.webp\" \/>\n\t<meta property=\"og:image:width\" content=\"1000\" \/>\n\t<meta property=\"og:image:height\" content=\"1000\" \/>\n\t<meta property=\"og:image:type\" content=\"image\/jpeg\" \/>\n<meta name=\"twitter:card\" content=\"summary_large_image\" \/>\n<meta name=\"twitter:label1\" content=\"Est. reading time\" \/>\n\t<meta name=\"twitter:data1\" content=\"1 minute\" \/>\n<script type=\"application\/ld+json\" class=\"yoast-schema-graph\">{\"@context\":\"https:\/\/schema.org\",\"@graph\":[{\"@type\":\"WebPage\",\"@id\":\"https:\/\/fashiongold.lt\/lv\/papuosalas\/ametista-geometrija-balta-zelta-gredzens-ar-ametistu-un-dimantiem-053-ct\/\",\"url\":\"https:\/\/fashiongold.lt\/lv\/papuosalas\/ametista-geometrija-balta-zelta-gredzens-ar-ametistu-un-dimantiem-053-ct\/\",\"name\":\"Ametista \u0123eometrija - balt\u0101 zelta gredzens ar ametistu un dimantiem\",\"isPartOf\":{\"@id\":\"https:\/\/fashiongold.lt\/lv\/#website\"},\"primaryImageOfPage\":{\"@id\":\"https:\/\/fashiongold.lt\/lv\/papuosalas\/ametista-geometrija-balta-zelta-gredzens-ar-ametistu-un-dimantiem-053-ct\/#primaryimage\"},\"image\":{\"@id\":\"https:\/\/fashiongold.lt\/lv\/papuosalas\/ametista-geometrija-balta-zelta-gredzens-ar-ametistu-un-dimantiem-053-ct\/#primaryimage\"},\"thumbnailUrl\":\"https:\/\/fashiongold.lt\/wp-content\/uploads\/2025\/10\/6196-fb1-Ametisto-geometrija-balto-aukso-ziedas-su-ametistu-ir-deimantais.jpg\",\"datePublished\":\"2025-10-09T23:35:11+00:00\",\"description\":\"Moderns dizains, kur\u0101 taisnst\u016bra ametists savienojas ar dimantiem, kas izk\u0101rtoti trijst\u016bra form\u0101. Lieliski piem\u0113rots saderin\u0101\u0161anai un \u012bpa\u0161iem mirk\u013ciem.\",\"breadcrumb\":{\"@id\":\"https:\/\/fashiongold.lt\/lv\/papuosalas\/ametista-geometrija-balta-zelta-gredzens-ar-ametistu-un-dimantiem-053-ct\/#breadcrumb\"},\"inLanguage\":\"lv-LV\",\"potentialAction\":[{\"@type\":\"ReadAction\",\"target\":[\"https:\/\/fashiongold.lt\/lv\/papuosalas\/ametista-geometrija-balta-zelta-gredzens-ar-ametistu-un-dimantiem-053-ct\/\"]}]},{\"@type\":\"ImageObject\",\"inLanguage\":\"lv-LV\",\"@id\":\"https:\/\/fashiongold.lt\/lv\/papuosalas\/ametista-geometrija-balta-zelta-gredzens-ar-ametistu-un-dimantiem-053-ct\/#primaryimage\",\"url\":\"https:\/\/fashiongold.lt\/wp-content\/uploads\/2025\/10\/6196-fb1-Ametisto-geometrija-balto-aukso-ziedas-su-ametistu-ir-deimantais.jpg\",\"contentUrl\":\"https:\/\/fashiongold.lt\/wp-content\/uploads\/2025\/10\/6196-fb1-Ametisto-geometrija-balto-aukso-ziedas-su-ametistu-ir-deimantais.jpg\",\"width\":1000,\"height\":1000},{\"@type\":\"BreadcrumbList\",\"@id\":\"https:\/\/fashiongold.lt\/lv\/papuosalas\/ametista-geometrija-balta-zelta-gredzens-ar-ametistu-un-dimantiem-053-ct\/#breadcrumb\",\"itemListElement\":[{\"@type\":\"ListItem\",\"position\":1,\"name\":\"Home\",\"item\":\"https:\/\/fashiongold.lt\/lv\/\"},{\"@type\":\"ListItem\",\"position\":2,\"name\":\"Dimantu veikals Fashiongold.lt\",\"item\":\"https:\/\/fashiongold.lt\/shop-2\/\"},{\"@type\":\"ListItem\",\"position\":3,\"name\":\"Ametista \u0123eometrija \u2013 balt\u0101 zelta gredzens ar ametistu un dimantiem (0,53 ct)\"}]},{\"@type\":\"WebSite\",\"@id\":\"https:\/\/fashiongold.lt\/lv\/#website\",\"url\":\"https:\/\/fashiongold.lt\/lv\/\",\"name\":\"Fashion Gold\",\"description\":\"Juvelyrikos namai\",\"publisher\":{\"@id\":\"https:\/\/fashiongold.lt\/lv\/#organization\"},\"potentialAction\":[{\"@type\":\"SearchAction\",\"target\":{\"@type\":\"EntryPoint\",\"urlTemplate\":\"https:\/\/fashiongold.lt\/lv\/?s={search_term_string}\"},\"query-input\":{\"@type\":\"PropertyValueSpecification\",\"valueRequired\":true,\"valueName\":\"search_term_string\"}}],\"inLanguage\":\"lv-LV\"},{\"@type\":\"Organization\",\"@id\":\"https:\/\/fashiongold.lt\/lv\/#organization\",\"name\":\"Topdiamonds Online\",\"url\":\"https:\/\/fashiongold.lt\/lv\/\",\"logo\":{\"@type\":\"ImageObject\",\"inLanguage\":\"lv-LV\",\"@id\":\"https:\/\/fashiongold.lt\/lv\/#\/schema\/logo\/image\/\",\"url\":\"https:\/\/fashiongold.lt\/wp-content\/uploads\/2025\/04\/cropped-fashion_gold_logotipas2-scaled-1.png\",\"contentUrl\":\"https:\/\/fashiongold.lt\/wp-content\/uploads\/2025\/04\/cropped-fashion_gold_logotipas2-scaled-1.png\",\"width\":2559,\"height\":421,\"caption\":\"Topdiamonds Online\"},\"image\":{\"@id\":\"https:\/\/fashiongold.lt\/lv\/#\/schema\/logo\/image\/\"}}]}<\/script>\n<!-- \/ Yoast SEO plugin. -->","yoast_head_json":{"title":"Ametista \u0123eometrija - balt\u0101 zelta gredzens ar ametistu un dimantiem","description":"Moderns dizains, kur\u0101 taisnst\u016bra ametists savienojas ar dimantiem, kas izk\u0101rtoti trijst\u016bra form\u0101. Lieliski piem\u0113rots saderin\u0101\u0161anai un \u012bpa\u0161iem mirk\u013ciem.","robots":{"index":"index","follow":"follow","max-snippet":"max-snippet:-1","max-image-preview":"max-image-preview:large","max-video-preview":"max-video-preview:-1"},"canonical":"https:\/\/fashiongold.lt\/lv\/papuosalas\/ametista-geometrija-balta-zelta-gredzens-ar-ametistu-un-dimantiem-053-ct\/","og_locale":"lv_LV","og_type":"article","og_title":"Ametista \u0123eometrija - balt\u0101 zelta gredzens ar ametistu un dimantiem","og_description":"Moderns dizains, kur\u0101 taisnst\u016bra ametists savienojas ar dimantiem, kas izk\u0101rtoti trijst\u016bra form\u0101. Lieliski piem\u0113rots saderin\u0101\u0161anai un \u012bpa\u0161iem mirk\u013ciem.","og_url":"https:\/\/fashiongold.lt\/lv\/papuosalas\/ametista-geometrija-balta-zelta-gredzens-ar-ametistu-un-dimantiem-053-ct\/","og_site_name":"FashionGold.lt","og_image":[{"width":1000,"height":1000,"url":"https:\/\/fashiongold.lt\/wp-content\/uploads\/2025\/10\/6196-fb1-Ametisto-geometrija-balto-aukso-ziedas-su-ametistu-ir-deimantais.webp","type":"image\/jpeg"}],"twitter_card":"summary_large_image","twitter_misc":{"Est. reading time":"1 minute"},"schema":{"@context":"https:\/\/schema.org","@graph":[{"@type":"WebPage","@id":"https:\/\/fashiongold.lt\/lv\/papuosalas\/ametista-geometrija-balta-zelta-gredzens-ar-ametistu-un-dimantiem-053-ct\/","url":"https:\/\/fashiongold.lt\/lv\/papuosalas\/ametista-geometrija-balta-zelta-gredzens-ar-ametistu-un-dimantiem-053-ct\/","name":"Ametista \u0123eometrija - balt\u0101 zelta gredzens ar ametistu un dimantiem","isPartOf":{"@id":"https:\/\/fashiongold.lt\/lv\/#website"},"primaryImageOfPage":{"@id":"https:\/\/fashiongold.lt\/lv\/papuosalas\/ametista-geometrija-balta-zelta-gredzens-ar-ametistu-un-dimantiem-053-ct\/#primaryimage"},"image":{"@id":"https:\/\/fashiongold.lt\/lv\/papuosalas\/ametista-geometrija-balta-zelta-gredzens-ar-ametistu-un-dimantiem-053-ct\/#primaryimage"},"thumbnailUrl":"https:\/\/fashiongold.lt\/wp-content\/uploads\/2025\/10\/6196-fb1-Ametisto-geometrija-balto-aukso-ziedas-su-ametistu-ir-deimantais.jpg","datePublished":"2025-10-09T23:35:11+00:00","description":"Moderns dizains, kur\u0101 taisnst\u016bra ametists savienojas ar dimantiem, kas izk\u0101rtoti trijst\u016bra form\u0101. Lieliski piem\u0113rots saderin\u0101\u0161anai un \u012bpa\u0161iem mirk\u013ciem.","breadcrumb":{"@id":"https:\/\/fashiongold.lt\/lv\/papuosalas\/ametista-geometrija-balta-zelta-gredzens-ar-ametistu-un-dimantiem-053-ct\/#breadcrumb"},"inLanguage":"lv-LV","potentialAction":[{"@type":"ReadAction","target":["https:\/\/fashiongold.lt\/lv\/papuosalas\/ametista-geometrija-balta-zelta-gredzens-ar-ametistu-un-dimantiem-053-ct\/"]}]},{"@type":"ImageObject","inLanguage":"lv-LV","@id":"https:\/\/fashiongold.lt\/lv\/papuosalas\/ametista-geometrija-balta-zelta-gredzens-ar-ametistu-un-dimantiem-053-ct\/#primaryimage","url":"https:\/\/fashiongold.lt\/wp-content\/uploads\/2025\/10\/6196-fb1-Ametisto-geometrija-balto-aukso-ziedas-su-ametistu-ir-deimantais.jpg","contentUrl":"https:\/\/fashiongold.lt\/wp-content\/uploads\/2025\/10\/6196-fb1-Ametisto-geometrija-balto-aukso-ziedas-su-ametistu-ir-deimantais.jpg","width":1000,"height":1000},{"@type":"BreadcrumbList","@id":"https:\/\/fashiongold.lt\/lv\/papuosalas\/ametista-geometrija-balta-zelta-gredzens-ar-ametistu-un-dimantiem-053-ct\/#breadcrumb","itemListElement":[{"@type":"ListItem","position":1,"name":"Home","item":"https:\/\/fashiongold.lt\/lv\/"},{"@type":"ListItem","position":2,"name":"Dimantu veikals Fashiongold.lt","item":"https:\/\/fashiongold.lt\/shop-2\/"},{"@type":"ListItem","position":3,"name":"Ametista \u0123eometrija \u2013 balt\u0101 zelta gredzens ar ametistu un dimantiem (0,53 ct)"}]},{"@type":"WebSite","@id":"https:\/\/fashiongold.lt\/lv\/#website","url":"https:\/\/fashiongold.lt\/lv\/","name":"Fashion Gold","description":"Juvelyrikos namai","publisher":{"@id":"https:\/\/fashiongold.lt\/lv\/#organization"},"potentialAction":[{"@type":"SearchAction","target":{"@type":"EntryPoint","urlTemplate":"https:\/\/fashiongold.lt\/lv\/?s={search_term_string}"},"query-input":{"@type":"PropertyValueSpecification","valueRequired":true,"valueName":"search_term_string"}}],"inLanguage":"lv-LV"},{"@type":"Organization","@id":"https:\/\/fashiongold.lt\/lv\/#organization","name":"Topdiamonds Online","url":"https:\/\/fashiongold.lt\/lv\/","logo":{"@type":"ImageObject","inLanguage":"lv-LV","@id":"https:\/\/fashiongold.lt\/lv\/#\/schema\/logo\/image\/","url":"https:\/\/fashiongold.lt\/wp-content\/uploads\/2025\/04\/cropped-fashion_gold_logotipas2-scaled-1.png","contentUrl":"https:\/\/fashiongold.lt\/wp-content\/uploads\/2025\/04\/cropped-fashion_gold_logotipas2-scaled-1.png","width":2559,"height":421,"caption":"Topdiamonds Online"},"image":{"@id":"https:\/\/fashiongold.lt\/lv\/#\/schema\/logo\/image\/"}}]}},"_links":{"self":[{"href":"https:\/\/fashiongold.lt\/lv\/wp-json\/wp\/v2\/product\/292583","targetHints":{"allow":["GET"]}}],"collection":[{"href":"https:\/\/fashiongold.lt\/lv\/wp-json\/wp\/v2\/product"}],"about":[{"href":"https:\/\/fashiongold.lt\/lv\/wp-json\/wp\/v2\/types\/product"}],"version-history":[{"count":0,"href":"https:\/\/fashiongold.lt\/lv\/wp-json\/wp\/v2\/product\/292583\/revisions"}],"wp:featuredmedia":[{"embeddable":true,"href":"https:\/\/fashiongold.lt\/lv\/wp-json\/wp\/v2\/media\/81667"}],"wp:attachment":[{"href":"https:\/\/fashiongold.lt\/lv\/wp-json\/wp\/v2\/media?parent=292583"}],"wp:term":[{"taxonomy":"product_brand","embeddable":true,"href":"https:\/\/fashiongold.lt\/lv\/wp-json\/wp\/v2\/product_brand?post=292583"},{"taxonomy":"product_cat","embeddable":true,"href":"https:\/\/fashiongold.lt\/lv\/wp-json\/wp\/v2\/product_cat?post=292583"},{"taxonomy":"product_tag","embeddable":true,"href":"https:\/\/fashiongold.lt\/lv\/wp-json\/wp\/v2\/product_tag?post=292583"}],"curies":[{"name":"wp","href":"https:\/\/api.w.org\/{rel}","templated":true}]}}