{"id":292658,"date":"2025-10-09T23:09:31","date_gmt":"2025-10-09T23:09:31","guid":{"rendered":"https:\/\/fashiongold.lt\/papuosalas\/rubina-sirsninas-dzeltena-zelta-auskari-ar-rubiniem-un-dimantiem-243-ct\/"},"modified":"2025-10-09T23:09:31","modified_gmt":"2025-10-09T23:09:31","slug":"rubina-sirsninas-dzeltena-zelta-auskari-ar-rubiniem-un-dimantiem-243-ct","status":"publish","type":"product","link":"https:\/\/fashiongold.lt\/lv\/papuosalas\/rubina-sirsninas-dzeltena-zelta-auskari-ar-rubiniem-un-dimantiem-243-ct\/","title":{"rendered":"Rub\u012bna sirsni\u0146as \u2013 dzelten\u0101 zelta auskari ar rub\u012bniem un dimantiem (2,43 ct)"},"content":{"rendered":"<p>Ra\u017eots Lietuv\u0101. Auskari var tikt izgatavoti p\u0113c pas\u016bt\u012bjuma: no sarkan\u0101, dzelten\u0101 un balt\u0101 zelta.\u00a0<\/p>\n<p>\u2022 Dimanta tips: Dab\u012bgais dimants\u00a0<\/p>\n<p>\u2022 Dimanta forma: Apa\u013ca forma (Round cut)\u00a0<\/p>\n<p>\u2022 Dimanta raksturojums: 0,03, kr\u0101sa H-I(W-STW); dzidrums SI\u00a0<\/p>\n<p>\u2022 D\u0101rgakmens tips, raksturojums: rub\u012bni, 2,40 ct (2 x 1,20 ct)<\/p>\n<p>\u2022 Sertifik\u0101ts: Lietuvas Proves birojs (LPR)\u00a0 \u00a0<\/p>\n<p>\u2022 Auskaru zelts: 14K (585. prove)\u00a0 \u00a0<\/p>\n<p>\u2022 Auskaru kr\u0101sa: dzeltenais zelts\u00a0 \u00a0 \u00a0<\/p>\n<p>\u2022 Auskaru svars: aptuveni 3,20-3,60 g\u00a0 \u00a0<\/p>\n<p>\u2022 Auskaru izm\u0113ri: 15&#215;7 mm\u00a0<\/p>\n","protected":false},"excerpt":{"rendered":"<p>Moderna elegance: Dzelten\u0101 zelta auskari ar sirds formas rub\u012bniem un dimantiem. Piem\u0113roti ikdienai un \u012bpa\u0161iem gad\u012bjumiem, izcilam stilam.<\/p>\n","protected":false},"featured_media":80317,"template":"","meta":{"site-sidebar-layout":"","site-content-layout":"","ast-site-content-layout":"","site-content-style":"","site-sidebar-style":"","ast-global-header-display":"","ast-banner-title-visibility":"","ast-main-header-display":"","ast-hfb-above-header-display":"","ast-hfb-below-header-display":"","ast-hfb-mobile-header-display":"","site-post-title":"","ast-breadcrumbs-content":"","ast-featured-img":"","footer-sml-layout":"","ast-disable-related-posts":"","theme-transparent-header-meta":"","adv-header-id-meta":"","stick-header-meta":"","header-above-stick-meta":"","header-main-stick-meta":"","header-below-stick-meta":"","astra-migrate-meta-layouts":"default","ast-page-background-enabled":"default","ast-page-background-meta":{"desktop":{"background-color":"var(--ast-global-color-4)","background-image":"","background-repeat":"repeat","background-position":"center center","background-size":"auto","background-attachment":"scroll","background-type":"","background-media":"","overlay-type":"","overlay-color":"","overlay-opacity":"","overlay-gradient":""},"tablet":{"background-color":"","background-image":"","background-repeat":"repeat","background-position":"center center","background-size":"auto","background-attachment":"scroll","background-type":"","background-media":"","overlay-type":"","overlay-color":"","overlay-opacity":"","overlay-gradient":""},"mobile":{"background-color":"","background-image":"","background-repeat":"repeat","background-position":"center center","background-size":"auto","background-attachment":"scroll","background-type":"","background-media":"","overlay-type":"","overlay-color":"","overlay-opacity":"","overlay-gradient":""}},"ast-content-background-meta":{"desktop":{"background-color":"var(--ast-global-color-5)","background-image":"","background-repeat":"repeat","background-position":"center center","background-size":"auto","background-attachment":"scroll","background-type":"","background-media":"","overlay-type":"","overlay-color":"","overlay-opacity":"","overlay-gradient":""},"tablet":{"background-color":"var(--ast-global-color-5)","background-image":"","background-repeat":"repeat","background-position":"center center","background-size":"auto","background-attachment":"scroll","background-type":"","background-media":"","overlay-type":"","overlay-color":"","overlay-opacity":"","overlay-gradient":""},"mobile":{"background-color":"var(--ast-global-color-5)","background-image":"","background-repeat":"repeat","background-position":"center center","background-size":"auto","background-attachment":"scroll","background-type":"","background-media":"","overlay-type":"","overlay-color":"","overlay-opacity":"","overlay-gradient":""}}},"product_brand":[],"product_cat":[3572,2980,2978,3405,2919,2915,2913,2921,2920,3403,2916,2914,2923,3042,3060,3401,2922,3562,2979,3564,3404,2936,2918],"product_tag":[],"class_list":{"0":"post-292658","1":"product","2":"type-product","3":"status-publish","4":"has-post-thumbnail","6":"product_cat-auskari-ar-anglu-aizdari","7":"product_cat-auskari-ar-dargakmeniem","8":"product_cat-auskari-ar-dimantiem","9":"product_cat-auskari-meitenem-bernu-auskari","10":"product_cat-baltzelta-rotaslietas","11":"product_cat-davanas-berna-piedzimsanai","12":"product_cat-davanas-dzimsanas-diena","13":"product_cat-davanas-ipasiem-gadijumiem","14":"product_cat-davanas-izlaidumam","15":"product_cat-davanas-kazam","16":"product_cat-davanas-kazu-gadadiena","17":"product_cat-davanas-sievietem","18":"product_cat-dzeltena-zelta-juvelierizstradajumi","19":"product_cat-juvelierizstradajumi","20":"product_cat-juvelierizstradajumi-ar-sarkaniem-dargakmeniem","21":"product_cat-kristibu-davanas","22":"product_cat-mates-dienas-davanas","23":"product_cat-rubins-rotaslietas-ar-rubiniem","24":"product_cat-sarkana-zelta-juvelierizstradajumi","25":"product_cat-sarkans-dargakmens","26":"product_cat-svinigi-auskari","27":"product_cat-valentindienas-davanas","28":"product_cat-ziemassvetku-davanas","29":"desktop-align-center","30":"tablet-align-left","31":"mobile-align-left","32":"ast-product-gallery-layout-horizontal-slider","33":"ast-product-gallery-with-no-image","34":"ast-product-tabs-layout-accordion","35":"ast-qv-on-image","37":"first","38":"instock","39":"taxable","40":"shipping-taxable","41":"purchasable","42":"product-type-simple"},"yoast_head":"<!-- This site is optimized with the Yoast SEO plugin v26.6 - https:\/\/yoast.com\/wordpress\/plugins\/seo\/ -->\n<title>Rub\u012bna sirsni\u0146as - dzelten\u0101 zelta auskari ar rub\u012bniem un dimantiem<\/title>\n<meta name=\"description\" content=\"Moderna elegance: dzelten\u0101 zelta auskari ar sirds formas rub\u012bniem un dimantiem. Piem\u0113roti ikdienai un \u012bpa\u0161iem gad\u012bjumiem, izsmalcin\u0101tam stilam.\" \/>\n<meta name=\"robots\" content=\"index, follow, max-snippet:-1, max-image-preview:large, max-video-preview:-1\" \/>\n<link rel=\"canonical\" href=\"https:\/\/fashiongold.lt\/lv\/papuosalas\/rubina-sirsninas-dzeltena-zelta-auskari-ar-rubiniem-un-dimantiem-243-ct\/\" \/>\n<meta property=\"og:locale\" content=\"lv_LV\" \/>\n<meta property=\"og:type\" content=\"article\" \/>\n<meta property=\"og:title\" content=\"Rub\u012bna sirsni\u0146as - dzelten\u0101 zelta auskari ar rub\u012bniem un dimantiem\" \/>\n<meta property=\"og:description\" content=\"Moderna elegance: dzelten\u0101 zelta auskari ar sirds formas rub\u012bniem un dimantiem. Piem\u0113roti ikdienai un \u012bpa\u0161iem gad\u012bjumiem, izsmalcin\u0101tam stilam.\" \/>\n<meta property=\"og:url\" content=\"https:\/\/fashiongold.lt\/lv\/papuosalas\/rubina-sirsninas-dzeltena-zelta-auskari-ar-rubiniem-un-dimantiem-243-ct\/\" \/>\n<meta property=\"og:site_name\" content=\"FashionGold.lt\" \/>\n<meta property=\"og:image\" content=\"https:\/\/fashiongold.lt\/wp-content\/uploads\/2025\/10\/5920-c5e-Rubinines-sirdeles-geltono-aukso-auskarai-su-rubinais-ir-deimantais.webp\" \/>\n\t<meta property=\"og:image:width\" content=\"1000\" \/>\n\t<meta property=\"og:image:height\" content=\"1000\" \/>\n\t<meta property=\"og:image:type\" content=\"image\/jpeg\" \/>\n<meta name=\"twitter:card\" content=\"summary_large_image\" \/>\n<script type=\"application\/ld+json\" class=\"yoast-schema-graph\">{\"@context\":\"https:\/\/schema.org\",\"@graph\":[{\"@type\":\"WebPage\",\"@id\":\"https:\/\/fashiongold.lt\/lv\/papuosalas\/rubina-sirsninas-dzeltena-zelta-auskari-ar-rubiniem-un-dimantiem-243-ct\/\",\"url\":\"https:\/\/fashiongold.lt\/lv\/papuosalas\/rubina-sirsninas-dzeltena-zelta-auskari-ar-rubiniem-un-dimantiem-243-ct\/\",\"name\":\"Rub\u012bna sirsni\u0146as - dzelten\u0101 zelta auskari ar rub\u012bniem un dimantiem\",\"isPartOf\":{\"@id\":\"https:\/\/fashiongold.lt\/lv\/#website\"},\"primaryImageOfPage\":{\"@id\":\"https:\/\/fashiongold.lt\/lv\/papuosalas\/rubina-sirsninas-dzeltena-zelta-auskari-ar-rubiniem-un-dimantiem-243-ct\/#primaryimage\"},\"image\":{\"@id\":\"https:\/\/fashiongold.lt\/lv\/papuosalas\/rubina-sirsninas-dzeltena-zelta-auskari-ar-rubiniem-un-dimantiem-243-ct\/#primaryimage\"},\"thumbnailUrl\":\"https:\/\/fashiongold.lt\/wp-content\/uploads\/2025\/10\/5920-c5e-Rubinines-sirdeles-geltono-aukso-auskarai-su-rubinais-ir-deimantais.jpg\",\"datePublished\":\"2025-10-09T23:09:31+00:00\",\"description\":\"Moderna elegance: dzelten\u0101 zelta auskari ar sirds formas rub\u012bniem un dimantiem. Piem\u0113roti ikdienai un \u012bpa\u0161iem gad\u012bjumiem, izsmalcin\u0101tam stilam.\",\"breadcrumb\":{\"@id\":\"https:\/\/fashiongold.lt\/lv\/papuosalas\/rubina-sirsninas-dzeltena-zelta-auskari-ar-rubiniem-un-dimantiem-243-ct\/#breadcrumb\"},\"inLanguage\":\"lv-LV\",\"potentialAction\":[{\"@type\":\"ReadAction\",\"target\":[\"https:\/\/fashiongold.lt\/lv\/papuosalas\/rubina-sirsninas-dzeltena-zelta-auskari-ar-rubiniem-un-dimantiem-243-ct\/\"]}]},{\"@type\":\"ImageObject\",\"inLanguage\":\"lv-LV\",\"@id\":\"https:\/\/fashiongold.lt\/lv\/papuosalas\/rubina-sirsninas-dzeltena-zelta-auskari-ar-rubiniem-un-dimantiem-243-ct\/#primaryimage\",\"url\":\"https:\/\/fashiongold.lt\/wp-content\/uploads\/2025\/10\/5920-c5e-Rubinines-sirdeles-geltono-aukso-auskarai-su-rubinais-ir-deimantais.jpg\",\"contentUrl\":\"https:\/\/fashiongold.lt\/wp-content\/uploads\/2025\/10\/5920-c5e-Rubinines-sirdeles-geltono-aukso-auskarai-su-rubinais-ir-deimantais.jpg\",\"width\":1000,\"height\":1000},{\"@type\":\"BreadcrumbList\",\"@id\":\"https:\/\/fashiongold.lt\/lv\/papuosalas\/rubina-sirsninas-dzeltena-zelta-auskari-ar-rubiniem-un-dimantiem-243-ct\/#breadcrumb\",\"itemListElement\":[{\"@type\":\"ListItem\",\"position\":1,\"name\":\"Home\",\"item\":\"https:\/\/fashiongold.lt\/lv\/\"},{\"@type\":\"ListItem\",\"position\":2,\"name\":\"Dimantu veikals Fashiongold.lt\",\"item\":\"https:\/\/fashiongold.lt\/shop-2\/\"},{\"@type\":\"ListItem\",\"position\":3,\"name\":\"Rub\u012bna sirsni\u0146as \u2013 dzelten\u0101 zelta auskari ar rub\u012bniem un dimantiem (2,43 ct)\"}]},{\"@type\":\"WebSite\",\"@id\":\"https:\/\/fashiongold.lt\/lv\/#website\",\"url\":\"https:\/\/fashiongold.lt\/lv\/\",\"name\":\"Fashion Gold\",\"description\":\"Juvelyrikos namai\",\"publisher\":{\"@id\":\"https:\/\/fashiongold.lt\/lv\/#organization\"},\"potentialAction\":[{\"@type\":\"SearchAction\",\"target\":{\"@type\":\"EntryPoint\",\"urlTemplate\":\"https:\/\/fashiongold.lt\/lv\/?s={search_term_string}\"},\"query-input\":{\"@type\":\"PropertyValueSpecification\",\"valueRequired\":true,\"valueName\":\"search_term_string\"}}],\"inLanguage\":\"lv-LV\"},{\"@type\":\"Organization\",\"@id\":\"https:\/\/fashiongold.lt\/lv\/#organization\",\"name\":\"Topdiamonds Online\",\"url\":\"https:\/\/fashiongold.lt\/lv\/\",\"logo\":{\"@type\":\"ImageObject\",\"inLanguage\":\"lv-LV\",\"@id\":\"https:\/\/fashiongold.lt\/lv\/#\/schema\/logo\/image\/\",\"url\":\"https:\/\/fashiongold.lt\/wp-content\/uploads\/2025\/04\/cropped-fashion_gold_logotipas2-scaled-1.png\",\"contentUrl\":\"https:\/\/fashiongold.lt\/wp-content\/uploads\/2025\/04\/cropped-fashion_gold_logotipas2-scaled-1.png\",\"width\":2559,\"height\":421,\"caption\":\"Topdiamonds Online\"},\"image\":{\"@id\":\"https:\/\/fashiongold.lt\/lv\/#\/schema\/logo\/image\/\"}}]}<\/script>\n<!-- \/ Yoast SEO plugin. -->","yoast_head_json":{"title":"Rub\u012bna sirsni\u0146as - dzelten\u0101 zelta auskari ar rub\u012bniem un dimantiem","description":"Moderna elegance: dzelten\u0101 zelta auskari ar sirds formas rub\u012bniem un dimantiem. Piem\u0113roti ikdienai un \u012bpa\u0161iem gad\u012bjumiem, izsmalcin\u0101tam stilam.","robots":{"index":"index","follow":"follow","max-snippet":"max-snippet:-1","max-image-preview":"max-image-preview:large","max-video-preview":"max-video-preview:-1"},"canonical":"https:\/\/fashiongold.lt\/lv\/papuosalas\/rubina-sirsninas-dzeltena-zelta-auskari-ar-rubiniem-un-dimantiem-243-ct\/","og_locale":"lv_LV","og_type":"article","og_title":"Rub\u012bna sirsni\u0146as - dzelten\u0101 zelta auskari ar rub\u012bniem un dimantiem","og_description":"Moderna elegance: dzelten\u0101 zelta auskari ar sirds formas rub\u012bniem un dimantiem. Piem\u0113roti ikdienai un \u012bpa\u0161iem gad\u012bjumiem, izsmalcin\u0101tam stilam.","og_url":"https:\/\/fashiongold.lt\/lv\/papuosalas\/rubina-sirsninas-dzeltena-zelta-auskari-ar-rubiniem-un-dimantiem-243-ct\/","og_site_name":"FashionGold.lt","og_image":[{"width":1000,"height":1000,"url":"https:\/\/fashiongold.lt\/wp-content\/uploads\/2025\/10\/5920-c5e-Rubinines-sirdeles-geltono-aukso-auskarai-su-rubinais-ir-deimantais.webp","type":"image\/jpeg"}],"twitter_card":"summary_large_image","schema":{"@context":"https:\/\/schema.org","@graph":[{"@type":"WebPage","@id":"https:\/\/fashiongold.lt\/lv\/papuosalas\/rubina-sirsninas-dzeltena-zelta-auskari-ar-rubiniem-un-dimantiem-243-ct\/","url":"https:\/\/fashiongold.lt\/lv\/papuosalas\/rubina-sirsninas-dzeltena-zelta-auskari-ar-rubiniem-un-dimantiem-243-ct\/","name":"Rub\u012bna sirsni\u0146as - dzelten\u0101 zelta auskari ar rub\u012bniem un dimantiem","isPartOf":{"@id":"https:\/\/fashiongold.lt\/lv\/#website"},"primaryImageOfPage":{"@id":"https:\/\/fashiongold.lt\/lv\/papuosalas\/rubina-sirsninas-dzeltena-zelta-auskari-ar-rubiniem-un-dimantiem-243-ct\/#primaryimage"},"image":{"@id":"https:\/\/fashiongold.lt\/lv\/papuosalas\/rubina-sirsninas-dzeltena-zelta-auskari-ar-rubiniem-un-dimantiem-243-ct\/#primaryimage"},"thumbnailUrl":"https:\/\/fashiongold.lt\/wp-content\/uploads\/2025\/10\/5920-c5e-Rubinines-sirdeles-geltono-aukso-auskarai-su-rubinais-ir-deimantais.jpg","datePublished":"2025-10-09T23:09:31+00:00","description":"Moderna elegance: dzelten\u0101 zelta auskari ar sirds formas rub\u012bniem un dimantiem. Piem\u0113roti ikdienai un \u012bpa\u0161iem gad\u012bjumiem, izsmalcin\u0101tam stilam.","breadcrumb":{"@id":"https:\/\/fashiongold.lt\/lv\/papuosalas\/rubina-sirsninas-dzeltena-zelta-auskari-ar-rubiniem-un-dimantiem-243-ct\/#breadcrumb"},"inLanguage":"lv-LV","potentialAction":[{"@type":"ReadAction","target":["https:\/\/fashiongold.lt\/lv\/papuosalas\/rubina-sirsninas-dzeltena-zelta-auskari-ar-rubiniem-un-dimantiem-243-ct\/"]}]},{"@type":"ImageObject","inLanguage":"lv-LV","@id":"https:\/\/fashiongold.lt\/lv\/papuosalas\/rubina-sirsninas-dzeltena-zelta-auskari-ar-rubiniem-un-dimantiem-243-ct\/#primaryimage","url":"https:\/\/fashiongold.lt\/wp-content\/uploads\/2025\/10\/5920-c5e-Rubinines-sirdeles-geltono-aukso-auskarai-su-rubinais-ir-deimantais.jpg","contentUrl":"https:\/\/fashiongold.lt\/wp-content\/uploads\/2025\/10\/5920-c5e-Rubinines-sirdeles-geltono-aukso-auskarai-su-rubinais-ir-deimantais.jpg","width":1000,"height":1000},{"@type":"BreadcrumbList","@id":"https:\/\/fashiongold.lt\/lv\/papuosalas\/rubina-sirsninas-dzeltena-zelta-auskari-ar-rubiniem-un-dimantiem-243-ct\/#breadcrumb","itemListElement":[{"@type":"ListItem","position":1,"name":"Home","item":"https:\/\/fashiongold.lt\/lv\/"},{"@type":"ListItem","position":2,"name":"Dimantu veikals Fashiongold.lt","item":"https:\/\/fashiongold.lt\/shop-2\/"},{"@type":"ListItem","position":3,"name":"Rub\u012bna sirsni\u0146as \u2013 dzelten\u0101 zelta auskari ar rub\u012bniem un dimantiem (2,43 ct)"}]},{"@type":"WebSite","@id":"https:\/\/fashiongold.lt\/lv\/#website","url":"https:\/\/fashiongold.lt\/lv\/","name":"Fashion Gold","description":"Juvelyrikos namai","publisher":{"@id":"https:\/\/fashiongold.lt\/lv\/#organization"},"potentialAction":[{"@type":"SearchAction","target":{"@type":"EntryPoint","urlTemplate":"https:\/\/fashiongold.lt\/lv\/?s={search_term_string}"},"query-input":{"@type":"PropertyValueSpecification","valueRequired":true,"valueName":"search_term_string"}}],"inLanguage":"lv-LV"},{"@type":"Organization","@id":"https:\/\/fashiongold.lt\/lv\/#organization","name":"Topdiamonds Online","url":"https:\/\/fashiongold.lt\/lv\/","logo":{"@type":"ImageObject","inLanguage":"lv-LV","@id":"https:\/\/fashiongold.lt\/lv\/#\/schema\/logo\/image\/","url":"https:\/\/fashiongold.lt\/wp-content\/uploads\/2025\/04\/cropped-fashion_gold_logotipas2-scaled-1.png","contentUrl":"https:\/\/fashiongold.lt\/wp-content\/uploads\/2025\/04\/cropped-fashion_gold_logotipas2-scaled-1.png","width":2559,"height":421,"caption":"Topdiamonds Online"},"image":{"@id":"https:\/\/fashiongold.lt\/lv\/#\/schema\/logo\/image\/"}}]}},"_links":{"self":[{"href":"https:\/\/fashiongold.lt\/lv\/wp-json\/wp\/v2\/product\/292658","targetHints":{"allow":["GET"]}}],"collection":[{"href":"https:\/\/fashiongold.lt\/lv\/wp-json\/wp\/v2\/product"}],"about":[{"href":"https:\/\/fashiongold.lt\/lv\/wp-json\/wp\/v2\/types\/product"}],"version-history":[{"count":0,"href":"https:\/\/fashiongold.lt\/lv\/wp-json\/wp\/v2\/product\/292658\/revisions"}],"wp:featuredmedia":[{"embeddable":true,"href":"https:\/\/fashiongold.lt\/lv\/wp-json\/wp\/v2\/media\/80317"}],"wp:attachment":[{"href":"https:\/\/fashiongold.lt\/lv\/wp-json\/wp\/v2\/media?parent=292658"}],"wp:term":[{"taxonomy":"product_brand","embeddable":true,"href":"https:\/\/fashiongold.lt\/lv\/wp-json\/wp\/v2\/product_brand?post=292658"},{"taxonomy":"product_cat","embeddable":true,"href":"https:\/\/fashiongold.lt\/lv\/wp-json\/wp\/v2\/product_cat?post=292658"},{"taxonomy":"product_tag","embeddable":true,"href":"https:\/\/fashiongold.lt\/lv\/wp-json\/wp\/v2\/product_tag?post=292658"}],"curies":[{"name":"wp","href":"https:\/\/api.w.org\/{rel}","templated":true}]}}