{"id":292768,"date":"2025-10-09T23:07:38","date_gmt":"2025-10-09T23:07:38","guid":{"rendered":"https:\/\/fashiongold.lt\/papuosalas\/mirdzosi-ziedini-balta-zelta-auskari-ar-dimantiem-012-ct\/"},"modified":"2025-10-09T23:07:38","modified_gmt":"2025-10-09T23:07:38","slug":"mirdzosi-ziedini-balta-zelta-auskari-ar-dimantiem-012-ct","status":"publish","type":"product","link":"https:\/\/fashiongold.lt\/lv\/papuosalas\/mirdzosi-ziedini-balta-zelta-auskari-ar-dimantiem-012-ct\/","title":{"rendered":"Mirdzo\u0161i ziedi\u0146i \u2013 balt\u0101 zelta auskari ar dimantiem (0,12 ct)"},"content":{"rendered":"<p>Ra\u017eots Lietuv\u0101. Auskari var tikt izgatavoti p\u0113c pas\u016bt\u012bjuma: no sarkan\u0101, dzelten\u0101 un balt\u0101 zelta. <\/p>\n<p>\u2022 Dimanta tips: Dab\u012bgs dimants <\/p>\n<p>\u2022 Dimanta forma: Apa\u013ca forma (Round cut) <\/p>\n<p>\u2022 Dimanta raksturojums: 0,12 ct, kr\u0101sa H-I (W-STW); dzidrums SI <\/p>\n<p>\u2022 Sertifik\u0101ts: Lietuvas Prob\u0101cijas pal\u0101ta (LPR) <\/p>\n<p>\u2022 Auskaru zelts: 14K (585 prove) <\/p>\n<p>\u2022 Auskaru kr\u0101sa: baltais zelts <\/p>\n<p>\u2022 Auskaru svars: aptuveni 1,40-1,70 g <\/p>\n<p>\u2022 Auskaru izm\u0113ri: 14 x 5 mm <\/p>\n","protected":false},"excerpt":{"rendered":"<p>Lieciet sev mirdz\u0113t ar balt\u0101 zelta auskariem ar mirdzo\u0161iem dimantiem. Ang\u013cu aizdare un dimanti, kas izk\u0101rtoti ziedu formas ietvar\u0101, \u013caus jums mirdz\u0113t katru dienu. \u0160ie auskari ir ne tikai stil\u012bgi, bet ar\u012b smalki, glu\u017ei k\u0101 mirdzo\u0161i ziedi\u0146i. Piem\u0113roti ikdienas valk\u0101\u0161anai un k\u0101 d\u0101vana \u012bpa\u0161os gad\u012bjumos, pie\u0161\u0137irot eleganci un unikalit\u0101ti j\u016bsu stilam. Izsakiet savu skaistumu ar \u0161iem auskariem katru dienu.<\/p>\n","protected":false},"featured_media":79801,"template":"","meta":{"site-sidebar-layout":"","site-content-layout":"","ast-site-content-layout":"","site-content-style":"","site-sidebar-style":"","ast-global-header-display":"","ast-banner-title-visibility":"","ast-main-header-display":"","ast-hfb-above-header-display":"","ast-hfb-below-header-display":"","ast-hfb-mobile-header-display":"","site-post-title":"","ast-breadcrumbs-content":"","ast-featured-img":"","footer-sml-layout":"","ast-disable-related-posts":"","theme-transparent-header-meta":"","adv-header-id-meta":"","stick-header-meta":"","header-above-stick-meta":"","header-main-stick-meta":"","header-below-stick-meta":"","astra-migrate-meta-layouts":"default","ast-page-background-enabled":"default","ast-page-background-meta":{"desktop":{"background-color":"var(--ast-global-color-4)","background-image":"","background-repeat":"repeat","background-position":"center center","background-size":"auto","background-attachment":"scroll","background-type":"","background-media":"","overlay-type":"","overlay-color":"","overlay-opacity":"","overlay-gradient":""},"tablet":{"background-color":"","background-image":"","background-repeat":"repeat","background-position":"center center","background-size":"auto","background-attachment":"scroll","background-type":"","background-media":"","overlay-type":"","overlay-color":"","overlay-opacity":"","overlay-gradient":""},"mobile":{"background-color":"","background-image":"","background-repeat":"repeat","background-position":"center center","background-size":"auto","background-attachment":"scroll","background-type":"","background-media":"","overlay-type":"","overlay-color":"","overlay-opacity":"","overlay-gradient":""}},"ast-content-background-meta":{"desktop":{"background-color":"var(--ast-global-color-5)","background-image":"","background-repeat":"repeat","background-position":"center center","background-size":"auto","background-attachment":"scroll","background-type":"","background-media":"","overlay-type":"","overlay-color":"","overlay-opacity":"","overlay-gradient":""},"tablet":{"background-color":"var(--ast-global-color-5)","background-image":"","background-repeat":"repeat","background-position":"center center","background-size":"auto","background-attachment":"scroll","background-type":"","background-media":"","overlay-type":"","overlay-color":"","overlay-opacity":"","overlay-gradient":""},"mobile":{"background-color":"var(--ast-global-color-5)","background-image":"","background-repeat":"repeat","background-position":"center center","background-size":"auto","background-attachment":"scroll","background-type":"","background-media":"","overlay-type":"","overlay-color":"","overlay-opacity":"","overlay-gradient":""}}},"product_brand":[],"product_cat":[3572,2978,3405,2919,2915,2913,2921,2920,3403,2916,2914,3042,3401,2922,2936,2918],"product_tag":[],"class_list":{"0":"post-292768","1":"product","2":"type-product","3":"status-publish","4":"has-post-thumbnail","6":"product_cat-auskari-ar-anglu-aizdari","7":"product_cat-auskari-ar-dimantiem","8":"product_cat-auskari-meitenem-bernu-auskari","9":"product_cat-baltzelta-rotaslietas","10":"product_cat-davanas-berna-piedzimsanai","11":"product_cat-davanas-dzimsanas-diena","12":"product_cat-davanas-ipasiem-gadijumiem","13":"product_cat-davanas-izlaidumam","14":"product_cat-davanas-kazam","15":"product_cat-davanas-kazu-gadadiena","16":"product_cat-davanas-sievietem","17":"product_cat-juvelierizstradajumi","18":"product_cat-kristibu-davanas","19":"product_cat-mates-dienas-davanas","20":"product_cat-valentindienas-davanas","21":"product_cat-ziemassvetku-davanas","22":"desktop-align-center","23":"tablet-align-left","24":"mobile-align-left","25":"ast-product-gallery-layout-horizontal-slider","26":"ast-product-gallery-with-no-image","27":"ast-product-tabs-layout-accordion","28":"ast-qv-on-image","30":"first","31":"instock","32":"taxable","33":"shipping-taxable","34":"purchasable","35":"product-type-simple"},"yoast_head":"<!-- This site is optimized with the Yoast SEO plugin v26.6 - https:\/\/yoast.com\/wordpress\/plugins\/seo\/ -->\n<title>Mirdzo\u0161as pu\u0137\u012btes - balt\u0101 zelta auskari ar dimantiem<\/title>\n<meta name=\"description\" content=\"Ang\u013cu aizdare un dimanti, kas ievietoti ziedi\u0146u formas kron\u012bt\u012b, \u013caus jums mirdz\u0113t katru dienu. Piem\u0113roti ikdienas n\u0113s\u0101\u0161anai un k\u0101 d\u0101vana \u012bpa\u0161os gad\u012bjumos.\" \/>\n<meta name=\"robots\" content=\"index, follow, max-snippet:-1, max-image-preview:large, max-video-preview:-1\" \/>\n<link rel=\"canonical\" href=\"https:\/\/fashiongold.lt\/lv\/papuosalas\/mirdzosi-ziedini-balta-zelta-auskari-ar-dimantiem-012-ct\/\" \/>\n<meta property=\"og:locale\" content=\"lv_LV\" \/>\n<meta property=\"og:type\" content=\"article\" \/>\n<meta property=\"og:title\" content=\"Mirdzo\u0161as pu\u0137\u012btes - balt\u0101 zelta auskari ar dimantiem\" \/>\n<meta property=\"og:description\" content=\"Ang\u013cu aizdare un dimanti, kas ievietoti ziedi\u0146u formas kron\u012bt\u012b, \u013caus jums mirdz\u0113t katru dienu. Piem\u0113roti ikdienas n\u0113s\u0101\u0161anai un k\u0101 d\u0101vana \u012bpa\u0161os gad\u012bjumos.\" \/>\n<meta property=\"og:url\" content=\"https:\/\/fashiongold.lt\/lv\/papuosalas\/mirdzosi-ziedini-balta-zelta-auskari-ar-dimantiem-012-ct\/\" \/>\n<meta property=\"og:site_name\" content=\"FashionGold.lt\" \/>\n<meta property=\"og:image\" content=\"https:\/\/fashiongold.lt\/wp-content\/uploads\/2025\/10\/5796-c74-Svytincios-gelytes-balto-aukso-auskarai-su-deimantais.webp\" \/>\n\t<meta property=\"og:image:width\" content=\"1000\" \/>\n\t<meta property=\"og:image:height\" content=\"1000\" \/>\n\t<meta property=\"og:image:type\" content=\"image\/jpeg\" \/>\n<meta name=\"twitter:card\" content=\"summary_large_image\" \/>\n<script type=\"application\/ld+json\" class=\"yoast-schema-graph\">{\"@context\":\"https:\/\/schema.org\",\"@graph\":[{\"@type\":\"WebPage\",\"@id\":\"https:\/\/fashiongold.lt\/lv\/papuosalas\/mirdzosi-ziedini-balta-zelta-auskari-ar-dimantiem-012-ct\/\",\"url\":\"https:\/\/fashiongold.lt\/lv\/papuosalas\/mirdzosi-ziedini-balta-zelta-auskari-ar-dimantiem-012-ct\/\",\"name\":\"Mirdzo\u0161as pu\u0137\u012btes - balt\u0101 zelta auskari ar dimantiem\",\"isPartOf\":{\"@id\":\"https:\/\/fashiongold.lt\/lv\/#website\"},\"primaryImageOfPage\":{\"@id\":\"https:\/\/fashiongold.lt\/lv\/papuosalas\/mirdzosi-ziedini-balta-zelta-auskari-ar-dimantiem-012-ct\/#primaryimage\"},\"image\":{\"@id\":\"https:\/\/fashiongold.lt\/lv\/papuosalas\/mirdzosi-ziedini-balta-zelta-auskari-ar-dimantiem-012-ct\/#primaryimage\"},\"thumbnailUrl\":\"https:\/\/fashiongold.lt\/wp-content\/uploads\/2025\/10\/5796-c74-Svytincios-gelytes-balto-aukso-auskarai-su-deimantais.jpg\",\"datePublished\":\"2025-10-09T23:07:38+00:00\",\"description\":\"Ang\u013cu aizdare un dimanti, kas ievietoti ziedi\u0146u formas kron\u012bt\u012b, \u013caus jums mirdz\u0113t katru dienu. Piem\u0113roti ikdienas n\u0113s\u0101\u0161anai un k\u0101 d\u0101vana \u012bpa\u0161os gad\u012bjumos.\",\"breadcrumb\":{\"@id\":\"https:\/\/fashiongold.lt\/lv\/papuosalas\/mirdzosi-ziedini-balta-zelta-auskari-ar-dimantiem-012-ct\/#breadcrumb\"},\"inLanguage\":\"lv-LV\",\"potentialAction\":[{\"@type\":\"ReadAction\",\"target\":[\"https:\/\/fashiongold.lt\/lv\/papuosalas\/mirdzosi-ziedini-balta-zelta-auskari-ar-dimantiem-012-ct\/\"]}]},{\"@type\":\"ImageObject\",\"inLanguage\":\"lv-LV\",\"@id\":\"https:\/\/fashiongold.lt\/lv\/papuosalas\/mirdzosi-ziedini-balta-zelta-auskari-ar-dimantiem-012-ct\/#primaryimage\",\"url\":\"https:\/\/fashiongold.lt\/wp-content\/uploads\/2025\/10\/5796-c74-Svytincios-gelytes-balto-aukso-auskarai-su-deimantais.jpg\",\"contentUrl\":\"https:\/\/fashiongold.lt\/wp-content\/uploads\/2025\/10\/5796-c74-Svytincios-gelytes-balto-aukso-auskarai-su-deimantais.jpg\",\"width\":1000,\"height\":1000},{\"@type\":\"BreadcrumbList\",\"@id\":\"https:\/\/fashiongold.lt\/lv\/papuosalas\/mirdzosi-ziedini-balta-zelta-auskari-ar-dimantiem-012-ct\/#breadcrumb\",\"itemListElement\":[{\"@type\":\"ListItem\",\"position\":1,\"name\":\"Home\",\"item\":\"https:\/\/fashiongold.lt\/lv\/\"},{\"@type\":\"ListItem\",\"position\":2,\"name\":\"Dimantu veikals Fashiongold.lt\",\"item\":\"https:\/\/fashiongold.lt\/shop-2\/\"},{\"@type\":\"ListItem\",\"position\":3,\"name\":\"Mirdzo\u0161i ziedi\u0146i \u2013 balt\u0101 zelta auskari ar dimantiem (0,12 ct)\"}]},{\"@type\":\"WebSite\",\"@id\":\"https:\/\/fashiongold.lt\/lv\/#website\",\"url\":\"https:\/\/fashiongold.lt\/lv\/\",\"name\":\"Fashion Gold\",\"description\":\"Juvelyrikos namai\",\"publisher\":{\"@id\":\"https:\/\/fashiongold.lt\/lv\/#organization\"},\"potentialAction\":[{\"@type\":\"SearchAction\",\"target\":{\"@type\":\"EntryPoint\",\"urlTemplate\":\"https:\/\/fashiongold.lt\/lv\/?s={search_term_string}\"},\"query-input\":{\"@type\":\"PropertyValueSpecification\",\"valueRequired\":true,\"valueName\":\"search_term_string\"}}],\"inLanguage\":\"lv-LV\"},{\"@type\":\"Organization\",\"@id\":\"https:\/\/fashiongold.lt\/lv\/#organization\",\"name\":\"Topdiamonds Online\",\"url\":\"https:\/\/fashiongold.lt\/lv\/\",\"logo\":{\"@type\":\"ImageObject\",\"inLanguage\":\"lv-LV\",\"@id\":\"https:\/\/fashiongold.lt\/lv\/#\/schema\/logo\/image\/\",\"url\":\"https:\/\/fashiongold.lt\/wp-content\/uploads\/2025\/04\/cropped-fashion_gold_logotipas2-scaled-1.png\",\"contentUrl\":\"https:\/\/fashiongold.lt\/wp-content\/uploads\/2025\/04\/cropped-fashion_gold_logotipas2-scaled-1.png\",\"width\":2559,\"height\":421,\"caption\":\"Topdiamonds Online\"},\"image\":{\"@id\":\"https:\/\/fashiongold.lt\/lv\/#\/schema\/logo\/image\/\"}}]}<\/script>\n<!-- \/ Yoast SEO plugin. -->","yoast_head_json":{"title":"Mirdzo\u0161as pu\u0137\u012btes - balt\u0101 zelta auskari ar dimantiem","description":"Ang\u013cu aizdare un dimanti, kas ievietoti ziedi\u0146u formas kron\u012bt\u012b, \u013caus jums mirdz\u0113t katru dienu. Piem\u0113roti ikdienas n\u0113s\u0101\u0161anai un k\u0101 d\u0101vana \u012bpa\u0161os gad\u012bjumos.","robots":{"index":"index","follow":"follow","max-snippet":"max-snippet:-1","max-image-preview":"max-image-preview:large","max-video-preview":"max-video-preview:-1"},"canonical":"https:\/\/fashiongold.lt\/lv\/papuosalas\/mirdzosi-ziedini-balta-zelta-auskari-ar-dimantiem-012-ct\/","og_locale":"lv_LV","og_type":"article","og_title":"Mirdzo\u0161as pu\u0137\u012btes - balt\u0101 zelta auskari ar dimantiem","og_description":"Ang\u013cu aizdare un dimanti, kas ievietoti ziedi\u0146u formas kron\u012bt\u012b, \u013caus jums mirdz\u0113t katru dienu. Piem\u0113roti ikdienas n\u0113s\u0101\u0161anai un k\u0101 d\u0101vana \u012bpa\u0161os gad\u012bjumos.","og_url":"https:\/\/fashiongold.lt\/lv\/papuosalas\/mirdzosi-ziedini-balta-zelta-auskari-ar-dimantiem-012-ct\/","og_site_name":"FashionGold.lt","og_image":[{"width":1000,"height":1000,"url":"https:\/\/fashiongold.lt\/wp-content\/uploads\/2025\/10\/5796-c74-Svytincios-gelytes-balto-aukso-auskarai-su-deimantais.webp","type":"image\/jpeg"}],"twitter_card":"summary_large_image","schema":{"@context":"https:\/\/schema.org","@graph":[{"@type":"WebPage","@id":"https:\/\/fashiongold.lt\/lv\/papuosalas\/mirdzosi-ziedini-balta-zelta-auskari-ar-dimantiem-012-ct\/","url":"https:\/\/fashiongold.lt\/lv\/papuosalas\/mirdzosi-ziedini-balta-zelta-auskari-ar-dimantiem-012-ct\/","name":"Mirdzo\u0161as pu\u0137\u012btes - balt\u0101 zelta auskari ar dimantiem","isPartOf":{"@id":"https:\/\/fashiongold.lt\/lv\/#website"},"primaryImageOfPage":{"@id":"https:\/\/fashiongold.lt\/lv\/papuosalas\/mirdzosi-ziedini-balta-zelta-auskari-ar-dimantiem-012-ct\/#primaryimage"},"image":{"@id":"https:\/\/fashiongold.lt\/lv\/papuosalas\/mirdzosi-ziedini-balta-zelta-auskari-ar-dimantiem-012-ct\/#primaryimage"},"thumbnailUrl":"https:\/\/fashiongold.lt\/wp-content\/uploads\/2025\/10\/5796-c74-Svytincios-gelytes-balto-aukso-auskarai-su-deimantais.jpg","datePublished":"2025-10-09T23:07:38+00:00","description":"Ang\u013cu aizdare un dimanti, kas ievietoti ziedi\u0146u formas kron\u012bt\u012b, \u013caus jums mirdz\u0113t katru dienu. Piem\u0113roti ikdienas n\u0113s\u0101\u0161anai un k\u0101 d\u0101vana \u012bpa\u0161os gad\u012bjumos.","breadcrumb":{"@id":"https:\/\/fashiongold.lt\/lv\/papuosalas\/mirdzosi-ziedini-balta-zelta-auskari-ar-dimantiem-012-ct\/#breadcrumb"},"inLanguage":"lv-LV","potentialAction":[{"@type":"ReadAction","target":["https:\/\/fashiongold.lt\/lv\/papuosalas\/mirdzosi-ziedini-balta-zelta-auskari-ar-dimantiem-012-ct\/"]}]},{"@type":"ImageObject","inLanguage":"lv-LV","@id":"https:\/\/fashiongold.lt\/lv\/papuosalas\/mirdzosi-ziedini-balta-zelta-auskari-ar-dimantiem-012-ct\/#primaryimage","url":"https:\/\/fashiongold.lt\/wp-content\/uploads\/2025\/10\/5796-c74-Svytincios-gelytes-balto-aukso-auskarai-su-deimantais.jpg","contentUrl":"https:\/\/fashiongold.lt\/wp-content\/uploads\/2025\/10\/5796-c74-Svytincios-gelytes-balto-aukso-auskarai-su-deimantais.jpg","width":1000,"height":1000},{"@type":"BreadcrumbList","@id":"https:\/\/fashiongold.lt\/lv\/papuosalas\/mirdzosi-ziedini-balta-zelta-auskari-ar-dimantiem-012-ct\/#breadcrumb","itemListElement":[{"@type":"ListItem","position":1,"name":"Home","item":"https:\/\/fashiongold.lt\/lv\/"},{"@type":"ListItem","position":2,"name":"Dimantu veikals Fashiongold.lt","item":"https:\/\/fashiongold.lt\/shop-2\/"},{"@type":"ListItem","position":3,"name":"Mirdzo\u0161i ziedi\u0146i \u2013 balt\u0101 zelta auskari ar dimantiem (0,12 ct)"}]},{"@type":"WebSite","@id":"https:\/\/fashiongold.lt\/lv\/#website","url":"https:\/\/fashiongold.lt\/lv\/","name":"Fashion Gold","description":"Juvelyrikos namai","publisher":{"@id":"https:\/\/fashiongold.lt\/lv\/#organization"},"potentialAction":[{"@type":"SearchAction","target":{"@type":"EntryPoint","urlTemplate":"https:\/\/fashiongold.lt\/lv\/?s={search_term_string}"},"query-input":{"@type":"PropertyValueSpecification","valueRequired":true,"valueName":"search_term_string"}}],"inLanguage":"lv-LV"},{"@type":"Organization","@id":"https:\/\/fashiongold.lt\/lv\/#organization","name":"Topdiamonds Online","url":"https:\/\/fashiongold.lt\/lv\/","logo":{"@type":"ImageObject","inLanguage":"lv-LV","@id":"https:\/\/fashiongold.lt\/lv\/#\/schema\/logo\/image\/","url":"https:\/\/fashiongold.lt\/wp-content\/uploads\/2025\/04\/cropped-fashion_gold_logotipas2-scaled-1.png","contentUrl":"https:\/\/fashiongold.lt\/wp-content\/uploads\/2025\/04\/cropped-fashion_gold_logotipas2-scaled-1.png","width":2559,"height":421,"caption":"Topdiamonds Online"},"image":{"@id":"https:\/\/fashiongold.lt\/lv\/#\/schema\/logo\/image\/"}}]}},"_links":{"self":[{"href":"https:\/\/fashiongold.lt\/lv\/wp-json\/wp\/v2\/product\/292768","targetHints":{"allow":["GET"]}}],"collection":[{"href":"https:\/\/fashiongold.lt\/lv\/wp-json\/wp\/v2\/product"}],"about":[{"href":"https:\/\/fashiongold.lt\/lv\/wp-json\/wp\/v2\/types\/product"}],"version-history":[{"count":0,"href":"https:\/\/fashiongold.lt\/lv\/wp-json\/wp\/v2\/product\/292768\/revisions"}],"wp:featuredmedia":[{"embeddable":true,"href":"https:\/\/fashiongold.lt\/lv\/wp-json\/wp\/v2\/media\/79801"}],"wp:attachment":[{"href":"https:\/\/fashiongold.lt\/lv\/wp-json\/wp\/v2\/media?parent=292768"}],"wp:term":[{"taxonomy":"product_brand","embeddable":true,"href":"https:\/\/fashiongold.lt\/lv\/wp-json\/wp\/v2\/product_brand?post=292768"},{"taxonomy":"product_cat","embeddable":true,"href":"https:\/\/fashiongold.lt\/lv\/wp-json\/wp\/v2\/product_cat?post=292768"},{"taxonomy":"product_tag","embeddable":true,"href":"https:\/\/fashiongold.lt\/lv\/wp-json\/wp\/v2\/product_tag?post=292768"}],"curies":[{"name":"wp","href":"https:\/\/api.w.org\/{rel}","templated":true}]}}