{"id":292788,"date":"2025-10-09T23:01:32","date_gmt":"2025-10-09T23:01:32","guid":{"rendered":"https:\/\/fashiongold.lt\/papuosalas\/dabas-smaragds-dzeltena-zelta-gredzens-ar-smaragdu-un-dimantiem-017-ct\/"},"modified":"2025-10-09T23:01:32","modified_gmt":"2025-10-09T23:01:32","slug":"dabas-smaragds-dzeltena-zelta-gredzens-ar-smaragdu-un-dimantiem-017-ct","status":"publish","type":"product","link":"https:\/\/fashiongold.lt\/lv\/papuosalas\/dabas-smaragds-dzeltena-zelta-gredzens-ar-smaragdu-un-dimantiem-017-ct\/","title":{"rendered":"Dabas smaragds \u2013 dzelten\u0101 zelta gredzens ar smaragdu un dimantiem (0,17 ct)"},"content":{"rendered":"<p>Ra\u017eots Lietuv\u0101. Gredzens var tikt izgatavots p\u0113c pas\u016bt\u012bjuma: no sarkan\u0101, dzelten\u0101 un balt\u0101 zelta.<\/p>\n<p>\u2022 Dimanta veids: Dab\u012bgs dimants<\/p>\n<p>\u2022 Dimanta forma: Apa\u013ca forma (Round cut)<\/p>\n<p>\u2022 Dimanta raksturojums: 0,02 ct, kr\u0101sa H-I(W-STW); dzidrums SI<\/p>\n<p>\u2022 Centr\u0101lais akmens: Apa\u013c\u0161 smaragds 0,15 ct <\/p>\n<p>\u2022 Sertifik\u0101ts: Lietuvas Proves birojs (LPR) <\/p>\n<p>\u2022 Gredzena zelts: 14K (585 prove) <\/p>\n<p>\u2022 Gredzena kr\u0101sa: dzeltenais zelts <\/p>\n<p>\u2022 Gredzena svars: aptuveni 2,00-2,40 g <\/p>\n<p>\u2022 Gredzena izm\u0113ri: kronis aptuveni 3,35 mm, st\u012bpi\u0146a &#8211; 1,75 mm<\/p>\n","protected":false},"excerpt":{"rendered":"<p>Dabas mot\u012bvu ieskauts, \u0161is dzelten\u0101 zelta gredzens ar apa\u013cas formas smaragdu un unik\u0101la dizaina tauri\u0146a formas zelta deta\u013c\u0101m, kas ab\u0101s pus\u0113s inkrust\u0113tas ar mirdzo\u0161iem dimantiem, ir patiess stila un elegances simbols. \u0160is izsmalcin\u0101tais gredzens ir piem\u0113rots ne tikai ikdienas valk\u0101\u0161anai, bet ar\u012b lieliski noder saderin\u0101\u0161an\u0101s br\u012bdim vai \u012bpa\u0161iem gad\u012bjumiem. Ar \u0161o gredzenu dalieties sav\u0101 stila unikalit\u0101t\u0113 un izcelieties ar izsmalcin\u0101tu eleganci.<\/p>\n","protected":false},"featured_media":79524,"template":"","meta":{"site-sidebar-layout":"","site-content-layout":"","ast-site-content-layout":"","site-content-style":"","site-sidebar-style":"","ast-global-header-display":"","ast-banner-title-visibility":"","ast-main-header-display":"","ast-hfb-above-header-display":"","ast-hfb-below-header-display":"","ast-hfb-mobile-header-display":"","site-post-title":"","ast-breadcrumbs-content":"","ast-featured-img":"","footer-sml-layout":"","ast-disable-related-posts":"","theme-transparent-header-meta":"","adv-header-id-meta":"","stick-header-meta":"","header-above-stick-meta":"","header-main-stick-meta":"","header-below-stick-meta":"","astra-migrate-meta-layouts":"default","ast-page-background-enabled":"default","ast-page-background-meta":{"desktop":{"background-color":"var(--ast-global-color-4)","background-image":"","background-repeat":"repeat","background-position":"center center","background-size":"auto","background-attachment":"scroll","background-type":"","background-media":"","overlay-type":"","overlay-color":"","overlay-opacity":"","overlay-gradient":""},"tablet":{"background-color":"","background-image":"","background-repeat":"repeat","background-position":"center center","background-size":"auto","background-attachment":"scroll","background-type":"","background-media":"","overlay-type":"","overlay-color":"","overlay-opacity":"","overlay-gradient":""},"mobile":{"background-color":"","background-image":"","background-repeat":"repeat","background-position":"center center","background-size":"auto","background-attachment":"scroll","background-type":"","background-media":"","overlay-type":"","overlay-color":"","overlay-opacity":"","overlay-gradient":""}},"ast-content-background-meta":{"desktop":{"background-color":"var(--ast-global-color-5)","background-image":"","background-repeat":"repeat","background-position":"center center","background-size":"auto","background-attachment":"scroll","background-type":"","background-media":"","overlay-type":"","overlay-color":"","overlay-opacity":"","overlay-gradient":""},"tablet":{"background-color":"var(--ast-global-color-5)","background-image":"","background-repeat":"repeat","background-position":"center center","background-size":"auto","background-attachment":"scroll","background-type":"","background-media":"","overlay-type":"","overlay-color":"","overlay-opacity":"","overlay-gradient":""},"mobile":{"background-color":"var(--ast-global-color-5)","background-image":"","background-repeat":"repeat","background-position":"center center","background-size":"auto","background-attachment":"scroll","background-type":"","background-media":"","overlay-type":"","overlay-color":"","overlay-opacity":"","overlay-gradient":""}}},"product_brand":[],"product_cat":[3481],"product_tag":[],"class_list":{"0":"post-292788","1":"product","2":"type-product","3":"status-publish","4":"has-post-thumbnail","6":"product_cat-izpardosana","7":"desktop-align-center","8":"tablet-align-left","9":"mobile-align-left","10":"ast-product-gallery-layout-horizontal-slider","11":"ast-product-gallery-with-no-image","12":"ast-product-single-variable","13":"ast-product-tabs-layout-accordion","14":"ast-qv-on-image","16":"first","17":"instock","18":"taxable","19":"shipping-taxable","20":"purchasable","21":"product-type-variable"},"yoast_head":"<!-- This site is optimized with the Yoast SEO plugin v26.6 - https:\/\/yoast.com\/wordpress\/plugins\/seo\/ -->\n<title>Dabas smaragds - dzelten\u0101 zelta gredzens ar smaragdu un dimantiem<\/title>\n<meta name=\"description\" content=\"Zelta gredzens ar smaragdu un unik\u0101la dizaina tauri\u0146a formas zelta deta\u013c\u0101m, kas no ab\u0101m pus\u0113m inkrust\u0113tas ar dimantiem. Piem\u0113rots saderin\u0101\u0161anai un \u012bpa\u0161iem gad\u012bjumiem.\" \/>\n<meta name=\"robots\" content=\"index, follow, max-snippet:-1, max-image-preview:large, max-video-preview:-1\" \/>\n<link rel=\"canonical\" href=\"https:\/\/fashiongold.lt\/lv\/papuosalas\/dabas-smaragds-dzeltena-zelta-gredzens-ar-smaragdu-un-dimantiem-017-ct\/\" \/>\n<meta property=\"og:locale\" content=\"lv_LV\" \/>\n<meta property=\"og:type\" content=\"article\" \/>\n<meta property=\"og:title\" content=\"Dabas smaragds - dzelten\u0101 zelta gredzens ar smaragdu un dimantiem\" \/>\n<meta property=\"og:description\" content=\"Zelta gredzens ar smaragdu un unik\u0101la dizaina tauri\u0146a formas zelta deta\u013c\u0101m, kas no ab\u0101m pus\u0113m inkrust\u0113tas ar dimantiem. Piem\u0113rots saderin\u0101\u0161anai un \u012bpa\u0161iem gad\u012bjumiem.\" \/>\n<meta property=\"og:url\" content=\"https:\/\/fashiongold.lt\/lv\/papuosalas\/dabas-smaragds-dzeltena-zelta-gredzens-ar-smaragdu-un-dimantiem-017-ct\/\" \/>\n<meta property=\"og:site_name\" content=\"FashionGold.lt\" \/>\n<meta property=\"og:image\" content=\"https:\/\/fashiongold.lt\/wp-content\/uploads\/2025\/10\/5733-a22-Gamtos-smaragdas-balto-aukso-ziedas-su-smaragdu-ir-deimantais.webp\" \/>\n\t<meta property=\"og:image:width\" content=\"1000\" \/>\n\t<meta property=\"og:image:height\" content=\"1000\" \/>\n\t<meta property=\"og:image:type\" content=\"image\/jpeg\" \/>\n<meta name=\"twitter:card\" content=\"summary_large_image\" \/>\n<script type=\"application\/ld+json\" class=\"yoast-schema-graph\">{\"@context\":\"https:\/\/schema.org\",\"@graph\":[{\"@type\":\"WebPage\",\"@id\":\"https:\/\/fashiongold.lt\/lv\/papuosalas\/dabas-smaragds-dzeltena-zelta-gredzens-ar-smaragdu-un-dimantiem-017-ct\/\",\"url\":\"https:\/\/fashiongold.lt\/lv\/papuosalas\/dabas-smaragds-dzeltena-zelta-gredzens-ar-smaragdu-un-dimantiem-017-ct\/\",\"name\":\"Dabas smaragds - dzelten\u0101 zelta gredzens ar smaragdu un dimantiem\",\"isPartOf\":{\"@id\":\"https:\/\/fashiongold.lt\/lv\/#website\"},\"primaryImageOfPage\":{\"@id\":\"https:\/\/fashiongold.lt\/lv\/papuosalas\/dabas-smaragds-dzeltena-zelta-gredzens-ar-smaragdu-un-dimantiem-017-ct\/#primaryimage\"},\"image\":{\"@id\":\"https:\/\/fashiongold.lt\/lv\/papuosalas\/dabas-smaragds-dzeltena-zelta-gredzens-ar-smaragdu-un-dimantiem-017-ct\/#primaryimage\"},\"thumbnailUrl\":\"https:\/\/fashiongold.lt\/wp-content\/uploads\/2025\/10\/5733-a22-Gamtos-smaragdas-balto-aukso-ziedas-su-smaragdu-ir-deimantais.jpg\",\"datePublished\":\"2025-10-09T23:01:32+00:00\",\"description\":\"Zelta gredzens ar smaragdu un unik\u0101la dizaina tauri\u0146a formas zelta deta\u013c\u0101m, kas no ab\u0101m pus\u0113m inkrust\u0113tas ar dimantiem. Piem\u0113rots saderin\u0101\u0161anai un \u012bpa\u0161iem gad\u012bjumiem.\",\"breadcrumb\":{\"@id\":\"https:\/\/fashiongold.lt\/lv\/papuosalas\/dabas-smaragds-dzeltena-zelta-gredzens-ar-smaragdu-un-dimantiem-017-ct\/#breadcrumb\"},\"inLanguage\":\"lv-LV\",\"potentialAction\":[{\"@type\":\"ReadAction\",\"target\":[\"https:\/\/fashiongold.lt\/lv\/papuosalas\/dabas-smaragds-dzeltena-zelta-gredzens-ar-smaragdu-un-dimantiem-017-ct\/\"]}]},{\"@type\":\"ImageObject\",\"inLanguage\":\"lv-LV\",\"@id\":\"https:\/\/fashiongold.lt\/lv\/papuosalas\/dabas-smaragds-dzeltena-zelta-gredzens-ar-smaragdu-un-dimantiem-017-ct\/#primaryimage\",\"url\":\"https:\/\/fashiongold.lt\/wp-content\/uploads\/2025\/10\/5733-a22-Gamtos-smaragdas-balto-aukso-ziedas-su-smaragdu-ir-deimantais.jpg\",\"contentUrl\":\"https:\/\/fashiongold.lt\/wp-content\/uploads\/2025\/10\/5733-a22-Gamtos-smaragdas-balto-aukso-ziedas-su-smaragdu-ir-deimantais.jpg\",\"width\":1000,\"height\":1000},{\"@type\":\"BreadcrumbList\",\"@id\":\"https:\/\/fashiongold.lt\/lv\/papuosalas\/dabas-smaragds-dzeltena-zelta-gredzens-ar-smaragdu-un-dimantiem-017-ct\/#breadcrumb\",\"itemListElement\":[{\"@type\":\"ListItem\",\"position\":1,\"name\":\"Home\",\"item\":\"https:\/\/fashiongold.lt\/lv\/\"},{\"@type\":\"ListItem\",\"position\":2,\"name\":\"Dimantu veikals Fashiongold.lt\",\"item\":\"https:\/\/fashiongold.lt\/shop-2\/\"},{\"@type\":\"ListItem\",\"position\":3,\"name\":\"Dabas smaragds \u2013 dzelten\u0101 zelta gredzens ar smaragdu un dimantiem (0,17 ct)\"}]},{\"@type\":\"WebSite\",\"@id\":\"https:\/\/fashiongold.lt\/lv\/#website\",\"url\":\"https:\/\/fashiongold.lt\/lv\/\",\"name\":\"Fashion Gold\",\"description\":\"Juvelyrikos namai\",\"publisher\":{\"@id\":\"https:\/\/fashiongold.lt\/lv\/#organization\"},\"potentialAction\":[{\"@type\":\"SearchAction\",\"target\":{\"@type\":\"EntryPoint\",\"urlTemplate\":\"https:\/\/fashiongold.lt\/lv\/?s={search_term_string}\"},\"query-input\":{\"@type\":\"PropertyValueSpecification\",\"valueRequired\":true,\"valueName\":\"search_term_string\"}}],\"inLanguage\":\"lv-LV\"},{\"@type\":\"Organization\",\"@id\":\"https:\/\/fashiongold.lt\/lv\/#organization\",\"name\":\"Topdiamonds Online\",\"url\":\"https:\/\/fashiongold.lt\/lv\/\",\"logo\":{\"@type\":\"ImageObject\",\"inLanguage\":\"lv-LV\",\"@id\":\"https:\/\/fashiongold.lt\/lv\/#\/schema\/logo\/image\/\",\"url\":\"https:\/\/fashiongold.lt\/wp-content\/uploads\/2025\/04\/cropped-fashion_gold_logotipas2-scaled-1.png\",\"contentUrl\":\"https:\/\/fashiongold.lt\/wp-content\/uploads\/2025\/04\/cropped-fashion_gold_logotipas2-scaled-1.png\",\"width\":2559,\"height\":421,\"caption\":\"Topdiamonds Online\"},\"image\":{\"@id\":\"https:\/\/fashiongold.lt\/lv\/#\/schema\/logo\/image\/\"}}]}<\/script>\n<!-- \/ Yoast SEO plugin. -->","yoast_head_json":{"title":"Dabas smaragds - dzelten\u0101 zelta gredzens ar smaragdu un dimantiem","description":"Zelta gredzens ar smaragdu un unik\u0101la dizaina tauri\u0146a formas zelta deta\u013c\u0101m, kas no ab\u0101m pus\u0113m inkrust\u0113tas ar dimantiem. Piem\u0113rots saderin\u0101\u0161anai un \u012bpa\u0161iem gad\u012bjumiem.","robots":{"index":"index","follow":"follow","max-snippet":"max-snippet:-1","max-image-preview":"max-image-preview:large","max-video-preview":"max-video-preview:-1"},"canonical":"https:\/\/fashiongold.lt\/lv\/papuosalas\/dabas-smaragds-dzeltena-zelta-gredzens-ar-smaragdu-un-dimantiem-017-ct\/","og_locale":"lv_LV","og_type":"article","og_title":"Dabas smaragds - dzelten\u0101 zelta gredzens ar smaragdu un dimantiem","og_description":"Zelta gredzens ar smaragdu un unik\u0101la dizaina tauri\u0146a formas zelta deta\u013c\u0101m, kas no ab\u0101m pus\u0113m inkrust\u0113tas ar dimantiem. Piem\u0113rots saderin\u0101\u0161anai un \u012bpa\u0161iem gad\u012bjumiem.","og_url":"https:\/\/fashiongold.lt\/lv\/papuosalas\/dabas-smaragds-dzeltena-zelta-gredzens-ar-smaragdu-un-dimantiem-017-ct\/","og_site_name":"FashionGold.lt","og_image":[{"width":1000,"height":1000,"url":"https:\/\/fashiongold.lt\/wp-content\/uploads\/2025\/10\/5733-a22-Gamtos-smaragdas-balto-aukso-ziedas-su-smaragdu-ir-deimantais.webp","type":"image\/jpeg"}],"twitter_card":"summary_large_image","schema":{"@context":"https:\/\/schema.org","@graph":[{"@type":"WebPage","@id":"https:\/\/fashiongold.lt\/lv\/papuosalas\/dabas-smaragds-dzeltena-zelta-gredzens-ar-smaragdu-un-dimantiem-017-ct\/","url":"https:\/\/fashiongold.lt\/lv\/papuosalas\/dabas-smaragds-dzeltena-zelta-gredzens-ar-smaragdu-un-dimantiem-017-ct\/","name":"Dabas smaragds - dzelten\u0101 zelta gredzens ar smaragdu un dimantiem","isPartOf":{"@id":"https:\/\/fashiongold.lt\/lv\/#website"},"primaryImageOfPage":{"@id":"https:\/\/fashiongold.lt\/lv\/papuosalas\/dabas-smaragds-dzeltena-zelta-gredzens-ar-smaragdu-un-dimantiem-017-ct\/#primaryimage"},"image":{"@id":"https:\/\/fashiongold.lt\/lv\/papuosalas\/dabas-smaragds-dzeltena-zelta-gredzens-ar-smaragdu-un-dimantiem-017-ct\/#primaryimage"},"thumbnailUrl":"https:\/\/fashiongold.lt\/wp-content\/uploads\/2025\/10\/5733-a22-Gamtos-smaragdas-balto-aukso-ziedas-su-smaragdu-ir-deimantais.jpg","datePublished":"2025-10-09T23:01:32+00:00","description":"Zelta gredzens ar smaragdu un unik\u0101la dizaina tauri\u0146a formas zelta deta\u013c\u0101m, kas no ab\u0101m pus\u0113m inkrust\u0113tas ar dimantiem. Piem\u0113rots saderin\u0101\u0161anai un \u012bpa\u0161iem gad\u012bjumiem.","breadcrumb":{"@id":"https:\/\/fashiongold.lt\/lv\/papuosalas\/dabas-smaragds-dzeltena-zelta-gredzens-ar-smaragdu-un-dimantiem-017-ct\/#breadcrumb"},"inLanguage":"lv-LV","potentialAction":[{"@type":"ReadAction","target":["https:\/\/fashiongold.lt\/lv\/papuosalas\/dabas-smaragds-dzeltena-zelta-gredzens-ar-smaragdu-un-dimantiem-017-ct\/"]}]},{"@type":"ImageObject","inLanguage":"lv-LV","@id":"https:\/\/fashiongold.lt\/lv\/papuosalas\/dabas-smaragds-dzeltena-zelta-gredzens-ar-smaragdu-un-dimantiem-017-ct\/#primaryimage","url":"https:\/\/fashiongold.lt\/wp-content\/uploads\/2025\/10\/5733-a22-Gamtos-smaragdas-balto-aukso-ziedas-su-smaragdu-ir-deimantais.jpg","contentUrl":"https:\/\/fashiongold.lt\/wp-content\/uploads\/2025\/10\/5733-a22-Gamtos-smaragdas-balto-aukso-ziedas-su-smaragdu-ir-deimantais.jpg","width":1000,"height":1000},{"@type":"BreadcrumbList","@id":"https:\/\/fashiongold.lt\/lv\/papuosalas\/dabas-smaragds-dzeltena-zelta-gredzens-ar-smaragdu-un-dimantiem-017-ct\/#breadcrumb","itemListElement":[{"@type":"ListItem","position":1,"name":"Home","item":"https:\/\/fashiongold.lt\/lv\/"},{"@type":"ListItem","position":2,"name":"Dimantu veikals Fashiongold.lt","item":"https:\/\/fashiongold.lt\/shop-2\/"},{"@type":"ListItem","position":3,"name":"Dabas smaragds \u2013 dzelten\u0101 zelta gredzens ar smaragdu un dimantiem (0,17 ct)"}]},{"@type":"WebSite","@id":"https:\/\/fashiongold.lt\/lv\/#website","url":"https:\/\/fashiongold.lt\/lv\/","name":"Fashion Gold","description":"Juvelyrikos namai","publisher":{"@id":"https:\/\/fashiongold.lt\/lv\/#organization"},"potentialAction":[{"@type":"SearchAction","target":{"@type":"EntryPoint","urlTemplate":"https:\/\/fashiongold.lt\/lv\/?s={search_term_string}"},"query-input":{"@type":"PropertyValueSpecification","valueRequired":true,"valueName":"search_term_string"}}],"inLanguage":"lv-LV"},{"@type":"Organization","@id":"https:\/\/fashiongold.lt\/lv\/#organization","name":"Topdiamonds Online","url":"https:\/\/fashiongold.lt\/lv\/","logo":{"@type":"ImageObject","inLanguage":"lv-LV","@id":"https:\/\/fashiongold.lt\/lv\/#\/schema\/logo\/image\/","url":"https:\/\/fashiongold.lt\/wp-content\/uploads\/2025\/04\/cropped-fashion_gold_logotipas2-scaled-1.png","contentUrl":"https:\/\/fashiongold.lt\/wp-content\/uploads\/2025\/04\/cropped-fashion_gold_logotipas2-scaled-1.png","width":2559,"height":421,"caption":"Topdiamonds Online"},"image":{"@id":"https:\/\/fashiongold.lt\/lv\/#\/schema\/logo\/image\/"}}]}},"_links":{"self":[{"href":"https:\/\/fashiongold.lt\/lv\/wp-json\/wp\/v2\/product\/292788","targetHints":{"allow":["GET"]}}],"collection":[{"href":"https:\/\/fashiongold.lt\/lv\/wp-json\/wp\/v2\/product"}],"about":[{"href":"https:\/\/fashiongold.lt\/lv\/wp-json\/wp\/v2\/types\/product"}],"version-history":[{"count":0,"href":"https:\/\/fashiongold.lt\/lv\/wp-json\/wp\/v2\/product\/292788\/revisions"}],"wp:featuredmedia":[{"embeddable":true,"href":"https:\/\/fashiongold.lt\/lv\/wp-json\/wp\/v2\/media\/79524"}],"wp:attachment":[{"href":"https:\/\/fashiongold.lt\/lv\/wp-json\/wp\/v2\/media?parent=292788"}],"wp:term":[{"taxonomy":"product_brand","embeddable":true,"href":"https:\/\/fashiongold.lt\/lv\/wp-json\/wp\/v2\/product_brand?post=292788"},{"taxonomy":"product_cat","embeddable":true,"href":"https:\/\/fashiongold.lt\/lv\/wp-json\/wp\/v2\/product_cat?post=292788"},{"taxonomy":"product_tag","embeddable":true,"href":"https:\/\/fashiongold.lt\/lv\/wp-json\/wp\/v2\/product_tag?post=292788"}],"curies":[{"name":"wp","href":"https:\/\/api.w.org\/{rel}","templated":true}]}}