{"id":292833,"date":"2025-10-09T22:47:18","date_gmt":"2025-10-09T22:47:18","guid":{"rendered":"https:\/\/fashiongold.lt\/papuosalas\/mirdzosa-linija-balta-zelta-dimantu-gredzens-ar-dimantiem-020-ct\/"},"modified":"2025-10-09T22:47:18","modified_gmt":"2025-10-09T22:47:18","slug":"mirdzosa-linija-balta-zelta-dimantu-gredzens-ar-dimantiem-020-ct","status":"publish","type":"product","link":"https:\/\/fashiongold.lt\/lv\/papuosalas\/mirdzosa-linija-balta-zelta-dimantu-gredzens-ar-dimantiem-020-ct\/","title":{"rendered":"Mirdzo\u0161\u0101 l\u012bnija \u2013 balt\u0101 zelta dimantu gredzens ar dimantiem (0,20 ct)"},"content":{"rendered":"<p>Ra\u017eots Lietuv\u0101. Gredzens var tikt izgatavots p\u0113c pas\u016bt\u012bjuma: no sarkan\u0101, dzelten\u0101 un balt\u0101 zelta.<\/p>\n<p>\u2022 Dimanta tips: Dab\u012bgs dimants<\/p>\n<p>\u2022 Dimanta forma: Apa\u013ca forma (Round cut)<\/p>\n<p>\u2022 Dimanta raksturojums: 0,20 ct, kr\u0101sa H-I(W-STW); dzidrums SI<\/p>\n<p>\u2022 Sertifik\u0101ts: Lietuvas Prob\u0101cijas pal\u0101ta (LPR) <\/p>\n<p>\u2022 Gredzena zelts: 14K (585 prove) <\/p>\n<p>\u2022 Gredzena kr\u0101sa: baltais zelts <\/p>\n<p>\u2022 Gredzena svars: aptuveni 1,80-2,20 g <\/p>\n<p>\u2022 Gredzena izm\u0113ri: platums 2,50 mm <\/p>\n","protected":false},"excerpt":{"rendered":"<p>Balt\u0101 zelta dimantu st\u012bpi\u0146a ir grezni rot\u0101ta ar dimantiem, veidojot mirdzo\u0161u l\u012bniju uz j\u016bsu pirksta. \u0160is gredzens ar dimantiem ir lieliski kombin\u0113jams ar citiem gredzeniem: saderin\u0101\u0161an\u0101s, k\u0101zu vai citu \u012bpa\u0161u mirk\u013cu simbolu. T\u0101 elegantais dizains \u013cauj to n\u0113s\u0101t ikdien\u0101, un tas lieliski piest\u0101v \u012bpa\u0161iem gad\u012bjumiem. Pie\u0161\u0137iriet sev greznu akcentu ar \u0161o mirdzo\u0161o st\u012bpi\u0146u, kas ir piem\u0113rota saderin\u0101\u0161an\u0101s gad\u012bjumiem un \u012bpa\u0161iem br\u012b\u017eiem.<\/p>\n","protected":false},"featured_media":78706,"template":"","meta":{"site-sidebar-layout":"","site-content-layout":"","ast-site-content-layout":"","site-content-style":"","site-sidebar-style":"","ast-global-header-display":"","ast-banner-title-visibility":"","ast-main-header-display":"","ast-hfb-above-header-display":"","ast-hfb-below-header-display":"","ast-hfb-mobile-header-display":"","site-post-title":"","ast-breadcrumbs-content":"","ast-featured-img":"","footer-sml-layout":"","ast-disable-related-posts":"","theme-transparent-header-meta":"","adv-header-id-meta":"","stick-header-meta":"","header-above-stick-meta":"","header-main-stick-meta":"","header-below-stick-meta":"","astra-migrate-meta-layouts":"default","ast-page-background-enabled":"default","ast-page-background-meta":{"desktop":{"background-color":"var(--ast-global-color-4)","background-image":"","background-repeat":"repeat","background-position":"center center","background-size":"auto","background-attachment":"scroll","background-type":"","background-media":"","overlay-type":"","overlay-color":"","overlay-opacity":"","overlay-gradient":""},"tablet":{"background-color":"","background-image":"","background-repeat":"repeat","background-position":"center center","background-size":"auto","background-attachment":"scroll","background-type":"","background-media":"","overlay-type":"","overlay-color":"","overlay-opacity":"","overlay-gradient":""},"mobile":{"background-color":"","background-image":"","background-repeat":"repeat","background-position":"center center","background-size":"auto","background-attachment":"scroll","background-type":"","background-media":"","overlay-type":"","overlay-color":"","overlay-opacity":"","overlay-gradient":""}},"ast-content-background-meta":{"desktop":{"background-color":"var(--ast-global-color-5)","background-image":"","background-repeat":"repeat","background-position":"center center","background-size":"auto","background-attachment":"scroll","background-type":"","background-media":"","overlay-type":"","overlay-color":"","overlay-opacity":"","overlay-gradient":""},"tablet":{"background-color":"var(--ast-global-color-5)","background-image":"","background-repeat":"repeat","background-position":"center center","background-size":"auto","background-attachment":"scroll","background-type":"","background-media":"","overlay-type":"","overlay-color":"","overlay-opacity":"","overlay-gradient":""},"mobile":{"background-color":"var(--ast-global-color-5)","background-image":"","background-repeat":"repeat","background-position":"center center","background-size":"auto","background-attachment":"scroll","background-type":"","background-media":"","overlay-type":"","overlay-color":"","overlay-opacity":"","overlay-gradient":""}}},"product_brand":[],"product_cat":[2924,3522,3441,2919,2915,2913,2921,2920,3403,2916,2914,2917,2925,3721,2926,3453,3042,3524,3523,2922,3566,3439,3616,2936,2918],"product_tag":[],"class_list":{"0":"post-292833","1":"product","2":"type-product","3":"status-publish","4":"has-post-thumbnail","6":"product_cat-balta-zelta-dimantu-stipinas","7":"product_cat-balta-zelta-laulibu-gredzeni","8":"product_cat-balta-zelta-saderinasanas-gredzeni","9":"product_cat-baltzelta-rotaslietas","10":"product_cat-davanas-berna-piedzimsanai","11":"product_cat-davanas-dzimsanas-diena","12":"product_cat-davanas-ipasiem-gadijumiem","13":"product_cat-davanas-izlaidumam","14":"product_cat-davanas-kazam","15":"product_cat-davanas-kazu-gadadiena","16":"product_cat-davanas-sievietem","17":"product_cat-davanas-viriesiem","18":"product_cat-dimanta-lentinas","19":"product_cat-dimanta-stipina-ar-briljantiem","20":"product_cat-dimanta-stipinas-lidz-pusei","21":"product_cat-gredzeni-ar-dimantiem","22":"product_cat-juvelierizstradajumi","23":"product_cat-kazu-gredzeni","24":"product_cat-klasiskie-laulibu-gredzeni","25":"product_cat-mates-dienas-davanas","26":"product_cat-minimalistiski-saderinasanas-gredzeni","27":"product_cat-saderinasanas-gredzeni","28":"product_cat-sieviesu-laulibu-gredzeni","29":"product_cat-valentindienas-davanas","30":"product_cat-ziemassvetku-davanas","31":"desktop-align-center","32":"tablet-align-left","33":"mobile-align-left","34":"ast-product-gallery-layout-horizontal-slider","35":"ast-product-gallery-with-no-image","36":"ast-product-single-variable","37":"ast-product-tabs-layout-accordion","38":"ast-qv-on-image","40":"first","41":"instock","42":"taxable","43":"shipping-taxable","44":"purchasable","45":"product-type-variable"},"yoast_head":"<!-- This site is optimized with the Yoast SEO plugin v26.6 - https:\/\/yoast.com\/wordpress\/plugins\/seo\/ -->\n<title>Balt\u0101 zelta dimantu st\u012bpi\u0146a ar dimantiem 0,20 ct<\/title>\n<meta name=\"description\" content=\"Balt\u0101 zelta dimantu st\u012bpi\u0146a ir grezni rot\u0101ta ar dimantiem, veidojot mirdzo\u0161u, starojo\u0161u l\u012bniju uz j\u016bsu pirksta. Piem\u0113rota saderin\u0101\u0161an\u0101s gad\u012bjumiem un \u012bpa\u0161iem mirk\u013ciem.\" \/>\n<meta name=\"robots\" content=\"index, follow, max-snippet:-1, max-image-preview:large, max-video-preview:-1\" \/>\n<link rel=\"canonical\" href=\"https:\/\/fashiongold.lt\/lv\/papuosalas\/mirdzosa-linija-balta-zelta-dimantu-gredzens-ar-dimantiem-020-ct\/\" \/>\n<meta property=\"og:locale\" content=\"lv_LV\" \/>\n<meta property=\"og:type\" content=\"article\" \/>\n<meta property=\"og:title\" content=\"Balt\u0101 zelta dimantu st\u012bpi\u0146a ar dimantiem 0,20 ct\" \/>\n<meta property=\"og:description\" content=\"Balt\u0101 zelta dimantu st\u012bpi\u0146a ir grezni rot\u0101ta ar dimantiem, veidojot mirdzo\u0161u, starojo\u0161u l\u012bniju uz j\u016bsu pirksta. Piem\u0113rota saderin\u0101\u0161an\u0101s gad\u012bjumiem un \u012bpa\u0161iem mirk\u013ciem.\" \/>\n<meta property=\"og:url\" content=\"https:\/\/fashiongold.lt\/lv\/papuosalas\/mirdzosa-linija-balta-zelta-dimantu-gredzens-ar-dimantiem-020-ct\/\" \/>\n<meta property=\"og:site_name\" content=\"FashionGold.lt\" \/>\n<meta property=\"og:image\" content=\"https:\/\/fashiongold.lt\/wp-content\/uploads\/2025\/10\/5624-995-Svytinanti-Linija-balto-aukso-deimantine-juostele-su-deimantais.webp\" \/>\n\t<meta property=\"og:image:width\" content=\"1000\" \/>\n\t<meta property=\"og:image:height\" content=\"1000\" \/>\n\t<meta property=\"og:image:type\" content=\"image\/jpeg\" \/>\n<meta name=\"twitter:card\" content=\"summary_large_image\" \/>\n<script type=\"application\/ld+json\" class=\"yoast-schema-graph\">{\"@context\":\"https:\/\/schema.org\",\"@graph\":[{\"@type\":\"WebPage\",\"@id\":\"https:\/\/fashiongold.lt\/lv\/papuosalas\/mirdzosa-linija-balta-zelta-dimantu-gredzens-ar-dimantiem-020-ct\/\",\"url\":\"https:\/\/fashiongold.lt\/lv\/papuosalas\/mirdzosa-linija-balta-zelta-dimantu-gredzens-ar-dimantiem-020-ct\/\",\"name\":\"Balt\u0101 zelta dimantu st\u012bpi\u0146a ar dimantiem 0,20 ct\",\"isPartOf\":{\"@id\":\"https:\/\/fashiongold.lt\/lv\/#website\"},\"primaryImageOfPage\":{\"@id\":\"https:\/\/fashiongold.lt\/lv\/papuosalas\/mirdzosa-linija-balta-zelta-dimantu-gredzens-ar-dimantiem-020-ct\/#primaryimage\"},\"image\":{\"@id\":\"https:\/\/fashiongold.lt\/lv\/papuosalas\/mirdzosa-linija-balta-zelta-dimantu-gredzens-ar-dimantiem-020-ct\/#primaryimage\"},\"thumbnailUrl\":\"https:\/\/fashiongold.lt\/wp-content\/uploads\/2025\/10\/5624-995-Svytinanti-Linija-balto-aukso-deimantine-juostele-su-deimantais.jpg\",\"datePublished\":\"2025-10-09T22:47:18+00:00\",\"description\":\"Balt\u0101 zelta dimantu st\u012bpi\u0146a ir grezni rot\u0101ta ar dimantiem, veidojot mirdzo\u0161u, starojo\u0161u l\u012bniju uz j\u016bsu pirksta. Piem\u0113rota saderin\u0101\u0161an\u0101s gad\u012bjumiem un \u012bpa\u0161iem mirk\u013ciem.\",\"breadcrumb\":{\"@id\":\"https:\/\/fashiongold.lt\/lv\/papuosalas\/mirdzosa-linija-balta-zelta-dimantu-gredzens-ar-dimantiem-020-ct\/#breadcrumb\"},\"inLanguage\":\"lv-LV\",\"potentialAction\":[{\"@type\":\"ReadAction\",\"target\":[\"https:\/\/fashiongold.lt\/lv\/papuosalas\/mirdzosa-linija-balta-zelta-dimantu-gredzens-ar-dimantiem-020-ct\/\"]}]},{\"@type\":\"ImageObject\",\"inLanguage\":\"lv-LV\",\"@id\":\"https:\/\/fashiongold.lt\/lv\/papuosalas\/mirdzosa-linija-balta-zelta-dimantu-gredzens-ar-dimantiem-020-ct\/#primaryimage\",\"url\":\"https:\/\/fashiongold.lt\/wp-content\/uploads\/2025\/10\/5624-995-Svytinanti-Linija-balto-aukso-deimantine-juostele-su-deimantais.jpg\",\"contentUrl\":\"https:\/\/fashiongold.lt\/wp-content\/uploads\/2025\/10\/5624-995-Svytinanti-Linija-balto-aukso-deimantine-juostele-su-deimantais.jpg\",\"width\":1000,\"height\":1000},{\"@type\":\"BreadcrumbList\",\"@id\":\"https:\/\/fashiongold.lt\/lv\/papuosalas\/mirdzosa-linija-balta-zelta-dimantu-gredzens-ar-dimantiem-020-ct\/#breadcrumb\",\"itemListElement\":[{\"@type\":\"ListItem\",\"position\":1,\"name\":\"Home\",\"item\":\"https:\/\/fashiongold.lt\/lv\/\"},{\"@type\":\"ListItem\",\"position\":2,\"name\":\"Dimantu veikals Fashiongold.lt\",\"item\":\"https:\/\/fashiongold.lt\/shop-2\/\"},{\"@type\":\"ListItem\",\"position\":3,\"name\":\"Mirdzo\u0161\u0101 l\u012bnija \u2013 balt\u0101 zelta dimantu gredzens ar dimantiem (0,20 ct)\"}]},{\"@type\":\"WebSite\",\"@id\":\"https:\/\/fashiongold.lt\/lv\/#website\",\"url\":\"https:\/\/fashiongold.lt\/lv\/\",\"name\":\"Fashion Gold\",\"description\":\"Juvelyrikos namai\",\"publisher\":{\"@id\":\"https:\/\/fashiongold.lt\/lv\/#organization\"},\"potentialAction\":[{\"@type\":\"SearchAction\",\"target\":{\"@type\":\"EntryPoint\",\"urlTemplate\":\"https:\/\/fashiongold.lt\/lv\/?s={search_term_string}\"},\"query-input\":{\"@type\":\"PropertyValueSpecification\",\"valueRequired\":true,\"valueName\":\"search_term_string\"}}],\"inLanguage\":\"lv-LV\"},{\"@type\":\"Organization\",\"@id\":\"https:\/\/fashiongold.lt\/lv\/#organization\",\"name\":\"Topdiamonds Online\",\"url\":\"https:\/\/fashiongold.lt\/lv\/\",\"logo\":{\"@type\":\"ImageObject\",\"inLanguage\":\"lv-LV\",\"@id\":\"https:\/\/fashiongold.lt\/lv\/#\/schema\/logo\/image\/\",\"url\":\"https:\/\/fashiongold.lt\/wp-content\/uploads\/2025\/04\/cropped-fashion_gold_logotipas2-scaled-1.png\",\"contentUrl\":\"https:\/\/fashiongold.lt\/wp-content\/uploads\/2025\/04\/cropped-fashion_gold_logotipas2-scaled-1.png\",\"width\":2559,\"height\":421,\"caption\":\"Topdiamonds Online\"},\"image\":{\"@id\":\"https:\/\/fashiongold.lt\/lv\/#\/schema\/logo\/image\/\"}}]}<\/script>\n<!-- \/ Yoast SEO plugin. -->","yoast_head_json":{"title":"Balt\u0101 zelta dimantu st\u012bpi\u0146a ar dimantiem 0,20 ct","description":"Balt\u0101 zelta dimantu st\u012bpi\u0146a ir grezni rot\u0101ta ar dimantiem, veidojot mirdzo\u0161u, starojo\u0161u l\u012bniju uz j\u016bsu pirksta. Piem\u0113rota saderin\u0101\u0161an\u0101s gad\u012bjumiem un \u012bpa\u0161iem mirk\u013ciem.","robots":{"index":"index","follow":"follow","max-snippet":"max-snippet:-1","max-image-preview":"max-image-preview:large","max-video-preview":"max-video-preview:-1"},"canonical":"https:\/\/fashiongold.lt\/lv\/papuosalas\/mirdzosa-linija-balta-zelta-dimantu-gredzens-ar-dimantiem-020-ct\/","og_locale":"lv_LV","og_type":"article","og_title":"Balt\u0101 zelta dimantu st\u012bpi\u0146a ar dimantiem 0,20 ct","og_description":"Balt\u0101 zelta dimantu st\u012bpi\u0146a ir grezni rot\u0101ta ar dimantiem, veidojot mirdzo\u0161u, starojo\u0161u l\u012bniju uz j\u016bsu pirksta. Piem\u0113rota saderin\u0101\u0161an\u0101s gad\u012bjumiem un \u012bpa\u0161iem mirk\u013ciem.","og_url":"https:\/\/fashiongold.lt\/lv\/papuosalas\/mirdzosa-linija-balta-zelta-dimantu-gredzens-ar-dimantiem-020-ct\/","og_site_name":"FashionGold.lt","og_image":[{"width":1000,"height":1000,"url":"https:\/\/fashiongold.lt\/wp-content\/uploads\/2025\/10\/5624-995-Svytinanti-Linija-balto-aukso-deimantine-juostele-su-deimantais.webp","type":"image\/jpeg"}],"twitter_card":"summary_large_image","schema":{"@context":"https:\/\/schema.org","@graph":[{"@type":"WebPage","@id":"https:\/\/fashiongold.lt\/lv\/papuosalas\/mirdzosa-linija-balta-zelta-dimantu-gredzens-ar-dimantiem-020-ct\/","url":"https:\/\/fashiongold.lt\/lv\/papuosalas\/mirdzosa-linija-balta-zelta-dimantu-gredzens-ar-dimantiem-020-ct\/","name":"Balt\u0101 zelta dimantu st\u012bpi\u0146a ar dimantiem 0,20 ct","isPartOf":{"@id":"https:\/\/fashiongold.lt\/lv\/#website"},"primaryImageOfPage":{"@id":"https:\/\/fashiongold.lt\/lv\/papuosalas\/mirdzosa-linija-balta-zelta-dimantu-gredzens-ar-dimantiem-020-ct\/#primaryimage"},"image":{"@id":"https:\/\/fashiongold.lt\/lv\/papuosalas\/mirdzosa-linija-balta-zelta-dimantu-gredzens-ar-dimantiem-020-ct\/#primaryimage"},"thumbnailUrl":"https:\/\/fashiongold.lt\/wp-content\/uploads\/2025\/10\/5624-995-Svytinanti-Linija-balto-aukso-deimantine-juostele-su-deimantais.jpg","datePublished":"2025-10-09T22:47:18+00:00","description":"Balt\u0101 zelta dimantu st\u012bpi\u0146a ir grezni rot\u0101ta ar dimantiem, veidojot mirdzo\u0161u, starojo\u0161u l\u012bniju uz j\u016bsu pirksta. Piem\u0113rota saderin\u0101\u0161an\u0101s gad\u012bjumiem un \u012bpa\u0161iem mirk\u013ciem.","breadcrumb":{"@id":"https:\/\/fashiongold.lt\/lv\/papuosalas\/mirdzosa-linija-balta-zelta-dimantu-gredzens-ar-dimantiem-020-ct\/#breadcrumb"},"inLanguage":"lv-LV","potentialAction":[{"@type":"ReadAction","target":["https:\/\/fashiongold.lt\/lv\/papuosalas\/mirdzosa-linija-balta-zelta-dimantu-gredzens-ar-dimantiem-020-ct\/"]}]},{"@type":"ImageObject","inLanguage":"lv-LV","@id":"https:\/\/fashiongold.lt\/lv\/papuosalas\/mirdzosa-linija-balta-zelta-dimantu-gredzens-ar-dimantiem-020-ct\/#primaryimage","url":"https:\/\/fashiongold.lt\/wp-content\/uploads\/2025\/10\/5624-995-Svytinanti-Linija-balto-aukso-deimantine-juostele-su-deimantais.jpg","contentUrl":"https:\/\/fashiongold.lt\/wp-content\/uploads\/2025\/10\/5624-995-Svytinanti-Linija-balto-aukso-deimantine-juostele-su-deimantais.jpg","width":1000,"height":1000},{"@type":"BreadcrumbList","@id":"https:\/\/fashiongold.lt\/lv\/papuosalas\/mirdzosa-linija-balta-zelta-dimantu-gredzens-ar-dimantiem-020-ct\/#breadcrumb","itemListElement":[{"@type":"ListItem","position":1,"name":"Home","item":"https:\/\/fashiongold.lt\/lv\/"},{"@type":"ListItem","position":2,"name":"Dimantu veikals Fashiongold.lt","item":"https:\/\/fashiongold.lt\/shop-2\/"},{"@type":"ListItem","position":3,"name":"Mirdzo\u0161\u0101 l\u012bnija \u2013 balt\u0101 zelta dimantu gredzens ar dimantiem (0,20 ct)"}]},{"@type":"WebSite","@id":"https:\/\/fashiongold.lt\/lv\/#website","url":"https:\/\/fashiongold.lt\/lv\/","name":"Fashion Gold","description":"Juvelyrikos namai","publisher":{"@id":"https:\/\/fashiongold.lt\/lv\/#organization"},"potentialAction":[{"@type":"SearchAction","target":{"@type":"EntryPoint","urlTemplate":"https:\/\/fashiongold.lt\/lv\/?s={search_term_string}"},"query-input":{"@type":"PropertyValueSpecification","valueRequired":true,"valueName":"search_term_string"}}],"inLanguage":"lv-LV"},{"@type":"Organization","@id":"https:\/\/fashiongold.lt\/lv\/#organization","name":"Topdiamonds Online","url":"https:\/\/fashiongold.lt\/lv\/","logo":{"@type":"ImageObject","inLanguage":"lv-LV","@id":"https:\/\/fashiongold.lt\/lv\/#\/schema\/logo\/image\/","url":"https:\/\/fashiongold.lt\/wp-content\/uploads\/2025\/04\/cropped-fashion_gold_logotipas2-scaled-1.png","contentUrl":"https:\/\/fashiongold.lt\/wp-content\/uploads\/2025\/04\/cropped-fashion_gold_logotipas2-scaled-1.png","width":2559,"height":421,"caption":"Topdiamonds Online"},"image":{"@id":"https:\/\/fashiongold.lt\/lv\/#\/schema\/logo\/image\/"}}]}},"_links":{"self":[{"href":"https:\/\/fashiongold.lt\/lv\/wp-json\/wp\/v2\/product\/292833","targetHints":{"allow":["GET"]}}],"collection":[{"href":"https:\/\/fashiongold.lt\/lv\/wp-json\/wp\/v2\/product"}],"about":[{"href":"https:\/\/fashiongold.lt\/lv\/wp-json\/wp\/v2\/types\/product"}],"version-history":[{"count":0,"href":"https:\/\/fashiongold.lt\/lv\/wp-json\/wp\/v2\/product\/292833\/revisions"}],"wp:featuredmedia":[{"embeddable":true,"href":"https:\/\/fashiongold.lt\/lv\/wp-json\/wp\/v2\/media\/78706"}],"wp:attachment":[{"href":"https:\/\/fashiongold.lt\/lv\/wp-json\/wp\/v2\/media?parent=292833"}],"wp:term":[{"taxonomy":"product_brand","embeddable":true,"href":"https:\/\/fashiongold.lt\/lv\/wp-json\/wp\/v2\/product_brand?post=292833"},{"taxonomy":"product_cat","embeddable":true,"href":"https:\/\/fashiongold.lt\/lv\/wp-json\/wp\/v2\/product_cat?post=292833"},{"taxonomy":"product_tag","embeddable":true,"href":"https:\/\/fashiongold.lt\/lv\/wp-json\/wp\/v2\/product_tag?post=292833"}],"curies":[{"name":"wp","href":"https:\/\/api.w.org\/{rel}","templated":true}]}}