{"id":292838,"date":"2025-10-09T22:45:56","date_gmt":"2025-10-09T22:45:56","guid":{"rendered":"https:\/\/fashiongold.lt\/papuosalas\/dimantu-linija-dzeltena-zelta-gredzens-ar-dimantiem-060-ct\/"},"modified":"2025-10-09T22:45:56","modified_gmt":"2025-10-09T22:45:56","slug":"dimantu-linija-dzeltena-zelta-gredzens-ar-dimantiem-060-ct","status":"publish","type":"product","link":"https:\/\/fashiongold.lt\/lv\/papuosalas\/dimantu-linija-dzeltena-zelta-gredzens-ar-dimantiem-060-ct\/","title":{"rendered":"Dimantu l\u012bnija \u2013 dzelten\u0101 zelta gredzens ar dimantiem (0,60 ct)"},"content":{"rendered":"<p>Ra\u017eots Lietuv\u0101. Gredzens var tikt izgatavots p\u0113c pas\u016bt\u012bjuma: no sarkan\u0101, dzelten\u0101 vai balt\u0101 zelta.<\/p>\n<p>\u2022 Dimanta tips: Dab\u012bgs dimants<\/p>\n<p>\u2022 Dimanta forma: Apa\u013ca forma\u00a0 (Round cut)<\/p>\n<p>\u2022 Dimanta raksturojums: 0,60 ct (1&#215;0,30ct, 10X0,03 ct), kr\u0101sa H-I(W- STW); dzidrums SI-I1<\/p>\n<p>\u2022 Sertifik\u0101ts: Lietuvas Prove\u0161anas pal\u0101ta (LPR)\u00a0<\/p>\n<p>\u2022 Gredzena zelts: 14K (585 prove)\u00a0<\/p>\n<p>\u2022 Gredzena kr\u0101sa: dzeltenais zelts\u00a0 \u00a0<\/p>\n<p>\u2022 Gredzena svars: aptuveni 2,20-2,60 g\u00a0<\/p>\n<p>\u2022 Gredzena izm\u0113ri: 4,15 x 2,50 mm<\/p>\n","protected":false},"excerpt":{"rendered":"<p>Dzelten\u0101 zelta gredzens ar iespaid\u012bgiem dimantiem. \u0160is modernais gredzens aizrauj ar savu unik\u0101lo dizainu: dimanti ir izk\u0101rtoti l\u012bnij\u0101 no centr\u0101l\u0101 0,30 ct dimanta. \u0160is unik\u0101lais gredzena dizains ir ide\u0101la izv\u0113le saderin\u0101\u0161an\u0101s br\u012bdim un \u012bpa\u0161iem gad\u012bjumiem, atspogu\u013cojot j\u016bsu izsmalcin\u0101to gaumi un stilu. \u013baujiet grezn\u012bbai un elegancei mirdz\u0113t vien\u0101 gredzen\u0101.<\/p>\n","protected":false},"featured_media":78635,"template":"","meta":{"site-sidebar-layout":"","site-content-layout":"","ast-site-content-layout":"","site-content-style":"","site-sidebar-style":"","ast-global-header-display":"","ast-banner-title-visibility":"","ast-main-header-display":"","ast-hfb-above-header-display":"","ast-hfb-below-header-display":"","ast-hfb-mobile-header-display":"","site-post-title":"","ast-breadcrumbs-content":"","ast-featured-img":"","footer-sml-layout":"","ast-disable-related-posts":"","theme-transparent-header-meta":"","adv-header-id-meta":"","stick-header-meta":"","header-above-stick-meta":"","header-main-stick-meta":"","header-below-stick-meta":"","astra-migrate-meta-layouts":"default","ast-page-background-enabled":"default","ast-page-background-meta":{"desktop":{"background-color":"var(--ast-global-color-4)","background-image":"","background-repeat":"repeat","background-position":"center center","background-size":"auto","background-attachment":"scroll","background-type":"","background-media":"","overlay-type":"","overlay-color":"","overlay-opacity":"","overlay-gradient":""},"tablet":{"background-color":"","background-image":"","background-repeat":"repeat","background-position":"center center","background-size":"auto","background-attachment":"scroll","background-type":"","background-media":"","overlay-type":"","overlay-color":"","overlay-opacity":"","overlay-gradient":""},"mobile":{"background-color":"","background-image":"","background-repeat":"repeat","background-position":"center center","background-size":"auto","background-attachment":"scroll","background-type":"","background-media":"","overlay-type":"","overlay-color":"","overlay-opacity":"","overlay-gradient":""}},"ast-content-background-meta":{"desktop":{"background-color":"var(--ast-global-color-5)","background-image":"","background-repeat":"repeat","background-position":"center center","background-size":"auto","background-attachment":"scroll","background-type":"","background-media":"","overlay-type":"","overlay-color":"","overlay-opacity":"","overlay-gradient":""},"tablet":{"background-color":"var(--ast-global-color-5)","background-image":"","background-repeat":"repeat","background-position":"center center","background-size":"auto","background-attachment":"scroll","background-type":"","background-media":"","overlay-type":"","overlay-color":"","overlay-opacity":"","overlay-gradient":""},"mobile":{"background-color":"var(--ast-global-color-5)","background-image":"","background-repeat":"repeat","background-position":"center center","background-size":"auto","background-attachment":"scroll","background-type":"","background-media":"","overlay-type":"","overlay-color":"","overlay-opacity":"","overlay-gradient":""}}},"product_brand":[],"product_cat":[2915,2913,2921,2920,3403,2916,2914,2923,3442,3453,3042,2922,3465,3439,3962,2936,2918],"product_tag":[],"class_list":{"0":"post-292838","1":"product","2":"type-product","3":"status-publish","4":"has-post-thumbnail","6":"product_cat-davanas-berna-piedzimsanai","7":"product_cat-davanas-dzimsanas-diena","8":"product_cat-davanas-ipasiem-gadijumiem","9":"product_cat-davanas-izlaidumam","10":"product_cat-davanas-kazam","11":"product_cat-davanas-kazu-gadadiena","12":"product_cat-davanas-sievietem","13":"product_cat-dzeltena-zelta-juvelierizstradajumi","14":"product_cat-dzeltena-zelta-saderinasanas-gredzeni","15":"product_cat-gredzeni-ar-dimantiem","16":"product_cat-juvelierizstradajumi","17":"product_cat-mates-dienas-davanas","18":"product_cat-moderni-saderinasanas-gredzeni","19":"product_cat-saderinasanas-gredzeni","20":"product_cat-saderinasanas-gredzeni-ar-dimantu","21":"product_cat-valentindienas-davanas","22":"product_cat-ziemassvetku-davanas","23":"desktop-align-center","24":"tablet-align-left","25":"mobile-align-left","26":"ast-product-gallery-layout-horizontal-slider","27":"ast-product-gallery-with-no-image","28":"ast-product-single-variable","29":"ast-product-tabs-layout-accordion","30":"ast-qv-on-image","32":"first","33":"instock","34":"taxable","35":"shipping-taxable","36":"purchasable","37":"product-type-variable"},"yoast_head":"<!-- This site is optimized with the Yoast SEO plugin v26.6 - https:\/\/yoast.com\/wordpress\/plugins\/seo\/ -->\n<title>Dimantu l\u012bnija - dzelten\u0101 zelta gredzens ar dimantiem 0,60 ct<\/title>\n<meta name=\"description\" content=\"Gredzens apbur ar savu unik\u0101lo dizainu: rind\u0101 izvietoti dimanti no centr\u0101l\u0101 0,30 ct dimanta. Ide\u0101la izv\u0113le saderin\u0101\u0161an\u0101s gad\u012bjumam un \u012bpa\u0161iem mirk\u013ciem.\" \/>\n<meta name=\"robots\" content=\"index, follow, max-snippet:-1, max-image-preview:large, max-video-preview:-1\" \/>\n<link rel=\"canonical\" href=\"https:\/\/fashiongold.lt\/lv\/papuosalas\/dimantu-linija-dzeltena-zelta-gredzens-ar-dimantiem-060-ct\/\" \/>\n<meta property=\"og:locale\" content=\"lv_LV\" \/>\n<meta property=\"og:type\" content=\"article\" \/>\n<meta property=\"og:title\" content=\"Dimantu l\u012bnija - dzelten\u0101 zelta gredzens ar dimantiem 0,60 ct\" \/>\n<meta property=\"og:description\" content=\"Gredzens apbur ar savu unik\u0101lo dizainu: rind\u0101 izvietoti dimanti no centr\u0101l\u0101 0,30 ct dimanta. Ide\u0101la izv\u0113le saderin\u0101\u0161an\u0101s gad\u012bjumam un \u012bpa\u0161iem mirk\u013ciem.\" \/>\n<meta property=\"og:url\" content=\"https:\/\/fashiongold.lt\/lv\/papuosalas\/dimantu-linija-dzeltena-zelta-gredzens-ar-dimantiem-060-ct\/\" \/>\n<meta property=\"og:site_name\" content=\"FashionGold.lt\" \/>\n<meta property=\"og:image\" content=\"https:\/\/fashiongold.lt\/wp-content\/uploads\/2025\/10\/5615-baf-Deimantine-linija-geltono-aukso-ziedas-su-deimantais.webp\" \/>\n\t<meta property=\"og:image:width\" content=\"1000\" \/>\n\t<meta property=\"og:image:height\" content=\"1000\" \/>\n\t<meta property=\"og:image:type\" content=\"image\/jpeg\" \/>\n<meta name=\"twitter:card\" content=\"summary_large_image\" \/>\n<script type=\"application\/ld+json\" class=\"yoast-schema-graph\">{\"@context\":\"https:\/\/schema.org\",\"@graph\":[{\"@type\":\"WebPage\",\"@id\":\"https:\/\/fashiongold.lt\/lv\/papuosalas\/dimantu-linija-dzeltena-zelta-gredzens-ar-dimantiem-060-ct\/\",\"url\":\"https:\/\/fashiongold.lt\/lv\/papuosalas\/dimantu-linija-dzeltena-zelta-gredzens-ar-dimantiem-060-ct\/\",\"name\":\"Dimantu l\u012bnija - dzelten\u0101 zelta gredzens ar dimantiem 0,60 ct\",\"isPartOf\":{\"@id\":\"https:\/\/fashiongold.lt\/lv\/#website\"},\"primaryImageOfPage\":{\"@id\":\"https:\/\/fashiongold.lt\/lv\/papuosalas\/dimantu-linija-dzeltena-zelta-gredzens-ar-dimantiem-060-ct\/#primaryimage\"},\"image\":{\"@id\":\"https:\/\/fashiongold.lt\/lv\/papuosalas\/dimantu-linija-dzeltena-zelta-gredzens-ar-dimantiem-060-ct\/#primaryimage\"},\"thumbnailUrl\":\"https:\/\/fashiongold.lt\/wp-content\/uploads\/2025\/10\/5615-baf-Deimantine-linija-geltono-aukso-ziedas-su-deimantais.jpg\",\"datePublished\":\"2025-10-09T22:45:56+00:00\",\"description\":\"Gredzens apbur ar savu unik\u0101lo dizainu: rind\u0101 izvietoti dimanti no centr\u0101l\u0101 0,30 ct dimanta. Ide\u0101la izv\u0113le saderin\u0101\u0161an\u0101s gad\u012bjumam un \u012bpa\u0161iem mirk\u013ciem.\",\"breadcrumb\":{\"@id\":\"https:\/\/fashiongold.lt\/lv\/papuosalas\/dimantu-linija-dzeltena-zelta-gredzens-ar-dimantiem-060-ct\/#breadcrumb\"},\"inLanguage\":\"lv-LV\",\"potentialAction\":[{\"@type\":\"ReadAction\",\"target\":[\"https:\/\/fashiongold.lt\/lv\/papuosalas\/dimantu-linija-dzeltena-zelta-gredzens-ar-dimantiem-060-ct\/\"]}]},{\"@type\":\"ImageObject\",\"inLanguage\":\"lv-LV\",\"@id\":\"https:\/\/fashiongold.lt\/lv\/papuosalas\/dimantu-linija-dzeltena-zelta-gredzens-ar-dimantiem-060-ct\/#primaryimage\",\"url\":\"https:\/\/fashiongold.lt\/wp-content\/uploads\/2025\/10\/5615-baf-Deimantine-linija-geltono-aukso-ziedas-su-deimantais.jpg\",\"contentUrl\":\"https:\/\/fashiongold.lt\/wp-content\/uploads\/2025\/10\/5615-baf-Deimantine-linija-geltono-aukso-ziedas-su-deimantais.jpg\",\"width\":1000,\"height\":1000},{\"@type\":\"BreadcrumbList\",\"@id\":\"https:\/\/fashiongold.lt\/lv\/papuosalas\/dimantu-linija-dzeltena-zelta-gredzens-ar-dimantiem-060-ct\/#breadcrumb\",\"itemListElement\":[{\"@type\":\"ListItem\",\"position\":1,\"name\":\"Home\",\"item\":\"https:\/\/fashiongold.lt\/lv\/\"},{\"@type\":\"ListItem\",\"position\":2,\"name\":\"Dimantu veikals Fashiongold.lt\",\"item\":\"https:\/\/fashiongold.lt\/shop-2\/\"},{\"@type\":\"ListItem\",\"position\":3,\"name\":\"Dimantu l\u012bnija \u2013 dzelten\u0101 zelta gredzens ar dimantiem (0,60 ct)\"}]},{\"@type\":\"WebSite\",\"@id\":\"https:\/\/fashiongold.lt\/lv\/#website\",\"url\":\"https:\/\/fashiongold.lt\/lv\/\",\"name\":\"Fashion Gold\",\"description\":\"Juvelyrikos namai\",\"publisher\":{\"@id\":\"https:\/\/fashiongold.lt\/lv\/#organization\"},\"potentialAction\":[{\"@type\":\"SearchAction\",\"target\":{\"@type\":\"EntryPoint\",\"urlTemplate\":\"https:\/\/fashiongold.lt\/lv\/?s={search_term_string}\"},\"query-input\":{\"@type\":\"PropertyValueSpecification\",\"valueRequired\":true,\"valueName\":\"search_term_string\"}}],\"inLanguage\":\"lv-LV\"},{\"@type\":\"Organization\",\"@id\":\"https:\/\/fashiongold.lt\/lv\/#organization\",\"name\":\"Topdiamonds Online\",\"url\":\"https:\/\/fashiongold.lt\/lv\/\",\"logo\":{\"@type\":\"ImageObject\",\"inLanguage\":\"lv-LV\",\"@id\":\"https:\/\/fashiongold.lt\/lv\/#\/schema\/logo\/image\/\",\"url\":\"https:\/\/fashiongold.lt\/wp-content\/uploads\/2025\/04\/cropped-fashion_gold_logotipas2-scaled-1.png\",\"contentUrl\":\"https:\/\/fashiongold.lt\/wp-content\/uploads\/2025\/04\/cropped-fashion_gold_logotipas2-scaled-1.png\",\"width\":2559,\"height\":421,\"caption\":\"Topdiamonds Online\"},\"image\":{\"@id\":\"https:\/\/fashiongold.lt\/lv\/#\/schema\/logo\/image\/\"}}]}<\/script>\n<!-- \/ Yoast SEO plugin. -->","yoast_head_json":{"title":"Dimantu l\u012bnija - dzelten\u0101 zelta gredzens ar dimantiem 0,60 ct","description":"Gredzens apbur ar savu unik\u0101lo dizainu: rind\u0101 izvietoti dimanti no centr\u0101l\u0101 0,30 ct dimanta. Ide\u0101la izv\u0113le saderin\u0101\u0161an\u0101s gad\u012bjumam un \u012bpa\u0161iem mirk\u013ciem.","robots":{"index":"index","follow":"follow","max-snippet":"max-snippet:-1","max-image-preview":"max-image-preview:large","max-video-preview":"max-video-preview:-1"},"canonical":"https:\/\/fashiongold.lt\/lv\/papuosalas\/dimantu-linija-dzeltena-zelta-gredzens-ar-dimantiem-060-ct\/","og_locale":"lv_LV","og_type":"article","og_title":"Dimantu l\u012bnija - dzelten\u0101 zelta gredzens ar dimantiem 0,60 ct","og_description":"Gredzens apbur ar savu unik\u0101lo dizainu: rind\u0101 izvietoti dimanti no centr\u0101l\u0101 0,30 ct dimanta. Ide\u0101la izv\u0113le saderin\u0101\u0161an\u0101s gad\u012bjumam un \u012bpa\u0161iem mirk\u013ciem.","og_url":"https:\/\/fashiongold.lt\/lv\/papuosalas\/dimantu-linija-dzeltena-zelta-gredzens-ar-dimantiem-060-ct\/","og_site_name":"FashionGold.lt","og_image":[{"width":1000,"height":1000,"url":"https:\/\/fashiongold.lt\/wp-content\/uploads\/2025\/10\/5615-baf-Deimantine-linija-geltono-aukso-ziedas-su-deimantais.webp","type":"image\/jpeg"}],"twitter_card":"summary_large_image","schema":{"@context":"https:\/\/schema.org","@graph":[{"@type":"WebPage","@id":"https:\/\/fashiongold.lt\/lv\/papuosalas\/dimantu-linija-dzeltena-zelta-gredzens-ar-dimantiem-060-ct\/","url":"https:\/\/fashiongold.lt\/lv\/papuosalas\/dimantu-linija-dzeltena-zelta-gredzens-ar-dimantiem-060-ct\/","name":"Dimantu l\u012bnija - dzelten\u0101 zelta gredzens ar dimantiem 0,60 ct","isPartOf":{"@id":"https:\/\/fashiongold.lt\/lv\/#website"},"primaryImageOfPage":{"@id":"https:\/\/fashiongold.lt\/lv\/papuosalas\/dimantu-linija-dzeltena-zelta-gredzens-ar-dimantiem-060-ct\/#primaryimage"},"image":{"@id":"https:\/\/fashiongold.lt\/lv\/papuosalas\/dimantu-linija-dzeltena-zelta-gredzens-ar-dimantiem-060-ct\/#primaryimage"},"thumbnailUrl":"https:\/\/fashiongold.lt\/wp-content\/uploads\/2025\/10\/5615-baf-Deimantine-linija-geltono-aukso-ziedas-su-deimantais.jpg","datePublished":"2025-10-09T22:45:56+00:00","description":"Gredzens apbur ar savu unik\u0101lo dizainu: rind\u0101 izvietoti dimanti no centr\u0101l\u0101 0,30 ct dimanta. Ide\u0101la izv\u0113le saderin\u0101\u0161an\u0101s gad\u012bjumam un \u012bpa\u0161iem mirk\u013ciem.","breadcrumb":{"@id":"https:\/\/fashiongold.lt\/lv\/papuosalas\/dimantu-linija-dzeltena-zelta-gredzens-ar-dimantiem-060-ct\/#breadcrumb"},"inLanguage":"lv-LV","potentialAction":[{"@type":"ReadAction","target":["https:\/\/fashiongold.lt\/lv\/papuosalas\/dimantu-linija-dzeltena-zelta-gredzens-ar-dimantiem-060-ct\/"]}]},{"@type":"ImageObject","inLanguage":"lv-LV","@id":"https:\/\/fashiongold.lt\/lv\/papuosalas\/dimantu-linija-dzeltena-zelta-gredzens-ar-dimantiem-060-ct\/#primaryimage","url":"https:\/\/fashiongold.lt\/wp-content\/uploads\/2025\/10\/5615-baf-Deimantine-linija-geltono-aukso-ziedas-su-deimantais.jpg","contentUrl":"https:\/\/fashiongold.lt\/wp-content\/uploads\/2025\/10\/5615-baf-Deimantine-linija-geltono-aukso-ziedas-su-deimantais.jpg","width":1000,"height":1000},{"@type":"BreadcrumbList","@id":"https:\/\/fashiongold.lt\/lv\/papuosalas\/dimantu-linija-dzeltena-zelta-gredzens-ar-dimantiem-060-ct\/#breadcrumb","itemListElement":[{"@type":"ListItem","position":1,"name":"Home","item":"https:\/\/fashiongold.lt\/lv\/"},{"@type":"ListItem","position":2,"name":"Dimantu veikals Fashiongold.lt","item":"https:\/\/fashiongold.lt\/shop-2\/"},{"@type":"ListItem","position":3,"name":"Dimantu l\u012bnija \u2013 dzelten\u0101 zelta gredzens ar dimantiem (0,60 ct)"}]},{"@type":"WebSite","@id":"https:\/\/fashiongold.lt\/lv\/#website","url":"https:\/\/fashiongold.lt\/lv\/","name":"Fashion Gold","description":"Juvelyrikos namai","publisher":{"@id":"https:\/\/fashiongold.lt\/lv\/#organization"},"potentialAction":[{"@type":"SearchAction","target":{"@type":"EntryPoint","urlTemplate":"https:\/\/fashiongold.lt\/lv\/?s={search_term_string}"},"query-input":{"@type":"PropertyValueSpecification","valueRequired":true,"valueName":"search_term_string"}}],"inLanguage":"lv-LV"},{"@type":"Organization","@id":"https:\/\/fashiongold.lt\/lv\/#organization","name":"Topdiamonds Online","url":"https:\/\/fashiongold.lt\/lv\/","logo":{"@type":"ImageObject","inLanguage":"lv-LV","@id":"https:\/\/fashiongold.lt\/lv\/#\/schema\/logo\/image\/","url":"https:\/\/fashiongold.lt\/wp-content\/uploads\/2025\/04\/cropped-fashion_gold_logotipas2-scaled-1.png","contentUrl":"https:\/\/fashiongold.lt\/wp-content\/uploads\/2025\/04\/cropped-fashion_gold_logotipas2-scaled-1.png","width":2559,"height":421,"caption":"Topdiamonds Online"},"image":{"@id":"https:\/\/fashiongold.lt\/lv\/#\/schema\/logo\/image\/"}}]}},"_links":{"self":[{"href":"https:\/\/fashiongold.lt\/lv\/wp-json\/wp\/v2\/product\/292838","targetHints":{"allow":["GET"]}}],"collection":[{"href":"https:\/\/fashiongold.lt\/lv\/wp-json\/wp\/v2\/product"}],"about":[{"href":"https:\/\/fashiongold.lt\/lv\/wp-json\/wp\/v2\/types\/product"}],"version-history":[{"count":0,"href":"https:\/\/fashiongold.lt\/lv\/wp-json\/wp\/v2\/product\/292838\/revisions"}],"wp:featuredmedia":[{"embeddable":true,"href":"https:\/\/fashiongold.lt\/lv\/wp-json\/wp\/v2\/media\/78635"}],"wp:attachment":[{"href":"https:\/\/fashiongold.lt\/lv\/wp-json\/wp\/v2\/media?parent=292838"}],"wp:term":[{"taxonomy":"product_brand","embeddable":true,"href":"https:\/\/fashiongold.lt\/lv\/wp-json\/wp\/v2\/product_brand?post=292838"},{"taxonomy":"product_cat","embeddable":true,"href":"https:\/\/fashiongold.lt\/lv\/wp-json\/wp\/v2\/product_cat?post=292838"},{"taxonomy":"product_tag","embeddable":true,"href":"https:\/\/fashiongold.lt\/lv\/wp-json\/wp\/v2\/product_tag?post=292838"}],"curies":[{"name":"wp","href":"https:\/\/api.w.org\/{rel}","templated":true}]}}