{"id":292853,"date":"2025-10-09T22:34:55","date_gmt":"2025-10-09T22:34:55","guid":{"rendered":"https:\/\/fashiongold.lt\/papuosalas\/moderns-mirdzums-balta-zelta-gredzens-ar-dimantu-004-ct\/"},"modified":"2025-10-09T22:34:55","modified_gmt":"2025-10-09T22:34:55","slug":"moderns-mirdzums-balta-zelta-gredzens-ar-dimantu-004-ct","status":"publish","type":"product","link":"https:\/\/fashiongold.lt\/lv\/papuosalas\/moderns-mirdzums-balta-zelta-gredzens-ar-dimantu-004-ct\/","title":{"rendered":"Moderns mirdzums \u2013 balt\u0101 zelta gredzens ar dimantu (0,04 ct)"},"content":{"rendered":"<p>Ra\u017eots Lietuv\u0101. Gredzens var tikt izgatavots p\u0113c pas\u016bt\u012bjuma: no sarkan\u0101, dzelten\u0101 un balt\u0101 zelta.<\/p>\n<p>\u2022 Dimanta veids: Dab\u012bgs dimants<\/p>\n<p>\u2022 Dimanta forma: Apa\u013ca forma (Round cut)<\/p>\n<p>\u2022 Dimanta raksturojums: 0,04 ct, kr\u0101sa H-I(W-STW); dzidrums SI<\/p>\n<p>\u2022 Sertifik\u0101ts: Lietuvas Prove\u0161anas pal\u0101ta (LPR) <\/p>\n<p>\u2022 Gredzena zelts: 14K (585. prove) <\/p>\n<p>\u2022 Gredzena kr\u0101sa: baltais zelts <\/p>\n<p>\u2022 Gredzena svars: aptuveni 0,70-1,10 g <\/p>\n<p>\u2022 Gredzena izm\u0113ri: 2,40 x 2,70 x 1,50 mm <\/p>\n","protected":false},"excerpt":{"rendered":"<p>Balt\u0101 zelta gredzens ar mirdzo\u0161u 0,04 ct dimantu. Moderns dizains ar unik\u0101lu \u0123eometrisku formu, kas atg\u0101dina blakus saliktus nelielus taisnst\u016brus. Gredzena dizains ir lieliski piem\u0113rots saderin\u0101\u0161an\u0101s gad\u012bjumam un \u012bpa\u0161iem mirk\u013ciem, pie\u0161\u0137irot izsmalcin\u0101tu gaumi un stilu j\u016bsu t\u0113lam.<\/p>\n","protected":false},"featured_media":77978,"template":"","meta":{"site-sidebar-layout":"","site-content-layout":"","ast-site-content-layout":"","site-content-style":"","site-sidebar-style":"","ast-global-header-display":"","ast-banner-title-visibility":"","ast-main-header-display":"","ast-hfb-above-header-display":"","ast-hfb-below-header-display":"","ast-hfb-mobile-header-display":"","site-post-title":"","ast-breadcrumbs-content":"","ast-featured-img":"","footer-sml-layout":"","ast-disable-related-posts":"","theme-transparent-header-meta":"","adv-header-id-meta":"","stick-header-meta":"","header-above-stick-meta":"","header-main-stick-meta":"","header-below-stick-meta":"","astra-migrate-meta-layouts":"default","ast-page-background-enabled":"default","ast-page-background-meta":{"desktop":{"background-color":"var(--ast-global-color-4)","background-image":"","background-repeat":"repeat","background-position":"center center","background-size":"auto","background-attachment":"scroll","background-type":"","background-media":"","overlay-type":"","overlay-color":"","overlay-opacity":"","overlay-gradient":""},"tablet":{"background-color":"","background-image":"","background-repeat":"repeat","background-position":"center center","background-size":"auto","background-attachment":"scroll","background-type":"","background-media":"","overlay-type":"","overlay-color":"","overlay-opacity":"","overlay-gradient":""},"mobile":{"background-color":"","background-image":"","background-repeat":"repeat","background-position":"center center","background-size":"auto","background-attachment":"scroll","background-type":"","background-media":"","overlay-type":"","overlay-color":"","overlay-opacity":"","overlay-gradient":""}},"ast-content-background-meta":{"desktop":{"background-color":"var(--ast-global-color-5)","background-image":"","background-repeat":"repeat","background-position":"center center","background-size":"auto","background-attachment":"scroll","background-type":"","background-media":"","overlay-type":"","overlay-color":"","overlay-opacity":"","overlay-gradient":""},"tablet":{"background-color":"var(--ast-global-color-5)","background-image":"","background-repeat":"repeat","background-position":"center center","background-size":"auto","background-attachment":"scroll","background-type":"","background-media":"","overlay-type":"","overlay-color":"","overlay-opacity":"","overlay-gradient":""},"mobile":{"background-color":"var(--ast-global-color-5)","background-image":"","background-repeat":"repeat","background-position":"center center","background-size":"auto","background-attachment":"scroll","background-type":"","background-media":"","overlay-type":"","overlay-color":"","overlay-opacity":"","overlay-gradient":""}}},"product_brand":[],"product_cat":[2919,2915,2913,2921,2920,3403,2916,2914,3453,3042,2922,2936,2918],"product_tag":[],"class_list":{"0":"post-292853","1":"product","2":"type-product","3":"status-publish","4":"has-post-thumbnail","6":"product_cat-baltzelta-rotaslietas","7":"product_cat-davanas-berna-piedzimsanai","8":"product_cat-davanas-dzimsanas-diena","9":"product_cat-davanas-ipasiem-gadijumiem","10":"product_cat-davanas-izlaidumam","11":"product_cat-davanas-kazam","12":"product_cat-davanas-kazu-gadadiena","13":"product_cat-davanas-sievietem","14":"product_cat-gredzeni-ar-dimantiem","15":"product_cat-juvelierizstradajumi","16":"product_cat-mates-dienas-davanas","17":"product_cat-valentindienas-davanas","18":"product_cat-ziemassvetku-davanas","19":"desktop-align-center","20":"tablet-align-left","21":"mobile-align-left","22":"ast-product-gallery-layout-horizontal-slider","23":"ast-product-gallery-with-no-image","24":"ast-product-single-variable","25":"ast-product-tabs-layout-accordion","26":"ast-qv-on-image","28":"first","29":"instock","30":"taxable","31":"shipping-taxable","32":"purchasable","33":"product-type-variable","34":"has-default-attributes"},"yoast_head":"<!-- This site is optimized with the Yoast SEO plugin v26.6 - https:\/\/yoast.com\/wordpress\/plugins\/seo\/ -->\n<title>Moderns mirdzums - balt\u0101 zelta gredzens ar dimantu<\/title>\n<meta name=\"description\" content=\"Moderns dizains ar unik\u0101lu \u0123eometrisko formu, kas atg\u0101dina blakus saliktus nelielus taisnst\u016brus. Lieliski piem\u0113rots saderin\u0101\u0161an\u0101s gad\u012bjumiem un \u012bpa\u0161iem br\u012b\u017eiem.\" \/>\n<meta name=\"robots\" content=\"index, follow, max-snippet:-1, max-image-preview:large, max-video-preview:-1\" \/>\n<link rel=\"canonical\" href=\"https:\/\/fashiongold.lt\/lv\/papuosalas\/moderns-mirdzums-balta-zelta-gredzens-ar-dimantu-004-ct\/\" \/>\n<meta property=\"og:locale\" content=\"lv_LV\" \/>\n<meta property=\"og:type\" content=\"article\" \/>\n<meta property=\"og:title\" content=\"Moderns mirdzums - balt\u0101 zelta gredzens ar dimantu\" \/>\n<meta property=\"og:description\" content=\"Moderns dizains ar unik\u0101lu \u0123eometrisko formu, kas atg\u0101dina blakus saliktus nelielus taisnst\u016brus. Lieliski piem\u0113rots saderin\u0101\u0161an\u0101s gad\u012bjumiem un \u012bpa\u0161iem br\u012b\u017eiem.\" \/>\n<meta property=\"og:url\" content=\"https:\/\/fashiongold.lt\/lv\/papuosalas\/moderns-mirdzums-balta-zelta-gredzens-ar-dimantu-004-ct\/\" \/>\n<meta property=\"og:site_name\" content=\"FashionGold.lt\" \/>\n<meta property=\"og:image\" content=\"https:\/\/fashiongold.lt\/wp-content\/uploads\/2025\/10\/5510-d9b-Modernus-spindesys-balto-aukso-ziedas-su-deimantu.webp\" \/>\n\t<meta property=\"og:image:width\" content=\"1000\" \/>\n\t<meta property=\"og:image:height\" content=\"1000\" \/>\n\t<meta property=\"og:image:type\" content=\"image\/jpeg\" \/>\n<meta name=\"twitter:card\" content=\"summary_large_image\" \/>\n<script type=\"application\/ld+json\" class=\"yoast-schema-graph\">{\"@context\":\"https:\/\/schema.org\",\"@graph\":[{\"@type\":\"WebPage\",\"@id\":\"https:\/\/fashiongold.lt\/lv\/papuosalas\/moderns-mirdzums-balta-zelta-gredzens-ar-dimantu-004-ct\/\",\"url\":\"https:\/\/fashiongold.lt\/lv\/papuosalas\/moderns-mirdzums-balta-zelta-gredzens-ar-dimantu-004-ct\/\",\"name\":\"Moderns mirdzums - balt\u0101 zelta gredzens ar dimantu\",\"isPartOf\":{\"@id\":\"https:\/\/fashiongold.lt\/lv\/#website\"},\"primaryImageOfPage\":{\"@id\":\"https:\/\/fashiongold.lt\/lv\/papuosalas\/moderns-mirdzums-balta-zelta-gredzens-ar-dimantu-004-ct\/#primaryimage\"},\"image\":{\"@id\":\"https:\/\/fashiongold.lt\/lv\/papuosalas\/moderns-mirdzums-balta-zelta-gredzens-ar-dimantu-004-ct\/#primaryimage\"},\"thumbnailUrl\":\"https:\/\/fashiongold.lt\/wp-content\/uploads\/2025\/10\/5510-d9b-Modernus-spindesys-balto-aukso-ziedas-su-deimantu.jpg\",\"datePublished\":\"2025-10-09T22:34:55+00:00\",\"description\":\"Moderns dizains ar unik\u0101lu \u0123eometrisko formu, kas atg\u0101dina blakus saliktus nelielus taisnst\u016brus. Lieliski piem\u0113rots saderin\u0101\u0161an\u0101s gad\u012bjumiem un \u012bpa\u0161iem br\u012b\u017eiem.\",\"breadcrumb\":{\"@id\":\"https:\/\/fashiongold.lt\/lv\/papuosalas\/moderns-mirdzums-balta-zelta-gredzens-ar-dimantu-004-ct\/#breadcrumb\"},\"inLanguage\":\"lv-LV\",\"potentialAction\":[{\"@type\":\"ReadAction\",\"target\":[\"https:\/\/fashiongold.lt\/lv\/papuosalas\/moderns-mirdzums-balta-zelta-gredzens-ar-dimantu-004-ct\/\"]}]},{\"@type\":\"ImageObject\",\"inLanguage\":\"lv-LV\",\"@id\":\"https:\/\/fashiongold.lt\/lv\/papuosalas\/moderns-mirdzums-balta-zelta-gredzens-ar-dimantu-004-ct\/#primaryimage\",\"url\":\"https:\/\/fashiongold.lt\/wp-content\/uploads\/2025\/10\/5510-d9b-Modernus-spindesys-balto-aukso-ziedas-su-deimantu.jpg\",\"contentUrl\":\"https:\/\/fashiongold.lt\/wp-content\/uploads\/2025\/10\/5510-d9b-Modernus-spindesys-balto-aukso-ziedas-su-deimantu.jpg\",\"width\":1000,\"height\":1000},{\"@type\":\"BreadcrumbList\",\"@id\":\"https:\/\/fashiongold.lt\/lv\/papuosalas\/moderns-mirdzums-balta-zelta-gredzens-ar-dimantu-004-ct\/#breadcrumb\",\"itemListElement\":[{\"@type\":\"ListItem\",\"position\":1,\"name\":\"Home\",\"item\":\"https:\/\/fashiongold.lt\/lv\/\"},{\"@type\":\"ListItem\",\"position\":2,\"name\":\"Dimantu veikals Fashiongold.lt\",\"item\":\"https:\/\/fashiongold.lt\/shop-2\/\"},{\"@type\":\"ListItem\",\"position\":3,\"name\":\"Moderns mirdzums \u2013 balt\u0101 zelta gredzens ar dimantu (0,04 ct)\"}]},{\"@type\":\"WebSite\",\"@id\":\"https:\/\/fashiongold.lt\/lv\/#website\",\"url\":\"https:\/\/fashiongold.lt\/lv\/\",\"name\":\"Fashion Gold\",\"description\":\"Juvelyrikos namai\",\"publisher\":{\"@id\":\"https:\/\/fashiongold.lt\/lv\/#organization\"},\"potentialAction\":[{\"@type\":\"SearchAction\",\"target\":{\"@type\":\"EntryPoint\",\"urlTemplate\":\"https:\/\/fashiongold.lt\/lv\/?s={search_term_string}\"},\"query-input\":{\"@type\":\"PropertyValueSpecification\",\"valueRequired\":true,\"valueName\":\"search_term_string\"}}],\"inLanguage\":\"lv-LV\"},{\"@type\":\"Organization\",\"@id\":\"https:\/\/fashiongold.lt\/lv\/#organization\",\"name\":\"Topdiamonds Online\",\"url\":\"https:\/\/fashiongold.lt\/lv\/\",\"logo\":{\"@type\":\"ImageObject\",\"inLanguage\":\"lv-LV\",\"@id\":\"https:\/\/fashiongold.lt\/lv\/#\/schema\/logo\/image\/\",\"url\":\"https:\/\/fashiongold.lt\/wp-content\/uploads\/2025\/04\/cropped-fashion_gold_logotipas2-scaled-1.png\",\"contentUrl\":\"https:\/\/fashiongold.lt\/wp-content\/uploads\/2025\/04\/cropped-fashion_gold_logotipas2-scaled-1.png\",\"width\":2559,\"height\":421,\"caption\":\"Topdiamonds Online\"},\"image\":{\"@id\":\"https:\/\/fashiongold.lt\/lv\/#\/schema\/logo\/image\/\"}}]}<\/script>\n<!-- \/ Yoast SEO plugin. -->","yoast_head_json":{"title":"Moderns mirdzums - balt\u0101 zelta gredzens ar dimantu","description":"Moderns dizains ar unik\u0101lu \u0123eometrisko formu, kas atg\u0101dina blakus saliktus nelielus taisnst\u016brus. Lieliski piem\u0113rots saderin\u0101\u0161an\u0101s gad\u012bjumiem un \u012bpa\u0161iem br\u012b\u017eiem.","robots":{"index":"index","follow":"follow","max-snippet":"max-snippet:-1","max-image-preview":"max-image-preview:large","max-video-preview":"max-video-preview:-1"},"canonical":"https:\/\/fashiongold.lt\/lv\/papuosalas\/moderns-mirdzums-balta-zelta-gredzens-ar-dimantu-004-ct\/","og_locale":"lv_LV","og_type":"article","og_title":"Moderns mirdzums - balt\u0101 zelta gredzens ar dimantu","og_description":"Moderns dizains ar unik\u0101lu \u0123eometrisko formu, kas atg\u0101dina blakus saliktus nelielus taisnst\u016brus. Lieliski piem\u0113rots saderin\u0101\u0161an\u0101s gad\u012bjumiem un \u012bpa\u0161iem br\u012b\u017eiem.","og_url":"https:\/\/fashiongold.lt\/lv\/papuosalas\/moderns-mirdzums-balta-zelta-gredzens-ar-dimantu-004-ct\/","og_site_name":"FashionGold.lt","og_image":[{"width":1000,"height":1000,"url":"https:\/\/fashiongold.lt\/wp-content\/uploads\/2025\/10\/5510-d9b-Modernus-spindesys-balto-aukso-ziedas-su-deimantu.webp","type":"image\/jpeg"}],"twitter_card":"summary_large_image","schema":{"@context":"https:\/\/schema.org","@graph":[{"@type":"WebPage","@id":"https:\/\/fashiongold.lt\/lv\/papuosalas\/moderns-mirdzums-balta-zelta-gredzens-ar-dimantu-004-ct\/","url":"https:\/\/fashiongold.lt\/lv\/papuosalas\/moderns-mirdzums-balta-zelta-gredzens-ar-dimantu-004-ct\/","name":"Moderns mirdzums - balt\u0101 zelta gredzens ar dimantu","isPartOf":{"@id":"https:\/\/fashiongold.lt\/lv\/#website"},"primaryImageOfPage":{"@id":"https:\/\/fashiongold.lt\/lv\/papuosalas\/moderns-mirdzums-balta-zelta-gredzens-ar-dimantu-004-ct\/#primaryimage"},"image":{"@id":"https:\/\/fashiongold.lt\/lv\/papuosalas\/moderns-mirdzums-balta-zelta-gredzens-ar-dimantu-004-ct\/#primaryimage"},"thumbnailUrl":"https:\/\/fashiongold.lt\/wp-content\/uploads\/2025\/10\/5510-d9b-Modernus-spindesys-balto-aukso-ziedas-su-deimantu.jpg","datePublished":"2025-10-09T22:34:55+00:00","description":"Moderns dizains ar unik\u0101lu \u0123eometrisko formu, kas atg\u0101dina blakus saliktus nelielus taisnst\u016brus. Lieliski piem\u0113rots saderin\u0101\u0161an\u0101s gad\u012bjumiem un \u012bpa\u0161iem br\u012b\u017eiem.","breadcrumb":{"@id":"https:\/\/fashiongold.lt\/lv\/papuosalas\/moderns-mirdzums-balta-zelta-gredzens-ar-dimantu-004-ct\/#breadcrumb"},"inLanguage":"lv-LV","potentialAction":[{"@type":"ReadAction","target":["https:\/\/fashiongold.lt\/lv\/papuosalas\/moderns-mirdzums-balta-zelta-gredzens-ar-dimantu-004-ct\/"]}]},{"@type":"ImageObject","inLanguage":"lv-LV","@id":"https:\/\/fashiongold.lt\/lv\/papuosalas\/moderns-mirdzums-balta-zelta-gredzens-ar-dimantu-004-ct\/#primaryimage","url":"https:\/\/fashiongold.lt\/wp-content\/uploads\/2025\/10\/5510-d9b-Modernus-spindesys-balto-aukso-ziedas-su-deimantu.jpg","contentUrl":"https:\/\/fashiongold.lt\/wp-content\/uploads\/2025\/10\/5510-d9b-Modernus-spindesys-balto-aukso-ziedas-su-deimantu.jpg","width":1000,"height":1000},{"@type":"BreadcrumbList","@id":"https:\/\/fashiongold.lt\/lv\/papuosalas\/moderns-mirdzums-balta-zelta-gredzens-ar-dimantu-004-ct\/#breadcrumb","itemListElement":[{"@type":"ListItem","position":1,"name":"Home","item":"https:\/\/fashiongold.lt\/lv\/"},{"@type":"ListItem","position":2,"name":"Dimantu veikals Fashiongold.lt","item":"https:\/\/fashiongold.lt\/shop-2\/"},{"@type":"ListItem","position":3,"name":"Moderns mirdzums \u2013 balt\u0101 zelta gredzens ar dimantu (0,04 ct)"}]},{"@type":"WebSite","@id":"https:\/\/fashiongold.lt\/lv\/#website","url":"https:\/\/fashiongold.lt\/lv\/","name":"Fashion Gold","description":"Juvelyrikos namai","publisher":{"@id":"https:\/\/fashiongold.lt\/lv\/#organization"},"potentialAction":[{"@type":"SearchAction","target":{"@type":"EntryPoint","urlTemplate":"https:\/\/fashiongold.lt\/lv\/?s={search_term_string}"},"query-input":{"@type":"PropertyValueSpecification","valueRequired":true,"valueName":"search_term_string"}}],"inLanguage":"lv-LV"},{"@type":"Organization","@id":"https:\/\/fashiongold.lt\/lv\/#organization","name":"Topdiamonds Online","url":"https:\/\/fashiongold.lt\/lv\/","logo":{"@type":"ImageObject","inLanguage":"lv-LV","@id":"https:\/\/fashiongold.lt\/lv\/#\/schema\/logo\/image\/","url":"https:\/\/fashiongold.lt\/wp-content\/uploads\/2025\/04\/cropped-fashion_gold_logotipas2-scaled-1.png","contentUrl":"https:\/\/fashiongold.lt\/wp-content\/uploads\/2025\/04\/cropped-fashion_gold_logotipas2-scaled-1.png","width":2559,"height":421,"caption":"Topdiamonds Online"},"image":{"@id":"https:\/\/fashiongold.lt\/lv\/#\/schema\/logo\/image\/"}}]}},"_links":{"self":[{"href":"https:\/\/fashiongold.lt\/lv\/wp-json\/wp\/v2\/product\/292853","targetHints":{"allow":["GET"]}}],"collection":[{"href":"https:\/\/fashiongold.lt\/lv\/wp-json\/wp\/v2\/product"}],"about":[{"href":"https:\/\/fashiongold.lt\/lv\/wp-json\/wp\/v2\/types\/product"}],"version-history":[{"count":0,"href":"https:\/\/fashiongold.lt\/lv\/wp-json\/wp\/v2\/product\/292853\/revisions"}],"wp:featuredmedia":[{"embeddable":true,"href":"https:\/\/fashiongold.lt\/lv\/wp-json\/wp\/v2\/media\/77978"}],"wp:attachment":[{"href":"https:\/\/fashiongold.lt\/lv\/wp-json\/wp\/v2\/media?parent=292853"}],"wp:term":[{"taxonomy":"product_brand","embeddable":true,"href":"https:\/\/fashiongold.lt\/lv\/wp-json\/wp\/v2\/product_brand?post=292853"},{"taxonomy":"product_cat","embeddable":true,"href":"https:\/\/fashiongold.lt\/lv\/wp-json\/wp\/v2\/product_cat?post=292853"},{"taxonomy":"product_tag","embeddable":true,"href":"https:\/\/fashiongold.lt\/lv\/wp-json\/wp\/v2\/product_tag?post=292853"}],"curies":[{"name":"wp","href":"https:\/\/api.w.org\/{rel}","templated":true}]}}