{"id":292873,"date":"2025-10-09T22:29:32","date_gmt":"2025-10-09T22:29:32","guid":{"rendered":"https:\/\/fashiongold.lt\/papuosalas\/dimantu-elegance-klasisks-balta-zelta-gredzens-ar-dimantu-040-ct-f-si2\/"},"modified":"2025-10-09T22:29:32","modified_gmt":"2025-10-09T22:29:32","slug":"dimantu-elegance-klasisks-balta-zelta-gredzens-ar-dimantu-040-ct-f-si2","status":"publish","type":"product","link":"https:\/\/fashiongold.lt\/lv\/papuosalas\/dimantu-elegance-klasisks-balta-zelta-gredzens-ar-dimantu-040-ct-f-si2\/","title":{"rendered":"Dimantu elegance \u2013 klasisks balt\u0101 zelta gredzens ar dimantu (0,40 ct F\/SI2)"},"content":{"rendered":"<p>Ra\u017eots Lietuv\u0101. Gredzenu var izgatavot p\u0113c pas\u016bt\u012bjuma: no sarkan\u0101, dzelten\u0101 vai balt\u0101 zelta.<\/p>\n<p>\u2022 Dimanta tips: Dab\u012bgs dimants<\/p>\n<p>\u2022 Dimanta forma: Apa\u013ca forma (Round cut)<\/p>\n<p>\u2022 Dimanta raksturojums: 0,40 ct, kr\u0101sa F (RW+); dzidrums SI2, apstr\u0101de Vg-Ex-G<\/p>\n<p>\u2022 Sertifik\u0101ts: Lietuvas Prove\u0161anas pal\u0101ta (LPR) un papildus IGI<\/p>\n<p>\u2022 Gredzena zelts: 14K (585. prove)\u00a0<\/p>\n<p>\u2022 Gredzena kr\u0101sa: baltais zelts\u00a0 \u00a0<\/p>\n<p>\u2022 Gredzena svars: aptuveni 2,40\u20133,00 g\u00a0<\/p>\n","protected":false},"excerpt":{"rendered":"<p>Balt\u0101 zelta gredzens ar vienu dimantu. Centr\u0101l\u0101 dimanta mirdzums iemieso izsmalcin\u0101tu eleganci. Se\u0161u zari\u0146u kron\u012btis, kur\u0101 iestiprin\u0101ts dimants, padara to \u012bpa\u0161u. \u0160is klasiskais gredzena dizains ir ide\u0101li piem\u0113rots saderin\u0101\u0161an\u0101s gad\u012bjumiem un \u012bpa\u0161iem mirk\u013ciem.<\/p>\n","protected":false},"featured_media":77686,"template":"","meta":{"site-sidebar-layout":"","site-content-layout":"","ast-site-content-layout":"","site-content-style":"","site-sidebar-style":"","ast-global-header-display":"","ast-banner-title-visibility":"","ast-main-header-display":"","ast-hfb-above-header-display":"","ast-hfb-below-header-display":"","ast-hfb-mobile-header-display":"","site-post-title":"","ast-breadcrumbs-content":"","ast-featured-img":"","footer-sml-layout":"","ast-disable-related-posts":"","theme-transparent-header-meta":"","adv-header-id-meta":"","stick-header-meta":"","header-above-stick-meta":"","header-main-stick-meta":"","header-below-stick-meta":"","astra-migrate-meta-layouts":"default","ast-page-background-enabled":"default","ast-page-background-meta":{"desktop":{"background-color":"var(--ast-global-color-4)","background-image":"","background-repeat":"repeat","background-position":"center center","background-size":"auto","background-attachment":"scroll","background-type":"","background-media":"","overlay-type":"","overlay-color":"","overlay-opacity":"","overlay-gradient":""},"tablet":{"background-color":"","background-image":"","background-repeat":"repeat","background-position":"center center","background-size":"auto","background-attachment":"scroll","background-type":"","background-media":"","overlay-type":"","overlay-color":"","overlay-opacity":"","overlay-gradient":""},"mobile":{"background-color":"","background-image":"","background-repeat":"repeat","background-position":"center center","background-size":"auto","background-attachment":"scroll","background-type":"","background-media":"","overlay-type":"","overlay-color":"","overlay-opacity":"","overlay-gradient":""}},"ast-content-background-meta":{"desktop":{"background-color":"var(--ast-global-color-5)","background-image":"","background-repeat":"repeat","background-position":"center center","background-size":"auto","background-attachment":"scroll","background-type":"","background-media":"","overlay-type":"","overlay-color":"","overlay-opacity":"","overlay-gradient":""},"tablet":{"background-color":"var(--ast-global-color-5)","background-image":"","background-repeat":"repeat","background-position":"center center","background-size":"auto","background-attachment":"scroll","background-type":"","background-media":"","overlay-type":"","overlay-color":"","overlay-opacity":"","overlay-gradient":""},"mobile":{"background-color":"var(--ast-global-color-5)","background-image":"","background-repeat":"repeat","background-position":"center center","background-size":"auto","background-attachment":"scroll","background-type":"","background-media":"","overlay-type":"","overlay-color":"","overlay-opacity":"","overlay-gradient":""}}},"product_brand":[],"product_cat":[3441,2919,2915,2913,2921,2920,3403,2916,2914,3453,3042,3446,2922,3439,2936,2918],"product_tag":[],"class_list":{"0":"post-292873","1":"product","2":"type-product","3":"status-publish","4":"has-post-thumbnail","6":"product_cat-balta-zelta-saderinasanas-gredzeni","7":"product_cat-baltzelta-rotaslietas","8":"product_cat-davanas-berna-piedzimsanai","9":"product_cat-davanas-dzimsanas-diena","10":"product_cat-davanas-ipasiem-gadijumiem","11":"product_cat-davanas-izlaidumam","12":"product_cat-davanas-kazam","13":"product_cat-davanas-kazu-gadadiena","14":"product_cat-davanas-sievietem","15":"product_cat-gredzeni-ar-dimantiem","16":"product_cat-juvelierizstradajumi","17":"product_cat-klasiskie-saderinasanas-gredzeni","18":"product_cat-mates-dienas-davanas","19":"product_cat-saderinasanas-gredzeni","20":"product_cat-valentindienas-davanas","21":"product_cat-ziemassvetku-davanas","22":"desktop-align-center","23":"tablet-align-left","24":"mobile-align-left","25":"ast-product-gallery-layout-horizontal-slider","26":"ast-product-gallery-with-no-image","27":"ast-product-single-variable","28":"ast-product-tabs-layout-accordion","29":"ast-qv-on-image","31":"first","32":"instock","33":"taxable","34":"shipping-taxable","35":"purchasable","36":"product-type-variable"},"yoast_head":"<!-- This site is optimized with the Yoast SEO plugin v26.6 - https:\/\/yoast.com\/wordpress\/plugins\/seo\/ -->\n<title>Dimanta elegance - klasisks balt\u0101 zelta gredzens ar 0,40 ct dimantu<\/title>\n<meta name=\"description\" content=\"Se\u0161u kapi\u0146u kron\u012btis, kur\u0101 iestiprin\u0101ts dimants, padara to \u012bpa\u0161u. \u0160is klasiskais gredzena dizains ir ide\u0101li piem\u0113rots saderin\u0101\u0161an\u0101s br\u012bdim un \u012bpa\u0161iem gad\u012bjumiem.\" \/>\n<meta name=\"robots\" content=\"index, follow, max-snippet:-1, max-image-preview:large, max-video-preview:-1\" \/>\n<link rel=\"canonical\" href=\"https:\/\/fashiongold.lt\/lv\/papuosalas\/dimantu-elegance-klasisks-balta-zelta-gredzens-ar-dimantu-040-ct-f-si2\/\" \/>\n<meta property=\"og:locale\" content=\"lv_LV\" \/>\n<meta property=\"og:type\" content=\"article\" \/>\n<meta property=\"og:title\" content=\"Dimanta elegance - klasisks balt\u0101 zelta gredzens ar 0,40 ct dimantu\" \/>\n<meta property=\"og:description\" content=\"Se\u0161u kapi\u0146u kron\u012btis, kur\u0101 iestiprin\u0101ts dimants, padara to \u012bpa\u0161u. \u0160is klasiskais gredzena dizains ir ide\u0101li piem\u0113rots saderin\u0101\u0161an\u0101s br\u012bdim un \u012bpa\u0161iem gad\u012bjumiem.\" \/>\n<meta property=\"og:url\" content=\"https:\/\/fashiongold.lt\/lv\/papuosalas\/dimantu-elegance-klasisks-balta-zelta-gredzens-ar-dimantu-040-ct-f-si2\/\" \/>\n<meta property=\"og:site_name\" content=\"FashionGold.lt\" \/>\n<meta property=\"og:image\" content=\"https:\/\/fashiongold.lt\/wp-content\/uploads\/2025\/10\/5474-27c-Deimantine-Elegancija-klasikinis-balto-aukso-ziedas-su-deimantu.webp\" \/>\n\t<meta property=\"og:image:width\" content=\"1000\" \/>\n\t<meta property=\"og:image:height\" content=\"1000\" \/>\n\t<meta property=\"og:image:type\" content=\"image\/jpeg\" \/>\n<meta name=\"twitter:card\" content=\"summary_large_image\" \/>\n<script type=\"application\/ld+json\" class=\"yoast-schema-graph\">{\"@context\":\"https:\/\/schema.org\",\"@graph\":[{\"@type\":\"WebPage\",\"@id\":\"https:\/\/fashiongold.lt\/lv\/papuosalas\/dimantu-elegance-klasisks-balta-zelta-gredzens-ar-dimantu-040-ct-f-si2\/\",\"url\":\"https:\/\/fashiongold.lt\/lv\/papuosalas\/dimantu-elegance-klasisks-balta-zelta-gredzens-ar-dimantu-040-ct-f-si2\/\",\"name\":\"Dimanta elegance - klasisks balt\u0101 zelta gredzens ar 0,40 ct dimantu\",\"isPartOf\":{\"@id\":\"https:\/\/fashiongold.lt\/lv\/#website\"},\"primaryImageOfPage\":{\"@id\":\"https:\/\/fashiongold.lt\/lv\/papuosalas\/dimantu-elegance-klasisks-balta-zelta-gredzens-ar-dimantu-040-ct-f-si2\/#primaryimage\"},\"image\":{\"@id\":\"https:\/\/fashiongold.lt\/lv\/papuosalas\/dimantu-elegance-klasisks-balta-zelta-gredzens-ar-dimantu-040-ct-f-si2\/#primaryimage\"},\"thumbnailUrl\":\"https:\/\/fashiongold.lt\/wp-content\/uploads\/2025\/10\/5474-27c-Deimantine-Elegancija-klasikinis-balto-aukso-ziedas-su-deimantu.jpg\",\"datePublished\":\"2025-10-09T22:29:32+00:00\",\"description\":\"Se\u0161u kapi\u0146u kron\u012btis, kur\u0101 iestiprin\u0101ts dimants, padara to \u012bpa\u0161u. \u0160is klasiskais gredzena dizains ir ide\u0101li piem\u0113rots saderin\u0101\u0161an\u0101s br\u012bdim un \u012bpa\u0161iem gad\u012bjumiem.\",\"breadcrumb\":{\"@id\":\"https:\/\/fashiongold.lt\/lv\/papuosalas\/dimantu-elegance-klasisks-balta-zelta-gredzens-ar-dimantu-040-ct-f-si2\/#breadcrumb\"},\"inLanguage\":\"lv-LV\",\"potentialAction\":[{\"@type\":\"ReadAction\",\"target\":[\"https:\/\/fashiongold.lt\/lv\/papuosalas\/dimantu-elegance-klasisks-balta-zelta-gredzens-ar-dimantu-040-ct-f-si2\/\"]}]},{\"@type\":\"ImageObject\",\"inLanguage\":\"lv-LV\",\"@id\":\"https:\/\/fashiongold.lt\/lv\/papuosalas\/dimantu-elegance-klasisks-balta-zelta-gredzens-ar-dimantu-040-ct-f-si2\/#primaryimage\",\"url\":\"https:\/\/fashiongold.lt\/wp-content\/uploads\/2025\/10\/5474-27c-Deimantine-Elegancija-klasikinis-balto-aukso-ziedas-su-deimantu.jpg\",\"contentUrl\":\"https:\/\/fashiongold.lt\/wp-content\/uploads\/2025\/10\/5474-27c-Deimantine-Elegancija-klasikinis-balto-aukso-ziedas-su-deimantu.jpg\",\"width\":1000,\"height\":1000},{\"@type\":\"BreadcrumbList\",\"@id\":\"https:\/\/fashiongold.lt\/lv\/papuosalas\/dimantu-elegance-klasisks-balta-zelta-gredzens-ar-dimantu-040-ct-f-si2\/#breadcrumb\",\"itemListElement\":[{\"@type\":\"ListItem\",\"position\":1,\"name\":\"Home\",\"item\":\"https:\/\/fashiongold.lt\/lv\/\"},{\"@type\":\"ListItem\",\"position\":2,\"name\":\"Dimantu veikals Fashiongold.lt\",\"item\":\"https:\/\/fashiongold.lt\/shop-2\/\"},{\"@type\":\"ListItem\",\"position\":3,\"name\":\"Dimantu elegance \u2013 klasisks balt\u0101 zelta gredzens ar dimantu (0,40 ct F\/SI2)\"}]},{\"@type\":\"WebSite\",\"@id\":\"https:\/\/fashiongold.lt\/lv\/#website\",\"url\":\"https:\/\/fashiongold.lt\/lv\/\",\"name\":\"Fashion Gold\",\"description\":\"Juvelyrikos namai\",\"publisher\":{\"@id\":\"https:\/\/fashiongold.lt\/lv\/#organization\"},\"potentialAction\":[{\"@type\":\"SearchAction\",\"target\":{\"@type\":\"EntryPoint\",\"urlTemplate\":\"https:\/\/fashiongold.lt\/lv\/?s={search_term_string}\"},\"query-input\":{\"@type\":\"PropertyValueSpecification\",\"valueRequired\":true,\"valueName\":\"search_term_string\"}}],\"inLanguage\":\"lv-LV\"},{\"@type\":\"Organization\",\"@id\":\"https:\/\/fashiongold.lt\/lv\/#organization\",\"name\":\"Topdiamonds Online\",\"url\":\"https:\/\/fashiongold.lt\/lv\/\",\"logo\":{\"@type\":\"ImageObject\",\"inLanguage\":\"lv-LV\",\"@id\":\"https:\/\/fashiongold.lt\/lv\/#\/schema\/logo\/image\/\",\"url\":\"https:\/\/fashiongold.lt\/wp-content\/uploads\/2025\/04\/cropped-fashion_gold_logotipas2-scaled-1.png\",\"contentUrl\":\"https:\/\/fashiongold.lt\/wp-content\/uploads\/2025\/04\/cropped-fashion_gold_logotipas2-scaled-1.png\",\"width\":2559,\"height\":421,\"caption\":\"Topdiamonds Online\"},\"image\":{\"@id\":\"https:\/\/fashiongold.lt\/lv\/#\/schema\/logo\/image\/\"}}]}<\/script>\n<!-- \/ Yoast SEO plugin. -->","yoast_head_json":{"title":"Dimanta elegance - klasisks balt\u0101 zelta gredzens ar 0,40 ct dimantu","description":"Se\u0161u kapi\u0146u kron\u012btis, kur\u0101 iestiprin\u0101ts dimants, padara to \u012bpa\u0161u. \u0160is klasiskais gredzena dizains ir ide\u0101li piem\u0113rots saderin\u0101\u0161an\u0101s br\u012bdim un \u012bpa\u0161iem gad\u012bjumiem.","robots":{"index":"index","follow":"follow","max-snippet":"max-snippet:-1","max-image-preview":"max-image-preview:large","max-video-preview":"max-video-preview:-1"},"canonical":"https:\/\/fashiongold.lt\/lv\/papuosalas\/dimantu-elegance-klasisks-balta-zelta-gredzens-ar-dimantu-040-ct-f-si2\/","og_locale":"lv_LV","og_type":"article","og_title":"Dimanta elegance - klasisks balt\u0101 zelta gredzens ar 0,40 ct dimantu","og_description":"Se\u0161u kapi\u0146u kron\u012btis, kur\u0101 iestiprin\u0101ts dimants, padara to \u012bpa\u0161u. \u0160is klasiskais gredzena dizains ir ide\u0101li piem\u0113rots saderin\u0101\u0161an\u0101s br\u012bdim un \u012bpa\u0161iem gad\u012bjumiem.","og_url":"https:\/\/fashiongold.lt\/lv\/papuosalas\/dimantu-elegance-klasisks-balta-zelta-gredzens-ar-dimantu-040-ct-f-si2\/","og_site_name":"FashionGold.lt","og_image":[{"width":1000,"height":1000,"url":"https:\/\/fashiongold.lt\/wp-content\/uploads\/2025\/10\/5474-27c-Deimantine-Elegancija-klasikinis-balto-aukso-ziedas-su-deimantu.webp","type":"image\/jpeg"}],"twitter_card":"summary_large_image","schema":{"@context":"https:\/\/schema.org","@graph":[{"@type":"WebPage","@id":"https:\/\/fashiongold.lt\/lv\/papuosalas\/dimantu-elegance-klasisks-balta-zelta-gredzens-ar-dimantu-040-ct-f-si2\/","url":"https:\/\/fashiongold.lt\/lv\/papuosalas\/dimantu-elegance-klasisks-balta-zelta-gredzens-ar-dimantu-040-ct-f-si2\/","name":"Dimanta elegance - klasisks balt\u0101 zelta gredzens ar 0,40 ct dimantu","isPartOf":{"@id":"https:\/\/fashiongold.lt\/lv\/#website"},"primaryImageOfPage":{"@id":"https:\/\/fashiongold.lt\/lv\/papuosalas\/dimantu-elegance-klasisks-balta-zelta-gredzens-ar-dimantu-040-ct-f-si2\/#primaryimage"},"image":{"@id":"https:\/\/fashiongold.lt\/lv\/papuosalas\/dimantu-elegance-klasisks-balta-zelta-gredzens-ar-dimantu-040-ct-f-si2\/#primaryimage"},"thumbnailUrl":"https:\/\/fashiongold.lt\/wp-content\/uploads\/2025\/10\/5474-27c-Deimantine-Elegancija-klasikinis-balto-aukso-ziedas-su-deimantu.jpg","datePublished":"2025-10-09T22:29:32+00:00","description":"Se\u0161u kapi\u0146u kron\u012btis, kur\u0101 iestiprin\u0101ts dimants, padara to \u012bpa\u0161u. \u0160is klasiskais gredzena dizains ir ide\u0101li piem\u0113rots saderin\u0101\u0161an\u0101s br\u012bdim un \u012bpa\u0161iem gad\u012bjumiem.","breadcrumb":{"@id":"https:\/\/fashiongold.lt\/lv\/papuosalas\/dimantu-elegance-klasisks-balta-zelta-gredzens-ar-dimantu-040-ct-f-si2\/#breadcrumb"},"inLanguage":"lv-LV","potentialAction":[{"@type":"ReadAction","target":["https:\/\/fashiongold.lt\/lv\/papuosalas\/dimantu-elegance-klasisks-balta-zelta-gredzens-ar-dimantu-040-ct-f-si2\/"]}]},{"@type":"ImageObject","inLanguage":"lv-LV","@id":"https:\/\/fashiongold.lt\/lv\/papuosalas\/dimantu-elegance-klasisks-balta-zelta-gredzens-ar-dimantu-040-ct-f-si2\/#primaryimage","url":"https:\/\/fashiongold.lt\/wp-content\/uploads\/2025\/10\/5474-27c-Deimantine-Elegancija-klasikinis-balto-aukso-ziedas-su-deimantu.jpg","contentUrl":"https:\/\/fashiongold.lt\/wp-content\/uploads\/2025\/10\/5474-27c-Deimantine-Elegancija-klasikinis-balto-aukso-ziedas-su-deimantu.jpg","width":1000,"height":1000},{"@type":"BreadcrumbList","@id":"https:\/\/fashiongold.lt\/lv\/papuosalas\/dimantu-elegance-klasisks-balta-zelta-gredzens-ar-dimantu-040-ct-f-si2\/#breadcrumb","itemListElement":[{"@type":"ListItem","position":1,"name":"Home","item":"https:\/\/fashiongold.lt\/lv\/"},{"@type":"ListItem","position":2,"name":"Dimantu veikals Fashiongold.lt","item":"https:\/\/fashiongold.lt\/shop-2\/"},{"@type":"ListItem","position":3,"name":"Dimantu elegance \u2013 klasisks balt\u0101 zelta gredzens ar dimantu (0,40 ct F\/SI2)"}]},{"@type":"WebSite","@id":"https:\/\/fashiongold.lt\/lv\/#website","url":"https:\/\/fashiongold.lt\/lv\/","name":"Fashion Gold","description":"Juvelyrikos namai","publisher":{"@id":"https:\/\/fashiongold.lt\/lv\/#organization"},"potentialAction":[{"@type":"SearchAction","target":{"@type":"EntryPoint","urlTemplate":"https:\/\/fashiongold.lt\/lv\/?s={search_term_string}"},"query-input":{"@type":"PropertyValueSpecification","valueRequired":true,"valueName":"search_term_string"}}],"inLanguage":"lv-LV"},{"@type":"Organization","@id":"https:\/\/fashiongold.lt\/lv\/#organization","name":"Topdiamonds Online","url":"https:\/\/fashiongold.lt\/lv\/","logo":{"@type":"ImageObject","inLanguage":"lv-LV","@id":"https:\/\/fashiongold.lt\/lv\/#\/schema\/logo\/image\/","url":"https:\/\/fashiongold.lt\/wp-content\/uploads\/2025\/04\/cropped-fashion_gold_logotipas2-scaled-1.png","contentUrl":"https:\/\/fashiongold.lt\/wp-content\/uploads\/2025\/04\/cropped-fashion_gold_logotipas2-scaled-1.png","width":2559,"height":421,"caption":"Topdiamonds Online"},"image":{"@id":"https:\/\/fashiongold.lt\/lv\/#\/schema\/logo\/image\/"}}]}},"_links":{"self":[{"href":"https:\/\/fashiongold.lt\/lv\/wp-json\/wp\/v2\/product\/292873","targetHints":{"allow":["GET"]}}],"collection":[{"href":"https:\/\/fashiongold.lt\/lv\/wp-json\/wp\/v2\/product"}],"about":[{"href":"https:\/\/fashiongold.lt\/lv\/wp-json\/wp\/v2\/types\/product"}],"version-history":[{"count":0,"href":"https:\/\/fashiongold.lt\/lv\/wp-json\/wp\/v2\/product\/292873\/revisions"}],"wp:featuredmedia":[{"embeddable":true,"href":"https:\/\/fashiongold.lt\/lv\/wp-json\/wp\/v2\/media\/77686"}],"wp:attachment":[{"href":"https:\/\/fashiongold.lt\/lv\/wp-json\/wp\/v2\/media?parent=292873"}],"wp:term":[{"taxonomy":"product_brand","embeddable":true,"href":"https:\/\/fashiongold.lt\/lv\/wp-json\/wp\/v2\/product_brand?post=292873"},{"taxonomy":"product_cat","embeddable":true,"href":"https:\/\/fashiongold.lt\/lv\/wp-json\/wp\/v2\/product_cat?post=292873"},{"taxonomy":"product_tag","embeddable":true,"href":"https:\/\/fashiongold.lt\/lv\/wp-json\/wp\/v2\/product_tag?post=292873"}],"curies":[{"name":"wp","href":"https:\/\/api.w.org\/{rel}","templated":true}]}}