{"id":292928,"date":"2025-10-09T22:11:44","date_gmt":"2025-10-09T22:11:44","guid":{"rendered":"https:\/\/fashiongold.lt\/papuosalas\/mirdzosa-grezniba-halo-dizaina-balta-zelta-gredzens-ar-dimantiem-064-ct\/"},"modified":"2025-10-09T22:11:44","modified_gmt":"2025-10-09T22:11:44","slug":"mirdzosa-grezniba-halo-dizaina-balta-zelta-gredzens-ar-dimantiem-064-ct","status":"publish","type":"product","link":"https:\/\/fashiongold.lt\/lv\/papuosalas\/mirdzosa-grezniba-halo-dizaina-balta-zelta-gredzens-ar-dimantiem-064-ct\/","title":{"rendered":"Mirdzo\u0161a grezn\u012bba \u2013 halo dizaina balt\u0101 zelta gredzens ar dimantiem (0,64 ct)"},"content":{"rendered":"<p>Ra\u017eots Lietuv\u0101. Gredzens var tikt izgatavots p\u0113c pas\u016bt\u012bjuma: no sarkan\u0101, dzelten\u0101 un balt\u0101 zelta.<\/p>\n<p>\u2022 Dimanta tips: Dab\u012bgs dimants<\/p>\n<p>\u2022 Dimanta forma: Apa\u013ca forma (Round cut)<\/p>\n<p>\u2022 Dimanta raksturojums: 0,64 ct (1&#215;0,40 ct, kr\u0101sa G (RW); dzidrums SI2, apstr\u0101de Ex, Vg, G) un 28 x 0,009 ct, kr\u0101sa H(W); dzidrums SI)<\/p>\n<p>\u2022 Sertifik\u0101ts: Lietuvas Prove\u0161anas pal\u0101ta (LPR) un papildus GIA sertifik\u0101ts<\/p>\n<p>\u2022 Gredzena zelts: 14K (585. prove) <\/p>\n<p>\u2022 Gredzena kr\u0101sa: baltais zelts   <\/p>\n<p>\u2022 Gredzena svars: aptuveni 2,00-2,40 g <\/p>\n<p>\u2022 Gredzena izm\u0113ri: kro\u0146a izm\u0113rs &#8211; 5 mm, st\u012bpi\u0146as izm\u0113rs &#8211; 2,75 mm<\/p>\n","protected":false},"excerpt":{"rendered":"<p>Balt\u0101 zelta grezns halo dizaina gredzens ar grezniem kro\u0146a deimantiem. Galvenais deimants 0,40 ct ir ieskauts mirdzo\u0161os s\u012bkos deimantos, kas rada starojo\u0161u akcentu. St\u012bpi\u0146a ir rot\u0101ta ar deimantu rindu ab\u0101s pus\u0113s. \u0160is gredzens ir ne tikai lieliski piem\u0113rots saderin\u0101\u0161an\u0101s un \u012bpa\u0161iem gad\u012bjumiem, bet ar\u012b atspogu\u013co j\u016bsu unik\u0101lo gaumi un stilu. D\u0101v\u0101jiet sev grezn\u012bbas un elegances mirkli ar \u0161o gredzenu.<\/p>\n","protected":false},"featured_media":76771,"template":"","meta":{"site-sidebar-layout":"","site-content-layout":"","ast-site-content-layout":"","site-content-style":"","site-sidebar-style":"","ast-global-header-display":"","ast-banner-title-visibility":"","ast-main-header-display":"","ast-hfb-above-header-display":"","ast-hfb-below-header-display":"","ast-hfb-mobile-header-display":"","site-post-title":"","ast-breadcrumbs-content":"","ast-featured-img":"","footer-sml-layout":"","ast-disable-related-posts":"","theme-transparent-header-meta":"","adv-header-id-meta":"","stick-header-meta":"","header-above-stick-meta":"","header-main-stick-meta":"","header-below-stick-meta":"","astra-migrate-meta-layouts":"default","ast-page-background-enabled":"default","ast-page-background-meta":{"desktop":{"background-color":"var(--ast-global-color-4)","background-image":"","background-repeat":"repeat","background-position":"center center","background-size":"auto","background-attachment":"scroll","background-type":"","background-media":"","overlay-type":"","overlay-color":"","overlay-opacity":"","overlay-gradient":""},"tablet":{"background-color":"","background-image":"","background-repeat":"repeat","background-position":"center center","background-size":"auto","background-attachment":"scroll","background-type":"","background-media":"","overlay-type":"","overlay-color":"","overlay-opacity":"","overlay-gradient":""},"mobile":{"background-color":"","background-image":"","background-repeat":"repeat","background-position":"center center","background-size":"auto","background-attachment":"scroll","background-type":"","background-media":"","overlay-type":"","overlay-color":"","overlay-opacity":"","overlay-gradient":""}},"ast-content-background-meta":{"desktop":{"background-color":"var(--ast-global-color-5)","background-image":"","background-repeat":"repeat","background-position":"center center","background-size":"auto","background-attachment":"scroll","background-type":"","background-media":"","overlay-type":"","overlay-color":"","overlay-opacity":"","overlay-gradient":""},"tablet":{"background-color":"var(--ast-global-color-5)","background-image":"","background-repeat":"repeat","background-position":"center center","background-size":"auto","background-attachment":"scroll","background-type":"","background-media":"","overlay-type":"","overlay-color":"","overlay-opacity":"","overlay-gradient":""},"mobile":{"background-color":"var(--ast-global-color-5)","background-image":"","background-repeat":"repeat","background-position":"center center","background-size":"auto","background-attachment":"scroll","background-type":"","background-media":"","overlay-type":"","overlay-color":"","overlay-opacity":"","overlay-gradient":""}}},"product_brand":[],"product_cat":[3441,2919,2915,2913,2921,2920,3403,2916,2914,3453,2997,3042,2922,3439,2936,2918],"product_tag":[],"class_list":{"0":"post-292928","1":"product","2":"type-product","3":"status-publish","4":"has-post-thumbnail","6":"product_cat-balta-zelta-saderinasanas-gredzeni","7":"product_cat-baltzelta-rotaslietas","8":"product_cat-davanas-berna-piedzimsanai","9":"product_cat-davanas-dzimsanas-diena","10":"product_cat-davanas-ipasiem-gadijumiem","11":"product_cat-davanas-izlaidumam","12":"product_cat-davanas-kazam","13":"product_cat-davanas-kazu-gadadiena","14":"product_cat-davanas-sievietem","15":"product_cat-gredzeni-ar-dimantiem","16":"product_cat-halo-formas-saderinasanas-gredzeni","17":"product_cat-juvelierizstradajumi","18":"product_cat-mates-dienas-davanas","19":"product_cat-saderinasanas-gredzeni","20":"product_cat-valentindienas-davanas","21":"product_cat-ziemassvetku-davanas","22":"desktop-align-center","23":"tablet-align-left","24":"mobile-align-left","25":"ast-product-gallery-layout-horizontal-slider","26":"ast-product-gallery-with-no-image","27":"ast-product-single-variable","28":"ast-product-tabs-layout-accordion","29":"ast-qv-on-image","31":"first","32":"instock","33":"taxable","34":"shipping-taxable","35":"purchasable","36":"product-type-variable"},"yoast_head":"<!-- This site is optimized with the Yoast SEO plugin v26.6 - https:\/\/yoast.com\/wordpress\/plugins\/seo\/ -->\n<title>Halo dizaina balt\u0101 zelta gredzens ar 0,64 ct dimantiem<\/title>\n<meta name=\"description\" content=\"Galvenais dimants 0,40 ct tiek ieskauts mirdzo\u0161os dimantos, kas rada burv\u012bgi mirdzo\u0161u akcentu. Lieliski piem\u0113rots saderin\u0101\u0161an\u0101s gad\u012bjumiem un \u012bpa\u0161iem mirk\u013ciem.\" \/>\n<meta name=\"robots\" content=\"index, follow, max-snippet:-1, max-image-preview:large, max-video-preview:-1\" \/>\n<link rel=\"canonical\" href=\"https:\/\/fashiongold.lt\/lv\/papuosalas\/mirdzosa-grezniba-halo-dizaina-balta-zelta-gredzens-ar-dimantiem-064-ct\/\" \/>\n<meta property=\"og:locale\" content=\"lv_LV\" \/>\n<meta property=\"og:type\" content=\"article\" \/>\n<meta property=\"og:title\" content=\"Halo dizaina balt\u0101 zelta gredzens ar 0,64 ct dimantiem\" \/>\n<meta property=\"og:description\" content=\"Galvenais dimants 0,40 ct tiek ieskauts mirdzo\u0161os dimantos, kas rada burv\u012bgi mirdzo\u0161u akcentu. Lieliski piem\u0113rots saderin\u0101\u0161an\u0101s gad\u012bjumiem un \u012bpa\u0161iem mirk\u013ciem.\" \/>\n<meta property=\"og:url\" content=\"https:\/\/fashiongold.lt\/lv\/papuosalas\/mirdzosa-grezniba-halo-dizaina-balta-zelta-gredzens-ar-dimantiem-064-ct\/\" \/>\n<meta property=\"og:site_name\" content=\"FashionGold.lt\" \/>\n<meta property=\"og:image\" content=\"https:\/\/fashiongold.lt\/wp-content\/uploads\/2025\/10\/5356-586-Svytinti-prabanga-halo-dizaino-balto-aukso-ziedas-su-deimantais.webp\" \/>\n\t<meta property=\"og:image:width\" content=\"1000\" \/>\n\t<meta property=\"og:image:height\" content=\"1000\" \/>\n\t<meta property=\"og:image:type\" content=\"image\/jpeg\" \/>\n<meta name=\"twitter:card\" content=\"summary_large_image\" \/>\n<script type=\"application\/ld+json\" class=\"yoast-schema-graph\">{\"@context\":\"https:\/\/schema.org\",\"@graph\":[{\"@type\":\"WebPage\",\"@id\":\"https:\/\/fashiongold.lt\/lv\/papuosalas\/mirdzosa-grezniba-halo-dizaina-balta-zelta-gredzens-ar-dimantiem-064-ct\/\",\"url\":\"https:\/\/fashiongold.lt\/lv\/papuosalas\/mirdzosa-grezniba-halo-dizaina-balta-zelta-gredzens-ar-dimantiem-064-ct\/\",\"name\":\"Halo dizaina balt\u0101 zelta gredzens ar 0,64 ct dimantiem\",\"isPartOf\":{\"@id\":\"https:\/\/fashiongold.lt\/lv\/#website\"},\"primaryImageOfPage\":{\"@id\":\"https:\/\/fashiongold.lt\/lv\/papuosalas\/mirdzosa-grezniba-halo-dizaina-balta-zelta-gredzens-ar-dimantiem-064-ct\/#primaryimage\"},\"image\":{\"@id\":\"https:\/\/fashiongold.lt\/lv\/papuosalas\/mirdzosa-grezniba-halo-dizaina-balta-zelta-gredzens-ar-dimantiem-064-ct\/#primaryimage\"},\"thumbnailUrl\":\"https:\/\/fashiongold.lt\/wp-content\/uploads\/2025\/10\/5356-586-Svytinti-prabanga-halo-dizaino-balto-aukso-ziedas-su-deimantais.jpg\",\"datePublished\":\"2025-10-09T22:11:44+00:00\",\"description\":\"Galvenais dimants 0,40 ct tiek ieskauts mirdzo\u0161os dimantos, kas rada burv\u012bgi mirdzo\u0161u akcentu. Lieliski piem\u0113rots saderin\u0101\u0161an\u0101s gad\u012bjumiem un \u012bpa\u0161iem mirk\u013ciem.\",\"breadcrumb\":{\"@id\":\"https:\/\/fashiongold.lt\/lv\/papuosalas\/mirdzosa-grezniba-halo-dizaina-balta-zelta-gredzens-ar-dimantiem-064-ct\/#breadcrumb\"},\"inLanguage\":\"lv-LV\",\"potentialAction\":[{\"@type\":\"ReadAction\",\"target\":[\"https:\/\/fashiongold.lt\/lv\/papuosalas\/mirdzosa-grezniba-halo-dizaina-balta-zelta-gredzens-ar-dimantiem-064-ct\/\"]}]},{\"@type\":\"ImageObject\",\"inLanguage\":\"lv-LV\",\"@id\":\"https:\/\/fashiongold.lt\/lv\/papuosalas\/mirdzosa-grezniba-halo-dizaina-balta-zelta-gredzens-ar-dimantiem-064-ct\/#primaryimage\",\"url\":\"https:\/\/fashiongold.lt\/wp-content\/uploads\/2025\/10\/5356-586-Svytinti-prabanga-halo-dizaino-balto-aukso-ziedas-su-deimantais.jpg\",\"contentUrl\":\"https:\/\/fashiongold.lt\/wp-content\/uploads\/2025\/10\/5356-586-Svytinti-prabanga-halo-dizaino-balto-aukso-ziedas-su-deimantais.jpg\",\"width\":1000,\"height\":1000},{\"@type\":\"BreadcrumbList\",\"@id\":\"https:\/\/fashiongold.lt\/lv\/papuosalas\/mirdzosa-grezniba-halo-dizaina-balta-zelta-gredzens-ar-dimantiem-064-ct\/#breadcrumb\",\"itemListElement\":[{\"@type\":\"ListItem\",\"position\":1,\"name\":\"Home\",\"item\":\"https:\/\/fashiongold.lt\/lv\/\"},{\"@type\":\"ListItem\",\"position\":2,\"name\":\"Dimantu veikals Fashiongold.lt\",\"item\":\"https:\/\/fashiongold.lt\/shop-2\/\"},{\"@type\":\"ListItem\",\"position\":3,\"name\":\"Mirdzo\u0161a grezn\u012bba \u2013 halo dizaina balt\u0101 zelta gredzens ar dimantiem (0,64 ct)\"}]},{\"@type\":\"WebSite\",\"@id\":\"https:\/\/fashiongold.lt\/lv\/#website\",\"url\":\"https:\/\/fashiongold.lt\/lv\/\",\"name\":\"Fashion Gold\",\"description\":\"Juvelyrikos namai\",\"publisher\":{\"@id\":\"https:\/\/fashiongold.lt\/lv\/#organization\"},\"potentialAction\":[{\"@type\":\"SearchAction\",\"target\":{\"@type\":\"EntryPoint\",\"urlTemplate\":\"https:\/\/fashiongold.lt\/lv\/?s={search_term_string}\"},\"query-input\":{\"@type\":\"PropertyValueSpecification\",\"valueRequired\":true,\"valueName\":\"search_term_string\"}}],\"inLanguage\":\"lv-LV\"},{\"@type\":\"Organization\",\"@id\":\"https:\/\/fashiongold.lt\/lv\/#organization\",\"name\":\"Topdiamonds Online\",\"url\":\"https:\/\/fashiongold.lt\/lv\/\",\"logo\":{\"@type\":\"ImageObject\",\"inLanguage\":\"lv-LV\",\"@id\":\"https:\/\/fashiongold.lt\/lv\/#\/schema\/logo\/image\/\",\"url\":\"https:\/\/fashiongold.lt\/wp-content\/uploads\/2025\/04\/cropped-fashion_gold_logotipas2-scaled-1.png\",\"contentUrl\":\"https:\/\/fashiongold.lt\/wp-content\/uploads\/2025\/04\/cropped-fashion_gold_logotipas2-scaled-1.png\",\"width\":2559,\"height\":421,\"caption\":\"Topdiamonds Online\"},\"image\":{\"@id\":\"https:\/\/fashiongold.lt\/lv\/#\/schema\/logo\/image\/\"}}]}<\/script>\n<!-- \/ Yoast SEO plugin. -->","yoast_head_json":{"title":"Halo dizaina balt\u0101 zelta gredzens ar 0,64 ct dimantiem","description":"Galvenais dimants 0,40 ct tiek ieskauts mirdzo\u0161os dimantos, kas rada burv\u012bgi mirdzo\u0161u akcentu. Lieliski piem\u0113rots saderin\u0101\u0161an\u0101s gad\u012bjumiem un \u012bpa\u0161iem mirk\u013ciem.","robots":{"index":"index","follow":"follow","max-snippet":"max-snippet:-1","max-image-preview":"max-image-preview:large","max-video-preview":"max-video-preview:-1"},"canonical":"https:\/\/fashiongold.lt\/lv\/papuosalas\/mirdzosa-grezniba-halo-dizaina-balta-zelta-gredzens-ar-dimantiem-064-ct\/","og_locale":"lv_LV","og_type":"article","og_title":"Halo dizaina balt\u0101 zelta gredzens ar 0,64 ct dimantiem","og_description":"Galvenais dimants 0,40 ct tiek ieskauts mirdzo\u0161os dimantos, kas rada burv\u012bgi mirdzo\u0161u akcentu. Lieliski piem\u0113rots saderin\u0101\u0161an\u0101s gad\u012bjumiem un \u012bpa\u0161iem mirk\u013ciem.","og_url":"https:\/\/fashiongold.lt\/lv\/papuosalas\/mirdzosa-grezniba-halo-dizaina-balta-zelta-gredzens-ar-dimantiem-064-ct\/","og_site_name":"FashionGold.lt","og_image":[{"width":1000,"height":1000,"url":"https:\/\/fashiongold.lt\/wp-content\/uploads\/2025\/10\/5356-586-Svytinti-prabanga-halo-dizaino-balto-aukso-ziedas-su-deimantais.webp","type":"image\/jpeg"}],"twitter_card":"summary_large_image","schema":{"@context":"https:\/\/schema.org","@graph":[{"@type":"WebPage","@id":"https:\/\/fashiongold.lt\/lv\/papuosalas\/mirdzosa-grezniba-halo-dizaina-balta-zelta-gredzens-ar-dimantiem-064-ct\/","url":"https:\/\/fashiongold.lt\/lv\/papuosalas\/mirdzosa-grezniba-halo-dizaina-balta-zelta-gredzens-ar-dimantiem-064-ct\/","name":"Halo dizaina balt\u0101 zelta gredzens ar 0,64 ct dimantiem","isPartOf":{"@id":"https:\/\/fashiongold.lt\/lv\/#website"},"primaryImageOfPage":{"@id":"https:\/\/fashiongold.lt\/lv\/papuosalas\/mirdzosa-grezniba-halo-dizaina-balta-zelta-gredzens-ar-dimantiem-064-ct\/#primaryimage"},"image":{"@id":"https:\/\/fashiongold.lt\/lv\/papuosalas\/mirdzosa-grezniba-halo-dizaina-balta-zelta-gredzens-ar-dimantiem-064-ct\/#primaryimage"},"thumbnailUrl":"https:\/\/fashiongold.lt\/wp-content\/uploads\/2025\/10\/5356-586-Svytinti-prabanga-halo-dizaino-balto-aukso-ziedas-su-deimantais.jpg","datePublished":"2025-10-09T22:11:44+00:00","description":"Galvenais dimants 0,40 ct tiek ieskauts mirdzo\u0161os dimantos, kas rada burv\u012bgi mirdzo\u0161u akcentu. Lieliski piem\u0113rots saderin\u0101\u0161an\u0101s gad\u012bjumiem un \u012bpa\u0161iem mirk\u013ciem.","breadcrumb":{"@id":"https:\/\/fashiongold.lt\/lv\/papuosalas\/mirdzosa-grezniba-halo-dizaina-balta-zelta-gredzens-ar-dimantiem-064-ct\/#breadcrumb"},"inLanguage":"lv-LV","potentialAction":[{"@type":"ReadAction","target":["https:\/\/fashiongold.lt\/lv\/papuosalas\/mirdzosa-grezniba-halo-dizaina-balta-zelta-gredzens-ar-dimantiem-064-ct\/"]}]},{"@type":"ImageObject","inLanguage":"lv-LV","@id":"https:\/\/fashiongold.lt\/lv\/papuosalas\/mirdzosa-grezniba-halo-dizaina-balta-zelta-gredzens-ar-dimantiem-064-ct\/#primaryimage","url":"https:\/\/fashiongold.lt\/wp-content\/uploads\/2025\/10\/5356-586-Svytinti-prabanga-halo-dizaino-balto-aukso-ziedas-su-deimantais.jpg","contentUrl":"https:\/\/fashiongold.lt\/wp-content\/uploads\/2025\/10\/5356-586-Svytinti-prabanga-halo-dizaino-balto-aukso-ziedas-su-deimantais.jpg","width":1000,"height":1000},{"@type":"BreadcrumbList","@id":"https:\/\/fashiongold.lt\/lv\/papuosalas\/mirdzosa-grezniba-halo-dizaina-balta-zelta-gredzens-ar-dimantiem-064-ct\/#breadcrumb","itemListElement":[{"@type":"ListItem","position":1,"name":"Home","item":"https:\/\/fashiongold.lt\/lv\/"},{"@type":"ListItem","position":2,"name":"Dimantu veikals Fashiongold.lt","item":"https:\/\/fashiongold.lt\/shop-2\/"},{"@type":"ListItem","position":3,"name":"Mirdzo\u0161a grezn\u012bba \u2013 halo dizaina balt\u0101 zelta gredzens ar dimantiem (0,64 ct)"}]},{"@type":"WebSite","@id":"https:\/\/fashiongold.lt\/lv\/#website","url":"https:\/\/fashiongold.lt\/lv\/","name":"Fashion Gold","description":"Juvelyrikos namai","publisher":{"@id":"https:\/\/fashiongold.lt\/lv\/#organization"},"potentialAction":[{"@type":"SearchAction","target":{"@type":"EntryPoint","urlTemplate":"https:\/\/fashiongold.lt\/lv\/?s={search_term_string}"},"query-input":{"@type":"PropertyValueSpecification","valueRequired":true,"valueName":"search_term_string"}}],"inLanguage":"lv-LV"},{"@type":"Organization","@id":"https:\/\/fashiongold.lt\/lv\/#organization","name":"Topdiamonds Online","url":"https:\/\/fashiongold.lt\/lv\/","logo":{"@type":"ImageObject","inLanguage":"lv-LV","@id":"https:\/\/fashiongold.lt\/lv\/#\/schema\/logo\/image\/","url":"https:\/\/fashiongold.lt\/wp-content\/uploads\/2025\/04\/cropped-fashion_gold_logotipas2-scaled-1.png","contentUrl":"https:\/\/fashiongold.lt\/wp-content\/uploads\/2025\/04\/cropped-fashion_gold_logotipas2-scaled-1.png","width":2559,"height":421,"caption":"Topdiamonds Online"},"image":{"@id":"https:\/\/fashiongold.lt\/lv\/#\/schema\/logo\/image\/"}}]}},"_links":{"self":[{"href":"https:\/\/fashiongold.lt\/lv\/wp-json\/wp\/v2\/product\/292928","targetHints":{"allow":["GET"]}}],"collection":[{"href":"https:\/\/fashiongold.lt\/lv\/wp-json\/wp\/v2\/product"}],"about":[{"href":"https:\/\/fashiongold.lt\/lv\/wp-json\/wp\/v2\/types\/product"}],"version-history":[{"count":0,"href":"https:\/\/fashiongold.lt\/lv\/wp-json\/wp\/v2\/product\/292928\/revisions"}],"wp:featuredmedia":[{"embeddable":true,"href":"https:\/\/fashiongold.lt\/lv\/wp-json\/wp\/v2\/media\/76771"}],"wp:attachment":[{"href":"https:\/\/fashiongold.lt\/lv\/wp-json\/wp\/v2\/media?parent=292928"}],"wp:term":[{"taxonomy":"product_brand","embeddable":true,"href":"https:\/\/fashiongold.lt\/lv\/wp-json\/wp\/v2\/product_brand?post=292928"},{"taxonomy":"product_cat","embeddable":true,"href":"https:\/\/fashiongold.lt\/lv\/wp-json\/wp\/v2\/product_cat?post=292928"},{"taxonomy":"product_tag","embeddable":true,"href":"https:\/\/fashiongold.lt\/lv\/wp-json\/wp\/v2\/product_tag?post=292928"}],"curies":[{"name":"wp","href":"https:\/\/api.w.org\/{rel}","templated":true}]}}