{"id":292933,"date":"2025-10-09T22:10:18","date_gmt":"2025-10-09T22:10:18","guid":{"rendered":"https:\/\/fashiongold.lt\/papuosalas\/mirdzosais-apalums-halo-dzeltena-zelta-gredzens-ar-dimantiem-052-ct\/"},"modified":"2025-10-09T22:10:18","modified_gmt":"2025-10-09T22:10:18","slug":"mirdzosais-apalums-halo-dzeltena-zelta-gredzens-ar-dimantiem-052-ct","status":"publish","type":"product","link":"https:\/\/fashiongold.lt\/lv\/papuosalas\/mirdzosais-apalums-halo-dzeltena-zelta-gredzens-ar-dimantiem-052-ct\/","title":{"rendered":"Mirdzo\u0161ais Apa\u013cums \u2013 halo dzelten\u0101 zelta gredzens ar dimantiem (0,52 ct)"},"content":{"rendered":"<p>Ra\u017eots Lietuv\u0101. Gredzens var tikt izgatavots p\u0113c pas\u016bt\u012bjuma: no sarkan\u0101, dzelten\u0101 un balt\u0101 zelta.<\/p>\n<p>\u2022 Dimanta tips: Dab\u012bgs dimants<\/p>\n<p>\u2022 Dimanta forma: Apa\u013ca forma\u00a0 (Round cut)<\/p>\n<p>\u2022 Dimanta raksturojums: 0,52 ct (1&#215;0,30 ct, 26 x 0,009ct), kr\u0101sa H-I (w-STW); dzidrums SI-I1<\/p>\n<p>\u2022 Sertifik\u0101ts: Lietuvas Proves pal\u0101ta (LPR)\u00a0<\/p>\n<p>\u2022 Gredzena zelts: 14K (585 prove)\u00a0<\/p>\n<p>\u2022 Gredzena kr\u0101sa: dzeltenais zelts\u00a0 \u00a0<\/p>\n<p>\u2022 Gredzena svars: aptuveni 2,00-2,40 g\u00a0<\/p>\n<p>\u2022 Gredzena izm\u0113ri: kro\u0146a izm\u0113rs &#8211; 8 mm, st\u012bpi\u0146as izm\u0113rs &#8211; 1,75 mm<\/p>\n","protected":false},"excerpt":{"rendered":"<p>Dzelten\u0101 zelta halo dizaina gredzens ar greznas kron\u012b\u0161a formas dimantiem. Galvenais 0,30 ct dimants ir ieskauts mirdzo\u0161os, smalkos dimantos, kas rada apburo\u0161i sp\u012bdo\u0161u akcentu. Elegant\u0101 st\u012bpi\u0146a ir rot\u0101ta ar dimantu rindu ab\u0101s pus\u0113s. \u0160is gredzens ne tikai lieliski piem\u0113rots saderin\u0101\u0161an\u0101s un \u012bpa\u0161iem gad\u012bjumiem, bet ar\u012b atspogu\u013co j\u016bsu neatk\u0101rtojamo gaumi un stilu. D\u0101v\u0101jiet sev luksusa un elegances mirkli ar \u0161o gredzenu.<\/p>\n","protected":false},"featured_media":76694,"template":"","meta":{"site-sidebar-layout":"","site-content-layout":"","ast-site-content-layout":"","site-content-style":"","site-sidebar-style":"","ast-global-header-display":"","ast-banner-title-visibility":"","ast-main-header-display":"","ast-hfb-above-header-display":"","ast-hfb-below-header-display":"","ast-hfb-mobile-header-display":"","site-post-title":"","ast-breadcrumbs-content":"","ast-featured-img":"","footer-sml-layout":"","ast-disable-related-posts":"","theme-transparent-header-meta":"","adv-header-id-meta":"","stick-header-meta":"","header-above-stick-meta":"","header-main-stick-meta":"","header-below-stick-meta":"","astra-migrate-meta-layouts":"default","ast-page-background-enabled":"default","ast-page-background-meta":{"desktop":{"background-color":"var(--ast-global-color-4)","background-image":"","background-repeat":"repeat","background-position":"center center","background-size":"auto","background-attachment":"scroll","background-type":"","background-media":"","overlay-type":"","overlay-color":"","overlay-opacity":"","overlay-gradient":""},"tablet":{"background-color":"","background-image":"","background-repeat":"repeat","background-position":"center center","background-size":"auto","background-attachment":"scroll","background-type":"","background-media":"","overlay-type":"","overlay-color":"","overlay-opacity":"","overlay-gradient":""},"mobile":{"background-color":"","background-image":"","background-repeat":"repeat","background-position":"center center","background-size":"auto","background-attachment":"scroll","background-type":"","background-media":"","overlay-type":"","overlay-color":"","overlay-opacity":"","overlay-gradient":""}},"ast-content-background-meta":{"desktop":{"background-color":"var(--ast-global-color-5)","background-image":"","background-repeat":"repeat","background-position":"center center","background-size":"auto","background-attachment":"scroll","background-type":"","background-media":"","overlay-type":"","overlay-color":"","overlay-opacity":"","overlay-gradient":""},"tablet":{"background-color":"var(--ast-global-color-5)","background-image":"","background-repeat":"repeat","background-position":"center center","background-size":"auto","background-attachment":"scroll","background-type":"","background-media":"","overlay-type":"","overlay-color":"","overlay-opacity":"","overlay-gradient":""},"mobile":{"background-color":"var(--ast-global-color-5)","background-image":"","background-repeat":"repeat","background-position":"center center","background-size":"auto","background-attachment":"scroll","background-type":"","background-media":"","overlay-type":"","overlay-color":"","overlay-opacity":"","overlay-gradient":""}}},"product_brand":[],"product_cat":[2915,2913,2921,2920,3403,2916,2914,2923,3442,3453,2997,3042,2922,3439,2936,2918],"product_tag":[],"class_list":{"0":"post-292933","1":"product","2":"type-product","3":"status-publish","4":"has-post-thumbnail","6":"product_cat-davanas-berna-piedzimsanai","7":"product_cat-davanas-dzimsanas-diena","8":"product_cat-davanas-ipasiem-gadijumiem","9":"product_cat-davanas-izlaidumam","10":"product_cat-davanas-kazam","11":"product_cat-davanas-kazu-gadadiena","12":"product_cat-davanas-sievietem","13":"product_cat-dzeltena-zelta-juvelierizstradajumi","14":"product_cat-dzeltena-zelta-saderinasanas-gredzeni","15":"product_cat-gredzeni-ar-dimantiem","16":"product_cat-halo-formas-saderinasanas-gredzeni","17":"product_cat-juvelierizstradajumi","18":"product_cat-mates-dienas-davanas","19":"product_cat-saderinasanas-gredzeni","20":"product_cat-valentindienas-davanas","21":"product_cat-ziemassvetku-davanas","22":"desktop-align-center","23":"tablet-align-left","24":"mobile-align-left","25":"ast-product-gallery-layout-horizontal-slider","26":"ast-product-gallery-with-no-image","27":"ast-product-single-variable","28":"ast-product-tabs-layout-accordion","29":"ast-qv-on-image","31":"first","32":"instock","33":"taxable","34":"shipping-taxable","35":"purchasable","36":"product-type-variable"},"yoast_head":"<!-- This site is optimized with the Yoast SEO plugin v26.6 - https:\/\/yoast.com\/wordpress\/plugins\/seo\/ -->\n<title>Halo dizaina dzelten\u0101 zelta gredzens ar 0,52 ct dimantiem<\/title>\n<meta name=\"description\" content=\"Galvenais dimants 0,30 ct ir ieskauts mirdzo\u0161os dimantos, kas rada burv\u012bgi spo\u017eu akcentu. Lieliski piem\u0113rots saderin\u0101\u0161an\u0101s br\u012bdim. Bezmaksas pieg\u0101de.\" \/>\n<meta name=\"robots\" content=\"index, follow, max-snippet:-1, max-image-preview:large, max-video-preview:-1\" \/>\n<link rel=\"canonical\" href=\"https:\/\/fashiongold.lt\/lv\/papuosalas\/mirdzosais-apalums-halo-dzeltena-zelta-gredzens-ar-dimantiem-052-ct\/\" \/>\n<meta property=\"og:locale\" content=\"lv_LV\" \/>\n<meta property=\"og:type\" content=\"article\" \/>\n<meta property=\"og:title\" content=\"Halo dizaina dzelten\u0101 zelta gredzens ar 0,52 ct dimantiem\" \/>\n<meta property=\"og:description\" content=\"Galvenais dimants 0,30 ct ir ieskauts mirdzo\u0161os dimantos, kas rada burv\u012bgi spo\u017eu akcentu. Lieliski piem\u0113rots saderin\u0101\u0161an\u0101s br\u012bdim. Bezmaksas pieg\u0101de.\" \/>\n<meta property=\"og:url\" content=\"https:\/\/fashiongold.lt\/lv\/papuosalas\/mirdzosais-apalums-halo-dzeltena-zelta-gredzens-ar-dimantiem-052-ct\/\" \/>\n<meta property=\"og:site_name\" content=\"FashionGold.lt\" \/>\n<meta property=\"og:image\" content=\"https:\/\/fashiongold.lt\/wp-content\/uploads\/2025\/10\/5343-265-Svytintis-Apvalumas-halo-geltono-aukso-ziedas-su-deimantais.webp\" \/>\n\t<meta property=\"og:image:width\" content=\"1000\" \/>\n\t<meta property=\"og:image:height\" content=\"1000\" \/>\n\t<meta property=\"og:image:type\" content=\"image\/jpeg\" \/>\n<meta name=\"twitter:card\" content=\"summary_large_image\" \/>\n<script type=\"application\/ld+json\" class=\"yoast-schema-graph\">{\"@context\":\"https:\/\/schema.org\",\"@graph\":[{\"@type\":\"WebPage\",\"@id\":\"https:\/\/fashiongold.lt\/lv\/papuosalas\/mirdzosais-apalums-halo-dzeltena-zelta-gredzens-ar-dimantiem-052-ct\/\",\"url\":\"https:\/\/fashiongold.lt\/lv\/papuosalas\/mirdzosais-apalums-halo-dzeltena-zelta-gredzens-ar-dimantiem-052-ct\/\",\"name\":\"Halo dizaina dzelten\u0101 zelta gredzens ar 0,52 ct dimantiem\",\"isPartOf\":{\"@id\":\"https:\/\/fashiongold.lt\/lv\/#website\"},\"primaryImageOfPage\":{\"@id\":\"https:\/\/fashiongold.lt\/lv\/papuosalas\/mirdzosais-apalums-halo-dzeltena-zelta-gredzens-ar-dimantiem-052-ct\/#primaryimage\"},\"image\":{\"@id\":\"https:\/\/fashiongold.lt\/lv\/papuosalas\/mirdzosais-apalums-halo-dzeltena-zelta-gredzens-ar-dimantiem-052-ct\/#primaryimage\"},\"thumbnailUrl\":\"https:\/\/fashiongold.lt\/wp-content\/uploads\/2025\/10\/5343-265-Svytintis-Apvalumas-halo-geltono-aukso-ziedas-su-deimantais.jpg\",\"datePublished\":\"2025-10-09T22:10:18+00:00\",\"description\":\"Galvenais dimants 0,30 ct ir ieskauts mirdzo\u0161os dimantos, kas rada burv\u012bgi spo\u017eu akcentu. Lieliski piem\u0113rots saderin\u0101\u0161an\u0101s br\u012bdim. Bezmaksas pieg\u0101de.\",\"breadcrumb\":{\"@id\":\"https:\/\/fashiongold.lt\/lv\/papuosalas\/mirdzosais-apalums-halo-dzeltena-zelta-gredzens-ar-dimantiem-052-ct\/#breadcrumb\"},\"inLanguage\":\"lv-LV\",\"potentialAction\":[{\"@type\":\"ReadAction\",\"target\":[\"https:\/\/fashiongold.lt\/lv\/papuosalas\/mirdzosais-apalums-halo-dzeltena-zelta-gredzens-ar-dimantiem-052-ct\/\"]}]},{\"@type\":\"ImageObject\",\"inLanguage\":\"lv-LV\",\"@id\":\"https:\/\/fashiongold.lt\/lv\/papuosalas\/mirdzosais-apalums-halo-dzeltena-zelta-gredzens-ar-dimantiem-052-ct\/#primaryimage\",\"url\":\"https:\/\/fashiongold.lt\/wp-content\/uploads\/2025\/10\/5343-265-Svytintis-Apvalumas-halo-geltono-aukso-ziedas-su-deimantais.jpg\",\"contentUrl\":\"https:\/\/fashiongold.lt\/wp-content\/uploads\/2025\/10\/5343-265-Svytintis-Apvalumas-halo-geltono-aukso-ziedas-su-deimantais.jpg\",\"width\":1000,\"height\":1000},{\"@type\":\"BreadcrumbList\",\"@id\":\"https:\/\/fashiongold.lt\/lv\/papuosalas\/mirdzosais-apalums-halo-dzeltena-zelta-gredzens-ar-dimantiem-052-ct\/#breadcrumb\",\"itemListElement\":[{\"@type\":\"ListItem\",\"position\":1,\"name\":\"Home\",\"item\":\"https:\/\/fashiongold.lt\/lv\/\"},{\"@type\":\"ListItem\",\"position\":2,\"name\":\"Dimantu veikals Fashiongold.lt\",\"item\":\"https:\/\/fashiongold.lt\/shop-2\/\"},{\"@type\":\"ListItem\",\"position\":3,\"name\":\"Mirdzo\u0161ais Apa\u013cums \u2013 halo dzelten\u0101 zelta gredzens ar dimantiem (0,52 ct)\"}]},{\"@type\":\"WebSite\",\"@id\":\"https:\/\/fashiongold.lt\/lv\/#website\",\"url\":\"https:\/\/fashiongold.lt\/lv\/\",\"name\":\"Fashion Gold\",\"description\":\"Juvelyrikos namai\",\"publisher\":{\"@id\":\"https:\/\/fashiongold.lt\/lv\/#organization\"},\"potentialAction\":[{\"@type\":\"SearchAction\",\"target\":{\"@type\":\"EntryPoint\",\"urlTemplate\":\"https:\/\/fashiongold.lt\/lv\/?s={search_term_string}\"},\"query-input\":{\"@type\":\"PropertyValueSpecification\",\"valueRequired\":true,\"valueName\":\"search_term_string\"}}],\"inLanguage\":\"lv-LV\"},{\"@type\":\"Organization\",\"@id\":\"https:\/\/fashiongold.lt\/lv\/#organization\",\"name\":\"Topdiamonds Online\",\"url\":\"https:\/\/fashiongold.lt\/lv\/\",\"logo\":{\"@type\":\"ImageObject\",\"inLanguage\":\"lv-LV\",\"@id\":\"https:\/\/fashiongold.lt\/lv\/#\/schema\/logo\/image\/\",\"url\":\"https:\/\/fashiongold.lt\/wp-content\/uploads\/2025\/04\/cropped-fashion_gold_logotipas2-scaled-1.png\",\"contentUrl\":\"https:\/\/fashiongold.lt\/wp-content\/uploads\/2025\/04\/cropped-fashion_gold_logotipas2-scaled-1.png\",\"width\":2559,\"height\":421,\"caption\":\"Topdiamonds Online\"},\"image\":{\"@id\":\"https:\/\/fashiongold.lt\/lv\/#\/schema\/logo\/image\/\"}}]}<\/script>\n<!-- \/ Yoast SEO plugin. -->","yoast_head_json":{"title":"Halo dizaina dzelten\u0101 zelta gredzens ar 0,52 ct dimantiem","description":"Galvenais dimants 0,30 ct ir ieskauts mirdzo\u0161os dimantos, kas rada burv\u012bgi spo\u017eu akcentu. Lieliski piem\u0113rots saderin\u0101\u0161an\u0101s br\u012bdim. Bezmaksas pieg\u0101de.","robots":{"index":"index","follow":"follow","max-snippet":"max-snippet:-1","max-image-preview":"max-image-preview:large","max-video-preview":"max-video-preview:-1"},"canonical":"https:\/\/fashiongold.lt\/lv\/papuosalas\/mirdzosais-apalums-halo-dzeltena-zelta-gredzens-ar-dimantiem-052-ct\/","og_locale":"lv_LV","og_type":"article","og_title":"Halo dizaina dzelten\u0101 zelta gredzens ar 0,52 ct dimantiem","og_description":"Galvenais dimants 0,30 ct ir ieskauts mirdzo\u0161os dimantos, kas rada burv\u012bgi spo\u017eu akcentu. Lieliski piem\u0113rots saderin\u0101\u0161an\u0101s br\u012bdim. Bezmaksas pieg\u0101de.","og_url":"https:\/\/fashiongold.lt\/lv\/papuosalas\/mirdzosais-apalums-halo-dzeltena-zelta-gredzens-ar-dimantiem-052-ct\/","og_site_name":"FashionGold.lt","og_image":[{"width":1000,"height":1000,"url":"https:\/\/fashiongold.lt\/wp-content\/uploads\/2025\/10\/5343-265-Svytintis-Apvalumas-halo-geltono-aukso-ziedas-su-deimantais.webp","type":"image\/jpeg"}],"twitter_card":"summary_large_image","schema":{"@context":"https:\/\/schema.org","@graph":[{"@type":"WebPage","@id":"https:\/\/fashiongold.lt\/lv\/papuosalas\/mirdzosais-apalums-halo-dzeltena-zelta-gredzens-ar-dimantiem-052-ct\/","url":"https:\/\/fashiongold.lt\/lv\/papuosalas\/mirdzosais-apalums-halo-dzeltena-zelta-gredzens-ar-dimantiem-052-ct\/","name":"Halo dizaina dzelten\u0101 zelta gredzens ar 0,52 ct dimantiem","isPartOf":{"@id":"https:\/\/fashiongold.lt\/lv\/#website"},"primaryImageOfPage":{"@id":"https:\/\/fashiongold.lt\/lv\/papuosalas\/mirdzosais-apalums-halo-dzeltena-zelta-gredzens-ar-dimantiem-052-ct\/#primaryimage"},"image":{"@id":"https:\/\/fashiongold.lt\/lv\/papuosalas\/mirdzosais-apalums-halo-dzeltena-zelta-gredzens-ar-dimantiem-052-ct\/#primaryimage"},"thumbnailUrl":"https:\/\/fashiongold.lt\/wp-content\/uploads\/2025\/10\/5343-265-Svytintis-Apvalumas-halo-geltono-aukso-ziedas-su-deimantais.jpg","datePublished":"2025-10-09T22:10:18+00:00","description":"Galvenais dimants 0,30 ct ir ieskauts mirdzo\u0161os dimantos, kas rada burv\u012bgi spo\u017eu akcentu. Lieliski piem\u0113rots saderin\u0101\u0161an\u0101s br\u012bdim. Bezmaksas pieg\u0101de.","breadcrumb":{"@id":"https:\/\/fashiongold.lt\/lv\/papuosalas\/mirdzosais-apalums-halo-dzeltena-zelta-gredzens-ar-dimantiem-052-ct\/#breadcrumb"},"inLanguage":"lv-LV","potentialAction":[{"@type":"ReadAction","target":["https:\/\/fashiongold.lt\/lv\/papuosalas\/mirdzosais-apalums-halo-dzeltena-zelta-gredzens-ar-dimantiem-052-ct\/"]}]},{"@type":"ImageObject","inLanguage":"lv-LV","@id":"https:\/\/fashiongold.lt\/lv\/papuosalas\/mirdzosais-apalums-halo-dzeltena-zelta-gredzens-ar-dimantiem-052-ct\/#primaryimage","url":"https:\/\/fashiongold.lt\/wp-content\/uploads\/2025\/10\/5343-265-Svytintis-Apvalumas-halo-geltono-aukso-ziedas-su-deimantais.jpg","contentUrl":"https:\/\/fashiongold.lt\/wp-content\/uploads\/2025\/10\/5343-265-Svytintis-Apvalumas-halo-geltono-aukso-ziedas-su-deimantais.jpg","width":1000,"height":1000},{"@type":"BreadcrumbList","@id":"https:\/\/fashiongold.lt\/lv\/papuosalas\/mirdzosais-apalums-halo-dzeltena-zelta-gredzens-ar-dimantiem-052-ct\/#breadcrumb","itemListElement":[{"@type":"ListItem","position":1,"name":"Home","item":"https:\/\/fashiongold.lt\/lv\/"},{"@type":"ListItem","position":2,"name":"Dimantu veikals Fashiongold.lt","item":"https:\/\/fashiongold.lt\/shop-2\/"},{"@type":"ListItem","position":3,"name":"Mirdzo\u0161ais Apa\u013cums \u2013 halo dzelten\u0101 zelta gredzens ar dimantiem (0,52 ct)"}]},{"@type":"WebSite","@id":"https:\/\/fashiongold.lt\/lv\/#website","url":"https:\/\/fashiongold.lt\/lv\/","name":"Fashion Gold","description":"Juvelyrikos namai","publisher":{"@id":"https:\/\/fashiongold.lt\/lv\/#organization"},"potentialAction":[{"@type":"SearchAction","target":{"@type":"EntryPoint","urlTemplate":"https:\/\/fashiongold.lt\/lv\/?s={search_term_string}"},"query-input":{"@type":"PropertyValueSpecification","valueRequired":true,"valueName":"search_term_string"}}],"inLanguage":"lv-LV"},{"@type":"Organization","@id":"https:\/\/fashiongold.lt\/lv\/#organization","name":"Topdiamonds Online","url":"https:\/\/fashiongold.lt\/lv\/","logo":{"@type":"ImageObject","inLanguage":"lv-LV","@id":"https:\/\/fashiongold.lt\/lv\/#\/schema\/logo\/image\/","url":"https:\/\/fashiongold.lt\/wp-content\/uploads\/2025\/04\/cropped-fashion_gold_logotipas2-scaled-1.png","contentUrl":"https:\/\/fashiongold.lt\/wp-content\/uploads\/2025\/04\/cropped-fashion_gold_logotipas2-scaled-1.png","width":2559,"height":421,"caption":"Topdiamonds Online"},"image":{"@id":"https:\/\/fashiongold.lt\/lv\/#\/schema\/logo\/image\/"}}]}},"_links":{"self":[{"href":"https:\/\/fashiongold.lt\/lv\/wp-json\/wp\/v2\/product\/292933","targetHints":{"allow":["GET"]}}],"collection":[{"href":"https:\/\/fashiongold.lt\/lv\/wp-json\/wp\/v2\/product"}],"about":[{"href":"https:\/\/fashiongold.lt\/lv\/wp-json\/wp\/v2\/types\/product"}],"version-history":[{"count":0,"href":"https:\/\/fashiongold.lt\/lv\/wp-json\/wp\/v2\/product\/292933\/revisions"}],"wp:featuredmedia":[{"embeddable":true,"href":"https:\/\/fashiongold.lt\/lv\/wp-json\/wp\/v2\/media\/76694"}],"wp:attachment":[{"href":"https:\/\/fashiongold.lt\/lv\/wp-json\/wp\/v2\/media?parent=292933"}],"wp:term":[{"taxonomy":"product_brand","embeddable":true,"href":"https:\/\/fashiongold.lt\/lv\/wp-json\/wp\/v2\/product_brand?post=292933"},{"taxonomy":"product_cat","embeddable":true,"href":"https:\/\/fashiongold.lt\/lv\/wp-json\/wp\/v2\/product_cat?post=292933"},{"taxonomy":"product_tag","embeddable":true,"href":"https:\/\/fashiongold.lt\/lv\/wp-json\/wp\/v2\/product_tag?post=292933"}],"curies":[{"name":"wp","href":"https:\/\/api.w.org\/{rel}","templated":true}]}}