{"id":293033,"date":"2025-10-09T21:51:54","date_gmt":"2025-10-09T21:51:54","guid":{"rendered":"https:\/\/fashiongold.lt\/papuosalas\/sampaniesa-dvesma-balta-zelta-kulons-ar-dimantiem-030-ct\/"},"modified":"2025-10-09T21:51:54","modified_gmt":"2025-10-09T21:51:54","slug":"sampaniesa-dvesma-balta-zelta-kulons-ar-dimantiem-030-ct","status":"publish","type":"product","link":"https:\/\/fashiongold.lt\/lv\/papuosalas\/sampaniesa-dvesma-balta-zelta-kulons-ar-dimantiem-030-ct\/","title":{"rendered":"\u0160ampanie\u0161a dvesma \u2013 balt\u0101 zelta kulons ar dimantiem (0,30 ct)"},"content":{"rendered":"<p>Ra\u017eots Lietuv\u0101. Kulons var tikt izgatavots p\u0113c pas\u016bt\u012bjuma: no sarkan\u0101, dzelten\u0101 un balt\u0101 zelta.<\/p>\n<p>\u2022 Dimanta tips: Dab\u012bgs dimants<\/p>\n<p>\u2022 Dimanta forma: Apa\u013ca forma\u00a0 (Round cut)<\/p>\n<p>\u2022 Dimanta raksturojums: 0,30 ct Apa\u013cas formas (0,20 ct \u0161ampanie\u0161a kr\u0101sas dimanti, 0,10 ct baltas kr\u0101sas), kr\u0101sa H-I(W-STW); dzidrums VS-SI, SI-P1<\/p>\n<p>\u2022 Sertifik\u0101ts: Lietuvas Prove\u0161anas pal\u0101ta (LPR)\u00a0<\/p>\n<p>\u2022 Kulona zelts: 14K (585 prove)\u00a0<\/p>\n<p>\u2022 Kulona kr\u0101sa: baltais zelts\u00a0<\/p>\n<p>\u2022 Kulona svars: aptuveni 1,80\u00a0 g<\/p>\n<p>\u2022 Kulona izm\u0113rs: 14 x 10 mm\u00a0<\/p>\n","protected":false},"excerpt":{"rendered":"<p>Balt\u0101 zelta kulons ar \u0161ampanie\u0161a kr\u0101sas un baltajiem dimantiem. Izcils kvadr\u0101tveida formas dizains ar \u0161ampanie\u0161a kr\u0101sas dimantiem centr\u0101, ko ieskauj mazi baltas kr\u0101sas dimanti. Ekskluz\u012bva d\u0101vana \u012bpa\u0161iem gad\u012bjumiem. Iem\u016b\u017einiet mirkli ar \u0161o unik\u0101lo kulonu.<\/p>\n","protected":false},"featured_media":75754,"template":"","meta":{"site-sidebar-layout":"","site-content-layout":"","ast-site-content-layout":"","site-content-style":"","site-sidebar-style":"","ast-global-header-display":"","ast-banner-title-visibility":"","ast-main-header-display":"","ast-hfb-above-header-display":"","ast-hfb-below-header-display":"","ast-hfb-mobile-header-display":"","site-post-title":"","ast-breadcrumbs-content":"","ast-featured-img":"","footer-sml-layout":"","ast-disable-related-posts":"","theme-transparent-header-meta":"","adv-header-id-meta":"","stick-header-meta":"","header-above-stick-meta":"","header-main-stick-meta":"","header-below-stick-meta":"","astra-migrate-meta-layouts":"default","ast-page-background-enabled":"default","ast-page-background-meta":{"desktop":{"background-color":"var(--ast-global-color-4)","background-image":"","background-repeat":"repeat","background-position":"center center","background-size":"auto","background-attachment":"scroll","background-type":"","background-media":"","overlay-type":"","overlay-color":"","overlay-opacity":"","overlay-gradient":""},"tablet":{"background-color":"","background-image":"","background-repeat":"repeat","background-position":"center center","background-size":"auto","background-attachment":"scroll","background-type":"","background-media":"","overlay-type":"","overlay-color":"","overlay-opacity":"","overlay-gradient":""},"mobile":{"background-color":"","background-image":"","background-repeat":"repeat","background-position":"center center","background-size":"auto","background-attachment":"scroll","background-type":"","background-media":"","overlay-type":"","overlay-color":"","overlay-opacity":"","overlay-gradient":""}},"ast-content-background-meta":{"desktop":{"background-color":"var(--ast-global-color-5)","background-image":"","background-repeat":"repeat","background-position":"center center","background-size":"auto","background-attachment":"scroll","background-type":"","background-media":"","overlay-type":"","overlay-color":"","overlay-opacity":"","overlay-gradient":""},"tablet":{"background-color":"var(--ast-global-color-5)","background-image":"","background-repeat":"repeat","background-position":"center center","background-size":"auto","background-attachment":"scroll","background-type":"","background-media":"","overlay-type":"","overlay-color":"","overlay-opacity":"","overlay-gradient":""},"mobile":{"background-color":"var(--ast-global-color-5)","background-image":"","background-repeat":"repeat","background-position":"center center","background-size":"auto","background-attachment":"scroll","background-type":"","background-media":"","overlay-type":"","overlay-color":"","overlay-opacity":"","overlay-gradient":""}}},"product_brand":[],"product_cat":[2919,3406,2915,2913,2921,2920,3403,2916,2914,3042,3401,3028,2922,2937,2936,2918],"product_tag":[],"class_list":{"0":"post-293033","1":"product","2":"type-product","3":"status-publish","4":"has-post-thumbnail","6":"product_cat-baltzelta-rotaslietas","7":"product_cat-davana-pirmaja-komunija","8":"product_cat-davanas-berna-piedzimsanai","9":"product_cat-davanas-dzimsanas-diena","10":"product_cat-davanas-ipasiem-gadijumiem","11":"product_cat-davanas-izlaidumam","12":"product_cat-davanas-kazam","13":"product_cat-davanas-kazu-gadadiena","14":"product_cat-davanas-sievietem","15":"product_cat-juvelierizstradajumi","16":"product_cat-kristibu-davanas","17":"product_cat-kuloni-ar-dimantiem","18":"product_cat-mates-dienas-davanas","19":"product_cat-rotaslietas-ar-pusdargakmeniem","20":"product_cat-valentindienas-davanas","21":"product_cat-ziemassvetku-davanas","22":"desktop-align-center","23":"tablet-align-left","24":"mobile-align-left","25":"ast-product-gallery-layout-horizontal-slider","26":"ast-product-gallery-with-no-image","27":"ast-product-tabs-layout-accordion","28":"ast-qv-on-image","30":"first","31":"instock","32":"taxable","33":"shipping-taxable","34":"purchasable","35":"product-type-simple"},"yoast_head":"<!-- This site is optimized with the Yoast SEO plugin v26.6 - https:\/\/yoast.com\/wordpress\/plugins\/seo\/ -->\n<title>\u0160ampanie\u0161a dvesma - balt\u0101 zelta kulons ar dimantiem<\/title>\n<meta name=\"description\" content=\"Lielisks kvadr\u0101tveida formas dizains ar \u0161ampanie\u0161a kr\u0101sas dimantiem centr\u0101, ko ieskauj mazi balti dimanti. Ekskluz\u012bva d\u0101vana \u012bpa\u0161iem gad\u012bjumiem.\" \/>\n<meta name=\"robots\" content=\"index, follow, max-snippet:-1, max-image-preview:large, max-video-preview:-1\" \/>\n<link rel=\"canonical\" href=\"https:\/\/fashiongold.lt\/lv\/papuosalas\/sampaniesa-dvesma-balta-zelta-kulons-ar-dimantiem-030-ct\/\" \/>\n<meta property=\"og:locale\" content=\"lv_LV\" \/>\n<meta property=\"og:type\" content=\"article\" \/>\n<meta property=\"og:title\" content=\"\u0160ampanie\u0161a dvesma - balt\u0101 zelta kulons ar dimantiem\" \/>\n<meta property=\"og:description\" content=\"Lielisks kvadr\u0101tveida formas dizains ar \u0161ampanie\u0161a kr\u0101sas dimantiem centr\u0101, ko ieskauj mazi balti dimanti. Ekskluz\u012bva d\u0101vana \u012bpa\u0161iem gad\u012bjumiem.\" \/>\n<meta property=\"og:url\" content=\"https:\/\/fashiongold.lt\/lv\/papuosalas\/sampaniesa-dvesma-balta-zelta-kulons-ar-dimantiem-030-ct\/\" \/>\n<meta property=\"og:site_name\" content=\"FashionGold.lt\" \/>\n<meta property=\"og:image\" content=\"https:\/\/fashiongold.lt\/wp-content\/uploads\/2025\/10\/5182-f0c-Sampano-dvelksmas-balto-aukso-pakabukas-su-deimantais.webp\" \/>\n\t<meta property=\"og:image:width\" content=\"1000\" \/>\n\t<meta property=\"og:image:height\" content=\"1000\" \/>\n\t<meta property=\"og:image:type\" content=\"image\/jpeg\" \/>\n<meta name=\"twitter:card\" content=\"summary_large_image\" \/>\n<script type=\"application\/ld+json\" class=\"yoast-schema-graph\">{\"@context\":\"https:\/\/schema.org\",\"@graph\":[{\"@type\":\"WebPage\",\"@id\":\"https:\/\/fashiongold.lt\/lv\/papuosalas\/sampaniesa-dvesma-balta-zelta-kulons-ar-dimantiem-030-ct\/\",\"url\":\"https:\/\/fashiongold.lt\/lv\/papuosalas\/sampaniesa-dvesma-balta-zelta-kulons-ar-dimantiem-030-ct\/\",\"name\":\"\u0160ampanie\u0161a dvesma - balt\u0101 zelta kulons ar dimantiem\",\"isPartOf\":{\"@id\":\"https:\/\/fashiongold.lt\/lv\/#website\"},\"primaryImageOfPage\":{\"@id\":\"https:\/\/fashiongold.lt\/lv\/papuosalas\/sampaniesa-dvesma-balta-zelta-kulons-ar-dimantiem-030-ct\/#primaryimage\"},\"image\":{\"@id\":\"https:\/\/fashiongold.lt\/lv\/papuosalas\/sampaniesa-dvesma-balta-zelta-kulons-ar-dimantiem-030-ct\/#primaryimage\"},\"thumbnailUrl\":\"https:\/\/fashiongold.lt\/wp-content\/uploads\/2025\/10\/5182-f0c-Sampano-dvelksmas-balto-aukso-pakabukas-su-deimantais.jpg\",\"datePublished\":\"2025-10-09T21:51:54+00:00\",\"description\":\"Lielisks kvadr\u0101tveida formas dizains ar \u0161ampanie\u0161a kr\u0101sas dimantiem centr\u0101, ko ieskauj mazi balti dimanti. Ekskluz\u012bva d\u0101vana \u012bpa\u0161iem gad\u012bjumiem.\",\"breadcrumb\":{\"@id\":\"https:\/\/fashiongold.lt\/lv\/papuosalas\/sampaniesa-dvesma-balta-zelta-kulons-ar-dimantiem-030-ct\/#breadcrumb\"},\"inLanguage\":\"lv-LV\",\"potentialAction\":[{\"@type\":\"ReadAction\",\"target\":[\"https:\/\/fashiongold.lt\/lv\/papuosalas\/sampaniesa-dvesma-balta-zelta-kulons-ar-dimantiem-030-ct\/\"]}]},{\"@type\":\"ImageObject\",\"inLanguage\":\"lv-LV\",\"@id\":\"https:\/\/fashiongold.lt\/lv\/papuosalas\/sampaniesa-dvesma-balta-zelta-kulons-ar-dimantiem-030-ct\/#primaryimage\",\"url\":\"https:\/\/fashiongold.lt\/wp-content\/uploads\/2025\/10\/5182-f0c-Sampano-dvelksmas-balto-aukso-pakabukas-su-deimantais.jpg\",\"contentUrl\":\"https:\/\/fashiongold.lt\/wp-content\/uploads\/2025\/10\/5182-f0c-Sampano-dvelksmas-balto-aukso-pakabukas-su-deimantais.jpg\",\"width\":1000,\"height\":1000},{\"@type\":\"BreadcrumbList\",\"@id\":\"https:\/\/fashiongold.lt\/lv\/papuosalas\/sampaniesa-dvesma-balta-zelta-kulons-ar-dimantiem-030-ct\/#breadcrumb\",\"itemListElement\":[{\"@type\":\"ListItem\",\"position\":1,\"name\":\"Home\",\"item\":\"https:\/\/fashiongold.lt\/lv\/\"},{\"@type\":\"ListItem\",\"position\":2,\"name\":\"Dimantu veikals Fashiongold.lt\",\"item\":\"https:\/\/fashiongold.lt\/shop-2\/\"},{\"@type\":\"ListItem\",\"position\":3,\"name\":\"\u0160ampanie\u0161a dvesma \u2013 balt\u0101 zelta kulons ar dimantiem (0,30 ct)\"}]},{\"@type\":\"WebSite\",\"@id\":\"https:\/\/fashiongold.lt\/lv\/#website\",\"url\":\"https:\/\/fashiongold.lt\/lv\/\",\"name\":\"Fashion Gold\",\"description\":\"Juvelyrikos namai\",\"publisher\":{\"@id\":\"https:\/\/fashiongold.lt\/lv\/#organization\"},\"potentialAction\":[{\"@type\":\"SearchAction\",\"target\":{\"@type\":\"EntryPoint\",\"urlTemplate\":\"https:\/\/fashiongold.lt\/lv\/?s={search_term_string}\"},\"query-input\":{\"@type\":\"PropertyValueSpecification\",\"valueRequired\":true,\"valueName\":\"search_term_string\"}}],\"inLanguage\":\"lv-LV\"},{\"@type\":\"Organization\",\"@id\":\"https:\/\/fashiongold.lt\/lv\/#organization\",\"name\":\"Topdiamonds Online\",\"url\":\"https:\/\/fashiongold.lt\/lv\/\",\"logo\":{\"@type\":\"ImageObject\",\"inLanguage\":\"lv-LV\",\"@id\":\"https:\/\/fashiongold.lt\/lv\/#\/schema\/logo\/image\/\",\"url\":\"https:\/\/fashiongold.lt\/wp-content\/uploads\/2025\/04\/cropped-fashion_gold_logotipas2-scaled-1.png\",\"contentUrl\":\"https:\/\/fashiongold.lt\/wp-content\/uploads\/2025\/04\/cropped-fashion_gold_logotipas2-scaled-1.png\",\"width\":2559,\"height\":421,\"caption\":\"Topdiamonds Online\"},\"image\":{\"@id\":\"https:\/\/fashiongold.lt\/lv\/#\/schema\/logo\/image\/\"}}]}<\/script>\n<!-- \/ Yoast SEO plugin. -->","yoast_head_json":{"title":"\u0160ampanie\u0161a dvesma - balt\u0101 zelta kulons ar dimantiem","description":"Lielisks kvadr\u0101tveida formas dizains ar \u0161ampanie\u0161a kr\u0101sas dimantiem centr\u0101, ko ieskauj mazi balti dimanti. Ekskluz\u012bva d\u0101vana \u012bpa\u0161iem gad\u012bjumiem.","robots":{"index":"index","follow":"follow","max-snippet":"max-snippet:-1","max-image-preview":"max-image-preview:large","max-video-preview":"max-video-preview:-1"},"canonical":"https:\/\/fashiongold.lt\/lv\/papuosalas\/sampaniesa-dvesma-balta-zelta-kulons-ar-dimantiem-030-ct\/","og_locale":"lv_LV","og_type":"article","og_title":"\u0160ampanie\u0161a dvesma - balt\u0101 zelta kulons ar dimantiem","og_description":"Lielisks kvadr\u0101tveida formas dizains ar \u0161ampanie\u0161a kr\u0101sas dimantiem centr\u0101, ko ieskauj mazi balti dimanti. Ekskluz\u012bva d\u0101vana \u012bpa\u0161iem gad\u012bjumiem.","og_url":"https:\/\/fashiongold.lt\/lv\/papuosalas\/sampaniesa-dvesma-balta-zelta-kulons-ar-dimantiem-030-ct\/","og_site_name":"FashionGold.lt","og_image":[{"width":1000,"height":1000,"url":"https:\/\/fashiongold.lt\/wp-content\/uploads\/2025\/10\/5182-f0c-Sampano-dvelksmas-balto-aukso-pakabukas-su-deimantais.webp","type":"image\/jpeg"}],"twitter_card":"summary_large_image","schema":{"@context":"https:\/\/schema.org","@graph":[{"@type":"WebPage","@id":"https:\/\/fashiongold.lt\/lv\/papuosalas\/sampaniesa-dvesma-balta-zelta-kulons-ar-dimantiem-030-ct\/","url":"https:\/\/fashiongold.lt\/lv\/papuosalas\/sampaniesa-dvesma-balta-zelta-kulons-ar-dimantiem-030-ct\/","name":"\u0160ampanie\u0161a dvesma - balt\u0101 zelta kulons ar dimantiem","isPartOf":{"@id":"https:\/\/fashiongold.lt\/lv\/#website"},"primaryImageOfPage":{"@id":"https:\/\/fashiongold.lt\/lv\/papuosalas\/sampaniesa-dvesma-balta-zelta-kulons-ar-dimantiem-030-ct\/#primaryimage"},"image":{"@id":"https:\/\/fashiongold.lt\/lv\/papuosalas\/sampaniesa-dvesma-balta-zelta-kulons-ar-dimantiem-030-ct\/#primaryimage"},"thumbnailUrl":"https:\/\/fashiongold.lt\/wp-content\/uploads\/2025\/10\/5182-f0c-Sampano-dvelksmas-balto-aukso-pakabukas-su-deimantais.jpg","datePublished":"2025-10-09T21:51:54+00:00","description":"Lielisks kvadr\u0101tveida formas dizains ar \u0161ampanie\u0161a kr\u0101sas dimantiem centr\u0101, ko ieskauj mazi balti dimanti. Ekskluz\u012bva d\u0101vana \u012bpa\u0161iem gad\u012bjumiem.","breadcrumb":{"@id":"https:\/\/fashiongold.lt\/lv\/papuosalas\/sampaniesa-dvesma-balta-zelta-kulons-ar-dimantiem-030-ct\/#breadcrumb"},"inLanguage":"lv-LV","potentialAction":[{"@type":"ReadAction","target":["https:\/\/fashiongold.lt\/lv\/papuosalas\/sampaniesa-dvesma-balta-zelta-kulons-ar-dimantiem-030-ct\/"]}]},{"@type":"ImageObject","inLanguage":"lv-LV","@id":"https:\/\/fashiongold.lt\/lv\/papuosalas\/sampaniesa-dvesma-balta-zelta-kulons-ar-dimantiem-030-ct\/#primaryimage","url":"https:\/\/fashiongold.lt\/wp-content\/uploads\/2025\/10\/5182-f0c-Sampano-dvelksmas-balto-aukso-pakabukas-su-deimantais.jpg","contentUrl":"https:\/\/fashiongold.lt\/wp-content\/uploads\/2025\/10\/5182-f0c-Sampano-dvelksmas-balto-aukso-pakabukas-su-deimantais.jpg","width":1000,"height":1000},{"@type":"BreadcrumbList","@id":"https:\/\/fashiongold.lt\/lv\/papuosalas\/sampaniesa-dvesma-balta-zelta-kulons-ar-dimantiem-030-ct\/#breadcrumb","itemListElement":[{"@type":"ListItem","position":1,"name":"Home","item":"https:\/\/fashiongold.lt\/lv\/"},{"@type":"ListItem","position":2,"name":"Dimantu veikals Fashiongold.lt","item":"https:\/\/fashiongold.lt\/shop-2\/"},{"@type":"ListItem","position":3,"name":"\u0160ampanie\u0161a dvesma \u2013 balt\u0101 zelta kulons ar dimantiem (0,30 ct)"}]},{"@type":"WebSite","@id":"https:\/\/fashiongold.lt\/lv\/#website","url":"https:\/\/fashiongold.lt\/lv\/","name":"Fashion Gold","description":"Juvelyrikos namai","publisher":{"@id":"https:\/\/fashiongold.lt\/lv\/#organization"},"potentialAction":[{"@type":"SearchAction","target":{"@type":"EntryPoint","urlTemplate":"https:\/\/fashiongold.lt\/lv\/?s={search_term_string}"},"query-input":{"@type":"PropertyValueSpecification","valueRequired":true,"valueName":"search_term_string"}}],"inLanguage":"lv-LV"},{"@type":"Organization","@id":"https:\/\/fashiongold.lt\/lv\/#organization","name":"Topdiamonds Online","url":"https:\/\/fashiongold.lt\/lv\/","logo":{"@type":"ImageObject","inLanguage":"lv-LV","@id":"https:\/\/fashiongold.lt\/lv\/#\/schema\/logo\/image\/","url":"https:\/\/fashiongold.lt\/wp-content\/uploads\/2025\/04\/cropped-fashion_gold_logotipas2-scaled-1.png","contentUrl":"https:\/\/fashiongold.lt\/wp-content\/uploads\/2025\/04\/cropped-fashion_gold_logotipas2-scaled-1.png","width":2559,"height":421,"caption":"Topdiamonds Online"},"image":{"@id":"https:\/\/fashiongold.lt\/lv\/#\/schema\/logo\/image\/"}}]}},"_links":{"self":[{"href":"https:\/\/fashiongold.lt\/lv\/wp-json\/wp\/v2\/product\/293033","targetHints":{"allow":["GET"]}}],"collection":[{"href":"https:\/\/fashiongold.lt\/lv\/wp-json\/wp\/v2\/product"}],"about":[{"href":"https:\/\/fashiongold.lt\/lv\/wp-json\/wp\/v2\/types\/product"}],"version-history":[{"count":0,"href":"https:\/\/fashiongold.lt\/lv\/wp-json\/wp\/v2\/product\/293033\/revisions"}],"wp:featuredmedia":[{"embeddable":true,"href":"https:\/\/fashiongold.lt\/lv\/wp-json\/wp\/v2\/media\/75754"}],"wp:attachment":[{"href":"https:\/\/fashiongold.lt\/lv\/wp-json\/wp\/v2\/media?parent=293033"}],"wp:term":[{"taxonomy":"product_brand","embeddable":true,"href":"https:\/\/fashiongold.lt\/lv\/wp-json\/wp\/v2\/product_brand?post=293033"},{"taxonomy":"product_cat","embeddable":true,"href":"https:\/\/fashiongold.lt\/lv\/wp-json\/wp\/v2\/product_cat?post=293033"},{"taxonomy":"product_tag","embeddable":true,"href":"https:\/\/fashiongold.lt\/lv\/wp-json\/wp\/v2\/product_tag?post=293033"}],"curies":[{"name":"wp","href":"https:\/\/api.w.org\/{rel}","templated":true}]}}