{"id":293233,"date":"2025-10-09T21:28:17","date_gmt":"2025-10-09T21:28:17","guid":{"rendered":"https:\/\/fashiongold.lt\/papuosalas\/eleganta-sirsninas-perle-balta-zelta-kedite-ar-perli-un-kulons-ar-dimantu\/"},"modified":"2025-10-09T21:28:17","modified_gmt":"2025-10-09T21:28:17","slug":"eleganta-sirsninas-perle-balta-zelta-kedite-ar-perli-un-kulons-ar-dimantu","status":"publish","type":"product","link":"https:\/\/fashiongold.lt\/lv\/papuosalas\/eleganta-sirsninas-perle-balta-zelta-kedite-ar-perli-un-kulons-ar-dimantu\/","title":{"rendered":"Eleganta sirsni\u0146as p\u0113rle \u2013 balt\u0101 zelta \u0137\u0113d\u012bte ar p\u0113rli un kulons ar dimantu"},"content":{"rendered":"<p>Ra\u017eots Lietuv\u0101. Kulons var tikt izgatavots p\u0113c pas\u016bt\u012bjuma: no sarkan\u0101, dzelten\u0101 un balt\u0101 zelta.<\/p>\n<p>\u2022 Dimanta tips: Dab\u012bgs dimants<\/p>\n<p>\u2022 Dimanta forma: Apa\u013ca forma (Round cut)<\/p>\n<p>\u2022 Dimanta raksturojums: 0,01 ct Apa\u013cas formas, kr\u0101sa H-I(W-STW); dzidrums SI-P1<\/p>\n<p>\u2022 Sertifik\u0101ts: Lietuvas Proves pal\u0101ta (LPR) <\/p>\n<p>\u2022 Kulona zelts: 14K (585 prove) <\/p>\n<p>\u2022 Kulona kr\u0101sa: baltais zelts <\/p>\n<p>\u2022 Kulona svars: aptuveni 1,50-1,70 g <\/p>\n<p>\u2022 \u0136\u0113d\u012btes garums: regul\u0113jams 46 cm +3 cm<\/p>\n<p>\u2022 Kulona izm\u0113rs: garums 9 mm, augstums 8 mm<\/p>\n<p>\u2022 P\u0113rle: upes p\u0113rle.<\/p>\n","protected":false},"excerpt":{"rendered":"<p>Balt\u0101 zelta \u0137\u0113d\u012bte ar p\u0113rli un sirds formas kulons, ko rot\u0101 dimants. Ekskluz\u012bvs dizains, lieliska izv\u0113le ikdienai un \u012bpa\u0161iem gad\u012bjumiem.<\/p>\n","protected":false},"featured_media":73302,"template":"","meta":{"site-sidebar-layout":"","site-content-layout":"","ast-site-content-layout":"","site-content-style":"","site-sidebar-style":"","ast-global-header-display":"","ast-banner-title-visibility":"","ast-main-header-display":"","ast-hfb-above-header-display":"","ast-hfb-below-header-display":"","ast-hfb-mobile-header-display":"","site-post-title":"","ast-breadcrumbs-content":"","ast-featured-img":"","footer-sml-layout":"","ast-disable-related-posts":"","theme-transparent-header-meta":"","adv-header-id-meta":"","stick-header-meta":"","header-above-stick-meta":"","header-main-stick-meta":"","header-below-stick-meta":"","astra-migrate-meta-layouts":"default","ast-page-background-enabled":"default","ast-page-background-meta":{"desktop":{"background-color":"var(--ast-global-color-4)","background-image":"","background-repeat":"repeat","background-position":"center center","background-size":"auto","background-attachment":"scroll","background-type":"","background-media":"","overlay-type":"","overlay-color":"","overlay-opacity":"","overlay-gradient":""},"tablet":{"background-color":"","background-image":"","background-repeat":"repeat","background-position":"center center","background-size":"auto","background-attachment":"scroll","background-type":"","background-media":"","overlay-type":"","overlay-color":"","overlay-opacity":"","overlay-gradient":""},"mobile":{"background-color":"","background-image":"","background-repeat":"repeat","background-position":"center center","background-size":"auto","background-attachment":"scroll","background-type":"","background-media":"","overlay-type":"","overlay-color":"","overlay-opacity":"","overlay-gradient":""}},"ast-content-background-meta":{"desktop":{"background-color":"var(--ast-global-color-5)","background-image":"","background-repeat":"repeat","background-position":"center center","background-size":"auto","background-attachment":"scroll","background-type":"","background-media":"","overlay-type":"","overlay-color":"","overlay-opacity":"","overlay-gradient":""},"tablet":{"background-color":"var(--ast-global-color-5)","background-image":"","background-repeat":"repeat","background-position":"center center","background-size":"auto","background-attachment":"scroll","background-type":"","background-media":"","overlay-type":"","overlay-color":"","overlay-opacity":"","overlay-gradient":""},"mobile":{"background-color":"var(--ast-global-color-5)","background-image":"","background-repeat":"repeat","background-position":"center center","background-size":"auto","background-attachment":"scroll","background-type":"","background-media":"","overlay-type":"","overlay-color":"","overlay-opacity":"","overlay-gradient":""}}},"product_brand":[],"product_cat":[2919,3406,2915,2913,2921,2920,3403,2916,2914,3042,3492,3487,3490,3401,3028,2922,2982,2936,3029,3488,2918],"product_tag":[],"class_list":{"0":"post-293233","1":"product","2":"type-product","3":"status-publish","4":"has-post-thumbnail","6":"product_cat-baltzelta-rotaslietas","7":"product_cat-davana-pirmaja-komunija","8":"product_cat-davanas-berna-piedzimsanai","9":"product_cat-davanas-dzimsanas-diena","10":"product_cat-davanas-ipasiem-gadijumiem","11":"product_cat-davanas-izlaidumam","12":"product_cat-davanas-kazam","13":"product_cat-davanas-kazu-gadadiena","14":"product_cat-davanas-sievietem","15":"product_cat-juvelierizstradajumi","16":"product_cat-kedite-ar-dimantu","17":"product_cat-kedite-kristibam","18":"product_cat-kedites-ar-dimantiem","19":"product_cat-kristibu-davanas","20":"product_cat-kuloni-ar-dimantiem","21":"product_cat-mates-dienas-davanas","22":"product_cat-perles-juvelierizstradajumi-ar-perlem","23":"product_cat-valentindienas-davanas","24":"product_cat-zelta-kedite-ar-piekarinu-pec-horoskopa","25":"product_cat-zelta-kedite-meitenem","26":"product_cat-ziemassvetku-davanas","27":"desktop-align-center","28":"tablet-align-left","29":"mobile-align-left","30":"ast-product-gallery-layout-horizontal-slider","31":"ast-product-gallery-with-no-image","32":"ast-product-tabs-layout-accordion","33":"ast-qv-on-image","35":"first","36":"instock","37":"taxable","38":"shipping-taxable","39":"purchasable","40":"product-type-simple"},"yoast_head":"<!-- This site is optimized with the Yoast SEO plugin v26.6 - https:\/\/yoast.com\/wordpress\/plugins\/seo\/ -->\n<title>Balt\u0101 zelta \u0137\u0113d\u012bte ar p\u0113rli un kulons ar dimantu<\/title>\n<meta name=\"description\" content=\"Balt\u0101 zelta \u0137\u0113d\u012bte ar p\u0113rli un sirds formas kulons, kuru rot\u0101 dimants. Ekskluz\u012bvs dizains, lieliska izv\u0113le ikdienai un \u012bpa\u0161iem gad\u012bjumiem.\" \/>\n<meta name=\"robots\" content=\"index, follow, max-snippet:-1, max-image-preview:large, max-video-preview:-1\" \/>\n<link rel=\"canonical\" href=\"https:\/\/fashiongold.lt\/lv\/papuosalas\/eleganta-sirsninas-perle-balta-zelta-kedite-ar-perli-un-kulons-ar-dimantu\/\" \/>\n<meta property=\"og:locale\" content=\"lv_LV\" \/>\n<meta property=\"og:type\" content=\"article\" \/>\n<meta property=\"og:title\" content=\"Balt\u0101 zelta \u0137\u0113d\u012bte ar p\u0113rli un kulons ar dimantu\" \/>\n<meta property=\"og:description\" content=\"Balt\u0101 zelta \u0137\u0113d\u012bte ar p\u0113rli un sirds formas kulons, kuru rot\u0101 dimants. Ekskluz\u012bvs dizains, lieliska izv\u0113le ikdienai un \u012bpa\u0161iem gad\u012bjumiem.\" \/>\n<meta property=\"og:url\" content=\"https:\/\/fashiongold.lt\/lv\/papuosalas\/eleganta-sirsninas-perle-balta-zelta-kedite-ar-perli-un-kulons-ar-dimantu\/\" \/>\n<meta property=\"og:site_name\" content=\"FashionGold.lt\" \/>\n<meta property=\"og:image\" content=\"https:\/\/fashiongold.lt\/wp-content\/uploads\/2025\/10\/4912-281-Elegantiskas-sirdutes-perlas-balto-aukso-grandinele-su-perlu-ir-pakabukas-su-deimantu.webp\" \/>\n\t<meta property=\"og:image:width\" content=\"1000\" \/>\n\t<meta property=\"og:image:height\" content=\"1000\" \/>\n\t<meta property=\"og:image:type\" content=\"image\/jpeg\" \/>\n<meta name=\"twitter:card\" content=\"summary_large_image\" \/>\n<script type=\"application\/ld+json\" class=\"yoast-schema-graph\">{\"@context\":\"https:\/\/schema.org\",\"@graph\":[{\"@type\":\"WebPage\",\"@id\":\"https:\/\/fashiongold.lt\/lv\/papuosalas\/eleganta-sirsninas-perle-balta-zelta-kedite-ar-perli-un-kulons-ar-dimantu\/\",\"url\":\"https:\/\/fashiongold.lt\/lv\/papuosalas\/eleganta-sirsninas-perle-balta-zelta-kedite-ar-perli-un-kulons-ar-dimantu\/\",\"name\":\"Balt\u0101 zelta \u0137\u0113d\u012bte ar p\u0113rli un kulons ar dimantu\",\"isPartOf\":{\"@id\":\"https:\/\/fashiongold.lt\/lv\/#website\"},\"primaryImageOfPage\":{\"@id\":\"https:\/\/fashiongold.lt\/lv\/papuosalas\/eleganta-sirsninas-perle-balta-zelta-kedite-ar-perli-un-kulons-ar-dimantu\/#primaryimage\"},\"image\":{\"@id\":\"https:\/\/fashiongold.lt\/lv\/papuosalas\/eleganta-sirsninas-perle-balta-zelta-kedite-ar-perli-un-kulons-ar-dimantu\/#primaryimage\"},\"thumbnailUrl\":\"https:\/\/fashiongold.lt\/wp-content\/uploads\/2025\/10\/4912-281-Elegantiskas-sirdutes-perlas-balto-aukso-grandinele-su-perlu-ir-pakabukas-su-deimantu.jpg\",\"datePublished\":\"2025-10-09T21:28:17+00:00\",\"description\":\"Balt\u0101 zelta \u0137\u0113d\u012bte ar p\u0113rli un sirds formas kulons, kuru rot\u0101 dimants. Ekskluz\u012bvs dizains, lieliska izv\u0113le ikdienai un \u012bpa\u0161iem gad\u012bjumiem.\",\"breadcrumb\":{\"@id\":\"https:\/\/fashiongold.lt\/lv\/papuosalas\/eleganta-sirsninas-perle-balta-zelta-kedite-ar-perli-un-kulons-ar-dimantu\/#breadcrumb\"},\"inLanguage\":\"lv-LV\",\"potentialAction\":[{\"@type\":\"ReadAction\",\"target\":[\"https:\/\/fashiongold.lt\/lv\/papuosalas\/eleganta-sirsninas-perle-balta-zelta-kedite-ar-perli-un-kulons-ar-dimantu\/\"]}]},{\"@type\":\"ImageObject\",\"inLanguage\":\"lv-LV\",\"@id\":\"https:\/\/fashiongold.lt\/lv\/papuosalas\/eleganta-sirsninas-perle-balta-zelta-kedite-ar-perli-un-kulons-ar-dimantu\/#primaryimage\",\"url\":\"https:\/\/fashiongold.lt\/wp-content\/uploads\/2025\/10\/4912-281-Elegantiskas-sirdutes-perlas-balto-aukso-grandinele-su-perlu-ir-pakabukas-su-deimantu.jpg\",\"contentUrl\":\"https:\/\/fashiongold.lt\/wp-content\/uploads\/2025\/10\/4912-281-Elegantiskas-sirdutes-perlas-balto-aukso-grandinele-su-perlu-ir-pakabukas-su-deimantu.jpg\",\"width\":1000,\"height\":1000},{\"@type\":\"BreadcrumbList\",\"@id\":\"https:\/\/fashiongold.lt\/lv\/papuosalas\/eleganta-sirsninas-perle-balta-zelta-kedite-ar-perli-un-kulons-ar-dimantu\/#breadcrumb\",\"itemListElement\":[{\"@type\":\"ListItem\",\"position\":1,\"name\":\"Home\",\"item\":\"https:\/\/fashiongold.lt\/lv\/\"},{\"@type\":\"ListItem\",\"position\":2,\"name\":\"Dimantu veikals Fashiongold.lt\",\"item\":\"https:\/\/fashiongold.lt\/shop-2\/\"},{\"@type\":\"ListItem\",\"position\":3,\"name\":\"Eleganta sirsni\u0146as p\u0113rle \u2013 balt\u0101 zelta \u0137\u0113d\u012bte ar p\u0113rli un kulons ar dimantu\"}]},{\"@type\":\"WebSite\",\"@id\":\"https:\/\/fashiongold.lt\/lv\/#website\",\"url\":\"https:\/\/fashiongold.lt\/lv\/\",\"name\":\"Fashion Gold\",\"description\":\"Juvelyrikos namai\",\"publisher\":{\"@id\":\"https:\/\/fashiongold.lt\/lv\/#organization\"},\"potentialAction\":[{\"@type\":\"SearchAction\",\"target\":{\"@type\":\"EntryPoint\",\"urlTemplate\":\"https:\/\/fashiongold.lt\/lv\/?s={search_term_string}\"},\"query-input\":{\"@type\":\"PropertyValueSpecification\",\"valueRequired\":true,\"valueName\":\"search_term_string\"}}],\"inLanguage\":\"lv-LV\"},{\"@type\":\"Organization\",\"@id\":\"https:\/\/fashiongold.lt\/lv\/#organization\",\"name\":\"Topdiamonds Online\",\"url\":\"https:\/\/fashiongold.lt\/lv\/\",\"logo\":{\"@type\":\"ImageObject\",\"inLanguage\":\"lv-LV\",\"@id\":\"https:\/\/fashiongold.lt\/lv\/#\/schema\/logo\/image\/\",\"url\":\"https:\/\/fashiongold.lt\/wp-content\/uploads\/2025\/04\/cropped-fashion_gold_logotipas2-scaled-1.png\",\"contentUrl\":\"https:\/\/fashiongold.lt\/wp-content\/uploads\/2025\/04\/cropped-fashion_gold_logotipas2-scaled-1.png\",\"width\":2559,\"height\":421,\"caption\":\"Topdiamonds Online\"},\"image\":{\"@id\":\"https:\/\/fashiongold.lt\/lv\/#\/schema\/logo\/image\/\"}}]}<\/script>\n<!-- \/ Yoast SEO plugin. -->","yoast_head_json":{"title":"Balt\u0101 zelta \u0137\u0113d\u012bte ar p\u0113rli un kulons ar dimantu","description":"Balt\u0101 zelta \u0137\u0113d\u012bte ar p\u0113rli un sirds formas kulons, kuru rot\u0101 dimants. Ekskluz\u012bvs dizains, lieliska izv\u0113le ikdienai un \u012bpa\u0161iem gad\u012bjumiem.","robots":{"index":"index","follow":"follow","max-snippet":"max-snippet:-1","max-image-preview":"max-image-preview:large","max-video-preview":"max-video-preview:-1"},"canonical":"https:\/\/fashiongold.lt\/lv\/papuosalas\/eleganta-sirsninas-perle-balta-zelta-kedite-ar-perli-un-kulons-ar-dimantu\/","og_locale":"lv_LV","og_type":"article","og_title":"Balt\u0101 zelta \u0137\u0113d\u012bte ar p\u0113rli un kulons ar dimantu","og_description":"Balt\u0101 zelta \u0137\u0113d\u012bte ar p\u0113rli un sirds formas kulons, kuru rot\u0101 dimants. Ekskluz\u012bvs dizains, lieliska izv\u0113le ikdienai un \u012bpa\u0161iem gad\u012bjumiem.","og_url":"https:\/\/fashiongold.lt\/lv\/papuosalas\/eleganta-sirsninas-perle-balta-zelta-kedite-ar-perli-un-kulons-ar-dimantu\/","og_site_name":"FashionGold.lt","og_image":[{"width":1000,"height":1000,"url":"https:\/\/fashiongold.lt\/wp-content\/uploads\/2025\/10\/4912-281-Elegantiskas-sirdutes-perlas-balto-aukso-grandinele-su-perlu-ir-pakabukas-su-deimantu.webp","type":"image\/jpeg"}],"twitter_card":"summary_large_image","schema":{"@context":"https:\/\/schema.org","@graph":[{"@type":"WebPage","@id":"https:\/\/fashiongold.lt\/lv\/papuosalas\/eleganta-sirsninas-perle-balta-zelta-kedite-ar-perli-un-kulons-ar-dimantu\/","url":"https:\/\/fashiongold.lt\/lv\/papuosalas\/eleganta-sirsninas-perle-balta-zelta-kedite-ar-perli-un-kulons-ar-dimantu\/","name":"Balt\u0101 zelta \u0137\u0113d\u012bte ar p\u0113rli un kulons ar dimantu","isPartOf":{"@id":"https:\/\/fashiongold.lt\/lv\/#website"},"primaryImageOfPage":{"@id":"https:\/\/fashiongold.lt\/lv\/papuosalas\/eleganta-sirsninas-perle-balta-zelta-kedite-ar-perli-un-kulons-ar-dimantu\/#primaryimage"},"image":{"@id":"https:\/\/fashiongold.lt\/lv\/papuosalas\/eleganta-sirsninas-perle-balta-zelta-kedite-ar-perli-un-kulons-ar-dimantu\/#primaryimage"},"thumbnailUrl":"https:\/\/fashiongold.lt\/wp-content\/uploads\/2025\/10\/4912-281-Elegantiskas-sirdutes-perlas-balto-aukso-grandinele-su-perlu-ir-pakabukas-su-deimantu.jpg","datePublished":"2025-10-09T21:28:17+00:00","description":"Balt\u0101 zelta \u0137\u0113d\u012bte ar p\u0113rli un sirds formas kulons, kuru rot\u0101 dimants. Ekskluz\u012bvs dizains, lieliska izv\u0113le ikdienai un \u012bpa\u0161iem gad\u012bjumiem.","breadcrumb":{"@id":"https:\/\/fashiongold.lt\/lv\/papuosalas\/eleganta-sirsninas-perle-balta-zelta-kedite-ar-perli-un-kulons-ar-dimantu\/#breadcrumb"},"inLanguage":"lv-LV","potentialAction":[{"@type":"ReadAction","target":["https:\/\/fashiongold.lt\/lv\/papuosalas\/eleganta-sirsninas-perle-balta-zelta-kedite-ar-perli-un-kulons-ar-dimantu\/"]}]},{"@type":"ImageObject","inLanguage":"lv-LV","@id":"https:\/\/fashiongold.lt\/lv\/papuosalas\/eleganta-sirsninas-perle-balta-zelta-kedite-ar-perli-un-kulons-ar-dimantu\/#primaryimage","url":"https:\/\/fashiongold.lt\/wp-content\/uploads\/2025\/10\/4912-281-Elegantiskas-sirdutes-perlas-balto-aukso-grandinele-su-perlu-ir-pakabukas-su-deimantu.jpg","contentUrl":"https:\/\/fashiongold.lt\/wp-content\/uploads\/2025\/10\/4912-281-Elegantiskas-sirdutes-perlas-balto-aukso-grandinele-su-perlu-ir-pakabukas-su-deimantu.jpg","width":1000,"height":1000},{"@type":"BreadcrumbList","@id":"https:\/\/fashiongold.lt\/lv\/papuosalas\/eleganta-sirsninas-perle-balta-zelta-kedite-ar-perli-un-kulons-ar-dimantu\/#breadcrumb","itemListElement":[{"@type":"ListItem","position":1,"name":"Home","item":"https:\/\/fashiongold.lt\/lv\/"},{"@type":"ListItem","position":2,"name":"Dimantu veikals Fashiongold.lt","item":"https:\/\/fashiongold.lt\/shop-2\/"},{"@type":"ListItem","position":3,"name":"Eleganta sirsni\u0146as p\u0113rle \u2013 balt\u0101 zelta \u0137\u0113d\u012bte ar p\u0113rli un kulons ar dimantu"}]},{"@type":"WebSite","@id":"https:\/\/fashiongold.lt\/lv\/#website","url":"https:\/\/fashiongold.lt\/lv\/","name":"Fashion Gold","description":"Juvelyrikos namai","publisher":{"@id":"https:\/\/fashiongold.lt\/lv\/#organization"},"potentialAction":[{"@type":"SearchAction","target":{"@type":"EntryPoint","urlTemplate":"https:\/\/fashiongold.lt\/lv\/?s={search_term_string}"},"query-input":{"@type":"PropertyValueSpecification","valueRequired":true,"valueName":"search_term_string"}}],"inLanguage":"lv-LV"},{"@type":"Organization","@id":"https:\/\/fashiongold.lt\/lv\/#organization","name":"Topdiamonds Online","url":"https:\/\/fashiongold.lt\/lv\/","logo":{"@type":"ImageObject","inLanguage":"lv-LV","@id":"https:\/\/fashiongold.lt\/lv\/#\/schema\/logo\/image\/","url":"https:\/\/fashiongold.lt\/wp-content\/uploads\/2025\/04\/cropped-fashion_gold_logotipas2-scaled-1.png","contentUrl":"https:\/\/fashiongold.lt\/wp-content\/uploads\/2025\/04\/cropped-fashion_gold_logotipas2-scaled-1.png","width":2559,"height":421,"caption":"Topdiamonds Online"},"image":{"@id":"https:\/\/fashiongold.lt\/lv\/#\/schema\/logo\/image\/"}}]}},"_links":{"self":[{"href":"https:\/\/fashiongold.lt\/lv\/wp-json\/wp\/v2\/product\/293233","targetHints":{"allow":["GET"]}}],"collection":[{"href":"https:\/\/fashiongold.lt\/lv\/wp-json\/wp\/v2\/product"}],"about":[{"href":"https:\/\/fashiongold.lt\/lv\/wp-json\/wp\/v2\/types\/product"}],"version-history":[{"count":0,"href":"https:\/\/fashiongold.lt\/lv\/wp-json\/wp\/v2\/product\/293233\/revisions"}],"wp:featuredmedia":[{"embeddable":true,"href":"https:\/\/fashiongold.lt\/lv\/wp-json\/wp\/v2\/media\/73302"}],"wp:attachment":[{"href":"https:\/\/fashiongold.lt\/lv\/wp-json\/wp\/v2\/media?parent=293233"}],"wp:term":[{"taxonomy":"product_brand","embeddable":true,"href":"https:\/\/fashiongold.lt\/lv\/wp-json\/wp\/v2\/product_brand?post=293233"},{"taxonomy":"product_cat","embeddable":true,"href":"https:\/\/fashiongold.lt\/lv\/wp-json\/wp\/v2\/product_cat?post=293233"},{"taxonomy":"product_tag","embeddable":true,"href":"https:\/\/fashiongold.lt\/lv\/wp-json\/wp\/v2\/product_tag?post=293233"}],"curies":[{"name":"wp","href":"https:\/\/api.w.org\/{rel}","templated":true}]}}