{"id":293338,"date":"2025-10-09T21:25:59","date_gmt":"2025-10-09T21:25:59","guid":{"rendered":"https:\/\/fashiongold.lt\/papuosalas\/trio-brilliance-dzeltena-zelta-kedite-un-kulons-ar-tris-dimantiem\/"},"modified":"2025-10-09T21:25:59","modified_gmt":"2025-10-09T21:25:59","slug":"trio-brilliance-dzeltena-zelta-kedite-un-kulons-ar-tris-dimantiem","status":"publish","type":"product","link":"https:\/\/fashiongold.lt\/lv\/papuosalas\/trio-brilliance-dzeltena-zelta-kedite-un-kulons-ar-tris-dimantiem\/","title":{"rendered":"Trio Brilliance \u2013 dzelten\u0101 zelta \u0137\u0113d\u012bte un kulons ar tr\u012bs dimantiem"},"content":{"rendered":"<p>Ra\u017eots Lietuv\u0101. Kulons var tikt izgatavots p\u0113c pas\u016bt\u012bjuma: no sarkan\u0101, dzelten\u0101 un balt\u0101 zelta.<\/p>\n<p>\u2022 Dimanta veids: Dab\u012bgs dimants<\/p>\n<p>\u2022 Dimanta forma: Apa\u013ca forma (Round cut)<\/p>\n<p>\u2022 Dimanta raksturojums: 0,045 ct Apa\u013cas formas, kr\u0101sa H-I(W-STW); dzidrums SI-P1<\/p>\n<p>\u2022 Sertifik\u0101ts: Lietuvas Proves birojs (LPR) <\/p>\n<p>\u2022 Kulona zelts: 14K (585 prove) <\/p>\n<p>\u2022 Kulona kr\u0101sa: dzeltenais zelts <\/p>\n<p>\u2022 Kulona svars: aptuveni 1,60\u20131,80 g <\/p>\n<p>\u2022 \u0136\u0113d\u012btes garums: regul\u0113jams 42\u201345 cm<\/p>\n<p>\u2022 Kulona izm\u0113rs: 15 mm.<\/p>\n","protected":false},"excerpt":{"rendered":"<p>Dzelten\u0101 zelta \u0137\u0113d\u012bte ar apa\u013cas formas kulonu ar tr\u012bs mirdzo\u0161iem dimantiem. Ide\u0101la izv\u0113le ikdienai un \u012bpa\u0161iem gad\u012bjumiem.<\/p>\n","protected":false},"featured_media":72583,"template":"","meta":{"site-sidebar-layout":"","site-content-layout":"","ast-site-content-layout":"","site-content-style":"","site-sidebar-style":"","ast-global-header-display":"","ast-banner-title-visibility":"","ast-main-header-display":"","ast-hfb-above-header-display":"","ast-hfb-below-header-display":"","ast-hfb-mobile-header-display":"","site-post-title":"","ast-breadcrumbs-content":"","ast-featured-img":"","footer-sml-layout":"","ast-disable-related-posts":"","theme-transparent-header-meta":"","adv-header-id-meta":"","stick-header-meta":"","header-above-stick-meta":"","header-main-stick-meta":"","header-below-stick-meta":"","astra-migrate-meta-layouts":"default","ast-page-background-enabled":"default","ast-page-background-meta":{"desktop":{"background-color":"var(--ast-global-color-4)","background-image":"","background-repeat":"repeat","background-position":"center center","background-size":"auto","background-attachment":"scroll","background-type":"","background-media":"","overlay-type":"","overlay-color":"","overlay-opacity":"","overlay-gradient":""},"tablet":{"background-color":"","background-image":"","background-repeat":"repeat","background-position":"center center","background-size":"auto","background-attachment":"scroll","background-type":"","background-media":"","overlay-type":"","overlay-color":"","overlay-opacity":"","overlay-gradient":""},"mobile":{"background-color":"","background-image":"","background-repeat":"repeat","background-position":"center center","background-size":"auto","background-attachment":"scroll","background-type":"","background-media":"","overlay-type":"","overlay-color":"","overlay-opacity":"","overlay-gradient":""}},"ast-content-background-meta":{"desktop":{"background-color":"var(--ast-global-color-5)","background-image":"","background-repeat":"repeat","background-position":"center center","background-size":"auto","background-attachment":"scroll","background-type":"","background-media":"","overlay-type":"","overlay-color":"","overlay-opacity":"","overlay-gradient":""},"tablet":{"background-color":"var(--ast-global-color-5)","background-image":"","background-repeat":"repeat","background-position":"center center","background-size":"auto","background-attachment":"scroll","background-type":"","background-media":"","overlay-type":"","overlay-color":"","overlay-opacity":"","overlay-gradient":""},"mobile":{"background-color":"var(--ast-global-color-5)","background-image":"","background-repeat":"repeat","background-position":"center center","background-size":"auto","background-attachment":"scroll","background-type":"","background-media":"","overlay-type":"","overlay-color":"","overlay-opacity":"","overlay-gradient":""}}},"product_brand":[],"product_cat":[3406,2915,2913,2921,2920,3403,2916,2914,2923,3042,3492,3487,3490,3401,3028,2922,2936,3029,3488,2918],"product_tag":[],"class_list":{"0":"post-293338","1":"product","2":"type-product","3":"status-publish","4":"has-post-thumbnail","6":"product_cat-davana-pirmaja-komunija","7":"product_cat-davanas-berna-piedzimsanai","8":"product_cat-davanas-dzimsanas-diena","9":"product_cat-davanas-ipasiem-gadijumiem","10":"product_cat-davanas-izlaidumam","11":"product_cat-davanas-kazam","12":"product_cat-davanas-kazu-gadadiena","13":"product_cat-davanas-sievietem","14":"product_cat-dzeltena-zelta-juvelierizstradajumi","15":"product_cat-juvelierizstradajumi","16":"product_cat-kedite-ar-dimantu","17":"product_cat-kedite-kristibam","18":"product_cat-kedites-ar-dimantiem","19":"product_cat-kristibu-davanas","20":"product_cat-kuloni-ar-dimantiem","21":"product_cat-mates-dienas-davanas","22":"product_cat-valentindienas-davanas","23":"product_cat-zelta-kedite-ar-piekarinu-pec-horoskopa","24":"product_cat-zelta-kedite-meitenem","25":"product_cat-ziemassvetku-davanas","26":"desktop-align-center","27":"tablet-align-left","28":"mobile-align-left","29":"ast-product-gallery-layout-horizontal-slider","30":"ast-product-gallery-with-no-image","31":"ast-product-tabs-layout-accordion","32":"ast-qv-on-image","34":"first","35":"instock","36":"taxable","37":"shipping-taxable","38":"purchasable","39":"product-type-simple"},"yoast_head":"<!-- This site is optimized with the Yoast SEO plugin v26.6 - https:\/\/yoast.com\/wordpress\/plugins\/seo\/ -->\n<title>Dzelten\u0101 zelta \u0137\u0113d\u012bte un kulons ar trim dimantiem<\/title>\n<meta name=\"description\" content=\"Dzelten\u0101 zelta \u0137\u0113d\u012bte ar apa\u013cas formas kulonu un tr\u012bs mirdzo\u0161iem dimantiem. Ide\u0101la izv\u0113le ikdienai un \u012bpa\u0161iem gad\u012bjumiem. Bezmaksas pieg\u0101de.\" \/>\n<meta name=\"robots\" content=\"index, follow, max-snippet:-1, max-image-preview:large, max-video-preview:-1\" \/>\n<link rel=\"canonical\" href=\"https:\/\/fashiongold.lt\/lv\/papuosalas\/trio-brilliance-dzeltena-zelta-kedite-un-kulons-ar-tris-dimantiem\/\" \/>\n<meta property=\"og:locale\" content=\"lv_LV\" \/>\n<meta property=\"og:type\" content=\"article\" \/>\n<meta property=\"og:title\" content=\"Dzelten\u0101 zelta \u0137\u0113d\u012bte un kulons ar trim dimantiem\" \/>\n<meta property=\"og:description\" content=\"Dzelten\u0101 zelta \u0137\u0113d\u012bte ar apa\u013cas formas kulonu un tr\u012bs mirdzo\u0161iem dimantiem. Ide\u0101la izv\u0113le ikdienai un \u012bpa\u0161iem gad\u012bjumiem. Bezmaksas pieg\u0101de.\" \/>\n<meta property=\"og:url\" content=\"https:\/\/fashiongold.lt\/lv\/papuosalas\/trio-brilliance-dzeltena-zelta-kedite-un-kulons-ar-tris-dimantiem\/\" \/>\n<meta property=\"og:site_name\" content=\"FashionGold.lt\" \/>\n<meta property=\"og:image\" content=\"https:\/\/fashiongold.lt\/wp-content\/uploads\/2025\/10\/4503-471-geltono-aukso-grandinele-ir-pakabukas-su-trimis-deimantais.webp\" \/>\n\t<meta property=\"og:image:width\" content=\"1000\" \/>\n\t<meta property=\"og:image:height\" content=\"1000\" \/>\n\t<meta property=\"og:image:type\" content=\"image\/jpeg\" \/>\n<meta name=\"twitter:card\" content=\"summary_large_image\" \/>\n<script type=\"application\/ld+json\" class=\"yoast-schema-graph\">{\"@context\":\"https:\/\/schema.org\",\"@graph\":[{\"@type\":\"WebPage\",\"@id\":\"https:\/\/fashiongold.lt\/lv\/papuosalas\/trio-brilliance-dzeltena-zelta-kedite-un-kulons-ar-tris-dimantiem\/\",\"url\":\"https:\/\/fashiongold.lt\/lv\/papuosalas\/trio-brilliance-dzeltena-zelta-kedite-un-kulons-ar-tris-dimantiem\/\",\"name\":\"Dzelten\u0101 zelta \u0137\u0113d\u012bte un kulons ar trim dimantiem\",\"isPartOf\":{\"@id\":\"https:\/\/fashiongold.lt\/lv\/#website\"},\"primaryImageOfPage\":{\"@id\":\"https:\/\/fashiongold.lt\/lv\/papuosalas\/trio-brilliance-dzeltena-zelta-kedite-un-kulons-ar-tris-dimantiem\/#primaryimage\"},\"image\":{\"@id\":\"https:\/\/fashiongold.lt\/lv\/papuosalas\/trio-brilliance-dzeltena-zelta-kedite-un-kulons-ar-tris-dimantiem\/#primaryimage\"},\"thumbnailUrl\":\"https:\/\/fashiongold.lt\/wp-content\/uploads\/2025\/10\/4503-471-geltono-aukso-grandinele-ir-pakabukas-su-trimis-deimantais.jpg\",\"datePublished\":\"2025-10-09T21:25:59+00:00\",\"description\":\"Dzelten\u0101 zelta \u0137\u0113d\u012bte ar apa\u013cas formas kulonu un tr\u012bs mirdzo\u0161iem dimantiem. Ide\u0101la izv\u0113le ikdienai un \u012bpa\u0161iem gad\u012bjumiem. Bezmaksas pieg\u0101de.\",\"breadcrumb\":{\"@id\":\"https:\/\/fashiongold.lt\/lv\/papuosalas\/trio-brilliance-dzeltena-zelta-kedite-un-kulons-ar-tris-dimantiem\/#breadcrumb\"},\"inLanguage\":\"lv-LV\",\"potentialAction\":[{\"@type\":\"ReadAction\",\"target\":[\"https:\/\/fashiongold.lt\/lv\/papuosalas\/trio-brilliance-dzeltena-zelta-kedite-un-kulons-ar-tris-dimantiem\/\"]}]},{\"@type\":\"ImageObject\",\"inLanguage\":\"lv-LV\",\"@id\":\"https:\/\/fashiongold.lt\/lv\/papuosalas\/trio-brilliance-dzeltena-zelta-kedite-un-kulons-ar-tris-dimantiem\/#primaryimage\",\"url\":\"https:\/\/fashiongold.lt\/wp-content\/uploads\/2025\/10\/4503-471-geltono-aukso-grandinele-ir-pakabukas-su-trimis-deimantais.jpg\",\"contentUrl\":\"https:\/\/fashiongold.lt\/wp-content\/uploads\/2025\/10\/4503-471-geltono-aukso-grandinele-ir-pakabukas-su-trimis-deimantais.jpg\",\"width\":1000,\"height\":1000},{\"@type\":\"BreadcrumbList\",\"@id\":\"https:\/\/fashiongold.lt\/lv\/papuosalas\/trio-brilliance-dzeltena-zelta-kedite-un-kulons-ar-tris-dimantiem\/#breadcrumb\",\"itemListElement\":[{\"@type\":\"ListItem\",\"position\":1,\"name\":\"Home\",\"item\":\"https:\/\/fashiongold.lt\/lv\/\"},{\"@type\":\"ListItem\",\"position\":2,\"name\":\"Dimantu veikals Fashiongold.lt\",\"item\":\"https:\/\/fashiongold.lt\/shop-2\/\"},{\"@type\":\"ListItem\",\"position\":3,\"name\":\"Trio Brilliance \u2013 dzelten\u0101 zelta \u0137\u0113d\u012bte un kulons ar tr\u012bs dimantiem\"}]},{\"@type\":\"WebSite\",\"@id\":\"https:\/\/fashiongold.lt\/lv\/#website\",\"url\":\"https:\/\/fashiongold.lt\/lv\/\",\"name\":\"Fashion Gold\",\"description\":\"Juvelyrikos namai\",\"publisher\":{\"@id\":\"https:\/\/fashiongold.lt\/lv\/#organization\"},\"potentialAction\":[{\"@type\":\"SearchAction\",\"target\":{\"@type\":\"EntryPoint\",\"urlTemplate\":\"https:\/\/fashiongold.lt\/lv\/?s={search_term_string}\"},\"query-input\":{\"@type\":\"PropertyValueSpecification\",\"valueRequired\":true,\"valueName\":\"search_term_string\"}}],\"inLanguage\":\"lv-LV\"},{\"@type\":\"Organization\",\"@id\":\"https:\/\/fashiongold.lt\/lv\/#organization\",\"name\":\"Topdiamonds Online\",\"url\":\"https:\/\/fashiongold.lt\/lv\/\",\"logo\":{\"@type\":\"ImageObject\",\"inLanguage\":\"lv-LV\",\"@id\":\"https:\/\/fashiongold.lt\/lv\/#\/schema\/logo\/image\/\",\"url\":\"https:\/\/fashiongold.lt\/wp-content\/uploads\/2025\/04\/cropped-fashion_gold_logotipas2-scaled-1.png\",\"contentUrl\":\"https:\/\/fashiongold.lt\/wp-content\/uploads\/2025\/04\/cropped-fashion_gold_logotipas2-scaled-1.png\",\"width\":2559,\"height\":421,\"caption\":\"Topdiamonds Online\"},\"image\":{\"@id\":\"https:\/\/fashiongold.lt\/lv\/#\/schema\/logo\/image\/\"}}]}<\/script>\n<!-- \/ Yoast SEO plugin. -->","yoast_head_json":{"title":"Dzelten\u0101 zelta \u0137\u0113d\u012bte un kulons ar trim dimantiem","description":"Dzelten\u0101 zelta \u0137\u0113d\u012bte ar apa\u013cas formas kulonu un tr\u012bs mirdzo\u0161iem dimantiem. Ide\u0101la izv\u0113le ikdienai un \u012bpa\u0161iem gad\u012bjumiem. Bezmaksas pieg\u0101de.","robots":{"index":"index","follow":"follow","max-snippet":"max-snippet:-1","max-image-preview":"max-image-preview:large","max-video-preview":"max-video-preview:-1"},"canonical":"https:\/\/fashiongold.lt\/lv\/papuosalas\/trio-brilliance-dzeltena-zelta-kedite-un-kulons-ar-tris-dimantiem\/","og_locale":"lv_LV","og_type":"article","og_title":"Dzelten\u0101 zelta \u0137\u0113d\u012bte un kulons ar trim dimantiem","og_description":"Dzelten\u0101 zelta \u0137\u0113d\u012bte ar apa\u013cas formas kulonu un tr\u012bs mirdzo\u0161iem dimantiem. Ide\u0101la izv\u0113le ikdienai un \u012bpa\u0161iem gad\u012bjumiem. Bezmaksas pieg\u0101de.","og_url":"https:\/\/fashiongold.lt\/lv\/papuosalas\/trio-brilliance-dzeltena-zelta-kedite-un-kulons-ar-tris-dimantiem\/","og_site_name":"FashionGold.lt","og_image":[{"width":1000,"height":1000,"url":"https:\/\/fashiongold.lt\/wp-content\/uploads\/2025\/10\/4503-471-geltono-aukso-grandinele-ir-pakabukas-su-trimis-deimantais.webp","type":"image\/jpeg"}],"twitter_card":"summary_large_image","schema":{"@context":"https:\/\/schema.org","@graph":[{"@type":"WebPage","@id":"https:\/\/fashiongold.lt\/lv\/papuosalas\/trio-brilliance-dzeltena-zelta-kedite-un-kulons-ar-tris-dimantiem\/","url":"https:\/\/fashiongold.lt\/lv\/papuosalas\/trio-brilliance-dzeltena-zelta-kedite-un-kulons-ar-tris-dimantiem\/","name":"Dzelten\u0101 zelta \u0137\u0113d\u012bte un kulons ar trim dimantiem","isPartOf":{"@id":"https:\/\/fashiongold.lt\/lv\/#website"},"primaryImageOfPage":{"@id":"https:\/\/fashiongold.lt\/lv\/papuosalas\/trio-brilliance-dzeltena-zelta-kedite-un-kulons-ar-tris-dimantiem\/#primaryimage"},"image":{"@id":"https:\/\/fashiongold.lt\/lv\/papuosalas\/trio-brilliance-dzeltena-zelta-kedite-un-kulons-ar-tris-dimantiem\/#primaryimage"},"thumbnailUrl":"https:\/\/fashiongold.lt\/wp-content\/uploads\/2025\/10\/4503-471-geltono-aukso-grandinele-ir-pakabukas-su-trimis-deimantais.jpg","datePublished":"2025-10-09T21:25:59+00:00","description":"Dzelten\u0101 zelta \u0137\u0113d\u012bte ar apa\u013cas formas kulonu un tr\u012bs mirdzo\u0161iem dimantiem. Ide\u0101la izv\u0113le ikdienai un \u012bpa\u0161iem gad\u012bjumiem. Bezmaksas pieg\u0101de.","breadcrumb":{"@id":"https:\/\/fashiongold.lt\/lv\/papuosalas\/trio-brilliance-dzeltena-zelta-kedite-un-kulons-ar-tris-dimantiem\/#breadcrumb"},"inLanguage":"lv-LV","potentialAction":[{"@type":"ReadAction","target":["https:\/\/fashiongold.lt\/lv\/papuosalas\/trio-brilliance-dzeltena-zelta-kedite-un-kulons-ar-tris-dimantiem\/"]}]},{"@type":"ImageObject","inLanguage":"lv-LV","@id":"https:\/\/fashiongold.lt\/lv\/papuosalas\/trio-brilliance-dzeltena-zelta-kedite-un-kulons-ar-tris-dimantiem\/#primaryimage","url":"https:\/\/fashiongold.lt\/wp-content\/uploads\/2025\/10\/4503-471-geltono-aukso-grandinele-ir-pakabukas-su-trimis-deimantais.jpg","contentUrl":"https:\/\/fashiongold.lt\/wp-content\/uploads\/2025\/10\/4503-471-geltono-aukso-grandinele-ir-pakabukas-su-trimis-deimantais.jpg","width":1000,"height":1000},{"@type":"BreadcrumbList","@id":"https:\/\/fashiongold.lt\/lv\/papuosalas\/trio-brilliance-dzeltena-zelta-kedite-un-kulons-ar-tris-dimantiem\/#breadcrumb","itemListElement":[{"@type":"ListItem","position":1,"name":"Home","item":"https:\/\/fashiongold.lt\/lv\/"},{"@type":"ListItem","position":2,"name":"Dimantu veikals Fashiongold.lt","item":"https:\/\/fashiongold.lt\/shop-2\/"},{"@type":"ListItem","position":3,"name":"Trio Brilliance \u2013 dzelten\u0101 zelta \u0137\u0113d\u012bte un kulons ar tr\u012bs dimantiem"}]},{"@type":"WebSite","@id":"https:\/\/fashiongold.lt\/lv\/#website","url":"https:\/\/fashiongold.lt\/lv\/","name":"Fashion Gold","description":"Juvelyrikos namai","publisher":{"@id":"https:\/\/fashiongold.lt\/lv\/#organization"},"potentialAction":[{"@type":"SearchAction","target":{"@type":"EntryPoint","urlTemplate":"https:\/\/fashiongold.lt\/lv\/?s={search_term_string}"},"query-input":{"@type":"PropertyValueSpecification","valueRequired":true,"valueName":"search_term_string"}}],"inLanguage":"lv-LV"},{"@type":"Organization","@id":"https:\/\/fashiongold.lt\/lv\/#organization","name":"Topdiamonds Online","url":"https:\/\/fashiongold.lt\/lv\/","logo":{"@type":"ImageObject","inLanguage":"lv-LV","@id":"https:\/\/fashiongold.lt\/lv\/#\/schema\/logo\/image\/","url":"https:\/\/fashiongold.lt\/wp-content\/uploads\/2025\/04\/cropped-fashion_gold_logotipas2-scaled-1.png","contentUrl":"https:\/\/fashiongold.lt\/wp-content\/uploads\/2025\/04\/cropped-fashion_gold_logotipas2-scaled-1.png","width":2559,"height":421,"caption":"Topdiamonds Online"},"image":{"@id":"https:\/\/fashiongold.lt\/lv\/#\/schema\/logo\/image\/"}}]}},"_links":{"self":[{"href":"https:\/\/fashiongold.lt\/lv\/wp-json\/wp\/v2\/product\/293338","targetHints":{"allow":["GET"]}}],"collection":[{"href":"https:\/\/fashiongold.lt\/lv\/wp-json\/wp\/v2\/product"}],"about":[{"href":"https:\/\/fashiongold.lt\/lv\/wp-json\/wp\/v2\/types\/product"}],"version-history":[{"count":0,"href":"https:\/\/fashiongold.lt\/lv\/wp-json\/wp\/v2\/product\/293338\/revisions"}],"wp:featuredmedia":[{"embeddable":true,"href":"https:\/\/fashiongold.lt\/lv\/wp-json\/wp\/v2\/media\/72583"}],"wp:attachment":[{"href":"https:\/\/fashiongold.lt\/lv\/wp-json\/wp\/v2\/media?parent=293338"}],"wp:term":[{"taxonomy":"product_brand","embeddable":true,"href":"https:\/\/fashiongold.lt\/lv\/wp-json\/wp\/v2\/product_brand?post=293338"},{"taxonomy":"product_cat","embeddable":true,"href":"https:\/\/fashiongold.lt\/lv\/wp-json\/wp\/v2\/product_cat?post=293338"},{"taxonomy":"product_tag","embeddable":true,"href":"https:\/\/fashiongold.lt\/lv\/wp-json\/wp\/v2\/product_tag?post=293338"}],"curies":[{"name":"wp","href":"https:\/\/api.w.org\/{rel}","templated":true}]}}