{"id":293396,"date":"2025-10-20T12:00:01","date_gmt":"2025-10-20T12:00:01","guid":{"rendered":"https:\/\/fashiongold.lt\/papuosalas\/moderns-saderinasanas-gredzens-ar-safiru-un-dimantiem-zils-dargakmens-0-20-ct\/"},"modified":"2025-10-20T12:00:01","modified_gmt":"2025-10-20T12:00:01","slug":"moderns-saderinasanas-gredzens-ar-safiru-un-dimantiem-zils-dargakmens-0-20-ct","status":"publish","type":"product","link":"https:\/\/fashiongold.lt\/lv\/papuosalas\/moderns-saderinasanas-gredzens-ar-safiru-un-dimantiem-zils-dargakmens-0-20-ct\/","title":{"rendered":"Moderns saderin\u0101\u0161an\u0101s gredzens ar saf\u012bru un dimantiem \u2013 Zils d\u0101rgakmens (0.20 ct)"},"content":{"rendered":"<h2>Gredzens ar saf\u012bru un dimantiem &#8211; Zilais d\u0101rgakmens (0.20 ct)<\/h2>\n<h3><span style=\"font-size: 12.87px;\">Moderna dizaina gredzens ar apa\u013cas formas saf\u012bru 0,15 kar\u0101ti un dab\u012bgiem dimantiem 0,05 kar\u0101ti. Bezmaksas grav\u0113\u0161ana.<\/span><\/h3>\n<p><span style=\"font-size: 11px;\">Izgatavots Lietuv\u0101. Neatvair\u0101ma skaistuma gredzens ar ekskluz\u012bvu stilu, augstas kvalit\u0101tes. Gredzens var tikt izgatavots p\u0113c pas\u016bt\u012bjuma: no sarkan\u0101, dzelten\u0101 un balt\u0101 zelta. Saf\u012brs ir sp\u0113ka, optimisma un aktivit\u0101tes simbols. Saf\u012bra ma\u0123iskais sp\u0113ks &#8211; pal\u012bdz mazin\u0101t sasprindzin\u0101jumu konfliktu laik\u0101 un atrisin\u0101t vesel\u012bbas probl\u0113mas. Saf\u012brs ir piem\u0113rots &#8211; Ziv\u012bm, Svariem, Skorpioniem, Dv\u012b\u0146iem, Jaunav\u0101m, Lauv\u0101m, Auniem, V\u0113r\u0161iem, \u016adensv\u012briem, Str\u0113lniekiem. <\/span><\/p>\n<p>\u2022 Gredzena met\u0101ls: 14K (585 prove), varam izgatavot no 10K (375 proves), 18K (750 proves), 950 plat\u012bna <\/p>\n<p>\u2022 Gredzena kr\u0101sa: var izv\u0113l\u0113ties balto, dzelteno, sarkano zeltu<\/p>\n<p>\u2022 Gredzena svars (atkar\u012bb\u0101 no izm\u0113ra un proves): aptuveni 2,20 &#8211; 2,60 g <\/p>\n<p>\u2022 Gredzena izm\u0113ri: kro\u0146a platums &#8211; aptuveni mm, st\u012bpi\u0146as platums &#8211; aptuveni mm (izm\u0113ri ir aptuveni un var at\u0161\u0137irties atkar\u012bb\u0101 no gredzena izm\u0113ra) <\/p>\n<p>\u2022 Gredzena komforta zona: ir <\/p>\n<p>\u2022 D\u0101rgakmens veids: saf\u012brs <\/p>\n<p>\u2022 D\u0101rgakmens forma: apa\u013cas formas saf\u012brs (round cut) <\/p>\n<p>\u2022 D\u0101rgakmens raksturojums: 0.15 ct (iesp\u0113jams main\u012bt) <\/p>\n<p>\u2022 Dimanta veids: Dab\u012bgi dimanti <\/p>\n<p>\u2022 Dimanta forma: apa\u013ca forma (round shape) <\/p>\n<p>\u2022 Dimanta raksturojums: 0,05 ct, kr\u0101sa G-H (RW-W); dzidrums SI<\/p>\n<p>\u2022 Sertifik\u0101ts: Lietuvas Prove\u0161anas pal\u0101ta (LPR) <\/p>\n<p>\u2022 Grav\u0113\u0161ana bez maksas <\/p>\n<p>\u2022 Vienreiz\u0113ja bezmaksas gredzena izm\u0113ra mai\u0146as garantija (p\u0113c iesp\u0113jas) <\/p>\n<p>\u2022 Izgatavo\u0161anas un pieg\u0101des termi\u0146\u0161 no 14 darba dien\u0101m, steidzam\u0101 k\u0101rt\u0101 3 d. d. laik\u0101. <\/p>\n<p><strong>Vai jums ir savs zelts? Sazinieties ar mums, m\u0113s p\u0101rr\u0113\u0137in\u0101sim cenu \u2013 j\u016bs maks\u0101siet tikai par gredzenu izgatavo\u0161anu.<\/strong><\/p>\n","protected":false},"excerpt":{"rendered":"<p>Moderna dizaina gredzens ar apa\u013cas formas saf\u012bru un dimantiem ab\u0101s pus\u0113s. Izsmalcin\u0101ts, piem\u0113rots saderin\u0101\u0161anai, ikdienai un \u012bpa\u0161iem gad\u012bjumiem<\/p>\n","protected":false},"featured_media":236450,"template":"","meta":{"site-sidebar-layout":"default","site-content-layout":"","ast-site-content-layout":"default","site-content-style":"default","site-sidebar-style":"default","ast-global-header-display":"","ast-banner-title-visibility":"","ast-main-header-display":"","ast-hfb-above-header-display":"","ast-hfb-below-header-display":"","ast-hfb-mobile-header-display":"","site-post-title":"","ast-breadcrumbs-content":"","ast-featured-img":"","footer-sml-layout":"","ast-disable-related-posts":"","theme-transparent-header-meta":"","adv-header-id-meta":"","stick-header-meta":"","header-above-stick-meta":"","header-main-stick-meta":"","header-below-stick-meta":"","astra-migrate-meta-layouts":"default","ast-page-background-enabled":"default","ast-page-background-meta":{"desktop":{"background-color":"var(--ast-global-color-4)","background-image":"","background-repeat":"repeat","background-position":"center center","background-size":"auto","background-attachment":"scroll","background-type":"","background-media":"","overlay-type":"","overlay-color":"","overlay-opacity":"","overlay-gradient":""},"tablet":{"background-color":"","background-image":"","background-repeat":"repeat","background-position":"center center","background-size":"auto","background-attachment":"scroll","background-type":"","background-media":"","overlay-type":"","overlay-color":"","overlay-opacity":"","overlay-gradient":""},"mobile":{"background-color":"","background-image":"","background-repeat":"repeat","background-position":"center center","background-size":"auto","background-attachment":"scroll","background-type":"","background-media":"","overlay-type":"","overlay-color":"","overlay-opacity":"","overlay-gradient":""}},"ast-content-background-meta":{"desktop":{"background-color":"var(--ast-global-color-5)","background-image":"","background-repeat":"repeat","background-position":"center center","background-size":"auto","background-attachment":"scroll","background-type":"","background-media":"","overlay-type":"","overlay-color":"","overlay-opacity":"","overlay-gradient":""},"tablet":{"background-color":"var(--ast-global-color-5)","background-image":"","background-repeat":"repeat","background-position":"center center","background-size":"auto","background-attachment":"scroll","background-type":"","background-media":"","overlay-type":"","overlay-color":"","overlay-opacity":"","overlay-gradient":""},"mobile":{"background-color":"var(--ast-global-color-5)","background-image":"","background-repeat":"repeat","background-position":"center center","background-size":"auto","background-attachment":"scroll","background-type":"","background-media":"","overlay-type":"","overlay-color":"","overlay-opacity":"","overlay-gradient":""}}},"product_brand":[],"product_cat":[3441,2915,3403,2916,3442,2938,3439,3440,2935,2934,3443,2936,3402],"product_tag":[],"class_list":{"0":"post-293396","1":"product","2":"type-product","3":"status-publish","4":"has-post-thumbnail","6":"product_cat-balta-zelta-saderinasanas-gredzeni","7":"product_cat-davanas-berna-piedzimsanai","8":"product_cat-davanas-kazam","9":"product_cat-davanas-kazu-gadadiena","10":"product_cat-dzeltena-zelta-saderinasanas-gredzeni","11":"product_cat-juvelierizstradajumi-ar-ziliem-dargakmeniem","12":"product_cat-saderinasanas-gredzeni","13":"product_cat-saderinasanas-gredzeni-ar-dargakmeniem","14":"product_cat-saderinasanas-gredzens-ar-safiru","15":"product_cat-safirs-juvelierizstradajumi-ar-safiriem","16":"product_cat-sarkana-zelta-saderinasanas-gredzeni","17":"product_cat-valentindienas-davanas","18":"product_cat-zils-dargakmens","19":"desktop-align-center","20":"tablet-align-left","21":"mobile-align-left","22":"ast-product-gallery-layout-horizontal-slider","23":"ast-product-gallery-with-no-image","24":"ast-product-single-variable","25":"ast-product-tabs-layout-accordion","26":"ast-qv-on-image","28":"first","29":"instock","30":"taxable","31":"shipping-taxable","32":"purchasable","33":"product-type-variable"},"yoast_head":"<!-- This site is optimized with the Yoast SEO plugin v26.6 - https:\/\/yoast.com\/wordpress\/plugins\/seo\/ -->\n<title>Moderns gredzens ar saf\u012bru un dimantiem - Zils d\u0101rgakmens (0.20 ct)<\/title>\n<meta name=\"description\" content=\"Moderns gredzens ar 0.15 kar\u0101tu saf\u012bru, kas subtili akcent\u0113 gredzena eleganci, un smalkiem dimantiem. Lieliski piem\u0113rots saderin\u0101\u0161anai un ikdienai.\" \/>\n<meta name=\"robots\" content=\"index, follow, max-snippet:-1, max-image-preview:large, max-video-preview:-1\" \/>\n<link rel=\"canonical\" href=\"https:\/\/fashiongold.lt\/lv\/papuosalas\/moderns-saderinasanas-gredzens-ar-safiru-un-dimantiem-zils-dargakmens-0-20-ct\/\" \/>\n<meta property=\"og:locale\" content=\"lv_LV\" \/>\n<meta property=\"og:type\" content=\"article\" \/>\n<meta property=\"og:title\" content=\"Moderns gredzens ar saf\u012bru un dimantiem - Zils d\u0101rgakmens (0.20 ct)\" \/>\n<meta property=\"og:description\" content=\"Moderns gredzens ar 0.15 kar\u0101tu saf\u012bru, kas subtili akcent\u0113 gredzena eleganci, un smalkiem dimantiem. Lieliski piem\u0113rots saderin\u0101\u0161anai un ikdienai.\" \/>\n<meta property=\"og:url\" content=\"https:\/\/fashiongold.lt\/lv\/papuosalas\/moderns-saderinasanas-gredzens-ar-safiru-un-dimantiem-zils-dargakmens-0-20-ct\/\" \/>\n<meta property=\"og:site_name\" content=\"FashionGold.lt\" \/>\n<meta property=\"og:image\" content=\"https:\/\/fashiongold.lt\/wp-content\/uploads\/2025\/10\/23542-92e-Geltono-aukso-ziedas-su-safyru-ir-deimantais-Melynas-brangakmenis-0.20-ct.webp\" \/>\n\t<meta property=\"og:image:width\" content=\"1000\" \/>\n\t<meta property=\"og:image:height\" content=\"1000\" \/>\n\t<meta property=\"og:image:type\" content=\"image\/png\" \/>\n<meta name=\"twitter:card\" content=\"summary_large_image\" \/>\n<meta name=\"twitter:label1\" content=\"Est. reading time\" \/>\n\t<meta name=\"twitter:data1\" content=\"1 minute\" \/>\n<script type=\"application\/ld+json\" class=\"yoast-schema-graph\">{\"@context\":\"https:\/\/schema.org\",\"@graph\":[{\"@type\":\"WebPage\",\"@id\":\"https:\/\/fashiongold.lt\/lv\/papuosalas\/moderns-saderinasanas-gredzens-ar-safiru-un-dimantiem-zils-dargakmens-0-20-ct\/\",\"url\":\"https:\/\/fashiongold.lt\/lv\/papuosalas\/moderns-saderinasanas-gredzens-ar-safiru-un-dimantiem-zils-dargakmens-0-20-ct\/\",\"name\":\"Moderns gredzens ar saf\u012bru un dimantiem - Zils d\u0101rgakmens (0.20 ct)\",\"isPartOf\":{\"@id\":\"https:\/\/fashiongold.lt\/lv\/#website\"},\"primaryImageOfPage\":{\"@id\":\"https:\/\/fashiongold.lt\/lv\/papuosalas\/moderns-saderinasanas-gredzens-ar-safiru-un-dimantiem-zils-dargakmens-0-20-ct\/#primaryimage\"},\"image\":{\"@id\":\"https:\/\/fashiongold.lt\/lv\/papuosalas\/moderns-saderinasanas-gredzens-ar-safiru-un-dimantiem-zils-dargakmens-0-20-ct\/#primaryimage\"},\"thumbnailUrl\":\"https:\/\/fashiongold.lt\/wp-content\/uploads\/2025\/10\/23542-92e-Geltono-aukso-ziedas-su-safyru-ir-deimantais-Melynas-brangakmenis-0.20-ct.png\",\"datePublished\":\"2025-10-20T12:00:01+00:00\",\"description\":\"Moderns gredzens ar 0.15 kar\u0101tu saf\u012bru, kas subtili akcent\u0113 gredzena eleganci, un smalkiem dimantiem. Lieliski piem\u0113rots saderin\u0101\u0161anai un ikdienai.\",\"breadcrumb\":{\"@id\":\"https:\/\/fashiongold.lt\/lv\/papuosalas\/moderns-saderinasanas-gredzens-ar-safiru-un-dimantiem-zils-dargakmens-0-20-ct\/#breadcrumb\"},\"inLanguage\":\"lv-LV\",\"potentialAction\":[{\"@type\":\"ReadAction\",\"target\":[\"https:\/\/fashiongold.lt\/lv\/papuosalas\/moderns-saderinasanas-gredzens-ar-safiru-un-dimantiem-zils-dargakmens-0-20-ct\/\"]}]},{\"@type\":\"ImageObject\",\"inLanguage\":\"lv-LV\",\"@id\":\"https:\/\/fashiongold.lt\/lv\/papuosalas\/moderns-saderinasanas-gredzens-ar-safiru-un-dimantiem-zils-dargakmens-0-20-ct\/#primaryimage\",\"url\":\"https:\/\/fashiongold.lt\/wp-content\/uploads\/2025\/10\/23542-92e-Geltono-aukso-ziedas-su-safyru-ir-deimantais-Melynas-brangakmenis-0.20-ct.png\",\"contentUrl\":\"https:\/\/fashiongold.lt\/wp-content\/uploads\/2025\/10\/23542-92e-Geltono-aukso-ziedas-su-safyru-ir-deimantais-Melynas-brangakmenis-0.20-ct.png\",\"width\":1000,\"height\":1000},{\"@type\":\"BreadcrumbList\",\"@id\":\"https:\/\/fashiongold.lt\/lv\/papuosalas\/moderns-saderinasanas-gredzens-ar-safiru-un-dimantiem-zils-dargakmens-0-20-ct\/#breadcrumb\",\"itemListElement\":[{\"@type\":\"ListItem\",\"position\":1,\"name\":\"Home\",\"item\":\"https:\/\/fashiongold.lt\/lv\/\"},{\"@type\":\"ListItem\",\"position\":2,\"name\":\"Dimantu veikals Fashiongold.lt\",\"item\":\"https:\/\/fashiongold.lt\/shop-2\/\"},{\"@type\":\"ListItem\",\"position\":3,\"name\":\"Moderns saderin\u0101\u0161an\u0101s gredzens ar saf\u012bru un dimantiem \u2013 Zils d\u0101rgakmens (0.20 ct)\"}]},{\"@type\":\"WebSite\",\"@id\":\"https:\/\/fashiongold.lt\/lv\/#website\",\"url\":\"https:\/\/fashiongold.lt\/lv\/\",\"name\":\"Fashion Gold\",\"description\":\"Juvelyrikos namai\",\"publisher\":{\"@id\":\"https:\/\/fashiongold.lt\/lv\/#organization\"},\"potentialAction\":[{\"@type\":\"SearchAction\",\"target\":{\"@type\":\"EntryPoint\",\"urlTemplate\":\"https:\/\/fashiongold.lt\/lv\/?s={search_term_string}\"},\"query-input\":{\"@type\":\"PropertyValueSpecification\",\"valueRequired\":true,\"valueName\":\"search_term_string\"}}],\"inLanguage\":\"lv-LV\"},{\"@type\":\"Organization\",\"@id\":\"https:\/\/fashiongold.lt\/lv\/#organization\",\"name\":\"Topdiamonds Online\",\"url\":\"https:\/\/fashiongold.lt\/lv\/\",\"logo\":{\"@type\":\"ImageObject\",\"inLanguage\":\"lv-LV\",\"@id\":\"https:\/\/fashiongold.lt\/lv\/#\/schema\/logo\/image\/\",\"url\":\"https:\/\/fashiongold.lt\/wp-content\/uploads\/2025\/04\/cropped-fashion_gold_logotipas2-scaled-1.png\",\"contentUrl\":\"https:\/\/fashiongold.lt\/wp-content\/uploads\/2025\/04\/cropped-fashion_gold_logotipas2-scaled-1.png\",\"width\":2559,\"height\":421,\"caption\":\"Topdiamonds Online\"},\"image\":{\"@id\":\"https:\/\/fashiongold.lt\/lv\/#\/schema\/logo\/image\/\"}}]}<\/script>\n<!-- \/ Yoast SEO plugin. -->","yoast_head_json":{"title":"Moderns gredzens ar saf\u012bru un dimantiem - Zils d\u0101rgakmens (0.20 ct)","description":"Moderns gredzens ar 0.15 kar\u0101tu saf\u012bru, kas subtili akcent\u0113 gredzena eleganci, un smalkiem dimantiem. Lieliski piem\u0113rots saderin\u0101\u0161anai un ikdienai.","robots":{"index":"index","follow":"follow","max-snippet":"max-snippet:-1","max-image-preview":"max-image-preview:large","max-video-preview":"max-video-preview:-1"},"canonical":"https:\/\/fashiongold.lt\/lv\/papuosalas\/moderns-saderinasanas-gredzens-ar-safiru-un-dimantiem-zils-dargakmens-0-20-ct\/","og_locale":"lv_LV","og_type":"article","og_title":"Moderns gredzens ar saf\u012bru un dimantiem - Zils d\u0101rgakmens (0.20 ct)","og_description":"Moderns gredzens ar 0.15 kar\u0101tu saf\u012bru, kas subtili akcent\u0113 gredzena eleganci, un smalkiem dimantiem. Lieliski piem\u0113rots saderin\u0101\u0161anai un ikdienai.","og_url":"https:\/\/fashiongold.lt\/lv\/papuosalas\/moderns-saderinasanas-gredzens-ar-safiru-un-dimantiem-zils-dargakmens-0-20-ct\/","og_site_name":"FashionGold.lt","og_image":[{"width":1000,"height":1000,"url":"https:\/\/fashiongold.lt\/wp-content\/uploads\/2025\/10\/23542-92e-Geltono-aukso-ziedas-su-safyru-ir-deimantais-Melynas-brangakmenis-0.20-ct.webp","type":"image\/png"}],"twitter_card":"summary_large_image","twitter_misc":{"Est. reading time":"1 minute"},"schema":{"@context":"https:\/\/schema.org","@graph":[{"@type":"WebPage","@id":"https:\/\/fashiongold.lt\/lv\/papuosalas\/moderns-saderinasanas-gredzens-ar-safiru-un-dimantiem-zils-dargakmens-0-20-ct\/","url":"https:\/\/fashiongold.lt\/lv\/papuosalas\/moderns-saderinasanas-gredzens-ar-safiru-un-dimantiem-zils-dargakmens-0-20-ct\/","name":"Moderns gredzens ar saf\u012bru un dimantiem - Zils d\u0101rgakmens (0.20 ct)","isPartOf":{"@id":"https:\/\/fashiongold.lt\/lv\/#website"},"primaryImageOfPage":{"@id":"https:\/\/fashiongold.lt\/lv\/papuosalas\/moderns-saderinasanas-gredzens-ar-safiru-un-dimantiem-zils-dargakmens-0-20-ct\/#primaryimage"},"image":{"@id":"https:\/\/fashiongold.lt\/lv\/papuosalas\/moderns-saderinasanas-gredzens-ar-safiru-un-dimantiem-zils-dargakmens-0-20-ct\/#primaryimage"},"thumbnailUrl":"https:\/\/fashiongold.lt\/wp-content\/uploads\/2025\/10\/23542-92e-Geltono-aukso-ziedas-su-safyru-ir-deimantais-Melynas-brangakmenis-0.20-ct.png","datePublished":"2025-10-20T12:00:01+00:00","description":"Moderns gredzens ar 0.15 kar\u0101tu saf\u012bru, kas subtili akcent\u0113 gredzena eleganci, un smalkiem dimantiem. Lieliski piem\u0113rots saderin\u0101\u0161anai un ikdienai.","breadcrumb":{"@id":"https:\/\/fashiongold.lt\/lv\/papuosalas\/moderns-saderinasanas-gredzens-ar-safiru-un-dimantiem-zils-dargakmens-0-20-ct\/#breadcrumb"},"inLanguage":"lv-LV","potentialAction":[{"@type":"ReadAction","target":["https:\/\/fashiongold.lt\/lv\/papuosalas\/moderns-saderinasanas-gredzens-ar-safiru-un-dimantiem-zils-dargakmens-0-20-ct\/"]}]},{"@type":"ImageObject","inLanguage":"lv-LV","@id":"https:\/\/fashiongold.lt\/lv\/papuosalas\/moderns-saderinasanas-gredzens-ar-safiru-un-dimantiem-zils-dargakmens-0-20-ct\/#primaryimage","url":"https:\/\/fashiongold.lt\/wp-content\/uploads\/2025\/10\/23542-92e-Geltono-aukso-ziedas-su-safyru-ir-deimantais-Melynas-brangakmenis-0.20-ct.png","contentUrl":"https:\/\/fashiongold.lt\/wp-content\/uploads\/2025\/10\/23542-92e-Geltono-aukso-ziedas-su-safyru-ir-deimantais-Melynas-brangakmenis-0.20-ct.png","width":1000,"height":1000},{"@type":"BreadcrumbList","@id":"https:\/\/fashiongold.lt\/lv\/papuosalas\/moderns-saderinasanas-gredzens-ar-safiru-un-dimantiem-zils-dargakmens-0-20-ct\/#breadcrumb","itemListElement":[{"@type":"ListItem","position":1,"name":"Home","item":"https:\/\/fashiongold.lt\/lv\/"},{"@type":"ListItem","position":2,"name":"Dimantu veikals Fashiongold.lt","item":"https:\/\/fashiongold.lt\/shop-2\/"},{"@type":"ListItem","position":3,"name":"Moderns saderin\u0101\u0161an\u0101s gredzens ar saf\u012bru un dimantiem \u2013 Zils d\u0101rgakmens (0.20 ct)"}]},{"@type":"WebSite","@id":"https:\/\/fashiongold.lt\/lv\/#website","url":"https:\/\/fashiongold.lt\/lv\/","name":"Fashion Gold","description":"Juvelyrikos namai","publisher":{"@id":"https:\/\/fashiongold.lt\/lv\/#organization"},"potentialAction":[{"@type":"SearchAction","target":{"@type":"EntryPoint","urlTemplate":"https:\/\/fashiongold.lt\/lv\/?s={search_term_string}"},"query-input":{"@type":"PropertyValueSpecification","valueRequired":true,"valueName":"search_term_string"}}],"inLanguage":"lv-LV"},{"@type":"Organization","@id":"https:\/\/fashiongold.lt\/lv\/#organization","name":"Topdiamonds Online","url":"https:\/\/fashiongold.lt\/lv\/","logo":{"@type":"ImageObject","inLanguage":"lv-LV","@id":"https:\/\/fashiongold.lt\/lv\/#\/schema\/logo\/image\/","url":"https:\/\/fashiongold.lt\/wp-content\/uploads\/2025\/04\/cropped-fashion_gold_logotipas2-scaled-1.png","contentUrl":"https:\/\/fashiongold.lt\/wp-content\/uploads\/2025\/04\/cropped-fashion_gold_logotipas2-scaled-1.png","width":2559,"height":421,"caption":"Topdiamonds Online"},"image":{"@id":"https:\/\/fashiongold.lt\/lv\/#\/schema\/logo\/image\/"}}]}},"_links":{"self":[{"href":"https:\/\/fashiongold.lt\/lv\/wp-json\/wp\/v2\/product\/293396","targetHints":{"allow":["GET"]}}],"collection":[{"href":"https:\/\/fashiongold.lt\/lv\/wp-json\/wp\/v2\/product"}],"about":[{"href":"https:\/\/fashiongold.lt\/lv\/wp-json\/wp\/v2\/types\/product"}],"version-history":[{"count":0,"href":"https:\/\/fashiongold.lt\/lv\/wp-json\/wp\/v2\/product\/293396\/revisions"}],"wp:featuredmedia":[{"embeddable":true,"href":"https:\/\/fashiongold.lt\/lv\/wp-json\/wp\/v2\/media\/236450"}],"wp:attachment":[{"href":"https:\/\/fashiongold.lt\/lv\/wp-json\/wp\/v2\/media?parent=293396"}],"wp:term":[{"taxonomy":"product_brand","embeddable":true,"href":"https:\/\/fashiongold.lt\/lv\/wp-json\/wp\/v2\/product_brand?post=293396"},{"taxonomy":"product_cat","embeddable":true,"href":"https:\/\/fashiongold.lt\/lv\/wp-json\/wp\/v2\/product_cat?post=293396"},{"taxonomy":"product_tag","embeddable":true,"href":"https:\/\/fashiongold.lt\/lv\/wp-json\/wp\/v2\/product_tag?post=293396"}],"curies":[{"name":"wp","href":"https:\/\/api.w.org\/{rel}","templated":true}]}}