{"id":293646,"date":"2025-10-13T11:24:16","date_gmt":"2025-10-13T11:24:16","guid":{"rendered":"https:\/\/fashiongold.lt\/papuosalas\/laulibas-gredzeni-ar-matetu-fakturu-un-dimantiem-6-mm-036ct-paris\/"},"modified":"2025-10-13T11:24:16","modified_gmt":"2025-10-13T11:24:16","slug":"laulibas-gredzeni-ar-matetu-fakturu-un-dimantiem-6-mm-036ct-paris","status":"publish","type":"product","link":"https:\/\/fashiongold.lt\/lv\/papuosalas\/laulibas-gredzeni-ar-matetu-fakturu-un-dimantiem-6-mm-036ct-paris\/","title":{"rendered":"Laul\u012bbas gredzeni ar mat\u0113tu fakt\u016bru un dimantiem (6 mm) (0,36ct) (p\u0101ris)"},"content":{"rendered":"<p>Neatvair\u0101ma skaistuma laul\u012bbas gredzeni ar izsmalcin\u0101tu stilu, augstu kvalit\u0101ti un komforta zonu. Lieliska izv\u0113le, kas atspogu\u013co j\u016bsu m\u012blas st\u0101stu. To tehnolo\u0123ija ir unik\u0101la \u2013 laul\u012bbas gredzeni ir izgatavoti no r\u016bd\u012bta zelta, kas ir iztur\u012bgs pret mikroplais\u0101m, nesatur ni\u0137eli un maz\u0101k skr\u0101p\u0113jas. Gredzeni var tikt izgatavoti p\u0113c pas\u016bt\u012bjuma: no sarkan\u0101, dzelten\u0101 un balt\u0101 zelta, par papildu samaksu ar citas zelta kr\u0101sas mali\u0146\u0101m, da\u017e\u0101du gredzenu platumu vai ar dimantiem.<\/p>\n<p>\u2022 Gredzena zelts: 14 K (585 prove), varam izgatavot no 10K (375 prove), 18K (750 prove)\u00a0 \u00a0 \u00a0<\/p>\n<p>\u2022 Gredzena kr\u0101sa: var izv\u0113l\u0113ties starp balto, dzelteno, sarkano zeltu vai ar citas kr\u0101sas mali\u0146\u0101m<\/p>\n<p>\u2022 Gredzenu p\u0101ra svars (atkar\u012bgs no izm\u0113ra un proves): aptuveni 9,00 &#8211; 10,00 g\u00a0 \u00a0 \u00a0 \u00a0<\/p>\n<p>\u2022 Gredzena izm\u0113ri: platums 6 mm (iesp\u0113jams main\u012bt)\u00a0 \u00a0<\/p>\n<p>\u2022 Gredzena komforta zona: ir\u00a0<\/p>\n<p>\u2022 Dimanta veids: Dab\u012bgs dimants\u00a0 \u00a0 \u00a0<\/p>\n<p>\u2022 Dimanta forma: Apa\u013ca forma (Round cut)\u00a0 \u00a0 \u00a0<\/p>\n<p>\u2022 Dimanta raksturojums: 0,36 ct kr\u0101sa Rw-W (G-H), dzidrums Vs-SI (iesp\u0113jams main\u012bt)\u00a0 \u00a0 \u00a0<\/p>\n<p>\u2022 Sertifik\u0101ts: Lietuvas Prove\u0161anas pal\u0101ta (LPR)\u00a0 \u00a0 \u00a0\u00a0<\/p>\n<p>\u2022 Grav\u0113\u0161ana bez maksas<\/p>\n<p>\u2022 Vienreiz\u0113ja bezmaksas gredzena izm\u0113ra mai\u0146as garantija<\/p>\n<p>\u2022 Izgatavo\u0161anas un pieg\u0101des termi\u0146\u0161 no 14 darba dien\u0101m, steidzam\u012bbas k\u0101rt\u0101 3 d.d. laik\u0101<\/p>\n<p><strong>Vai jums ir savs zelts? Sazinieties ar mums, m\u0113s p\u0101rr\u0113\u0137in\u0101sim cenu \u2013 j\u016bs maks\u0101siet tikai par gredzenu izgatavo\u0161anu.<\/strong><\/p>\n","protected":false},"excerpt":{"rendered":"<p>Moderns dizains, kur\u0101 z\u012bdaini mat\u0113tas virsmas papildina dimantu lietus. Tie ir gredzeni, kas pavad\u012bs j\u016bs visu m\u016b\u017eu.<\/p>\n","protected":false},"featured_media":171695,"template":"","meta":{"site-sidebar-layout":"","site-content-layout":"","ast-site-content-layout":"","site-content-style":"","site-sidebar-style":"","ast-global-header-display":"","ast-banner-title-visibility":"","ast-main-header-display":"","ast-hfb-above-header-display":"","ast-hfb-below-header-display":"","ast-hfb-mobile-header-display":"","site-post-title":"","ast-breadcrumbs-content":"","ast-featured-img":"","footer-sml-layout":"","ast-disable-related-posts":"","theme-transparent-header-meta":"","adv-header-id-meta":"","stick-header-meta":"","header-above-stick-meta":"","header-main-stick-meta":"","header-below-stick-meta":"","astra-migrate-meta-layouts":"default","ast-page-background-enabled":"default","ast-page-background-meta":{"desktop":{"background-color":"var(--ast-global-color-4)","background-image":"","background-repeat":"repeat","background-position":"center center","background-size":"auto","background-attachment":"scroll","background-type":"","background-media":"","overlay-type":"","overlay-color":"","overlay-opacity":"","overlay-gradient":""},"tablet":{"background-color":"","background-image":"","background-repeat":"repeat","background-position":"center center","background-size":"auto","background-attachment":"scroll","background-type":"","background-media":"","overlay-type":"","overlay-color":"","overlay-opacity":"","overlay-gradient":""},"mobile":{"background-color":"","background-image":"","background-repeat":"repeat","background-position":"center center","background-size":"auto","background-attachment":"scroll","background-type":"","background-media":"","overlay-type":"","overlay-color":"","overlay-opacity":"","overlay-gradient":""}},"ast-content-background-meta":{"desktop":{"background-color":"var(--ast-global-color-5)","background-image":"","background-repeat":"repeat","background-position":"center center","background-size":"auto","background-attachment":"scroll","background-type":"","background-media":"","overlay-type":"","overlay-color":"","overlay-opacity":"","overlay-gradient":""},"tablet":{"background-color":"var(--ast-global-color-5)","background-image":"","background-repeat":"repeat","background-position":"center center","background-size":"auto","background-attachment":"scroll","background-type":"","background-media":"","overlay-type":"","overlay-color":"","overlay-opacity":"","overlay-gradient":""},"mobile":{"background-color":"var(--ast-global-color-5)","background-image":"","background-repeat":"repeat","background-position":"center center","background-size":"auto","background-attachment":"scroll","background-type":"","background-media":"","overlay-type":"","overlay-color":"","overlay-opacity":"","overlay-gradient":""}}},"product_brand":[],"product_cat":[3522,3824,3741,3524,3809,3525,3527],"product_tag":[],"class_list":{"0":"post-293646","1":"product","2":"type-product","3":"status-publish","4":"has-post-thumbnail","6":"product_cat-balta-zelta-laulibu-gredzeni","7":"product_cat-divu-zelta-krasu-laulibu-gredzeni","8":"product_cat-ekskluzivi-laulibas-gredzeni-dizaineru-raditi","9":"product_cat-kazu-gredzeni","10":"product_cat-kazu-gredzeni-ar-briljantiem","11":"product_cat-laulibas-gredzeni-pariem","12":"product_cat-moderni-kazu-gredzeni","13":"desktop-align-center","14":"tablet-align-left","15":"mobile-align-left","16":"ast-product-gallery-layout-horizontal-slider","17":"ast-product-gallery-with-no-image","18":"ast-product-single-variable","19":"ast-product-tabs-layout-accordion","20":"ast-qv-on-image","22":"first","23":"instock","24":"taxable","25":"shipping-taxable","26":"purchasable","27":"product-type-variable"},"yoast_head":"<!-- This site is optimized with the Yoast SEO plugin v26.6 - https:\/\/yoast.com\/wordpress\/plugins\/seo\/ -->\n<title>Laul\u012bbas gredzeni ar mat\u0113tu fakt\u016bru un dimantiem I Fashion Gold<\/title>\n<meta name=\"description\" content=\"Moderns dizains, kur\u0101 z\u012bdaini mat\u0113tas virsmas papildina dimantu lietus. Komforta zona. 30 gadu pieredze. Ra\u017eo\u0161anas termi\u0146\u0161 14 d. d. Bezmaksas pieg\u0101de.\" \/>\n<meta name=\"robots\" content=\"index, follow, max-snippet:-1, max-image-preview:large, max-video-preview:-1\" \/>\n<link rel=\"canonical\" href=\"https:\/\/fashiongold.lt\/lv\/papuosalas\/laulibas-gredzeni-ar-matetu-fakturu-un-dimantiem-6-mm-036ct-paris\/\" \/>\n<meta property=\"og:locale\" content=\"lv_LV\" \/>\n<meta property=\"og:type\" content=\"article\" \/>\n<meta property=\"og:title\" content=\"Laul\u012bbas gredzeni ar mat\u0113tu fakt\u016bru un dimantiem I Fashion Gold\" \/>\n<meta property=\"og:description\" content=\"Moderns dizains, kur\u0101 z\u012bdaini mat\u0113tas virsmas papildina dimantu lietus. Komforta zona. 30 gadu pieredze. Ra\u017eo\u0161anas termi\u0146\u0161 14 d. d. Bezmaksas pieg\u0101de.\" \/>\n<meta property=\"og:url\" content=\"https:\/\/fashiongold.lt\/lv\/papuosalas\/laulibas-gredzeni-ar-matetu-fakturu-un-dimantiem-6-mm-036ct-paris\/\" \/>\n<meta property=\"og:site_name\" content=\"FashionGold.lt\" \/>\n<meta property=\"og:image\" content=\"https:\/\/fashiongold.lt\/wp-content\/uploads\/2025\/10\/8551-01c-Vestuviniai-ziedai-su-matine-faktura-ir-deimantais.webp\" \/>\n\t<meta property=\"og:image:width\" content=\"1000\" \/>\n\t<meta property=\"og:image:height\" content=\"1000\" \/>\n\t<meta property=\"og:image:type\" content=\"image\/png\" \/>\n<meta name=\"twitter:card\" content=\"summary_large_image\" \/>\n<meta name=\"twitter:label1\" content=\"Est. reading time\" \/>\n\t<meta name=\"twitter:data1\" content=\"1 minute\" \/>\n<script type=\"application\/ld+json\" class=\"yoast-schema-graph\">{\"@context\":\"https:\/\/schema.org\",\"@graph\":[{\"@type\":\"WebPage\",\"@id\":\"https:\/\/fashiongold.lt\/lv\/papuosalas\/laulibas-gredzeni-ar-matetu-fakturu-un-dimantiem-6-mm-036ct-paris\/\",\"url\":\"https:\/\/fashiongold.lt\/lv\/papuosalas\/laulibas-gredzeni-ar-matetu-fakturu-un-dimantiem-6-mm-036ct-paris\/\",\"name\":\"Laul\u012bbas gredzeni ar mat\u0113tu fakt\u016bru un dimantiem I Fashion Gold\",\"isPartOf\":{\"@id\":\"https:\/\/fashiongold.lt\/lv\/#website\"},\"primaryImageOfPage\":{\"@id\":\"https:\/\/fashiongold.lt\/lv\/papuosalas\/laulibas-gredzeni-ar-matetu-fakturu-un-dimantiem-6-mm-036ct-paris\/#primaryimage\"},\"image\":{\"@id\":\"https:\/\/fashiongold.lt\/lv\/papuosalas\/laulibas-gredzeni-ar-matetu-fakturu-un-dimantiem-6-mm-036ct-paris\/#primaryimage\"},\"thumbnailUrl\":\"https:\/\/fashiongold.lt\/wp-content\/uploads\/2025\/10\/8551-01c-Vestuviniai-ziedai-su-matine-faktura-ir-deimantais.png\",\"datePublished\":\"2025-10-13T11:24:16+00:00\",\"description\":\"Moderns dizains, kur\u0101 z\u012bdaini mat\u0113tas virsmas papildina dimantu lietus. Komforta zona. 30 gadu pieredze. Ra\u017eo\u0161anas termi\u0146\u0161 14 d. d. Bezmaksas pieg\u0101de.\",\"breadcrumb\":{\"@id\":\"https:\/\/fashiongold.lt\/lv\/papuosalas\/laulibas-gredzeni-ar-matetu-fakturu-un-dimantiem-6-mm-036ct-paris\/#breadcrumb\"},\"inLanguage\":\"lv-LV\",\"potentialAction\":[{\"@type\":\"ReadAction\",\"target\":[\"https:\/\/fashiongold.lt\/lv\/papuosalas\/laulibas-gredzeni-ar-matetu-fakturu-un-dimantiem-6-mm-036ct-paris\/\"]}]},{\"@type\":\"ImageObject\",\"inLanguage\":\"lv-LV\",\"@id\":\"https:\/\/fashiongold.lt\/lv\/papuosalas\/laulibas-gredzeni-ar-matetu-fakturu-un-dimantiem-6-mm-036ct-paris\/#primaryimage\",\"url\":\"https:\/\/fashiongold.lt\/wp-content\/uploads\/2025\/10\/8551-01c-Vestuviniai-ziedai-su-matine-faktura-ir-deimantais.png\",\"contentUrl\":\"https:\/\/fashiongold.lt\/wp-content\/uploads\/2025\/10\/8551-01c-Vestuviniai-ziedai-su-matine-faktura-ir-deimantais.png\",\"width\":1000,\"height\":1000},{\"@type\":\"BreadcrumbList\",\"@id\":\"https:\/\/fashiongold.lt\/lv\/papuosalas\/laulibas-gredzeni-ar-matetu-fakturu-un-dimantiem-6-mm-036ct-paris\/#breadcrumb\",\"itemListElement\":[{\"@type\":\"ListItem\",\"position\":1,\"name\":\"Home\",\"item\":\"https:\/\/fashiongold.lt\/lv\/\"},{\"@type\":\"ListItem\",\"position\":2,\"name\":\"Dimantu veikals Fashiongold.lt\",\"item\":\"https:\/\/fashiongold.lt\/shop-2\/\"},{\"@type\":\"ListItem\",\"position\":3,\"name\":\"Laul\u012bbas gredzeni ar mat\u0113tu fakt\u016bru un dimantiem (6 mm) (0,36ct) (p\u0101ris)\"}]},{\"@type\":\"WebSite\",\"@id\":\"https:\/\/fashiongold.lt\/lv\/#website\",\"url\":\"https:\/\/fashiongold.lt\/lv\/\",\"name\":\"Fashion Gold\",\"description\":\"Juvelyrikos namai\",\"publisher\":{\"@id\":\"https:\/\/fashiongold.lt\/lv\/#organization\"},\"potentialAction\":[{\"@type\":\"SearchAction\",\"target\":{\"@type\":\"EntryPoint\",\"urlTemplate\":\"https:\/\/fashiongold.lt\/lv\/?s={search_term_string}\"},\"query-input\":{\"@type\":\"PropertyValueSpecification\",\"valueRequired\":true,\"valueName\":\"search_term_string\"}}],\"inLanguage\":\"lv-LV\"},{\"@type\":\"Organization\",\"@id\":\"https:\/\/fashiongold.lt\/lv\/#organization\",\"name\":\"Topdiamonds Online\",\"url\":\"https:\/\/fashiongold.lt\/lv\/\",\"logo\":{\"@type\":\"ImageObject\",\"inLanguage\":\"lv-LV\",\"@id\":\"https:\/\/fashiongold.lt\/lv\/#\/schema\/logo\/image\/\",\"url\":\"https:\/\/fashiongold.lt\/wp-content\/uploads\/2025\/04\/cropped-fashion_gold_logotipas2-scaled-1.png\",\"contentUrl\":\"https:\/\/fashiongold.lt\/wp-content\/uploads\/2025\/04\/cropped-fashion_gold_logotipas2-scaled-1.png\",\"width\":2559,\"height\":421,\"caption\":\"Topdiamonds Online\"},\"image\":{\"@id\":\"https:\/\/fashiongold.lt\/lv\/#\/schema\/logo\/image\/\"}}]}<\/script>\n<!-- \/ Yoast SEO plugin. -->","yoast_head_json":{"title":"Laul\u012bbas gredzeni ar mat\u0113tu fakt\u016bru un dimantiem I Fashion Gold","description":"Moderns dizains, kur\u0101 z\u012bdaini mat\u0113tas virsmas papildina dimantu lietus. Komforta zona. 30 gadu pieredze. Ra\u017eo\u0161anas termi\u0146\u0161 14 d. d. Bezmaksas pieg\u0101de.","robots":{"index":"index","follow":"follow","max-snippet":"max-snippet:-1","max-image-preview":"max-image-preview:large","max-video-preview":"max-video-preview:-1"},"canonical":"https:\/\/fashiongold.lt\/lv\/papuosalas\/laulibas-gredzeni-ar-matetu-fakturu-un-dimantiem-6-mm-036ct-paris\/","og_locale":"lv_LV","og_type":"article","og_title":"Laul\u012bbas gredzeni ar mat\u0113tu fakt\u016bru un dimantiem I Fashion Gold","og_description":"Moderns dizains, kur\u0101 z\u012bdaini mat\u0113tas virsmas papildina dimantu lietus. Komforta zona. 30 gadu pieredze. Ra\u017eo\u0161anas termi\u0146\u0161 14 d. d. Bezmaksas pieg\u0101de.","og_url":"https:\/\/fashiongold.lt\/lv\/papuosalas\/laulibas-gredzeni-ar-matetu-fakturu-un-dimantiem-6-mm-036ct-paris\/","og_site_name":"FashionGold.lt","og_image":[{"width":1000,"height":1000,"url":"https:\/\/fashiongold.lt\/wp-content\/uploads\/2025\/10\/8551-01c-Vestuviniai-ziedai-su-matine-faktura-ir-deimantais.webp","type":"image\/png"}],"twitter_card":"summary_large_image","twitter_misc":{"Est. reading time":"1 minute"},"schema":{"@context":"https:\/\/schema.org","@graph":[{"@type":"WebPage","@id":"https:\/\/fashiongold.lt\/lv\/papuosalas\/laulibas-gredzeni-ar-matetu-fakturu-un-dimantiem-6-mm-036ct-paris\/","url":"https:\/\/fashiongold.lt\/lv\/papuosalas\/laulibas-gredzeni-ar-matetu-fakturu-un-dimantiem-6-mm-036ct-paris\/","name":"Laul\u012bbas gredzeni ar mat\u0113tu fakt\u016bru un dimantiem I Fashion Gold","isPartOf":{"@id":"https:\/\/fashiongold.lt\/lv\/#website"},"primaryImageOfPage":{"@id":"https:\/\/fashiongold.lt\/lv\/papuosalas\/laulibas-gredzeni-ar-matetu-fakturu-un-dimantiem-6-mm-036ct-paris\/#primaryimage"},"image":{"@id":"https:\/\/fashiongold.lt\/lv\/papuosalas\/laulibas-gredzeni-ar-matetu-fakturu-un-dimantiem-6-mm-036ct-paris\/#primaryimage"},"thumbnailUrl":"https:\/\/fashiongold.lt\/wp-content\/uploads\/2025\/10\/8551-01c-Vestuviniai-ziedai-su-matine-faktura-ir-deimantais.png","datePublished":"2025-10-13T11:24:16+00:00","description":"Moderns dizains, kur\u0101 z\u012bdaini mat\u0113tas virsmas papildina dimantu lietus. Komforta zona. 30 gadu pieredze. Ra\u017eo\u0161anas termi\u0146\u0161 14 d. d. Bezmaksas pieg\u0101de.","breadcrumb":{"@id":"https:\/\/fashiongold.lt\/lv\/papuosalas\/laulibas-gredzeni-ar-matetu-fakturu-un-dimantiem-6-mm-036ct-paris\/#breadcrumb"},"inLanguage":"lv-LV","potentialAction":[{"@type":"ReadAction","target":["https:\/\/fashiongold.lt\/lv\/papuosalas\/laulibas-gredzeni-ar-matetu-fakturu-un-dimantiem-6-mm-036ct-paris\/"]}]},{"@type":"ImageObject","inLanguage":"lv-LV","@id":"https:\/\/fashiongold.lt\/lv\/papuosalas\/laulibas-gredzeni-ar-matetu-fakturu-un-dimantiem-6-mm-036ct-paris\/#primaryimage","url":"https:\/\/fashiongold.lt\/wp-content\/uploads\/2025\/10\/8551-01c-Vestuviniai-ziedai-su-matine-faktura-ir-deimantais.png","contentUrl":"https:\/\/fashiongold.lt\/wp-content\/uploads\/2025\/10\/8551-01c-Vestuviniai-ziedai-su-matine-faktura-ir-deimantais.png","width":1000,"height":1000},{"@type":"BreadcrumbList","@id":"https:\/\/fashiongold.lt\/lv\/papuosalas\/laulibas-gredzeni-ar-matetu-fakturu-un-dimantiem-6-mm-036ct-paris\/#breadcrumb","itemListElement":[{"@type":"ListItem","position":1,"name":"Home","item":"https:\/\/fashiongold.lt\/lv\/"},{"@type":"ListItem","position":2,"name":"Dimantu veikals Fashiongold.lt","item":"https:\/\/fashiongold.lt\/shop-2\/"},{"@type":"ListItem","position":3,"name":"Laul\u012bbas gredzeni ar mat\u0113tu fakt\u016bru un dimantiem (6 mm) (0,36ct) (p\u0101ris)"}]},{"@type":"WebSite","@id":"https:\/\/fashiongold.lt\/lv\/#website","url":"https:\/\/fashiongold.lt\/lv\/","name":"Fashion Gold","description":"Juvelyrikos namai","publisher":{"@id":"https:\/\/fashiongold.lt\/lv\/#organization"},"potentialAction":[{"@type":"SearchAction","target":{"@type":"EntryPoint","urlTemplate":"https:\/\/fashiongold.lt\/lv\/?s={search_term_string}"},"query-input":{"@type":"PropertyValueSpecification","valueRequired":true,"valueName":"search_term_string"}}],"inLanguage":"lv-LV"},{"@type":"Organization","@id":"https:\/\/fashiongold.lt\/lv\/#organization","name":"Topdiamonds Online","url":"https:\/\/fashiongold.lt\/lv\/","logo":{"@type":"ImageObject","inLanguage":"lv-LV","@id":"https:\/\/fashiongold.lt\/lv\/#\/schema\/logo\/image\/","url":"https:\/\/fashiongold.lt\/wp-content\/uploads\/2025\/04\/cropped-fashion_gold_logotipas2-scaled-1.png","contentUrl":"https:\/\/fashiongold.lt\/wp-content\/uploads\/2025\/04\/cropped-fashion_gold_logotipas2-scaled-1.png","width":2559,"height":421,"caption":"Topdiamonds Online"},"image":{"@id":"https:\/\/fashiongold.lt\/lv\/#\/schema\/logo\/image\/"}}]}},"_links":{"self":[{"href":"https:\/\/fashiongold.lt\/lv\/wp-json\/wp\/v2\/product\/293646","targetHints":{"allow":["GET"]}}],"collection":[{"href":"https:\/\/fashiongold.lt\/lv\/wp-json\/wp\/v2\/product"}],"about":[{"href":"https:\/\/fashiongold.lt\/lv\/wp-json\/wp\/v2\/types\/product"}],"version-history":[{"count":0,"href":"https:\/\/fashiongold.lt\/lv\/wp-json\/wp\/v2\/product\/293646\/revisions"}],"wp:featuredmedia":[{"embeddable":true,"href":"https:\/\/fashiongold.lt\/lv\/wp-json\/wp\/v2\/media\/171695"}],"wp:attachment":[{"href":"https:\/\/fashiongold.lt\/lv\/wp-json\/wp\/v2\/media?parent=293646"}],"wp:term":[{"taxonomy":"product_brand","embeddable":true,"href":"https:\/\/fashiongold.lt\/lv\/wp-json\/wp\/v2\/product_brand?post=293646"},{"taxonomy":"product_cat","embeddable":true,"href":"https:\/\/fashiongold.lt\/lv\/wp-json\/wp\/v2\/product_cat?post=293646"},{"taxonomy":"product_tag","embeddable":true,"href":"https:\/\/fashiongold.lt\/lv\/wp-json\/wp\/v2\/product_tag?post=293646"}],"curies":[{"name":"wp","href":"https:\/\/api.w.org\/{rel}","templated":true}]}}