{"id":293811,"date":"2025-10-12T18:09:40","date_gmt":"2025-10-12T18:09:40","guid":{"rendered":"https:\/\/fashiongold.lt\/papuosalas\/minimalistiski-laulibu-gredzeni-rombu-raksts-3-mm-paris\/"},"modified":"2025-10-12T18:09:40","modified_gmt":"2025-10-12T18:09:40","slug":"minimalistiski-laulibu-gredzeni-rombu-raksts-3-mm-paris","status":"publish","type":"product","link":"https:\/\/fashiongold.lt\/lv\/papuosalas\/minimalistiski-laulibu-gredzeni-rombu-raksts-3-mm-paris\/","title":{"rendered":"Minim\u0101listiski laul\u012bbu gredzeni \u2013 Rombu raksts (3 mm) (p\u0101ris)"},"content":{"rendered":"<p>Neatvair\u0101ma skaistuma laul\u012bbas gredzeni ar ekskluz\u012bvu stilu, augstu kvalit\u0101ti un komforta zonu. Lieliska izv\u0113le, kas atspogu\u013co j\u016bsu m\u012blest\u012bbas st\u0101stu. To tehnolo\u0123ija ir unik\u0101la \u2013 laul\u012bbas gredzeni tiek izgatavoti no r\u016bd\u012bta zelta, kas ir iztur\u012bgs pret mikroplais\u0101m, nesatur ni\u0137eli un maz\u0101k skr\u0101p\u0113jas. Gredzeni var tikt izgatavoti p\u0113c pas\u016bt\u012bjuma: no sarkan\u0101, dzelten\u0101 vai balt\u0101 zelta, par papildu samaksu \u2013 ar citas kr\u0101sas zelta mali\u0146\u0101m, da\u017e\u0101du platumu vai ar dimantiem.<\/p>\n<p>\u2022 Gredzena zelts: 14 K (585. prove), varam izgatavot no 10 K (375. prove), 18 K (750. prove)\u00a0 \u00a0 \u00a0<\/p>\n<p>\u2022 Gredzena kr\u0101sa: var izv\u0113l\u0113ties starp balto, dzelteno, sarkano zeltu vai ar citas kr\u0101sas mali\u0146\u0101m<\/p>\n<p>\u2022 Gredzenu p\u0101ra svars (atkar\u012bgs no izm\u0113ra un proves): aptuveni 4,50 &#8211; 6,00 g\u00a0 \u00a0 \u00a0 \u00a0<\/p>\n<p>\u2022 Gredzena izm\u0113ri: platums 3 mm (var main\u012bt)\u00a0 \u00a0<\/p>\n<p>\u2022 Gredzena komforta zona: ir\u00a0<\/p>\n<p>\u2022 Dimanta tips: Dab\u012bgs dimants\u00a0 \u00a0 \u00a0<\/p>\n<p>\u2022 Dimanta forma: nav (var main\u012bt)\u00a0 \u00a0 \u00a0<\/p>\n<p>\u2022 Dimanta raksturlielumi: nav (var main\u012bt)\u00a0 \u00a0 \u00a0<\/p>\n<p>\u2022 Sertifik\u0101ts: Lietuvas Prove\u0161anas pal\u0101ta (LPR)\u00a0 \u00a0 \u00a0\u00a0<\/p>\n<p>\u2022 Grav\u0113\u0161ana bez maksas<\/p>\n<p>\u2022 Vienreiz\u0113ja bezmaksas gredzena izm\u0113ra mai\u0146as garantija<\/p>\n<p>\u2022 Izgatavo\u0161anas un pieg\u0101des termi\u0146\u0161 no 14 darba dien\u0101m, steidzam\u012bbas k\u0101rt\u0101 \u2013 3 darba dienu laik\u0101.<\/p>\n<p><strong>Jums ir savs zelts? Sazinieties ar mums, m\u0113s p\u0101rr\u0113\u0137in\u0101sim cenu \u2013 j\u016bs maks\u0101siet tikai par gredzenu izgatavo\u0161anu.<\/strong><\/p>\n","protected":false},"excerpt":{"rendered":"<p>Minim\u0101listiski augstas kvalit\u0101tes laul\u012bbas gredzeni ar rombu tekst\u016bru &#8211; m\u016b\u017e\u012bgas elegances simbols. Izv\u0113lieties m\u016b\u017e\u012bbas simbolu j\u016bsu m\u012blest\u012bbai.<\/p>\n","protected":false},"featured_media":153596,"template":"","meta":{"site-sidebar-layout":"","site-content-layout":"","ast-site-content-layout":"","site-content-style":"","site-sidebar-style":"","ast-global-header-display":"","ast-banner-title-visibility":"","ast-main-header-display":"","ast-hfb-above-header-display":"","ast-hfb-below-header-display":"","ast-hfb-mobile-header-display":"","site-post-title":"","ast-breadcrumbs-content":"","ast-featured-img":"","footer-sml-layout":"","ast-disable-related-posts":"","theme-transparent-header-meta":"","adv-header-id-meta":"","stick-header-meta":"","header-above-stick-meta":"","header-main-stick-meta":"","header-below-stick-meta":"","astra-migrate-meta-layouts":"default","ast-page-background-enabled":"default","ast-page-background-meta":{"desktop":{"background-color":"var(--ast-global-color-4)","background-image":"","background-repeat":"repeat","background-position":"center center","background-size":"auto","background-attachment":"scroll","background-type":"","background-media":"","overlay-type":"","overlay-color":"","overlay-opacity":"","overlay-gradient":""},"tablet":{"background-color":"","background-image":"","background-repeat":"repeat","background-position":"center center","background-size":"auto","background-attachment":"scroll","background-type":"","background-media":"","overlay-type":"","overlay-color":"","overlay-opacity":"","overlay-gradient":""},"mobile":{"background-color":"","background-image":"","background-repeat":"repeat","background-position":"center center","background-size":"auto","background-attachment":"scroll","background-type":"","background-media":"","overlay-type":"","overlay-color":"","overlay-opacity":"","overlay-gradient":""}},"ast-content-background-meta":{"desktop":{"background-color":"var(--ast-global-color-5)","background-image":"","background-repeat":"repeat","background-position":"center center","background-size":"auto","background-attachment":"scroll","background-type":"","background-media":"","overlay-type":"","overlay-color":"","overlay-opacity":"","overlay-gradient":""},"tablet":{"background-color":"var(--ast-global-color-5)","background-image":"","background-repeat":"repeat","background-position":"center center","background-size":"auto","background-attachment":"scroll","background-type":"","background-media":"","overlay-type":"","overlay-color":"","overlay-opacity":"","overlay-gradient":""},"mobile":{"background-color":"var(--ast-global-color-5)","background-image":"","background-repeat":"repeat","background-position":"center center","background-size":"auto","background-attachment":"scroll","background-type":"","background-media":"","overlay-type":"","overlay-color":"","overlay-opacity":"","overlay-gradient":""}}},"product_brand":[],"product_cat":[3522,3824,3741,3524,3809,3525,3526,3829,3527],"product_tag":[],"class_list":{"0":"post-293811","1":"product","2":"type-product","3":"status-publish","4":"has-post-thumbnail","6":"product_cat-balta-zelta-laulibu-gredzeni","7":"product_cat-divu-zelta-krasu-laulibu-gredzeni","8":"product_cat-ekskluzivi-laulibas-gredzeni-dizaineru-raditi","9":"product_cat-kazu-gredzeni","10":"product_cat-kazu-gredzeni-ar-briljantiem","11":"product_cat-laulibas-gredzeni-pariem","12":"product_cat-laulibu-gredzeni-ar-dimantiem","13":"product_cat-minimalistiski-kazu-gredzeni","14":"product_cat-moderni-kazu-gredzeni","15":"desktop-align-center","16":"tablet-align-left","17":"mobile-align-left","18":"ast-product-gallery-layout-horizontal-slider","19":"ast-product-gallery-with-no-image","20":"ast-product-single-variable","21":"ast-product-tabs-layout-accordion","22":"ast-qv-on-image","24":"first","25":"instock","26":"taxable","27":"shipping-taxable","28":"purchasable","29":"product-type-variable"},"yoast_head":"<!-- This site is optimized with the Yoast SEO plugin v26.6 - https:\/\/yoast.com\/wordpress\/plugins\/seo\/ -->\n<title>Minim\u0101listiski laul\u012bbas gredzeni - Romba raksts I Fashion Gold<\/title>\n<meta name=\"description\" content=\"Minim\u0101listiski, augstas kvalit\u0101tes laul\u012bbas gredzeni ar rombu tekst\u016bru - m\u016b\u017e\u012bgas elegances simbols. Lab\u0101k\u0101s cenas. Bezmaksas pieg\u0101de. Izgatavo\u0161ana 14 d.d.\" \/>\n<meta name=\"robots\" content=\"index, follow, max-snippet:-1, max-image-preview:large, max-video-preview:-1\" \/>\n<link rel=\"canonical\" href=\"https:\/\/fashiongold.lt\/lv\/papuosalas\/minimalistiski-laulibu-gredzeni-rombu-raksts-3-mm-paris\/\" \/>\n<meta property=\"og:locale\" content=\"lv_LV\" \/>\n<meta property=\"og:type\" content=\"article\" \/>\n<meta property=\"og:title\" content=\"Minim\u0101listiski laul\u012bbas gredzeni - Romba raksts I Fashion Gold\" \/>\n<meta property=\"og:description\" content=\"Minim\u0101listiski, augstas kvalit\u0101tes laul\u012bbas gredzeni ar rombu tekst\u016bru - m\u016b\u017e\u012bgas elegances simbols. Lab\u0101k\u0101s cenas. Bezmaksas pieg\u0101de. Izgatavo\u0161ana 14 d.d.\" \/>\n<meta property=\"og:url\" content=\"https:\/\/fashiongold.lt\/lv\/papuosalas\/minimalistiski-laulibu-gredzeni-rombu-raksts-3-mm-paris\/\" \/>\n<meta property=\"og:site_name\" content=\"FashionGold.lt\" \/>\n<meta property=\"og:image\" content=\"https:\/\/fashiongold.lt\/wp-content\/uploads\/2025\/10\/8279-23f-Minimalistiniai-vestuviniai-ziedai-Rombo-rastas.webp\" \/>\n\t<meta property=\"og:image:width\" content=\"1000\" \/>\n\t<meta property=\"og:image:height\" content=\"1000\" \/>\n\t<meta property=\"og:image:type\" content=\"image\/png\" \/>\n<meta name=\"twitter:card\" content=\"summary_large_image\" \/>\n<meta name=\"twitter:label1\" content=\"Est. reading time\" \/>\n\t<meta name=\"twitter:data1\" content=\"1 minute\" \/>\n<script type=\"application\/ld+json\" class=\"yoast-schema-graph\">{\"@context\":\"https:\/\/schema.org\",\"@graph\":[{\"@type\":\"WebPage\",\"@id\":\"https:\/\/fashiongold.lt\/lv\/papuosalas\/minimalistiski-laulibu-gredzeni-rombu-raksts-3-mm-paris\/\",\"url\":\"https:\/\/fashiongold.lt\/lv\/papuosalas\/minimalistiski-laulibu-gredzeni-rombu-raksts-3-mm-paris\/\",\"name\":\"Minim\u0101listiski laul\u012bbas gredzeni - Romba raksts I Fashion Gold\",\"isPartOf\":{\"@id\":\"https:\/\/fashiongold.lt\/lv\/#website\"},\"primaryImageOfPage\":{\"@id\":\"https:\/\/fashiongold.lt\/lv\/papuosalas\/minimalistiski-laulibu-gredzeni-rombu-raksts-3-mm-paris\/#primaryimage\"},\"image\":{\"@id\":\"https:\/\/fashiongold.lt\/lv\/papuosalas\/minimalistiski-laulibu-gredzeni-rombu-raksts-3-mm-paris\/#primaryimage\"},\"thumbnailUrl\":\"https:\/\/fashiongold.lt\/wp-content\/uploads\/2025\/10\/8279-23f-Minimalistiniai-vestuviniai-ziedai-Rombo-rastas.png\",\"datePublished\":\"2025-10-12T18:09:40+00:00\",\"description\":\"Minim\u0101listiski, augstas kvalit\u0101tes laul\u012bbas gredzeni ar rombu tekst\u016bru - m\u016b\u017e\u012bgas elegances simbols. Lab\u0101k\u0101s cenas. Bezmaksas pieg\u0101de. Izgatavo\u0161ana 14 d.d.\",\"breadcrumb\":{\"@id\":\"https:\/\/fashiongold.lt\/lv\/papuosalas\/minimalistiski-laulibu-gredzeni-rombu-raksts-3-mm-paris\/#breadcrumb\"},\"inLanguage\":\"lv-LV\",\"potentialAction\":[{\"@type\":\"ReadAction\",\"target\":[\"https:\/\/fashiongold.lt\/lv\/papuosalas\/minimalistiski-laulibu-gredzeni-rombu-raksts-3-mm-paris\/\"]}]},{\"@type\":\"ImageObject\",\"inLanguage\":\"lv-LV\",\"@id\":\"https:\/\/fashiongold.lt\/lv\/papuosalas\/minimalistiski-laulibu-gredzeni-rombu-raksts-3-mm-paris\/#primaryimage\",\"url\":\"https:\/\/fashiongold.lt\/wp-content\/uploads\/2025\/10\/8279-23f-Minimalistiniai-vestuviniai-ziedai-Rombo-rastas.png\",\"contentUrl\":\"https:\/\/fashiongold.lt\/wp-content\/uploads\/2025\/10\/8279-23f-Minimalistiniai-vestuviniai-ziedai-Rombo-rastas.png\",\"width\":1000,\"height\":1000},{\"@type\":\"BreadcrumbList\",\"@id\":\"https:\/\/fashiongold.lt\/lv\/papuosalas\/minimalistiski-laulibu-gredzeni-rombu-raksts-3-mm-paris\/#breadcrumb\",\"itemListElement\":[{\"@type\":\"ListItem\",\"position\":1,\"name\":\"Home\",\"item\":\"https:\/\/fashiongold.lt\/lv\/\"},{\"@type\":\"ListItem\",\"position\":2,\"name\":\"Dimantu veikals Fashiongold.lt\",\"item\":\"https:\/\/fashiongold.lt\/shop-2\/\"},{\"@type\":\"ListItem\",\"position\":3,\"name\":\"Minim\u0101listiski laul\u012bbu gredzeni \u2013 Rombu raksts (3 mm) (p\u0101ris)\"}]},{\"@type\":\"WebSite\",\"@id\":\"https:\/\/fashiongold.lt\/lv\/#website\",\"url\":\"https:\/\/fashiongold.lt\/lv\/\",\"name\":\"Fashion Gold\",\"description\":\"Juvelyrikos namai\",\"publisher\":{\"@id\":\"https:\/\/fashiongold.lt\/lv\/#organization\"},\"potentialAction\":[{\"@type\":\"SearchAction\",\"target\":{\"@type\":\"EntryPoint\",\"urlTemplate\":\"https:\/\/fashiongold.lt\/lv\/?s={search_term_string}\"},\"query-input\":{\"@type\":\"PropertyValueSpecification\",\"valueRequired\":true,\"valueName\":\"search_term_string\"}}],\"inLanguage\":\"lv-LV\"},{\"@type\":\"Organization\",\"@id\":\"https:\/\/fashiongold.lt\/lv\/#organization\",\"name\":\"Topdiamonds Online\",\"url\":\"https:\/\/fashiongold.lt\/lv\/\",\"logo\":{\"@type\":\"ImageObject\",\"inLanguage\":\"lv-LV\",\"@id\":\"https:\/\/fashiongold.lt\/lv\/#\/schema\/logo\/image\/\",\"url\":\"https:\/\/fashiongold.lt\/wp-content\/uploads\/2025\/04\/cropped-fashion_gold_logotipas2-scaled-1.png\",\"contentUrl\":\"https:\/\/fashiongold.lt\/wp-content\/uploads\/2025\/04\/cropped-fashion_gold_logotipas2-scaled-1.png\",\"width\":2559,\"height\":421,\"caption\":\"Topdiamonds Online\"},\"image\":{\"@id\":\"https:\/\/fashiongold.lt\/lv\/#\/schema\/logo\/image\/\"}}]}<\/script>\n<!-- \/ Yoast SEO plugin. -->","yoast_head_json":{"title":"Minim\u0101listiski laul\u012bbas gredzeni - Romba raksts I Fashion Gold","description":"Minim\u0101listiski, augstas kvalit\u0101tes laul\u012bbas gredzeni ar rombu tekst\u016bru - m\u016b\u017e\u012bgas elegances simbols. Lab\u0101k\u0101s cenas. Bezmaksas pieg\u0101de. Izgatavo\u0161ana 14 d.d.","robots":{"index":"index","follow":"follow","max-snippet":"max-snippet:-1","max-image-preview":"max-image-preview:large","max-video-preview":"max-video-preview:-1"},"canonical":"https:\/\/fashiongold.lt\/lv\/papuosalas\/minimalistiski-laulibu-gredzeni-rombu-raksts-3-mm-paris\/","og_locale":"lv_LV","og_type":"article","og_title":"Minim\u0101listiski laul\u012bbas gredzeni - Romba raksts I Fashion Gold","og_description":"Minim\u0101listiski, augstas kvalit\u0101tes laul\u012bbas gredzeni ar rombu tekst\u016bru - m\u016b\u017e\u012bgas elegances simbols. Lab\u0101k\u0101s cenas. Bezmaksas pieg\u0101de. Izgatavo\u0161ana 14 d.d.","og_url":"https:\/\/fashiongold.lt\/lv\/papuosalas\/minimalistiski-laulibu-gredzeni-rombu-raksts-3-mm-paris\/","og_site_name":"FashionGold.lt","og_image":[{"width":1000,"height":1000,"url":"https:\/\/fashiongold.lt\/wp-content\/uploads\/2025\/10\/8279-23f-Minimalistiniai-vestuviniai-ziedai-Rombo-rastas.webp","type":"image\/png"}],"twitter_card":"summary_large_image","twitter_misc":{"Est. reading time":"1 minute"},"schema":{"@context":"https:\/\/schema.org","@graph":[{"@type":"WebPage","@id":"https:\/\/fashiongold.lt\/lv\/papuosalas\/minimalistiski-laulibu-gredzeni-rombu-raksts-3-mm-paris\/","url":"https:\/\/fashiongold.lt\/lv\/papuosalas\/minimalistiski-laulibu-gredzeni-rombu-raksts-3-mm-paris\/","name":"Minim\u0101listiski laul\u012bbas gredzeni - Romba raksts I Fashion Gold","isPartOf":{"@id":"https:\/\/fashiongold.lt\/lv\/#website"},"primaryImageOfPage":{"@id":"https:\/\/fashiongold.lt\/lv\/papuosalas\/minimalistiski-laulibu-gredzeni-rombu-raksts-3-mm-paris\/#primaryimage"},"image":{"@id":"https:\/\/fashiongold.lt\/lv\/papuosalas\/minimalistiski-laulibu-gredzeni-rombu-raksts-3-mm-paris\/#primaryimage"},"thumbnailUrl":"https:\/\/fashiongold.lt\/wp-content\/uploads\/2025\/10\/8279-23f-Minimalistiniai-vestuviniai-ziedai-Rombo-rastas.png","datePublished":"2025-10-12T18:09:40+00:00","description":"Minim\u0101listiski, augstas kvalit\u0101tes laul\u012bbas gredzeni ar rombu tekst\u016bru - m\u016b\u017e\u012bgas elegances simbols. Lab\u0101k\u0101s cenas. Bezmaksas pieg\u0101de. Izgatavo\u0161ana 14 d.d.","breadcrumb":{"@id":"https:\/\/fashiongold.lt\/lv\/papuosalas\/minimalistiski-laulibu-gredzeni-rombu-raksts-3-mm-paris\/#breadcrumb"},"inLanguage":"lv-LV","potentialAction":[{"@type":"ReadAction","target":["https:\/\/fashiongold.lt\/lv\/papuosalas\/minimalistiski-laulibu-gredzeni-rombu-raksts-3-mm-paris\/"]}]},{"@type":"ImageObject","inLanguage":"lv-LV","@id":"https:\/\/fashiongold.lt\/lv\/papuosalas\/minimalistiski-laulibu-gredzeni-rombu-raksts-3-mm-paris\/#primaryimage","url":"https:\/\/fashiongold.lt\/wp-content\/uploads\/2025\/10\/8279-23f-Minimalistiniai-vestuviniai-ziedai-Rombo-rastas.png","contentUrl":"https:\/\/fashiongold.lt\/wp-content\/uploads\/2025\/10\/8279-23f-Minimalistiniai-vestuviniai-ziedai-Rombo-rastas.png","width":1000,"height":1000},{"@type":"BreadcrumbList","@id":"https:\/\/fashiongold.lt\/lv\/papuosalas\/minimalistiski-laulibu-gredzeni-rombu-raksts-3-mm-paris\/#breadcrumb","itemListElement":[{"@type":"ListItem","position":1,"name":"Home","item":"https:\/\/fashiongold.lt\/lv\/"},{"@type":"ListItem","position":2,"name":"Dimantu veikals Fashiongold.lt","item":"https:\/\/fashiongold.lt\/shop-2\/"},{"@type":"ListItem","position":3,"name":"Minim\u0101listiski laul\u012bbu gredzeni \u2013 Rombu raksts (3 mm) (p\u0101ris)"}]},{"@type":"WebSite","@id":"https:\/\/fashiongold.lt\/lv\/#website","url":"https:\/\/fashiongold.lt\/lv\/","name":"Fashion Gold","description":"Juvelyrikos namai","publisher":{"@id":"https:\/\/fashiongold.lt\/lv\/#organization"},"potentialAction":[{"@type":"SearchAction","target":{"@type":"EntryPoint","urlTemplate":"https:\/\/fashiongold.lt\/lv\/?s={search_term_string}"},"query-input":{"@type":"PropertyValueSpecification","valueRequired":true,"valueName":"search_term_string"}}],"inLanguage":"lv-LV"},{"@type":"Organization","@id":"https:\/\/fashiongold.lt\/lv\/#organization","name":"Topdiamonds Online","url":"https:\/\/fashiongold.lt\/lv\/","logo":{"@type":"ImageObject","inLanguage":"lv-LV","@id":"https:\/\/fashiongold.lt\/lv\/#\/schema\/logo\/image\/","url":"https:\/\/fashiongold.lt\/wp-content\/uploads\/2025\/04\/cropped-fashion_gold_logotipas2-scaled-1.png","contentUrl":"https:\/\/fashiongold.lt\/wp-content\/uploads\/2025\/04\/cropped-fashion_gold_logotipas2-scaled-1.png","width":2559,"height":421,"caption":"Topdiamonds Online"},"image":{"@id":"https:\/\/fashiongold.lt\/lv\/#\/schema\/logo\/image\/"}}]}},"_links":{"self":[{"href":"https:\/\/fashiongold.lt\/lv\/wp-json\/wp\/v2\/product\/293811","targetHints":{"allow":["GET"]}}],"collection":[{"href":"https:\/\/fashiongold.lt\/lv\/wp-json\/wp\/v2\/product"}],"about":[{"href":"https:\/\/fashiongold.lt\/lv\/wp-json\/wp\/v2\/types\/product"}],"version-history":[{"count":0,"href":"https:\/\/fashiongold.lt\/lv\/wp-json\/wp\/v2\/product\/293811\/revisions"}],"wp:featuredmedia":[{"embeddable":true,"href":"https:\/\/fashiongold.lt\/lv\/wp-json\/wp\/v2\/media\/153596"}],"wp:attachment":[{"href":"https:\/\/fashiongold.lt\/lv\/wp-json\/wp\/v2\/media?parent=293811"}],"wp:term":[{"taxonomy":"product_brand","embeddable":true,"href":"https:\/\/fashiongold.lt\/lv\/wp-json\/wp\/v2\/product_brand?post=293811"},{"taxonomy":"product_cat","embeddable":true,"href":"https:\/\/fashiongold.lt\/lv\/wp-json\/wp\/v2\/product_cat?post=293811"},{"taxonomy":"product_tag","embeddable":true,"href":"https:\/\/fashiongold.lt\/lv\/wp-json\/wp\/v2\/product_tag?post=293811"}],"curies":[{"name":"wp","href":"https:\/\/api.w.org\/{rel}","templated":true}]}}