{"id":293911,"date":"2025-10-12T07:19:00","date_gmt":"2025-10-12T07:19:00","guid":{"rendered":"https:\/\/fashiongold.lt\/papuosalas\/laulibas-gredzeni-ar-divam-dimantu-rindam-5-mm-055-ct-paris\/"},"modified":"2025-10-12T07:19:00","modified_gmt":"2025-10-12T07:19:00","slug":"laulibas-gredzeni-ar-divam-dimantu-rindam-5-mm-055-ct-paris","status":"publish","type":"product","link":"https:\/\/fashiongold.lt\/lv\/papuosalas\/laulibas-gredzeni-ar-divam-dimantu-rindam-5-mm-055-ct-paris\/","title":{"rendered":"Laul\u012bbas gredzeni ar div\u0101m dimantu rind\u0101m (5 mm) (0,55 ct) (p\u0101ris)"},"content":{"rendered":"<p>Nep\u0101rsp\u0113jama skaistuma laul\u012bbas gredzeni ekskluz\u012bv\u0101 stil\u0101, augst\u0101 kvalit\u0101t\u0113, ar komforta zonu. Lieliska izv\u0113le, kas atspogu\u013co j\u016bsu m\u012blas st\u0101stu. To tehnolo\u0123ija izce\u013cas \u2013 laul\u012bbas gredzeni tiek izgatavoti no r\u016bd\u012bta zelta, kas ir iztur\u012bgs pret mikroplais\u0101m, nesatur ni\u0137eli un maz\u0101k skr\u0101p\u0113jas. Gredzeni var tikt izgatavoti p\u0113c pas\u016bt\u012bjuma: no sarkan\u0101, dzelten\u0101 un balt\u0101 zelta, par papildu samaksu ar citas zelta kr\u0101sas mali\u0146\u0101m, da\u017e\u0101du gredzenu platumu vai ar dimantiem.<\/p>\n<p>\u2022 Gredzena zelts: 14 K (585. prove), varam izgatavot no 10K (375. proves), 18K (750. proves)     <\/p>\n<p>\u2022 Gredzena kr\u0101sa: var izv\u0113l\u0113ties balto, dzelteno, sarkano zeltu vai ar citas kr\u0101sas mali\u0146\u0101m.       <\/p>\n<p>\u2022 Gredzenu p\u0101ra svars (atkar\u012bgs no izm\u0113ra un proves): aptuveni 15,00 &#8211; 18,00 g       <\/p>\n<p>\u2022 Gredzena izm\u0113ri: platums 5 mm (iesp\u0113jams main\u012bt)   <\/p>\n<p>\u2022 Gredzena komforta zona: ir <\/p>\n<p>\u2022 Dimanta veids: Dab\u012bgs dimants     <\/p>\n<p>\u2022 Dimanta forma: Apa\u013cas formas (Round cut)     <\/p>\n<p>\u2022 Dimanta raksturojums: 0,55 ct (kr\u0101sa W, t\u012br\u012bba Vs-SI) (iesp\u0113jams main\u012bt)     <\/p>\n<p>\u2022 Sertifik\u0101ts: Lietuvas Proves pal\u0101ta (LPR)      <\/p>\n<p>\u2022 Grav\u0113\u0161ana bez maksas<\/p>\n<p>\u2022 Vienreiz\u0113ja bezmaksas gredzena izm\u0113ra mai\u0146as garantija<\/p>\n<p>\u2022 Izgatavo\u0161anas un pieg\u0101des termi\u0146\u0161 no 14 darba dien\u0101m, steidzam\u012bbas k\u0101rt\u0101 3 darba dienu laik\u0101.<\/p>\n<p><strong>Jums ir savs zelts? Sazinieties ar mums, m\u0113s p\u0101rr\u0113\u0137in\u0101sim cenu \u2013 j\u016bs maks\u0101siet tikai par gredzenu izgatavo\u0161anu.<\/strong><\/p>\n","protected":false},"excerpt":{"rendered":"<p>Smagi un moderni roku darba laul\u012bbu gredzeni, kas savienoti no diviem gredzeniem un rot\u0101ti ar div\u0101m dimantu josl\u0101m. Tie ir augstas kvalit\u0101tes gredzeni ar komforta zonu (5 mm), kas pavad\u012bs j\u016bs visu m\u016b\u017eu.<\/p>\n","protected":false},"featured_media":142577,"template":"","meta":{"site-sidebar-layout":"","site-content-layout":"","ast-site-content-layout":"","site-content-style":"","site-sidebar-style":"","ast-global-header-display":"","ast-banner-title-visibility":"","ast-main-header-display":"","ast-hfb-above-header-display":"","ast-hfb-below-header-display":"","ast-hfb-mobile-header-display":"","site-post-title":"","ast-breadcrumbs-content":"","ast-featured-img":"","footer-sml-layout":"","ast-disable-related-posts":"","theme-transparent-header-meta":"","adv-header-id-meta":"","stick-header-meta":"","header-above-stick-meta":"","header-main-stick-meta":"","header-below-stick-meta":"","astra-migrate-meta-layouts":"default","ast-page-background-enabled":"default","ast-page-background-meta":{"desktop":{"background-color":"var(--ast-global-color-4)","background-image":"","background-repeat":"repeat","background-position":"center center","background-size":"auto","background-attachment":"scroll","background-type":"","background-media":"","overlay-type":"","overlay-color":"","overlay-opacity":"","overlay-gradient":""},"tablet":{"background-color":"","background-image":"","background-repeat":"repeat","background-position":"center center","background-size":"auto","background-attachment":"scroll","background-type":"","background-media":"","overlay-type":"","overlay-color":"","overlay-opacity":"","overlay-gradient":""},"mobile":{"background-color":"","background-image":"","background-repeat":"repeat","background-position":"center center","background-size":"auto","background-attachment":"scroll","background-type":"","background-media":"","overlay-type":"","overlay-color":"","overlay-opacity":"","overlay-gradient":""}},"ast-content-background-meta":{"desktop":{"background-color":"var(--ast-global-color-5)","background-image":"","background-repeat":"repeat","background-position":"center center","background-size":"auto","background-attachment":"scroll","background-type":"","background-media":"","overlay-type":"","overlay-color":"","overlay-opacity":"","overlay-gradient":""},"tablet":{"background-color":"var(--ast-global-color-5)","background-image":"","background-repeat":"repeat","background-position":"center center","background-size":"auto","background-attachment":"scroll","background-type":"","background-media":"","overlay-type":"","overlay-color":"","overlay-opacity":"","overlay-gradient":""},"mobile":{"background-color":"var(--ast-global-color-5)","background-image":"","background-repeat":"repeat","background-position":"center center","background-size":"auto","background-attachment":"scroll","background-type":"","background-media":"","overlay-type":"","overlay-color":"","overlay-opacity":"","overlay-gradient":""}}},"product_brand":[],"product_cat":[3522,3824,3741,3524,3809,3525,3527],"product_tag":[],"class_list":{"0":"post-293911","1":"product","2":"type-product","3":"status-publish","4":"has-post-thumbnail","6":"product_cat-balta-zelta-laulibu-gredzeni","7":"product_cat-divu-zelta-krasu-laulibu-gredzeni","8":"product_cat-ekskluzivi-laulibas-gredzeni-dizaineru-raditi","9":"product_cat-kazu-gredzeni","10":"product_cat-kazu-gredzeni-ar-briljantiem","11":"product_cat-laulibas-gredzeni-pariem","12":"product_cat-moderni-kazu-gredzeni","13":"desktop-align-center","14":"tablet-align-left","15":"mobile-align-left","16":"ast-product-gallery-layout-horizontal-slider","17":"ast-product-gallery-with-no-image","18":"ast-product-single-variable","19":"ast-product-tabs-layout-accordion","20":"ast-qv-on-image","22":"first","23":"instock","24":"taxable","25":"shipping-taxable","26":"purchasable","27":"product-type-variable"},"yoast_head":"<!-- This site is optimized with the Yoast SEO plugin v26.6 - https:\/\/yoast.com\/wordpress\/plugins\/seo\/ -->\n<title>K\u0101zu gredzeni ar div\u0101m dimantu rind\u0101m I Fashion Gold<\/title>\n<meta name=\"description\" content=\"Smagi un moderni roku darba laul\u012bbu gredzeni. Augsta kvalit\u0101te. Lab\u0101k\u0101s cenas. 30 gadu pieredze. Lietuvas Proves biroja sertifik\u0101ts. Bezmaksas pieg\u0101de.\" \/>\n<meta name=\"robots\" content=\"index, follow, max-snippet:-1, max-image-preview:large, max-video-preview:-1\" \/>\n<link rel=\"canonical\" href=\"https:\/\/fashiongold.lt\/lv\/papuosalas\/laulibas-gredzeni-ar-divam-dimantu-rindam-5-mm-055-ct-paris\/\" \/>\n<meta property=\"og:locale\" content=\"lv_LV\" \/>\n<meta property=\"og:type\" content=\"article\" \/>\n<meta property=\"og:title\" content=\"K\u0101zu gredzeni ar div\u0101m dimantu rind\u0101m I Fashion Gold\" \/>\n<meta property=\"og:description\" content=\"Smagi un moderni roku darba laul\u012bbu gredzeni. Augsta kvalit\u0101te. Lab\u0101k\u0101s cenas. 30 gadu pieredze. Lietuvas Proves biroja sertifik\u0101ts. Bezmaksas pieg\u0101de.\" \/>\n<meta property=\"og:url\" content=\"https:\/\/fashiongold.lt\/lv\/papuosalas\/laulibas-gredzeni-ar-divam-dimantu-rindam-5-mm-055-ct-paris\/\" \/>\n<meta property=\"og:site_name\" content=\"FashionGold.lt\" \/>\n<meta property=\"og:image\" content=\"https:\/\/fashiongold.lt\/wp-content\/uploads\/2025\/10\/8100-f6e-Vestuviniai-ziedai-su-dviem-eilem-deimantu.webp\" \/>\n\t<meta property=\"og:image:width\" content=\"1000\" \/>\n\t<meta property=\"og:image:height\" content=\"1000\" \/>\n\t<meta property=\"og:image:type\" content=\"image\/png\" \/>\n<meta name=\"twitter:card\" content=\"summary_large_image\" \/>\n<meta name=\"twitter:label1\" content=\"Est. reading time\" \/>\n\t<meta name=\"twitter:data1\" content=\"1 minute\" \/>\n<script type=\"application\/ld+json\" class=\"yoast-schema-graph\">{\"@context\":\"https:\/\/schema.org\",\"@graph\":[{\"@type\":\"WebPage\",\"@id\":\"https:\/\/fashiongold.lt\/lv\/papuosalas\/laulibas-gredzeni-ar-divam-dimantu-rindam-5-mm-055-ct-paris\/\",\"url\":\"https:\/\/fashiongold.lt\/lv\/papuosalas\/laulibas-gredzeni-ar-divam-dimantu-rindam-5-mm-055-ct-paris\/\",\"name\":\"K\u0101zu gredzeni ar div\u0101m dimantu rind\u0101m I Fashion Gold\",\"isPartOf\":{\"@id\":\"https:\/\/fashiongold.lt\/lv\/#website\"},\"primaryImageOfPage\":{\"@id\":\"https:\/\/fashiongold.lt\/lv\/papuosalas\/laulibas-gredzeni-ar-divam-dimantu-rindam-5-mm-055-ct-paris\/#primaryimage\"},\"image\":{\"@id\":\"https:\/\/fashiongold.lt\/lv\/papuosalas\/laulibas-gredzeni-ar-divam-dimantu-rindam-5-mm-055-ct-paris\/#primaryimage\"},\"thumbnailUrl\":\"https:\/\/fashiongold.lt\/wp-content\/uploads\/2025\/10\/8100-f6e-Vestuviniai-ziedai-su-dviem-eilem-deimantu.png\",\"datePublished\":\"2025-10-12T07:19:00+00:00\",\"description\":\"Smagi un moderni roku darba laul\u012bbu gredzeni. Augsta kvalit\u0101te. Lab\u0101k\u0101s cenas. 30 gadu pieredze. Lietuvas Proves biroja sertifik\u0101ts. Bezmaksas pieg\u0101de.\",\"breadcrumb\":{\"@id\":\"https:\/\/fashiongold.lt\/lv\/papuosalas\/laulibas-gredzeni-ar-divam-dimantu-rindam-5-mm-055-ct-paris\/#breadcrumb\"},\"inLanguage\":\"lv-LV\",\"potentialAction\":[{\"@type\":\"ReadAction\",\"target\":[\"https:\/\/fashiongold.lt\/lv\/papuosalas\/laulibas-gredzeni-ar-divam-dimantu-rindam-5-mm-055-ct-paris\/\"]}]},{\"@type\":\"ImageObject\",\"inLanguage\":\"lv-LV\",\"@id\":\"https:\/\/fashiongold.lt\/lv\/papuosalas\/laulibas-gredzeni-ar-divam-dimantu-rindam-5-mm-055-ct-paris\/#primaryimage\",\"url\":\"https:\/\/fashiongold.lt\/wp-content\/uploads\/2025\/10\/8100-f6e-Vestuviniai-ziedai-su-dviem-eilem-deimantu.png\",\"contentUrl\":\"https:\/\/fashiongold.lt\/wp-content\/uploads\/2025\/10\/8100-f6e-Vestuviniai-ziedai-su-dviem-eilem-deimantu.png\",\"width\":1000,\"height\":1000},{\"@type\":\"BreadcrumbList\",\"@id\":\"https:\/\/fashiongold.lt\/lv\/papuosalas\/laulibas-gredzeni-ar-divam-dimantu-rindam-5-mm-055-ct-paris\/#breadcrumb\",\"itemListElement\":[{\"@type\":\"ListItem\",\"position\":1,\"name\":\"Home\",\"item\":\"https:\/\/fashiongold.lt\/lv\/\"},{\"@type\":\"ListItem\",\"position\":2,\"name\":\"Dimantu veikals Fashiongold.lt\",\"item\":\"https:\/\/fashiongold.lt\/shop-2\/\"},{\"@type\":\"ListItem\",\"position\":3,\"name\":\"Laul\u012bbas gredzeni ar div\u0101m dimantu rind\u0101m (5 mm) (0,55 ct) (p\u0101ris)\"}]},{\"@type\":\"WebSite\",\"@id\":\"https:\/\/fashiongold.lt\/lv\/#website\",\"url\":\"https:\/\/fashiongold.lt\/lv\/\",\"name\":\"Fashion Gold\",\"description\":\"Juvelyrikos namai\",\"publisher\":{\"@id\":\"https:\/\/fashiongold.lt\/lv\/#organization\"},\"potentialAction\":[{\"@type\":\"SearchAction\",\"target\":{\"@type\":\"EntryPoint\",\"urlTemplate\":\"https:\/\/fashiongold.lt\/lv\/?s={search_term_string}\"},\"query-input\":{\"@type\":\"PropertyValueSpecification\",\"valueRequired\":true,\"valueName\":\"search_term_string\"}}],\"inLanguage\":\"lv-LV\"},{\"@type\":\"Organization\",\"@id\":\"https:\/\/fashiongold.lt\/lv\/#organization\",\"name\":\"Topdiamonds Online\",\"url\":\"https:\/\/fashiongold.lt\/lv\/\",\"logo\":{\"@type\":\"ImageObject\",\"inLanguage\":\"lv-LV\",\"@id\":\"https:\/\/fashiongold.lt\/lv\/#\/schema\/logo\/image\/\",\"url\":\"https:\/\/fashiongold.lt\/wp-content\/uploads\/2025\/04\/cropped-fashion_gold_logotipas2-scaled-1.png\",\"contentUrl\":\"https:\/\/fashiongold.lt\/wp-content\/uploads\/2025\/04\/cropped-fashion_gold_logotipas2-scaled-1.png\",\"width\":2559,\"height\":421,\"caption\":\"Topdiamonds Online\"},\"image\":{\"@id\":\"https:\/\/fashiongold.lt\/lv\/#\/schema\/logo\/image\/\"}}]}<\/script>\n<!-- \/ Yoast SEO plugin. -->","yoast_head_json":{"title":"K\u0101zu gredzeni ar div\u0101m dimantu rind\u0101m I Fashion Gold","description":"Smagi un moderni roku darba laul\u012bbu gredzeni. Augsta kvalit\u0101te. Lab\u0101k\u0101s cenas. 30 gadu pieredze. Lietuvas Proves biroja sertifik\u0101ts. Bezmaksas pieg\u0101de.","robots":{"index":"index","follow":"follow","max-snippet":"max-snippet:-1","max-image-preview":"max-image-preview:large","max-video-preview":"max-video-preview:-1"},"canonical":"https:\/\/fashiongold.lt\/lv\/papuosalas\/laulibas-gredzeni-ar-divam-dimantu-rindam-5-mm-055-ct-paris\/","og_locale":"lv_LV","og_type":"article","og_title":"K\u0101zu gredzeni ar div\u0101m dimantu rind\u0101m I Fashion Gold","og_description":"Smagi un moderni roku darba laul\u012bbu gredzeni. Augsta kvalit\u0101te. Lab\u0101k\u0101s cenas. 30 gadu pieredze. Lietuvas Proves biroja sertifik\u0101ts. Bezmaksas pieg\u0101de.","og_url":"https:\/\/fashiongold.lt\/lv\/papuosalas\/laulibas-gredzeni-ar-divam-dimantu-rindam-5-mm-055-ct-paris\/","og_site_name":"FashionGold.lt","og_image":[{"width":1000,"height":1000,"url":"https:\/\/fashiongold.lt\/wp-content\/uploads\/2025\/10\/8100-f6e-Vestuviniai-ziedai-su-dviem-eilem-deimantu.webp","type":"image\/png"}],"twitter_card":"summary_large_image","twitter_misc":{"Est. reading time":"1 minute"},"schema":{"@context":"https:\/\/schema.org","@graph":[{"@type":"WebPage","@id":"https:\/\/fashiongold.lt\/lv\/papuosalas\/laulibas-gredzeni-ar-divam-dimantu-rindam-5-mm-055-ct-paris\/","url":"https:\/\/fashiongold.lt\/lv\/papuosalas\/laulibas-gredzeni-ar-divam-dimantu-rindam-5-mm-055-ct-paris\/","name":"K\u0101zu gredzeni ar div\u0101m dimantu rind\u0101m I Fashion Gold","isPartOf":{"@id":"https:\/\/fashiongold.lt\/lv\/#website"},"primaryImageOfPage":{"@id":"https:\/\/fashiongold.lt\/lv\/papuosalas\/laulibas-gredzeni-ar-divam-dimantu-rindam-5-mm-055-ct-paris\/#primaryimage"},"image":{"@id":"https:\/\/fashiongold.lt\/lv\/papuosalas\/laulibas-gredzeni-ar-divam-dimantu-rindam-5-mm-055-ct-paris\/#primaryimage"},"thumbnailUrl":"https:\/\/fashiongold.lt\/wp-content\/uploads\/2025\/10\/8100-f6e-Vestuviniai-ziedai-su-dviem-eilem-deimantu.png","datePublished":"2025-10-12T07:19:00+00:00","description":"Smagi un moderni roku darba laul\u012bbu gredzeni. Augsta kvalit\u0101te. Lab\u0101k\u0101s cenas. 30 gadu pieredze. Lietuvas Proves biroja sertifik\u0101ts. Bezmaksas pieg\u0101de.","breadcrumb":{"@id":"https:\/\/fashiongold.lt\/lv\/papuosalas\/laulibas-gredzeni-ar-divam-dimantu-rindam-5-mm-055-ct-paris\/#breadcrumb"},"inLanguage":"lv-LV","potentialAction":[{"@type":"ReadAction","target":["https:\/\/fashiongold.lt\/lv\/papuosalas\/laulibas-gredzeni-ar-divam-dimantu-rindam-5-mm-055-ct-paris\/"]}]},{"@type":"ImageObject","inLanguage":"lv-LV","@id":"https:\/\/fashiongold.lt\/lv\/papuosalas\/laulibas-gredzeni-ar-divam-dimantu-rindam-5-mm-055-ct-paris\/#primaryimage","url":"https:\/\/fashiongold.lt\/wp-content\/uploads\/2025\/10\/8100-f6e-Vestuviniai-ziedai-su-dviem-eilem-deimantu.png","contentUrl":"https:\/\/fashiongold.lt\/wp-content\/uploads\/2025\/10\/8100-f6e-Vestuviniai-ziedai-su-dviem-eilem-deimantu.png","width":1000,"height":1000},{"@type":"BreadcrumbList","@id":"https:\/\/fashiongold.lt\/lv\/papuosalas\/laulibas-gredzeni-ar-divam-dimantu-rindam-5-mm-055-ct-paris\/#breadcrumb","itemListElement":[{"@type":"ListItem","position":1,"name":"Home","item":"https:\/\/fashiongold.lt\/lv\/"},{"@type":"ListItem","position":2,"name":"Dimantu veikals Fashiongold.lt","item":"https:\/\/fashiongold.lt\/shop-2\/"},{"@type":"ListItem","position":3,"name":"Laul\u012bbas gredzeni ar div\u0101m dimantu rind\u0101m (5 mm) (0,55 ct) (p\u0101ris)"}]},{"@type":"WebSite","@id":"https:\/\/fashiongold.lt\/lv\/#website","url":"https:\/\/fashiongold.lt\/lv\/","name":"Fashion Gold","description":"Juvelyrikos namai","publisher":{"@id":"https:\/\/fashiongold.lt\/lv\/#organization"},"potentialAction":[{"@type":"SearchAction","target":{"@type":"EntryPoint","urlTemplate":"https:\/\/fashiongold.lt\/lv\/?s={search_term_string}"},"query-input":{"@type":"PropertyValueSpecification","valueRequired":true,"valueName":"search_term_string"}}],"inLanguage":"lv-LV"},{"@type":"Organization","@id":"https:\/\/fashiongold.lt\/lv\/#organization","name":"Topdiamonds Online","url":"https:\/\/fashiongold.lt\/lv\/","logo":{"@type":"ImageObject","inLanguage":"lv-LV","@id":"https:\/\/fashiongold.lt\/lv\/#\/schema\/logo\/image\/","url":"https:\/\/fashiongold.lt\/wp-content\/uploads\/2025\/04\/cropped-fashion_gold_logotipas2-scaled-1.png","contentUrl":"https:\/\/fashiongold.lt\/wp-content\/uploads\/2025\/04\/cropped-fashion_gold_logotipas2-scaled-1.png","width":2559,"height":421,"caption":"Topdiamonds Online"},"image":{"@id":"https:\/\/fashiongold.lt\/lv\/#\/schema\/logo\/image\/"}}]}},"_links":{"self":[{"href":"https:\/\/fashiongold.lt\/lv\/wp-json\/wp\/v2\/product\/293911","targetHints":{"allow":["GET"]}}],"collection":[{"href":"https:\/\/fashiongold.lt\/lv\/wp-json\/wp\/v2\/product"}],"about":[{"href":"https:\/\/fashiongold.lt\/lv\/wp-json\/wp\/v2\/types\/product"}],"version-history":[{"count":0,"href":"https:\/\/fashiongold.lt\/lv\/wp-json\/wp\/v2\/product\/293911\/revisions"}],"wp:featuredmedia":[{"embeddable":true,"href":"https:\/\/fashiongold.lt\/lv\/wp-json\/wp\/v2\/media\/142577"}],"wp:attachment":[{"href":"https:\/\/fashiongold.lt\/lv\/wp-json\/wp\/v2\/media?parent=293911"}],"wp:term":[{"taxonomy":"product_brand","embeddable":true,"href":"https:\/\/fashiongold.lt\/lv\/wp-json\/wp\/v2\/product_brand?post=293911"},{"taxonomy":"product_cat","embeddable":true,"href":"https:\/\/fashiongold.lt\/lv\/wp-json\/wp\/v2\/product_cat?post=293911"},{"taxonomy":"product_tag","embeddable":true,"href":"https:\/\/fashiongold.lt\/lv\/wp-json\/wp\/v2\/product_tag?post=293911"}],"curies":[{"name":"wp","href":"https:\/\/api.w.org\/{rel}","templated":true}]}}