{"id":294327,"date":"2025-08-11T17:41:54","date_gmt":"2025-08-11T17:41:54","guid":{"rendered":"https:\/\/fashiongold.lt\/papuosalas\/halo-dizaina-auskari-ar-dimantiem-oval-2-70-ct\/"},"modified":"2025-08-11T17:41:54","modified_gmt":"2025-08-11T17:41:54","slug":"halo-dizaina-auskari-ar-dimantiem-oval-2-70-ct","status":"publish","type":"product","link":"https:\/\/fashiongold.lt\/lv\/rotaslieta\/halo-dizaina-auskari-ar-dimantiem-oval-2-70-ct\/","title":{"rendered":"Halo dizaina auskari ar dimantiem \u2013 Oval (2.70 ct)"},"content":{"rendered":"<h3 data-start=\"168\" data-end=\"433\">Ov\u0101las formas dimanti \u0161ajos auskaros simboliz\u0113 perfektu ciklu, bez s\u0101kuma un beig\u0101m.<\/h3>\n<p data-start=\"168\" data-end=\"433\">Rotaslietas tiek izgatavotas p\u0113c augst\u0101kajiem juvelierizstr\u0101d\u0101jumu ra\u017eo\u0161anas standartiem. P\u0113c klienta v\u0113lmes, par papildu samaksu varam izmantot augst\u0101kas kvalit\u0101tes dimantus.<\/p>\n<p>&nbsp;<\/p>\n<p>\u2022 <a href=\"https:\/\/fashiongold.lt\/lv\/patarimai-lv\/zelta-prove-auskariem-ka-izveleties-kvalitativas-un-ilgmuzigas-rotaslietas\/\" target=\"_blank\" rel=\"noopener\"><strong>C\u0113lmet\u0101li<\/strong><\/a>: 14K (585 prove), 18K (750 prove), 900 plat\u012bns<br \/>\n\u2022 <a href=\"https:\/\/fashiongold.lt\/lv\/patarimai-lv\/auskaru-zelta-krasa-baltais-sarkanais-un-dzeltenais-zelts-ar-dimantiem\/\" target=\"_blank\" rel=\"noopener\"><strong>Zelta kr\u0101su izv\u0113le<\/strong><\/a>: dzeltenais, sarkanais, baltais<br \/>\n\u2022 <strong><a href=\"https:\/\/fashiongold.lt\/lv\/patarimai-lv\/auskari-ar-dimantiem-idealas-proporcijas-ka-izveleties-idealos\/\" target=\"_blank\" rel=\"noopener\">Auskaru kro\u0146a diametrs<\/a><\/strong>: aptuveni 8 mm x 6 mm<br \/>\n\u2022 Kop\u0113jais <a href=\"https:\/\/fashiongold.lt\/auskaru-aukso-svoris\/\" target=\"_blank\" rel=\"noopener\"><strong>zelta svars<\/strong><\/a>: aptuveni 2.00 g<br \/>\n\u2022 Kop\u0113jais <strong><a href=\"https:\/\/fashiongold.lt\/deimantu-svoris\/\" target=\"_blank\" rel=\"noopener\">dimantu svars<\/a><\/strong>: 2.70 ct<br \/>\n\u2022 <strong><a href=\"https:\/\/fashiongold.lt\/lv\/patarimai-lv\/dimants-citas-dimanta-formas\/\" target=\"_blank\" rel=\"noopener\">Dimantu forma un griezums<\/a><\/strong>: Ov\u0101la forma (<em>Oval cut<\/em>)<br \/>\n\u2022 <strong><a href=\"https:\/\/fashiongold.lt\/lv\/patarimai-lv\/dimants-dabigs-laboratorija-audzets-vai-maksligs-ka-izveleties-pareizi\/\" target=\"_blank\" rel=\"noopener\">Dimantu izcelsme<\/a><\/strong>: Laboratorij\u0101 audz\u0113ti dimanti vai dab\u012bgie dimanti<br \/>\n\u2022 <a href=\"https:\/\/fashiongold.lt\/lv\/patarimai-lv\/dimants-kas-jazina-pirms-iegades\/\" target=\"_blank\" rel=\"noopener\"><strong>Dimanta svars un raksturojums<\/strong><\/a> (iesp\u0113jams main\u012bt):<br \/>\nLaboratorij\u0101 audz\u0113ts dimants (IGI sertifik\u0101ts): 1.20 ct dimants (kr\u0101sa D-E, t\u012br\u012bba VVS)<br \/>\nDab\u012bgs dimants (GIA sertifik\u0101ts): 1.20 ct dimants (kr\u0101sa G-I, t\u012br\u012bba SI)<br \/>\nHalo apdar\u0113: aptuveni 0.15 ct dimanti<br \/>\n\u2022 <a href=\"https:\/\/fashiongold.lt\/lv\/piegade-un-atgriesana\/\" target=\"_blank\" rel=\"noopener\"><strong>Izgatavo\u0161anas un pieg\u0101des laiks<\/strong><\/a>: parasti aptuveni 14 d. d., nepiecie\u0161am\u012bbas gad\u012bjum\u0101 varam piel\u0101got steidzamu variantu <span data-sheets-root=\"1\">\u2013 <\/span>7 d. d.<br \/>\n<strong>Piez\u012bme<\/strong>: p\u0113rkot Halo stila auskarus, iesp\u0113jama kop\u0113j\u0101 kar\u0101tu svara k\u013c\u016bda: 2.68 &#8211; 2.72 ct<\/p>\n<p>&nbsp;<\/p>\n<p>Vai jums ir savs zelts vai d\u0101rgakmens? \u0160\u0101d\u0101 gad\u012bjum\u0101 auskaru cena b\u016bs maz\u0101ka <span data-sheets-root=\"1\">\u2013<\/span> maks\u0101siet tikai par rotaslietas izgatavo\u0161anu. V\u0113laties main\u012bt dimantu raksturojumu \u2013 kr\u0101su, izm\u0113ru vai t\u012br\u012bbu? Visu varam piel\u0101got j\u016bsu vajadz\u012bb\u0101m. <strong><a href=\"https:\/\/fashiongold.lt\/lv\/kontakti\/\" target=\"_blank\" rel=\"noopener\">Sazinieties<\/a><\/strong> ar mums, un m\u0113s apspried\u012bsim individu\u0101l\u0101s iesp\u0113jas.<br \/>\nIkviens atrad\u012bs juvelierizstr\u0101d\u0101jumus ar dimantiem p\u0113c sava stila \u2013 no subtiliem klasiskajiem l\u012bdz grezniem akcentiem. FashionGold aicina personaliz\u0113t rotaslietas un p\u0101rv\u0113rst t\u0101s par j\u016bsu unik\u0101lo st\u0101stu.<\/p>\n","protected":false},"excerpt":{"rendered":"<h2>Halo auskari ar dimantiem (2.70 ct) \u2013 patiess m\u016b\u017e\u012bbas simbols.<\/h2>\n<p>\u0160iem auskariem ar <em>Oval<\/em> sl\u012bp\u0113juma dimantiem ir dzi\u013ca simboliska noz\u012bme. Ov\u0101la formai rakstur\u012bgais viengabalainums atg\u0101dina m\u016b\u017e\u012bgu m\u012blest\u012bbu un perfektu ciklu. Halo vainidzi\u0146\u0161 ap centr\u0101lo akmeni uzsver \u0161o ideju \u2013 gaisma pl\u016bst no vis\u0101m pus\u0113m, it k\u0101 uzsverot nep\u0101rtrauktu saikni. T\u0101 nav tikai rota, bet ar\u012b j\u0113gpilna elegances izpausme.<\/p>\n","protected":false},"featured_media":30656,"template":"","meta":{"site-sidebar-layout":"default","site-content-layout":"","ast-site-content-layout":"default","site-content-style":"default","site-sidebar-style":"default","ast-global-header-display":"","ast-banner-title-visibility":"","ast-main-header-display":"","ast-hfb-above-header-display":"","ast-hfb-below-header-display":"","ast-hfb-mobile-header-display":"","site-post-title":"","ast-breadcrumbs-content":"","ast-featured-img":"","footer-sml-layout":"","ast-disable-related-posts":"","theme-transparent-header-meta":"default","adv-header-id-meta":"","stick-header-meta":"","header-above-stick-meta":"","header-main-stick-meta":"","header-below-stick-meta":"","astra-migrate-meta-layouts":"default","ast-page-background-enabled":"default","ast-page-background-meta":{"desktop":{"background-color":"var(--ast-global-color-4)","background-image":"","background-repeat":"repeat","background-position":"center center","background-size":"auto","background-attachment":"scroll","background-type":"","background-media":"","overlay-type":"","overlay-color":"","overlay-opacity":"","overlay-gradient":""},"tablet":{"background-color":"","background-image":"","background-repeat":"repeat","background-position":"center center","background-size":"auto","background-attachment":"scroll","background-type":"","background-media":"","overlay-type":"","overlay-color":"","overlay-opacity":"","overlay-gradient":""},"mobile":{"background-color":"","background-image":"","background-repeat":"repeat","background-position":"center center","background-size":"auto","background-attachment":"scroll","background-type":"","background-media":"","overlay-type":"","overlay-color":"","overlay-opacity":"","overlay-gradient":""}},"ast-content-background-meta":{"desktop":{"background-color":"var(--ast-global-color-5)","background-image":"","background-repeat":"repeat","background-position":"center center","background-size":"auto","background-attachment":"scroll","background-type":"","background-media":"","overlay-type":"","overlay-color":"","overlay-opacity":"","overlay-gradient":""},"tablet":{"background-color":"var(--ast-global-color-5)","background-image":"","background-repeat":"repeat","background-position":"center center","background-size":"auto","background-attachment":"scroll","background-type":"","background-media":"","overlay-type":"","overlay-color":"","overlay-opacity":"","overlay-gradient":""},"mobile":{"background-color":"var(--ast-global-color-5)","background-image":"","background-repeat":"repeat","background-position":"center center","background-size":"auto","background-attachment":"scroll","background-type":"","background-media":"","overlay-type":"","overlay-color":"","overlay-opacity":"","overlay-gradient":""}}},"product_brand":[],"product_cat":[2978,3505,2915,2913,2921,2920,3403,2916,2914,2933,3042,3504,2922,2932],"product_tag":[],"class_list":{"0":"post-294327","1":"product","2":"type-product","3":"status-publish","4":"has-post-thumbnail","6":"product_cat-auskari-ar-dimantiem","7":"product_cat-auskari-ar-dimantiem-laboratorijas","8":"product_cat-davanas-berna-piedzimsanai","9":"product_cat-davanas-dzimsanas-diena","10":"product_cat-davanas-ipasiem-gadijumiem","11":"product_cat-davanas-izlaidumam","12":"product_cat-davanas-kazam","13":"product_cat-davanas-kazu-gadadiena","14":"product_cat-davanas-sievietem","15":"product_cat-davanu-idejas","16":"product_cat-juvelierizstradajumi","17":"product_cat-juvelierizstradajumi-ar-laboratorija-audzetiem-dimantiem","18":"product_cat-mates-dienas-davanas","19":"product_cat-rotaslietas-sievietem","20":"desktop-align-center","21":"tablet-align-left","22":"mobile-align-left","23":"ast-product-gallery-layout-horizontal-slider","24":"ast-product-single-variable","25":"ast-product-tabs-layout-accordion","26":"ast-qv-on-image","28":"first","29":"instock","30":"taxable","31":"shipping-taxable","32":"purchasable","33":"product-type-variable"},"yoast_head":"<!-- This site is optimized with the Yoast SEO plugin v26.6 - https:\/\/yoast.com\/wordpress\/plugins\/seo\/ -->\n<title>Halo dizaina auskari ar dimantiem \u2013 Oval (2.70 ct)<\/title>\n<meta name=\"description\" content=\"Auskari ar dimantiem, kuru centr\u0101 mirdzo\u0161ie ov\u0101las formas akme\u0146i simboliz\u0113 m\u016b\u017e\u012bbu. Halo vainadzi\u0146\u0161 pie\u0161\u0137ir mirdzumu un papildu izsmalcin\u0101t\u012bbu.\" \/>\n<meta name=\"robots\" content=\"index, follow, max-snippet:-1, max-image-preview:large, max-video-preview:-1\" \/>\n<link rel=\"canonical\" href=\"https:\/\/fashiongold.lt\/lv\/rotaslieta\/halo-dizaina-auskari-ar-dimantiem-oval-2-70-ct\/\" \/>\n<meta property=\"og:locale\" content=\"lv_LV\" \/>\n<meta property=\"og:type\" content=\"article\" \/>\n<meta property=\"og:title\" content=\"Halo dizaina auskari ar dimantiem \u2013 Oval (2.70 ct)\" \/>\n<meta property=\"og:description\" content=\"Auskari ar dimantiem, kuru centr\u0101 mirdzo\u0161ie ov\u0101las formas akme\u0146i simboliz\u0113 m\u016b\u017e\u012bbu. Halo vainadzi\u0146\u0161 pie\u0161\u0137ir mirdzumu un papildu izsmalcin\u0101t\u012bbu.\" \/>\n<meta property=\"og:url\" content=\"https:\/\/fashiongold.lt\/lv\/rotaslieta\/halo-dizaina-auskari-ar-dimantiem-oval-2-70-ct\/\" \/>\n<meta property=\"og:site_name\" content=\"FashionGold.lt\" \/>\n<meta property=\"og:image\" content=\"https:\/\/fashiongold.lt\/wp-content\/uploads\/2025\/08\/Auskarai-su-deimantais-OVAL-HALO-DEIMANTAI-2023-1.webp\" \/>\n\t<meta property=\"og:image:width\" content=\"800\" \/>\n\t<meta property=\"og:image:height\" content=\"800\" \/>\n\t<meta property=\"og:image:type\" content=\"image\/jpeg\" \/>\n<meta name=\"twitter:card\" content=\"summary_large_image\" \/>\n<meta name=\"twitter:label1\" content=\"Est. reading time\" \/>\n\t<meta name=\"twitter:data1\" content=\"1 minute\" \/>\n<script type=\"application\/ld+json\" class=\"yoast-schema-graph\">{\"@context\":\"https:\/\/schema.org\",\"@graph\":[{\"@type\":\"WebPage\",\"@id\":\"https:\/\/fashiongold.lt\/lv\/rotaslieta\/halo-dizaina-auskari-ar-dimantiem-oval-2-70-ct\/\",\"url\":\"https:\/\/fashiongold.lt\/lv\/rotaslieta\/halo-dizaina-auskari-ar-dimantiem-oval-2-70-ct\/\",\"name\":\"Halo dizaina auskari ar dimantiem \u2013 Oval (2.70 ct)\",\"isPartOf\":{\"@id\":\"https:\/\/fashiongold.lt\/lv\/#website\"},\"primaryImageOfPage\":{\"@id\":\"https:\/\/fashiongold.lt\/lv\/rotaslieta\/halo-dizaina-auskari-ar-dimantiem-oval-2-70-ct\/#primaryimage\"},\"image\":{\"@id\":\"https:\/\/fashiongold.lt\/lv\/rotaslieta\/halo-dizaina-auskari-ar-dimantiem-oval-2-70-ct\/#primaryimage\"},\"thumbnailUrl\":\"https:\/\/fashiongold.lt\/wp-content\/uploads\/2025\/08\/Auskarai-su-deimantais-OVAL-HALO-DEIMANTAI-2023-1.jpg\",\"datePublished\":\"2025-08-11T17:41:54+00:00\",\"description\":\"Auskari ar dimantiem, kuru centr\u0101 mirdzo\u0161ie ov\u0101las formas akme\u0146i simboliz\u0113 m\u016b\u017e\u012bbu. Halo vainadzi\u0146\u0161 pie\u0161\u0137ir mirdzumu un papildu izsmalcin\u0101t\u012bbu.\",\"breadcrumb\":{\"@id\":\"https:\/\/fashiongold.lt\/lv\/rotaslieta\/halo-dizaina-auskari-ar-dimantiem-oval-2-70-ct\/#breadcrumb\"},\"inLanguage\":\"lv-LV\",\"potentialAction\":[{\"@type\":\"ReadAction\",\"target\":[\"https:\/\/fashiongold.lt\/lv\/rotaslieta\/halo-dizaina-auskari-ar-dimantiem-oval-2-70-ct\/\"]}]},{\"@type\":\"ImageObject\",\"inLanguage\":\"lv-LV\",\"@id\":\"https:\/\/fashiongold.lt\/lv\/rotaslieta\/halo-dizaina-auskari-ar-dimantiem-oval-2-70-ct\/#primaryimage\",\"url\":\"https:\/\/fashiongold.lt\/wp-content\/uploads\/2025\/08\/Auskarai-su-deimantais-OVAL-HALO-DEIMANTAI-2023-1.jpg\",\"contentUrl\":\"https:\/\/fashiongold.lt\/wp-content\/uploads\/2025\/08\/Auskarai-su-deimantais-OVAL-HALO-DEIMANTAI-2023-1.jpg\",\"width\":800,\"height\":800,\"caption\":\"Auskarai su deimantais ir halo juostele i\u0161 balto aukso arba platinos - oval deimantai\"},{\"@type\":\"BreadcrumbList\",\"@id\":\"https:\/\/fashiongold.lt\/lv\/rotaslieta\/halo-dizaina-auskari-ar-dimantiem-oval-2-70-ct\/#breadcrumb\",\"itemListElement\":[{\"@type\":\"ListItem\",\"position\":1,\"name\":\"Home\",\"item\":\"https:\/\/fashiongold.lt\/lv\/\"},{\"@type\":\"ListItem\",\"position\":2,\"name\":\"Dimantu veikals Fashiongold.lt\",\"item\":\"https:\/\/fashiongold.lt\/shop-2\/\"},{\"@type\":\"ListItem\",\"position\":3,\"name\":\"Halo dizaina auskari ar dimantiem \u2013 Oval (2.70 ct)\"}]},{\"@type\":\"WebSite\",\"@id\":\"https:\/\/fashiongold.lt\/lv\/#website\",\"url\":\"https:\/\/fashiongold.lt\/lv\/\",\"name\":\"Fashion Gold\",\"description\":\"Juvelierizstr\u0101d\u0101jumu nams\",\"publisher\":{\"@id\":\"https:\/\/fashiongold.lt\/lv\/#organization\"},\"potentialAction\":[{\"@type\":\"SearchAction\",\"target\":{\"@type\":\"EntryPoint\",\"urlTemplate\":\"https:\/\/fashiongold.lt\/lv\/?s={search_term_string}\"},\"query-input\":{\"@type\":\"PropertyValueSpecification\",\"valueRequired\":true,\"valueName\":\"search_term_string\"}}],\"inLanguage\":\"lv-LV\"},{\"@type\":\"Organization\",\"@id\":\"https:\/\/fashiongold.lt\/lv\/#organization\",\"name\":\"Topdiamonds Online\",\"url\":\"https:\/\/fashiongold.lt\/lv\/\",\"logo\":{\"@type\":\"ImageObject\",\"inLanguage\":\"lv-LV\",\"@id\":\"https:\/\/fashiongold.lt\/lv\/#\/schema\/logo\/image\/\",\"url\":\"https:\/\/fashiongold.lt\/wp-content\/uploads\/2025\/04\/cropped-fashion_gold_logotipas2-scaled-1.png\",\"contentUrl\":\"https:\/\/fashiongold.lt\/wp-content\/uploads\/2025\/04\/cropped-fashion_gold_logotipas2-scaled-1.png\",\"width\":2559,\"height\":421,\"caption\":\"Topdiamonds Online\"},\"image\":{\"@id\":\"https:\/\/fashiongold.lt\/lv\/#\/schema\/logo\/image\/\"}}]}<\/script>\n<!-- \/ Yoast SEO plugin. -->","yoast_head_json":{"title":"Halo dizaina auskari ar dimantiem \u2013 Oval (2.70 ct)","description":"Auskari ar dimantiem, kuru centr\u0101 mirdzo\u0161ie ov\u0101las formas akme\u0146i simboliz\u0113 m\u016b\u017e\u012bbu. Halo vainadzi\u0146\u0161 pie\u0161\u0137ir mirdzumu un papildu izsmalcin\u0101t\u012bbu.","robots":{"index":"index","follow":"follow","max-snippet":"max-snippet:-1","max-image-preview":"max-image-preview:large","max-video-preview":"max-video-preview:-1"},"canonical":"https:\/\/fashiongold.lt\/lv\/rotaslieta\/halo-dizaina-auskari-ar-dimantiem-oval-2-70-ct\/","og_locale":"lv_LV","og_type":"article","og_title":"Halo dizaina auskari ar dimantiem \u2013 Oval (2.70 ct)","og_description":"Auskari ar dimantiem, kuru centr\u0101 mirdzo\u0161ie ov\u0101las formas akme\u0146i simboliz\u0113 m\u016b\u017e\u012bbu. Halo vainadzi\u0146\u0161 pie\u0161\u0137ir mirdzumu un papildu izsmalcin\u0101t\u012bbu.","og_url":"https:\/\/fashiongold.lt\/lv\/rotaslieta\/halo-dizaina-auskari-ar-dimantiem-oval-2-70-ct\/","og_site_name":"FashionGold.lt","og_image":[{"width":800,"height":800,"url":"https:\/\/fashiongold.lt\/wp-content\/uploads\/2025\/08\/Auskarai-su-deimantais-OVAL-HALO-DEIMANTAI-2023-1.webp","type":"image\/jpeg"}],"twitter_card":"summary_large_image","twitter_misc":{"Est. reading time":"1 minute"},"schema":{"@context":"https:\/\/schema.org","@graph":[{"@type":"WebPage","@id":"https:\/\/fashiongold.lt\/lv\/rotaslieta\/halo-dizaina-auskari-ar-dimantiem-oval-2-70-ct\/","url":"https:\/\/fashiongold.lt\/lv\/rotaslieta\/halo-dizaina-auskari-ar-dimantiem-oval-2-70-ct\/","name":"Halo dizaina auskari ar dimantiem \u2013 Oval (2.70 ct)","isPartOf":{"@id":"https:\/\/fashiongold.lt\/lv\/#website"},"primaryImageOfPage":{"@id":"https:\/\/fashiongold.lt\/lv\/rotaslieta\/halo-dizaina-auskari-ar-dimantiem-oval-2-70-ct\/#primaryimage"},"image":{"@id":"https:\/\/fashiongold.lt\/lv\/rotaslieta\/halo-dizaina-auskari-ar-dimantiem-oval-2-70-ct\/#primaryimage"},"thumbnailUrl":"https:\/\/fashiongold.lt\/wp-content\/uploads\/2025\/08\/Auskarai-su-deimantais-OVAL-HALO-DEIMANTAI-2023-1.jpg","datePublished":"2025-08-11T17:41:54+00:00","description":"Auskari ar dimantiem, kuru centr\u0101 mirdzo\u0161ie ov\u0101las formas akme\u0146i simboliz\u0113 m\u016b\u017e\u012bbu. Halo vainadzi\u0146\u0161 pie\u0161\u0137ir mirdzumu un papildu izsmalcin\u0101t\u012bbu.","breadcrumb":{"@id":"https:\/\/fashiongold.lt\/lv\/rotaslieta\/halo-dizaina-auskari-ar-dimantiem-oval-2-70-ct\/#breadcrumb"},"inLanguage":"lv-LV","potentialAction":[{"@type":"ReadAction","target":["https:\/\/fashiongold.lt\/lv\/rotaslieta\/halo-dizaina-auskari-ar-dimantiem-oval-2-70-ct\/"]}]},{"@type":"ImageObject","inLanguage":"lv-LV","@id":"https:\/\/fashiongold.lt\/lv\/rotaslieta\/halo-dizaina-auskari-ar-dimantiem-oval-2-70-ct\/#primaryimage","url":"https:\/\/fashiongold.lt\/wp-content\/uploads\/2025\/08\/Auskarai-su-deimantais-OVAL-HALO-DEIMANTAI-2023-1.jpg","contentUrl":"https:\/\/fashiongold.lt\/wp-content\/uploads\/2025\/08\/Auskarai-su-deimantais-OVAL-HALO-DEIMANTAI-2023-1.jpg","width":800,"height":800,"caption":"Auskarai su deimantais ir halo juostele i\u0161 balto aukso arba platinos - oval deimantai"},{"@type":"BreadcrumbList","@id":"https:\/\/fashiongold.lt\/lv\/rotaslieta\/halo-dizaina-auskari-ar-dimantiem-oval-2-70-ct\/#breadcrumb","itemListElement":[{"@type":"ListItem","position":1,"name":"Home","item":"https:\/\/fashiongold.lt\/lv\/"},{"@type":"ListItem","position":2,"name":"Dimantu veikals Fashiongold.lt","item":"https:\/\/fashiongold.lt\/shop-2\/"},{"@type":"ListItem","position":3,"name":"Halo dizaina auskari ar dimantiem \u2013 Oval (2.70 ct)"}]},{"@type":"WebSite","@id":"https:\/\/fashiongold.lt\/lv\/#website","url":"https:\/\/fashiongold.lt\/lv\/","name":"Fashion Gold","description":"Juvelierizstr\u0101d\u0101jumu nams","publisher":{"@id":"https:\/\/fashiongold.lt\/lv\/#organization"},"potentialAction":[{"@type":"SearchAction","target":{"@type":"EntryPoint","urlTemplate":"https:\/\/fashiongold.lt\/lv\/?s={search_term_string}"},"query-input":{"@type":"PropertyValueSpecification","valueRequired":true,"valueName":"search_term_string"}}],"inLanguage":"lv-LV"},{"@type":"Organization","@id":"https:\/\/fashiongold.lt\/lv\/#organization","name":"Topdiamonds Online","url":"https:\/\/fashiongold.lt\/lv\/","logo":{"@type":"ImageObject","inLanguage":"lv-LV","@id":"https:\/\/fashiongold.lt\/lv\/#\/schema\/logo\/image\/","url":"https:\/\/fashiongold.lt\/wp-content\/uploads\/2025\/04\/cropped-fashion_gold_logotipas2-scaled-1.png","contentUrl":"https:\/\/fashiongold.lt\/wp-content\/uploads\/2025\/04\/cropped-fashion_gold_logotipas2-scaled-1.png","width":2559,"height":421,"caption":"Topdiamonds Online"},"image":{"@id":"https:\/\/fashiongold.lt\/lv\/#\/schema\/logo\/image\/"}}]}},"_links":{"self":[{"href":"https:\/\/fashiongold.lt\/lv\/wp-json\/wp\/v2\/product\/294327","targetHints":{"allow":["GET"]}}],"collection":[{"href":"https:\/\/fashiongold.lt\/lv\/wp-json\/wp\/v2\/product"}],"about":[{"href":"https:\/\/fashiongold.lt\/lv\/wp-json\/wp\/v2\/types\/product"}],"version-history":[{"count":0,"href":"https:\/\/fashiongold.lt\/lv\/wp-json\/wp\/v2\/product\/294327\/revisions"}],"wp:featuredmedia":[{"embeddable":true,"href":"https:\/\/fashiongold.lt\/lv\/wp-json\/wp\/v2\/media\/30656"}],"wp:attachment":[{"href":"https:\/\/fashiongold.lt\/lv\/wp-json\/wp\/v2\/media?parent=294327"}],"wp:term":[{"taxonomy":"product_brand","embeddable":true,"href":"https:\/\/fashiongold.lt\/lv\/wp-json\/wp\/v2\/product_brand?post=294327"},{"taxonomy":"product_cat","embeddable":true,"href":"https:\/\/fashiongold.lt\/lv\/wp-json\/wp\/v2\/product_cat?post=294327"},{"taxonomy":"product_tag","embeddable":true,"href":"https:\/\/fashiongold.lt\/lv\/wp-json\/wp\/v2\/product_tag?post=294327"}],"curies":[{"name":"wp","href":"https:\/\/api.w.org\/{rel}","templated":true}]}}