{"id":295974,"date":"2025-07-14T11:23:37","date_gmt":"2025-07-14T11:23:37","guid":{"rendered":"https:\/\/fashiongold.lt\/papuosalas\/klasisks-piekarins-ar-dimantu-asscher-slipejums-3-00-ct\/"},"modified":"2025-07-14T11:23:37","modified_gmt":"2025-07-14T11:23:37","slug":"klasisks-piekarins-ar-dimantu-asscher-slipejums-3-00-ct","status":"publish","type":"product","link":"https:\/\/fashiongold.lt\/lv\/papuosalas\/klasisks-piekarins-ar-dimantu-asscher-slipejums-3-00-ct\/","title":{"rendered":"Klasisks piekari\u0146\u0161 ar dimantu &#8211; Asscher sl\u012bp\u0113jums (3.00 ct)"},"content":{"rendered":"<p>M\u016bsu rotaslietas tiek izgatavotas saska\u0146\u0101 ar stingriem juvelierizstr\u0101d\u0101jumu kvalit\u0101tes standartiem, nodro\u0161inot katras deta\u013cas precizit\u0101ti. Par papildu samaksu iesp\u0113jams izv\u0113l\u0113ties augst\u0101kas kvalit\u0101tes dimantu, kas piel\u0101gots individu\u0101lam pas\u016bt\u012bjumam.<\/p>\n<p>&nbsp;<\/p>\n<p><span data-sheets-root=\"1\">\u2022 <a href=\"https:\/\/fashiongold.lt\/lv\/patarimai-lv\/zelta-prove-kulonam-ka-izveleties-piemerotako\/\" target=\"_blank\" rel=\"noopener\"><strong>C\u0113lmet\u0101li<\/strong><\/a>: 14K (585. prove), 18K (750. prove), 900 plat\u012bns<br \/>\n\u2022 <a href=\"https:\/\/fashiongold.lt\/lv\/patarimai-lv\/piekarini-un-zelta-krasa-ka-izveleties-balto-sarto-vai-dzelteno-zeltu\/\" target=\"_blank\" rel=\"noopener\"><strong>Zelta kr\u0101su izv\u0113le<\/strong><\/a>: balts, sarkans, dzeltens<br \/>\n<\/span><span data-sheets-root=\"1\">\u2022 Kop\u0113jais<a href=\"https:\/\/fashiongold.lt\/lv\/patarimai-lv\/zelta-kedites-kvalitate-svars-prove-zelta-krasa-un-garums\/\" target=\"_blank\" rel=\"noopener\"><strong>\u00a0zelta svars<\/strong><\/a>: 2.00 g &#8211; 3.00 g<br \/>\n\u2022 <a href=\"https:\/\/fashiongold.lt\/lv\/patarimai-lv\/ideala-kombinacija-kulons-ar-dimantu-un-piemerots-kedites-garums\/\" target=\"_blank\" rel=\"noopener\"><strong>\u0136\u0113d\u012btes garums<\/strong><\/a>: 43-45 cm (regul\u0113jams)<br \/>\n\u2022 <a href=\"https:\/\/fashiongold.lt\/lv\/patarimai-lv\/zelta-piekarini-ar-dimantiem-kapec-izmeri-nosaka-kvalitati\/\" target=\"_blank\" rel=\"noopener\"><strong>Kulona<\/strong><strong>\u00a0kro\u0146a diametrs<\/strong><\/a>: aptuveni 7.8 mm<br \/>\n\u2022 <strong><a href=\"https:\/\/fashiongold.lt\/lv\/patarimai-lv\/dimants-citas-dimanta-formas\/\" target=\"_blank\" rel=\"noopener\">Dimantu forma un sl\u012bp\u0113jums<\/a><\/strong>: Kvadr\u0101tveida forma (<em>Asscher cut<\/em>)<br \/>\n\u2022 <strong><a href=\"https:\/\/fashiongold.lt\/lv\/patarimai-lv\/dimants-dabigs-laboratorija-audzets-vai-maksligs-ka-izveleties-pareizi\/\" target=\"_blank\" rel=\"noopener\">Dimantu izcelsme<\/a><\/strong>: Laboratorij\u0101 audz\u0113ti dimanti vai dab\u012bgie dimanti<br \/>\n\u2022 <a href=\"https:\/\/fashiongold.lt\/lv\/patarimai-lv\/dimants-kas-jazina-pirms-iegades\/\" target=\"_blank\" rel=\"noopener\"><strong>Dimanta svars un raksturojums<\/strong><\/a> (iesp\u0113jams main\u012bt):<br \/>\nLaboratorij\u0101 audz\u0113ts dimants (IGI sertifik\u0101ts): 3.00 ct dimants (kr\u0101sa D-E, dzidrums VVS)<br \/>\nDab\u012bgs dimants (GIA sertifik\u0101ts): 3.00 ct dimants (kr\u0101sa G-I, dzidrums SI)<br \/>\n\u2022 Bezmaksas <strong><a href=\"https:\/\/fashiongold.lt\/lv\/patarimai-lv\/saderinasanas-gredzeni-vai-gredzenu-var-iegravet-detalas-kas-pieskir-jusu-saderinasanas-gredzenam-individualitati\/\" target=\"_blank\" rel=\"noopener\">grav\u0113\u0161ana<\/a><\/strong><br \/>\n\u2022 <a href=\"https:\/\/fashiongold.lt\/lv\/piegade-un-atgriesana\/\" target=\"_blank\" rel=\"noopener\"><strong>Izgatavo\u0161anas un pieg\u0101des termi\u0146\u0161<\/strong><\/a>: aptuveni 14 darba dienas, steidzam\u012bbas k\u0101rt\u0101 7 darba dienu laik\u0101<br \/>\n\u2022 Vienreiz\u0113ja bezmaksas <a href=\"https:\/\/fashiongold.lt\/lv\/patarimai-lv\/zelta-kedite-bezmaksas-garuma-maina-iegadajoties-no-fashiongold-lt\/\" target=\"_blank\" rel=\"noopener\"><strong>\u0137\u0113d\u012btes garuma mai\u0146a<\/strong><\/a><\/span><\/p>\n<p>&nbsp;<\/p>\n<p>Vai jums ir savs zelts vai d\u0101rgakmens? \u0160\u0101d\u0101 gad\u012bjum\u0101 cena b\u016bs zem\u0101ka \u2013 j\u0101maks\u0101 b\u016bs tikai par juveliera darbu. V\u0113laties main\u012bt dimantu kr\u0101su, izm\u0113ru vai dzidrumu? Visu piel\u0101gosim j\u016bsu v\u0113lm\u0113m.<br data-start=\"317\" data-end=\"320\" \/><strong><a href=\"https:\/\/fashiongold.lt\/lv\/kontakti\/\" target=\"_blank\" rel=\"noopener\">Sazinieties <\/a><\/strong>ar mums \u2013 pal\u012bdz\u0113sim rad\u012bt rotaslietu, kas atspogu\u013co j\u016bsu stilu. <em data-start=\"396\" data-end=\"409\">FashionGold<\/em> \u2013 no izsmalcin\u0101tas klasikas l\u012bdz izteiksm\u012bgai grezn\u012bbai.<\/p>\n","protected":false},"excerpt":{"rendered":"<h2 data-start=\"4290\" data-end=\"4796\">3.00 ct kulons ar dimantu \u2013 unik\u0101ls piesk\u0101riens un person\u012bgs st\u0101sts<\/h2>\n<p data-start=\"4290\" data-end=\"4796\">\u0160is elegantais kulons ar dimantu (3.00 ct) ir individualit\u0101tes, gaismas un v\u0113rt\u012bbas sint\u0113ze. <em>Asscher<\/em> sl\u012bp\u0113juma dimantam piem\u012bt hipnotiz\u0113jo\u0161s dzi\u013cums \u2013 katra kvadr\u0101tveida \u0161\u0137autne atspogu\u013co ne tikai gaismu, bet ar\u012b j\u016bsu st\u0101stu. \u0160is dimanta izm\u0113rs simboliz\u0113 briedumu, p\u0101rliec\u012bbu un nez\u016bdo\u0161u v\u0113rt\u012bbu, t\u0101p\u0113c tas bie\u017ei k\u013c\u016bst ne tikai par rotaslietu, bet ar\u012b par ilgtermi\u0146a invest\u012bciju. Tas ir darbs, kur\u0101 katra deta\u013ca ir p\u0101rdom\u0101ta, personiska un \u012bsta.<\/p>\n<h3 data-start=\"4798\" data-end=\"5019\">Kulons ar dimantu, kas st\u0101sta j\u016bsu st\u0101stu<\/h3>\n<p data-start=\"4798\" data-end=\"5019\"><em>Asscher<\/em> sl\u012bp\u0113jums p\u0101rv\u0113r\u0161 kvadr\u0101tveida dimantu gaismas centr\u0101. \u0160is kulons ar dimantu ir atmi\u0146u, j\u016btu un skaistuma saikne, kas saglab\u0101jas laika gait\u0101.<\/p>\n","protected":false},"featured_media":14570,"template":"","meta":{"site-sidebar-layout":"default","site-content-layout":"","ast-site-content-layout":"default","site-content-style":"default","site-sidebar-style":"default","ast-global-header-display":"","ast-banner-title-visibility":"","ast-main-header-display":"","ast-hfb-above-header-display":"","ast-hfb-below-header-display":"","ast-hfb-mobile-header-display":"","site-post-title":"","ast-breadcrumbs-content":"","ast-featured-img":"","footer-sml-layout":"","ast-disable-related-posts":"","theme-transparent-header-meta":"default","adv-header-id-meta":"","stick-header-meta":"","header-above-stick-meta":"","header-main-stick-meta":"","header-below-stick-meta":"","astra-migrate-meta-layouts":"default","ast-page-background-enabled":"default","ast-page-background-meta":{"desktop":{"background-color":"var(--ast-global-color-4)","background-image":"","background-repeat":"repeat","background-position":"center center","background-size":"auto","background-attachment":"scroll","background-type":"","background-media":"","overlay-type":"","overlay-color":"","overlay-opacity":"","overlay-gradient":""},"tablet":{"background-color":"","background-image":"","background-repeat":"repeat","background-position":"center center","background-size":"auto","background-attachment":"scroll","background-type":"","background-media":"","overlay-type":"","overlay-color":"","overlay-opacity":"","overlay-gradient":""},"mobile":{"background-color":"","background-image":"","background-repeat":"repeat","background-position":"center center","background-size":"auto","background-attachment":"scroll","background-type":"","background-media":"","overlay-type":"","overlay-color":"","overlay-opacity":"","overlay-gradient":""}},"ast-content-background-meta":{"desktop":{"background-color":"var(--ast-global-color-5)","background-image":"","background-repeat":"repeat","background-position":"center center","background-size":"auto","background-attachment":"scroll","background-type":"","background-media":"","overlay-type":"","overlay-color":"","overlay-opacity":"","overlay-gradient":""},"tablet":{"background-color":"var(--ast-global-color-5)","background-image":"","background-repeat":"repeat","background-position":"center center","background-size":"auto","background-attachment":"scroll","background-type":"","background-media":"","overlay-type":"","overlay-color":"","overlay-opacity":"","overlay-gradient":""},"mobile":{"background-color":"var(--ast-global-color-5)","background-image":"","background-repeat":"repeat","background-position":"center center","background-size":"auto","background-attachment":"scroll","background-type":"","background-media":"","overlay-type":"","overlay-color":"","overlay-opacity":"","overlay-gradient":""}}},"product_brand":[],"product_cat":[3490,3028],"product_tag":[],"class_list":{"0":"post-295974","1":"product","2":"type-product","3":"status-publish","4":"has-post-thumbnail","6":"product_cat-kedites-ar-dimantiem","7":"product_cat-kuloni-ar-dimantiem","8":"desktop-align-center","9":"tablet-align-left","10":"mobile-align-left","11":"ast-product-gallery-layout-horizontal-slider","12":"ast-product-single-variable","13":"ast-product-tabs-layout-accordion","14":"ast-qv-on-image","16":"first","17":"instock","18":"taxable","19":"shipping-taxable","20":"purchasable","21":"product-type-variable"},"yoast_head":"<!-- This site is optimized with the Yoast SEO plugin v26.6 - https:\/\/yoast.com\/wordpress\/plugins\/seo\/ -->\n<title>Klasisks kulons ar dimantu - Asscher sl\u012bp\u0113jums (3.00 ct)<\/title>\n<meta name=\"description\" content=\"3.00 ct kulons ar dimantu \u2013 individualit\u0101tes, v\u0113stures un invest\u012bciju v\u0113rt\u012bbas simbols kvadr\u0101tveida akmen\u012b, kas piem\u0113rots ikvienam gad\u012bjumam.\" \/>\n<meta name=\"robots\" content=\"index, follow, max-snippet:-1, max-image-preview:large, max-video-preview:-1\" \/>\n<link rel=\"canonical\" href=\"https:\/\/fashiongold.lt\/lv\/papuosalas\/klasisks-piekarins-ar-dimantu-asscher-slipejums-3-00-ct\/\" \/>\n<meta property=\"og:locale\" content=\"lv_LV\" \/>\n<meta property=\"og:type\" content=\"article\" \/>\n<meta property=\"og:title\" content=\"Klasisks kulons ar dimantu - Asscher sl\u012bp\u0113jums (3.00 ct)\" \/>\n<meta property=\"og:description\" content=\"3.00 ct kulons ar dimantu \u2013 individualit\u0101tes, v\u0113stures un invest\u012bciju v\u0113rt\u012bbas simbols kvadr\u0101tveida akmen\u012b, kas piem\u0113rots ikvienam gad\u012bjumam.\" \/>\n<meta property=\"og:url\" content=\"https:\/\/fashiongold.lt\/lv\/papuosalas\/klasisks-piekarins-ar-dimantu-asscher-slipejums-3-00-ct\/\" \/>\n<meta property=\"og:site_name\" content=\"FashionGold.lt\" \/>\n<meta property=\"og:image\" content=\"https:\/\/fashiongold.lt\/wp-content\/uploads\/2025\/05\/Klasikinis-pakabukas-su-deimantu-ASSCHER-DEIMANTAS-030-ct-1.webp\" \/>\n\t<meta property=\"og:image:width\" content=\"800\" \/>\n\t<meta property=\"og:image:height\" content=\"800\" \/>\n\t<meta property=\"og:image:type\" content=\"image\/png\" \/>\n<meta name=\"twitter:card\" content=\"summary_large_image\" \/>\n<meta name=\"twitter:label1\" content=\"Est. reading time\" \/>\n\t<meta name=\"twitter:data1\" content=\"1 minute\" \/>\n<script type=\"application\/ld+json\" class=\"yoast-schema-graph\">{\"@context\":\"https:\/\/schema.org\",\"@graph\":[{\"@type\":\"WebPage\",\"@id\":\"https:\/\/fashiongold.lt\/lv\/papuosalas\/klasisks-piekarins-ar-dimantu-asscher-slipejums-3-00-ct\/\",\"url\":\"https:\/\/fashiongold.lt\/lv\/papuosalas\/klasisks-piekarins-ar-dimantu-asscher-slipejums-3-00-ct\/\",\"name\":\"Klasisks kulons ar dimantu - Asscher sl\u012bp\u0113jums (3.00 ct)\",\"isPartOf\":{\"@id\":\"https:\/\/fashiongold.lt\/lv\/#website\"},\"primaryImageOfPage\":{\"@id\":\"https:\/\/fashiongold.lt\/lv\/papuosalas\/klasisks-piekarins-ar-dimantu-asscher-slipejums-3-00-ct\/#primaryimage\"},\"image\":{\"@id\":\"https:\/\/fashiongold.lt\/lv\/papuosalas\/klasisks-piekarins-ar-dimantu-asscher-slipejums-3-00-ct\/#primaryimage\"},\"thumbnailUrl\":\"https:\/\/fashiongold.lt\/wp-content\/uploads\/2025\/05\/Klasikinis-pakabukas-su-deimantu-ASSCHER-DEIMANTAS-030-ct-1.png\",\"datePublished\":\"2025-07-14T11:23:37+00:00\",\"description\":\"3.00 ct kulons ar dimantu \u2013 individualit\u0101tes, v\u0113stures un invest\u012bciju v\u0113rt\u012bbas simbols kvadr\u0101tveida akmen\u012b, kas piem\u0113rots ikvienam gad\u012bjumam.\",\"breadcrumb\":{\"@id\":\"https:\/\/fashiongold.lt\/lv\/papuosalas\/klasisks-piekarins-ar-dimantu-asscher-slipejums-3-00-ct\/#breadcrumb\"},\"inLanguage\":\"lv-LV\",\"potentialAction\":[{\"@type\":\"ReadAction\",\"target\":[\"https:\/\/fashiongold.lt\/lv\/papuosalas\/klasisks-piekarins-ar-dimantu-asscher-slipejums-3-00-ct\/\"]}]},{\"@type\":\"ImageObject\",\"inLanguage\":\"lv-LV\",\"@id\":\"https:\/\/fashiongold.lt\/lv\/papuosalas\/klasisks-piekarins-ar-dimantu-asscher-slipejums-3-00-ct\/#primaryimage\",\"url\":\"https:\/\/fashiongold.lt\/wp-content\/uploads\/2025\/05\/Klasikinis-pakabukas-su-deimantu-ASSCHER-DEIMANTAS-030-ct-1.png\",\"contentUrl\":\"https:\/\/fashiongold.lt\/wp-content\/uploads\/2025\/05\/Klasikinis-pakabukas-su-deimantu-ASSCHER-DEIMANTAS-030-ct-1.png\",\"width\":800,\"height\":800,\"caption\":\"balto aukso pakabukas su deimantu (asscher cut)\"},{\"@type\":\"BreadcrumbList\",\"@id\":\"https:\/\/fashiongold.lt\/lv\/papuosalas\/klasisks-piekarins-ar-dimantu-asscher-slipejums-3-00-ct\/#breadcrumb\",\"itemListElement\":[{\"@type\":\"ListItem\",\"position\":1,\"name\":\"Home\",\"item\":\"https:\/\/fashiongold.lt\/lv\/\"},{\"@type\":\"ListItem\",\"position\":2,\"name\":\"Dimantu veikals Fashiongold.lt\",\"item\":\"https:\/\/fashiongold.lt\/shop-2\/\"},{\"@type\":\"ListItem\",\"position\":3,\"name\":\"Klasisks piekari\u0146\u0161 ar dimantu &#8211; Asscher sl\u012bp\u0113jums (3.00 ct)\"}]},{\"@type\":\"WebSite\",\"@id\":\"https:\/\/fashiongold.lt\/lv\/#website\",\"url\":\"https:\/\/fashiongold.lt\/lv\/\",\"name\":\"Fashion Gold\",\"description\":\"Juvelyrikos namai\",\"publisher\":{\"@id\":\"https:\/\/fashiongold.lt\/lv\/#organization\"},\"potentialAction\":[{\"@type\":\"SearchAction\",\"target\":{\"@type\":\"EntryPoint\",\"urlTemplate\":\"https:\/\/fashiongold.lt\/lv\/?s={search_term_string}\"},\"query-input\":{\"@type\":\"PropertyValueSpecification\",\"valueRequired\":true,\"valueName\":\"search_term_string\"}}],\"inLanguage\":\"lv-LV\"},{\"@type\":\"Organization\",\"@id\":\"https:\/\/fashiongold.lt\/lv\/#organization\",\"name\":\"Topdiamonds Online\",\"url\":\"https:\/\/fashiongold.lt\/lv\/\",\"logo\":{\"@type\":\"ImageObject\",\"inLanguage\":\"lv-LV\",\"@id\":\"https:\/\/fashiongold.lt\/lv\/#\/schema\/logo\/image\/\",\"url\":\"https:\/\/fashiongold.lt\/wp-content\/uploads\/2025\/04\/cropped-fashion_gold_logotipas2-scaled-1.png\",\"contentUrl\":\"https:\/\/fashiongold.lt\/wp-content\/uploads\/2025\/04\/cropped-fashion_gold_logotipas2-scaled-1.png\",\"width\":2559,\"height\":421,\"caption\":\"Topdiamonds Online\"},\"image\":{\"@id\":\"https:\/\/fashiongold.lt\/lv\/#\/schema\/logo\/image\/\"}}]}<\/script>\n<!-- \/ Yoast SEO plugin. -->","yoast_head_json":{"title":"Klasisks kulons ar dimantu - Asscher sl\u012bp\u0113jums (3.00 ct)","description":"3.00 ct kulons ar dimantu \u2013 individualit\u0101tes, v\u0113stures un invest\u012bciju v\u0113rt\u012bbas simbols kvadr\u0101tveida akmen\u012b, kas piem\u0113rots ikvienam gad\u012bjumam.","robots":{"index":"index","follow":"follow","max-snippet":"max-snippet:-1","max-image-preview":"max-image-preview:large","max-video-preview":"max-video-preview:-1"},"canonical":"https:\/\/fashiongold.lt\/lv\/papuosalas\/klasisks-piekarins-ar-dimantu-asscher-slipejums-3-00-ct\/","og_locale":"lv_LV","og_type":"article","og_title":"Klasisks kulons ar dimantu - Asscher sl\u012bp\u0113jums (3.00 ct)","og_description":"3.00 ct kulons ar dimantu \u2013 individualit\u0101tes, v\u0113stures un invest\u012bciju v\u0113rt\u012bbas simbols kvadr\u0101tveida akmen\u012b, kas piem\u0113rots ikvienam gad\u012bjumam.","og_url":"https:\/\/fashiongold.lt\/lv\/papuosalas\/klasisks-piekarins-ar-dimantu-asscher-slipejums-3-00-ct\/","og_site_name":"FashionGold.lt","og_image":[{"width":800,"height":800,"url":"https:\/\/fashiongold.lt\/wp-content\/uploads\/2025\/05\/Klasikinis-pakabukas-su-deimantu-ASSCHER-DEIMANTAS-030-ct-1.webp","type":"image\/png"}],"twitter_card":"summary_large_image","twitter_misc":{"Est. reading time":"1 minute"},"schema":{"@context":"https:\/\/schema.org","@graph":[{"@type":"WebPage","@id":"https:\/\/fashiongold.lt\/lv\/papuosalas\/klasisks-piekarins-ar-dimantu-asscher-slipejums-3-00-ct\/","url":"https:\/\/fashiongold.lt\/lv\/papuosalas\/klasisks-piekarins-ar-dimantu-asscher-slipejums-3-00-ct\/","name":"Klasisks kulons ar dimantu - Asscher sl\u012bp\u0113jums (3.00 ct)","isPartOf":{"@id":"https:\/\/fashiongold.lt\/lv\/#website"},"primaryImageOfPage":{"@id":"https:\/\/fashiongold.lt\/lv\/papuosalas\/klasisks-piekarins-ar-dimantu-asscher-slipejums-3-00-ct\/#primaryimage"},"image":{"@id":"https:\/\/fashiongold.lt\/lv\/papuosalas\/klasisks-piekarins-ar-dimantu-asscher-slipejums-3-00-ct\/#primaryimage"},"thumbnailUrl":"https:\/\/fashiongold.lt\/wp-content\/uploads\/2025\/05\/Klasikinis-pakabukas-su-deimantu-ASSCHER-DEIMANTAS-030-ct-1.png","datePublished":"2025-07-14T11:23:37+00:00","description":"3.00 ct kulons ar dimantu \u2013 individualit\u0101tes, v\u0113stures un invest\u012bciju v\u0113rt\u012bbas simbols kvadr\u0101tveida akmen\u012b, kas piem\u0113rots ikvienam gad\u012bjumam.","breadcrumb":{"@id":"https:\/\/fashiongold.lt\/lv\/papuosalas\/klasisks-piekarins-ar-dimantu-asscher-slipejums-3-00-ct\/#breadcrumb"},"inLanguage":"lv-LV","potentialAction":[{"@type":"ReadAction","target":["https:\/\/fashiongold.lt\/lv\/papuosalas\/klasisks-piekarins-ar-dimantu-asscher-slipejums-3-00-ct\/"]}]},{"@type":"ImageObject","inLanguage":"lv-LV","@id":"https:\/\/fashiongold.lt\/lv\/papuosalas\/klasisks-piekarins-ar-dimantu-asscher-slipejums-3-00-ct\/#primaryimage","url":"https:\/\/fashiongold.lt\/wp-content\/uploads\/2025\/05\/Klasikinis-pakabukas-su-deimantu-ASSCHER-DEIMANTAS-030-ct-1.png","contentUrl":"https:\/\/fashiongold.lt\/wp-content\/uploads\/2025\/05\/Klasikinis-pakabukas-su-deimantu-ASSCHER-DEIMANTAS-030-ct-1.png","width":800,"height":800,"caption":"balto aukso pakabukas su deimantu (asscher cut)"},{"@type":"BreadcrumbList","@id":"https:\/\/fashiongold.lt\/lv\/papuosalas\/klasisks-piekarins-ar-dimantu-asscher-slipejums-3-00-ct\/#breadcrumb","itemListElement":[{"@type":"ListItem","position":1,"name":"Home","item":"https:\/\/fashiongold.lt\/lv\/"},{"@type":"ListItem","position":2,"name":"Dimantu veikals Fashiongold.lt","item":"https:\/\/fashiongold.lt\/shop-2\/"},{"@type":"ListItem","position":3,"name":"Klasisks piekari\u0146\u0161 ar dimantu &#8211; Asscher sl\u012bp\u0113jums (3.00 ct)"}]},{"@type":"WebSite","@id":"https:\/\/fashiongold.lt\/lv\/#website","url":"https:\/\/fashiongold.lt\/lv\/","name":"Fashion Gold","description":"Juvelyrikos namai","publisher":{"@id":"https:\/\/fashiongold.lt\/lv\/#organization"},"potentialAction":[{"@type":"SearchAction","target":{"@type":"EntryPoint","urlTemplate":"https:\/\/fashiongold.lt\/lv\/?s={search_term_string}"},"query-input":{"@type":"PropertyValueSpecification","valueRequired":true,"valueName":"search_term_string"}}],"inLanguage":"lv-LV"},{"@type":"Organization","@id":"https:\/\/fashiongold.lt\/lv\/#organization","name":"Topdiamonds Online","url":"https:\/\/fashiongold.lt\/lv\/","logo":{"@type":"ImageObject","inLanguage":"lv-LV","@id":"https:\/\/fashiongold.lt\/lv\/#\/schema\/logo\/image\/","url":"https:\/\/fashiongold.lt\/wp-content\/uploads\/2025\/04\/cropped-fashion_gold_logotipas2-scaled-1.png","contentUrl":"https:\/\/fashiongold.lt\/wp-content\/uploads\/2025\/04\/cropped-fashion_gold_logotipas2-scaled-1.png","width":2559,"height":421,"caption":"Topdiamonds Online"},"image":{"@id":"https:\/\/fashiongold.lt\/lv\/#\/schema\/logo\/image\/"}}]}},"_links":{"self":[{"href":"https:\/\/fashiongold.lt\/lv\/wp-json\/wp\/v2\/product\/295974","targetHints":{"allow":["GET"]}}],"collection":[{"href":"https:\/\/fashiongold.lt\/lv\/wp-json\/wp\/v2\/product"}],"about":[{"href":"https:\/\/fashiongold.lt\/lv\/wp-json\/wp\/v2\/types\/product"}],"version-history":[{"count":0,"href":"https:\/\/fashiongold.lt\/lv\/wp-json\/wp\/v2\/product\/295974\/revisions"}],"wp:featuredmedia":[{"embeddable":true,"href":"https:\/\/fashiongold.lt\/lv\/wp-json\/wp\/v2\/media\/14570"}],"wp:attachment":[{"href":"https:\/\/fashiongold.lt\/lv\/wp-json\/wp\/v2\/media?parent=295974"}],"wp:term":[{"taxonomy":"product_brand","embeddable":true,"href":"https:\/\/fashiongold.lt\/lv\/wp-json\/wp\/v2\/product_brand?post=295974"},{"taxonomy":"product_cat","embeddable":true,"href":"https:\/\/fashiongold.lt\/lv\/wp-json\/wp\/v2\/product_cat?post=295974"},{"taxonomy":"product_tag","embeddable":true,"href":"https:\/\/fashiongold.lt\/lv\/wp-json\/wp\/v2\/product_tag?post=295974"}],"curies":[{"name":"wp","href":"https:\/\/api.w.org\/{rel}","templated":true}]}}