{"id":296024,"date":"2025-07-14T09:24:42","date_gmt":"2025-07-14T09:24:42","guid":{"rendered":"https:\/\/fashiongold.lt\/papuosalas\/klasisks-kulons-ar-dimantu-cushion-2-50-ct\/"},"modified":"2025-07-14T09:24:42","modified_gmt":"2025-07-14T09:24:42","slug":"klasisks-kulons-ar-dimantu-cushion-2-50-ct","status":"publish","type":"product","link":"https:\/\/fashiongold.lt\/lv\/papuosalas\/klasisks-kulons-ar-dimantu-cushion-2-50-ct\/","title":{"rendered":"Klasisks kulons ar dimantu &#8211; Cushion (2.50 ct)"},"content":{"rendered":"<p>M\u016bsu rotaslietas tiek izgatavotas saska\u0146\u0101 ar stingriem juvelierizstr\u0101d\u0101jumu kvalit\u0101tes standartiem, nodro\u0161inot katras deta\u013cas precizit\u0101ti. Par papildu samaksu iesp\u0113jams izv\u0113l\u0113ties augst\u0101kas kvalit\u0101tes dimantu, kas piel\u0101gots individu\u0101lam pas\u016bt\u012bjumam.<\/p>\n<p>&nbsp;<\/p>\n<p><span data-sheets-root=\"1\">\u2022 <a href=\"https:\/\/fashiongold.lt\/lv\/patarimai-lv\/zelta-prove-kulonam-ka-izveleties-piemerotako\/\" target=\"_blank\" rel=\"noopener\"><strong>D\u0101rgmet\u0101li<\/strong><\/a>: 14K (585. prove), 18K (750. prove), 900 plat\u012bns<br \/>\n\u2022 <a href=\"https:\/\/fashiongold.lt\/lv\/patarimai-lv\/piekarini-un-zelta-krasa-ka-izveleties-balto-sarto-vai-dzelteno-zeltu\/\" target=\"_blank\" rel=\"noopener\"><strong>Zelta kr\u0101su izv\u0113le<\/strong><\/a>: balts, sarkans, dzeltens<br \/>\n<\/span><span data-sheets-root=\"1\">\u2022 Kop\u0113jais<a href=\"https:\/\/fashiongold.lt\/lv\/patarimai-lv\/zelta-kedites-kvalitate-svars-prove-zelta-krasa-un-garums\/\" target=\"_blank\" rel=\"noopener\"><strong>\u00a0zelta svars<\/strong><\/a>: 2.00 g &#8211; 3.00 g<br \/>\n\u2022 <a href=\"https:\/\/fashiongold.lt\/lv\/patarimai-lv\/ideala-kombinacija-kulons-ar-dimantu-un-piemerots-kedites-garums\/\" target=\"_blank\" rel=\"noopener\"><strong>\u0136\u0113d\u012btes garums<\/strong><\/a>: 43-45 cm (regul\u0113jams)<br \/>\n\u2022 <a href=\"https:\/\/fashiongold.lt\/lv\/patarimai-lv\/zelta-piekarini-ar-dimantiem-kapec-izmeri-nosaka-kvalitati\/\" target=\"_blank\" rel=\"noopener\"><strong>Kulona<\/strong><strong>\u00a0kro\u0146a diametrs<\/strong><\/a>: aptuveni 7.5 mm<br \/>\n\u2022 <strong><a href=\"https:\/\/fashiongold.lt\/lv\/patarimai-lv\/dimants-citas-dimanta-formas\/\" target=\"_blank\" rel=\"noopener\">Dimantu forma un sl\u012bp\u0113jums<\/a><\/strong>: Spilvena forma (<em>Cushion cut<\/em>)<br \/>\n\u2022 <strong><a href=\"https:\/\/fashiongold.lt\/lv\/patarimai-lv\/dimants-dabigs-laboratorija-audzets-vai-maksligs-ka-izveleties-pareizi\/\" target=\"_blank\" rel=\"noopener\">Dimantu izcelsme<\/a><\/strong>: Laboratorij\u0101 audz\u0113ti dimanti vai dab\u012bgi dimanti<br \/>\n\u2022 <a href=\"https:\/\/fashiongold.lt\/lv\/patarimai-lv\/dimants-kas-jazina-pirms-iegades\/\" target=\"_blank\" rel=\"noopener\"><strong>Dimanta svars un raksturojums<\/strong><\/a> (iesp\u0113jams main\u012bt):<br \/>\nLaboratorij\u0101 audz\u0113ts dimants (IGI sertifik\u0101ts): 2.50 ct dimants (kr\u0101sa D-E, dzidrums VVS)<br \/>\nDab\u012bgs dimants (GIA sertifik\u0101ts): 2.50 ct dimants (kr\u0101sa G-I, dzidrums SI)<br \/>\n\u2022 Bezmaksas <strong><a href=\"https:\/\/fashiongold.lt\/lv\/patarimai-lv\/saderinasanas-gredzeni-vai-gredzenu-var-iegravet-detalas-kas-pieskir-jusu-saderinasanas-gredzenam-individualitati\/\" target=\"_blank\" rel=\"noopener\">grav\u0113\u0161ana<\/a><\/strong><br \/>\n\u2022 <a href=\"https:\/\/fashiongold.lt\/lv\/piegade-un-atgriesana\/\" target=\"_blank\" rel=\"noopener\"><strong>Izgatavo\u0161anas un pieg\u0101des termi\u0146\u0161<\/strong><\/a>: aptuveni 14 darba dienas, steidzam\u012bbas k\u0101rt\u0101 7 d.d. laik\u0101<br \/>\n\u2022 Vienreiz\u0113ja bezmaksas <a href=\"https:\/\/fashiongold.lt\/lv\/patarimai-lv\/zelta-kedite-bezmaksas-garuma-maina-iegadajoties-no-fashiongold-lt\/\" target=\"_blank\" rel=\"noopener\"><strong>\u0137\u0113d\u012btes garuma mai\u0146a<\/strong><\/a><\/span><\/p>\n<p>&nbsp;<\/p>\n<p>Vai jums ir savs zelts vai d\u0101rgakmens? T\u0101d\u0101 gad\u012bjum\u0101 cena b\u016bs maz\u0101ka \u2013 j\u016bs maks\u0101siet tikai par juveliera darbu. Vai v\u0113laties main\u012bt dimantu kr\u0101su, izm\u0113ru vai dzidrumu? Visu piel\u0101gosim j\u016bsu v\u0113lm\u0113m.<br data-start=\"317\" data-end=\"320\" \/><strong><a href=\"https:\/\/fashiongold.lt\/lv\/kontakti\/\" target=\"_blank\" rel=\"noopener\">Sazinieties <\/a><\/strong>ar mums \u2013 m\u0113s pal\u012bdz\u0113sim rad\u012bt rotaslietu, kas atspogu\u013co j\u016bsu stilu. <em data-start=\"396\" data-end=\"409\">FashionGold<\/em> \u2013 no smalkas klasikas l\u012bdz izteiksm\u012bgai grezn\u012bbai.<\/p>\n","protected":false},"excerpt":{"rendered":"<h2 data-start=\"485\" data-end=\"971\">2.50 ct kulons ar dimantu \u2013 gaismas ce\u013cojums cauri paaudz\u0113m<\/h2>\n<p data-start=\"485\" data-end=\"971\">Kulons ar dimantu (2.50 ct) st\u0101sta st\u0101stu par gaismas ce\u013cojumu \u2013 no rok\u0101m, kas to rad\u012bja, l\u012bdz sird\u012bm, kas to n\u0113s\u0101s. <em>Cushion<\/em> sl\u012bp\u0113juma dimants mirdz dzi\u013c\u0101k par virsmu, radot laika un nep\u0101rtraukt\u012bbas saj\u016btu. T\u0101 ir rotaslieta, kas visticam\u0101k tiks nodota no paaudzes paaudz\u0113 \u2013 v\u0113rt\u012bga ne tikai sava mirdzuma, bet ar\u012b emocion\u0101l\u0101s noz\u012bmes d\u0113\u013c. T\u0101 gaisma atg\u0101dina, ka skaistums un v\u0113rt\u012bbas saj\u016bta var b\u016bt m\u016b\u017e\u012bga.<\/p>\n<h3 data-start=\"973\" data-end=\"1353\">Kulons ar dimantu, kur\u0101 m\u012bt mantojums un gaisma<\/h3>\n<p data-start=\"973\" data-end=\"1353\">2.50 ct kulons ar dimantu \u2013 tas ir vair\u0101k nek\u0101 tikai rotaslieta. T\u0101 mirdzums atg\u0101dina par pag\u0101tnes maigumu un n\u0101kotnes sol\u012bjumu, t\u0101p\u0113c tas k\u013c\u016bst par tiltu starp paaudz\u0113m. \u0160is darbs ir paredz\u0113ts tiem, kuri tic, ka \u012bstas v\u0113rt\u012bbas nenoveco, un gaisma, ko d\u0101vin\u0101m, atgrie\u017eas atpaka\u013c \u2013 vienm\u0113r sp\u0113c\u012bg\u0101ka, vienm\u0113r personisk\u0101ka.<\/p>\n","protected":false},"featured_media":14482,"template":"","meta":{"site-sidebar-layout":"default","site-content-layout":"","ast-site-content-layout":"default","site-content-style":"default","site-sidebar-style":"default","ast-global-header-display":"","ast-banner-title-visibility":"","ast-main-header-display":"","ast-hfb-above-header-display":"","ast-hfb-below-header-display":"","ast-hfb-mobile-header-display":"","site-post-title":"","ast-breadcrumbs-content":"","ast-featured-img":"","footer-sml-layout":"","ast-disable-related-posts":"","theme-transparent-header-meta":"default","adv-header-id-meta":"","stick-header-meta":"","header-above-stick-meta":"","header-main-stick-meta":"","header-below-stick-meta":"","astra-migrate-meta-layouts":"default","ast-page-background-enabled":"default","ast-page-background-meta":{"desktop":{"background-color":"var(--ast-global-color-4)","background-image":"","background-repeat":"repeat","background-position":"center center","background-size":"auto","background-attachment":"scroll","background-type":"","background-media":"","overlay-type":"","overlay-color":"","overlay-opacity":"","overlay-gradient":""},"tablet":{"background-color":"","background-image":"","background-repeat":"repeat","background-position":"center center","background-size":"auto","background-attachment":"scroll","background-type":"","background-media":"","overlay-type":"","overlay-color":"","overlay-opacity":"","overlay-gradient":""},"mobile":{"background-color":"","background-image":"","background-repeat":"repeat","background-position":"center center","background-size":"auto","background-attachment":"scroll","background-type":"","background-media":"","overlay-type":"","overlay-color":"","overlay-opacity":"","overlay-gradient":""}},"ast-content-background-meta":{"desktop":{"background-color":"var(--ast-global-color-5)","background-image":"","background-repeat":"repeat","background-position":"center center","background-size":"auto","background-attachment":"scroll","background-type":"","background-media":"","overlay-type":"","overlay-color":"","overlay-opacity":"","overlay-gradient":""},"tablet":{"background-color":"var(--ast-global-color-5)","background-image":"","background-repeat":"repeat","background-position":"center center","background-size":"auto","background-attachment":"scroll","background-type":"","background-media":"","overlay-type":"","overlay-color":"","overlay-opacity":"","overlay-gradient":""},"mobile":{"background-color":"var(--ast-global-color-5)","background-image":"","background-repeat":"repeat","background-position":"center center","background-size":"auto","background-attachment":"scroll","background-type":"","background-media":"","overlay-type":"","overlay-color":"","overlay-opacity":"","overlay-gradient":""}}},"product_brand":[],"product_cat":[3490,3028],"product_tag":[],"class_list":{"0":"post-296024","1":"product","2":"type-product","3":"status-publish","4":"has-post-thumbnail","6":"product_cat-kedites-ar-dimantiem","7":"product_cat-kuloni-ar-dimantiem","8":"desktop-align-center","9":"tablet-align-left","10":"mobile-align-left","11":"ast-product-gallery-layout-horizontal-slider","12":"ast-product-single-variable","13":"ast-product-tabs-layout-accordion","14":"ast-qv-on-image","16":"first","17":"instock","18":"taxable","19":"shipping-taxable","20":"purchasable","21":"product-type-variable"},"yoast_head":"<!-- This site is optimized with the Yoast SEO plugin v26.6 - https:\/\/yoast.com\/wordpress\/plugins\/seo\/ -->\n<title>Klasisks kulons ar dimantu - Cushion (2.50 ct)<\/title>\n<meta name=\"description\" content=\"2.50 ct kulons ar dimantu \u2013 po\u0113tisks gaismas ce\u013cojums un p\u0101rmantojama skaistuma simbols, kas piem\u0113rots katrai gaumei un stilam.\" \/>\n<meta name=\"robots\" content=\"index, follow, max-snippet:-1, max-image-preview:large, max-video-preview:-1\" \/>\n<link rel=\"canonical\" href=\"https:\/\/fashiongold.lt\/lv\/papuosalas\/klasisks-kulons-ar-dimantu-cushion-2-50-ct\/\" \/>\n<meta property=\"og:locale\" content=\"lv_LV\" \/>\n<meta property=\"og:type\" content=\"article\" \/>\n<meta property=\"og:title\" content=\"Klasisks kulons ar dimantu - Cushion (2.50 ct)\" \/>\n<meta property=\"og:description\" content=\"2.50 ct kulons ar dimantu \u2013 po\u0113tisks gaismas ce\u013cojums un p\u0101rmantojama skaistuma simbols, kas piem\u0113rots katrai gaumei un stilam.\" \/>\n<meta property=\"og:url\" content=\"https:\/\/fashiongold.lt\/lv\/papuosalas\/klasisks-kulons-ar-dimantu-cushion-2-50-ct\/\" \/>\n<meta property=\"og:site_name\" content=\"FashionGold.lt\" \/>\n<meta property=\"og:image\" content=\"https:\/\/fashiongold.lt\/wp-content\/uploads\/2025\/05\/Klasikinis-pakabukas-su-deimantu-CUSHION-DEIMANTAS-030-ct-2-1.webp\" \/>\n\t<meta property=\"og:image:width\" content=\"800\" \/>\n\t<meta property=\"og:image:height\" content=\"800\" \/>\n\t<meta property=\"og:image:type\" content=\"image\/png\" \/>\n<meta name=\"twitter:card\" content=\"summary_large_image\" \/>\n<meta name=\"twitter:label1\" content=\"Est. reading time\" \/>\n\t<meta name=\"twitter:data1\" content=\"1 minute\" \/>\n<script type=\"application\/ld+json\" class=\"yoast-schema-graph\">{\"@context\":\"https:\/\/schema.org\",\"@graph\":[{\"@type\":\"WebPage\",\"@id\":\"https:\/\/fashiongold.lt\/lv\/papuosalas\/klasisks-kulons-ar-dimantu-cushion-2-50-ct\/\",\"url\":\"https:\/\/fashiongold.lt\/lv\/papuosalas\/klasisks-kulons-ar-dimantu-cushion-2-50-ct\/\",\"name\":\"Klasisks kulons ar dimantu - Cushion (2.50 ct)\",\"isPartOf\":{\"@id\":\"https:\/\/fashiongold.lt\/lv\/#website\"},\"primaryImageOfPage\":{\"@id\":\"https:\/\/fashiongold.lt\/lv\/papuosalas\/klasisks-kulons-ar-dimantu-cushion-2-50-ct\/#primaryimage\"},\"image\":{\"@id\":\"https:\/\/fashiongold.lt\/lv\/papuosalas\/klasisks-kulons-ar-dimantu-cushion-2-50-ct\/#primaryimage\"},\"thumbnailUrl\":\"https:\/\/fashiongold.lt\/wp-content\/uploads\/2025\/05\/Klasikinis-pakabukas-su-deimantu-CUSHION-DEIMANTAS-030-ct-2-1.png\",\"datePublished\":\"2025-07-14T09:24:42+00:00\",\"description\":\"2.50 ct kulons ar dimantu \u2013 po\u0113tisks gaismas ce\u013cojums un p\u0101rmantojama skaistuma simbols, kas piem\u0113rots katrai gaumei un stilam.\",\"breadcrumb\":{\"@id\":\"https:\/\/fashiongold.lt\/lv\/papuosalas\/klasisks-kulons-ar-dimantu-cushion-2-50-ct\/#breadcrumb\"},\"inLanguage\":\"lv-LV\",\"potentialAction\":[{\"@type\":\"ReadAction\",\"target\":[\"https:\/\/fashiongold.lt\/lv\/papuosalas\/klasisks-kulons-ar-dimantu-cushion-2-50-ct\/\"]}]},{\"@type\":\"ImageObject\",\"inLanguage\":\"lv-LV\",\"@id\":\"https:\/\/fashiongold.lt\/lv\/papuosalas\/klasisks-kulons-ar-dimantu-cushion-2-50-ct\/#primaryimage\",\"url\":\"https:\/\/fashiongold.lt\/wp-content\/uploads\/2025\/05\/Klasikinis-pakabukas-su-deimantu-CUSHION-DEIMANTAS-030-ct-2-1.png\",\"contentUrl\":\"https:\/\/fashiongold.lt\/wp-content\/uploads\/2025\/05\/Klasikinis-pakabukas-su-deimantu-CUSHION-DEIMANTAS-030-ct-2-1.png\",\"width\":800,\"height\":800,\"caption\":\"alto aukso pakabukas su deimantu (cushion cut)\"},{\"@type\":\"BreadcrumbList\",\"@id\":\"https:\/\/fashiongold.lt\/lv\/papuosalas\/klasisks-kulons-ar-dimantu-cushion-2-50-ct\/#breadcrumb\",\"itemListElement\":[{\"@type\":\"ListItem\",\"position\":1,\"name\":\"Home\",\"item\":\"https:\/\/fashiongold.lt\/lv\/\"},{\"@type\":\"ListItem\",\"position\":2,\"name\":\"Dimantu veikals Fashiongold.lt\",\"item\":\"https:\/\/fashiongold.lt\/shop-2\/\"},{\"@type\":\"ListItem\",\"position\":3,\"name\":\"Klasisks kulons ar dimantu &#8211; Cushion (2.50 ct)\"}]},{\"@type\":\"WebSite\",\"@id\":\"https:\/\/fashiongold.lt\/lv\/#website\",\"url\":\"https:\/\/fashiongold.lt\/lv\/\",\"name\":\"Fashion Gold\",\"description\":\"Juvelyrikos namai\",\"publisher\":{\"@id\":\"https:\/\/fashiongold.lt\/lv\/#organization\"},\"potentialAction\":[{\"@type\":\"SearchAction\",\"target\":{\"@type\":\"EntryPoint\",\"urlTemplate\":\"https:\/\/fashiongold.lt\/lv\/?s={search_term_string}\"},\"query-input\":{\"@type\":\"PropertyValueSpecification\",\"valueRequired\":true,\"valueName\":\"search_term_string\"}}],\"inLanguage\":\"lv-LV\"},{\"@type\":\"Organization\",\"@id\":\"https:\/\/fashiongold.lt\/lv\/#organization\",\"name\":\"Topdiamonds Online\",\"url\":\"https:\/\/fashiongold.lt\/lv\/\",\"logo\":{\"@type\":\"ImageObject\",\"inLanguage\":\"lv-LV\",\"@id\":\"https:\/\/fashiongold.lt\/lv\/#\/schema\/logo\/image\/\",\"url\":\"https:\/\/fashiongold.lt\/wp-content\/uploads\/2025\/04\/cropped-fashion_gold_logotipas2-scaled-1.png\",\"contentUrl\":\"https:\/\/fashiongold.lt\/wp-content\/uploads\/2025\/04\/cropped-fashion_gold_logotipas2-scaled-1.png\",\"width\":2559,\"height\":421,\"caption\":\"Topdiamonds Online\"},\"image\":{\"@id\":\"https:\/\/fashiongold.lt\/lv\/#\/schema\/logo\/image\/\"}}]}<\/script>\n<!-- \/ Yoast SEO plugin. -->","yoast_head_json":{"title":"Klasisks kulons ar dimantu - Cushion (2.50 ct)","description":"2.50 ct kulons ar dimantu \u2013 po\u0113tisks gaismas ce\u013cojums un p\u0101rmantojama skaistuma simbols, kas piem\u0113rots katrai gaumei un stilam.","robots":{"index":"index","follow":"follow","max-snippet":"max-snippet:-1","max-image-preview":"max-image-preview:large","max-video-preview":"max-video-preview:-1"},"canonical":"https:\/\/fashiongold.lt\/lv\/papuosalas\/klasisks-kulons-ar-dimantu-cushion-2-50-ct\/","og_locale":"lv_LV","og_type":"article","og_title":"Klasisks kulons ar dimantu - Cushion (2.50 ct)","og_description":"2.50 ct kulons ar dimantu \u2013 po\u0113tisks gaismas ce\u013cojums un p\u0101rmantojama skaistuma simbols, kas piem\u0113rots katrai gaumei un stilam.","og_url":"https:\/\/fashiongold.lt\/lv\/papuosalas\/klasisks-kulons-ar-dimantu-cushion-2-50-ct\/","og_site_name":"FashionGold.lt","og_image":[{"width":800,"height":800,"url":"https:\/\/fashiongold.lt\/wp-content\/uploads\/2025\/05\/Klasikinis-pakabukas-su-deimantu-CUSHION-DEIMANTAS-030-ct-2-1.webp","type":"image\/png"}],"twitter_card":"summary_large_image","twitter_misc":{"Est. reading time":"1 minute"},"schema":{"@context":"https:\/\/schema.org","@graph":[{"@type":"WebPage","@id":"https:\/\/fashiongold.lt\/lv\/papuosalas\/klasisks-kulons-ar-dimantu-cushion-2-50-ct\/","url":"https:\/\/fashiongold.lt\/lv\/papuosalas\/klasisks-kulons-ar-dimantu-cushion-2-50-ct\/","name":"Klasisks kulons ar dimantu - Cushion (2.50 ct)","isPartOf":{"@id":"https:\/\/fashiongold.lt\/lv\/#website"},"primaryImageOfPage":{"@id":"https:\/\/fashiongold.lt\/lv\/papuosalas\/klasisks-kulons-ar-dimantu-cushion-2-50-ct\/#primaryimage"},"image":{"@id":"https:\/\/fashiongold.lt\/lv\/papuosalas\/klasisks-kulons-ar-dimantu-cushion-2-50-ct\/#primaryimage"},"thumbnailUrl":"https:\/\/fashiongold.lt\/wp-content\/uploads\/2025\/05\/Klasikinis-pakabukas-su-deimantu-CUSHION-DEIMANTAS-030-ct-2-1.png","datePublished":"2025-07-14T09:24:42+00:00","description":"2.50 ct kulons ar dimantu \u2013 po\u0113tisks gaismas ce\u013cojums un p\u0101rmantojama skaistuma simbols, kas piem\u0113rots katrai gaumei un stilam.","breadcrumb":{"@id":"https:\/\/fashiongold.lt\/lv\/papuosalas\/klasisks-kulons-ar-dimantu-cushion-2-50-ct\/#breadcrumb"},"inLanguage":"lv-LV","potentialAction":[{"@type":"ReadAction","target":["https:\/\/fashiongold.lt\/lv\/papuosalas\/klasisks-kulons-ar-dimantu-cushion-2-50-ct\/"]}]},{"@type":"ImageObject","inLanguage":"lv-LV","@id":"https:\/\/fashiongold.lt\/lv\/papuosalas\/klasisks-kulons-ar-dimantu-cushion-2-50-ct\/#primaryimage","url":"https:\/\/fashiongold.lt\/wp-content\/uploads\/2025\/05\/Klasikinis-pakabukas-su-deimantu-CUSHION-DEIMANTAS-030-ct-2-1.png","contentUrl":"https:\/\/fashiongold.lt\/wp-content\/uploads\/2025\/05\/Klasikinis-pakabukas-su-deimantu-CUSHION-DEIMANTAS-030-ct-2-1.png","width":800,"height":800,"caption":"alto aukso pakabukas su deimantu (cushion cut)"},{"@type":"BreadcrumbList","@id":"https:\/\/fashiongold.lt\/lv\/papuosalas\/klasisks-kulons-ar-dimantu-cushion-2-50-ct\/#breadcrumb","itemListElement":[{"@type":"ListItem","position":1,"name":"Home","item":"https:\/\/fashiongold.lt\/lv\/"},{"@type":"ListItem","position":2,"name":"Dimantu veikals Fashiongold.lt","item":"https:\/\/fashiongold.lt\/shop-2\/"},{"@type":"ListItem","position":3,"name":"Klasisks kulons ar dimantu &#8211; Cushion (2.50 ct)"}]},{"@type":"WebSite","@id":"https:\/\/fashiongold.lt\/lv\/#website","url":"https:\/\/fashiongold.lt\/lv\/","name":"Fashion Gold","description":"Juvelyrikos namai","publisher":{"@id":"https:\/\/fashiongold.lt\/lv\/#organization"},"potentialAction":[{"@type":"SearchAction","target":{"@type":"EntryPoint","urlTemplate":"https:\/\/fashiongold.lt\/lv\/?s={search_term_string}"},"query-input":{"@type":"PropertyValueSpecification","valueRequired":true,"valueName":"search_term_string"}}],"inLanguage":"lv-LV"},{"@type":"Organization","@id":"https:\/\/fashiongold.lt\/lv\/#organization","name":"Topdiamonds Online","url":"https:\/\/fashiongold.lt\/lv\/","logo":{"@type":"ImageObject","inLanguage":"lv-LV","@id":"https:\/\/fashiongold.lt\/lv\/#\/schema\/logo\/image\/","url":"https:\/\/fashiongold.lt\/wp-content\/uploads\/2025\/04\/cropped-fashion_gold_logotipas2-scaled-1.png","contentUrl":"https:\/\/fashiongold.lt\/wp-content\/uploads\/2025\/04\/cropped-fashion_gold_logotipas2-scaled-1.png","width":2559,"height":421,"caption":"Topdiamonds Online"},"image":{"@id":"https:\/\/fashiongold.lt\/lv\/#\/schema\/logo\/image\/"}}]}},"_links":{"self":[{"href":"https:\/\/fashiongold.lt\/lv\/wp-json\/wp\/v2\/product\/296024","targetHints":{"allow":["GET"]}}],"collection":[{"href":"https:\/\/fashiongold.lt\/lv\/wp-json\/wp\/v2\/product"}],"about":[{"href":"https:\/\/fashiongold.lt\/lv\/wp-json\/wp\/v2\/types\/product"}],"version-history":[{"count":0,"href":"https:\/\/fashiongold.lt\/lv\/wp-json\/wp\/v2\/product\/296024\/revisions"}],"wp:featuredmedia":[{"embeddable":true,"href":"https:\/\/fashiongold.lt\/lv\/wp-json\/wp\/v2\/media\/14482"}],"wp:attachment":[{"href":"https:\/\/fashiongold.lt\/lv\/wp-json\/wp\/v2\/media?parent=296024"}],"wp:term":[{"taxonomy":"product_brand","embeddable":true,"href":"https:\/\/fashiongold.lt\/lv\/wp-json\/wp\/v2\/product_brand?post=296024"},{"taxonomy":"product_cat","embeddable":true,"href":"https:\/\/fashiongold.lt\/lv\/wp-json\/wp\/v2\/product_cat?post=296024"},{"taxonomy":"product_tag","embeddable":true,"href":"https:\/\/fashiongold.lt\/lv\/wp-json\/wp\/v2\/product_tag?post=296024"}],"curies":[{"name":"wp","href":"https:\/\/api.w.org\/{rel}","templated":true}]}}