{"id":296144,"date":"2025-07-12T12:16:00","date_gmt":"2025-07-12T12:16:00","guid":{"rendered":"https:\/\/fashiongold.lt\/papuosalas\/moderns-halo-saderinasanas-gredzens-ar-ovalu-dimantu-1-20-ct\/"},"modified":"2025-07-12T12:16:00","modified_gmt":"2025-07-12T12:16:00","slug":"moderns-halo-saderinasanas-gredzens-ar-ovalu-dimantu-1-20-ct","status":"publish","type":"product","link":"https:\/\/fashiongold.lt\/lv\/papuosalas\/moderns-halo-saderinasanas-gredzens-ar-ovalu-dimantu-1-20-ct\/","title":{"rendered":"Moderns Halo saderin\u0101\u0161an\u0101s gredzens ar ov\u0101lu dimantu (1.20 ct)"},"content":{"rendered":"<p>Moderna Halo saderin\u0101\u0161an\u0101s gredzens, kas izgatavots p\u0113c augst\u0101kajiem juvelierizstr\u0101d\u0101jumu meistardarba standartiem, nodro\u0161inot nevainojamu kvalit\u0101ti un prec\u012bzu deta\u013cu apstr\u0101di. Individu\u0101li risin\u0101jumi, tostarp augst\u0101kas kvalit\u0101tes dimantu izv\u0113le, ir pieejami par papildu samaksu.<\/p>\n<p>\u2022 <strong><a href=\"https:\/\/fashiongold.lt\/lv\/patarimai-lv\/kada-zelta-prove-ir-vislabaka-ka-izveleties-piemerotako-saderinasanas-vai-laulibu-gredzenu\/\" target=\"_blank\" rel=\"noopener\">D\u0101rgmet\u0101li<\/a><\/strong>: 14K (585. prove), 18K (750. prove), 900 plat\u012bns<br \/>\n\u2022 <strong><a href=\"https:\/\/fashiongold.lt\/lv\/patarimai-lv\/saderinasanas-un-laulibu-gredzenu-zelta-krasa-baltais-sarkanais-vai-dzeltenais-zelts\/\" target=\"_blank\" rel=\"noopener\">Pieejam\u0101s zelta kr\u0101sas<\/a><\/strong>: balta, sarkana, dzeltena<br \/>\n\u2022 <strong><a href=\"https:\/\/fashiongold.lt\/lv\/patarimai-lv\/gredzeni-ar-dimantiem-gredzena-zelta-svars-un-dimantu-svars-karatos-ka-izveleties-piemerotako-ieteikumi-ka-saprast-un-novertet\/\" target=\"_blank\" rel=\"noopener\">Aptuvenais gredzena svars<\/a><\/strong>: <span data-sheets-root=\"1\">aptuveni 2.00 g &#8211; 3.50 g<\/span><br \/>\n\u2022 <span data-sheets-root=\"1\"><a href=\"https:\/\/fashiongold.lt\/lv\/patarimai-lv\/saderinasanas-gredzeni-perfektu-proporciju-noslepums-kapec-dazi-gredzeni-ar-dimantiem-izskatas-greznak\/\" target=\"_blank\" rel=\"noopener\"><strong>Kast\u012btes platums<\/strong><\/a>:<\/span> aptuveni <span data-sheets-root=\"1\">7.5 mm x 5.5 mm<\/span><br \/>\n\u2022 <strong><a href=\"https:\/\/fashiongold.lt\/lv\/patarimai-lv\/dimants-citas-dimanta-formas\/\" target=\"_blank\" rel=\"noopener\">Dimanta forma un sl\u012bp\u0113jums<\/a><\/strong>: <span data-sheets-root=\"1\">Ov\u0101la forma (<em>Oval cut<\/em>)<\/span><br \/>\n\u2022 <strong><a href=\"https:\/\/fashiongold.lt\/lv\/patarimai-lv\/dimants-dabigs-laboratorija-audzets-vai-maksligs-ka-izveleties-pareizi\/\" target=\"_blank\" rel=\"noopener\">Dimanta izcelsme<\/a><\/strong>: Laboratorij\u0101 audz\u0113ts dimants vai dab\u012bgs dimants<br \/>\n\u2022 <strong><a href=\"https:\/\/fashiongold.lt\/lv\/patarimai-lv\/dimants-ka-tiek-verteta-vertigaka-dargakmens-grezniba\/\" target=\"_blank\" rel=\"noopener\">Dimanta svars un raksturojums<\/a><\/strong> (iesp\u0113jams main\u012bt):<br \/>\nLaboratorij\u0101 audz\u0113ts dimants ar IGI sertifik\u0101tu: <span data-sheets-root=\"1\">0.90<\/span>\u00a0ct dimants (kr\u0101sa D-E, t\u012br\u012bba VVS)<br \/>\nDab\u012bgs dimants ar GIA sertifik\u0101tu: <span data-sheets-root=\"1\">0.90<\/span>\u00a0ct dimants (kr\u0101sa G-I, t\u012br\u012bba SI)<br \/>\n<span data-sheets-root=\"1\">Halo ietvar\u0101 ap centr\u0101lo dimantu un st\u012bpi\u0146\u0101 eso\u0161ie dimanti &#8211; aptuveni 0.007 ct dimanti (iesp\u0113jams main\u012bt)<br \/>\nKop\u0113jais dimantu svars: 1.20 ct<br \/>\n<strong>Piez\u012bme<\/strong>: p\u0113rkot Halo stila juvelierizstr\u0101d\u0101jumus, iesp\u0113jama kop\u0113j\u0101 dimantu svara nob\u012bde: 1.18 ct &#8211; 1.22 ct<\/span><br \/>\n\u2022 Vienreiz\u0113ja bezmaksas <strong><a href=\"https:\/\/fashiongold.lt\/lv\/patarimai-lv\/saderinasanas-gredzeni-vai-gredzenu-var-iegravet-detalas-kas-pieskir-jusu-saderinasanas-gredzenam-individualitati\/\" target=\"_blank\" rel=\"noopener\">grav\u0113\u0161ana<\/a><\/strong><br \/>\n\u2022 Vienreiz\u0113ja bezmaksas <strong><a href=\"https:\/\/fashiongold.lt\/lv\/patarimai-lv\/saderinasanas-gredzeni-bezmaksas-izmera-pielagosana-lai-gredzens-deretu-ideali\/\" target=\"_blank\" rel=\"noopener\">gredzena izm\u0113ra mai\u0146as garantija<\/a><br \/>\n<\/strong>\u2022 Saderin\u0101\u0161an\u0101s gredzena iek\u0161puse ir ar <strong><a href=\"https:\/\/fashiongold.lt\/lv\/patarimai-lv\/gredzena-komforta-zona-vai-gredzena-ertums\/\" target=\"_blank\" rel=\"noopener\">komforta zonu<\/a><\/strong><br \/>\n\u2022 <strong><a href=\"https:\/\/fashiongold.lt\/lv\/piegade-un-atgriesana\/\" target=\"_blank\" rel=\"noopener\">Izgatavo\u0161anas un pieg\u0101des termi\u0146\u0161<\/a><\/strong>: no 14 darba dien\u0101m, steidzam\u012bbas k\u0101rt\u0101 7 d.d. laik\u0101.<\/p>\n<p data-start=\"1169\" data-end=\"1394\">Vai jums ir savs d\u0101rgakmens vai zelts? M\u0113s nov\u0113rt\u0113sim j\u016bsu materi\u0101lus un atjaunosim cenu \u2013 j\u016bs maks\u0101siet tikai par individu\u0101lu saderin\u0101\u0161an\u0101s gredzena izgatavo\u0161anas procesu. V\u0113laties main\u012bt dimanta \u012bpa\u0161\u012bbas atbilsto\u0161i sav\u0101m vajadz\u012bb\u0101m? <strong><a href=\"https:\/\/fashiongold.lt\/lv\/kontakti\/\" target=\"_blank\" rel=\"noopener\">Sazinieties<\/a><\/strong> ar m\u016bsu speci\u0101listiem.<br \/>\nAtkl\u0101jiet pla\u0161u juvelierizstr\u0101d\u0101jumu kl\u0101stu ar dimantiem, kas piel\u0101gots da\u017e\u0101d\u0101m gaum\u0113m un bud\u017eetiem. Radiet izsmalcin\u0101tu rotaslietu ar <a href=\"https:\/\/fashiongold.lt\/lv\/\" target=\"_blank\" rel=\"noopener\">FashionGold.lt<\/a>.<\/p>\n","protected":false},"excerpt":{"rendered":"<h2 data-start=\"3262\" data-end=\"3336\">Moderns Halo saderin\u0101\u0161an\u0101s gredzens ar 1,20 ct kop\u0113jo dimantu svaru<\/h2>\n<p data-start=\"3337\" data-end=\"3535\">\u0160is Halo saderin\u0101\u0161an\u0101s gredzens ir paredz\u0113ts tiem, kas mekl\u0113 spilgt\u0101ku vizu\u0101lo efektu. Kop\u0113jais dimantu svars ir 1,20 ct, t\u0101p\u0113c \u0161is saderin\u0101\u0161an\u0101s gredzens izskat\u0101s grezn\u0101ks, ta\u010du saglab\u0101 t\u012bras, modernas l\u012bnijas. <em>Oval<\/em> sl\u012bp\u0113juma dimants centr\u0101 pie\u0161\u0137ir gredzenam iegarenu, elegantu siluetu, kas harmoniski saskan ar Halo vainagu.<\/p>\n<h3 data-start=\"3655\" data-end=\"3691\">Pastiprin\u0101ts gaismas efekts \u012bpa\u0161\u0101 rotasliet\u0101<\/h3>\n<p data-start=\"3692\" data-end=\"3890\">Halo konstrukcija pal\u012bdz izcelt ov\u0101las formas dimanta kont\u016bras, bet smalki papildu dimanti gredzena st\u012bpi\u0146\u0101 nodro\u0161ina, ka gredzens mirdz no vis\u0101m pus\u0113m. T\u0101 ir moderna izv\u0113le tiem, kas nov\u0113rt\u0113 gaismu un proporcijas.<\/p>\n","protected":false},"featured_media":18650,"template":"","meta":{"site-sidebar-layout":"default","site-content-layout":"","ast-site-content-layout":"default","site-content-style":"default","site-sidebar-style":"default","ast-global-header-display":"","ast-banner-title-visibility":"","ast-main-header-display":"","ast-hfb-above-header-display":"","ast-hfb-below-header-display":"","ast-hfb-mobile-header-display":"","site-post-title":"","ast-breadcrumbs-content":"","ast-featured-img":"","footer-sml-layout":"","ast-disable-related-posts":"","theme-transparent-header-meta":"default","adv-header-id-meta":"","stick-header-meta":"","header-above-stick-meta":"","header-main-stick-meta":"","header-below-stick-meta":"","astra-migrate-meta-layouts":"default","ast-page-background-enabled":"default","ast-page-background-meta":{"desktop":{"background-color":"var(--ast-global-color-4)","background-image":"","background-repeat":"repeat","background-position":"center center","background-size":"auto","background-attachment":"scroll","background-type":"","background-media":"","overlay-type":"","overlay-color":"","overlay-opacity":"","overlay-gradient":""},"tablet":{"background-color":"","background-image":"","background-repeat":"repeat","background-position":"center center","background-size":"auto","background-attachment":"scroll","background-type":"","background-media":"","overlay-type":"","overlay-color":"","overlay-opacity":"","overlay-gradient":""},"mobile":{"background-color":"","background-image":"","background-repeat":"repeat","background-position":"center center","background-size":"auto","background-attachment":"scroll","background-type":"","background-media":"","overlay-type":"","overlay-color":"","overlay-opacity":"","overlay-gradient":""}},"ast-content-background-meta":{"desktop":{"background-color":"var(--ast-global-color-5)","background-image":"","background-repeat":"repeat","background-position":"center center","background-size":"auto","background-attachment":"scroll","background-type":"","background-media":"","overlay-type":"","overlay-color":"","overlay-opacity":"","overlay-gradient":""},"tablet":{"background-color":"var(--ast-global-color-5)","background-image":"","background-repeat":"repeat","background-position":"center center","background-size":"auto","background-attachment":"scroll","background-type":"","background-media":"","overlay-type":"","overlay-color":"","overlay-opacity":"","overlay-gradient":""},"mobile":{"background-color":"var(--ast-global-color-5)","background-image":"","background-repeat":"repeat","background-position":"center center","background-size":"auto","background-attachment":"scroll","background-type":"","background-media":"","overlay-type":"","overlay-color":"","overlay-opacity":"","overlay-gradient":""}}},"product_brand":[],"product_cat":[3441,2919,2921,2923,3442,2997,3042,3504,3465,3439,3962,3560,2979,3443,2936],"product_tag":[],"class_list":{"0":"post-296144","1":"product","2":"type-product","3":"status-publish","4":"has-post-thumbnail","6":"product_cat-balta-zelta-saderinasanas-gredzeni","7":"product_cat-baltzelta-rotaslietas","8":"product_cat-davanas-ipasiem-gadijumiem","9":"product_cat-dzeltena-zelta-juvelierizstradajumi","10":"product_cat-dzeltena-zelta-saderinasanas-gredzeni","11":"product_cat-halo-formas-saderinasanas-gredzeni","12":"product_cat-juvelierizstradajumi","13":"product_cat-juvelierizstradajumi-ar-laboratorija-audzetiem-dimantiem","14":"product_cat-moderni-saderinasanas-gredzeni","15":"product_cat-saderinasanas-gredzeni","16":"product_cat-saderinasanas-gredzeni-ar-dimantu","17":"product_cat-saderinasanas-gredzeni-ar-laboratorijas-dimantiem","18":"product_cat-sarkana-zelta-juvelierizstradajumi","19":"product_cat-sarkana-zelta-saderinasanas-gredzeni","20":"product_cat-valentindienas-davanas","21":"desktop-align-center","22":"tablet-align-left","23":"mobile-align-left","24":"ast-product-gallery-layout-horizontal-slider","25":"ast-product-single-variable","26":"ast-product-tabs-layout-accordion","27":"ast-qv-on-image","29":"first","30":"instock","31":"taxable","32":"shipping-taxable","33":"purchasable","34":"product-type-variable"},"yoast_head":"<!-- This site is optimized with the Yoast SEO plugin v26.6 - https:\/\/yoast.com\/wordpress\/plugins\/seo\/ -->\n<title>Moderns Halo saderin\u0101\u0161an\u0101s gredzens ar ov\u0101lu dimantu (1.20 ct)<\/title>\n<meta name=\"description\" content=\"Halo saderin\u0101\u0161an\u0101s gredzens ar 1,20 ct \u2013 moderns gredzena st\u012bpi\u0146as dizains, centr\u0101 mirdzo\u0161s ov\u0101las formas dimants un pastiprin\u0101ts Halo mirdzums.\" \/>\n<meta name=\"robots\" content=\"index, follow, max-snippet:-1, max-image-preview:large, max-video-preview:-1\" \/>\n<link rel=\"canonical\" href=\"https:\/\/fashiongold.lt\/lv\/papuosalas\/moderns-halo-saderinasanas-gredzens-ar-ovalu-dimantu-1-20-ct\/\" \/>\n<meta property=\"og:locale\" content=\"lv_LV\" \/>\n<meta property=\"og:type\" content=\"article\" \/>\n<meta property=\"og:title\" content=\"Moderns Halo saderin\u0101\u0161an\u0101s gredzens ar ov\u0101lu dimantu (1.20 ct)\" \/>\n<meta property=\"og:description\" content=\"Halo saderin\u0101\u0161an\u0101s gredzens ar 1,20 ct \u2013 moderns gredzena st\u012bpi\u0146as dizains, centr\u0101 mirdzo\u0161s ov\u0101las formas dimants un pastiprin\u0101ts Halo mirdzums.\" \/>\n<meta property=\"og:url\" content=\"https:\/\/fashiongold.lt\/lv\/papuosalas\/moderns-halo-saderinasanas-gredzens-ar-ovalu-dimantu-1-20-ct\/\" \/>\n<meta property=\"og:site_name\" content=\"FashionGold.lt\" \/>\n<meta property=\"og:image\" content=\"https:\/\/fashiongold.lt\/wp-content\/uploads\/2025\/06\/TDO-1250-modernus-halo-suzadetuviu-ziedas-su-deimantu-oval-cut-7-1.webp\" \/>\n\t<meta property=\"og:image:width\" content=\"800\" \/>\n\t<meta property=\"og:image:height\" content=\"800\" \/>\n\t<meta property=\"og:image:type\" content=\"image\/jpeg\" \/>\n<meta name=\"twitter:card\" content=\"summary_large_image\" \/>\n<meta name=\"twitter:label1\" content=\"Est. reading time\" \/>\n\t<meta name=\"twitter:data1\" content=\"2 minutes\" \/>\n<script type=\"application\/ld+json\" class=\"yoast-schema-graph\">{\"@context\":\"https:\/\/schema.org\",\"@graph\":[{\"@type\":\"WebPage\",\"@id\":\"https:\/\/fashiongold.lt\/lv\/papuosalas\/moderns-halo-saderinasanas-gredzens-ar-ovalu-dimantu-1-20-ct\/\",\"url\":\"https:\/\/fashiongold.lt\/lv\/papuosalas\/moderns-halo-saderinasanas-gredzens-ar-ovalu-dimantu-1-20-ct\/\",\"name\":\"Moderns Halo saderin\u0101\u0161an\u0101s gredzens ar ov\u0101lu dimantu (1.20 ct)\",\"isPartOf\":{\"@id\":\"https:\/\/fashiongold.lt\/lv\/#website\"},\"primaryImageOfPage\":{\"@id\":\"https:\/\/fashiongold.lt\/lv\/papuosalas\/moderns-halo-saderinasanas-gredzens-ar-ovalu-dimantu-1-20-ct\/#primaryimage\"},\"image\":{\"@id\":\"https:\/\/fashiongold.lt\/lv\/papuosalas\/moderns-halo-saderinasanas-gredzens-ar-ovalu-dimantu-1-20-ct\/#primaryimage\"},\"thumbnailUrl\":\"https:\/\/fashiongold.lt\/wp-content\/uploads\/2025\/06\/TDO-1250-modernus-halo-suzadetuviu-ziedas-su-deimantu-oval-cut-7-1.jpg\",\"datePublished\":\"2025-07-12T12:16:00+00:00\",\"description\":\"Halo saderin\u0101\u0161an\u0101s gredzens ar 1,20 ct \u2013 moderns gredzena st\u012bpi\u0146as dizains, centr\u0101 mirdzo\u0161s ov\u0101las formas dimants un pastiprin\u0101ts Halo mirdzums.\",\"breadcrumb\":{\"@id\":\"https:\/\/fashiongold.lt\/lv\/papuosalas\/moderns-halo-saderinasanas-gredzens-ar-ovalu-dimantu-1-20-ct\/#breadcrumb\"},\"inLanguage\":\"lv-LV\",\"potentialAction\":[{\"@type\":\"ReadAction\",\"target\":[\"https:\/\/fashiongold.lt\/lv\/papuosalas\/moderns-halo-saderinasanas-gredzens-ar-ovalu-dimantu-1-20-ct\/\"]}]},{\"@type\":\"ImageObject\",\"inLanguage\":\"lv-LV\",\"@id\":\"https:\/\/fashiongold.lt\/lv\/papuosalas\/moderns-halo-saderinasanas-gredzens-ar-ovalu-dimantu-1-20-ct\/#primaryimage\",\"url\":\"https:\/\/fashiongold.lt\/wp-content\/uploads\/2025\/06\/TDO-1250-modernus-halo-suzadetuviu-ziedas-su-deimantu-oval-cut-7-1.jpg\",\"contentUrl\":\"https:\/\/fashiongold.lt\/wp-content\/uploads\/2025\/06\/TDO-1250-modernus-halo-suzadetuviu-ziedas-su-deimantu-oval-cut-7-1.jpg\",\"width\":800,\"height\":800,\"caption\":\"Modernus su\u017ead\u0117tuvi\u0173 \u017eiedas su deimantais ir halo juostele i\u0161 balto aukso arba platinos - oval cut\"},{\"@type\":\"BreadcrumbList\",\"@id\":\"https:\/\/fashiongold.lt\/lv\/papuosalas\/moderns-halo-saderinasanas-gredzens-ar-ovalu-dimantu-1-20-ct\/#breadcrumb\",\"itemListElement\":[{\"@type\":\"ListItem\",\"position\":1,\"name\":\"Home\",\"item\":\"https:\/\/fashiongold.lt\/lv\/\"},{\"@type\":\"ListItem\",\"position\":2,\"name\":\"Dimantu veikals Fashiongold.lt\",\"item\":\"https:\/\/fashiongold.lt\/shop-2\/\"},{\"@type\":\"ListItem\",\"position\":3,\"name\":\"Moderns Halo saderin\u0101\u0161an\u0101s gredzens ar ov\u0101lu dimantu (1.20 ct)\"}]},{\"@type\":\"WebSite\",\"@id\":\"https:\/\/fashiongold.lt\/lv\/#website\",\"url\":\"https:\/\/fashiongold.lt\/lv\/\",\"name\":\"Fashion Gold\",\"description\":\"Juvelyrikos namai\",\"publisher\":{\"@id\":\"https:\/\/fashiongold.lt\/lv\/#organization\"},\"potentialAction\":[{\"@type\":\"SearchAction\",\"target\":{\"@type\":\"EntryPoint\",\"urlTemplate\":\"https:\/\/fashiongold.lt\/lv\/?s={search_term_string}\"},\"query-input\":{\"@type\":\"PropertyValueSpecification\",\"valueRequired\":true,\"valueName\":\"search_term_string\"}}],\"inLanguage\":\"lv-LV\"},{\"@type\":\"Organization\",\"@id\":\"https:\/\/fashiongold.lt\/lv\/#organization\",\"name\":\"Topdiamonds Online\",\"url\":\"https:\/\/fashiongold.lt\/lv\/\",\"logo\":{\"@type\":\"ImageObject\",\"inLanguage\":\"lv-LV\",\"@id\":\"https:\/\/fashiongold.lt\/lv\/#\/schema\/logo\/image\/\",\"url\":\"https:\/\/fashiongold.lt\/wp-content\/uploads\/2025\/04\/cropped-fashion_gold_logotipas2-scaled-1.png\",\"contentUrl\":\"https:\/\/fashiongold.lt\/wp-content\/uploads\/2025\/04\/cropped-fashion_gold_logotipas2-scaled-1.png\",\"width\":2559,\"height\":421,\"caption\":\"Topdiamonds Online\"},\"image\":{\"@id\":\"https:\/\/fashiongold.lt\/lv\/#\/schema\/logo\/image\/\"}}]}<\/script>\n<!-- \/ Yoast SEO plugin. -->","yoast_head_json":{"title":"Moderns Halo saderin\u0101\u0161an\u0101s gredzens ar ov\u0101lu dimantu (1.20 ct)","description":"Halo saderin\u0101\u0161an\u0101s gredzens ar 1,20 ct \u2013 moderns gredzena st\u012bpi\u0146as dizains, centr\u0101 mirdzo\u0161s ov\u0101las formas dimants un pastiprin\u0101ts Halo mirdzums.","robots":{"index":"index","follow":"follow","max-snippet":"max-snippet:-1","max-image-preview":"max-image-preview:large","max-video-preview":"max-video-preview:-1"},"canonical":"https:\/\/fashiongold.lt\/lv\/papuosalas\/moderns-halo-saderinasanas-gredzens-ar-ovalu-dimantu-1-20-ct\/","og_locale":"lv_LV","og_type":"article","og_title":"Moderns Halo saderin\u0101\u0161an\u0101s gredzens ar ov\u0101lu dimantu (1.20 ct)","og_description":"Halo saderin\u0101\u0161an\u0101s gredzens ar 1,20 ct \u2013 moderns gredzena st\u012bpi\u0146as dizains, centr\u0101 mirdzo\u0161s ov\u0101las formas dimants un pastiprin\u0101ts Halo mirdzums.","og_url":"https:\/\/fashiongold.lt\/lv\/papuosalas\/moderns-halo-saderinasanas-gredzens-ar-ovalu-dimantu-1-20-ct\/","og_site_name":"FashionGold.lt","og_image":[{"width":800,"height":800,"url":"https:\/\/fashiongold.lt\/wp-content\/uploads\/2025\/06\/TDO-1250-modernus-halo-suzadetuviu-ziedas-su-deimantu-oval-cut-7-1.webp","type":"image\/jpeg"}],"twitter_card":"summary_large_image","twitter_misc":{"Est. reading time":"2 minutes"},"schema":{"@context":"https:\/\/schema.org","@graph":[{"@type":"WebPage","@id":"https:\/\/fashiongold.lt\/lv\/papuosalas\/moderns-halo-saderinasanas-gredzens-ar-ovalu-dimantu-1-20-ct\/","url":"https:\/\/fashiongold.lt\/lv\/papuosalas\/moderns-halo-saderinasanas-gredzens-ar-ovalu-dimantu-1-20-ct\/","name":"Moderns Halo saderin\u0101\u0161an\u0101s gredzens ar ov\u0101lu dimantu (1.20 ct)","isPartOf":{"@id":"https:\/\/fashiongold.lt\/lv\/#website"},"primaryImageOfPage":{"@id":"https:\/\/fashiongold.lt\/lv\/papuosalas\/moderns-halo-saderinasanas-gredzens-ar-ovalu-dimantu-1-20-ct\/#primaryimage"},"image":{"@id":"https:\/\/fashiongold.lt\/lv\/papuosalas\/moderns-halo-saderinasanas-gredzens-ar-ovalu-dimantu-1-20-ct\/#primaryimage"},"thumbnailUrl":"https:\/\/fashiongold.lt\/wp-content\/uploads\/2025\/06\/TDO-1250-modernus-halo-suzadetuviu-ziedas-su-deimantu-oval-cut-7-1.jpg","datePublished":"2025-07-12T12:16:00+00:00","description":"Halo saderin\u0101\u0161an\u0101s gredzens ar 1,20 ct \u2013 moderns gredzena st\u012bpi\u0146as dizains, centr\u0101 mirdzo\u0161s ov\u0101las formas dimants un pastiprin\u0101ts Halo mirdzums.","breadcrumb":{"@id":"https:\/\/fashiongold.lt\/lv\/papuosalas\/moderns-halo-saderinasanas-gredzens-ar-ovalu-dimantu-1-20-ct\/#breadcrumb"},"inLanguage":"lv-LV","potentialAction":[{"@type":"ReadAction","target":["https:\/\/fashiongold.lt\/lv\/papuosalas\/moderns-halo-saderinasanas-gredzens-ar-ovalu-dimantu-1-20-ct\/"]}]},{"@type":"ImageObject","inLanguage":"lv-LV","@id":"https:\/\/fashiongold.lt\/lv\/papuosalas\/moderns-halo-saderinasanas-gredzens-ar-ovalu-dimantu-1-20-ct\/#primaryimage","url":"https:\/\/fashiongold.lt\/wp-content\/uploads\/2025\/06\/TDO-1250-modernus-halo-suzadetuviu-ziedas-su-deimantu-oval-cut-7-1.jpg","contentUrl":"https:\/\/fashiongold.lt\/wp-content\/uploads\/2025\/06\/TDO-1250-modernus-halo-suzadetuviu-ziedas-su-deimantu-oval-cut-7-1.jpg","width":800,"height":800,"caption":"Modernus su\u017ead\u0117tuvi\u0173 \u017eiedas su deimantais ir halo juostele i\u0161 balto aukso arba platinos - oval cut"},{"@type":"BreadcrumbList","@id":"https:\/\/fashiongold.lt\/lv\/papuosalas\/moderns-halo-saderinasanas-gredzens-ar-ovalu-dimantu-1-20-ct\/#breadcrumb","itemListElement":[{"@type":"ListItem","position":1,"name":"Home","item":"https:\/\/fashiongold.lt\/lv\/"},{"@type":"ListItem","position":2,"name":"Dimantu veikals Fashiongold.lt","item":"https:\/\/fashiongold.lt\/shop-2\/"},{"@type":"ListItem","position":3,"name":"Moderns Halo saderin\u0101\u0161an\u0101s gredzens ar ov\u0101lu dimantu (1.20 ct)"}]},{"@type":"WebSite","@id":"https:\/\/fashiongold.lt\/lv\/#website","url":"https:\/\/fashiongold.lt\/lv\/","name":"Fashion Gold","description":"Juvelyrikos namai","publisher":{"@id":"https:\/\/fashiongold.lt\/lv\/#organization"},"potentialAction":[{"@type":"SearchAction","target":{"@type":"EntryPoint","urlTemplate":"https:\/\/fashiongold.lt\/lv\/?s={search_term_string}"},"query-input":{"@type":"PropertyValueSpecification","valueRequired":true,"valueName":"search_term_string"}}],"inLanguage":"lv-LV"},{"@type":"Organization","@id":"https:\/\/fashiongold.lt\/lv\/#organization","name":"Topdiamonds Online","url":"https:\/\/fashiongold.lt\/lv\/","logo":{"@type":"ImageObject","inLanguage":"lv-LV","@id":"https:\/\/fashiongold.lt\/lv\/#\/schema\/logo\/image\/","url":"https:\/\/fashiongold.lt\/wp-content\/uploads\/2025\/04\/cropped-fashion_gold_logotipas2-scaled-1.png","contentUrl":"https:\/\/fashiongold.lt\/wp-content\/uploads\/2025\/04\/cropped-fashion_gold_logotipas2-scaled-1.png","width":2559,"height":421,"caption":"Topdiamonds Online"},"image":{"@id":"https:\/\/fashiongold.lt\/lv\/#\/schema\/logo\/image\/"}}]}},"_links":{"self":[{"href":"https:\/\/fashiongold.lt\/lv\/wp-json\/wp\/v2\/product\/296144","targetHints":{"allow":["GET"]}}],"collection":[{"href":"https:\/\/fashiongold.lt\/lv\/wp-json\/wp\/v2\/product"}],"about":[{"href":"https:\/\/fashiongold.lt\/lv\/wp-json\/wp\/v2\/types\/product"}],"version-history":[{"count":0,"href":"https:\/\/fashiongold.lt\/lv\/wp-json\/wp\/v2\/product\/296144\/revisions"}],"wp:featuredmedia":[{"embeddable":true,"href":"https:\/\/fashiongold.lt\/lv\/wp-json\/wp\/v2\/media\/18650"}],"wp:attachment":[{"href":"https:\/\/fashiongold.lt\/lv\/wp-json\/wp\/v2\/media?parent=296144"}],"wp:term":[{"taxonomy":"product_brand","embeddable":true,"href":"https:\/\/fashiongold.lt\/lv\/wp-json\/wp\/v2\/product_brand?post=296144"},{"taxonomy":"product_cat","embeddable":true,"href":"https:\/\/fashiongold.lt\/lv\/wp-json\/wp\/v2\/product_cat?post=296144"},{"taxonomy":"product_tag","embeddable":true,"href":"https:\/\/fashiongold.lt\/lv\/wp-json\/wp\/v2\/product_tag?post=296144"}],"curies":[{"name":"wp","href":"https:\/\/api.w.org\/{rel}","templated":true}]}}