{"id":296199,"date":"2025-07-12T11:11:24","date_gmt":"2025-07-12T11:11:24","guid":{"rendered":"https:\/\/fashiongold.lt\/papuosalas\/moderns-halo-saderinasanas-gredzens-ar-bumbierveida-dimantu-1-00-ct\/"},"modified":"2026-02-21T07:51:22","modified_gmt":"2026-02-21T07:51:22","slug":"moderns-halo-saderinasanas-gredzens-ar-bumbierveida-dimantu-1-00-ct","status":"publish","type":"product","link":"https:\/\/fashiongold.lt\/lv\/papuosalas\/moderns-halo-saderinasanas-gredzens-ar-bumbierveida-dimantu-1-00-ct\/","title":{"rendered":"Moderns Halo saderin\u0101\u0161an\u0101s gredzens ar bumbierveida dimantu (1.00 ct)"},"content":{"rendered":"<p>Moderna Halo saderin\u0101\u0161an\u0101s gredzens, kas izgatavots p\u0113c augst\u0101kajiem juvelierizstr\u0101d\u0101jumu meistarklases standartiem, nodro\u0161inot nevainojamu kvalit\u0101ti un prec\u012bzu deta\u013cu apstr\u0101di. Individu\u0101li risin\u0101jumi, ieskaitot augst\u0101kas kvalit\u0101tes dimantu izv\u0113li, ir pieejami par papildu samaksu.<\/p>\n<p>\u2022 <strong><a href=\"https:\/\/fashiongold.lt\/lv\/patarimai-lv\/kada-zelta-prove-ir-vislabaka-ka-izveleties-piemerotako-saderinasanas-vai-laulibu-gredzenu\/\" target=\"_blank\" rel=\"noopener\">D\u0101rgmet\u0101li<\/a><\/strong>: 14K (585 prove), 18K (750 prove), 900 plat\u012bns<br \/>\n\u2022 <strong><a href=\"https:\/\/fashiongold.lt\/lv\/patarimai-lv\/saderinasanas-un-laulibu-gredzenu-zelta-krasa-baltais-sarkanais-vai-dzeltenais-zelts\/\" target=\"_blank\" rel=\"noopener\">Pieejam\u0101s zelta kr\u0101sas<\/a><\/strong>: balts, sarkans, dzeltens<br \/>\n\u2022 <strong><a href=\"https:\/\/fashiongold.lt\/lv\/patarimai-lv\/gredzeni-ar-dimantiem-gredzena-zelta-svars-un-dimantu-svars-karatos-ka-izveleties-piemerotako-ieteikumi-ka-saprast-un-novertet\/\" target=\"_blank\" rel=\"noopener\">Aptuvenais gredzena svars<\/a><\/strong>: <span data-sheets-root=\"1\">aptuveni 2.00 g &#8211; 3.50 g<\/span><br \/>\n\u2022 <span data-sheets-root=\"1\"><a href=\"https:\/\/fashiongold.lt\/lv\/patarimai-lv\/saderinasanas-gredzeni-perfektu-proporciju-noslepums-kapec-dazi-gredzeni-ar-dimantiem-izskatas-greznak\/\" target=\"_blank\" rel=\"noopener\"><strong>Kron\u012b\u0161a platums<\/strong><\/a>:<\/span> aptuveni <span data-sheets-root=\"1\">7.25 mm x 5.5 mm<\/span><br \/>\n\u2022 <strong><a href=\"https:\/\/fashiongold.lt\/lv\/patarimai-lv\/dimants-citas-dimanta-formas\/\" target=\"_blank\" rel=\"noopener\">Dimanta forma un sl\u012bp\u0113jums<\/a><\/strong>: <span data-sheets-root=\"1\">L\u0101ses formas (<em>Pear cut<\/em>)<\/span><br \/>\n\u2022 <strong><a href=\"https:\/\/fashiongold.lt\/lv\/patarimai-lv\/dimants-dabigs-laboratorija-audzets-vai-maksligs-ka-izveleties-pareizi\/\" target=\"_blank\" rel=\"noopener\">Dimanta izcelsme<\/a><\/strong>: Laboratorij\u0101 audz\u0113ts dimants vai dab\u012bgs dimants<br \/>\n\u2022 <strong><a href=\"https:\/\/fashiongold.lt\/lv\/patarimai-lv\/dimants-ka-tiek-verteta-vertigaka-dargakmens-grezniba\/\" target=\"_blank\" rel=\"noopener\">Dimanta svars un raksturojums<\/a><\/strong> (var main\u012bt):<br \/>\nLaboratorij\u0101 audz\u0113ts dimants ar IGI sertifik\u0101tu: 0.70\u00a0ct dimants (kr\u0101sa D-E, dzidrums VVS)<br \/>\nDab\u012bgs dimants ar GIA sertifik\u0101tu: 0.70\u00a0ct dimants (kr\u0101sa G-I, dzidrums SI)<br \/>\n<span data-sheets-root=\"1\">Dimanti Halo ietvar\u0101 ap centr\u0101lo dimantu un st\u012bpi\u0146\u0101 &#8211; aptuveni 0.007 ct dimanti (var main\u012bt)<br \/>\nKop\u0113jais dimantu svars: 1.00 ct<br \/>\n<strong>Piez\u012bme<\/strong>: ieg\u0101d\u0101joties Halo stila juvelierizstr\u0101d\u0101jumus, pie\u013caujam\u0101 kop\u0113j\u0101 dimantu svara nob\u012bde: 0.98 ct &#8211; 1.02 ct<\/span><br \/>\n\u2022 Vienreiz\u0113ja bezmaksas <strong><a href=\"https:\/\/fashiongold.lt\/lv\/patarimai-lv\/saderinasanas-gredzeni-vai-gredzenu-var-iegravet-detalas-kas-pieskir-jusu-saderinasanas-gredzenam-individualitati\/\" target=\"_blank\" rel=\"noopener\">grav\u0113\u0161ana<\/a><\/strong><br \/>\n\u2022 Vienreiz\u0113ja bezmaksas <strong><a href=\"https:\/\/fashiongold.lt\/lv\/patarimai-lv\/saderinasanas-gredzeni-bezmaksas-izmera-pielagosana-lai-gredzens-deretu-ideali\/\" target=\"_blank\" rel=\"noopener\">gredzena izm\u0113ra mai\u0146a<\/a><br \/>\n<\/strong>\u2022 Saderin\u0101\u0161an\u0101s gredzena iek\u0161puse ir ar <strong><a href=\"https:\/\/fashiongold.lt\/lv\/patarimai-lv\/gredzena-komforta-zona-vai-gredzena-ertums\/\" target=\"_blank\" rel=\"noopener\">komforta zonu<\/a><\/strong><br \/>\n\u2022 <strong><a href=\"https:\/\/fashiongold.lt\/lv\/piegade-un-atgriesana\/\" target=\"_blank\" rel=\"noopener\">Izgatavo\u0161anas un pieg\u0101des termi\u0146\u0161<\/a><\/strong>: no 14 darba dien\u0101m, steidzam\u012bbas k\u0101rt\u0101 7 d.d. laik\u0101<\/p>\n<p data-start=\"1169\" data-end=\"1394\">Jums ir savs d\u0101rgakmens vai zelts? M\u0113s nov\u0113rt\u0113sim j\u016bsu materi\u0101lus un atjaunin\u0101sim cenu \u2013 j\u016bs maks\u0101siet tikai par individu\u0101lu saderin\u0101\u0161an\u0101s gredzena izgatavo\u0161anas procesu. V\u0113laties main\u012bt dimanta \u012bpa\u0161\u012bbas atbilsto\u0161i sav\u0101m vajadz\u012bb\u0101m? <strong><a href=\"https:\/\/fashiongold.lt\/lv\/kontakti\/\" target=\"_blank\" rel=\"noopener\">Sazinieties<\/a><\/strong> ar m\u016bsu speci\u0101listiem.<br \/>\nAtkl\u0101jiet pla\u0161u juvelierizstr\u0101d\u0101jumu ar dimantiem asortimentu, kas piel\u0101gots da\u017e\u0101d\u0101m gaum\u0113m un bud\u017eetiem. Radiet unik\u0101lu rotaslietu kop\u0101 ar <a href=\"https:\/\/fashiongold.lt\/lv\/\" target=\"_blank\" rel=\"noopener\">FashionGold.lt<\/a>.<\/p>\n","protected":false},"excerpt":{"rendered":"<h2 data-start=\"2462\" data-end=\"2534\">Halo saderin\u0101\u0161an\u0101s gredzens ar 1.00 ct kop\u0113jo dimantu svaru<\/h2>\n<p data-start=\"2535\" data-end=\"2774\">1.00 ct kop\u0113jais dimantu daudzums pie\u0161\u0137ir \u0161im Halo saderin\u0101\u0161an\u0101s gredzenam skaidri j\u016btamu luksusa saj\u016btu. Dimanti Halo vainadzi\u0146\u0101 un st\u012bpi\u0146\u0101 rada vienotu gaismas strukt\u016bru, savuk\u0101rt modernais dizains \u013cauj gredzenam saglab\u0101t m\u016bsdien\u012bgumu. Gredzena centr\u0101laj\u0101 da\u013c\u0101 ir spilgti mirdzo\u0161s <em>Pear<\/em> griezuma dimants, kas izce\u013cas ar elegantu formu un smalku kontrastu starp \u0161auro un plat\u0101ko galu.<\/p>\n<h3 data-start=\"2917\" data-end=\"2957\">L\u0101ses formas dimants k\u0101 galvenais dizaina akcents<\/h3>\n<p data-start=\"2958\" data-end=\"3151\">L\u0101ses formas dimants rada izteiksm\u012bgu vizu\u0101lo ritmu un pie\u0161\u0137ir \u0161im saderin\u0101\u0161an\u0101s gredzenam individualit\u0101ti. Halo konstrukcija pal\u012bdz uzsv\u0113rt t\u0101 proporcijas, bet papildu dimanti, kas r\u016bp\u012bgi inkrust\u0113ti gredzena st\u012bpi\u0146\u0101, pastiprina moderno raksturu.<\/p>\n","protected":false},"featured_media":17567,"template":"","meta":{"site-sidebar-layout":"default","site-content-layout":"","ast-site-content-layout":"default","site-content-style":"default","site-sidebar-style":"default","ast-global-header-display":"","ast-banner-title-visibility":"","ast-main-header-display":"","ast-hfb-above-header-display":"","ast-hfb-below-header-display":"","ast-hfb-mobile-header-display":"","site-post-title":"","ast-breadcrumbs-content":"","ast-featured-img":"","footer-sml-layout":"","ast-disable-related-posts":"","theme-transparent-header-meta":"default","adv-header-id-meta":"","stick-header-meta":"","header-above-stick-meta":"","header-main-stick-meta":"","header-below-stick-meta":"","astra-migrate-meta-layouts":"default","ast-page-background-enabled":"default","ast-page-background-meta":{"desktop":{"background-color":"var(--ast-global-color-4)","background-image":"","background-repeat":"repeat","background-position":"center center","background-size":"auto","background-attachment":"scroll","background-type":"","background-media":"","overlay-type":"","overlay-color":"","overlay-opacity":"","overlay-gradient":""},"tablet":{"background-color":"","background-image":"","background-repeat":"repeat","background-position":"center center","background-size":"auto","background-attachment":"scroll","background-type":"","background-media":"","overlay-type":"","overlay-color":"","overlay-opacity":"","overlay-gradient":""},"mobile":{"background-color":"","background-image":"","background-repeat":"repeat","background-position":"center center","background-size":"auto","background-attachment":"scroll","background-type":"","background-media":"","overlay-type":"","overlay-color":"","overlay-opacity":"","overlay-gradient":""}},"ast-content-background-meta":{"desktop":{"background-color":"var(--ast-global-color-5)","background-image":"","background-repeat":"repeat","background-position":"center center","background-size":"auto","background-attachment":"scroll","background-type":"","background-media":"","overlay-type":"","overlay-color":"","overlay-opacity":"","overlay-gradient":""},"tablet":{"background-color":"var(--ast-global-color-5)","background-image":"","background-repeat":"repeat","background-position":"center center","background-size":"auto","background-attachment":"scroll","background-type":"","background-media":"","overlay-type":"","overlay-color":"","overlay-opacity":"","overlay-gradient":""},"mobile":{"background-color":"var(--ast-global-color-5)","background-image":"","background-repeat":"repeat","background-position":"center center","background-size":"auto","background-attachment":"scroll","background-type":"","background-media":"","overlay-type":"","overlay-color":"","overlay-opacity":"","overlay-gradient":""}}},"product_brand":[],"product_cat":[3441,2919,2921,2923,3442,2997,3042,3504,3465,3439,3962,3560,2979,3443,2936],"product_tag":[],"class_list":{"0":"post-296199","1":"product","2":"type-product","3":"status-publish","4":"has-post-thumbnail","6":"product_cat-balta-zelta-saderinasanas-gredzeni","7":"product_cat-baltzelta-rotaslietas","8":"product_cat-davanas-ipasiem-gadijumiem","9":"product_cat-dzeltena-zelta-juvelierizstradajumi","10":"product_cat-dzeltena-zelta-saderinasanas-gredzeni","11":"product_cat-halo-formas-saderinasanas-gredzeni","12":"product_cat-juvelierizstradajumi","13":"product_cat-juvelierizstradajumi-ar-laboratorija-audzetiem-dimantiem","14":"product_cat-moderni-saderinasanas-gredzeni","15":"product_cat-saderinasanas-gredzeni","16":"product_cat-saderinasanas-gredzeni-ar-dimantu","17":"product_cat-saderinasanas-gredzeni-ar-laboratorijas-dimantiem","18":"product_cat-sarkana-zelta-juvelierizstradajumi","19":"product_cat-sarkana-zelta-saderinasanas-gredzeni","20":"product_cat-valentindienas-davanas","21":"desktop-align-center","22":"tablet-align-left","23":"mobile-align-left","24":"ast-product-gallery-layout-horizontal-slider","25":"ast-product-single-variable","26":"ast-product-tabs-layout-accordion","27":"ast-qv-on-image","29":"first","30":"instock","31":"taxable","32":"shipping-taxable","33":"purchasable","34":"product-type-variable"},"yoast_head":"<!-- This site is optimized with the Yoast SEO plugin v26.6 - https:\/\/yoast.com\/wordpress\/plugins\/seo\/ -->\n<title>Moderns Halo saderin\u0101\u0161an\u0101s gredzens ar Pear dimantu (1.00 ct)<\/title>\n<meta name=\"description\" content=\"Halo saderin\u0101\u0161an\u0101s gredzens ar 1.00 ct kop\u0113jo dimantu svaru \u2013 moderns dizains, l\u0101ses formas dimants un izteiksm\u012bgs Halo akcents.\" \/>\n<meta name=\"robots\" content=\"index, follow, max-snippet:-1, max-image-preview:large, max-video-preview:-1\" \/>\n<link rel=\"canonical\" href=\"https:\/\/fashiongold.lt\/lv\/papuosalas\/moderns-halo-saderinasanas-gredzens-ar-bumbierveida-dimantu-1-00-ct\/\" \/>\n<meta property=\"og:locale\" content=\"lv_LV\" \/>\n<meta property=\"og:type\" content=\"article\" \/>\n<meta property=\"og:title\" content=\"Moderns Halo saderin\u0101\u0161an\u0101s gredzens ar Pear dimantu (1.00 ct)\" \/>\n<meta property=\"og:description\" content=\"Halo saderin\u0101\u0161an\u0101s gredzens ar 1.00 ct kop\u0113jo dimantu svaru \u2013 moderns dizains, l\u0101ses formas dimants un izteiksm\u012bgs Halo akcents.\" \/>\n<meta property=\"og:url\" content=\"https:\/\/fashiongold.lt\/lv\/papuosalas\/moderns-halo-saderinasanas-gredzens-ar-bumbierveida-dimantu-1-00-ct\/\" \/>\n<meta property=\"og:site_name\" content=\"FashionGold.lt\" \/>\n<meta property=\"article:modified_time\" content=\"2026-02-21T07:51:22+00:00\" \/>\n<meta property=\"og:image\" content=\"https:\/\/fashiongold.lt\/wp-content\/uploads\/2025\/06\/TDO-1250-modernus-halo-suzadetuviu-ziedas-su-deimantu-pear-cut-3.webp\" \/>\n\t<meta property=\"og:image:width\" content=\"800\" \/>\n\t<meta property=\"og:image:height\" content=\"800\" \/>\n\t<meta property=\"og:image:type\" content=\"image\/jpeg\" \/>\n<meta name=\"twitter:card\" content=\"summary_large_image\" \/>\n<meta name=\"twitter:label1\" content=\"Est. reading time\" \/>\n\t<meta name=\"twitter:data1\" content=\"2 minutes\" \/>\n<script type=\"application\/ld+json\" class=\"yoast-schema-graph\">{\"@context\":\"https:\/\/schema.org\",\"@graph\":[{\"@type\":\"WebPage\",\"@id\":\"https:\/\/fashiongold.lt\/lv\/papuosalas\/moderns-halo-saderinasanas-gredzens-ar-bumbierveida-dimantu-1-00-ct\/\",\"url\":\"https:\/\/fashiongold.lt\/lv\/papuosalas\/moderns-halo-saderinasanas-gredzens-ar-bumbierveida-dimantu-1-00-ct\/\",\"name\":\"Moderns Halo saderin\u0101\u0161an\u0101s gredzens ar Pear dimantu (1.00 ct)\",\"isPartOf\":{\"@id\":\"https:\/\/fashiongold.lt\/lv\/#website\"},\"primaryImageOfPage\":{\"@id\":\"https:\/\/fashiongold.lt\/lv\/papuosalas\/moderns-halo-saderinasanas-gredzens-ar-bumbierveida-dimantu-1-00-ct\/#primaryimage\"},\"image\":{\"@id\":\"https:\/\/fashiongold.lt\/lv\/papuosalas\/moderns-halo-saderinasanas-gredzens-ar-bumbierveida-dimantu-1-00-ct\/#primaryimage\"},\"thumbnailUrl\":\"https:\/\/fashiongold.lt\/wp-content\/uploads\/2025\/06\/TDO-1250-modernus-halo-suzadetuviu-ziedas-su-deimantu-pear-cut-3.jpg\",\"datePublished\":\"2025-07-12T11:11:24+00:00\",\"dateModified\":\"2026-02-21T07:51:22+00:00\",\"description\":\"Halo saderin\u0101\u0161an\u0101s gredzens ar 1.00 ct kop\u0113jo dimantu svaru \u2013 moderns dizains, l\u0101ses formas dimants un izteiksm\u012bgs Halo akcents.\",\"breadcrumb\":{\"@id\":\"https:\/\/fashiongold.lt\/lv\/papuosalas\/moderns-halo-saderinasanas-gredzens-ar-bumbierveida-dimantu-1-00-ct\/#breadcrumb\"},\"inLanguage\":\"lv-LV\",\"potentialAction\":[{\"@type\":\"ReadAction\",\"target\":[\"https:\/\/fashiongold.lt\/lv\/papuosalas\/moderns-halo-saderinasanas-gredzens-ar-bumbierveida-dimantu-1-00-ct\/\"]}]},{\"@type\":\"ImageObject\",\"inLanguage\":\"lv-LV\",\"@id\":\"https:\/\/fashiongold.lt\/lv\/papuosalas\/moderns-halo-saderinasanas-gredzens-ar-bumbierveida-dimantu-1-00-ct\/#primaryimage\",\"url\":\"https:\/\/fashiongold.lt\/wp-content\/uploads\/2025\/06\/TDO-1250-modernus-halo-suzadetuviu-ziedas-su-deimantu-pear-cut-3.jpg\",\"contentUrl\":\"https:\/\/fashiongold.lt\/wp-content\/uploads\/2025\/06\/TDO-1250-modernus-halo-suzadetuviu-ziedas-su-deimantu-pear-cut-3.jpg\",\"width\":800,\"height\":800,\"caption\":\"Modernus su\u017ead\u0117tuvi\u0173 \u017eiedas su deimantais i\u0161 balto aukso arba platinos - pear cut\"},{\"@type\":\"BreadcrumbList\",\"@id\":\"https:\/\/fashiongold.lt\/lv\/papuosalas\/moderns-halo-saderinasanas-gredzens-ar-bumbierveida-dimantu-1-00-ct\/#breadcrumb\",\"itemListElement\":[{\"@type\":\"ListItem\",\"position\":1,\"name\":\"Home\",\"item\":\"https:\/\/fashiongold.lt\/lv\/\"},{\"@type\":\"ListItem\",\"position\":2,\"name\":\"Dimantu veikals Fashiongold.lt\",\"item\":\"https:\/\/fashiongold.lt\/shop-2\/\"},{\"@type\":\"ListItem\",\"position\":3,\"name\":\"Moderns Halo saderin\u0101\u0161an\u0101s gredzens ar bumbierveida dimantu (1.00 ct)\"}]},{\"@type\":\"WebSite\",\"@id\":\"https:\/\/fashiongold.lt\/lv\/#website\",\"url\":\"https:\/\/fashiongold.lt\/lv\/\",\"name\":\"Fashion Gold\",\"description\":\"Juvelyrikos namai\",\"publisher\":{\"@id\":\"https:\/\/fashiongold.lt\/lv\/#organization\"},\"potentialAction\":[{\"@type\":\"SearchAction\",\"target\":{\"@type\":\"EntryPoint\",\"urlTemplate\":\"https:\/\/fashiongold.lt\/lv\/?s={search_term_string}\"},\"query-input\":{\"@type\":\"PropertyValueSpecification\",\"valueRequired\":true,\"valueName\":\"search_term_string\"}}],\"inLanguage\":\"lv-LV\"},{\"@type\":\"Organization\",\"@id\":\"https:\/\/fashiongold.lt\/lv\/#organization\",\"name\":\"Topdiamonds Online\",\"url\":\"https:\/\/fashiongold.lt\/lv\/\",\"logo\":{\"@type\":\"ImageObject\",\"inLanguage\":\"lv-LV\",\"@id\":\"https:\/\/fashiongold.lt\/lv\/#\/schema\/logo\/image\/\",\"url\":\"https:\/\/fashiongold.lt\/wp-content\/uploads\/2025\/04\/cropped-fashion_gold_logotipas2-scaled-1.png\",\"contentUrl\":\"https:\/\/fashiongold.lt\/wp-content\/uploads\/2025\/04\/cropped-fashion_gold_logotipas2-scaled-1.png\",\"width\":2559,\"height\":421,\"caption\":\"Topdiamonds Online\"},\"image\":{\"@id\":\"https:\/\/fashiongold.lt\/lv\/#\/schema\/logo\/image\/\"}}]}<\/script>\n<!-- \/ Yoast SEO plugin. -->","yoast_head_json":{"title":"Moderns Halo saderin\u0101\u0161an\u0101s gredzens ar Pear dimantu (1.00 ct)","description":"Halo saderin\u0101\u0161an\u0101s gredzens ar 1.00 ct kop\u0113jo dimantu svaru \u2013 moderns dizains, l\u0101ses formas dimants un izteiksm\u012bgs Halo akcents.","robots":{"index":"index","follow":"follow","max-snippet":"max-snippet:-1","max-image-preview":"max-image-preview:large","max-video-preview":"max-video-preview:-1"},"canonical":"https:\/\/fashiongold.lt\/lv\/papuosalas\/moderns-halo-saderinasanas-gredzens-ar-bumbierveida-dimantu-1-00-ct\/","og_locale":"lv_LV","og_type":"article","og_title":"Moderns Halo saderin\u0101\u0161an\u0101s gredzens ar Pear dimantu (1.00 ct)","og_description":"Halo saderin\u0101\u0161an\u0101s gredzens ar 1.00 ct kop\u0113jo dimantu svaru \u2013 moderns dizains, l\u0101ses formas dimants un izteiksm\u012bgs Halo akcents.","og_url":"https:\/\/fashiongold.lt\/lv\/papuosalas\/moderns-halo-saderinasanas-gredzens-ar-bumbierveida-dimantu-1-00-ct\/","og_site_name":"FashionGold.lt","article_modified_time":"2026-02-21T07:51:22+00:00","og_image":[{"width":800,"height":800,"url":"https:\/\/fashiongold.lt\/wp-content\/uploads\/2025\/06\/TDO-1250-modernus-halo-suzadetuviu-ziedas-su-deimantu-pear-cut-3.webp","type":"image\/jpeg"}],"twitter_card":"summary_large_image","twitter_misc":{"Est. reading time":"2 minutes"},"schema":{"@context":"https:\/\/schema.org","@graph":[{"@type":"WebPage","@id":"https:\/\/fashiongold.lt\/lv\/papuosalas\/moderns-halo-saderinasanas-gredzens-ar-bumbierveida-dimantu-1-00-ct\/","url":"https:\/\/fashiongold.lt\/lv\/papuosalas\/moderns-halo-saderinasanas-gredzens-ar-bumbierveida-dimantu-1-00-ct\/","name":"Moderns Halo saderin\u0101\u0161an\u0101s gredzens ar Pear dimantu (1.00 ct)","isPartOf":{"@id":"https:\/\/fashiongold.lt\/lv\/#website"},"primaryImageOfPage":{"@id":"https:\/\/fashiongold.lt\/lv\/papuosalas\/moderns-halo-saderinasanas-gredzens-ar-bumbierveida-dimantu-1-00-ct\/#primaryimage"},"image":{"@id":"https:\/\/fashiongold.lt\/lv\/papuosalas\/moderns-halo-saderinasanas-gredzens-ar-bumbierveida-dimantu-1-00-ct\/#primaryimage"},"thumbnailUrl":"https:\/\/fashiongold.lt\/wp-content\/uploads\/2025\/06\/TDO-1250-modernus-halo-suzadetuviu-ziedas-su-deimantu-pear-cut-3.jpg","datePublished":"2025-07-12T11:11:24+00:00","dateModified":"2026-02-21T07:51:22+00:00","description":"Halo saderin\u0101\u0161an\u0101s gredzens ar 1.00 ct kop\u0113jo dimantu svaru \u2013 moderns dizains, l\u0101ses formas dimants un izteiksm\u012bgs Halo akcents.","breadcrumb":{"@id":"https:\/\/fashiongold.lt\/lv\/papuosalas\/moderns-halo-saderinasanas-gredzens-ar-bumbierveida-dimantu-1-00-ct\/#breadcrumb"},"inLanguage":"lv-LV","potentialAction":[{"@type":"ReadAction","target":["https:\/\/fashiongold.lt\/lv\/papuosalas\/moderns-halo-saderinasanas-gredzens-ar-bumbierveida-dimantu-1-00-ct\/"]}]},{"@type":"ImageObject","inLanguage":"lv-LV","@id":"https:\/\/fashiongold.lt\/lv\/papuosalas\/moderns-halo-saderinasanas-gredzens-ar-bumbierveida-dimantu-1-00-ct\/#primaryimage","url":"https:\/\/fashiongold.lt\/wp-content\/uploads\/2025\/06\/TDO-1250-modernus-halo-suzadetuviu-ziedas-su-deimantu-pear-cut-3.jpg","contentUrl":"https:\/\/fashiongold.lt\/wp-content\/uploads\/2025\/06\/TDO-1250-modernus-halo-suzadetuviu-ziedas-su-deimantu-pear-cut-3.jpg","width":800,"height":800,"caption":"Modernus su\u017ead\u0117tuvi\u0173 \u017eiedas su deimantais i\u0161 balto aukso arba platinos - pear cut"},{"@type":"BreadcrumbList","@id":"https:\/\/fashiongold.lt\/lv\/papuosalas\/moderns-halo-saderinasanas-gredzens-ar-bumbierveida-dimantu-1-00-ct\/#breadcrumb","itemListElement":[{"@type":"ListItem","position":1,"name":"Home","item":"https:\/\/fashiongold.lt\/lv\/"},{"@type":"ListItem","position":2,"name":"Dimantu veikals Fashiongold.lt","item":"https:\/\/fashiongold.lt\/shop-2\/"},{"@type":"ListItem","position":3,"name":"Moderns Halo saderin\u0101\u0161an\u0101s gredzens ar bumbierveida dimantu (1.00 ct)"}]},{"@type":"WebSite","@id":"https:\/\/fashiongold.lt\/lv\/#website","url":"https:\/\/fashiongold.lt\/lv\/","name":"Fashion Gold","description":"Juvelyrikos namai","publisher":{"@id":"https:\/\/fashiongold.lt\/lv\/#organization"},"potentialAction":[{"@type":"SearchAction","target":{"@type":"EntryPoint","urlTemplate":"https:\/\/fashiongold.lt\/lv\/?s={search_term_string}"},"query-input":{"@type":"PropertyValueSpecification","valueRequired":true,"valueName":"search_term_string"}}],"inLanguage":"lv-LV"},{"@type":"Organization","@id":"https:\/\/fashiongold.lt\/lv\/#organization","name":"Topdiamonds Online","url":"https:\/\/fashiongold.lt\/lv\/","logo":{"@type":"ImageObject","inLanguage":"lv-LV","@id":"https:\/\/fashiongold.lt\/lv\/#\/schema\/logo\/image\/","url":"https:\/\/fashiongold.lt\/wp-content\/uploads\/2025\/04\/cropped-fashion_gold_logotipas2-scaled-1.png","contentUrl":"https:\/\/fashiongold.lt\/wp-content\/uploads\/2025\/04\/cropped-fashion_gold_logotipas2-scaled-1.png","width":2559,"height":421,"caption":"Topdiamonds Online"},"image":{"@id":"https:\/\/fashiongold.lt\/lv\/#\/schema\/logo\/image\/"}}]}},"_links":{"self":[{"href":"https:\/\/fashiongold.lt\/lv\/wp-json\/wp\/v2\/product\/296199","targetHints":{"allow":["GET"]}}],"collection":[{"href":"https:\/\/fashiongold.lt\/lv\/wp-json\/wp\/v2\/product"}],"about":[{"href":"https:\/\/fashiongold.lt\/lv\/wp-json\/wp\/v2\/types\/product"}],"version-history":[{"count":0,"href":"https:\/\/fashiongold.lt\/lv\/wp-json\/wp\/v2\/product\/296199\/revisions"}],"wp:featuredmedia":[{"embeddable":true,"href":"https:\/\/fashiongold.lt\/lv\/wp-json\/wp\/v2\/media\/17567"}],"wp:attachment":[{"href":"https:\/\/fashiongold.lt\/lv\/wp-json\/wp\/v2\/media?parent=296199"}],"wp:term":[{"taxonomy":"product_brand","embeddable":true,"href":"https:\/\/fashiongold.lt\/lv\/wp-json\/wp\/v2\/product_brand?post=296199"},{"taxonomy":"product_cat","embeddable":true,"href":"https:\/\/fashiongold.lt\/lv\/wp-json\/wp\/v2\/product_cat?post=296199"},{"taxonomy":"product_tag","embeddable":true,"href":"https:\/\/fashiongold.lt\/lv\/wp-json\/wp\/v2\/product_tag?post=296199"}],"curies":[{"name":"wp","href":"https:\/\/api.w.org\/{rel}","templated":true}]}}