{"id":296789,"date":"2025-07-09T10:21:50","date_gmt":"2025-07-09T10:21:50","guid":{"rendered":"https:\/\/fashiongold.lt\/papuosalas\/moderns-saderinasanas-gredzens-ar-marquise-dimantu-1-15-ct\/"},"modified":"2026-02-21T08:20:52","modified_gmt":"2026-02-21T08:20:52","slug":"moderns-saderinasanas-gredzens-ar-marquise-dimantu-1-15-ct","status":"publish","type":"product","link":"https:\/\/fashiongold.lt\/lv\/rotaslieta\/moderns-saderinasanas-gredzens-ar-marquise-dimantu-1-15-ct\/","title":{"rendered":"Moderns saderin\u0101\u0161an\u0101s gredzens ar Marquise dimantu (1.15 ct)"},"content":{"rendered":"<p><span data-sheets-root=\"1\">Izgatavots ar visliel\u0101ko r\u016bp\u012bbu un uzman\u012bbu pret deta\u013c\u0101m, iev\u0113rojot augst\u0101kos juvelierizstr\u0101d\u0101jumu ra\u017eo\u0161anas standartus. P\u0113c v\u0113l\u0113\u0161an\u0101s gredzenu var piel\u0101got individu\u0101li \u2013 ar augst\u0101kas kvalit\u0101tes dimantiem par papildu samaksu.<\/span><\/p>\n<p>\u2022 <strong><a href=\"https:\/\/fashiongold.lt\/lv\/patarimai-lv\/kada-zelta-prove-ir-vislabaka-ka-izveleties-piemerotako-saderinasanas-vai-laulibu-gredzenu\/\" target=\"_blank\" rel=\"noopener\">D\u0101rgmet\u0101li<\/a><\/strong>: 14K (585 prove), 18K (750 prove), 900 plat\u012bns<br \/>\n\u2022 <strong><a href=\"https:\/\/fashiongold.lt\/lv\/patarimai-lv\/saderinasanas-un-laulibu-gredzenu-zelta-krasa-baltais-sarkanais-vai-dzeltenais-zelts\/\" target=\"_blank\" rel=\"noopener\">Pieejam\u0101s zelta kr\u0101sas<\/a><\/strong>: balts, sarkans, dzeltens<br \/>\n\u2022 <strong><a href=\"https:\/\/fashiongold.lt\/lv\/patarimai-lv\/gredzeni-ar-dimantiem-gredzena-zelta-svars-un-dimantu-svars-karatos-ka-izveleties-piemerotako-ieteikumi-ka-saprast-un-novertet\/\" target=\"_blank\" rel=\"noopener\">Aptuvenais gredzena svars<\/a><\/strong>: <span data-sheets-root=\"1\">aptuveni 2.00 g &#8211; 3.00 g<\/span><br \/>\n\u2022 <span data-sheets-root=\"1\"><a href=\"https:\/\/fashiongold.lt\/lv\/patarimai-lv\/saderinasanas-gredzeni-perfektu-proporciju-noslepums-kapec-dazi-gredzeni-ar-dimantiem-izskatas-greznak\/\" target=\"_blank\" rel=\"noopener\"><strong>Kro\u0146a platums<\/strong><\/a>:<\/span> aptuveni <span data-sheets-root=\"1\">10 mm x 5 mm<\/span><br \/>\n\u2022 <strong><a href=\"https:\/\/fashiongold.lt\/lv\/patarimai-lv\/dimants-citas-dimanta-formas\/\" target=\"_blank\" rel=\"noopener\">Dimanta forma un sl\u012bp\u0113jums<\/a><\/strong>: <span data-sheets-root=\"1\">Mark\u012bzes formas (<em>Marquise cut<\/em>)<\/span><br \/>\n\u2022 <strong><a href=\"https:\/\/fashiongold.lt\/lv\/patarimai-lv\/dimants-dabigs-laboratorija-audzets-vai-maksligs-ka-izveleties-pareizi\/\" target=\"_blank\" rel=\"noopener\">Dimanta izcelsme<\/a><\/strong>: Laboratorij\u0101 audz\u0113ts dimants vai dab\u012bgs dimants<br \/>\n\u2022 <strong><a href=\"https:\/\/fashiongold.lt\/lv\/patarimai-lv\/dimants-ka-tiek-verteta-vertigaka-dargakmens-grezniba\/\" target=\"_blank\" rel=\"noopener\">Dimanta svars un raksturojums<\/a><\/strong> (var main\u012bt):<br \/>\nLaboratorij\u0101 audz\u0113ts dimants ar IGI sertifik\u0101tu: <span data-sheets-root=\"1\">1.00<\/span>\u00a0ct dimants (kr\u0101sa D-E, dzidrums VVS)<br \/>\nDab\u012bgs dimants ar GIA sertifik\u0101tu: <span data-sheets-root=\"1\">1.00<\/span>\u00a0ct dimants (kr\u0101sa G-I, dzidrums SI)<br \/>\n<span data-sheets-root=\"1\">Dimanti gredzena st\u012bpi\u0146\u0101 (var main\u012bt):\u00a0 aptuveni 0.014 ct laboratorij\u0101 audz\u0113ti vai dab\u012bgi<br \/>\nKop\u0113jais dimantu svars: 1.15 ct<\/span><br \/>\n\u2022 Vienreiz\u0113ja bezmaksas <strong><a href=\"https:\/\/fashiongold.lt\/lv\/patarimai-lv\/saderinasanas-gredzeni-vai-gredzenu-var-iegravet-detalas-kas-pieskir-jusu-saderinasanas-gredzenam-individualitati\/\" target=\"_blank\" rel=\"noopener\">grav\u0113\u0161ana<\/a><\/strong><br \/>\n\u2022 Vienreiz\u0113ja bezmaksas <strong><a href=\"https:\/\/fashiongold.lt\/lv\/patarimai-lv\/saderinasanas-gredzeni-bezmaksas-izmera-pielagosana-lai-gredzens-deretu-ideali\/\" target=\"_blank\" rel=\"noopener\">gredzena izm\u0113ra mai\u0146a<\/a><br \/>\n<\/strong>\u2022 Saderin\u0101\u0161an\u0101s gredzena iek\u0161puse ir ar <strong><a href=\"https:\/\/fashiongold.lt\/lv\/patarimai-lv\/gredzena-komforta-zona-vai-gredzena-ertums\/\" target=\"_blank\" rel=\"noopener\">komforta zonu<\/a><\/strong><br \/>\n\u2022 <strong><a href=\"https:\/\/fashiongold.lt\/lv\/piegade-un-atgriesana\/\" target=\"_blank\" rel=\"noopener\">Izgatavo\u0161anas un pieg\u0101des termi\u0146\u0161<\/a><\/strong>: no 14 darba dien\u0101m, steidzam\u012bbas k\u0101rt\u0101 7 d.d. laik\u0101<\/p>\n<p>Vai v\u0113laties main\u012bt dimanta izm\u0113ru, kr\u0101su vai dzidruma klasi? Visu varam piel\u0101got j\u016bsu v\u0113lm\u0113m. Jums ir savs d\u0101rgakmens vai zelts? <strong><a href=\"https:\/\/fashiongold.lt\/lv\/kontakti\/\" target=\"_blank\" rel=\"noopener\">Sazinieties<\/a><\/strong> un m\u0113s p\u0101rr\u0113\u0137in\u0101sim cenu \u2013 maks\u0101siet tikai par juveliera darbu!\u00a0<br data-start=\"583\" data-end=\"586\" \/>Atkl\u0101jiet pla\u0161o juvelierizstr\u0101d\u0101jumu ar dimantiem kl\u0101stu un radiet savu sap\u0146u rotaslietu ar <a href=\"https:\/\/fashiongold.lt\/lv\/\" target=\"_blank\" rel=\"noopener\">FashionGold.lt<\/a>.<\/p>\n","protected":false},"excerpt":{"rendered":"<h2 data-start=\"5245\" data-end=\"5382\">Moderns saderin\u0101\u0161an\u0101s gredzens ar <em>Marquise<\/em> sl\u012bp\u0113juma dimantu \u2013 izteiksm\u012bgs siluets, kas rada emocion\u0101lu un vizu\u0101lu eleganci<\/h2>\n<p data-start=\"5245\" data-end=\"5382\">\u0160im modernajam saderin\u0101\u0161an\u0101s gredzenam rakstur\u012bgs plastisks, izteiksm\u012bgs siluets. <em>Marquise<\/em> sl\u012bp\u0113juma centr\u0101lajam akmenim t\u0101 piliena\u2013acs formas d\u0113\u013c ir ne tikai est\u0113tiska, bet ar\u012b simboliska noz\u012bme \u2014 tas bie\u017ei tiek saist\u012bts ar rado\u0161umu un j\u016bt\u012bgumu. 1.15 ct modelis saglab\u0101 lielisku l\u012bdzsvaru starp izm\u0113ru un vieglumu, t\u0101d\u0113\u013c centr\u0101lais akmens izskat\u0101s iespaid\u012bgi, ta\u010du nep\u0101rs\u0101tina dizainu. Gredzena st\u012bpi\u0146\u0101 izvietotie mazie dimanti smalki papildina galven\u0101 akmens pailgumu un gaismas virzienu.<\/p>\n<h3 data-start=\"5245\" data-end=\"5382\">Saderin\u0101\u0161an\u0101s gredzens person\u012bbai, kura v\u0113las formu ar dv\u0113seli<\/h3>\n<p data-start=\"5245\" data-end=\"5382\">Mar\u0137\u012bzes formas dimants sev\u012b nes v\u0113sturi, raksturu un emocijas. Tas izce\u013cas ar savu formu, ta\u010du mirdz \u012bpa\u0161i sievi\u0161\u0137\u012bgi un maigi. Tas ir saderin\u0101\u0161an\u0101s gredzens cilv\u0113kam, kuram svar\u012bgs ir ne tikai skaistums, bet ar\u012b formas noz\u012bme: virziens, simbolika un elegance, kurai ir sava balss.<\/p>\n","protected":false},"featured_media":19204,"template":"","meta":{"site-sidebar-layout":"default","site-content-layout":"","ast-site-content-layout":"default","site-content-style":"default","site-sidebar-style":"default","ast-global-header-display":"","ast-banner-title-visibility":"","ast-main-header-display":"","ast-hfb-above-header-display":"","ast-hfb-below-header-display":"","ast-hfb-mobile-header-display":"","site-post-title":"","ast-breadcrumbs-content":"","ast-featured-img":"","footer-sml-layout":"","ast-disable-related-posts":"","theme-transparent-header-meta":"default","adv-header-id-meta":"","stick-header-meta":"","header-above-stick-meta":"","header-main-stick-meta":"","header-below-stick-meta":"","astra-migrate-meta-layouts":"default","ast-page-background-enabled":"default","ast-page-background-meta":{"desktop":{"background-color":"var(--ast-global-color-4)","background-image":"","background-repeat":"repeat","background-position":"center center","background-size":"auto","background-attachment":"scroll","background-type":"","background-media":"","overlay-type":"","overlay-color":"","overlay-opacity":"","overlay-gradient":""},"tablet":{"background-color":"","background-image":"","background-repeat":"repeat","background-position":"center center","background-size":"auto","background-attachment":"scroll","background-type":"","background-media":"","overlay-type":"","overlay-color":"","overlay-opacity":"","overlay-gradient":""},"mobile":{"background-color":"","background-image":"","background-repeat":"repeat","background-position":"center center","background-size":"auto","background-attachment":"scroll","background-type":"","background-media":"","overlay-type":"","overlay-color":"","overlay-opacity":"","overlay-gradient":""}},"ast-content-background-meta":{"desktop":{"background-color":"var(--ast-global-color-5)","background-image":"","background-repeat":"repeat","background-position":"center center","background-size":"auto","background-attachment":"scroll","background-type":"","background-media":"","overlay-type":"","overlay-color":"","overlay-opacity":"","overlay-gradient":""},"tablet":{"background-color":"var(--ast-global-color-5)","background-image":"","background-repeat":"repeat","background-position":"center center","background-size":"auto","background-attachment":"scroll","background-type":"","background-media":"","overlay-type":"","overlay-color":"","overlay-opacity":"","overlay-gradient":""},"mobile":{"background-color":"var(--ast-global-color-5)","background-image":"","background-repeat":"repeat","background-position":"center center","background-size":"auto","background-attachment":"scroll","background-type":"","background-media":"","overlay-type":"","overlay-color":"","overlay-opacity":"","overlay-gradient":""}}},"product_brand":[],"product_cat":[3441,2919,2921,2923,3442,3042,3504,3465,3439,3759,3962,3560,2979,3443,2936],"product_tag":[],"class_list":{"0":"post-296789","1":"product","2":"type-product","3":"status-publish","4":"has-post-thumbnail","6":"product_cat-balta-zelta-saderinasanas-gredzeni","7":"product_cat-baltzelta-rotaslietas","8":"product_cat-davanas-ipasiem-gadijumiem","9":"product_cat-dzeltena-zelta-juvelierizstradajumi","10":"product_cat-dzeltena-zelta-saderinasanas-gredzeni","11":"product_cat-juvelierizstradajumi","12":"product_cat-juvelierizstradajumi-ar-laboratorija-audzetiem-dimantiem","13":"product_cat-moderni-saderinasanas-gredzeni","14":"product_cat-saderinasanas-gredzeni","15":"product_cat-saderinasanas-gredzeni-ar-1-karata-dimantu","16":"product_cat-saderinasanas-gredzeni-ar-dimantu","17":"product_cat-saderinasanas-gredzeni-ar-laboratorijas-dimantiem","18":"product_cat-sarkana-zelta-juvelierizstradajumi","19":"product_cat-sarkana-zelta-saderinasanas-gredzeni","20":"product_cat-valentindienas-davanas","21":"desktop-align-center","22":"tablet-align-left","23":"mobile-align-left","24":"ast-product-gallery-layout-horizontal-slider","25":"ast-product-single-variable","26":"ast-product-tabs-layout-accordion","27":"ast-qv-on-image","29":"first","30":"instock","31":"taxable","32":"shipping-taxable","33":"purchasable","34":"product-type-variable"},"yoast_head":"<!-- This site is optimized with the Yoast SEO plugin v26.6 - https:\/\/yoast.com\/wordpress\/plugins\/seo\/ -->\n<title>Moderns saderin\u0101\u0161an\u0101s gredzens ar Marquise dimantu (1.15 ct)<\/title>\n<meta name=\"description\" content=\"Moderns saderin\u0101\u0161an\u0101s gredzens ar dimantiem \u2013 eleganta un izsmalcin\u0101ta izv\u0113le ar centr\u0101 mirdzo\u0161u mar\u0137\u012bzes formas dimantu un inkrust\u0113tu st\u012bpi\u0146u.\" \/>\n<meta name=\"robots\" content=\"index, follow, max-snippet:-1, max-image-preview:large, max-video-preview:-1\" \/>\n<link rel=\"canonical\" href=\"https:\/\/fashiongold.lt\/lv\/rotaslieta\/moderns-saderinasanas-gredzens-ar-marquise-dimantu-1-15-ct\/\" \/>\n<meta property=\"og:locale\" content=\"lv_LV\" \/>\n<meta property=\"og:type\" content=\"article\" \/>\n<meta property=\"og:title\" content=\"Moderns saderin\u0101\u0161an\u0101s gredzens ar Marquise dimantu (1.15 ct)\" \/>\n<meta property=\"og:description\" content=\"Moderns saderin\u0101\u0161an\u0101s gredzens ar dimantiem \u2013 eleganta un izsmalcin\u0101ta izv\u0113le ar centr\u0101 mirdzo\u0161u mar\u0137\u012bzes formas dimantu un inkrust\u0113tu st\u012bpi\u0146u.\" \/>\n<meta property=\"og:url\" content=\"https:\/\/fashiongold.lt\/lv\/rotaslieta\/moderns-saderinasanas-gredzens-ar-marquise-dimantu-1-15-ct\/\" \/>\n<meta property=\"og:site_name\" content=\"FashionGold.lt\" \/>\n<meta property=\"article:modified_time\" content=\"2026-02-21T08:20:52+00:00\" \/>\n<meta property=\"og:image\" content=\"https:\/\/fashiongold.lt\/wp-content\/uploads\/2025\/06\/TDO-1270-modernus-suzadetuviu-ziedas-su-deimantu-marquise-cut-9.jpg\" \/>\n\t<meta property=\"og:image:width\" content=\"800\" \/>\n\t<meta property=\"og:image:height\" content=\"800\" \/>\n\t<meta property=\"og:image:type\" content=\"image\/jpeg\" \/>\n<meta name=\"twitter:card\" content=\"summary_large_image\" \/>\n<meta name=\"twitter:label1\" content=\"Est. reading time\" \/>\n\t<meta name=\"twitter:data1\" content=\"1 minute\" \/>\n<script type=\"application\/ld+json\" class=\"yoast-schema-graph\">{\"@context\":\"https:\/\/schema.org\",\"@graph\":[{\"@type\":\"WebPage\",\"@id\":\"https:\/\/fashiongold.lt\/lv\/rotaslieta\/moderns-saderinasanas-gredzens-ar-marquise-dimantu-1-15-ct\/\",\"url\":\"https:\/\/fashiongold.lt\/lv\/rotaslieta\/moderns-saderinasanas-gredzens-ar-marquise-dimantu-1-15-ct\/\",\"name\":\"Moderns saderin\u0101\u0161an\u0101s gredzens ar Marquise dimantu (1.15 ct)\",\"isPartOf\":{\"@id\":\"https:\/\/fashiongold.lt\/lv\/#website\"},\"primaryImageOfPage\":{\"@id\":\"https:\/\/fashiongold.lt\/lv\/rotaslieta\/moderns-saderinasanas-gredzens-ar-marquise-dimantu-1-15-ct\/#primaryimage\"},\"image\":{\"@id\":\"https:\/\/fashiongold.lt\/lv\/rotaslieta\/moderns-saderinasanas-gredzens-ar-marquise-dimantu-1-15-ct\/#primaryimage\"},\"thumbnailUrl\":\"https:\/\/fashiongold.lt\/wp-content\/uploads\/2025\/06\/TDO-1270-modernus-suzadetuviu-ziedas-su-deimantu-marquise-cut-9.jpg\",\"datePublished\":\"2025-07-09T10:21:50+00:00\",\"dateModified\":\"2026-02-21T08:20:52+00:00\",\"description\":\"Moderns saderin\u0101\u0161an\u0101s gredzens ar dimantiem \u2013 eleganta un izsmalcin\u0101ta izv\u0113le ar centr\u0101 mirdzo\u0161u mar\u0137\u012bzes formas dimantu un inkrust\u0113tu st\u012bpi\u0146u.\",\"breadcrumb\":{\"@id\":\"https:\/\/fashiongold.lt\/lv\/rotaslieta\/moderns-saderinasanas-gredzens-ar-marquise-dimantu-1-15-ct\/#breadcrumb\"},\"inLanguage\":\"lv-LV\",\"potentialAction\":[{\"@type\":\"ReadAction\",\"target\":[\"https:\/\/fashiongold.lt\/lv\/rotaslieta\/moderns-saderinasanas-gredzens-ar-marquise-dimantu-1-15-ct\/\"]}]},{\"@type\":\"ImageObject\",\"inLanguage\":\"lv-LV\",\"@id\":\"https:\/\/fashiongold.lt\/lv\/rotaslieta\/moderns-saderinasanas-gredzens-ar-marquise-dimantu-1-15-ct\/#primaryimage\",\"url\":\"https:\/\/fashiongold.lt\/wp-content\/uploads\/2025\/06\/TDO-1270-modernus-suzadetuviu-ziedas-su-deimantu-marquise-cut-9.jpg\",\"contentUrl\":\"https:\/\/fashiongold.lt\/wp-content\/uploads\/2025\/06\/TDO-1270-modernus-suzadetuviu-ziedas-su-deimantu-marquise-cut-9.jpg\",\"width\":800,\"height\":800,\"caption\":\"Modernus su\u017ead\u0117tuvi\u0173 \u017eiedas su deimantu i\u0161 balto aukso arba platinos - marquise cut\"},{\"@type\":\"BreadcrumbList\",\"@id\":\"https:\/\/fashiongold.lt\/lv\/rotaslieta\/moderns-saderinasanas-gredzens-ar-marquise-dimantu-1-15-ct\/#breadcrumb\",\"itemListElement\":[{\"@type\":\"ListItem\",\"position\":1,\"name\":\"Home\",\"item\":\"https:\/\/fashiongold.lt\/lv\/\"},{\"@type\":\"ListItem\",\"position\":2,\"name\":\"Dimantu veikals Fashiongold.lt\",\"item\":\"https:\/\/fashiongold.lt\/shop-2\/\"},{\"@type\":\"ListItem\",\"position\":3,\"name\":\"Moderns saderin\u0101\u0161an\u0101s gredzens ar Marquise dimantu (1.15 ct)\"}]},{\"@type\":\"WebSite\",\"@id\":\"https:\/\/fashiongold.lt\/lv\/#website\",\"url\":\"https:\/\/fashiongold.lt\/lv\/\",\"name\":\"Fashion Gold\",\"description\":\"Juvelierizstr\u0101d\u0101jumu nams\",\"publisher\":{\"@id\":\"https:\/\/fashiongold.lt\/lv\/#organization\"},\"potentialAction\":[{\"@type\":\"SearchAction\",\"target\":{\"@type\":\"EntryPoint\",\"urlTemplate\":\"https:\/\/fashiongold.lt\/lv\/?s={search_term_string}\"},\"query-input\":{\"@type\":\"PropertyValueSpecification\",\"valueRequired\":true,\"valueName\":\"search_term_string\"}}],\"inLanguage\":\"lv-LV\"},{\"@type\":\"Organization\",\"@id\":\"https:\/\/fashiongold.lt\/lv\/#organization\",\"name\":\"Topdiamonds Online\",\"url\":\"https:\/\/fashiongold.lt\/lv\/\",\"logo\":{\"@type\":\"ImageObject\",\"inLanguage\":\"lv-LV\",\"@id\":\"https:\/\/fashiongold.lt\/lv\/#\/schema\/logo\/image\/\",\"url\":\"https:\/\/fashiongold.lt\/wp-content\/uploads\/2025\/04\/cropped-fashion_gold_logotipas2-scaled-1.png\",\"contentUrl\":\"https:\/\/fashiongold.lt\/wp-content\/uploads\/2025\/04\/cropped-fashion_gold_logotipas2-scaled-1.png\",\"width\":2559,\"height\":421,\"caption\":\"Topdiamonds Online\"},\"image\":{\"@id\":\"https:\/\/fashiongold.lt\/lv\/#\/schema\/logo\/image\/\"}}]}<\/script>\n<!-- \/ Yoast SEO plugin. -->","yoast_head_json":{"title":"Moderns saderin\u0101\u0161an\u0101s gredzens ar Marquise dimantu (1.15 ct)","description":"Moderns saderin\u0101\u0161an\u0101s gredzens ar dimantiem \u2013 eleganta un izsmalcin\u0101ta izv\u0113le ar centr\u0101 mirdzo\u0161u mar\u0137\u012bzes formas dimantu un inkrust\u0113tu st\u012bpi\u0146u.","robots":{"index":"index","follow":"follow","max-snippet":"max-snippet:-1","max-image-preview":"max-image-preview:large","max-video-preview":"max-video-preview:-1"},"canonical":"https:\/\/fashiongold.lt\/lv\/rotaslieta\/moderns-saderinasanas-gredzens-ar-marquise-dimantu-1-15-ct\/","og_locale":"lv_LV","og_type":"article","og_title":"Moderns saderin\u0101\u0161an\u0101s gredzens ar Marquise dimantu (1.15 ct)","og_description":"Moderns saderin\u0101\u0161an\u0101s gredzens ar dimantiem \u2013 eleganta un izsmalcin\u0101ta izv\u0113le ar centr\u0101 mirdzo\u0161u mar\u0137\u012bzes formas dimantu un inkrust\u0113tu st\u012bpi\u0146u.","og_url":"https:\/\/fashiongold.lt\/lv\/rotaslieta\/moderns-saderinasanas-gredzens-ar-marquise-dimantu-1-15-ct\/","og_site_name":"FashionGold.lt","article_modified_time":"2026-02-21T08:20:52+00:00","og_image":[{"width":800,"height":800,"url":"https:\/\/fashiongold.lt\/wp-content\/uploads\/2025\/06\/TDO-1270-modernus-suzadetuviu-ziedas-su-deimantu-marquise-cut-9.jpg","type":"image\/jpeg"}],"twitter_card":"summary_large_image","twitter_misc":{"Est. reading time":"1 minute"},"schema":{"@context":"https:\/\/schema.org","@graph":[{"@type":"WebPage","@id":"https:\/\/fashiongold.lt\/lv\/rotaslieta\/moderns-saderinasanas-gredzens-ar-marquise-dimantu-1-15-ct\/","url":"https:\/\/fashiongold.lt\/lv\/rotaslieta\/moderns-saderinasanas-gredzens-ar-marquise-dimantu-1-15-ct\/","name":"Moderns saderin\u0101\u0161an\u0101s gredzens ar Marquise dimantu (1.15 ct)","isPartOf":{"@id":"https:\/\/fashiongold.lt\/lv\/#website"},"primaryImageOfPage":{"@id":"https:\/\/fashiongold.lt\/lv\/rotaslieta\/moderns-saderinasanas-gredzens-ar-marquise-dimantu-1-15-ct\/#primaryimage"},"image":{"@id":"https:\/\/fashiongold.lt\/lv\/rotaslieta\/moderns-saderinasanas-gredzens-ar-marquise-dimantu-1-15-ct\/#primaryimage"},"thumbnailUrl":"https:\/\/fashiongold.lt\/wp-content\/uploads\/2025\/06\/TDO-1270-modernus-suzadetuviu-ziedas-su-deimantu-marquise-cut-9.jpg","datePublished":"2025-07-09T10:21:50+00:00","dateModified":"2026-02-21T08:20:52+00:00","description":"Moderns saderin\u0101\u0161an\u0101s gredzens ar dimantiem \u2013 eleganta un izsmalcin\u0101ta izv\u0113le ar centr\u0101 mirdzo\u0161u mar\u0137\u012bzes formas dimantu un inkrust\u0113tu st\u012bpi\u0146u.","breadcrumb":{"@id":"https:\/\/fashiongold.lt\/lv\/rotaslieta\/moderns-saderinasanas-gredzens-ar-marquise-dimantu-1-15-ct\/#breadcrumb"},"inLanguage":"lv-LV","potentialAction":[{"@type":"ReadAction","target":["https:\/\/fashiongold.lt\/lv\/rotaslieta\/moderns-saderinasanas-gredzens-ar-marquise-dimantu-1-15-ct\/"]}]},{"@type":"ImageObject","inLanguage":"lv-LV","@id":"https:\/\/fashiongold.lt\/lv\/rotaslieta\/moderns-saderinasanas-gredzens-ar-marquise-dimantu-1-15-ct\/#primaryimage","url":"https:\/\/fashiongold.lt\/wp-content\/uploads\/2025\/06\/TDO-1270-modernus-suzadetuviu-ziedas-su-deimantu-marquise-cut-9.jpg","contentUrl":"https:\/\/fashiongold.lt\/wp-content\/uploads\/2025\/06\/TDO-1270-modernus-suzadetuviu-ziedas-su-deimantu-marquise-cut-9.jpg","width":800,"height":800,"caption":"Modernus su\u017ead\u0117tuvi\u0173 \u017eiedas su deimantu i\u0161 balto aukso arba platinos - marquise cut"},{"@type":"BreadcrumbList","@id":"https:\/\/fashiongold.lt\/lv\/rotaslieta\/moderns-saderinasanas-gredzens-ar-marquise-dimantu-1-15-ct\/#breadcrumb","itemListElement":[{"@type":"ListItem","position":1,"name":"Home","item":"https:\/\/fashiongold.lt\/lv\/"},{"@type":"ListItem","position":2,"name":"Dimantu veikals Fashiongold.lt","item":"https:\/\/fashiongold.lt\/shop-2\/"},{"@type":"ListItem","position":3,"name":"Moderns saderin\u0101\u0161an\u0101s gredzens ar Marquise dimantu (1.15 ct)"}]},{"@type":"WebSite","@id":"https:\/\/fashiongold.lt\/lv\/#website","url":"https:\/\/fashiongold.lt\/lv\/","name":"Fashion Gold","description":"Juvelierizstr\u0101d\u0101jumu nams","publisher":{"@id":"https:\/\/fashiongold.lt\/lv\/#organization"},"potentialAction":[{"@type":"SearchAction","target":{"@type":"EntryPoint","urlTemplate":"https:\/\/fashiongold.lt\/lv\/?s={search_term_string}"},"query-input":{"@type":"PropertyValueSpecification","valueRequired":true,"valueName":"search_term_string"}}],"inLanguage":"lv-LV"},{"@type":"Organization","@id":"https:\/\/fashiongold.lt\/lv\/#organization","name":"Topdiamonds Online","url":"https:\/\/fashiongold.lt\/lv\/","logo":{"@type":"ImageObject","inLanguage":"lv-LV","@id":"https:\/\/fashiongold.lt\/lv\/#\/schema\/logo\/image\/","url":"https:\/\/fashiongold.lt\/wp-content\/uploads\/2025\/04\/cropped-fashion_gold_logotipas2-scaled-1.png","contentUrl":"https:\/\/fashiongold.lt\/wp-content\/uploads\/2025\/04\/cropped-fashion_gold_logotipas2-scaled-1.png","width":2559,"height":421,"caption":"Topdiamonds Online"},"image":{"@id":"https:\/\/fashiongold.lt\/lv\/#\/schema\/logo\/image\/"}}]}},"_links":{"self":[{"href":"https:\/\/fashiongold.lt\/lv\/wp-json\/wp\/v2\/product\/296789","targetHints":{"allow":["GET"]}}],"collection":[{"href":"https:\/\/fashiongold.lt\/lv\/wp-json\/wp\/v2\/product"}],"about":[{"href":"https:\/\/fashiongold.lt\/lv\/wp-json\/wp\/v2\/types\/product"}],"version-history":[{"count":0,"href":"https:\/\/fashiongold.lt\/lv\/wp-json\/wp\/v2\/product\/296789\/revisions"}],"wp:featuredmedia":[{"embeddable":true,"href":"https:\/\/fashiongold.lt\/lv\/wp-json\/wp\/v2\/media\/19204"}],"wp:attachment":[{"href":"https:\/\/fashiongold.lt\/lv\/wp-json\/wp\/v2\/media?parent=296789"}],"wp:term":[{"taxonomy":"product_brand","embeddable":true,"href":"https:\/\/fashiongold.lt\/lv\/wp-json\/wp\/v2\/product_brand?post=296789"},{"taxonomy":"product_cat","embeddable":true,"href":"https:\/\/fashiongold.lt\/lv\/wp-json\/wp\/v2\/product_cat?post=296789"},{"taxonomy":"product_tag","embeddable":true,"href":"https:\/\/fashiongold.lt\/lv\/wp-json\/wp\/v2\/product_tag?post=296789"}],"curies":[{"name":"wp","href":"https:\/\/api.w.org\/{rel}","templated":true}]}}